{"id":36406,"date":"2025-03-08T11:56:16","date_gmt":"2025-03-08T04:56:16","guid":{"rendered":"https:\/\/havamall.vn\/?post_type=product&#038;p=36406"},"modified":"2025-03-08T11:56:16","modified_gmt":"2025-03-08T04:56:16","slug":"banh-canh-cha-ca-ca-men-210g-bao-quan-dong-lanh-ca-men-foods","status":"publish","type":"product","link":"https:\/\/havamall.vn\/en\/shop\/banh-canh-cha-ca-ca-men-210g-bao-quan-dong-lanh-ca-men-foods\/","title":{"rendered":"B\u00e1nh Canh Ch\u1ea3 C\u00e1 C\u00e0 M\u00e9n 210g \u2013 B\u1ea3o Qu\u1ea3n \u0110\u00f4ng L\u1ea1nh C\u00e0 M\u00e8n Foods"},"content":{"rendered":"<p><strong>C\u00c0 M\u00c8N FOODS \u2013 H\u00c0NH TR\u00ccNH MANG \u1ea8M TH\u1ef0C VI\u1ec6T \u0110I MU\u00d4N PH\u01af\u01a0NG<\/strong><\/p>\n<p><strong>C\u00e0 M\u00e8n Foods<\/strong>\u00a0l\u00e0 m\u1ed9t th\u01b0\u01a1ng hi\u1ec7u \u1ea9m th\u1ef1c Vi\u1ec7t Nam, \u0111\u01b0\u1ee3c th\u00e0nh l\u1eadp v\u00e0o n\u0103m 2015 b\u1edfi nh\u00e0 s\u00e1ng l\u1eadp Nguy\u1ec5n \u0110\u1ee9c Nh\u1eadt Thu\u1eadn, v\u1edbi s\u1ee9 m\u1ec7nh mang \u1ea9m th\u1ef1c Qu\u1ea3ng Tr\u1ecb \u0111\u1ebfn v\u1edbi th\u1ef1c kh\u00e1ch trong v\u00e0 ngo\u00e0i n\u01b0\u1edbc. Th\u01b0\u01a1ng hi\u1ec7u n\u00e0y \u0111\u00e3 ph\u1ee5c v\u1ee5 h\u00e0ng tri\u1ec7u b\u1eefa \u0103n ch\u1ea5t l\u01b0\u1ee3ng, \u0111\u1eadm h\u01b0\u01a1ng v\u1ecb Qu\u1ea3ng Tr\u1ecb nh\u01b0 b\u00e1nh \u01b0\u1edbt Ph\u01b0\u01a1ng Lang, ch\u00e1o b\u1ed9t c\u00e1 l\u00f3c, ch\u00e1o b\u1ed9t v\u1ecbt, g\u00e0 b\u00f3p rau r\u0103m v\u00e0 mi\u1ebfn l\u01b0\u01a1n x\u00e0o.<\/p>\n<p><img fetchpriority=\"high\" decoding=\"async\" class=\"aligncenter\" src=\"https:\/\/havamall.vn\/wp-content\/uploads\/2025\/03\/logo_camenlogo-4.png\" width=\"958\" height=\"746\" \/><\/p>\n<p><strong>C\u00e0 M\u00e8n Foods<\/strong>\u00a0kh\u00f4ng ch\u1ec9 \u0111\u01a1n thu\u1ea7n l\u00e0 m\u1ed9t th\u01b0\u01a1ng hi\u1ec7u th\u1ef1c ph\u1ea9m, m\u00e0 c\u00f2n mang trong m\u00ecnh s\u1ee9 m\u1ec7nh lan t\u1ecfa tinh hoa \u1ea9m th\u1ef1c Vi\u1ec7t \u0111\u1ebfn kh\u1eafp n\u01a1i tr\u00ean th\u1ebf gi\u1edbi. V\u1edbi\u00a0<strong>t\u1ea7m nh\u00ecn<\/strong>\u00a0\u201c\u1ede \u0111\u00e2u c\u00f3 ng\u01b0\u1eddi Vi\u1ec7t, \u1edf \u0111\u00f3 c\u00f3 \u1ea9m th\u1ef1c Vi\u1ec7t,\u201d C\u00e0 M\u00e8n h\u01b0\u1edbng \u0111\u1ebfn vi\u1ec7c \u0111\u01b0a nh\u1eefng m\u00f3n \u0103n truy\u1ec1n th\u1ed1ng \u0111\u1ebfn g\u1ea7n h\u01a1n v\u1edbi c\u1ed9ng \u0111\u1ed3ng ng\u01b0\u1eddi Vi\u1ec7t xa qu\u00ea c\u0169ng nh\u01b0 gi\u1edbi thi\u1ec7u \u1ea9m th\u1ef1c Vi\u1ec7t Nam \u0111\u1ebfn b\u1ea1n b\u00e8 qu\u1ed1c t\u1ebf.<\/p>\n<p>B\u00ean c\u1ea1nh \u0111\u00f3, C\u00e0 M\u00e8n lu\u00f4n gi\u1eef v\u1eefng\u00a0<strong>gi\u00e1 tr\u1ecb c\u1ed1t l\u00f5i<\/strong>:<br \/>\n\u2714 Ch\u00e2n th\u00e0nh \u2013 T\u1eed t\u1ebf \u2013 Tinh th\u1ea7n kh\u1edfi nghi\u1ec7p<br \/>\n\u2714 Y\u00eau th\u01b0\u01a1ng v\u00e0 bi\u1ebft \u01a1n<br \/>\n\u2714 Ch\u1ea5t l\u01b0\u1ee3ng h\u00e0ng \u0111\u1ea7u<\/p>\n<p>\u0110\u1eb7t\u00a0<strong>s\u1ee9 m\u1ec7nh<\/strong>\u00a0\u201cMang \u1ea9m th\u1ef1c Vi\u1ec7t \u0111i mu\u00f4n ph\u01b0\u01a1ng\u201d l\u00e0m kim ch\u1ec9 nam, C\u00e0 M\u00e8n kh\u00f4ng ng\u1eebng \u0111\u1ed5i m\u1edbi, ph\u00e1t tri\u1ec3n v\u00e0 gi\u1eef v\u1eefng b\u1ea3n s\u1eafc d\u00e2n t\u1ed9c trong t\u1eebng s\u1ea3n ph\u1ea9m. T\u1eebng m\u00f3n \u0103n kh\u00f4ng ch\u1ec9 \u0111\u1ea3m b\u1ea3o ch\u1ea5t l\u01b0\u1ee3ng m\u00e0 c\u00f2n mang \u0111\u1eadm h\u01b0\u01a1ng v\u1ecb qu\u00ea h\u01b0\u01a1ng, gi\u00fap m\u1ecdi ng\u01b0\u1eddi d\u00f9 \u1edf b\u1ea5t c\u1ee9 \u0111\u00e2u c\u0169ng c\u00f3 th\u1ec3 th\u01b0\u1edfng th\u1ee9c h\u01b0\u01a1ng v\u1ecb Vi\u1ec7t Nam m\u1ed9t c\u00e1ch tr\u1ecdn v\u1eb9n nh\u1ea5t.<\/p>\n<p><img decoding=\"async\" class=\"aligncenter\" src=\"https:\/\/havamall.vn\/wp-content\/uploads\/2025\/03\/founder3.png\" width=\"962\" height=\"767\" \/><\/p>\n<h3 data-start=\"0\" data-end=\"72\"><strong data-start=\"4\" data-end=\"70\">B\u00c1NH CANH CH\u1ea2 C\u00c1 C\u00c0 M\u00c8N \u2013 H\u01af\u01a0NG V\u1eca BI\u1ec2N C\u1ea2 TRONG T\u1eeaNG S\u1ee2I B\u00c1NH<\/strong><\/h3>\n<p data-start=\"74\" data-end=\"181\"><strong data-start=\"74\" data-end=\"90\">Th\u01b0\u01a1ng hi\u1ec7u:<\/strong>\u00a0C\u00e0 M\u00e8n (Vi\u1ec7t Nam)<br data-start=\"108\" data-end=\"111\" \/><strong data-start=\"111\" data-end=\"129\">Lo\u1ea1i s\u1ea3n ph\u1ea9m:<\/strong>\u00a0B\u00e1nh canh ch\u1ea3 c\u00e1 \u0111\u00f4ng l\u1ea1nh<br data-start=\"156\" data-end=\"159\" \/><strong data-start=\"159\" data-end=\"174\">Kh\u1ed1i l\u01b0\u1ee3ng:<\/strong>\u00a0210g<\/p>\n<h3 data-start=\"183\" data-end=\"230\"><strong data-start=\"187\" data-end=\"228\">H\u01b0\u01a1ng v\u1ecb \u0111\u1eadm \u0111\u00e0 \u2013 Chu\u1ea9n v\u1ecb mi\u1ec1n Trung<\/strong><\/h3>\n<p data-start=\"231\" data-end=\"423\">B\u00e1nh canh ch\u1ea3 c\u00e1 C\u00e0 M\u00e8n mang \u0111\u1ebfn h\u01b0\u01a1ng v\u1ecb \u0111\u1eb7c tr\u01b0ng c\u1ee7a bi\u1ec3n c\u1ea3 v\u1edbi n\u01b0\u1edbc d\u00f9ng \u0111\u1eadm \u0111\u00e0, ch\u1ea3 c\u00e1 dai gi\u00f2n h\u1ea5p d\u1eabn. M\u00f3n \u0103n kh\u00f4ng ch\u1ec9 ngon mi\u1ec7ng m\u00e0 c\u00f2n b\u1ed5 d\u01b0\u1ee1ng, ph\u00f9 h\u1ee3p cho m\u1ecdi b\u1eefa \u0103n trong ng\u00e0y.<\/p>\n<h3><strong>Th\u00e0nh ph\u1ea7n tinh t\u00fay t\u1eeb thi\u00ean nhi\u00ean<\/strong><\/h3>\n<ul>\n<li><strong data-start=\"460\" data-end=\"485\">S\u1ee3i b\u00e1nh canh b\u1ed9t g\u1ea1o<\/strong>\u00a0\u2013 m\u1ec1m dai t\u1ef1 nhi\u00ean, kh\u00f4ng b\u1edf n\u00e1t khi n\u1ea5u<\/li>\n<li><strong data-start=\"531\" data-end=\"550\">Ch\u1ea3 c\u00e1 \u0111\u1eb7c bi\u1ec7t<\/strong>\u00a0\u2013 l\u00e0m t\u1eeb c\u00e1 t\u01b0\u01a1i, dai gi\u00f2n s\u1ea7n s\u1eadt, th\u01a1m ngon t\u1ef1 nhi\u00ean<\/li>\n<li><strong data-start=\"610\" data-end=\"634\">G\u00f3i n\u01b0\u1edbc d\u00f9ng c\u00f4 \u0111\u1eb7c<\/strong>\u00a0\u2013 h\u1ea7m t\u1eeb x\u01b0\u01a1ng c\u00e1, n\u00eam n\u1ebfm chu\u1ea9n v\u1ecb mi\u1ec1n Trung<\/li>\n<li><strong data-start=\"686\" data-end=\"706\">G\u00f3i h\u00e0nh ng\u00f2 kh\u00f4<\/strong>\u00a0\u2013 ti\u1ec7n l\u1ee3i, gi\u1eef tr\u1ecdn h\u01b0\u01a1ng th\u01a1m \u0111\u1eb7c tr\u01b0ng<\/li>\n<li><strong data-start=\"753\" data-end=\"778\">G\u00f3i t\u01b0\u01a1ng n\u00e9m &amp; sa t\u1ebf<\/strong>\u00a0\u2013 gi\u00fap t\u0103ng th\u00eam v\u1ecb \u0111\u1eadm \u0111\u00e0 v\u00e0 cay n\u1ed3ng theo s\u1edf th\u00edch<\/li>\n<\/ul>\n<p>\u0102n k\u00e8m v\u1edbi rau \u0111\u1eafng, c\u1ea3i non, th\u00eam ch\u00fat h\u00e0nh ng\u00f2, rau r\u0103m \u0111\u1ec3 m\u00f3n \u0103n tr\u00f2n v\u1ecb.<\/p>\n<p><img decoding=\"async\" class=\"aligncenter\" src=\"https:\/\/havamall.vn\/wp-content\/uploads\/2025\/03\/vn-11134207-7ras8-m1mldl3mdltr8f.jpg\" width=\"1004\" height=\"1004\" \/><\/p>\n<h3 data-start=\"835\" data-end=\"861\"><strong data-start=\"839\" data-end=\"859\">\u0110\u1eb7c \u0111i\u1ec3m n\u1ed5i b\u1eadt<\/strong><\/h3>\n<p data-start=\"862\" data-end=\"1045\">\u2714 Nguy\u00ean li\u1ec7u t\u01b0\u01a1i ngon, kh\u00f4ng ch\u1ea5t b\u1ea3o qu\u1ea3n<br data-start=\"906\" data-end=\"909\" \/>\u2714 H\u01b0\u01a1ng v\u1ecb \u0111\u1eadm \u0111\u00e0, \u0111\u00fang chu\u1ea9n b\u00e1nh canh ch\u1ea3 c\u00e1 mi\u1ec1n Trung<br data-start=\"966\" data-end=\"969\" \/>\u2714 Ti\u1ec7n l\u1ee3i, d\u1ec5 ch\u1ebf bi\u1ebfn, ch\u1ec9 m\u1ea5t v\u00e0i ph\u00fat \u0111\u1ec3 c\u00f3 ngay t\u00f4 b\u00e1nh canh n\u00f3ng h\u1ed5i<\/p>\n<h3><strong>H\u01b0\u1edbng d\u1eabn s\u1eed d\u1ee5ng<\/strong><\/h3>\n<ul>\n<li data-start=\"1076\" data-end=\"1131\"><strong data-start=\"1079\" data-end=\"1099\">R\u00e3 \u0111\u00f4ng s\u1ea3n ph\u1ea9m<\/strong>\u00a0kho\u1ea3ng 30 ph\u00fat tr\u01b0\u1edbc khi n\u1ea5u.<\/li>\n<li data-start=\"1132\" data-end=\"1199\">Pha t\u00fai n\u01b0\u1edbc c\u1ed1t v\u1edbi n\u01b0\u1edbc s\u00f4i theo t\u1ec9 l\u1ec7 1:1 \u0111\u1ec3 l\u00e0m n\u01b0\u1edbc d\u00f9ng.<\/li>\n<li data-start=\"1200\" data-end=\"1317\">\u0110un s\u00f4i n\u01b0\u1edbc d\u00f9ng trong 2 ph\u00fat, sau \u0111\u00f3 cho s\u1ee3i b\u00e1nh canh v\u00e0 ch\u1ea3 c\u00e1 v\u00e0o, n\u1ea5u th\u00eam 3-5 ph\u00fat \u0111\u1ebfn khi b\u00e1nh canh m\u1ec1m.<\/li>\n<li data-start=\"1318\" data-end=\"1378\">R\u1eafc h\u00e0nh ng\u00f2, th\u00eam t\u01b0\u01a1ng n\u00e9m v\u00e0 sa t\u1ebf \u0111\u1ec3 t\u0103ng h\u01b0\u01a1ng v\u1ecb.<\/li>\n<\/ul>\n<p><img loading=\"lazy\" decoding=\"async\" class=\"aligncenter\" src=\"https:\/\/havamall.vn\/wp-content\/uploads\/2025\/03\/co-gi-hap-dan-trong-to-banh-canh-cha-ca-nha-trang-1623777220.jpg\" width=\"1014\" height=\"676\" \/><\/p>\n<h3><strong>B\u1ea3o qu\u1ea3n<\/strong><\/h3>\n<ul>\n<li>B\u1ea3o qu\u1ea3n \u1edf ng\u0103n \u0111\u00f4ng t\u1ee7 l\u1ea1nh.<\/li>\n<li>S\u1eed d\u1ee5ng t\u1ed1t nh\u1ea5t trong v\u00f2ng 30 ng\u00e0y.<\/li>\n<\/ul>\n<h3><strong>Mua B\u00e1nh Canh C\u00e1 L\u00f3c C\u00e0 M\u00e8n \u1ede \u0110\u00e2u?<\/strong><\/h3>\n<p>N\u1ebfu b\u1ea1n \u0111ang t\u00ecm mua b\u00e1nh canh c\u00e1 l\u00f3c C\u00e0 M\u00e8n t\u1ea1i TP.HCM, h\u00e3y gh\u00e9 ngay\u00a0<strong>Havamall<\/strong>. T\u1ea1i \u0111\u00e2y, b\u1ea1n s\u1ebd d\u1ec5 d\u00e0ng ch\u1ecdn \u0111\u01b0\u1ee3c s\u1ea3n ph\u1ea9m \u0111\u1ea1t chu\u1ea9n ch\u1ea5t l\u01b0\u1ee3ng, an t\u00e2m v\u1ec1 ngu\u1ed3n g\u1ed1c v\u1edbi m\u1ee9c gi\u00e1 t\u1ed1t nh\u1ea5t.<\/p>","protected":false},"excerpt":{"rendered":"<p>C\u00c0 M\u00c8N FOODS \u2013 H\u00c0NH TR\u00ccNH MANG \u1ea8M TH\u1ef0C VI\u1ec6T \u0110I MU\u00d4N PH\u01af\u01a0NG C\u00e0 M\u00e8n Foods\u00a0l\u00e0 m\u1ed9t th\u01b0\u01a1ng hi\u1ec7u \u1ea9m<\/p>","protected":false},"featured_media":36408,"comment_status":"open","ping_status":"closed","template":"","meta":[],"product_brand":[],"product_cat":[626],"product_tag":[],"class_list":{"0":"post-36406","1":"product","2":"type-product","3":"status-publish","4":"has-post-thumbnail","6":"product_cat-het-hang","7":"pa_brand-ca-men","9":"first","10":"instock","11":"sale","12":"shipping-taxable","13":"purchasable","14":"product-type-simple"},"_links":{"self":[{"href":"https:\/\/havamall.vn\/en\/wp-json\/wp\/v2\/product\/36406"}],"collection":[{"href":"https:\/\/havamall.vn\/en\/wp-json\/wp\/v2\/product"}],"about":[{"href":"https:\/\/havamall.vn\/en\/wp-json\/wp\/v2\/types\/product"}],"replies":[{"embeddable":true,"href":"https:\/\/havamall.vn\/en\/wp-json\/wp\/v2\/comments?post=36406"}],"version-history":[{"count":0,"href":"https:\/\/havamall.vn\/en\/wp-json\/wp\/v2\/product\/36406\/revisions"}],"wp:featuredmedia":[{"embeddable":true,"href":"https:\/\/havamall.vn\/en\/wp-json\/wp\/v2\/media\/36408"}],"wp:attachment":[{"href":"https:\/\/havamall.vn\/en\/wp-json\/wp\/v2\/media?parent=36406"}],"wp:term":[{"taxonomy":"product_brand","embeddable":true,"href":"https:\/\/havamall.vn\/en\/wp-json\/wp\/v2\/product_brand?post=36406"},{"taxonomy":"product_cat","embeddable":true,"href":"https:\/\/havamall.vn\/en\/wp-json\/wp\/v2\/product_cat?post=36406"},{"taxonomy":"product_tag","embeddable":true,"href":"https:\/\/havamall.vn\/en\/wp-json\/wp\/v2\/product_tag?post=36406"}],"curies":[{"name":"wp","href":"https:\/\/api.w.org\/{rel}","templated":true}]}}