{"id":36399,"date":"2025-03-08T11:48:40","date_gmt":"2025-03-08T04:48:40","guid":{"rendered":"https:\/\/havamall.vn\/?post_type=product&#038;p=36399"},"modified":"2025-03-08T11:48:40","modified_gmt":"2025-03-08T04:48:40","slug":"mien-luon-ca-men-100g-bao-quan-dong-lanh-ca-men-foods","status":"publish","type":"product","link":"https:\/\/havamall.vn\/en\/shop\/mien-luon-ca-men-100g-bao-quan-dong-lanh-ca-men-foods\/","title":{"rendered":"Mi\u1ebfn L\u01b0\u01a1n C\u00e0 M\u00e8n 100g \u2013 B\u1ea3o qu\u1ea3n \u0111\u00f4ng l\u1ea1nh C\u00e0 M\u00e8n Foods"},"content":{"rendered":"<p><strong>C\u00c0 M\u00c8N FOODS \u2013 H\u00c0NH TR\u00ccNH MANG \u1ea8M TH\u1ef0C VI\u1ec6T \u0110I MU\u00d4N PH\u01af\u01a0NG<\/strong><\/p>\n<p><strong>C\u00e0 M\u00e8n Foods<\/strong>\u00a0l\u00e0 m\u1ed9t th\u01b0\u01a1ng hi\u1ec7u \u1ea9m th\u1ef1c Vi\u1ec7t Nam, \u0111\u01b0\u1ee3c th\u00e0nh l\u1eadp v\u00e0o n\u0103m 2015 b\u1edfi nh\u00e0 s\u00e1ng l\u1eadp Nguy\u1ec5n \u0110\u1ee9c Nh\u1eadt Thu\u1eadn, v\u1edbi s\u1ee9 m\u1ec7nh mang \u1ea9m th\u1ef1c Qu\u1ea3ng Tr\u1ecb \u0111\u1ebfn v\u1edbi th\u1ef1c kh\u00e1ch trong v\u00e0 ngo\u00e0i n\u01b0\u1edbc. Th\u01b0\u01a1ng hi\u1ec7u n\u00e0y \u0111\u00e3 ph\u1ee5c v\u1ee5 h\u00e0ng tri\u1ec7u b\u1eefa \u0103n ch\u1ea5t l\u01b0\u1ee3ng, \u0111\u1eadm h\u01b0\u01a1ng v\u1ecb Qu\u1ea3ng Tr\u1ecb nh\u01b0 b\u00e1nh \u01b0\u1edbt Ph\u01b0\u01a1ng Lang, ch\u00e1o b\u1ed9t c\u00e1 l\u00f3c, ch\u00e1o b\u1ed9t v\u1ecbt, g\u00e0 b\u00f3p rau r\u0103m v\u00e0 mi\u1ebfn l\u01b0\u01a1n x\u00e0o.<\/p>\n<p><img fetchpriority=\"high\" decoding=\"async\" class=\"aligncenter\" src=\"https:\/\/havamall.vn\/wp-content\/uploads\/2025\/03\/logo_camenlogo-4.png\" width=\"958\" height=\"746\" \/><\/p>\n<p><strong>C\u00e0 M\u00e8n Foods<\/strong>\u00a0kh\u00f4ng ch\u1ec9 \u0111\u01a1n thu\u1ea7n l\u00e0 m\u1ed9t th\u01b0\u01a1ng hi\u1ec7u th\u1ef1c ph\u1ea9m, m\u00e0 c\u00f2n mang trong m\u00ecnh s\u1ee9 m\u1ec7nh lan t\u1ecfa tinh hoa \u1ea9m th\u1ef1c Vi\u1ec7t \u0111\u1ebfn kh\u1eafp n\u01a1i tr\u00ean th\u1ebf gi\u1edbi. V\u1edbi\u00a0<strong>t\u1ea7m nh\u00ecn<\/strong>\u00a0\u201c\u1ede \u0111\u00e2u c\u00f3 ng\u01b0\u1eddi Vi\u1ec7t, \u1edf \u0111\u00f3 c\u00f3 \u1ea9m th\u1ef1c Vi\u1ec7t,\u201d C\u00e0 M\u00e8n h\u01b0\u1edbng \u0111\u1ebfn vi\u1ec7c \u0111\u01b0a nh\u1eefng m\u00f3n \u0103n truy\u1ec1n th\u1ed1ng \u0111\u1ebfn g\u1ea7n h\u01a1n v\u1edbi c\u1ed9ng \u0111\u1ed3ng ng\u01b0\u1eddi Vi\u1ec7t xa qu\u00ea c\u0169ng nh\u01b0 gi\u1edbi thi\u1ec7u \u1ea9m th\u1ef1c Vi\u1ec7t Nam \u0111\u1ebfn b\u1ea1n b\u00e8 qu\u1ed1c t\u1ebf.<\/p>\n<p>B\u00ean c\u1ea1nh \u0111\u00f3, C\u00e0 M\u00e8n lu\u00f4n gi\u1eef v\u1eefng\u00a0<strong>gi\u00e1 tr\u1ecb c\u1ed1t l\u00f5i<\/strong>:<br \/>\n\u2714 Ch\u00e2n th\u00e0nh \u2013 T\u1eed t\u1ebf \u2013 Tinh th\u1ea7n kh\u1edfi nghi\u1ec7p<br \/>\n\u2714 Y\u00eau th\u01b0\u01a1ng v\u00e0 bi\u1ebft \u01a1n<br \/>\n\u2714 Ch\u1ea5t l\u01b0\u1ee3ng h\u00e0ng \u0111\u1ea7u<\/p>\n<p>\u0110\u1eb7t\u00a0<strong>s\u1ee9 m\u1ec7nh<\/strong>\u00a0\u201cMang \u1ea9m th\u1ef1c Vi\u1ec7t \u0111i mu\u00f4n ph\u01b0\u01a1ng\u201d l\u00e0m kim ch\u1ec9 nam, C\u00e0 M\u00e8n kh\u00f4ng ng\u1eebng \u0111\u1ed5i m\u1edbi, ph\u00e1t tri\u1ec3n v\u00e0 gi\u1eef v\u1eefng b\u1ea3n s\u1eafc d\u00e2n t\u1ed9c trong t\u1eebng s\u1ea3n ph\u1ea9m. T\u1eebng m\u00f3n \u0103n kh\u00f4ng ch\u1ec9 \u0111\u1ea3m b\u1ea3o ch\u1ea5t l\u01b0\u1ee3ng m\u00e0 c\u00f2n mang \u0111\u1eadm h\u01b0\u01a1ng v\u1ecb qu\u00ea h\u01b0\u01a1ng, gi\u00fap m\u1ecdi ng\u01b0\u1eddi d\u00f9 \u1edf b\u1ea5t c\u1ee9 \u0111\u00e2u c\u0169ng c\u00f3 th\u1ec3 th\u01b0\u1edfng th\u1ee9c h\u01b0\u01a1ng v\u1ecb Vi\u1ec7t Nam m\u1ed9t c\u00e1ch tr\u1ecdn v\u1eb9n nh\u1ea5t.<\/p>\n<p><img decoding=\"async\" class=\"aligncenter\" src=\"https:\/\/havamall.vn\/wp-content\/uploads\/2025\/03\/founder3.png\" width=\"962\" height=\"767\" \/><\/p>\n<h3 data-start=\"0\" data-end=\"56\"><strong data-start=\"4\" data-end=\"54\">MI\u1ebeN L\u01af\u01a0N C\u00c0 M\u00c8N \u2013 H\u01af\u01a0NG V\u1eca \u0110\u1eb6C S\u1ea2N THANH NGH\u1ec6<\/strong><\/h3>\n<p data-start=\"58\" data-end=\"158\"><strong data-start=\"58\" data-end=\"74\">Th\u01b0\u01a1ng hi\u1ec7u:<\/strong>\u00a0C\u00e0 M\u00e8n (Vi\u1ec7t Nam)<br data-start=\"92\" data-end=\"95\" \/><strong data-start=\"95\" data-end=\"113\">Lo\u1ea1i s\u1ea3n ph\u1ea9m:<\/strong>\u00a0Mi\u1ebfn l\u01b0\u01a1n \u0111\u00f4ng l\u1ea1nh<br data-start=\"133\" data-end=\"136\" \/><strong data-start=\"136\" data-end=\"151\">Kh\u1ed1i l\u01b0\u1ee3ng:<\/strong>\u00a0100g<\/p>\n<h3 data-start=\"160\" data-end=\"217\"><strong data-start=\"164\" data-end=\"215\">H\u01b0\u01a1ng v\u1ecb truy\u1ec1n th\u1ed1ng \u2013 Tinh t\u00fay t\u1eeb thi\u00ean nhi\u00ean<\/strong><\/h3>\n<p data-start=\"218\" data-end=\"454\">Mi\u1ebfn l\u01b0\u01a1n C\u00e0 M\u00e8n mang \u0111\u1ebfn tr\u1ea3i nghi\u1ec7m \u1ea9m th\u1ef1c \u0111\u1eb7c s\u1eafc v\u1edbi t\u1eebng s\u1ee3i mi\u1ebfn dai ngon, k\u1ebft h\u1ee3p c\u00f9ng l\u01b0\u01a1n \u0111\u1ed3ng gi\u00f2n r\u1ee5m, n\u01b0\u1edbc d\u00f9ng thanh ng\u1ecdt ninh t\u1eeb x\u01b0\u01a1ng l\u01b0\u01a1n v\u00e0 c\u00e1c lo\u1ea1i gia v\u1ecb \u0111\u1eb7c tr\u01b0ng. \u0110\u00e2y l\u00e0 m\u00f3n \u0103n b\u1ed5 d\u01b0\u1ee1ng, ph\u00f9 h\u1ee3p cho m\u1ecdi l\u1ee9a tu\u1ed5i.<\/p>\n<h3 data-start=\"429\" data-end=\"461\"><strong data-start=\"433\" data-end=\"459\">Th\u00e0nh ph\u1ea7n nguy\u00ean li\u1ec7u<\/strong><\/h3>\n<ul data-start=\"462\" data-end=\"734\">\n<li data-start=\"160\" data-end=\"197\"><strong data-start=\"162\" data-end=\"175\">V\u1eaft mi\u1ebfn:<\/strong>\u00a0G\u1ea1o l\u1ee9t, b\u1ed9t \u0111\u1eadu xanh<\/li>\n<li data-start=\"198\" data-end=\"275\"><strong data-start=\"200\" data-end=\"213\">G\u00f3i l\u01b0\u01a1n:<\/strong>\u00a0Th\u1ecbt l\u01b0\u01a1n, m\u1ecdc, n\u1ea5m m\u00e8o, m\u1ed9c nh\u0129, ti\u00eau, h\u00e0nh, t\u1ecfi, \u1edbt, gia v\u1ecb<\/li>\n<li data-start=\"276\" data-end=\"346\"><strong data-start=\"278\" data-end=\"296\">G\u00f3i n\u01b0\u1edbc d\u00f9ng:<\/strong>\u00a0N\u01b0\u1edbc m\u1eafm, mu\u1ed1i, \u0111\u01b0\u1eddng, ti\u00eau, \u1edbt, h\u00e0nh, t\u1ecfi, sa t\u1ebf<\/li>\n<li data-start=\"347\" data-end=\"389\"><strong data-start=\"349\" data-end=\"364\">G\u00f3i rau c\u1ee7:<\/strong>\u00a0C\u00e0 r\u1ed1t, b\u1eafp c\u1ea3i, h\u00e0nh l\u00e1<\/li>\n<\/ul>\n<p data-start=\"736\" data-end=\"800\">C\u00f3 th\u1ec3 \u0103n k\u00e8m v\u1edbi rau r\u0103m, h\u00e0nh l\u00e1, ti\u00eau xay \u0111\u1ec3 t\u0103ng h\u01b0\u01a1ng v\u1ecb.<\/p>\n<p><img decoding=\"async\" class=\"aligncenter\" src=\"https:\/\/havamall.vn\/wp-content\/uploads\/2025\/03\/2-2.png\" width=\"983\" height=\"983\" \/><\/p>\n<h3 data-start=\"802\" data-end=\"828\"><strong data-start=\"806\" data-end=\"826\">\u0110\u1eb7c \u0111i\u1ec3m n\u1ed5i b\u1eadt<\/strong><\/h3>\n<ul>\n<li data-start=\"413\" data-end=\"457\">Nguy\u00ean li\u1ec7u t\u1ef1 nhi\u00ean, an to\u00e0n cho s\u1ee9c kh\u1ecfe<\/li>\n<li data-start=\"458\" data-end=\"525\">V\u1ecb ng\u1ecdt thanh c\u1ee7a n\u01b0\u1edbc d\u00f9ng, b\u00e9o ng\u1eady c\u1ee7a l\u01b0\u01a1n, s\u1ee3i mi\u1ebfn dai ngon<\/li>\n<li data-start=\"526\" data-end=\"575\">Ti\u1ec7n l\u1ee3i, d\u1ec5 ch\u1ebf bi\u1ebfn, ph\u00f9 h\u1ee3p cho m\u1ecdi l\u1ee9a tu\u1ed5i<\/li>\n<\/ul>\n<h3><strong>H\u01b0\u1edbng d\u1eabn s\u1eed d\u1ee5ng<\/strong><\/h3>\n<ul>\n<li data-start=\"1049\" data-end=\"1104\"><strong data-start=\"1052\" data-end=\"1072\">R\u00e3 \u0111\u00f4ng s\u1ea3n ph\u1ea9m<\/strong>\u00a0kho\u1ea3ng 30 ph\u00fat tr\u01b0\u1edbc khi n\u1ea5u.<\/li>\n<li data-start=\"1105\" data-end=\"1165\">\u0110un s\u00f4i 400ml n\u01b0\u1edbc, cho n\u01b0\u1edbc d\u00f9ng c\u00f4 \u0111\u1eb7c v\u00e0o khu\u1ea5y \u0111\u1ec1u.<\/li>\n<li data-start=\"1166\" data-end=\"1225\">Th\u1ea3 mi\u1ebfn v\u00e0o n\u1ea5u kho\u1ea3ng\u00a0<strong data-start=\"1193\" data-end=\"1205\">3-5 ph\u00fat<\/strong>\u00a0\u0111\u1ebfn khi mi\u1ebfn m\u1ec1m.<\/li>\n<li data-start=\"1226\" data-end=\"1282\">Cho l\u01b0\u01a1n v\u00e0o, n\u1ea5u th\u00eam\u00a0<strong data-start=\"1252\" data-end=\"1262\">1 ph\u00fat<\/strong>, sau \u0111\u00f3 \u0111\u1ed5 ra t\u00f4.<\/li>\n<li data-start=\"1283\" data-end=\"1348\">R\u1eafc h\u00e0nh phi, rau r\u0103m, th\u00eam ch\u00fat ti\u00eau ho\u1eb7c \u1edbt n\u1ebfu th\u00edch cay.<\/li>\n<\/ul>\n<p><img loading=\"lazy\" decoding=\"async\" class=\"aligncenter\" src=\"https:\/\/havamall.vn\/wp-content\/uploads\/2025\/03\/dac-san-mien-luon-bun-luon-xao-nghe-quang-tri-cua-startup-ca-men-chinh-thuc-cap-ben-xu-so-co-hoa-2-1707199686.jpg\" width=\"957\" height=\"952\" \/><\/p>\n<p>&nbsp;<\/p>\n<h3><strong>B\u1ea3o qu\u1ea3n<\/strong><\/h3>\n<ul>\n<li data-start=\"842\" data-end=\"893\">N\u01a1i kh\u00f4 r\u00e1o, tho\u00e1ng m\u00e1t, tr\u00e1nh \u00e1nh n\u1eafng tr\u1ef1c ti\u1ebfp<\/li>\n<li data-start=\"894\" data-end=\"936\">H\u1ea1n s\u1eed d\u1ee5ng: 3 th\u00e1ng k\u1ec3 t\u1eeb ng\u00e0y s\u1ea3n xu\u1ea5t<\/li>\n<\/ul>\n<h3><strong>Mua B\u00e1nh Canh C\u00e1 L\u00f3c C\u00e0 M\u00e8n \u1ede \u0110\u00e2u?<\/strong><\/h3>\n<p>N\u1ebfu b\u1ea1n \u0111ang t\u00ecm mua b\u00e1nh canh c\u00e1 l\u00f3c C\u00e0 M\u00e8n t\u1ea1i TP.HCM, h\u00e3y gh\u00e9 ngay\u00a0<strong>Havamall<\/strong>. T\u1ea1i \u0111\u00e2y, b\u1ea1n s\u1ebd d\u1ec5 d\u00e0ng ch\u1ecdn \u0111\u01b0\u1ee3c s\u1ea3n ph\u1ea9m \u0111\u1ea1t chu\u1ea9n ch\u1ea5t l\u01b0\u1ee3ng, an t\u00e2m v\u1ec1 ngu\u1ed3n g\u1ed1c v\u1edbi m\u1ee9c gi\u00e1 t\u1ed1t nh\u1ea5t.<\/p>","protected":false},"excerpt":{"rendered":"<p>C\u00c0 M\u00c8N FOODS \u2013 H\u00c0NH TR\u00ccNH MANG \u1ea8M TH\u1ef0C VI\u1ec6T \u0110I MU\u00d4N PH\u01af\u01a0NG C\u00e0 M\u00e8n Foods\u00a0l\u00e0 m\u1ed9t th\u01b0\u01a1ng hi\u1ec7u \u1ea9m<\/p>","protected":false},"featured_media":36400,"comment_status":"open","ping_status":"closed","template":"","meta":[],"product_brand":[],"product_cat":[626],"product_tag":[],"class_list":{"0":"post-36399","1":"product","2":"type-product","3":"status-publish","4":"has-post-thumbnail","6":"product_cat-het-hang","7":"pa_brand-ca-men","9":"first","10":"instock","11":"sale","12":"shipping-taxable","13":"purchasable","14":"product-type-simple"},"_links":{"self":[{"href":"https:\/\/havamall.vn\/en\/wp-json\/wp\/v2\/product\/36399"}],"collection":[{"href":"https:\/\/havamall.vn\/en\/wp-json\/wp\/v2\/product"}],"about":[{"href":"https:\/\/havamall.vn\/en\/wp-json\/wp\/v2\/types\/product"}],"replies":[{"embeddable":true,"href":"https:\/\/havamall.vn\/en\/wp-json\/wp\/v2\/comments?post=36399"}],"version-history":[{"count":0,"href":"https:\/\/havamall.vn\/en\/wp-json\/wp\/v2\/product\/36399\/revisions"}],"wp:featuredmedia":[{"embeddable":true,"href":"https:\/\/havamall.vn\/en\/wp-json\/wp\/v2\/media\/36400"}],"wp:attachment":[{"href":"https:\/\/havamall.vn\/en\/wp-json\/wp\/v2\/media?parent=36399"}],"wp:term":[{"taxonomy":"product_brand","embeddable":true,"href":"https:\/\/havamall.vn\/en\/wp-json\/wp\/v2\/product_brand?post=36399"},{"taxonomy":"product_cat","embeddable":true,"href":"https:\/\/havamall.vn\/en\/wp-json\/wp\/v2\/product_cat?post=36399"},{"taxonomy":"product_tag","embeddable":true,"href":"https:\/\/havamall.vn\/en\/wp-json\/wp\/v2\/product_tag?post=36399"}],"curies":[{"name":"wp","href":"https:\/\/api.w.org\/{rel}","templated":true}]}}