{"id":36393,"date":"2025-03-08T11:42:41","date_gmt":"2025-03-08T04:42:41","guid":{"rendered":"https:\/\/havamall.vn\/?post_type=product&#038;p=36393"},"modified":"2025-03-08T11:42:41","modified_gmt":"2025-03-08T04:42:41","slug":"banh-canh-chao-bot-ca-loc-160g-bao-quan-dong-lanh-ca-men-foods","status":"publish","type":"product","link":"https:\/\/havamall.vn\/en\/shop\/banh-canh-chao-bot-ca-loc-160g-bao-quan-dong-lanh-ca-men-foods\/","title":{"rendered":"B\u00e1nh Canh (Ch\u00e1o B\u1ed9t) C\u00e1 L\u00f3c 160g- B\u1ea3o qu\u1ea3n \u0111\u00f4ng l\u1ea1nh C\u00e0 M\u00e8n Foods"},"content":{"rendered":"<p><strong>C\u00c0 M\u00c8N FOODS \u2013 H\u00c0NH TR\u00ccNH MANG \u1ea8M TH\u1ef0C VI\u1ec6T \u0110I MU\u00d4N PH\u01af\u01a0NG<\/strong><\/p>\n<p><strong>C\u00e0 M\u00e8n Foods<\/strong>\u00a0l\u00e0 m\u1ed9t th\u01b0\u01a1ng hi\u1ec7u \u1ea9m th\u1ef1c Vi\u1ec7t Nam, \u0111\u01b0\u1ee3c th\u00e0nh l\u1eadp v\u00e0o n\u0103m 2015 b\u1edfi nh\u00e0 s\u00e1ng l\u1eadp Nguy\u1ec5n \u0110\u1ee9c Nh\u1eadt Thu\u1eadn, v\u1edbi s\u1ee9 m\u1ec7nh mang \u1ea9m th\u1ef1c Qu\u1ea3ng Tr\u1ecb \u0111\u1ebfn v\u1edbi th\u1ef1c kh\u00e1ch trong v\u00e0 ngo\u00e0i n\u01b0\u1edbc. Th\u01b0\u01a1ng hi\u1ec7u n\u00e0y \u0111\u00e3 ph\u1ee5c v\u1ee5 h\u00e0ng tri\u1ec7u b\u1eefa \u0103n ch\u1ea5t l\u01b0\u1ee3ng, \u0111\u1eadm h\u01b0\u01a1ng v\u1ecb Qu\u1ea3ng Tr\u1ecb nh\u01b0 b\u00e1nh \u01b0\u1edbt Ph\u01b0\u01a1ng Lang, ch\u00e1o b\u1ed9t c\u00e1 l\u00f3c, ch\u00e1o b\u1ed9t v\u1ecbt, g\u00e0 b\u00f3p rau r\u0103m v\u00e0 mi\u1ebfn l\u01b0\u01a1n x\u00e0o.<\/p>\n<p><img fetchpriority=\"high\" decoding=\"async\" class=\"aligncenter\" src=\"https:\/\/havamall.vn\/wp-content\/uploads\/2025\/03\/logo_camenlogo-4.png\" width=\"958\" height=\"746\" \/><\/p>\n<p><strong>C\u00e0 M\u00e8n Foods<\/strong>\u00a0kh\u00f4ng ch\u1ec9 \u0111\u01a1n thu\u1ea7n l\u00e0 m\u1ed9t th\u01b0\u01a1ng hi\u1ec7u th\u1ef1c ph\u1ea9m, m\u00e0 c\u00f2n mang trong m\u00ecnh s\u1ee9 m\u1ec7nh lan t\u1ecfa tinh hoa \u1ea9m th\u1ef1c Vi\u1ec7t \u0111\u1ebfn kh\u1eafp n\u01a1i tr\u00ean th\u1ebf gi\u1edbi. V\u1edbi\u00a0<strong>t\u1ea7m nh\u00ecn<\/strong>\u00a0\u201c\u1ede \u0111\u00e2u c\u00f3 ng\u01b0\u1eddi Vi\u1ec7t, \u1edf \u0111\u00f3 c\u00f3 \u1ea9m th\u1ef1c Vi\u1ec7t,\u201d C\u00e0 M\u00e8n h\u01b0\u1edbng \u0111\u1ebfn vi\u1ec7c \u0111\u01b0a nh\u1eefng m\u00f3n \u0103n truy\u1ec1n th\u1ed1ng \u0111\u1ebfn g\u1ea7n h\u01a1n v\u1edbi c\u1ed9ng \u0111\u1ed3ng ng\u01b0\u1eddi Vi\u1ec7t xa qu\u00ea c\u0169ng nh\u01b0 gi\u1edbi thi\u1ec7u \u1ea9m th\u1ef1c Vi\u1ec7t Nam \u0111\u1ebfn b\u1ea1n b\u00e8 qu\u1ed1c t\u1ebf.<\/p>\n<p>B\u00ean c\u1ea1nh \u0111\u00f3, C\u00e0 M\u00e8n lu\u00f4n gi\u1eef v\u1eefng\u00a0<strong>gi\u00e1 tr\u1ecb c\u1ed1t l\u00f5i<\/strong>:<br \/>\n\u2714 Ch\u00e2n th\u00e0nh \u2013 T\u1eed t\u1ebf \u2013 Tinh th\u1ea7n kh\u1edfi nghi\u1ec7p<br \/>\n\u2714 Y\u00eau th\u01b0\u01a1ng v\u00e0 bi\u1ebft \u01a1n<br \/>\n\u2714 Ch\u1ea5t l\u01b0\u1ee3ng h\u00e0ng \u0111\u1ea7u<\/p>\n<p>\u0110\u1eb7t\u00a0<strong>s\u1ee9 m\u1ec7nh<\/strong>\u00a0\u201cMang \u1ea9m th\u1ef1c Vi\u1ec7t \u0111i mu\u00f4n ph\u01b0\u01a1ng\u201d l\u00e0m kim ch\u1ec9 nam, C\u00e0 M\u00e8n kh\u00f4ng ng\u1eebng \u0111\u1ed5i m\u1edbi, ph\u00e1t tri\u1ec3n v\u00e0 gi\u1eef v\u1eefng b\u1ea3n s\u1eafc d\u00e2n t\u1ed9c trong t\u1eebng s\u1ea3n ph\u1ea9m. T\u1eebng m\u00f3n \u0103n kh\u00f4ng ch\u1ec9 \u0111\u1ea3m b\u1ea3o ch\u1ea5t l\u01b0\u1ee3ng m\u00e0 c\u00f2n mang \u0111\u1eadm h\u01b0\u01a1ng v\u1ecb qu\u00ea h\u01b0\u01a1ng, gi\u00fap m\u1ecdi ng\u01b0\u1eddi d\u00f9 \u1edf b\u1ea5t c\u1ee9 \u0111\u00e2u c\u0169ng c\u00f3 th\u1ec3 th\u01b0\u1edfng th\u1ee9c h\u01b0\u01a1ng v\u1ecb Vi\u1ec7t Nam m\u1ed9t c\u00e1ch tr\u1ecdn v\u1eb9n nh\u1ea5t.<\/p>\n<p><img decoding=\"async\" class=\"aligncenter\" src=\"https:\/\/havamall.vn\/wp-content\/uploads\/2025\/03\/founder3.png\" width=\"962\" height=\"767\" \/><\/p>\n<p><strong>B\u00c1NH CANH C\u00c1 L\u00d3C C\u00c0 M\u00c8N \u2013 H\u01af\u01a0NG V\u1eca QU\u00ca NH\u00c0 TRONG T\u1eeaNG T\u00d4 N\u00d3NG H\u1ed4I<\/strong><\/p>\n<p><strong>Th\u01b0\u01a1ng hi\u1ec7u:<\/strong>\u00a0C\u00e0 M\u00e8n (Vi\u1ec7t Nam)<br \/>\n<strong>Lo\u1ea1i s\u1ea3n ph\u1ea9m:<\/strong>\u00a0B\u00e1nh canh \u0111\u00f4ng l\u1ea1nh<br \/>\n<strong>Kh\u1ed1i l\u01b0\u1ee3ng:<\/strong>\u00a0160g<\/p>\n<h3><strong>H\u01b0\u01a1ng v\u1ecb \u0111\u1eadm \u0111\u00e0 \u2013 Chu\u1ea9n v\u1ecb mi\u1ec1n Trung<\/strong><\/h3>\n<p>B\u00e1nh canh c\u00e1 l\u00f3c C\u00e0 M\u00e8n mang \u0111\u1ebfn tr\u1ea3i nghi\u1ec7m \u1ea9m th\u1ef1c truy\u1ec1n th\u1ed1ng v\u1edbi c\u00f4ng th\u1ee9c chu\u1ea9n v\u1ecb mi\u1ec1n Trung. T\u1eebng s\u1ee3i b\u00e1nh canh m\u1ec1m d\u1ebbo h\u00f2a quy\u1ec7n c\u00f9ng n\u01b0\u1edbc d\u00f9ng \u0111\u1eadm \u0111\u00e0, c\u00e1 l\u00f3c nguy\u00ean mi\u1ebfng t\u01b0\u01a1i ngon, t\u1ea1o n\u00ean m\u00f3n \u0103n th\u01a1m ngon kh\u00f3 c\u01b0\u1ee1ng.<\/p>\n<h3><strong>Th\u00e0nh ph\u1ea7n tinh t\u00fay t\u1eeb thi\u00ean nhi\u00ean<\/strong><\/h3>\n<ul>\n<li>S\u1ee3i b\u00e1nh canh l\u00e0m t\u1eeb b\u1ed9t g\u1ea1o v\u00e0 b\u1ed9t n\u0103ng, m\u1ec1m dai, th\u01a1m ngon<\/li>\n<li>N\u01b0\u1edbc s\u1ed1t c\u00f4 \u0111\u1eb7c n\u1ea5u t\u1eeb x\u01b0\u01a1ng c\u00e1, n\u00eam n\u1ebfm theo c\u00f4ng th\u1ee9c gia truy\u1ec1n<\/li>\n<li>C\u00e1 l\u00f3c nguy\u00ean mi\u1ebfng, gi\u1eef tr\u1ecdn v\u1ecb t\u01b0\u01a1i ngon t\u1ef1 nhi\u00ean<\/li>\n<li>Sa t\u1ebf \u1edbt x\u00e0o c\u00f9ng c\u1ee7 n\u00e9n, t\u1ea1o v\u1ecb cay n\u1ed3ng h\u1ea5p d\u1eabn<\/li>\n<\/ul>\n<p>\u0102n k\u00e8m v\u1edbi rau \u0111\u1eafng, c\u1ea3i non, th\u00eam ch\u00fat h\u00e0nh ng\u00f2, rau r\u0103m \u0111\u1ec3 m\u00f3n \u0103n tr\u00f2n v\u1ecb.<\/p>\n<p><img decoding=\"async\" class=\"aligncenter\" src=\"https:\/\/havamall.vn\/wp-content\/uploads\/2025\/03\/4.png\" width=\"950\" height=\"938\" \/><\/p>\n<h3><strong>\u0110\u1eb7c \u0111i\u1ec3m n\u1ed5i b\u1eadt<\/strong><\/h3>\n<p>\u2714 Nguy\u00ean li\u1ec7u t\u1ef1 nhi\u00ean, kh\u00f4ng ch\u1ea5t b\u1ea3o qu\u1ea3n, an to\u00e0n cho s\u1ee9c kh\u1ecfe<br \/>\n\u2714 N\u01b0\u1edbc d\u00f9ng ng\u1ecdt thanh, \u0111\u1eadm v\u1ecb c\u00e1 l\u00f3c, s\u1ee3i b\u00e1nh canh d\u1ebbo th\u01a1m<br \/>\n\u2714 Ch\u1ebf bi\u1ebfn nhanh ch\u00f3ng, ph\u00f9 h\u1ee3p cho m\u1ecdi l\u1ee9a tu\u1ed5i, m\u1ecdi b\u1eefa \u0103n trong ng\u00e0y<\/p>\n<h3><strong>H\u01b0\u1edbng d\u1eabn s\u1eed d\u1ee5ng<\/strong><\/h3>\n<p><strong>B\u01b0\u1edbc 1:<\/strong>\u00a0R\u00e3 \u0111\u00f4ng s\u1ea3n ph\u1ea9m kho\u1ea3ng 30 ph\u00fat tr\u01b0\u1edbc khi n\u1ea5u \u0111\u1ec3 \u0111\u1ea3m b\u1ea3o h\u01b0\u01a1ng v\u1ecb t\u01b0\u01a1i ngon.<br \/>\n<strong>B\u01b0\u1edbc 2:<\/strong>\u00a0Pha t\u00fai n\u01b0\u1edbc c\u1ed1t v\u1edbi n\u01b0\u1edbc s\u00f4i theo t\u1ec9 l\u1ec7 1:1 \u0111\u1ec3 t\u1ea1o n\u00ean ph\u1ea7n n\u01b0\u1edbc l\u00e8o \u0111\u1eadm \u0111\u00e0, d\u1ec5 d\u00f9ng.<br \/>\n<strong>B\u01b0\u1edbc 3:<\/strong>\u00a0\u0110un s\u00f4i n\u01b0\u1edbc l\u00e8o trong 2 ph\u00fat, sau \u0111\u00f3 cho c\u00e1 \u0111\u00e3 r\u00e3 \u0111\u00f4ng v\u00e0 s\u1ee3i b\u00e1nh canh v\u00e0o. Ti\u1ebfp t\u1ee5c n\u1ea5u trong 3-5 ph\u00fat \u0111\u1ebfn khi s\u1ee3i b\u00e1nh canh m\u1ec1m v\u00e0 th\u1ea5m v\u1ecb.<br \/>\n<strong>B\u01b0\u1edbc 4:<\/strong>\u00a0M\u00fac ra t\u00f4, r\u1eafc th\u00eam h\u00e0nh ng\u00f2, ti\u00eau, \u1edbt b\u1ed9t v\u00e0 n\u00eam h\u0169 t\u01b0\u01a1ng n\u00e9m \u0111\u1ec3 c\u1ea3m nh\u1eadn tr\u1ecdn v\u1eb9n h\u01b0\u01a1ng v\u1ecb \u0111\u1eadm \u0111\u00e0, \u0111\u1eb7c tr\u01b0ng c\u1ee7a qu\u00ea h\u01b0\u01a1ng Qu\u1ea3ng Tr\u1ecb.<\/p>\n<p><img loading=\"lazy\" decoding=\"async\" class=\"aligncenter\" src=\"https:\/\/scontent.fhan3-2.fna.fbcdn.net\/v\/t39.30808-6\/475635247_2785268928311494_1604058316360309696_n.jpg?_nc_cat=107&amp;ccb=1-7&amp;_nc_sid=833d8c&amp;_nc_ohc=dkLadQXJTLgQ7kNvgGhWKJR&amp;_nc_oc=AdiPVSUp8FhxJFNt_2k5TxTMI2V6f5OfpoIGRzvcmCvY5FhjnXFvqSkZPjTzZGFoFcs&amp;_nc_zt=23&amp;_nc_ht=scontent.fhan3-2.fna&amp;_nc_gid=AlLVXt1rk9IGaR1h4ICXRs4&amp;oh=00_AYGIJO2Phg9ni57W8aU98wHRcDF3RqlLUtBct4NKeZyUqA&amp;oe=67D17E6E\" width=\"947\" height=\"1393\" \/><\/p>\n<h3><strong>B\u1ea3o qu\u1ea3n<\/strong><\/h3>\n<ul>\n<li>B\u1ea3o qu\u1ea3n \u1edf ng\u0103n \u0111\u00f4ng t\u1ee7 l\u1ea1nh.<\/li>\n<li>S\u1eed d\u1ee5ng t\u1ed1t nh\u1ea5t trong v\u00f2ng 30 ng\u00e0y.<\/li>\n<\/ul>\n<h3><strong>Mua B\u00e1nh Canh C\u00e1 L\u00f3c C\u00e0 M\u00e8n \u1ede \u0110\u00e2u?<\/strong><\/h3>\n<p>N\u1ebfu b\u1ea1n \u0111ang t\u00ecm mua b\u00e1nh canh c\u00e1 l\u00f3c C\u00e0 M\u00e8n t\u1ea1i TP.HCM, h\u00e3y gh\u00e9 ngay\u00a0<strong>Havamall<\/strong>. T\u1ea1i \u0111\u00e2y, b\u1ea1n s\u1ebd d\u1ec5 d\u00e0ng ch\u1ecdn \u0111\u01b0\u1ee3c s\u1ea3n ph\u1ea9m \u0111\u1ea1t chu\u1ea9n ch\u1ea5t l\u01b0\u1ee3ng, an t\u00e2m v\u1ec1 ngu\u1ed3n g\u1ed1c v\u1edbi m\u1ee9c gi\u00e1 t\u1ed1t nh\u1ea5t.<\/p>","protected":false},"excerpt":{"rendered":"<p>C\u00c0 M\u00c8N FOODS \u2013 H\u00c0NH TR\u00ccNH MANG \u1ea8M TH\u1ef0C VI\u1ec6T \u0110I MU\u00d4N PH\u01af\u01a0NG C\u00e0 M\u00e8n Foods\u00a0l\u00e0 m\u1ed9t th\u01b0\u01a1ng hi\u1ec7u \u1ea9m<\/p>","protected":false},"featured_media":36394,"comment_status":"open","ping_status":"closed","template":"","meta":[],"product_brand":[],"product_cat":[626],"product_tag":[],"class_list":{"0":"post-36393","1":"product","2":"type-product","3":"status-publish","4":"has-post-thumbnail","6":"product_cat-het-hang","7":"pa_brand-ca-men","9":"first","10":"instock","11":"sale","12":"shipping-taxable","13":"purchasable","14":"product-type-simple"},"_links":{"self":[{"href":"https:\/\/havamall.vn\/en\/wp-json\/wp\/v2\/product\/36393"}],"collection":[{"href":"https:\/\/havamall.vn\/en\/wp-json\/wp\/v2\/product"}],"about":[{"href":"https:\/\/havamall.vn\/en\/wp-json\/wp\/v2\/types\/product"}],"replies":[{"embeddable":true,"href":"https:\/\/havamall.vn\/en\/wp-json\/wp\/v2\/comments?post=36393"}],"version-history":[{"count":0,"href":"https:\/\/havamall.vn\/en\/wp-json\/wp\/v2\/product\/36393\/revisions"}],"wp:featuredmedia":[{"embeddable":true,"href":"https:\/\/havamall.vn\/en\/wp-json\/wp\/v2\/media\/36394"}],"wp:attachment":[{"href":"https:\/\/havamall.vn\/en\/wp-json\/wp\/v2\/media?parent=36393"}],"wp:term":[{"taxonomy":"product_brand","embeddable":true,"href":"https:\/\/havamall.vn\/en\/wp-json\/wp\/v2\/product_brand?post=36393"},{"taxonomy":"product_cat","embeddable":true,"href":"https:\/\/havamall.vn\/en\/wp-json\/wp\/v2\/product_cat?post=36393"},{"taxonomy":"product_tag","embeddable":true,"href":"https:\/\/havamall.vn\/en\/wp-json\/wp\/v2\/product_tag?post=36393"}],"curies":[{"name":"wp","href":"https:\/\/api.w.org\/{rel}","templated":true}]}}