{"id":36385,"date":"2025-03-05T11:23:15","date_gmt":"2025-03-05T04:23:15","guid":{"rendered":"https:\/\/havamall.vn\/?post_type=product&#038;p=36385"},"modified":"2025-03-20T09:42:34","modified_gmt":"2025-03-20T02:42:34","slug":"nuoc-tuong-sashimi-nhat-ban-umakuchi-200ml-umakuchi-sashimi-soy-sauce","status":"publish","type":"product","link":"https:\/\/havamall.vn\/en\/shop\/nuoc-tuong-sashimi-nhat-ban-umakuchi-200ml-umakuchi-sashimi-soy-sauce\/","title":{"rendered":"N\u01b0\u1edbc T\u01b0\u01a1ng Sashimi Nh\u1eadt B\u1ea3n Umakuchi 200ml \u2013 Umakuchi Sashimi Soy Sauce"},"content":{"rendered":"<h2><strong>TH\u00d4NG TIN CHUNG<\/strong><\/h2>\n<table style=\"width: 81.1861%\">\n<tbody>\n<tr>\n<td style=\"width: 11.5585%\">Th\u01b0\u01a1ng hi\u1ec7u<\/td>\n<td style=\"width: 69.2728%\">Nibishi Shoyu<\/td>\n<\/tr>\n<tr>\n<td style=\"width: 11.5585%\">Xu\u1ea5t x\u1ee9<\/td>\n<td style=\"width: 69.2728%\">Nh\u1eadt B\u1ea3n<\/td>\n<\/tr>\n<tr>\n<td style=\"width: 11.5585%\">Th\u00e0nh ph\u1ea7n<\/td>\n<td style=\"width: 69.2728%\">\u00a0n\u01b0\u1edbc, \u0111\u1eadu n\u00e0nh kh\u1eed b\u00e9o (14%), l\u00faa m\u00ec, mu\u1ed1i, \u0111\u01b0\u1eddng, xi-r\u00f4 \u0111\u01b0\u1eddng ng\u00f4, r\u01b0\u1ee3u, ch\u1ea5t \u0111i\u1ec1u v\u1ecb (INS621, INS635), ch\u1ea5t l\u00e0m d\u00e0y INS415, ch\u1ea5t l\u00e0m ng\u1ecdt (cam th\u1ea3o, c\u1ecf ng\u1ecdt stevia)<\/td>\n<\/tr>\n<tr>\n<td style=\"width: 11.5585%\">H\u1ea1n s\u1eed d\u1ee5ng<\/td>\n<td style=\"width: 69.2728%\">Xem tr\u00ean bao b\u00ec<\/td>\n<\/tr>\n<tr>\n<td style=\"width: 11.5585%\">B\u1ea3o qu\u1ea3n<\/td>\n<td style=\"width: 69.2728%\">B\u1ea3o qu\u1ea3n t\u1ea1i nhi\u1ec7t \u0111\u1ed9 ph\u00f2ng n\u01a1i kh\u00f4 r\u00e1o, tho\u00e1ng m\u00e1t, tr\u00e1nh \u00e1nh n\u1eafng tr\u1ef1c ti\u1ebfp, nhi\u1ec7t \u0111\u1ed9 cao.<\/td>\n<\/tr>\n<tr>\n<td style=\"width: 11.5585%\">Kh\u1ed1i l\u01b0\u1ee3ng t\u1ecbnh<\/td>\n<td style=\"width: 69.2728%\">200ml<\/td>\n<\/tr>\n<\/tbody>\n<\/table>\n<p data-start=\"0\" data-end=\"321\">Sushi v\u00e0 Sashimi kh\u00f4ng ch\u1ec9 l\u00e0 bi\u1ec3u t\u01b0\u1ee3ng c\u1ee7a \u1ea9m th\u1ef1c Nh\u1eadt B\u1ea3n m\u00e0 c\u00f2n l\u00e0 ni\u1ec1m t\u1ef1 h\u00e0o c\u1ee7a n\u1ec1n v\u0103n h\u00f3a x\u1ee9 s\u1edf M\u1eb7t tr\u1eddi m\u1ecdc. Nh\u1eefng m\u00f3n \u0103n n\u00e0y kh\u00f4ng ch\u1ec9 h\u1ea5p d\u1eabn b\u1edfi v\u1ebb ngo\u00e0i tinh t\u1ebf m\u00e0 c\u00f2n th\u1ec3 hi\u1ec7n s\u1ef1 kh\u00e9o l\u00e9o, t\u1ec9 m\u1ec9 trong t\u1eebng l\u00e1t c\u1eaft v\u00e0 c\u00e1ch b\u00e0i tr\u00ed. \u0110\u1ec3 c\u1ea3m nh\u1eadn tr\u1ecdn v\u1eb9n h\u01b0\u01a1ng v\u1ecb \u0111\u1eb7c tr\u01b0ng c\u1ee7a Sushi v\u00e0 Sashimi, ngo\u00e0i vi\u1ec7c ch\u1ecdn nguy\u00ean li\u1ec7u t\u01b0\u01a1i ngon, ngh\u1ec7 thu\u1eadt s\u1eed d\u1ee5ng n\u01b0\u1edbc ch\u1ea5m \u0111\u00fang c\u00e1ch c\u0169ng \u0111\u00f3ng vai tr\u00f2 quan tr\u1ecdng, gi\u00fap n\u00e2ng t\u1ea7m tr\u1ea3i nghi\u1ec7m \u1ea9m th\u1ef1c m\u1ed9t c\u00e1ch tinh t\u1ebf v\u00e0 tr\u1ecdn v\u1eb9n.<\/p>\n<p data-start=\"0\" data-end=\"321\"><img fetchpriority=\"high\" decoding=\"async\" class=\"aligncenter\" src=\"https:\/\/havamall.vn\/wp-content\/uploads\/2025\/03\/mon-sashimi-la-gi-cach-an-sashimi-nhat-ban-phan-biet-sushi-va-avt-1200x676.jpg\" alt=\"Sashimi l\u00e0 g\u00ec? C\u00e1ch \u0103n sashimi Nh\u1eadt B\u1ea3n, ph\u00e2n bi\u1ec7t sushi v\u00e0 sashimi\" width=\"1154\" height=\"552\" \/><\/p>\n<p data-start=\"0\" data-end=\"321\"><strong>Nibishi Shoyu Co., Ltd.<\/strong> l\u00e0 m\u1ed9t c\u00f4ng ty Nh\u1eadt B\u1ea3n chuy\u00ean s\u1ea3n xu\u1ea5t c\u00e1c lo\u1ea1i gia v\u1ecb truy\u1ec1n th\u1ed1ng nh\u01b0 n\u01b0\u1edbc t\u01b0\u01a1ng, miso, gi\u1ea5m v\u00e0 c\u00e1c s\u1ea3n ph\u1ea9m li\u00ean quan. \u0110\u01b0\u1ee3c th\u00e0nh l\u1eadp v\u00e0o n\u0103m 1919, c\u00f4ng ty \u0111\u00e3 tr\u1ea3i qua h\u01a1n m\u1ed9t th\u1ebf k\u1ef7 ph\u00e1t tri\u1ec3n v\u00e0 hi\u1ec7n c\u00f3 tr\u1ee5 s\u1edf t\u1ea1i th\u00e0nh ph\u1ed1 Koga, t\u1ec9nh Fukuoka, Nh\u1eadt B\u1ea3n.<\/p>\n<p data-start=\"323\" data-end=\"773\">V\u1edbi tri\u1ebft l\u00fd \u201cCh\u1ea5t l\u01b0\u1ee3ng c\u1ee7a nguy\u00ean li\u1ec7u ph\u1ea3n \u00e1nh tr\u1ef1c ti\u1ebfp v\u00e0o h\u01b0\u01a1ng v\u1ecb\u201d, Nibishi lu\u00f4n ch\u00fa tr\u1ecdng \u0111\u1ebfn vi\u1ec7c l\u1ef1a ch\u1ecdn nguy\u00ean li\u1ec7u t\u1ef1 nhi\u00ean v\u00e0 \u00e1p d\u1ee5ng k\u1ef9 thu\u1eadt ch\u1ebf bi\u1ebfn truy\u1ec1n th\u1ed1ng \u0111\u1ec3 t\u1ea1o ra s\u1ea3n ph\u1ea9m c\u00f3 h\u01b0\u01a1ng v\u1ecb \u0111\u1eb7c tr\u01b0ng. C\u00f4ng ty s\u1eed d\u1ee5ng ngu\u1ed3n n\u01b0\u1edbc tinh khi\u1ebft t\u1eeb thung l\u0169ng Kiyotaki v\u00e0 c\u00e1c nguy\u00ean li\u1ec7u ch\u1ea5t l\u01b0\u1ee3ng cao nh\u01b0 \u0111\u1eadu n\u00e0nh, l\u00faa m\u00ec v\u00e0 c\u00e1 ng\u1eeb kh\u00f4 t\u1eeb Makurazaki \u0111\u1ec3 s\u1ea3n xu\u1ea5t n\u01b0\u1edbc t\u01b0\u01a1ng v\u00e0 c\u00e1c lo\u1ea1i gia v\u1ecb kh\u00e1c.<\/p>\n<p data-start=\"323\" data-end=\"773\">M\u1ed9t trong nh\u1eefng s\u1ea3n ph\u1ea9m ti\u00eau bi\u1ec3u c\u1ee7a Nibishi l\u00e0\u00a0<strong>N\u01b0\u1edbc t\u01b0\u01a1ng Umakuchi Sashimi Shoyu 200ml<\/strong>, \u0111\u01b0\u1ee3c ch\u1ebf bi\u1ebfn t\u1eeb n\u01b0\u1edbc t\u01b0\u01a1ng honjozo Koikuchi \u0111\u1eb7c bi\u1ec7t, mang l\u1ea1i h\u01b0\u01a1ng v\u1ecb \u00eam d\u1ecbu, phong ph\u00fa v\u00e0 ng\u1ecdt m\u1eb7n h\u00e0i h\u00f2a. S\u1ea3n ph\u1ea9m n\u00e0y ph\u00f9 h\u1ee3p \u0111\u1ec3 ch\u1ea5m sashimi, h\u1ea3i s\u1ea3n t\u01b0\u01a1i s\u1ed1ng v\u00e0 c\u00e1c m\u00f3n \u0103n kh\u00e1c, gi\u00fap l\u00e0m n\u1ed5i b\u1eadt v\u1ecb ngon t\u1ef1 nhi\u00ean c\u1ee7a nguy\u00ean li\u1ec7u.<\/p>\n<p data-start=\"323\" data-end=\"773\"><img decoding=\"async\" class=\"aligncenter\" src=\"https:\/\/havamall.vn\/wp-content\/uploads\/2025\/03\/khong-tron-wasabi-vao-nuoc-tuong-an-sashimi.png\" width=\"1157\" height=\"702\" \/><\/p>\n<p data-start=\"513\" data-end=\"548\"><span style=\"font-size: 14pt\"><strong data-start=\"513\" data-end=\"548\">C\u00f4ng d\u1ee5ng v\u00e0 h\u01b0\u1edbng d\u1eabn s\u1eed d\u1ee5ng:<\/strong><\/span><\/p>\n<ul data-start=\"550\" data-end=\"1041\">\n<li data-start=\"550\" data-end=\"742\">\n<p data-start=\"552\" data-end=\"742\"><strong data-start=\"552\" data-end=\"566\">C\u00f4ng d\u1ee5ng:<\/strong>\u00a0N\u01b0\u1edbc t\u01b0\u01a1ng n\u00e0y \u0111\u01b0\u1ee3c thi\u1ebft k\u1ebf \u0111\u1eb7c bi\u1ec7t \u0111\u1ec3 ch\u1ea5m c\u00f9ng c\u00e1c m\u00f3n sashimi, sushi v\u00e0 h\u1ea3i s\u1ea3n t\u01b0\u01a1i s\u1ed1ng, gi\u00fap t\u0103ng c\u01b0\u1eddng h\u01b0\u01a1ng v\u1ecb umami v\u00e0 t\u1ea1o s\u1ef1 c\u00e2n b\u1eb1ng ho\u00e0n h\u1ea3o gi\u1eefa v\u1ecb m\u1eb7n v\u00e0 ng\u1ecdt.<\/p>\n<\/li>\n<li data-start=\"744\" data-end=\"1041\">\n<p data-start=\"746\" data-end=\"1041\"><strong data-start=\"746\" data-end=\"768\">H\u01b0\u1edbng d\u1eabn s\u1eed d\u1ee5ng:<\/strong>\u00a0R\u00f3t m\u1ed9t l\u01b0\u1ee3ng nh\u1ecf n\u01b0\u1edbc t\u01b0\u01a1ng ra \u0111\u0129a ch\u1ea5m. Khi th\u01b0\u1edfng th\u1ee9c sashimi ho\u1eb7c sushi, nh\u1eb9 nh\u00e0ng nh\u00fang m\u1ed9t ph\u1ea7n nh\u1ecf c\u1ee7a mi\u1ebfng \u0103n v\u00e0o n\u01b0\u1edbc t\u01b0\u01a1ng tr\u01b0\u1edbc khi \u0111\u01b0a l\u00ean mi\u1ec7ng. Tr\u00e1nh nh\u00fang to\u00e0n b\u1ed9 mi\u1ebfng sashimi v\u00e0o n\u01b0\u1edbc t\u01b0\u01a1ng \u0111\u1ec3 kh\u00f4ng l\u00e0m m\u1ea5t \u0111i h\u01b0\u01a1ng v\u1ecb t\u01b0\u01a1i ngon ban \u0111\u1ea7u c\u1ee7a nguy\u00ean li\u1ec7u.<\/p>\n<\/li>\n<\/ul>\n<p><img decoding=\"async\" class=\"aligncenter\" src=\"https:\/\/havamall.vn\/wp-content\/uploads\/2025\/03\/luu-y-khi-su-dung-nuoc-tuong-an-sashimi.png\" width=\"1142\" height=\"601\" \/><\/p>\n<p><span style=\"font-size: 14pt\"><strong>Mua n\u01b0\u1edbc t\u01b0\u01a1ng Yamamori ch\u1ea5m sushi \u1edf \u0111\u00e2u?<\/strong><\/span><\/p>\n<p>Tr\u00ean th\u1ecb tr\u01b0\u1eddng hi\u1ec7n nay c\u00f3 nhi\u1ec1u n\u01a1i cung c\u1ea5p n\u01b0\u1edbc t\u01b0\u01a1ng Nh\u1eadt B\u1ea3n, nh\u01b0ng n\u1ebfu b\u1ea1n \u0111ang t\u00ecm m\u1ed9t \u0111\u1ecba ch\u1ec9 uy t\u00edn, Havamall l\u00e0 l\u1ef1a ch\u1ecdn \u0111\u00e1ng tin c\u1eady. \u0110\u1ec3 \u0111\u1eb7t h\u00e0ng nhanh ch\u00f3ng v\u00e0 nh\u1eadn t\u01b0 v\u1ea5n chi ti\u1ebft, h\u00e3y li\u00ean h\u1ec7 ngay v\u1edbi\u00a0<strong>Havamall<\/strong>\u00a0qua hotline<strong>:<\/strong>\u00a00946 229 642.<\/p>","protected":false},"excerpt":{"rendered":"<p>TH\u00d4NG TIN CHUNG Th\u01b0\u01a1ng hi\u1ec7u Nibishi Shoyu Xu\u1ea5t x\u1ee9 Nh\u1eadt B\u1ea3n Th\u00e0nh ph\u1ea7n \u00a0n\u01b0\u1edbc, \u0111\u1eadu n\u00e0nh kh\u1eed b\u00e9o (14%), l\u00faa<\/p>","protected":false},"featured_media":36386,"comment_status":"open","ping_status":"closed","template":"","meta":[],"product_brand":[],"product_cat":[675,36],"product_tag":[],"class_list":{"0":"post-36385","1":"product","2":"type-product","3":"status-publish","4":"has-post-thumbnail","6":"product_cat-nhap-khau-nhat-ban","7":"product_cat-thuc-pham-tieu-dung","9":"first","10":"instock","11":"sale","12":"shipping-taxable","13":"purchasable","14":"product-type-simple"},"_links":{"self":[{"href":"https:\/\/havamall.vn\/en\/wp-json\/wp\/v2\/product\/36385"}],"collection":[{"href":"https:\/\/havamall.vn\/en\/wp-json\/wp\/v2\/product"}],"about":[{"href":"https:\/\/havamall.vn\/en\/wp-json\/wp\/v2\/types\/product"}],"replies":[{"embeddable":true,"href":"https:\/\/havamall.vn\/en\/wp-json\/wp\/v2\/comments?post=36385"}],"version-history":[{"count":0,"href":"https:\/\/havamall.vn\/en\/wp-json\/wp\/v2\/product\/36385\/revisions"}],"wp:featuredmedia":[{"embeddable":true,"href":"https:\/\/havamall.vn\/en\/wp-json\/wp\/v2\/media\/36386"}],"wp:attachment":[{"href":"https:\/\/havamall.vn\/en\/wp-json\/wp\/v2\/media?parent=36385"}],"wp:term":[{"taxonomy":"product_brand","embeddable":true,"href":"https:\/\/havamall.vn\/en\/wp-json\/wp\/v2\/product_brand?post=36385"},{"taxonomy":"product_cat","embeddable":true,"href":"https:\/\/havamall.vn\/en\/wp-json\/wp\/v2\/product_cat?post=36385"},{"taxonomy":"product_tag","embeddable":true,"href":"https:\/\/havamall.vn\/en\/wp-json\/wp\/v2\/product_tag?post=36385"}],"curies":[{"name":"wp","href":"https:\/\/api.w.org\/{rel}","templated":true}]}}