{"id":36382,"date":"2025-03-03T16:03:27","date_gmt":"2025-03-03T09:03:27","guid":{"rendered":"https:\/\/havamall.vn\/?post_type=product&#038;p=36382"},"modified":"2025-04-18T11:30:57","modified_gmt":"2025-04-18T04:30:57","slug":"sua-yen-mach-khong-duong-nguyen-chat-danh-cho-pha-che-boring-oat-milk-barista-grade-new-zealand-1l","status":"publish","type":"product","link":"https:\/\/havamall.vn\/en\/shop\/sua-yen-mach-khong-duong-nguyen-chat-danh-cho-pha-che-boring-oat-milk-barista-grade-new-zealand-1l\/","title":{"rendered":"S\u1eefa Y\u1ebfn M\u1ea1ch Kh\u00f4ng \u0110\u01b0\u1eddng Nguy\u00ean Ch\u1ea5t D\u00e0nh Cho Pha Ch\u1ebf \u2013 Boring Oat Milk Barista Grade New Zealand 1L"},"content":{"rendered":"<h2><strong>TH\u00d4NG TIN CHUNG<\/strong><\/h2>\n<table>\n<tbody>\n<tr>\n<td>Th\u01b0\u01a1ng hi\u1ec7u<\/td>\n<td>Boring oat Milk<\/td>\n<\/tr>\n<tr>\n<td>Xu\u1ea5t x\u1ee9<\/td>\n<td>New Zealand<\/td>\n<\/tr>\n<tr>\n<td>Th\u00e0nh ph\u1ea7n<\/td>\n<td>N\u01b0\u1edbc, y\u1ebfn m\u1ea1ch (12%)<em data-start=\"21\" data-end=\"51\">, d\u1ea7u h\u01b0\u1edbng d\u01b0\u01a1ng gi\u00e0u oleic<\/em>, kho\u00e1ng ch\u1ea5t (canxi carbonate, canxi phosphate), ch\u1ea5t \u0111i\u1ec3u ch\u1ec9nh \u0111\u1ed9 axit (dipotassium phosphate), mu\u1ed1i bi\u1ec3n, vitamin (riboflavin, B12).<\/td>\n<\/tr>\n<tr>\n<td>H\u1ea1n s\u1eed d\u1ee5ng<\/td>\n<td>9 th\u00e1ng k\u1ec3 t\u1eeb ng\u00e0y s\u1ea3n xu\u1ea5t.<\/td>\n<\/tr>\n<tr>\n<td>B\u1ea3o qu\u1ea3n<\/td>\n<td>N\u01a1i kh\u00f4 r\u00e1o tho\u00e1ng m\u00e1t v\u00e0 tr\u00e1nh \u00e1nh n\u1eafng m\u1eb7t tr\u1eddi. Sau khi m\u1edf n\u1eafp, b\u1ea3o qu\u1ea3n trong ng\u0103n m\u00e1t t\u1ee7 l\u1ea1nh v\u00e0 s\u1eed d\u1ee5ng h\u1ebft trong v\u00f2ng 5-7 ng\u00e0y.<\/td>\n<\/tr>\n<tr>\n<td>\u00a0Kh\u1ed1i l\u01b0\u1ee3ng<\/td>\n<td>1 L\u00edt<\/td>\n<\/tr>\n<\/tbody>\n<\/table>\n<h3 data-start=\"0\" data-end=\"48\"><strong data-start=\"4\" data-end=\"46\">Gi\u1edbi Thi\u1ec7u Th\u01b0\u01a1ng Hi\u1ec7u Boring Oat Milk<\/strong><\/h3>\n<p data-start=\"50\" data-end=\"365\"><strong data-start=\"50\" data-end=\"69\">Boring Oat Milk<\/strong>\u00a0l\u00e0 m\u1ed9t th\u01b0\u01a1ng hi\u1ec7u s\u1eefa y\u1ebfn m\u1ea1ch \u0111\u1ebfn t\u1eeb\u00a0<strong data-start=\"109\" data-end=\"124\">New Zealand<\/strong>, n\u1ed5i b\u1eadt v\u1edbi tri\u1ebft l\u00fd t\u1ed1i gi\u1ea3n nh\u01b0ng ch\u1ea5t l\u01b0\u1ee3ng. D\u00f9 c\u00f3 c\u00e1i t\u00ean \u201cBoring\u201d (ngh\u0129a l\u00e0 \u201cnh\u00e0m ch\u00e1n\u201d), nh\u01b0ng th\u01b0\u01a1ng hi\u1ec7u n\u00e0y l\u1ea1i \u0111ang t\u1ea1o ra m\u1ed9t cu\u1ed9c c\u00e1ch m\u1ea1ng trong ng\u00e0nh s\u1eefa th\u1ef1c v\u1eadt v\u1edbi cam k\u1ebft\u00a0<strong data-start=\"315\" data-end=\"362\">s\u1ea1ch, \u0111\u01a1n gi\u1ea3n v\u00e0 th\u00e2n thi\u1ec7n v\u1edbi m\u00f4i tr\u01b0\u1eddng<\/strong>.<\/p>\n<p data-start=\"415\" data-end=\"770\">Boring Oat Milk ra \u0111\u1eddi v\u1edbi mong mu\u1ed1n mang \u0111\u1ebfn m\u1ed9t s\u1ea3n ph\u1ea9m\u00a0<strong data-start=\"474\" data-end=\"512\">thu\u1ea7n chay, l\u00e0nh m\u1ea1nh, v\u00e0 b\u1ec1n v\u1eefng<\/strong>, thay th\u1ebf ho\u00e0n h\u1ea3o cho s\u1eefa b\u00f2 m\u00e0 v\u1eabn \u0111\u1ea3m b\u1ea3o \u0111\u1ee7 dinh d\u01b0\u1ee1ng. Kh\u00f4ng gi\u1ed1ng nh\u01b0 nhi\u1ec1u lo\u1ea1i s\u1eefa th\u1ef1c v\u1eadt kh\u00e1c c\u00f3 danh s\u00e1ch th\u00e0nh ph\u1ea7n d\u00e0i v\u00e0 ph\u1ee9c t\u1ea1p, Boring Oat Milk t\u1eadp trung v\u00e0o s\u1ef1 t\u1ed1i gi\u1ea3n v\u1edbi\u00a0<strong data-start=\"705\" data-end=\"767\">nguy\u00ean li\u1ec7u t\u1ef1 nhi\u00ean v\u00e0 kh\u00f4ng ch\u1ee9a ph\u1ee5 gia kh\u00f4ng c\u1ea7n thi\u1ebft<\/strong>.<\/p>\n<p data-start=\"772\" data-end=\"1024\">Th\u01b0\u01a1ng hi\u1ec7u n\u00e0y kh\u00f4ng ch\u1ec9 h\u01b0\u1edbng \u0111\u1ebfn vi\u1ec7c cung c\u1ea5p m\u1ed9t l\u1ef1a ch\u1ecdn s\u1eefa y\u1ebfn m\u1ea1ch ch\u1ea5t l\u01b0\u1ee3ng cao m\u00e0 c\u00f2n cam k\u1ebft\u00a0<strong data-start=\"878\" data-end=\"910\">gi\u1ea3m t\u00e1c \u0111\u1ed9ng \u0111\u1ebfn m\u00f4i tr\u01b0\u1eddng<\/strong>, t\u1eeb qu\u00e1 tr\u00ecnh s\u1ea3n xu\u1ea5t \u0111\u1ebfn bao b\u00ec, gi\u00fap ng\u01b0\u1eddi ti\u00eau d\u00f9ng c\u00f3 m\u1ed9t l\u1ef1a ch\u1ecdn b\u1ec1n v\u1eefng h\u01a1n cho s\u1ee9c kh\u1ecfe v\u00e0 h\u00e0nh tinh.<\/p>\n<p data-start=\"772\" data-end=\"1024\"><img fetchpriority=\"high\" decoding=\"async\" class=\"aligncenter\" src=\"https:\/\/images.accentuate.io\/?options=w3024&amp;shop=coffeesupremeshop.myshopify.com&amp;image=https:\/\/cdn.accentuate.io\/556022300732\/8869579784252\/boring-hi-5-v1631513566574.jpg?3720x2480\" width=\"1014\" height=\"634\" \/><\/p>\n<h3><strong>\u0110\u1eb6C \u0110I\u1ec2M N\u1ed4I B\u1eacT C\u1ee6A S\u1eeeA Y\u1ebeN M\u1ea0CH D\u00c0NH CHO PHA CH\u1ebe \u2013 BORING OAT MILK BARISTA NEW ZEALAND 1L<\/strong><\/h3>\n<ul>\n<li><strong>C\u00f4ng th\u1ee9c \u0111\u1eb7c bi\u1ec7t d\u00e0nh ri\u00eang cho pha ch\u1ebf<\/strong><br \/>\nBoring Oat Milk Barista \u0111\u01b0\u1ee3c thi\u1ebft k\u1ebf v\u1edbi k\u1ebft c\u1ea5u m\u1ecbn, s\u00e1nh nh\u1eb9, gi\u00fap t\u1ea1o b\u1ecdt ho\u00e0n h\u1ea3o cho c\u00e0 ph\u00ea latte, cappuccino, macchiato m\u00e0 kh\u00f4ng b\u1ecb t\u00e1ch n\u01b0\u1edbc hay lo\u00e3ng \u0111i nhanh ch\u00f3ng.<\/li>\n<li><strong>H\u01b0\u01a1ng v\u1ecb c\u00e2n b\u1eb1ng, kh\u00f4ng l\u1ea5n \u00e1t v\u1ecb c\u00e0 ph\u00ea<\/strong><br \/>\nS\u1eefa c\u00f3 v\u1ecb b\u00e9o nh\u1eb9, h\u1eadu v\u1ecb thanh, kh\u00f4ng qu\u00e1 ng\u1ecdt hay qu\u00e1 \u0111\u1eadm, gi\u00fap gi\u1eef nguy\u00ean h\u01b0\u01a1ng v\u1ecb \u0111\u1eb7c tr\u01b0ng c\u1ee7a c\u00e0 ph\u00ea m\u00e0 v\u1eabn t\u1ea1o \u0111\u1ed9 m\u1ecbn m\u00e0ng trong ly \u0111\u1ed3 u\u1ed1ng.<\/li>\n<li><strong>Kh\u00f4ng \u0111\u01b0\u1eddng \u2013 Th\u00edch h\u1ee3p cho ch\u1ebf \u0111\u1ed9 \u0103n l\u00e0nh m\u1ea1nh<\/strong><br \/>\nKh\u00f4ng ch\u1ee9a \u0111\u01b0\u1eddng hay ch\u1ea5t t\u1ea1o ng\u1ecdt nh\u00e2n t\u1ea1o, ph\u00f9 h\u1ee3p v\u1edbi ng\u01b0\u1eddi theo ch\u1ebf \u0111\u1ed9 \u0103n \u00edt \u0111\u01b0\u1eddng, eat clean, keto ho\u1eb7c thu\u1ea7n chay.<\/li>\n<li><strong>100% thu\u1ea7n chay \u2013 Kh\u00f4ng ch\u1ee9a s\u1eefa \u0111\u1ed9ng v\u1eadt &amp; kh\u00f4ng lactose<\/strong><br \/>\nL\u00e0 l\u1ef1a ch\u1ecdn ho\u00e0n h\u1ea3o cho ng\u01b0\u1eddi \u0103n chay, ng\u01b0\u1eddi kh\u00f4ng dung n\u1ea1p lactose ho\u1eb7c nh\u1eefng ai mu\u1ed1n thay th\u1ebf s\u1eefa b\u00f2 b\u1eb1ng m\u1ed9t s\u1ea3n ph\u1ea9m t\u1eeb th\u1ef1c v\u1eadt.<\/li>\n<li><strong>Ngu\u1ed3n dinh d\u01b0\u1ee1ng t\u1eeb y\u1ebfn m\u1ea1ch \u2013 B\u1ed5 sung Canxi &amp; Vitamin B12<\/strong><br \/>\nCung c\u1ea5p d\u01b0\u1ee1ng ch\u1ea5t thi\u1ebft y\u1ebfu gi\u00fap x\u01b0\u01a1ng ch\u1eafc kh\u1ecfe, h\u1ed7 tr\u1ee3 h\u1ec7 ti\u00eau h\u00f3a v\u00e0 duy tr\u00ec n\u0103ng l\u01b0\u1ee3ng \u1ed5n \u0111\u1ecbnh trong ng\u00e0y.<\/li>\n<li><strong>Kh\u00f4ng ch\u1ea5t b\u1ea3o qu\u1ea3n, kh\u00f4ng d\u1ea7u c\u1ecd, th\u00e2n thi\u1ec7n v\u1edbi m\u00f4i tr\u01b0\u1eddng<\/strong><br \/>\nTh\u00e0nh ph\u1ea7n t\u1ef1 nhi\u00ean, kh\u00f4ng ch\u1ee9a ph\u1ee5 gia nh\u00e2n t\u1ea1o hay d\u1ea7u c\u1ecd. Y\u1ebfn m\u1ea1ch l\u00e0 nguy\u00ean li\u1ec7u b\u1ec1n v\u1eefng, gi\u00fap gi\u1ea3m t\u00e1c \u0111\u1ed9ng \u0111\u1ebfn m\u00f4i tr\u01b0\u1eddng so v\u1edbi s\u1eefa b\u00f2 truy\u1ec1n th\u1ed1ng.<\/li>\n<\/ul>\n<p><img decoding=\"async\" class=\"aligncenter\" src=\"https:\/\/scontent.fhan4-6.fna.fbcdn.net\/v\/t39.30808-6\/473993103_3494122510722217_8253995411832447825_n.jpg?_nc_cat=109&amp;ccb=1-7&amp;_nc_sid=127cfc&amp;_nc_ohc=LFXgwd84904Q7kNvgEPT2KP&amp;_nc_oc=Adh8PLOdOlntux-BAR5ZFuLBYJ-GpAsOOapLystKlhUHgf7okrFPh_yEFHCXUaoEwY8&amp;_nc_zt=23&amp;_nc_ht=scontent.fhan4-6.fna&amp;_nc_gid=AgIKmth5j865tuEKv9tpktr&amp;oh=00_AYC-1ZCf6zIv2JAwvcPHNWIC1dptMmktAdPruNl24zsgDw&amp;oe=67CB3BC0\" width=\"986\" height=\"518\" \/><\/p>\n<h3><strong>C\u00d4NG D\u1ee4NG C\u1ee6A S\u1eeeA Y\u1ebeN M\u1ea0CH D\u00c0NH CHO PHA CH\u1ebe \u2013 BORING OAT MILK BARISTA NEW ZEALAND 1L<\/strong><\/h3>\n<ul>\n<li><strong>T\u1ea1o b\u1ecdt m\u1ecbn, ho\u00e0n h\u1ea3o cho pha ch\u1ebf<\/strong><br \/>\nC\u00f4ng th\u1ee9c \u0111\u1eb7c bi\u1ec7t gi\u00fap t\u1ea1o b\u1ecdt s\u1eefa \u0111\u1eb9p m\u1eaft, gi\u1eef \u0111\u01b0\u1ee3c \u0111\u1ed9 s\u00e1nh m\u1ecbn l\u00e2u h\u01a1n, gi\u00fap barista d\u1ec5 d\u00e0ng t\u1ea1o h\u00ecnh latte art chuy\u00ean nghi\u1ec7p.<\/li>\n<li><strong>Gi\u1eef tr\u1ecdn h\u01b0\u01a1ng v\u1ecb c\u00e0 ph\u00ea<\/strong><br \/>\nH\u01b0\u01a1ng v\u1ecb thanh nh\u1eb9, b\u00e9o d\u1ecbu nh\u01b0ng kh\u00f4ng l\u1ea5n \u00e1t m\u00f9i c\u00e0 ph\u00ea, gi\u00fap ly latte ho\u1eb7c cappuccino c\u00f3 s\u1ef1 c\u00e2n b\u1eb1ng ho\u00e0n h\u1ea3o.<\/li>\n<li><strong>B\u1ed5 sung dinh d\u01b0\u1ee1ng t\u1eeb th\u1ef1c v\u1eadt<\/strong><br \/>\nCung c\u1ea5p canxi, vitamin B12 v\u00e0 ch\u1ea5t x\u01a1 gi\u00fap h\u1ed7 tr\u1ee3 h\u1ec7 ti\u00eau h\u00f3a, t\u1ed1t cho x\u01b0\u01a1ng kh\u1edbp v\u00e0 t\u0103ng c\u01b0\u1eddng s\u1ee9c kh\u1ecfe t\u1ed5ng th\u1ec3.<\/li>\n<li><strong>Kh\u00f4ng lactose \u2013 Ph\u00f9 h\u1ee3p cho ng\u01b0\u1eddi \u0103n chay &amp; d\u1ecb \u1ee9ng s\u1eefa b\u00f2<\/strong><br \/>\nTh\u00edch h\u1ee3p cho ng\u01b0\u1eddi theo ch\u1ebf \u0111\u1ed9 thu\u1ea7n chay ho\u1eb7c nh\u1eefng ai kh\u00f4ng dung n\u1ea1p lactose, gi\u00fap thay th\u1ebf s\u1eefa b\u00f2 m\u1ed9t c\u00e1ch l\u00e0nh m\u1ea1nh.<\/li>\n<li><strong>Th\u00e2n thi\u1ec7n v\u1edbi m\u00f4i tr\u01b0\u1eddng<\/strong><br \/>\nY\u1ebfn m\u1ea1ch l\u00e0 nguy\u00ean li\u1ec7u b\u1ec1n v\u1eefng, gi\u1ea3m l\u01b0\u1ee3ng kh\u00ed th\u1ea3i CO\u2082 so v\u1edbi s\u1ea3n xu\u1ea5t s\u1eefa \u0111\u1ed9ng v\u1eadt, g\u00f3p ph\u1ea7n b\u1ea3o v\u1ec7 m\u00f4i tr\u01b0\u1eddng.<\/li>\n<\/ul>\n<h3><strong>H\u01af\u1edaNG D\u1eaaN S\u1eec D\u1ee4NG<\/strong><\/h3>\n<ul>\n<li><strong>D\u00f9ng tr\u1ef1c ti\u1ebfp:<\/strong>\u00a0C\u00f3 th\u1ec3 u\u1ed1ng l\u1ea1nh ho\u1eb7c \u1ea5m, l\u1eafc \u0111\u1ec1u tr\u01b0\u1edbc khi s\u1eed d\u1ee5ng \u0111\u1ec3 c\u00f3 k\u1ebft c\u1ea5u s\u1eefa m\u1ecbn h\u01a1n.<\/li>\n<li><strong>Pha c\u00e0 ph\u00ea &amp; tr\u00e0:<\/strong>\u00a0Ho\u00e0n h\u1ea3o khi k\u1ebft h\u1ee3p v\u1edbi espresso \u0111\u1ec3 l\u00e0m latte, cappuccino ho\u1eb7c tr\u00e0 s\u1eefa th\u1ef1c v\u1eadt.<\/li>\n<li><strong>Pha sinh t\u1ed1 &amp; ng\u0169 c\u1ed1c:<\/strong>\u00a0D\u00f9ng c\u00f9ng smoothie, granola ho\u1eb7c y\u1ebfn m\u1ea1ch \u0111\u1ec3 t\u0103ng th\u00eam \u0111\u1ed9 b\u00e9o t\u1ef1 nhi\u00ean.<\/li>\n<li><strong>L\u00e0m b\u00e1nh &amp; n\u1ea5u \u0103n:<\/strong>\u00a0Thay th\u1ebf s\u1eefa b\u00f2 trong c\u00e1c c\u00f4ng th\u1ee9c b\u00e1nh, soup ho\u1eb7c m\u00f3n \u0103n c\u1ea7n s\u1eefa \u0111\u1ec3 t\u0103ng \u0111\u1ed9 s\u00e1nh m\u1ecbn.<\/li>\n<\/ul>\n<p><img decoding=\"async\" class=\"aligncenter\" src=\"https:\/\/scontent.fhan3-4.fna.fbcdn.net\/v\/t39.30808-6\/363375022_887845452837764_816489816827705305_n.jpg?_nc_cat=106&amp;ccb=1-7&amp;_nc_sid=127cfc&amp;_nc_ohc=iHjSNYIcWlAQ7kNvgGRbfZb&amp;_nc_oc=AdgxdwFyekWjeh2FL3ZW7fn8eyIUIvXqmVJunuOI2anFVlVIy1tjCi-ST91LU7M5_a8&amp;_nc_zt=23&amp;_nc_ht=scontent.fhan3-4.fna&amp;_nc_gid=AAfc4lVLzdxup4Trxk2tQm6&amp;oh=00_AYCsVJp5tkGNLTizrLOyvniqldrDAfxqCufM11dDNgI29Q&amp;oe=67CB3072\" width=\"972\" height=\"972\" \/><\/p>\n<h4 data-start=\"2217\" data-end=\"2259\"><strong data-start=\"2222\" data-end=\"2257\">V\u00ec Sao Ch\u1ecdn Boring Oat Milk?<\/strong><\/h4>\n<p data-start=\"2260\" data-end=\"2557\">N\u1ebfu b\u1ea1n \u0111ang t\u00ecm ki\u1ebfm m\u1ed9t lo\u1ea1i s\u1eefa y\u1ebfn m\u1ea1ch\u00a0<strong data-start=\"2304\" data-end=\"2355\">tinh khi\u1ebft, \u00edt th\u00e0nh ph\u1ea7n nh\u01b0ng gi\u00e0u dinh d\u01b0\u1ee1ng<\/strong>, Boring Oat Milk ch\u00ednh l\u00e0 l\u1ef1a ch\u1ecdn l\u00fd t\u01b0\u1edfng. \u0110\u00e2y kh\u00f4ng ch\u1ec9 l\u00e0 m\u1ed9t th\u1ee9c u\u1ed1ng t\u1ed1t cho s\u1ee9c kh\u1ecfe m\u00e0 c\u00f2n l\u00e0 m\u1ed9t l\u1ef1a ch\u1ecdn\u00a0<strong data-start=\"2472\" data-end=\"2484\">b\u1ec1n v\u1eefng<\/strong>, gi\u00fap b\u1ea1n gi\u1ea3m d\u1ea5u ch\u00e2n carbon v\u00e0 \u0111\u00f3ng g\u00f3p v\u00e0o m\u1ed9t h\u00e0nh tinh xanh h\u01a1n. S\u1ea3n ph\u1ea9m hi\u1ec7n \u0111\u00e3 c\u00f3 m\u1eb7t t\u1ea1i Havamall.<\/p>","protected":false},"excerpt":{"rendered":"<p>TH\u00d4NG TIN CHUNG Th\u01b0\u01a1ng hi\u1ec7u Boring oat Milk Xu\u1ea5t x\u1ee9 New Zealand Th\u00e0nh ph\u1ea7n N\u01b0\u1edbc, y\u1ebfn m\u1ea1ch (12%), d\u1ea7u h\u01b0\u1edbng<\/p>","protected":false},"featured_media":36383,"comment_status":"open","ping_status":"closed","template":"","meta":[],"product_brand":[],"product_cat":[36,135],"product_tag":[],"class_list":{"0":"post-36382","1":"product","2":"type-product","3":"status-publish","4":"has-post-thumbnail","6":"product_cat-thuc-pham-tieu-dung","7":"product_cat-sua-do-uong","9":"first","10":"outofstock","11":"sale","12":"shipping-taxable","13":"purchasable","14":"product-type-simple"},"_links":{"self":[{"href":"https:\/\/havamall.vn\/en\/wp-json\/wp\/v2\/product\/36382"}],"collection":[{"href":"https:\/\/havamall.vn\/en\/wp-json\/wp\/v2\/product"}],"about":[{"href":"https:\/\/havamall.vn\/en\/wp-json\/wp\/v2\/types\/product"}],"replies":[{"embeddable":true,"href":"https:\/\/havamall.vn\/en\/wp-json\/wp\/v2\/comments?post=36382"}],"version-history":[{"count":0,"href":"https:\/\/havamall.vn\/en\/wp-json\/wp\/v2\/product\/36382\/revisions"}],"wp:featuredmedia":[{"embeddable":true,"href":"https:\/\/havamall.vn\/en\/wp-json\/wp\/v2\/media\/36383"}],"wp:attachment":[{"href":"https:\/\/havamall.vn\/en\/wp-json\/wp\/v2\/media?parent=36382"}],"wp:term":[{"taxonomy":"product_brand","embeddable":true,"href":"https:\/\/havamall.vn\/en\/wp-json\/wp\/v2\/product_brand?post=36382"},{"taxonomy":"product_cat","embeddable":true,"href":"https:\/\/havamall.vn\/en\/wp-json\/wp\/v2\/product_cat?post=36382"},{"taxonomy":"product_tag","embeddable":true,"href":"https:\/\/havamall.vn\/en\/wp-json\/wp\/v2\/product_tag?post=36382"}],"curies":[{"name":"wp","href":"https:\/\/api.w.org\/{rel}","templated":true}]}}