{"id":36370,"date":"2025-03-03T15:51:28","date_gmt":"2025-03-03T08:51:28","guid":{"rendered":"https:\/\/havamall.vn\/?post_type=product&#038;p=36370"},"modified":"2025-03-03T15:51:28","modified_gmt":"2025-03-03T08:51:28","slug":"keo-deo-vi-cola-nhap-khau-duc-happy-haribo-150g-gummy-candy-happy-cola-haribo","status":"publish","type":"product","link":"https:\/\/havamall.vn\/en\/shop\/keo-deo-vi-cola-nhap-khau-duc-happy-haribo-150g-gummy-candy-happy-cola-haribo\/","title":{"rendered":"K\u1eb9o D\u1ebbo V\u1ecb Cola Nh\u1eadp Kh\u1ea9u \u0110\u1ee9c Happy Haribo 150g \u2013 Gummy Candy Happy Cola Haribo"},"content":{"rendered":"<h3><strong>TH\u00d4NG TIN S\u1ea2N PH\u1ea8M<\/strong><\/h3>\n<table>\n<tbody>\n<tr>\n<td>Th\u01b0\u01a1ng hi\u1ec7u<\/td>\n<td>Haribo<\/td>\n<\/tr>\n<tr>\n<td>Xu\u1ea5t X\u1ee9<\/td>\n<td>\u0110\u1ee9c<\/td>\n<\/tr>\n<tr>\n<td>Th\u00e0nh ph\u1ea7n<\/td>\n<td>\n<p data-start=\"1054\" data-end=\"1149\">\u0110\u01b0\u1eddng, siro glucose, gelatin, h\u01b0\u01a1ng li\u1ec7u cola t\u1ef1 nhi\u00ean, ch\u1ea5t t\u1ea1o m\u00e0u t\u1ef1 nhi\u00ean,\u2026<\/p>\n<\/td>\n<\/tr>\n<tr>\n<td>H\u1ea1n s\u1eed d\u1ee5ng<\/td>\n<td>12 th\u00e1ng k\u1ec3 t\u1eeb ng\u00e0y s\u1ea3n xu\u1ea5t<\/td>\n<\/tr>\n<tr>\n<td>B\u1ea3o qu\u1ea3n<\/td>\n<td>B\u1ea3o qu\u1ea3n n\u01a1i kh\u00f4 r\u00e1o, tr\u00e1nh \u00e1nh n\u1eafng tr\u1ef1c ti\u1ebfp v\u00e0 nhi\u1ec7t \u0111\u1ed9 cao<\/td>\n<\/tr>\n<tr>\n<td>Kh\u1ed1i l\u01b0\u1ee3ng t\u1ecbnh<\/td>\n<td>150g<\/td>\n<\/tr>\n<\/tbody>\n<\/table>\n<p><strong>Haribo<\/strong>\u00a0l\u00e0 th\u01b0\u01a1ng hi\u1ec7u k\u1eb9o d\u1ebbo h\u00e0ng \u0111\u1ea7u th\u1ebf gi\u1edbi, \u0111\u01b0\u1ee3c th\u00e0nh l\u1eadp v\u00e0o ng\u00e0y 13 th\u00e1ng 12 n\u0103m 1920 b\u1edfi Hans Riegel Sr. t\u1ea1i Bonn, \u0110\u1ee9c. T\u00ean g\u1ecdi \u201cHaribo\u201d ch\u00ednh l\u00e0 vi\u1ebft t\u1eaft c\u1ee7a \u201cHans Riegel, Bonn\u201d. V\u1edbi h\u01a1n m\u1ed9t th\u1ebf k\u1ef7 ph\u00e1t tri\u1ec3n, Haribo \u0111\u00e3 c\u00f3 m\u1eb7t t\u1ea1i h\u01a1n 110 qu\u1ed1c gia v\u00e0 s\u1ea3n xu\u1ea5t h\u01a1n 100 tri\u1ec7u chi\u1ebfc k\u1eb9o m\u1ed7i ng\u00e0y, tr\u1edf th\u00e0nh bi\u1ec3u t\u01b0\u1ee3ng k\u1eb9o d\u1ebbo \u0111\u01b0\u1ee3c y\u00eau th\u00edch tr\u00ean to\u00e0n c\u1ea7u.<\/p>\n<p><img decoding=\"async\" class=\"aligncenter\" src=\"https:\/\/havamall.vn\/wp-content\/uploads\/2025\/03\/9e373ad6-711c-48c4-8895-3db8be83.jpg\" \/><\/p>\n<p>K\u1eb9o d\u1ebbo\u00a0<strong>Haribo Happy Cola<\/strong>\u00a0mang \u0111\u1ebfn h\u01b0\u01a1ng v\u1ecb cola quen thu\u1ed9c nh\u01b0ng \u0111\u1ea7y m\u1edbi l\u1ea1, t\u1ea1o c\u1ea3m gi\u00e1c s\u1ea3ng kho\u00e1i ngay t\u1eeb mi\u1ebfng \u0111\u1ea7u ti\u00ean. \u0110\u1eb7c bi\u1ec7t, k\u1eb9o \u0111\u01b0\u1ee3c t\u1ea1o h\u00ecnh nh\u1eefng chai coca cola nh\u1ecf xinh, tr\u00f4ng v\u00f4 c\u00f9ng s\u1ed1ng \u0111\u1ed9ng v\u00e0 h\u1ea5p d\u1eabn, khi\u1ebfn vi\u1ec7c th\u01b0\u1edfng th\u1ee9c tr\u1edf n\u00ean th\u00fa v\u1ecb h\u01a1n bao gi\u1edd h\u1ebft. Kh\u00f4ng ch\u1ec9 l\u00e0 m\u00f3n \u0103n v\u1eb7t th\u01a1m ngon, Haribo Happy Cola c\u00f2n k\u00edch th\u00edch tr\u00ed t\u01b0\u1edfng t\u01b0\u1ee3ng, gi\u00fap tr\u1ebb em v\u1eeba nh\u00e2m nhi v\u1eeba th\u1ecfa s\u1ee9c s\u00e1ng t\u1ea1o. Gi\u1ed1ng nh\u01b0 c\u00e1c d\u00f2ng k\u1eb9o d\u1ebbo kh\u00e1c c\u1ee7a Haribo, s\u1ea3n ph\u1ea9m n\u00e0y ph\u00f9 h\u1ee3p cho tr\u1ebb t\u1eeb 3 tu\u1ed5i tr\u1edf l\u00ean.<\/p>\n<p><img fetchpriority=\"high\" decoding=\"async\" class=\"aligncenter\" src=\"https:\/\/havamall.vn\/wp-content\/uploads\/2025\/03\/2885c316-18d5-482c-b798-518c7fd234ed_size3840_cropCenter.jpg\" alt=\"Haribo Happy Cola Gummy Candy 160 g Online at Best Price | Lulu UAE\" width=\"958\" height=\"947\" \/><\/p>\n<h3><strong>\u0110\u1eb6C \u0110I\u1ec2M N\u1ed4I B\u1eacT C\u1ee6A K\u1eb8O D\u1ebaO HARIBO HAPPY COLA<\/strong><\/h3>\n<ul>\n<li><strong>H\u01b0\u01a1ng v\u1ecb cola \u0111\u1ed9c \u0111\u00e1o, s\u1ea3ng kho\u00e1i:<\/strong>\u00a0K\u1eb9o mang \u0111\u1ebfn v\u1ecb cola th\u01a1m ngon, v\u1eeba quen thu\u1ed9c v\u1eeba m\u1edbi l\u1ea1, t\u1ea1o c\u1ea3m gi\u00e1c th\u00edch th\u00fa khi th\u01b0\u1edfng th\u1ee9c.<\/li>\n<li><strong>H\u00ecnh d\u00e1ng chai cola s\u1ed1ng \u0111\u1ed9ng:<\/strong>\u00a0\u0110\u01b0\u1ee3c t\u1ea1o h\u00ecnh th\u00e0nh nh\u1eefng chai coca cola nh\u1ecf nh\u1eafn, gi\u00fap tr\u1ea3i nghi\u1ec7m \u0103n k\u1eb9o th\u00eam vui m\u1eaft v\u00e0 th\u00fa v\u1ecb.<\/li>\n<li><strong>K\u1ebft c\u1ea5u d\u1ebbo dai, nhai vui mi\u1ec7ng:<\/strong>\u00a0\u0110\u1ed9 m\u1ec1m d\u1ebbo v\u1eeba ph\u1ea3i gi\u00fap k\u1eb9o kh\u00f4ng b\u1ecb qu\u00e1 c\u1ee9ng hay d\u00ednh r\u0103ng, mang l\u1ea1i c\u1ea3m gi\u00e1c nhai th\u00edch th\u00fa.<\/li>\n<li><strong>Ph\u00f9 h\u1ee3p cho tr\u1ebb t\u1eeb 3 tu\u1ed5i tr\u1edf l\u00ean:<\/strong>\u00a0Kh\u00f4ng ch\u1ec9 l\u00e0 m\u00f3n \u0103n v\u1eb7t ngon mi\u1ec7ng, k\u1eb9o c\u00f2n k\u00edch th\u00edch tr\u00ed t\u01b0\u1edfng t\u01b0\u1ee3ng v\u00e0 s\u1ef1 s\u00e1ng t\u1ea1o c\u1ee7a tr\u1ebb nh\u1ecf.<\/li>\n<li><strong>Th\u01b0\u01a1ng hi\u1ec7u Haribo danh ti\u1ebfng:<\/strong>\u00a0L\u00e0 s\u1ea3n ph\u1ea9m \u0111\u1ebfn t\u1eeb th\u01b0\u01a1ng hi\u1ec7u k\u1eb9o d\u1ebbo h\u00e0ng \u0111\u1ea7u th\u1ebf gi\u1edbi v\u1edbi h\u01a1n 100 n\u0103m kinh nghi\u1ec7m, \u0111\u1ea3m b\u1ea3o ch\u1ea5t l\u01b0\u1ee3ng v\u00e0 an to\u00e0n.<\/li>\n<li><strong>\u0110\u00f3ng g\u00f3i ti\u1ec7n l\u1ee3i:<\/strong>\u00a0T\u00fai 150g nh\u1ecf g\u1ecdn, d\u1ec5 d\u00e0ng mang theo khi \u0111i h\u1ecdc, \u0111i ch\u01a1i ho\u1eb7c l\u00e0m qu\u00e0 t\u1eb7ng cho b\u1ea1n b\u00e8, ng\u01b0\u1eddi th\u00e2n.<\/li>\n<\/ul>\n<p><strong>K\u1eb9o D\u1ebbo V\u1ecb Cola Happy Haribo 150g<\/strong>\u00a0kh\u00f4ng ch\u1ec9 l\u00e0 m\u00f3n \u0103n v\u1eb7t ngon mi\u1ec7ng m\u00e0 c\u00f2n mang l\u1ea1i tr\u1ea3i nghi\u1ec7m th\u00fa v\u1ecb nh\u1edd h\u01b0\u01a1ng v\u1ecb cola \u0111\u1ed9c \u0111\u00e1o v\u00e0 h\u00ecnh d\u00e1ng chai cola b\u1eaft m\u1eaft. \u0110\u00e2y ch\u1eafc ch\u1eafn l\u00e0 l\u1ef1a ch\u1ecdn ho\u00e0n h\u1ea3o cho nh\u1eefng ai y\u00eau th\u00edch k\u1eb9o d\u1ebbo v\u00e0 h\u01b0\u01a1ng v\u1ecb cola. S\u1ea3n ph\u1ea9m hi\u1ec7n \u0111\u00e3 c\u00f3 m\u1eb7t t\u1ea1i\u00a0<strong>Havamall<\/strong>.<\/p>","protected":false},"excerpt":{"rendered":"<p>TH\u00d4NG TIN S\u1ea2N PH\u1ea8M Th\u01b0\u01a1ng hi\u1ec7u Haribo Xu\u1ea5t X\u1ee9 \u0110\u1ee9c Th\u00e0nh ph\u1ea7n \u0110\u01b0\u1eddng, siro glucose, gelatin, h\u01b0\u01a1ng li\u1ec7u cola t\u1ef1<\/p>","protected":false},"featured_media":36371,"comment_status":"open","ping_status":"closed","template":"","meta":[],"product_brand":[],"product_cat":[36,133],"product_tag":[],"class_list":{"0":"post-36370","1":"product","2":"type-product","3":"status-publish","4":"has-post-thumbnail","6":"product_cat-thuc-pham-tieu-dung","7":"product_cat-banh-keo-chocolate","9":"first","10":"instock","11":"sale","12":"shipping-taxable","13":"purchasable","14":"product-type-simple"},"_links":{"self":[{"href":"https:\/\/havamall.vn\/en\/wp-json\/wp\/v2\/product\/36370"}],"collection":[{"href":"https:\/\/havamall.vn\/en\/wp-json\/wp\/v2\/product"}],"about":[{"href":"https:\/\/havamall.vn\/en\/wp-json\/wp\/v2\/types\/product"}],"replies":[{"embeddable":true,"href":"https:\/\/havamall.vn\/en\/wp-json\/wp\/v2\/comments?post=36370"}],"version-history":[{"count":0,"href":"https:\/\/havamall.vn\/en\/wp-json\/wp\/v2\/product\/36370\/revisions"}],"wp:featuredmedia":[{"embeddable":true,"href":"https:\/\/havamall.vn\/en\/wp-json\/wp\/v2\/media\/36371"}],"wp:attachment":[{"href":"https:\/\/havamall.vn\/en\/wp-json\/wp\/v2\/media?parent=36370"}],"wp:term":[{"taxonomy":"product_brand","embeddable":true,"href":"https:\/\/havamall.vn\/en\/wp-json\/wp\/v2\/product_brand?post=36370"},{"taxonomy":"product_cat","embeddable":true,"href":"https:\/\/havamall.vn\/en\/wp-json\/wp\/v2\/product_cat?post=36370"},{"taxonomy":"product_tag","embeddable":true,"href":"https:\/\/havamall.vn\/en\/wp-json\/wp\/v2\/product_tag?post=36370"}],"curies":[{"name":"wp","href":"https:\/\/api.w.org\/{rel}","templated":true}]}}