{"id":36358,"date":"2025-03-02T14:59:01","date_gmt":"2025-03-02T07:59:01","guid":{"rendered":"https:\/\/havamall.vn\/?post_type=product&#038;p=36358"},"modified":"2025-03-02T15:10:06","modified_gmt":"2025-03-02T08:10:06","slug":"tran-chau-duong-den-an-lien-cao-cap-oppa-bubble-hop-350g-10-goi","status":"publish","type":"product","link":"https:\/\/havamall.vn\/en\/shop\/tran-chau-duong-den-an-lien-cao-cap-oppa-bubble-hop-350g-10-goi\/","title":{"rendered":"Tr\u00e2n Ch\u00e2u \u0110\u01b0\u1eddng \u0110en \u0102n Li\u1ec1n Cao C\u1ea5p Oppa Bubble \u2013 H\u1ed9p 350g (10 G\u00f3i)"},"content":{"rendered":"<h2 class=\"product-detail__specs-title\"><strong>TH\u00d4NG TIN CHUNG<\/strong><\/h2>\n<div id=\"js-product-detail__specs\" class=\"product-detail__specs\">\n<div class=\"row\">\n<div class=\"col-sm-12\">\n<div class=\"product-specs__table\">\n<table>\n<tbody>\n<tr>\n<td class=\"specs-table__property\">Th\u01b0\u01a1ng hi\u1ec7u<\/td>\n<td class=\"specs-table__value\">Oppa Bubble<\/td>\n<\/tr>\n<tr>\n<td class=\"specs-table__property\">Xu\u1ea5t x\u1ee9<\/td>\n<td class=\"specs-table__value\">Vi\u1ec7t Nam<\/td>\n<\/tr>\n<tr>\n<td class=\"specs-table__property\">H\u1ea1n s\u1eed d\u1ee5ng<\/td>\n<td class=\"specs-table__value\">12 th\u00e1ng k\u1ec3 t\u1eeb ng\u00e0y s\u1ea3n xu\u1ea5t.<\/td>\n<\/tr>\n<tr>\n<td class=\"specs-table__property\">H\u01b0\u1edbng d\u1eabn s\u1eed d\u1ee5ng<\/td>\n<td class=\"specs-table__value\">\n<div>D\u00f9ng tr\u1ef1c ti\u1ebfp<\/div>\n<\/td>\n<\/tr>\n<tr>\n<td class=\"specs-table__property\">H\u01b0\u1edbng d\u1eabn b\u1ea3o qu\u1ea3n<\/td>\n<td class=\"specs-table__value\">B\u1ea3o qu\u1ea3n ng\u0103n m\u00e1t ho\u1eb7c \u0111\u1ec3 ngo\u00e0i h\u1ea1n ch\u1ebf \u00e1nh n\u1eafng tr\u1ef1c ti\u1ebfp<\/td>\n<\/tr>\n<tr>\n<td class=\"specs-table__property\">Th\u00e0nh ph\u1ea7n nguy\u00ean li\u1ec7u<\/td>\n<td class=\"specs-table__value\">\n<div class=\"flex max-w-full flex-col flex-grow\">\n<div class=\"min-h-8 text-message relative flex w-full flex-col items-end gap-2 whitespace-normal break-words text-start [.text-message+&amp;]:mt-5\" dir=\"auto\" data-message-author-role=\"assistant\" data-message-id=\"1845d3dd-37a4-479e-a56a-fcc0224bd066\" data-message-model-slug=\"gpt-4o\">\n<div class=\"flex w-full flex-col gap-1 empty:hidden first:pt-[3px]\">\n<div class=\"markdown prose w-full break-words dark:prose-invert dark\">\n<p data-start=\"0\" data-end=\"122\" data-is-last-node=\"\" data-is-only-node=\"\">N\u01b0\u1edbc, \u0111\u01b0\u1eddng, b\u1ed9t rau c\u00e2u, tinh b\u1ed9t s\u1eafn, ch\u1ea5t l\u00e0m d\u00e0y (INS 407, INS 425), ch\u1ea5t \u0111i\u1ec1u ch\u1ec9nh \u0111\u1ed9 acid, ch\u1ea5t b\u1ea3o qu\u1ea3n an to\u00e0n th\u1ef1c ph\u1ea9m.<\/p>\n<\/div>\n<\/div>\n<\/div>\n<\/div>\n<\/td>\n<\/tr>\n<tr>\n<td class=\"specs-table__property\">Kh\u1ed1i l\u01b0\u1ee3ng<\/td>\n<td class=\"specs-table__value\">350g (35g x 10 g\u00f3i)<\/td>\n<\/tr>\n<\/tbody>\n<\/table>\n<p data-sourcepos=\"3:1-3:27\"><span style=\"font-size: 14pt\"><strong>Th\u01b0\u01a1ng hi\u1ec7u: OppaBubble<\/strong><\/span><\/p>\n<ul data-sourcepos=\"5:1-8:0\">\n<li data-sourcepos=\"5:1-5:315\"><strong>T\u00ean g\u1ecdi:<\/strong>\u00a0\u201cOppa\u201d trong ti\u1ebfng H\u00e0n Qu\u1ed1c th\u01b0\u1eddng \u0111\u01b0\u1ee3c c\u00e1c b\u1ea1n n\u1eef d\u00f9ng \u0111\u1ec3 g\u1ecdi nh\u1eefng ng\u01b0\u1eddi anh trai ho\u1eb7c ng\u01b0\u1eddi \u0111\u00e0n \u00f4ng l\u1edbn tu\u1ed5i h\u01a1n m\u1ed9t c\u00e1ch th\u00e2n m\u1eadt. \u201cBubble\u201d g\u1ee3i li\u00ean t\u01b0\u1edfng \u0111\u1ebfn nh\u1eefng vi\u00ean tr\u00e2n ch\u00e2u tr\u00f2n tr\u1ecba, dai ngon. S\u1ef1 k\u1ebft h\u1ee3p n\u00e0y t\u1ea1o n\u00ean m\u1ed9t c\u00e1i t\u00ean v\u1eeba g\u1ea7n g\u0169i, \u0111\u00e1ng y\u00eau, v\u1eeba li\u00ean quan tr\u1ef1c ti\u1ebfp \u0111\u1ebfn s\u1ea3n ph\u1ea9m.<\/li>\n<li data-sourcepos=\"6:1-6:167\"><strong>Phong c\u00e1ch:<\/strong>\u00a0Th\u01b0\u01a1ng hi\u1ec7u OppaBubble h\u01b0\u1edbng \u0111\u1ebfn s\u1ef1 tr\u1ebb trung, n\u0103ng \u0111\u1ed9ng v\u00e0 hi\u1ec7n \u0111\u1ea1i, th\u1ec3 hi\u1ec7n qua thi\u1ebft k\u1ebf bao b\u00ec b\u1eaft m\u1eaft v\u1edbi h\u00ecnh \u1ea3nh nh\u00e2n v\u1eadt ho\u1ea1t h\u00ecnh d\u1ec5 th\u01b0\u01a1ng.<\/li>\n<li data-sourcepos=\"7:1-8:0\"><strong>\u0110\u1ecbnh v\u1ecb:<\/strong>\u00a0OppaBubble c\u00f3 th\u1ec3 h\u01b0\u1edbng \u0111\u1ebfn \u0111\u1ed1i t\u01b0\u1ee3ng kh\u00e1ch h\u00e0ng tr\u1ebb tu\u1ed5i, \u0111\u1eb7c bi\u1ec7t l\u00e0 nh\u1eefng ng\u01b0\u1eddi y\u00eau th\u00edch tr\u00e0 s\u1eefa tr\u00e2n ch\u00e2u v\u00e0 c\u00e1c m\u00f3n \u0103n v\u1eb7t ti\u1ec7n l\u1ee3i.<\/li>\n<\/ul>\n<p><strong data-start=\"137\" data-end=\"171\">OppaBubble Tr\u00e2n Ch\u00e2u \u0110\u01b0\u1eddng \u0110en<\/strong> l\u00e0 lo\u1ea1i tr\u00e2n ch\u00e2u \u0103n li\u1ec1n ti\u1ec7n l\u1ee3i, kh\u00f4ng c\u1ea7n n\u1ea5u, gi\u00fap b\u1ea1n d\u1ec5 d\u00e0ng th\u01b0\u1edfng th\u1ee9c v\u1ecb tr\u00e2n ch\u00e2u dai ngon v\u1edbi h\u01b0\u01a1ng \u0111\u01b0\u1eddng \u0111en th\u01a1m l\u1eebng. \u0110\u00e2y l\u00e0 l\u1ef1a ch\u1ecdn l\u00fd t\u01b0\u1edfng cho nh\u1eefng ng\u01b0\u1eddi y\u00eau th\u00edch tr\u00e0 s\u1eefa, ch\u00e8 ho\u1eb7c c\u00e1c m\u00f3n tr\u00e1ng mi\u1ec7ng nh\u01b0ng kh\u00f4ng c\u00f3 nhi\u1ec1u th\u1eddi gian ch\u1ebf bi\u1ebfn.<\/p>\n<p><img fetchpriority=\"high\" decoding=\"async\" class=\"aligncenter\" src=\"https:\/\/scontent.fhan4-5.fna.fbcdn.net\/v\/t39.30808-6\/471147678_1022858059862875_3402770275449224056_n.jpg?_nc_cat=102&amp;ccb=1-7&amp;_nc_sid=127cfc&amp;_nc_ohc=1V37vpQUJdQQ7kNvgFwrvJo&amp;_nc_oc=AdhBYOJgVkZewP3j-S5Z3uv2eLdVYNbbxKRPoCdLCIdKq55gg49O24Ej4U4K_PXUX6U&amp;_nc_zt=23&amp;_nc_ht=scontent.fhan4-5.fna&amp;_nc_gid=ADazhopGbXW1Hywj-MMlDP8&amp;oh=00_AYBD9WtcJX8L5yQHBUa9dcGKJUXLcwqslJ_6pJ13qzXjxQ&amp;oe=67C9C5D3\" width=\"691\" height=\"691\" \/><\/p>\n<p data-sourcepos=\"9:1-9:41\"><span style=\"font-size: 14pt\"><strong>Tr\u00e2n Ch\u00e2u \u0110\u01b0\u1eddng \u0110en \u0102n Li\u1ec1n<\/strong><\/span><\/p>\n<ul data-sourcepos=\"11:1-20:0\">\n<li data-sourcepos=\"11:1-11:165\"><strong>Lo\u1ea1i s\u1ea3n ph\u1ea9m:<\/strong>\u00a0Tr\u00e2n ch\u00e2u \u0111\u00e3 \u0111\u01b0\u1ee3c ch\u1ebf bi\u1ebfn s\u1eb5n, c\u00f3 th\u1ec3 \u0103n li\u1ec1n m\u00e0 kh\u00f4ng c\u1ea7n n\u1ea5u n\u01b0\u1edbng. \u0110i\u1ec1u n\u00e0y mang \u0111\u1ebfn s\u1ef1 ti\u1ec7n l\u1ee3i t\u1ed1i \u0111a cho ng\u01b0\u1eddi ti\u00eau d\u00f9ng.<\/li>\n<li data-sourcepos=\"12:1-15:134\"><strong>\u0110\u1eb7c \u0111i\u1ec3m n\u1ed5i b\u1eadt:<\/strong>\n<ul data-sourcepos=\"13:5-15:134\">\n<li data-sourcepos=\"13:5-13:96\"><strong>Tr\u00e2n Ch\u00e2u \u0110\u01b0\u1eddng \u0110en \u0102n Li\u1ec1n Cao C\u1ea5p<\/strong>\u00a0l\u00e0 topping kh\u00f4ng th\u1ec3 thi\u1ebfu trong m\u00f3n tr\u00e0 s\u1eefa<\/li>\n<li data-sourcepos=\"13:5-13:96\"><strong>H\u1ea1t tr\u00e2n ch\u00e2u<\/strong> c\u00f3 d\u1ea1ng vi\u00ean tr\u00f2n, k\u00edch c\u1ee1 b\u1eb1ng tr\u00e2n ch\u00e2u th\u00f4ng th\u01b0\u1eddng, \u0111\u01b0\u1ee3c l\u00e0m t\u1eeb tinh b\u1ed9t s\u1eafn, m\u00e0u <strong data-start=\"196\" data-end=\"211\">\u0111en \u00f3ng \u00e1nh<\/strong> \u0111\u1eb7c tr\u01b0ng c\u1ee7a \u0111\u01b0\u1eddng \u0111en, t\u1ea1o c\u1ea3m gi\u00e1c h\u1ea5p d\u1eabn khi th\u01b0\u1edfng th\u1ee9c.<\/li>\n<li data-sourcepos=\"13:5-13:96\"><strong>\u0110\u1ed9 d\u1ebbo, \u0111\u1ed9 dai v\u00e0 m\u00f9i th\u01a1m:\u00a0<\/strong>L\u1edbp ngo\u00e0i m\u1ec1m d\u1ebbo, d\u1ec5 nhai. Ph\u1ea7n l\u00f5i v\u1eabn gi\u1eef \u0111\u01b0\u1ee3c \u0111\u1ed9 dai v\u1eeba ph\u1ea3i, kh\u00f4ng qu\u00e1 c\u1ee9ng c\u0169ng kh\u00f4ng qu\u00e1 b\u1edf, \u0111\u01b0\u1ee3c ng\u00e2m trong s\u1ed1t \u0111\u01b0\u1eddng \u0111en n\u00ean c\u00f3 v\u1ecb ng\u1ecdt \u0111\u1eadm \u0111\u00e0, th\u01a1m caramel.<\/li>\n<li data-sourcepos=\"15:5-15:134\"><strong>Kh\u1ed1i l\u01b0\u1ee3ng t\u1ecbnh<\/strong>: 350g (35g x 10 g\u00f3i). S\u1ea3n ph\u1ea9m \u0111\u01b0\u1ee3c chia th\u00e0nh nhi\u1ec1u g\u00f3i nh\u1ecf, d\u1ec5 d\u00e0ng b\u1ea3o qu\u1ea3n v\u00e0 s\u1eed d\u1ee5ng.<\/li>\n<\/ul>\n<\/li>\n<\/ul>\n<p><img decoding=\"async\" class=\"aligncenter\" src=\"https:\/\/scontent.fhan4-6.fna.fbcdn.net\/v\/t39.30808-6\/470867679_1021412863340728_3022352744088280203_n.jpg?_nc_cat=108&amp;ccb=1-7&amp;_nc_sid=127cfc&amp;_nc_ohc=dmjh6rW3wEkQ7kNvgEcYf45&amp;_nc_oc=AdgdnrjP_3AEpUC7SUU6aZn2eDIUV1i1a-BLxkhzLHYfo7jMAqyfQOQzv-S9uSShKME&amp;_nc_zt=23&amp;_nc_ht=scontent.fhan4-6.fna&amp;_nc_gid=AoFQtfq1NcYe9OvwIRzwyjM&amp;oh=00_AYAC-8QsBiNnktvTqXlJghK0tTr0KjmnwJpDCsovS4MrqA&amp;oe=67C9F79C\" width=\"769\" height=\"769\" \/><\/p>\n<p><span style=\"font-size: 14pt\"><strong>C\u00c1CH D\u00d9NG:<\/strong><\/span><\/p>\n<ul>\n<li><strong data-start=\"1039\" data-end=\"1058\">D\u00f9ng tr\u1ef1c ti\u1ebfp:<\/strong> C\u1eaft g\u00f3i v\u00e0 th\u01b0\u1edfng th\u1ee9c ngay.<\/li>\n<li><strong data-start=\"1092\" data-end=\"1113\">D\u00f9ng k\u00e8m tr\u00e0 s\u1eefa:<\/strong> Th\u00eam v\u00e0o ly tr\u00e0 s\u1eefa \u0111\u1ec3 t\u0103ng \u0111\u1ed9 ngon mi\u1ec7ng.<\/li>\n<li><strong data-start=\"1161\" data-end=\"1183\">D\u00f9ng v\u1edbi s\u1eefa t\u01b0\u01a1i:<\/strong> K\u1ebft h\u1ee3p tr\u00e2n ch\u00e2u v\u1edbi s\u1eefa t\u01b0\u01a1i l\u1ea1nh t\u1ea1o n\u00ean m\u00f3n <strong data-start=\"1232\" data-end=\"1264\">s\u1eefa t\u01b0\u01a1i tr\u00e2n ch\u00e2u \u0111\u01b0\u1eddng \u0111en<\/strong> h\u1ea5p d\u1eabn.<\/li>\n<li><strong data-start=\"1278\" data-end=\"1313\">D\u00f9ng trong c\u00e1c m\u00f3n tr\u00e1ng mi\u1ec7ng:<\/strong> C\u00f3 th\u1ec3 cho v\u00e0o ch\u00e8, kem, b\u00e1nh ng\u1ecdt ho\u1eb7c sinh t\u1ed1.<\/li>\n<\/ul>\n<p>S\u1ea3n ph\u1ea9m hi\u1ec7n \u0111\u00e3 c\u00f3 m\u1eb7t t\u1ea1i Havamall, qu\u00fd kh\u00e1ch li\u00ean h\u1ec7 hotline: 0946 229 642 \u0111\u1ec3 \u0111\u01b0\u1ee3c t\u01b0 v\u1ea5n nh\u00e9.<\/p>\n<\/div>\n<\/div>\n<\/div>\n<\/div>\n","protected":false},"excerpt":{"rendered":"<p>TH\u00d4NG TIN CHUNG Th\u01b0\u01a1ng hi\u1ec7u Oppa Bubble Xu\u1ea5t x\u1ee9 Vi\u1ec7t Nam H\u1ea1n s\u1eed d\u1ee5ng 12 th\u00e1ng k\u1ec3 t\u1eeb ng\u00e0y s\u1ea3n<\/p>","protected":false},"featured_media":36359,"comment_status":"open","ping_status":"closed","template":"","meta":[],"product_brand":[],"product_cat":[36],"product_tag":[],"class_list":{"0":"post-36358","1":"product","2":"type-product","3":"status-publish","4":"has-post-thumbnail","6":"product_cat-thuc-pham-tieu-dung","7":"pa_brand-oppa-bubble","9":"first","10":"instock","11":"sale","12":"shipping-taxable","13":"purchasable","14":"product-type-simple"},"_links":{"self":[{"href":"https:\/\/havamall.vn\/en\/wp-json\/wp\/v2\/product\/36358"}],"collection":[{"href":"https:\/\/havamall.vn\/en\/wp-json\/wp\/v2\/product"}],"about":[{"href":"https:\/\/havamall.vn\/en\/wp-json\/wp\/v2\/types\/product"}],"replies":[{"embeddable":true,"href":"https:\/\/havamall.vn\/en\/wp-json\/wp\/v2\/comments?post=36358"}],"version-history":[{"count":0,"href":"https:\/\/havamall.vn\/en\/wp-json\/wp\/v2\/product\/36358\/revisions"}],"wp:featuredmedia":[{"embeddable":true,"href":"https:\/\/havamall.vn\/en\/wp-json\/wp\/v2\/media\/36359"}],"wp:attachment":[{"href":"https:\/\/havamall.vn\/en\/wp-json\/wp\/v2\/media?parent=36358"}],"wp:term":[{"taxonomy":"product_brand","embeddable":true,"href":"https:\/\/havamall.vn\/en\/wp-json\/wp\/v2\/product_brand?post=36358"},{"taxonomy":"product_cat","embeddable":true,"href":"https:\/\/havamall.vn\/en\/wp-json\/wp\/v2\/product_cat?post=36358"},{"taxonomy":"product_tag","embeddable":true,"href":"https:\/\/havamall.vn\/en\/wp-json\/wp\/v2\/product_tag?post=36358"}],"curies":[{"name":"wp","href":"https:\/\/api.w.org\/{rel}","templated":true}]}}