{"id":36353,"date":"2025-03-02T14:32:51","date_gmt":"2025-03-02T07:32:51","guid":{"rendered":"https:\/\/havamall.vn\/?post_type=product&#038;p=36353"},"modified":"2025-03-02T15:35:35","modified_gmt":"2025-03-02T08:35:35","slug":"tran-chau-hoang-kim-an-lien-cao-cap-oppa-bubble-hop-350g-10-goi","status":"publish","type":"product","link":"https:\/\/havamall.vn\/en\/shop\/tran-chau-hoang-kim-an-lien-cao-cap-oppa-bubble-hop-350g-10-goi\/","title":{"rendered":"Tr\u00e2n Ch\u00e2u Ho\u00e0ng Kim \u0102n Li\u1ec1n Cao C\u1ea5p Oppa Bubble &#8211; H\u1ed9p 350g (10 G\u00f3i)"},"content":{"rendered":"<h2 class=\"product-detail__specs-title\"><strong>TH\u00d4NG TIN CHUNG<\/strong><\/h2>\n<div id=\"js-product-detail__specs\" class=\"product-detail__specs\">\n<div class=\"row\">\n<div class=\"col-sm-12\">\n<div class=\"product-specs__table\">\n<table>\n<tbody>\n<tr>\n<td class=\"specs-table__property\">Th\u01b0\u01a1ng hi\u1ec7u<\/td>\n<td class=\"specs-table__value\">Oppa Bubble<\/td>\n<\/tr>\n<tr>\n<td class=\"specs-table__property\">Xu\u1ea5t x\u1ee9<\/td>\n<td class=\"specs-table__value\">Vi\u1ec7t Nam<\/td>\n<\/tr>\n<tr>\n<td class=\"specs-table__property\">H\u1ea1n s\u1eed d\u1ee5ng<\/td>\n<td class=\"specs-table__value\">12 th\u00e1ng k\u1ec3 t\u1eeb ng\u00e0y s\u1ea3n xu\u1ea5t.<\/td>\n<\/tr>\n<tr>\n<td class=\"specs-table__property\">H\u01b0\u1edbng d\u1eabn s\u1eed d\u1ee5ng<\/td>\n<td class=\"specs-table__value\">\n<div>D\u00f9ng tr\u1ef1c ti\u1ebfp<\/div>\n<\/td>\n<\/tr>\n<tr>\n<td class=\"specs-table__property\">H\u01b0\u1edbng d\u1eabn b\u1ea3o qu\u1ea3n<\/td>\n<td class=\"specs-table__value\">B\u1ea3o qu\u1ea3n ng\u0103n m\u00e1t ho\u1eb7c \u0111\u1ec3 ngo\u00e0i h\u1ea1n ch\u1ebf \u00e1nh n\u1eafng tr\u1ef1c ti\u1ebfp<\/td>\n<\/tr>\n<tr>\n<td class=\"specs-table__property\">Th\u00e0nh ph\u1ea7n nguy\u00ean li\u1ec7u<\/td>\n<td class=\"specs-table__value\">N\u01b0\u1edbc, \u0111\u01b0\u1eddng, b\u1ed9t rau c\u00e2u, tinh b\u1ed9t s\u1eafn, m\u00e0u t\u1ef1 nhi\u00ean caramel, h\u01b0\u01a1ng caramel t\u1ed5ng h\u1ee3p, ch\u1ea5t \u0111i\u1ec1u ch\u1ec9nh \u0111\u1ed9 acid, ch\u1ea5t b\u1ea3o qu\u1ea3n<\/td>\n<\/tr>\n<tr>\n<td class=\"specs-table__property\">Kh\u1ed1i l\u01b0\u1ee3ng<\/td>\n<td class=\"specs-table__value\">350g (35g x 10 g\u00f3i)<\/td>\n<\/tr>\n<\/tbody>\n<\/table>\n<p data-sourcepos=\"3:1-3:27\"><strong>Th\u01b0\u01a1ng hi\u1ec7u: OppaBubble<\/strong><\/p>\n<ul data-sourcepos=\"5:1-8:0\">\n<li data-sourcepos=\"5:1-5:315\"><strong>T\u00ean g\u1ecdi:<\/strong> &#8220;Oppa&#8221; trong ti\u1ebfng H\u00e0n Qu\u1ed1c th\u01b0\u1eddng \u0111\u01b0\u1ee3c c\u00e1c b\u1ea1n n\u1eef d\u00f9ng \u0111\u1ec3 g\u1ecdi nh\u1eefng ng\u01b0\u1eddi anh trai ho\u1eb7c ng\u01b0\u1eddi \u0111\u00e0n \u00f4ng l\u1edbn tu\u1ed5i h\u01a1n m\u1ed9t c\u00e1ch th\u00e2n m\u1eadt. &#8220;Bubble&#8221; g\u1ee3i li\u00ean t\u01b0\u1edfng \u0111\u1ebfn nh\u1eefng vi\u00ean tr\u00e2n ch\u00e2u tr\u00f2n tr\u1ecba, dai ngon. S\u1ef1 k\u1ebft h\u1ee3p n\u00e0y t\u1ea1o n\u00ean m\u1ed9t c\u00e1i t\u00ean v\u1eeba g\u1ea7n g\u0169i, \u0111\u00e1ng y\u00eau, v\u1eeba li\u00ean quan tr\u1ef1c ti\u1ebfp \u0111\u1ebfn s\u1ea3n ph\u1ea9m.<\/li>\n<li data-sourcepos=\"6:1-6:167\"><strong>Phong c\u00e1ch:<\/strong> Th\u01b0\u01a1ng hi\u1ec7u OppaBubble h\u01b0\u1edbng \u0111\u1ebfn s\u1ef1 tr\u1ebb trung, n\u0103ng \u0111\u1ed9ng v\u00e0 hi\u1ec7n \u0111\u1ea1i, th\u1ec3 hi\u1ec7n qua thi\u1ebft k\u1ebf bao b\u00ec b\u1eaft m\u1eaft v\u1edbi h\u00ecnh \u1ea3nh nh\u00e2n v\u1eadt ho\u1ea1t h\u00ecnh d\u1ec5 th\u01b0\u01a1ng.<\/li>\n<li data-sourcepos=\"7:1-8:0\"><strong>\u0110\u1ecbnh v\u1ecb:<\/strong> OppaBubble c\u00f3 th\u1ec3 h\u01b0\u1edbng \u0111\u1ebfn \u0111\u1ed1i t\u01b0\u1ee3ng kh\u00e1ch h\u00e0ng tr\u1ebb tu\u1ed5i, \u0111\u1eb7c bi\u1ec7t l\u00e0 nh\u1eefng ng\u01b0\u1eddi y\u00eau th\u00edch tr\u00e0 s\u1eefa tr\u00e2n ch\u00e2u v\u00e0 c\u00e1c m\u00f3n \u0103n v\u1eb7t ti\u1ec7n l\u1ee3i.<\/li>\n<\/ul>\n<div id=\"d01ebd3605c87f53\" class=\"conversation-container message-actions-hover-boundary response-optimization tts-removed ng-star-inserted\">\n<div class=\"response-container ng-tns-c504430929-13 response-optimization response-container-with-gpi tts-removed ng-star-inserted\">\n<div class=\"presented-response-container ng-tns-c504430929-13\">\n<div class=\"response-container-content ng-tns-c504430929-13\">\n<div class=\"response-content ng-tns-c504430929-13\">\n<div id=\"model-response-message-contentr_d01ebd3605c87f53\" class=\"markdown markdown-main-panel\" dir=\"ltr\">\n<p data-sourcepos=\"23:1-23:227\"><strong>OppaBubble Tr\u00e2n Ch\u00e2u Ho\u00e0ng Kim<\/strong> \u0102n Li\u1ec1n l\u00e0 m\u1ed9t s\u1ea3n ph\u1ea9m ti\u1ec7n l\u1ee3i, h\u1ea5p d\u1eabn, h\u01b0\u1edbng \u0111\u1ebfn \u0111\u1ed1i t\u01b0\u1ee3ng kh\u00e1ch h\u00e0ng tr\u1ebb tu\u1ed5i. V\u1edbi thi\u1ebft k\u1ebf bao b\u00ec b\u1eaft m\u1eaft v\u00e0 th\u00f4ng \u0111i\u1ec7p r\u00f5 r\u00e0ng, s\u1ea3n ph\u1ea9m n\u00e0y h\u1ee9a h\u1eb9n s\u1ebd \u0111\u01b0\u1ee3c nhi\u1ec1u ng\u01b0\u1eddi ti\u00eau d\u00f9ng y\u00eau th\u00edch.<\/p>\n<p data-sourcepos=\"23:1-23:227\"><img fetchpriority=\"high\" decoding=\"async\" class=\"aligncenter\" src=\"https:\/\/havamall.vn\/wp-content\/uploads\/2025\/03\/z4505907070907_2cae2dac47d59f6f4fbd761781d6b93a.jpg\" width=\"641\" height=\"404\" \/><\/p>\n<p data-sourcepos=\"9:1-9:41\"><span style=\"font-size: 14pt\"><strong>Tr\u00e2n Ch\u00e2u Ho\u00e0ng Kim \u0102n Li\u1ec1n<\/strong><\/span><\/p>\n<ul data-sourcepos=\"11:1-20:0\">\n<li data-sourcepos=\"11:1-11:165\"><strong>Lo\u1ea1i s\u1ea3n ph\u1ea9m:<\/strong> Tr\u00e2n ch\u00e2u \u0111\u00e3 \u0111\u01b0\u1ee3c ch\u1ebf bi\u1ebfn s\u1eb5n, c\u00f3 th\u1ec3 \u0103n li\u1ec1n m\u00e0 kh\u00f4ng c\u1ea7n n\u1ea5u n\u01b0\u1edbng. \u0110i\u1ec1u n\u00e0y mang \u0111\u1ebfn s\u1ef1 ti\u1ec7n l\u1ee3i t\u1ed1i \u0111a cho ng\u01b0\u1eddi ti\u00eau d\u00f9ng.<\/li>\n<li data-sourcepos=\"12:1-15:134\"><strong>\u0110\u1eb7c \u0111i\u1ec3m n\u1ed5i b\u1eadt:<\/strong>\n<ul data-sourcepos=\"13:5-15:134\">\n<li data-sourcepos=\"13:5-13:96\"><strong>Tr\u00e2n Ch\u00e2u Ho\u00e0ng Kim \u0102n Li\u1ec1n Cao C\u1ea5p<\/strong> l\u00e0 topping kh\u00f4ng th\u1ec3 thi\u1ebfu trong m\u00f3n tr\u00e0 s\u1eefa<\/li>\n<li data-sourcepos=\"13:5-13:96\"><strong>H\u1ea1t tr\u00e2n ch\u00e2u<\/strong> c\u00f3 d\u1ea1ng vi\u00ean tr\u00f2n, k\u00edch c\u1ee1 b\u1eb1ng tr\u00e2n ch\u00e2u th\u00f4ng th\u01b0\u1eddng, \u0111\u01b0\u1ee3c l\u00e0m t\u1eeb tinh b\u1ed9t s\u1eafn, c\u00f3 m\u00e0u ho\u00e0ng kim \u0111\u1eb9p m\u1eaft d\u1ebbo, dai, th\u01a1m ng\u1ecdt<\/li>\n<li data-sourcepos=\"13:5-13:96\"><strong>\u0110\u1ed9 d\u1ebbo, \u0111\u1ed9 dai v\u00e0 m\u00f9i th\u01a1m<\/strong> \u0111\u1eb7c tr\u01b0ng n\u00ean \u0111\u01b0\u1ee3c c\u00e1c ch\u1ee7 qu\u00e1n c\u00f3 \u0111\u1ea7u t\u01b0 l\u1ef1a ch\u1ecdn, kho\u1ea3ng 71% c\u00e1c qu\u00e1n \u0111ang s\u1eed d\u1ee5ng d\u00f2ng tr\u00e2n ch\u00e2u n\u00e0y.<\/li>\n<li data-sourcepos=\"15:5-15:134\"><strong>Kh\u1ed1i l\u01b0\u1ee3ng t\u1ecbnh<\/strong>: 350g (35g x 10 g\u00f3i). S\u1ea3n ph\u1ea9m \u0111\u01b0\u1ee3c chia th\u00e0nh nhi\u1ec1u g\u00f3i nh\u1ecf, d\u1ec5 d\u00e0ng b\u1ea3o qu\u1ea3n v\u00e0 s\u1eed d\u1ee5ng.<\/li>\n<\/ul>\n<\/li>\n<\/ul>\n<p><img decoding=\"async\" class=\"aligncenter\" src=\"https:\/\/scontent.fhan3-4.fna.fbcdn.net\/v\/t39.30808-6\/469549609_1012990277516320_7743223651367653886_n.jpg?_nc_cat=104&amp;ccb=1-7&amp;_nc_sid=127cfc&amp;_nc_ohc=vti3H3jnexcQ7kNvgGpwzhf&amp;_nc_oc=Adj3B6Y8n2LLmc3nQb6vWuYzoo7KbX4Jp-Pw_OkJVwuyTaY6ym_ySPY8VTett1fM16o&amp;_nc_zt=23&amp;_nc_ht=scontent.fhan3-4.fna&amp;_nc_gid=Azl0RLDqtyTrLr0-PzbUvgG&amp;oh=00_AYDoHzE5ZaijqaiMKm2ZXNogvy7oYQ_tGNNCs2FDy3jGVg&amp;oe=67C8C505\" \/><\/p>\n<p><strong>C\u00c1CH D\u00d9NG:<\/strong><\/p>\n<ul>\n<li data-sourcepos=\"17:5-17:38\">Tr\u00e2n Ch\u00e2u Ho\u00e0ng Kim Oppa Bubble l\u00e0 g\u00f3i \u0103n s\u1eb5n, pha s\u1eb5n ti\u1ec7n l\u1ee3i<\/li>\n<li data-sourcepos=\"17:5-17:38\">\u0102n tr\u1ef1c ti\u1ebfp nh\u01b0 m\u1ed9t m\u00f3n \u0103n v\u1eb7t.<\/li>\n<li data-sourcepos=\"18:5-18:56\">Th\u00eam v\u00e0o tr\u00e0 s\u1eefa, s\u1eefa t\u01b0\u01a1i, c\u00e1c lo\u1ea1i \u0111\u1ed3 u\u1ed1ng kh\u00e1c.<\/li>\n<li data-sourcepos=\"19:5-20:0\">D\u00f9ng k\u00e8m v\u1edbi c\u00e1c m\u00f3n tr\u00e1ng mi\u1ec7ng nh\u01b0 kem, ch\u00e8.<\/li>\n<\/ul>\n<p>S\u1ea3n ph\u1ea9m hi\u1ec7n \u0111\u00e3 c\u00f3 m\u1eb7t t\u1ea1i Havamall, qu\u00fd kh\u00e1ch li\u00ean h\u1ec7 hotline: 0946 229 642 \u0111\u1ec3 \u0111\u01b0\u1ee3c t\u01b0 v\u1ea5n nh\u00e9.<\/p>\n<\/div>\n<\/div>\n<\/div>\n<\/div>\n<\/div>\n<\/div>\n<\/div>\n<\/div>\n<\/div>\n<\/div>","protected":false},"excerpt":{"rendered":"<p>TH\u00d4NG TIN CHUNG Th\u01b0\u01a1ng hi\u1ec7u Oppa Bubble Xu\u1ea5t x\u1ee9 Vi\u1ec7t Nam H\u1ea1n s\u1eed d\u1ee5ng 12 th\u00e1ng k\u1ec3 t\u1eeb ng\u00e0y s\u1ea3n<\/p>","protected":false},"featured_media":36354,"comment_status":"open","ping_status":"closed","template":"","meta":[],"product_brand":[],"product_cat":[36],"product_tag":[],"class_list":{"0":"post-36353","1":"product","2":"type-product","3":"status-publish","4":"has-post-thumbnail","6":"product_cat-thuc-pham-tieu-dung","7":"pa_brand-oppa-bubble","9":"first","10":"instock","11":"sale","12":"shipping-taxable","13":"purchasable","14":"product-type-simple"},"_links":{"self":[{"href":"https:\/\/havamall.vn\/en\/wp-json\/wp\/v2\/product\/36353"}],"collection":[{"href":"https:\/\/havamall.vn\/en\/wp-json\/wp\/v2\/product"}],"about":[{"href":"https:\/\/havamall.vn\/en\/wp-json\/wp\/v2\/types\/product"}],"replies":[{"embeddable":true,"href":"https:\/\/havamall.vn\/en\/wp-json\/wp\/v2\/comments?post=36353"}],"version-history":[{"count":0,"href":"https:\/\/havamall.vn\/en\/wp-json\/wp\/v2\/product\/36353\/revisions"}],"wp:featuredmedia":[{"embeddable":true,"href":"https:\/\/havamall.vn\/en\/wp-json\/wp\/v2\/media\/36354"}],"wp:attachment":[{"href":"https:\/\/havamall.vn\/en\/wp-json\/wp\/v2\/media?parent=36353"}],"wp:term":[{"taxonomy":"product_brand","embeddable":true,"href":"https:\/\/havamall.vn\/en\/wp-json\/wp\/v2\/product_brand?post=36353"},{"taxonomy":"product_cat","embeddable":true,"href":"https:\/\/havamall.vn\/en\/wp-json\/wp\/v2\/product_cat?post=36353"},{"taxonomy":"product_tag","embeddable":true,"href":"https:\/\/havamall.vn\/en\/wp-json\/wp\/v2\/product_tag?post=36353"}],"curies":[{"name":"wp","href":"https:\/\/api.w.org\/{rel}","templated":true}]}}