{"id":36347,"date":"2025-02-28T09:28:05","date_gmt":"2025-02-28T02:28:05","guid":{"rendered":"https:\/\/havamall.vn\/?post_type=product&#038;p=36347"},"modified":"2025-02-28T14:25:22","modified_gmt":"2025-02-28T07:25:22","slug":"banh-snack-phong-de-rec-rec-vi-mala-rec-rec-cricket-cracker-with-mala-flavor-40g","status":"publish","type":"product","link":"https:\/\/havamall.vn\/en\/shop\/banh-snack-phong-de-rec-rec-vi-mala-rec-rec-cricket-cracker-with-mala-flavor-40g\/","title":{"rendered":"B\u00e1nh Snack Ph\u1ed3ng D\u1ebf REC REC V\u1ecb Mala \u2013 Rec Rec Cricket Cracker with Mala Flavor (40g)"},"content":{"rendered":"<h2 class=\"product-detail__specs-title\"><strong>TH\u00d4NG TIN CHUNG<\/strong><\/h2>\n<div id=\"js-product-detail__specs\" class=\"product-detail__specs\">\n<div class=\"row\">\n<div class=\"col-sm-12\">\n<div class=\"product-specs__table\">\n<table>\n<tbody>\n<tr>\n<td class=\"specs-table__property\">Th\u01b0\u01a1ng hi\u1ec7u<\/td>\n<td class=\"specs-table__value\">REC REC<\/td>\n<\/tr>\n<tr>\n<td class=\"specs-table__property\">Xu\u1ea5t x\u1ee9<\/td>\n<td class=\"specs-table__value\">Vi\u1ec7t Nam<\/td>\n<\/tr>\n<tr>\n<td class=\"specs-table__property\">H\u1ea1n s\u1eed d\u1ee5ng<\/td>\n<td class=\"specs-table__value\">Xem tr\u00ean bao b\u00ec<\/td>\n<\/tr>\n<tr>\n<td class=\"specs-table__property\">H\u01b0\u1edbng d\u1eabn s\u1eed d\u1ee5ng<\/td>\n<td class=\"specs-table__value\">\n<div>D\u00f9ng tr\u1ef1c ti\u1ebfp trong c\u00e1c b\u1eefa \u0103n nh\u1eb9<\/div>\n<\/td>\n<\/tr>\n<tr>\n<td class=\"specs-table__property\">H\u01b0\u1edbng d\u1eabn b\u1ea3o qu\u1ea3n<\/td>\n<td class=\"specs-table__value\">N\u01a1i kh\u00f4 r\u00e1o, tho\u00e1ng m\u00e1t, tr\u00e1nh \u00e1nh n\u1eafng tr\u1ef1c ti\u1ebfp<\/td>\n<\/tr>\n<tr>\n<td class=\"specs-table__property\">Th\u00e0nh ph\u1ea7n nguy\u00ean li\u1ec7u<\/td>\n<td class=\"specs-table__value\">\n<div>B\u1ed9t \u0111\u1ea1m d\u1ebf (Acheta Domesticus) nguy\u00ean ch\u1ea5t, tinh b\u1ed9t s\u1eafn, b\u1ed9t g\u1ea1o, mu\u1ed1i, \u0111\u01b0\u1eddng, Maltodextrin, b\u1ed9t n\u01b0\u1edbc t\u01b0\u01a1ng, b\u1ee3t \u1edbt ng\u1ecdt, ch\u1ea5t \u0111i\u1ec1u v\u1ecb INS621\/631\/627, d\u1ea7u \u0111\u1eadu n\u00e0nh (ch\u1ed1ng oxy h\u00f3a), ch\u1ea5t ch\u1ed1ng \u0111\u00f4ng INS551, h\u01b0\u01a1ng t\u1ef1 nhi\u00ean.<\/div>\n<\/td>\n<\/tr>\n<tr>\n<td class=\"specs-table__property\">Kh\u1ed1i l\u01b0\u1ee3ng<\/td>\n<td class=\"specs-table__value\">40g<\/td>\n<\/tr>\n<\/tbody>\n<\/table>\n<p><strong>REC REC<\/strong>\u00a0l\u00e0 m\u1ed9t th\u01b0\u01a1ng hi\u1ec7u snack Vi\u1ec7t Nam \u0111\u1ed9c \u0111\u00e1o, n\u1ed5i b\u1eadt v\u1edbi c\u00e1c s\u1ea3n ph\u1ea9m s\u00e1ng t\u1ea1o t\u1eeb nguy\u00ean li\u1ec7u c\u00f4n tr\u00f9ng, \u0111\u1eb7c bi\u1ec7t l\u00e0 d\u1ebf. Th\u01b0\u01a1ng hi\u1ec7u h\u01b0\u1edbng \u0111\u1ebfn vi\u1ec7c cung c\u1ea5p c\u00e1c s\u1ea3n ph\u1ea9m snack kh\u00f4ng ch\u1ec9 ngon mi\u1ec7ng m\u00e0 c\u00f2n gi\u00e0u dinh d\u01b0\u1ee1ng v\u00e0 th\u00e2n thi\u1ec7n v\u1edbi m\u00f4i tr\u01b0\u1eddng. REC REC th\u1ec3 hi\u1ec7n tinh th\u1ea7n tr\u1ebb trung, n\u0103ng \u0111\u1ed9ng v\u00e0 ti\u00ean phong trong vi\u1ec7c mang \u0111\u1ebfn nh\u1eefng tr\u1ea3i nghi\u1ec7m \u1ea9m th\u1ef1c m\u1edbi l\u1ea1 cho ng\u01b0\u1eddi ti\u00eau d\u00f9ng.<\/p>\n<p data-sourcepos=\"9:1-9:23\"><strong>S\u1ee9 m\u1ec7nh v\u00e0 gi\u00e1 tr\u1ecb:<\/strong><\/p>\n<ul data-sourcepos=\"11:1-14:0\">\n<li data-sourcepos=\"11:1-11:73\">Mang \u0111\u1ebfn c\u00e1c s\u1ea3n ph\u1ea9m snack gi\u00e0u protein, b\u1ec1n v\u1eefng v\u00e0 t\u1ed1t cho s\u1ee9c kh\u1ecfe.<\/li>\n<li data-sourcepos=\"12:1-12:89\">Khuy\u1ebfn kh\u00edch ti\u00eau d\u00f9ng th\u1ef1c ph\u1ea9m c\u00f4n tr\u00f9ng nh\u01b0 m\u1ed9t ngu\u1ed3n dinh d\u01b0\u1ee1ng thay th\u1ebf ti\u1ec1m n\u0103ng.<\/li>\n<li data-sourcepos=\"13:1-14:0\">G\u00f3p ph\u1ea7n v\u00e0o s\u1ef1 ph\u00e1t tri\u1ec3n c\u1ee7a ng\u00e0nh th\u1ef1c ph\u1ea9m b\u1ec1n v\u1eefng t\u1ea1i Vi\u1ec7t Nam.<\/li>\n<\/ul>\n<p data-sourcepos=\"15:1-15:28\"><strong>C\u00e1c d\u00f2ng s\u1ea3n ph\u1ea9m ch\u00ednh:<\/strong><\/p>\n<ul data-sourcepos=\"17:1-19:0\">\n<li data-sourcepos=\"17:1-17:90\"><strong>Snack d\u1ebf s\u1ea5y nguy\u00ean con:<\/strong>\u00a0S\u1ea3n ph\u1ea9m \u0111\u1eb7c tr\u01b0ng c\u1ee7a REC REC, v\u1edbi nhi\u1ec1u h\u01b0\u01a1ng v\u1ecb h\u1ea5p d\u1eabn.<\/li>\n<li data-sourcepos=\"18:1-19:0\"><strong>B\u00e1nh ph\u1ed3ng d\u1ebf<\/strong>:S\u1ea3n ph\u1ea9m m\u1edbi l\u1ea1 k\u1ebft h\u1ee3p gi\u1eefa b\u00e1nh ph\u1ed3ng truy\u1ec1n th\u1ed1ng v\u00e0 nguy\u00ean li\u1ec7u d\u1ebf gi\u00e0u \u0111\u1ea1m.<\/li>\n<\/ul>\n<p><img fetchpriority=\"high\" decoding=\"async\" class=\"aligncenter\" src=\"https:\/\/havamall.vn\/wp-content\/uploads\/2025\/02\/phieuluu_create.png\" width=\"1344\" height=\"443\" \/><\/p>\n<p data-sourcepos=\"3:1-3:21\"><strong>B\u00e1nh Snack Ph\u1ed3ng D\u1ebf REC REC V\u1ecb Mala<\/strong><\/p>\n<p data-sourcepos=\"3:1-3:21\"><strong>\u0110\u1eb6C \u0110I\u1ec2M N\u1ed4I B\u1eacT:<\/strong><\/p>\n<ul data-sourcepos=\"5:1-19:0\">\n<li data-sourcepos=\"5:1-7:98\"><em><strong>H\u01b0\u01a1ng v\u1ecb Mala \u0111\u1ed9c \u0111\u00e1o:<\/strong><\/em>\n<ul data-sourcepos=\"6:5-7:98\">\n<li data-sourcepos=\"5:1-5:105\"><strong>Cay n\u1ed3ng:<\/strong>\u00a0V\u1ecb cay c\u1ee7a Mala \u0111\u1ebfn t\u1eeb \u1edbt T\u1ee9 Xuy\u00ean, mang \u0111\u1ebfn c\u1ea3m gi\u00e1c cay n\u00f3ng lan t\u1ecfa kh\u1eafp khoang mi\u1ec7ng.<\/li>\n<li data-sourcepos=\"6:1-6:182\"><strong>T\u00ea r\u1ea7n:<\/strong>\u00a0\u0110i\u1ec3m \u0111\u1eb7c bi\u1ec7t c\u1ee7a Mala l\u00e0 c\u1ea3m gi\u00e1c t\u00ea r\u1ea7n \u0111\u1ea7u l\u01b0\u1ee1i do h\u1ea1t ti\u00eau T\u1ee9 Xuy\u00ean t\u1ea1o ra. H\u1ea1t ti\u00eau n\u00e0y ch\u1ee9a m\u1ed9t h\u1ee3p ch\u1ea5t \u0111\u1eb7c bi\u1ec7t g\u00e2y t\u00ea nh\u1eb9, t\u1ea1o n\u00ean tr\u1ea3i nghi\u1ec7m \u1ea9m th\u1ef1c \u0111\u1ed9c \u0111\u00e1o.<\/li>\n<li data-sourcepos=\"7:1-7:131\"><strong>H\u01b0\u01a1ng th\u01a1m \u0111\u1eb7c tr\u01b0ng:<\/strong>\u00a0Mala c\u00f2n c\u00f3 h\u01b0\u01a1ng th\u01a1m \u0111\u1eb7c tr\u01b0ng c\u1ee7a c\u00e1c lo\u1ea1i gia v\u1ecb nh\u01b0 g\u1eebng, t\u1ecfi, h\u00e0nh, t\u1ea1o n\u00ean s\u1ef1 h\u1ea5p d\u1eabn kh\u00f3 c\u01b0\u1ee1ng.<\/li>\n<li data-sourcepos=\"8:1-9:0\"><strong>S\u1ef1 k\u1ebft h\u1ee3p h\u00e0i h\u00f2a:<\/strong>\u00a0S\u1ef1 k\u1ebft h\u1ee3p gi\u1eefa v\u1ecb cay n\u1ed3ng, t\u00ea r\u1ea7n v\u00e0 h\u01b0\u01a1ng th\u01a1m \u0111\u1eb7c tr\u01b0ng t\u1ea1o n\u00ean m\u1ed9t h\u01b0\u01a1ng v\u1ecb Mala \u0111\u1ed9c \u0111\u00e1o, k\u00edch th\u00edch v\u1ecb gi\u00e1c v\u00e0 mang \u0111\u1ebfn tr\u1ea3i nghi\u1ec7m \u1ea9m th\u1ef1c kh\u00f3 qu\u00ean.<\/li>\n<\/ul>\n<\/li>\n<li data-sourcepos=\"8:1-10:84\"><em><strong>Ngu\u1ed3n \u0111\u1ea1m t\u1eeb d\u1ebf:<\/strong><\/em>\n<ul data-sourcepos=\"9:5-10:84\">\n<li data-sourcepos=\"9:5-9:58\">D\u1ebf l\u00e0 m\u1ed9t ngu\u1ed3n protein gi\u00e0u dinh d\u01b0\u1ee1ng v\u00e0 b\u1ec1n v\u1eefng.<\/li>\n<li data-sourcepos=\"10:5-10:84\">S\u1ea3n ph\u1ea9m cung c\u1ea5p 4g \u0111\u1ea1m trong m\u1ed7i g\u00f3i, t\u01b0\u01a1ng \u0111\u01b0\u01a1ng v\u1edbi m\u1ed9t qu\u1ea3 tr\u1ee9ng g\u00e0 lu\u1ed9c.<\/li>\n<\/ul>\n<\/li>\n<li data-sourcepos=\"11:1-12:89\"><em><strong>B\u00e1nh ph\u1ed3ng gi\u00f2n r\u1ee5m:<\/strong><\/em>\n<ul data-sourcepos=\"12:5-12:89\">\n<li data-sourcepos=\"12:5-12:89\">B\u00e1nh ph\u1ed3ng d\u1ea1ng mi\u1ebfng vu\u00f4ng, m\u00e0u v\u00e0ng n\u00e2u, \u0111\u01b0\u1ee3c ch\u1ebf bi\u1ebfn theo c\u00f4ng th\u1ee9c \u0111\u1eb7c bi\u1ec7t, \u0111\u1ea3m b\u1ea3o \u0111\u1ed9 gi\u00f2n r\u1ee5m v\u00e0 th\u01a1m ngon.<\/li>\n<\/ul>\n<\/li>\n<li data-sourcepos=\"13:1-15:143\"><em><strong>Th\u00e0nh ph\u1ea7n dinh d\u01b0\u1ee1ng:<\/strong><\/em>\n<ul data-sourcepos=\"14:5-15:143\">\n<li data-sourcepos=\"14:5-14:77\">S\u1ea3n ph\u1ea9m cung c\u1ea5p n\u0103ng l\u01b0\u1ee3ng, protein, v\u00e0 m\u1ed9t s\u1ed1 kho\u00e1ng ch\u1ea5t c\u1ea7n thi\u1ebft.<\/li>\n<li data-sourcepos=\"15:5-15:143\">N\u1ea1p dinh d\u01b0\u1ee1ng ho\u00e0n thi\u1ec7n, n\u0103ng l\u01b0\u1ee3ng l\u00e0nh m\u1ea1nh, kh\u00f4ng ch\u1ea5t b\u00e9o b\u00e3o h\u00f2a, b\u1ed5 sung s\u1eaft, k\u1ebdm, magie.<\/li>\n<\/ul>\n<\/li>\n<\/ul>\n<p><img decoding=\"async\" class=\"aligncenter\" src=\"https:\/\/scontent.fhan3-2.fna.fbcdn.net\/v\/t39.30808-6\/476805651_595899353413218_9027110294512649578_n.jpg?_nc_cat=107&amp;ccb=1-7&amp;_nc_sid=833d8c&amp;_nc_ohc=gjlLcc1GegQQ7kNvgGksNMn&amp;_nc_oc=AdgzsMXcFOfRfLom-QHlILvItgzOiCR1crWCsh8V63PXTW8dIgfP8Fph4fiX_d-CeSM&amp;_nc_zt=23&amp;_nc_ht=scontent.fhan3-2.fna&amp;_nc_gid=AmJrhCbxPL4oLn222I8ITjM&amp;oh=00_AYBK0VhE6CqNicpXl4hiAGRQzCaGpPzKXsp1CaMjmrbMBA&amp;oe=67C6F981\" width=\"870\" height=\"1087\" \/><\/p>\n<p><strong>B\u00e1nh Snack Ph\u1ed3ng D\u1ebf REC REC v\u1ecb Mala<\/strong>\u00a0l\u00e0 m\u1ed9t s\u1ea3n ph\u1ea9m snack \u0111\u1ed9c \u0111\u00e1o, k\u1ebft h\u1ee3p gi\u1eefa h\u01b0\u01a1ng v\u1ecb truy\u1ec1n th\u1ed1ng v\u00e0 hi\u1ec7n \u0111\u1ea1i, \u0111\u1ed3ng th\u1eddi mang \u0111\u1ebfn nhi\u1ec1u l\u1ee3i \u00edch cho s\u1ee9c kh\u1ecfe. S\u1ea3n ph\u1ea9m n\u00e0y ph\u00f9 h\u1ee3p v\u1edbi nh\u1eefng ng\u01b0\u1eddi y\u00eau th\u00edch h\u01b0\u01a1ng v\u1ecb cay n\u1ed3ng v\u00e0 mu\u1ed1n tr\u1ea3i nghi\u1ec7m nh\u1eefng m\u00f3n \u0103n m\u1edbi l\u1ea1. S\u1ea3n ph\u1ea9m hi\u1ec7n \u0111\u00e3 c\u00f3 m\u1eb7t t\u1ea1i Havamall, qu\u00fd kh\u00e1ch vui l\u00f2ng li\u00ean h\u1ec7 hotline: 0946 229 642. Ch\u00fang t\u00f4i r\u1ea5t h\u00e2n h\u1ea1nh \u0111\u01b0\u1ee3c ph\u1ee5c v\u1ee5 qu\u00fd kh\u00e1ch!<\/p>\n<\/div>\n<\/div>\n<\/div>\n<\/div>","protected":false},"excerpt":{"rendered":"<p>TH\u00d4NG TIN CHUNG Th\u01b0\u01a1ng hi\u1ec7u REC REC Xu\u1ea5t x\u1ee9 Vi\u1ec7t Nam H\u1ea1n s\u1eed d\u1ee5ng Xem tr\u00ean bao b\u00ec H\u01b0\u1edbng d\u1eabn<\/p>","protected":false},"featured_media":36350,"comment_status":"open","ping_status":"closed","template":"","meta":[],"product_brand":[],"product_cat":[36,133],"product_tag":[],"class_list":{"0":"post-36347","1":"product","2":"type-product","3":"status-publish","4":"has-post-thumbnail","6":"product_cat-thuc-pham-tieu-dung","7":"product_cat-banh-keo-chocolate","9":"first","10":"instock","11":"sale","12":"shipping-taxable","13":"purchasable","14":"product-type-simple"},"_links":{"self":[{"href":"https:\/\/havamall.vn\/en\/wp-json\/wp\/v2\/product\/36347"}],"collection":[{"href":"https:\/\/havamall.vn\/en\/wp-json\/wp\/v2\/product"}],"about":[{"href":"https:\/\/havamall.vn\/en\/wp-json\/wp\/v2\/types\/product"}],"replies":[{"embeddable":true,"href":"https:\/\/havamall.vn\/en\/wp-json\/wp\/v2\/comments?post=36347"}],"version-history":[{"count":0,"href":"https:\/\/havamall.vn\/en\/wp-json\/wp\/v2\/product\/36347\/revisions"}],"wp:featuredmedia":[{"embeddable":true,"href":"https:\/\/havamall.vn\/en\/wp-json\/wp\/v2\/media\/36350"}],"wp:attachment":[{"href":"https:\/\/havamall.vn\/en\/wp-json\/wp\/v2\/media?parent=36347"}],"wp:term":[{"taxonomy":"product_brand","embeddable":true,"href":"https:\/\/havamall.vn\/en\/wp-json\/wp\/v2\/product_brand?post=36347"},{"taxonomy":"product_cat","embeddable":true,"href":"https:\/\/havamall.vn\/en\/wp-json\/wp\/v2\/product_cat?post=36347"},{"taxonomy":"product_tag","embeddable":true,"href":"https:\/\/havamall.vn\/en\/wp-json\/wp\/v2\/product_tag?post=36347"}],"curies":[{"name":"wp","href":"https:\/\/api.w.org\/{rel}","templated":true}]}}