{"id":36342,"date":"2025-02-28T09:23:51","date_gmt":"2025-02-28T02:23:51","guid":{"rendered":"https:\/\/havamall.vn\/?post_type=product&#038;p=36342"},"modified":"2025-02-28T14:25:59","modified_gmt":"2025-02-28T07:25:59","slug":"banh-snack-phong-de-rec-rec-vi-tom-yum-rec-rec-cricket-cracker-with-tom-flavor-40g","status":"publish","type":"product","link":"https:\/\/havamall.vn\/en\/shop\/banh-snack-phong-de-rec-rec-vi-tom-yum-rec-rec-cricket-cracker-with-tom-flavor-40g\/","title":{"rendered":"B\u00e1nh Snack Ph\u1ed3ng D\u1ebf REC REC V\u1ecb Tom Yum\u2013 Rec Rec Cricket Cracker with Tom Flavor (40g)"},"content":{"rendered":"<h2 class=\"product-detail__specs-title\"><strong>TH\u00d4NG TIN CHUNG<\/strong><\/h2>\n<div id=\"js-product-detail__specs\" class=\"product-detail__specs\">\n<div class=\"row\">\n<div class=\"col-sm-12\">\n<div class=\"product-specs__table\">\n<table>\n<tbody>\n<tr>\n<td class=\"specs-table__property\">Th\u01b0\u01a1ng hi\u1ec7u<\/td>\n<td class=\"specs-table__value\">REC REC<\/td>\n<\/tr>\n<tr>\n<td class=\"specs-table__property\">Xu\u1ea5t x\u1ee9<\/td>\n<td class=\"specs-table__value\">Vi\u1ec7t Nam<\/td>\n<\/tr>\n<tr>\n<td class=\"specs-table__property\">H\u1ea1n s\u1eed d\u1ee5ng<\/td>\n<td class=\"specs-table__value\">Xem tr\u00ean bao b\u00ec<\/td>\n<\/tr>\n<tr>\n<td class=\"specs-table__property\">H\u01b0\u1edbng d\u1eabn s\u1eed d\u1ee5ng<\/td>\n<td class=\"specs-table__value\">\n<div>D\u00f9ng tr\u1ef1c ti\u1ebfp trong c\u00e1c b\u1eefa \u0103n nh\u1eb9<\/div>\n<\/td>\n<\/tr>\n<tr>\n<td class=\"specs-table__property\">H\u01b0\u1edbng d\u1eabn b\u1ea3o qu\u1ea3n<\/td>\n<td class=\"specs-table__value\">N\u01a1i kh\u00f4 r\u00e1o, tho\u00e1ng m\u00e1t, tr\u00e1nh \u00e1nh n\u1eafng tr\u1ef1c ti\u1ebfp<\/td>\n<\/tr>\n<tr>\n<td class=\"specs-table__property\">Th\u00e0nh ph\u1ea7n nguy\u00ean li\u1ec7u<\/td>\n<td class=\"specs-table__value\">\n<div>B\u1ed9t \u0111\u1ea1m d\u1ebf (Acheta Domesticus) nguy\u00ean ch\u1ea5t, tinh b\u1ed9t s\u1eafn, b\u1ed9t g\u1ea1o, mu\u1ed1i, \u0111\u01b0\u1eddng, Maltodextrin, b\u1ed9t n\u01b0\u1edbc t\u01b0\u01a1ng, b\u1ee3t \u1edbt ng\u1ecdt, ch\u1ea5t \u0111i\u1ec1u v\u1ecb INS621\/631\/627, d\u1ea7u \u0111\u1eadu n\u00e0nh (ch\u1ed1ng oxy h\u00f3a), ch\u1ea5t ch\u1ed1ng \u0111\u00f4ng INS551, h\u01b0\u01a1ng t\u1ef1 nhi\u00ean.<\/div>\n<\/td>\n<\/tr>\n<tr>\n<td class=\"specs-table__property\">Kh\u1ed1i l\u01b0\u1ee3ng<\/td>\n<td class=\"specs-table__value\">40g<\/td>\n<\/tr>\n<\/tbody>\n<\/table>\n<p><strong>REC REC<\/strong>\u00a0l\u00e0 m\u1ed9t th\u01b0\u01a1ng hi\u1ec7u snack Vi\u1ec7t Nam \u0111\u1ed9c \u0111\u00e1o, n\u1ed5i b\u1eadt v\u1edbi c\u00e1c s\u1ea3n ph\u1ea9m s\u00e1ng t\u1ea1o t\u1eeb nguy\u00ean li\u1ec7u c\u00f4n tr\u00f9ng, \u0111\u1eb7c bi\u1ec7t l\u00e0 d\u1ebf. Th\u01b0\u01a1ng hi\u1ec7u h\u01b0\u1edbng \u0111\u1ebfn vi\u1ec7c cung c\u1ea5p c\u00e1c s\u1ea3n ph\u1ea9m snack kh\u00f4ng ch\u1ec9 ngon mi\u1ec7ng m\u00e0 c\u00f2n gi\u00e0u dinh d\u01b0\u1ee1ng v\u00e0 th\u00e2n thi\u1ec7n v\u1edbi m\u00f4i tr\u01b0\u1eddng. REC REC th\u1ec3 hi\u1ec7n tinh th\u1ea7n tr\u1ebb trung, n\u0103ng \u0111\u1ed9ng v\u00e0 ti\u00ean phong trong vi\u1ec7c mang \u0111\u1ebfn nh\u1eefng tr\u1ea3i nghi\u1ec7m \u1ea9m th\u1ef1c m\u1edbi l\u1ea1 cho ng\u01b0\u1eddi ti\u00eau d\u00f9ng.<\/p>\n<p data-sourcepos=\"9:1-9:23\"><strong>S\u1ee9 m\u1ec7nh v\u00e0 gi\u00e1 tr\u1ecb:<\/strong><\/p>\n<ul data-sourcepos=\"11:1-14:0\">\n<li data-sourcepos=\"11:1-11:73\">Mang \u0111\u1ebfn c\u00e1c s\u1ea3n ph\u1ea9m snack gi\u00e0u protein, b\u1ec1n v\u1eefng v\u00e0 t\u1ed1t cho s\u1ee9c kh\u1ecfe.<\/li>\n<li data-sourcepos=\"12:1-12:89\">Khuy\u1ebfn kh\u00edch ti\u00eau d\u00f9ng th\u1ef1c ph\u1ea9m c\u00f4n tr\u00f9ng nh\u01b0 m\u1ed9t ngu\u1ed3n dinh d\u01b0\u1ee1ng thay th\u1ebf ti\u1ec1m n\u0103ng.<\/li>\n<li data-sourcepos=\"13:1-14:0\">G\u00f3p ph\u1ea7n v\u00e0o s\u1ef1 ph\u00e1t tri\u1ec3n c\u1ee7a ng\u00e0nh th\u1ef1c ph\u1ea9m b\u1ec1n v\u1eefng t\u1ea1i Vi\u1ec7t Nam.<\/li>\n<\/ul>\n<p data-sourcepos=\"15:1-15:28\"><strong>C\u00e1c d\u00f2ng s\u1ea3n ph\u1ea9m ch\u00ednh:<\/strong><\/p>\n<ul data-sourcepos=\"17:1-19:0\">\n<li data-sourcepos=\"17:1-17:90\"><strong>Snack d\u1ebf s\u1ea5y nguy\u00ean con:<\/strong>\u00a0S\u1ea3n ph\u1ea9m \u0111\u1eb7c tr\u01b0ng c\u1ee7a REC REC, v\u1edbi nhi\u1ec1u h\u01b0\u01a1ng v\u1ecb h\u1ea5p d\u1eabn.<\/li>\n<li data-sourcepos=\"18:1-19:0\"><strong>B\u00e1nh ph\u1ed3ng d\u1ebf<\/strong>:S\u1ea3n ph\u1ea9m m\u1edbi l\u1ea1 k\u1ebft h\u1ee3p gi\u1eefa b\u00e1nh ph\u1ed3ng truy\u1ec1n th\u1ed1ng v\u00e0 nguy\u00ean li\u1ec7u d\u1ebf gi\u00e0u \u0111\u1ea1m.<\/li>\n<\/ul>\n<p><img fetchpriority=\"high\" decoding=\"async\" class=\"aligncenter\" src=\"https:\/\/havamall.vn\/wp-content\/uploads\/2025\/02\/phieuluu_create.png\" width=\"1344\" height=\"443\" \/><\/p>\n<p data-sourcepos=\"3:1-3:21\"><strong>B\u00e1nh Snack Ph\u1ed3ng D\u1ebf REC REC V\u1ecb Tom Yum<\/strong><\/p>\n<p data-sourcepos=\"3:1-3:21\"><strong>\u0110\u1eb6C \u0110I\u1ec2M N\u1ed4I B\u1eacT:<\/strong><\/p>\n<ul data-sourcepos=\"5:1-19:0\">\n<li data-sourcepos=\"5:1-7:98\"><em><strong>H\u01b0\u01a1ng v\u1ecb Tom Yum \u0111\u1eb7c tr\u01b0ng:\u00a0<\/strong><\/em>Tom Yum l\u00e0 m\u1ed9t h\u01b0\u01a1ng v\u1ecb \u1ea9m th\u1ef1c \u0111\u1eb7c tr\u01b0ng c\u1ee7a Th\u00e1i Lan, n\u1ed5i ti\u1ebfng tr\u00ean to\u00e0n th\u1ebf gi\u1edbi v\u1edbi s\u1ef1 k\u1ebft h\u1ee3p h\u00e0i h\u00f2a gi\u1eefa c\u00e1c v\u1ecb chua, cay, m\u1eb7n, ng\u1ecdt v\u00e0 h\u01b0\u01a1ng th\u01a1m \u0111\u1eb7c tr\u01b0ng c\u1ee7a c\u00e1c lo\u1ea1i th\u1ea3o m\u1ed9c\n<ul data-sourcepos=\"6:5-7:98\">\n<li data-sourcepos=\"5:1-5:105\">V\u1ecb chua: \u0110\u1ebfn t\u1eeb chanh t\u01b0\u01a1i ho\u1eb7c n\u01b0\u1edbc c\u1ed1t chanh, t\u1ea1o c\u1ea3m gi\u00e1c t\u01b0\u01a1i m\u00e1t, s\u1ea3ng kho\u00e1i; kh\u00f4ng qu\u00e1 g\u1eaft m\u00e0 thanh tao, d\u1ecbu nh\u1eb9, k\u00edch th\u00edch v\u1ecb gi\u00e1c.<\/li>\n<li data-sourcepos=\"5:1-5:105\">V\u1ecb cay: \u0110\u01b0\u1ee3c t\u1ea1o n\u00ean b\u1edfi \u1edbt t\u01b0\u01a1i ho\u1eb7c \u1edbt kh\u00f4, mang \u0111\u1ebfn c\u1ea3m gi\u00e1c cay the nh\u1eb9 nh\u00e0ng, \u1ea5m \u00e1p, \u0111\u01b0\u1ee3c t\u1ea1o n\u00ean b\u1edfi \u1edbt t\u01b0\u01a1i ho\u1eb7c \u1edbt kh\u00f4, mang \u0111\u1ebfn c\u1ea3m gi\u00e1c cay the nh\u1eb9 nh\u00e0ng, \u1ea5m \u00e1p.<\/li>\n<li data-sourcepos=\"5:1-5:105\">Th\u1ea3o m\u1ed9c: H\u01b0\u01a1ng th\u01a1m \u0111\u1eb7c tr\u01b0ng c\u1ee7a l\u00e1 chanh, s\u1ea3, ri\u1ec1ng, t\u1ea1o n\u00ean s\u1ef1 h\u1ea5p d\u1eabn kh\u00f3 c\u01b0\u1ee1ng, kh\u00f4ng ch\u1ec9 mang l\u1ea1i h\u01b0\u01a1ng th\u01a1m m\u00e0 c\u00f2n c\u00f3 nhi\u1ec1u l\u1ee3i \u00edch cho s\u1ee9c kh\u1ecfe.<\/li>\n<\/ul>\n<\/li>\n<li data-sourcepos=\"8:1-10:84\"><em><strong>Ngu\u1ed3n \u0111\u1ea1m t\u1eeb d\u1ebf:<\/strong><\/em>\n<ul data-sourcepos=\"9:5-10:84\">\n<li data-sourcepos=\"9:5-9:58\">D\u1ebf l\u00e0 m\u1ed9t ngu\u1ed3n protein gi\u00e0u dinh d\u01b0\u1ee1ng v\u00e0 b\u1ec1n v\u1eefng.<\/li>\n<li data-sourcepos=\"10:5-10:84\">S\u1ea3n ph\u1ea9m cung c\u1ea5p 4g \u0111\u1ea1m trong m\u1ed7i g\u00f3i, t\u01b0\u01a1ng \u0111\u01b0\u01a1ng v\u1edbi m\u1ed9t qu\u1ea3 tr\u1ee9ng g\u00e0 lu\u1ed9c.<\/li>\n<\/ul>\n<\/li>\n<li data-sourcepos=\"11:1-12:89\"><em><strong>B\u00e1nh ph\u1ed3ng gi\u00f2n r\u1ee5m:<\/strong><\/em>\n<ul data-sourcepos=\"12:5-12:89\">\n<li data-sourcepos=\"12:5-12:89\">B\u00e1nh ph\u1ed3ng d\u1ea1ng mi\u1ebfng vu\u00f4ng, m\u00e0u v\u00e0ng n\u00e2u, \u0111\u01b0\u1ee3c ch\u1ebf bi\u1ebfn theo c\u00f4ng th\u1ee9c \u0111\u1eb7c bi\u1ec7t, \u0111\u1ea3m b\u1ea3o \u0111\u1ed9 gi\u00f2n r\u1ee5m v\u00e0 th\u01a1m ngon.<\/li>\n<\/ul>\n<\/li>\n<li data-sourcepos=\"13:1-15:143\"><em><strong>Th\u00e0nh ph\u1ea7n dinh d\u01b0\u1ee1ng:<\/strong><\/em>\n<ul data-sourcepos=\"14:5-15:143\">\n<li data-sourcepos=\"14:5-14:77\">S\u1ea3n ph\u1ea9m cung c\u1ea5p n\u0103ng l\u01b0\u1ee3ng, protein, v\u00e0 m\u1ed9t s\u1ed1 kho\u00e1ng ch\u1ea5t c\u1ea7n thi\u1ebft.<\/li>\n<li data-sourcepos=\"15:5-15:143\">N\u1ea1p dinh d\u01b0\u1ee1ng ho\u00e0n thi\u1ec7n, n\u0103ng l\u01b0\u1ee3ng l\u00e0nh m\u1ea1nh, kh\u00f4ng ch\u1ea5t b\u00e9o b\u00e3o h\u00f2a, b\u1ed5 sung s\u1eaft, k\u1ebdm, magie.<\/li>\n<\/ul>\n<\/li>\n<\/ul>\n<p><img decoding=\"async\" class=\"aligncenter\" src=\"https:\/\/scontent.fhan4-3.fna.fbcdn.net\/v\/t39.30808-6\/476594011_595899460079874_4766438841134238024_n.jpg?_nc_cat=100&amp;ccb=1-7&amp;_nc_sid=833d8c&amp;_nc_ohc=adXFv9jWV58Q7kNvgGWHQ_w&amp;_nc_oc=AdiNJag42lM_WZbOf_QWEFhTqB3RFrSY1BT7F7K2bZbUNy25lJ3iIvKbnUdbZQ9t6-E&amp;_nc_zt=23&amp;_nc_ht=scontent.fhan4-3.fna&amp;_nc_gid=ASoTqlH_yGvE4Uh-z9FkYT2&amp;oh=00_AYCK90s1H6LIqaMAY0epmyWNE3xFKwt3sXty5Pnqf_V9Lg&amp;oe=67C6D67F\" width=\"912\" height=\"1120\" \/><\/p>\n<p><strong>B\u00e1nh Ph\u1ed3ng D\u00ea REC REC v\u1ecb Tom Yum<\/strong>\u00a0l\u00e0 m\u1ed9t s\u1ea3n ph\u1ea9m snack \u0111\u1ed9c \u0111\u00e1o, k\u1ebft h\u1ee3p gi\u1eefa h\u01b0\u01a1ng v\u1ecb truy\u1ec1n th\u1ed1ng c\u1ee7a Th\u00e1i Lan v\u00e0 hi\u1ec7n \u0111\u1ea1i, \u0111\u1ed3ng th\u1eddi mang \u0111\u1ebfn nhi\u1ec1u l\u1ee3i \u00edch cho s\u1ee9c kh\u1ecfe. S\u1ea3n ph\u1ea9m n\u00e0y ph\u00f9 h\u1ee3p v\u1edbi nh\u1eefng ng\u01b0\u1eddi y\u00eau th\u00edch h\u01b0\u01a1ng v\u1ecb chua ng\u1ecdt thanh tao v\u00e0 cay the m\u00ea m\u1ea9n, c\u0169ng nh\u01b0 mu\u1ed1n tr\u1ea3i nghi\u1ec7m nh\u1eefng m\u00f3n \u0103n m\u1edbi l\u1ea1. S\u1ea3n ph\u1ea9m hi\u1ec7n \u0111\u00e3 c\u00f3 m\u1eb7t t\u1ea1i Havamall, qu\u00fd kh\u00e1ch vui l\u00f2ng li\u00ean h\u1ec7 hotline: 0946 229 642. Ch\u00fang t\u00f4i r\u1ea5t h\u00e2n h\u1ea1nh \u0111\u01b0\u1ee3c ph\u1ee5c v\u1ee5 qu\u00fd kh\u00e1ch!<\/p>\n<\/div>\n<\/div>\n<\/div>\n<\/div>","protected":false},"excerpt":{"rendered":"<p>TH\u00d4NG TIN CHUNG Th\u01b0\u01a1ng hi\u1ec7u REC REC Xu\u1ea5t x\u1ee9 Vi\u1ec7t Nam H\u1ea1n s\u1eed d\u1ee5ng Xem tr\u00ean bao b\u00ec H\u01b0\u1edbng d\u1eabn<\/p>","protected":false},"featured_media":36343,"comment_status":"open","ping_status":"closed","template":"","meta":[],"product_brand":[],"product_cat":[36,133],"product_tag":[],"class_list":{"0":"post-36342","1":"product","2":"type-product","3":"status-publish","4":"has-post-thumbnail","6":"product_cat-thuc-pham-tieu-dung","7":"product_cat-banh-keo-chocolate","9":"first","10":"instock","11":"sale","12":"shipping-taxable","13":"purchasable","14":"product-type-simple"},"_links":{"self":[{"href":"https:\/\/havamall.vn\/en\/wp-json\/wp\/v2\/product\/36342"}],"collection":[{"href":"https:\/\/havamall.vn\/en\/wp-json\/wp\/v2\/product"}],"about":[{"href":"https:\/\/havamall.vn\/en\/wp-json\/wp\/v2\/types\/product"}],"replies":[{"embeddable":true,"href":"https:\/\/havamall.vn\/en\/wp-json\/wp\/v2\/comments?post=36342"}],"version-history":[{"count":0,"href":"https:\/\/havamall.vn\/en\/wp-json\/wp\/v2\/product\/36342\/revisions"}],"wp:featuredmedia":[{"embeddable":true,"href":"https:\/\/havamall.vn\/en\/wp-json\/wp\/v2\/media\/36343"}],"wp:attachment":[{"href":"https:\/\/havamall.vn\/en\/wp-json\/wp\/v2\/media?parent=36342"}],"wp:term":[{"taxonomy":"product_brand","embeddable":true,"href":"https:\/\/havamall.vn\/en\/wp-json\/wp\/v2\/product_brand?post=36342"},{"taxonomy":"product_cat","embeddable":true,"href":"https:\/\/havamall.vn\/en\/wp-json\/wp\/v2\/product_cat?post=36342"},{"taxonomy":"product_tag","embeddable":true,"href":"https:\/\/havamall.vn\/en\/wp-json\/wp\/v2\/product_tag?post=36342"}],"curies":[{"name":"wp","href":"https:\/\/api.w.org\/{rel}","templated":true}]}}