{"id":36330,"date":"2025-02-26T00:43:02","date_gmt":"2025-02-25T17:43:02","guid":{"rendered":"https:\/\/havamall.vn\/?post_type=product&#038;p=36330"},"modified":"2025-09-28T16:50:45","modified_gmt":"2025-09-28T09:50:45","slug":"banh-ngan-lop-nhap-khau-y-sfogliatine-glassate-200g-antico-borgo","status":"publish","type":"product","link":"https:\/\/havamall.vn\/en\/shop\/banh-ngan-lop-nhap-khau-y-sfogliatine-glassate-200g-antico-borgo\/","title":{"rendered":"B\u00e1nh Ng\u00e0n L\u1edbp Nh\u1eadp Kh\u1ea9u \u00dd Sfogliatine Glassate 200g &#8211; Antico Borgo"},"content":{"rendered":"<div><span style=\"font-size: 18pt\"><strong>TH\u00d4NG TIN CHUNG<\/strong><\/span><\/div>\n<div>\n<table>\n<tbody>\n<tr>\n<td>Th\u01b0\u01a1ng hi\u1ec7u<\/td>\n<td>Antico Borgo<\/td>\n<\/tr>\n<tr>\n<td>Xu\u1ea5t x\u1ee9<\/td>\n<td>\u00dd<\/td>\n<\/tr>\n<tr>\n<td>Th\u00e0nh ph\u1ea7n<\/td>\n<td>B\u1ed9t m\u00ec, men 28% (\u0111\u01b0\u1eddng, l\u00f2ng tr\u1eafng tr\u1ee9ng), h\u01b0\u01a1ng li\u1ec7u t\u1ef1 nhi\u00ean,&#8230;<\/td>\n<\/tr>\n<tr>\n<td>H\u1ea1n s\u1eed d\u1ee5ng<\/td>\n<td>Xem tr\u1ef1c ti\u1ebfp tr\u00ean bao b\u00ec<\/td>\n<\/tr>\n<tr>\n<td>B\u1ea3o qu\u1ea3n<\/td>\n<td>\u0110\u1ec3 n\u01a1i kh\u00f4 r\u00e1o, tho\u00e1ng m\u00e1t, tr\u00e1nh \u00e1nh n\u1eafng tr\u1ef1c ti\u1ebfp<\/td>\n<\/tr>\n<tr>\n<td>Kh\u1ed1i l\u01b0\u1ee3ng<\/td>\n<td>200g<\/td>\n<\/tr>\n<\/tbody>\n<\/table>\n<p data-sourcepos=\"5:1-5:235\">Antico Borgo l\u00e0 th\u01b0\u01a1ng hi\u1ec7u n\u1ed5i ti\u1ebfng \u0111\u1ebfn t\u1eeb \u00dd, chuy\u00ean s\u1ea3n xu\u1ea5t c\u00e1c lo\u1ea1i b\u00e1nh ng\u1ecdt truy\u1ec1n th\u1ed1ng v\u1edbi h\u01b0\u01a1ng v\u1ecb tinh t\u1ebf v\u00e0 ch\u1ea5t l\u01b0\u1ee3ng cao. V\u1edbi s\u1ef1 k\u1ebft h\u1ee3p gi\u1eefa c\u00f4ng th\u1ee9c c\u1ed5 truy\u1ec1n v\u00e0 c\u00f4ng ngh\u1ec7 hi\u1ec7n \u0111\u1ea1i, c\u00e1c s\u1ea3n ph\u1ea9m c\u1ee7a Antico Borgo kh\u00f4ng ch\u1ec9 chinh ph\u1ee5c th\u1ef1c kh\u00e1ch b\u1eb1ng h\u01b0\u01a1ng v\u1ecb th\u01a1m ngon m\u00e0 c\u00f2n mang \u0111\u1eadm d\u1ea5u \u1ea5n v\u0103n h\u00f3a \u1ea9m th\u1ef1c \u00dd.<\/p>\n<p data-start=\"422\" data-end=\"921\">Trong \u0111\u00f3, <strong data-start=\"432\" data-end=\"456\">Sfogliatine Glassate<\/strong> l\u00e0 m\u1ed9t trong nh\u1eefng lo\u1ea1i b\u00e1nh \u0111\u1eb7c bi\u1ec7t v\u00e0 \u0111\u01b0\u1ee3c \u01b0a chu\u1ed9ng nh\u1ea5t. T\u00ean g\u1ecdi <em data-start=\"528\" data-end=\"543\">\u201c<strong>Sfogliatine<\/strong>\u201d<\/em> trong ti\u1ebfng \u00dd c\u00f3 ngh\u0129a l\u00e0 \u201c<strong>nh\u1eefng l\u1edbp b\u00e1nh m\u1ecfng<\/strong>\u201d, m\u00f4 t\u1ea3 ch\u00ednh x\u00e1c k\u1ebft c\u1ea5u nhi\u1ec1u l\u1edbp c\u1ee7a lo\u1ea1i b\u00e1nh n\u00e0y. M\u1ed7i chi\u1ebfc b\u00e1nh c\u00f3 h\u00ecnh ch\u1eef nh\u1eadt nh\u1ecf g\u1ecdn v\u1edbi l\u1edbp v\u1ecf \u0111\u01b0\u1ee3c l\u00e0m t\u1eeb b\u1ed9t b\u00e1nh ph\u1ed3ng (b\u1ed9t ng\u00e0n l\u1edbp), gi\u00fap b\u00e1nh \u0111\u1ea1t \u0111\u1ed9 c\u1ee9ng d\u1ebbo \u0111\u1eb7c bi\u1ec7t. B\u00ean ngo\u00e0i, b\u00e1nh \u0111\u01b0\u1ee3c ph\u1ee7 m\u1ed9t l\u1edbp \u0111\u01b0\u1eddng tr\u1eafng b\u00f3ng ( <em data-start=\"833\" data-end=\"845\">\u201c<strong>glassate<\/strong>\u201d<\/em> ngh\u0129a l\u00e0 \u201c<strong>tr\u00e1ng \u0111\u01b0\u1eddng<\/strong>\u201d), t\u1ea1o n\u00ean v\u1ebb ngo\u00e0i h\u1ea5p d\u1eabn c\u00f9ng v\u1ecb ng\u1ecdt thanh tao.<\/p>\n<p data-start=\"422\" data-end=\"921\"><img decoding=\"async\" class=\"aligncenter\" src=\"https:\/\/s.myspar.ru\/upload\/img\/10\/1013\/101354650.jpg?1719838167\" \/><\/p>\n<ul data-spread=\"true\" data-pm-slice=\"3 1 []\">\n<li><span style=\"font-size: 14pt\"><strong>\u0110i\u1ec3m \u0111\u1eb7c bi\u1ec7t c\u1ee7a Sfogliatine Glassate:<\/strong><\/span>\n<ul data-spread=\"false\">\n<li>S\u1ef1 h\u00f2a quy\u1ec7n tinh t\u1ebf gi\u1eefa \u0111\u1ed9 gi\u00f2n ho\u00e0n h\u1ea3o c\u1ee7a l\u1edbp b\u00e1nh v\u00e0 v\u1ecb ng\u1ecdt d\u1ecbu d\u00e0ng c\u1ee7a l\u1edbp \u0111\u01b0\u1eddng ph\u1ee7.<\/li>\n<li>C\u1ea3m gi\u00e1c tan ch\u1ea3y nh\u1eb9 nh\u00e0ng trong mi\u1ec7ng ngay t\u1eeb mi\u1ebfng c\u1eafn \u0111\u1ea7u ti\u00ean, mang \u0111\u1ebfn s\u1ef1 th\u0103ng hoa c\u1ee7a v\u1ecb gi\u00e1c.<\/li>\n<\/ul>\n<\/li>\n<\/ul>\n<p><img decoding=\"async\" class=\"aligncenter\" src=\"https:\/\/blog.giallozafferano.it\/fornoefornelli\/wp-content\/uploads\/2021\/03\/sfogliatine-glassate-1.jpg\" \/><\/p>\n<ul data-spread=\"true\" data-pm-slice=\"3 1 []\">\n<li><span style=\"font-size: 14pt\"><strong>C\u00e1ch th\u01b0\u1edfng th\u1ee9c ph\u1ed5 bi\u1ebfn:<\/strong><\/span>\n<ul data-spread=\"false\">\n<li>Th\u01b0\u1edfng th\u1ee9c c\u00f9ng tr\u00e0 ho\u1eb7c c\u00e0 ph\u00ea \u0111\u1ec3 kh\u1edfi \u0111\u1ea7u ng\u00e0y m\u1edbi m\u1ed9t c\u00e1ch thanh nh\u00e3 v\u00e0 nh\u1eb9 nh\u00e0ng.<\/li>\n<li>L\u00e0 \u0111i\u1ec3m nh\u1ea5n tinh t\u1ebf trong c\u00e1c bu\u1ed5i ti\u1ec7c tr\u00e0 mang phong c\u00e1ch ch\u00e2u \u00c2u, t\u1ea1o n\u00ean kh\u00f4ng gian \u1ea5m c\u00fang v\u00e0 thanh l\u1ecbch.<\/li>\n<li>Kh\u00f4ng ch\u1ec9 l\u00e0 m\u00f3n \u0103n v\u1eb7t h\u1ea5p d\u1eabn m\u00e0 c\u00f2n l\u00e0 m\u00f3n tr\u00e1ng mi\u1ec7ng ho\u00e0n h\u1ea3o v\u00e0 m\u00f3n qu\u00e0 sang tr\u1ecdng d\u00e0nh cho c\u00e1c d\u1ecbp \u0111\u1eb7c bi\u1ec7t.<\/li>\n<\/ul>\n<\/li>\n<\/ul>\n<p><img decoding=\"async\" class=\"aligncenter\" src=\"https:\/\/havamall.com\/wp-content\/uploads\/2025\/09\/60439421_10214321619461974_6697243148621447168_o.jpg\" \/><\/p>\n<p data-start=\"1392\" data-end=\"1624\">V\u1edbi thi\u1ebft k\u1ebf bao b\u00ec thanh l\u1ecbch v\u00e0 h\u01b0\u01a1ng v\u1ecb \u0111\u1eb7c tr\u01b0ng, <strong data-start=\"1446\" data-end=\"1483\">\u200b\u200bSfogliatine Glassate Antico Borgo<\/strong> \u0111\u00e3 tr\u1edf th\u00e0nh l\u1ef1a ch\u1ecdn y\u00eau th\u00edch c\u1ee7a nhi\u1ec1u gia \u0111\u00ecnh tr\u00ean kh\u1eafp th\u1ebf gi\u1edbi, mang \u0111\u1ebfn tr\u1ea3i nghi\u1ec7m \u1ea9m th\u1ef1c \u00fd ngh\u0129a ngay trong t\u1eebng mi\u1ebfng b\u00e1nh gi\u00f2n tan. S\u1ea3n ph\u1ea9m hi\u1ec7n \u0111\u00e3 c\u00f3 m\u1eb7t t\u1ea1i Havamall, qu\u00fd kh\u00e1ch vui l\u00f2ng li\u00ean h\u1ec7 hotline: 0946 229 642. Ch\u00fang t\u00f4i r\u1ea5t h\u00e2n h\u1ea1nh \u0111\u01b0\u1ee3c ph\u1ee5c v\u1ee5 qu\u00fd kh\u00e1ch!<\/p>\n<\/div>","protected":false},"excerpt":{"rendered":"<p>TH\u00d4NG TIN CHUNG Th\u01b0\u01a1ng hi\u1ec7u Antico Borgo Xu\u1ea5t x\u1ee9 \u00dd Th\u00e0nh ph\u1ea7n B\u1ed9t m\u00ec, men 28% (\u0111\u01b0\u1eddng, l\u00f2ng tr\u1eafng tr\u1ee9ng),<\/p>","protected":false},"featured_media":36331,"comment_status":"open","ping_status":"closed","template":"","meta":[],"product_brand":[],"product_cat":[36,133],"product_tag":[],"class_list":{"0":"post-36330","1":"product","2":"type-product","3":"status-publish","4":"has-post-thumbnail","6":"product_cat-thuc-pham-tieu-dung","7":"product_cat-banh-keo-chocolate","9":"first","10":"outofstock","11":"sale","12":"shipping-taxable","13":"purchasable","14":"product-type-simple"},"_links":{"self":[{"href":"https:\/\/havamall.vn\/en\/wp-json\/wp\/v2\/product\/36330"}],"collection":[{"href":"https:\/\/havamall.vn\/en\/wp-json\/wp\/v2\/product"}],"about":[{"href":"https:\/\/havamall.vn\/en\/wp-json\/wp\/v2\/types\/product"}],"replies":[{"embeddable":true,"href":"https:\/\/havamall.vn\/en\/wp-json\/wp\/v2\/comments?post=36330"}],"version-history":[{"count":0,"href":"https:\/\/havamall.vn\/en\/wp-json\/wp\/v2\/product\/36330\/revisions"}],"wp:featuredmedia":[{"embeddable":true,"href":"https:\/\/havamall.vn\/en\/wp-json\/wp\/v2\/media\/36331"}],"wp:attachment":[{"href":"https:\/\/havamall.vn\/en\/wp-json\/wp\/v2\/media?parent=36330"}],"wp:term":[{"taxonomy":"product_brand","embeddable":true,"href":"https:\/\/havamall.vn\/en\/wp-json\/wp\/v2\/product_brand?post=36330"},{"taxonomy":"product_cat","embeddable":true,"href":"https:\/\/havamall.vn\/en\/wp-json\/wp\/v2\/product_cat?post=36330"},{"taxonomy":"product_tag","embeddable":true,"href":"https:\/\/havamall.vn\/en\/wp-json\/wp\/v2\/product_tag?post=36330"}],"curies":[{"name":"wp","href":"https:\/\/api.w.org\/{rel}","templated":true}]}}