{"id":36308,"date":"2025-02-24T23:46:16","date_gmt":"2025-02-24T16:46:16","guid":{"rendered":"https:\/\/havamall.vn\/?post_type=product&#038;p=36308"},"modified":"2025-02-25T21:33:56","modified_gmt":"2025-02-25T14:33:56","slug":"tra-thai-xanh-chatramue-200g-green-tea-powder-jasmine-flavor-chatramue-brand","status":"publish","type":"product","link":"https:\/\/havamall.vn\/en\/shop\/tra-thai-xanh-chatramue-200g-green-tea-powder-jasmine-flavor-chatramue-brand\/","title":{"rendered":"Tr\u00e0 Th\u00e1i Xanh CHATRAMUE 200g \u2013 Green Tea Powder (Jasmine Flavor) ChaTraMue Brand"},"content":{"rendered":"<p><span style=\"font-size: 18pt\"><strong>TH\u00d4NG TIN S\u1ea2N TH\u1ea8M<\/strong><\/span><\/p>\n<table style=\"width: 100%\">\n<tbody>\n<tr>\n<td style=\"width: 19.2469%\"><span style=\"font-size: 14pt\">Th\u01b0\u01a1ng hi\u1ec7u<\/span><\/td>\n<td style=\"width: 79.7768%\"><span style=\"font-size: 14pt\">ChaTraMue (Number One Brand)<\/span><\/td>\n<\/tr>\n<tr>\n<td style=\"width: 19.2469%\"><span style=\"font-size: 14pt\">Xu\u1ea5t x\u1ee9<\/span><\/td>\n<td style=\"width: 79.7768%\"><span style=\"font-size: 14pt\">Th\u00e1i Lan<\/span><\/td>\n<\/tr>\n<tr>\n<td style=\"width: 19.2469%\"><span style=\"font-size: 14pt\">Th\u00e0nh ph\u1ea7n<\/span><\/td>\n<td style=\"width: 79.7768%\"><span style=\"font-size: 14pt\">B\u1ed9t tr\u00e0 \u0111\u1ecf (Assam) (94%), \u0111\u01b0\u1eddng (5%), h\u01b0\u01a1ng l\u00e0i t\u1ef1 nhi\u00ean , ph\u1ea9m m\u00e0u t\u1ed5ng h\u1ee3p (INS 102, INS 110, INS 133)<\/span><\/td>\n<\/tr>\n<tr>\n<td style=\"width: 19.2469%\"><span style=\"font-size: 14pt\">H\u1ea1n s\u1eed d\u1ee5ng<\/span><\/td>\n<td style=\"width: 79.7768%\"><span style=\"font-size: 14pt\">In tr\u00ean bao b\u00ec<\/span><\/td>\n<\/tr>\n<tr>\n<td style=\"width: 19.2469%\"><span style=\"font-size: 14pt\">B\u1ea3o qu\u1ea3n<\/span><\/td>\n<td style=\"width: 79.7768%\"><span style=\"font-size: 14pt\">\u0110\u1ec3 n\u01a1i kh\u00f4 r\u00e1o, tho\u00e1ng m\u00e1t, tr\u00e1nh \u00e1nh n\u1eafng tr\u1ef1c ti\u1ebfp<\/span><\/td>\n<\/tr>\n<tr>\n<td style=\"width: 19.2469%\"><span style=\"font-size: 14pt\">Kh\u1ed1i l\u01b0\u1ee3ng t\u1ecbnh<\/span><\/td>\n<td style=\"width: 79.7768%\"><span style=\"font-size: 14pt\">200g<\/span><\/td>\n<\/tr>\n<\/tbody>\n<\/table>\n<p><span style=\"font-size: 14pt\"><strong>ChaTraMue<\/strong>, c\u00f2n \u0111\u01b0\u1ee3c bi\u1ebft \u0111\u1ebfn v\u1edbi t\u00ean g\u1ecdi \u201c<strong>Number One Brand<\/strong>\u201c, l\u00e0 m\u1ed9t th\u01b0\u01a1ng hi\u1ec7u tr\u00e0 n\u1ed5i ti\u1ebfng c\u1ee7a Th\u00e1i Lan, \u0111\u01b0\u1ee3c th\u00e0nh l\u1eadp t\u1eeb n\u0103m 1945. V\u1edbi h\u01a1n 75 n\u0103m kinh nghi\u1ec7m trong ngh\u1ec7 thu\u1eadt pha tr\u1ed9n tr\u00e0, ChaTraMue \u0111\u00e3 tr\u1edf th\u00e0nh bi\u1ec3u t\u01b0\u1ee3ng c\u1ee7a tr\u00e0 Th\u00e1i ch\u1ea5t l\u01b0\u1ee3ng cao, \u0111\u01b0\u1ee3c y\u00eau th\u00edch kh\u00f4ng ch\u1ec9 trong n\u01b0\u1edbc m\u00e0 c\u00f2n tr\u00ean to\u00e0n th\u1ebf gi\u1edbi.<\/span><\/p>\n<p><img fetchpriority=\"high\" decoding=\"async\" class=\"aligncenter\" src=\"https:\/\/havamall.vn\/wp-content\/uploads\/2025\/02\/logo.png\" width=\"741\" height=\"521\" \/><span style=\"font-size: 14pt\">T\u1eeb khi ra \u0111\u1eddi, ChaTraMue \u0111\u00e3 cam k\u1ebft mang \u0111\u1ebfn cho ng\u01b0\u1eddi ti\u00eau d\u00f9ng nh\u1eefng s\u1ea3n ph\u1ea9m tr\u00e0 h\u1ea3o h\u1ea1ng, \u0111\u01b0\u1ee3c ch\u1ebf bi\u1ebfn t\u1eeb nh\u1eefng l\u00e1 tr\u00e0 tuy\u1ec3n ch\u1ecdn k\u1ef9 l\u01b0\u1ee1ng. Th\u01b0\u01a1ng hi\u1ec7u lu\u00f4n duy tr\u00ec quy tr\u00ecnh s\u1ea3n xu\u1ea5t truy\u1ec1n th\u1ed1ng k\u1ebft h\u1ee3p v\u1edbi c\u00f4ng ngh\u1ec7 hi\u1ec7n \u0111\u1ea1i, \u0111\u1ea3m b\u1ea3o h\u01b0\u01a1ng v\u1ecb \u0111\u1eb7c tr\u01b0ng v\u00e0 ch\u1ea5t l\u01b0\u1ee3ng \u1ed5n \u0111\u1ecbnh cho t\u1eebng s\u1ea3n ph\u1ea9m.<\/span><\/p>\n<p><img decoding=\"async\" class=\"aligncenter\" src=\"https:\/\/havamall.vn\/wp-content\/uploads\/2025\/02\/data2FThaiTeaMixj.jpg\" width=\"771\" height=\"458\" \/><\/p>\n<div class=\"relative inline-flex items-center\">\n<p data-pm-slice=\"1 1 []\"><span style=\"font-size: 14pt\"><strong data-start=\"40\" data-end=\"110\">Tr\u00e0 Th\u00e1i Xanh ChaTraMue 200g \u2013 H\u01b0\u01a1ng v\u1ecb tr\u00e0 s\u1eefa Th\u00e1i Lan \u0111\u00edch th\u1ef1c<\/strong><\/span><\/p>\n<p data-start=\"112\" data-end=\"412\"><span style=\"font-size: 14pt\">Tr\u00e0 Th\u00e1i Xanh ChaTraMue 200g l\u00e0 s\u1ea3n ph\u1ea9m tr\u00e0 xanh cao c\u1ea5p t\u1eeb th\u01b0\u01a1ng hi\u1ec7u ChaTraMue n\u1ed5i ti\u1ebfng c\u1ee7a Th\u00e1i Lan. \u0110\u01b0\u1ee3c ch\u1ebf bi\u1ebfn t\u1eeb nh\u1eefng l\u00e1 tr\u00e0 t\u01b0\u01a1i ngon nh\u1ea5t, k\u1ebft h\u1ee3p c\u00f9ng h\u01b0\u01a1ng hoa l\u00e0i t\u1ef1 nhi\u00ean, s\u1ea3n ph\u1ea9m mang \u0111\u1ebfn h\u01b0\u01a1ng v\u1ecb thanh m\u00e1t, th\u01a1m d\u1ecbu \u0111\u1eb7c tr\u01b0ng, l\u00fd t\u01b0\u1edfng \u0111\u1ec3 pha ch\u1ebf tr\u00e0 s\u1eefa Th\u00e1i xanh truy\u1ec1n th\u1ed1ng.<\/span><\/p>\n<p><span style=\"font-size: 14pt\"><strong>\u0110\u1eb6C \u0110I\u1ec2M N\u1ed4I B\u1eacT<\/strong><\/span><\/p>\n<ul data-spread=\"false\" data-pm-slice=\"3 3 []\">\n<li data-start=\"590\" data-end=\"710\"><span style=\"font-size: 14pt\"><strong data-start=\"592\" data-end=\"615\">Ch\u1ea5t l\u01b0\u1ee3ng cao c\u1ea5p:<\/strong>\u00a0S\u1ea3n ph\u1ea9m \u0111\u01b0\u1ee3c l\u00e0m t\u1eeb l\u00e1 tr\u00e0 xanh tuy\u1ec3n ch\u1ecdn k\u1ef9 l\u01b0\u1ee1ng, \u0111\u1ea3m b\u1ea3o \u0111\u1ed9 t\u01b0\u01a1i ngon v\u00e0 h\u01b0\u01a1ng v\u1ecb \u0111\u1eadm \u0111\u00e0.<\/span><\/li>\n<li data-start=\"711\" data-end=\"854\"><span style=\"font-size: 14pt\"><strong data-start=\"713\" data-end=\"734\">H\u01b0\u01a1ng v\u1ecb \u0111\u1ed9c \u0111\u00e1o:<\/strong>\u00a0S\u1ef1 k\u1ebft h\u1ee3p gi\u1eefa tr\u00e0 xanh v\u00e0 h\u01b0\u01a1ng hoa nh\u00e0i t\u1ea1o n\u00ean th\u1ee9c u\u1ed1ng th\u01a1m ngon, thanh m\u00e1t, ph\u00f9 h\u1ee3p v\u1edbi kh\u1ea9u v\u1ecb c\u1ee7a nhi\u1ec1u ng\u01b0\u1eddi.<\/span><\/li>\n<li data-start=\"855\" data-end=\"975\"><span style=\"font-size: 14pt\"><strong data-start=\"857\" data-end=\"877\">D\u1ec5 d\u00e0ng pha ch\u1ebf:<\/strong>\u00a0Ch\u1ec9 v\u1edbi v\u00e0i b\u01b0\u1edbc \u0111\u01a1n gi\u1ea3n, b\u1ea1n c\u00f3 th\u1ec3 t\u1ef1 tay pha ch\u1ebf ly tr\u00e0 s\u1eefa Th\u00e1i xanh th\u01a1m ngon ngay t\u1ea1i nh\u00e0.<\/span><\/li>\n<\/ul>\n<p><img decoding=\"async\" class=\"aligncenter\" src=\"https:\/\/havamall.vn\/wp-content\/uploads\/2025\/02\/1_s-l1200.jpg\" width=\"757\" height=\"709\" \/><\/p>\n<p><span style=\"font-size: 14pt\"><strong>H\u01af\u1edaNG D\u1eaaN PHA CH\u1ebe:<\/strong><\/span><\/p>\n<p data-start=\"295\" data-end=\"317\"><span style=\"font-size: 14pt\"><strong><em data-start=\"295\" data-end=\"317\">Pha tr\u00e0 s\u1eefa Th\u00e1i xanh:<\/em><\/strong><\/span><\/p>\n<ul>\n<li data-start=\"141\" data-end=\"201\"><span style=\"font-size: 14pt\"><strong data-start=\"143\" data-end=\"171\">Tr\u00e0 Th\u00e1i Xanh ChaTraMue:<\/strong>\u00a010g (kho\u1ea3ng 2 mu\u1ed7ng c\u00e0 ph\u00ea)<\/span><\/li>\n<li data-start=\"202\" data-end=\"236\"><span style=\"font-size: 14pt\"><strong data-start=\"204\" data-end=\"218\">N\u01b0\u1edbc n\u00f3ng:<\/strong>\u00a0150ml (80-90\u00b0C)<\/span><\/li>\n<li data-start=\"237\" data-end=\"279\"><span style=\"font-size: 14pt\"><strong data-start=\"239\" data-end=\"251\">S\u1eefa \u0111\u1eb7c:<\/strong>\u00a050g (kho\u1ea3ng 2 mu\u1ed7ng canh)<\/span><\/li>\n<li data-start=\"280\" data-end=\"349\"><span style=\"font-size: 14pt\"><strong data-start=\"282\" data-end=\"307\">S\u1eefa t\u01b0\u01a1i kh\u00f4ng \u0111\u01b0\u1eddng:<\/strong>\u00a030ml (ho\u1eb7c s\u1eefa b\u00e9o n\u1ebfu mu\u1ed1n v\u1ecb b\u00e9o h\u01a1n)<\/span><\/li>\n<li data-start=\"350\" data-end=\"392\"><span style=\"font-size: 14pt\"><strong data-start=\"352\" data-end=\"362\">\u0110\u01b0\u1eddng:<\/strong>\u00a0T\u00f9y kh\u1ea9u v\u1ecb (th\u01b0\u1eddng 10-20g)<\/span><\/li>\n<li data-start=\"393\" data-end=\"416\"><span style=\"font-size: 14pt\"><strong data-start=\"395\" data-end=\"407\">\u0110\u00e1 vi\u00ean:<\/strong>\u00a0V\u1eeba \u0111\u1ee7<\/span><\/li>\n<li data-start=\"417\" data-end=\"480\"><span style=\"font-size: 14pt\"><strong data-start=\"419\" data-end=\"440\">Topping (n\u1ebfu c\u00f3):<\/strong>\u00a0Tr\u00e2n ch\u00e2u, th\u1ea1ch, pudding, kem cheese<\/span><\/li>\n<\/ul>\n<p><img loading=\"lazy\" decoding=\"async\" class=\"aligncenter\" src=\"https:\/\/scontent.fsgn5-10.fna.fbcdn.net\/v\/t39.30808-6\/468645286_967620642069938_7245635960690758982_n.jpg?_nc_cat=107&amp;ccb=1-7&amp;_nc_sid=127cfc&amp;_nc_ohc=BxWjcQVbXuIQ7kNvgH0lALo&amp;_nc_oc=AdgjOWT6Jo4nlhyoEP1tWfdDKOBMXgUOPBsGEL8Rwo0Af647daim00XT8UYrYiVGFnE&amp;_nc_zt=23&amp;_nc_ht=scontent.fsgn5-10.fna&amp;_nc_gid=AMsQec4KhxJwAjr4hZeYOhA&amp;oh=00_AYAk5M6g6rAJ3J5b1yYQBVvccdwd_sI3hN871n1Kg3m70A&amp;oe=67C3AB9D\" width=\"768\" height=\"716\" \/><\/p>\n<p data-start=\"536\" data-end=\"555\"><span style=\"font-size: 14pt\"><strong><em data-start=\"536\" data-end=\"555\">Pha tr\u00e0 chanh th\u00e1i xanh:<\/em><\/strong><\/span><\/p>\n<ul>\n<li><span style=\"font-size: 14pt\"><strong data-start=\"99\" data-end=\"127\">Tr\u00e0 Th\u00e1i Xanh ChaTraMue:<\/strong>\u00a010g (kho\u1ea3ng 2 mu\u1ed7ng c\u00e0 ph\u00ea)<\/span><\/li>\n<li><span style=\"font-size: 14pt\"><strong data-start=\"160\" data-end=\"174\">N\u01b0\u1edbc n\u00f3ng:<\/strong>\u00a0150ml (80-90\u00b0C)<\/span><\/li>\n<li><span style=\"font-size: 14pt\"><strong data-start=\"195\" data-end=\"205\">\u0110\u01b0\u1eddng:<\/strong>\u00a040g (c\u00f3 th\u1ec3 \u0111i\u1ec1u ch\u1ec9nh theo kh\u1ea9u v\u1ecb)<\/span><\/li>\n<li><span style=\"font-size: 14pt\"><strong data-start=\"247\" data-end=\"271\">N\u01b0\u1edbc c\u1ed1t chanh t\u01b0\u01a1i:<\/strong>\u00a020ml (kho\u1ea3ng 1\/2 qu\u1ea3 chanh)<\/span><\/li>\n<li><span style=\"font-size: 14pt\"><strong data-start=\"304\" data-end=\"316\">\u0110\u00e1 vi\u00ean:<\/strong>\u00a0V\u1eeba \u0111\u1ee7<\/span><\/li>\n<\/ul>\n<p><img loading=\"lazy\" decoding=\"async\" class=\"aligncenter\" src=\"https:\/\/havamall.vn\/wp-content\/uploads\/2025\/02\/cach-lam-tra-chanh-thai-xanh-thanh-mat-giai-nhiet-ngay-he-202308050713212962.jpg\" width=\"758\" height=\"412\" \/><\/p>\n<p data-start=\"0\" data-end=\"52\"><span style=\"font-size: 18pt\"><strong data-start=\"0\" data-end=\"48\">B\u1ea1n \u0111ang t\u00ecm tr\u00e0 Th\u00e1i xanh th\u01a1m chu\u1ea9n v\u1ecb?<\/strong><\/span><\/p>\n<p data-start=\"0\" data-end=\"52\"><span style=\"font-size: 14pt\">B\u1ea1n \u0111ang t\u00ecm ki\u1ebfm tr\u00e0 Th\u00e1i xanh Chatramue th\u01a1m ngon, chu\u1ea9n v\u1ecb v\u00e0 b\u0103n kho\u0103n kh\u00f4ng bi\u1ebft mua \u1edf \u0111\u00e2u \u0111\u1ec3 \u0111\u1ea3m b\u1ea3o ch\u1ea5t l\u01b0\u1ee3ng?<\/span><\/p>\n<p data-start=\"0\" data-end=\"52\"><span style=\"font-size: 14pt\">Tr\u00e0 Th\u00e1i xanh Chatramue \u0111\u00e3 ch\u00ednh th\u1ee9c c\u00f3 m\u1eb7t t\u1ea1i Havamall. V\u1edbi h\u01b0\u01a1ng v\u1ecb \u0111\u1eb7c tr\u01b0ng, m\u00e0u s\u1eafc h\u1ea5p d\u1eabn v\u00e0 c\u00e1ch pha ch\u1ebf \u0111\u01a1n gi\u1ea3n, s\u1ebd mang \u0111\u1ebfn cho b\u1ea1n nh\u1eefng ly tr\u00e0 th\u01a1m ngon \u0111\u00fang \u0111i\u1ec7u. \u0110\u1eebng b\u1ecf l\u1ee1 c\u01a1 h\u1ed9i tr\u1ea3i nghi\u1ec7m s\u1ea3n ph\u1ea9m n\u1ed5i ti\u1ebfng n\u00e0y. Li\u00ean h\u1ec7 ngay hotline: 0946 229 642 \u0111\u1ec3 \u0111\u1eb7t h\u00e0ng nhanh ch\u00f3ng v\u00e0 t\u1eadn h\u01b0\u1edfng \u01b0u \u0111\u00e3i h\u1ea5p d\u1eabn.<\/span><\/p>\n<\/div>","protected":false},"excerpt":{"rendered":"<p>TH\u00d4NG TIN S\u1ea2N TH\u1ea8M Th\u01b0\u01a1ng hi\u1ec7u ChaTraMue (Number One Brand) Xu\u1ea5t x\u1ee9 Th\u00e1i Lan Th\u00e0nh ph\u1ea7n B\u1ed9t tr\u00e0 \u0111\u1ecf (Assam)<\/p>","protected":false},"featured_media":36309,"comment_status":"open","ping_status":"closed","template":"","meta":[],"product_brand":[],"product_cat":[40,131],"product_tag":[],"class_list":{"0":"post-36308","1":"product","2":"type-product","3":"status-publish","4":"has-post-thumbnail","6":"product_cat-sieuthi-giasi","7":"product_cat-nguyen-lieu-lam-bep","9":"first","10":"instock","11":"sale","12":"shipping-taxable","13":"purchasable","14":"product-type-simple"},"_links":{"self":[{"href":"https:\/\/havamall.vn\/en\/wp-json\/wp\/v2\/product\/36308"}],"collection":[{"href":"https:\/\/havamall.vn\/en\/wp-json\/wp\/v2\/product"}],"about":[{"href":"https:\/\/havamall.vn\/en\/wp-json\/wp\/v2\/types\/product"}],"replies":[{"embeddable":true,"href":"https:\/\/havamall.vn\/en\/wp-json\/wp\/v2\/comments?post=36308"}],"version-history":[{"count":0,"href":"https:\/\/havamall.vn\/en\/wp-json\/wp\/v2\/product\/36308\/revisions"}],"wp:featuredmedia":[{"embeddable":true,"href":"https:\/\/havamall.vn\/en\/wp-json\/wp\/v2\/media\/36309"}],"wp:attachment":[{"href":"https:\/\/havamall.vn\/en\/wp-json\/wp\/v2\/media?parent=36308"}],"wp:term":[{"taxonomy":"product_brand","embeddable":true,"href":"https:\/\/havamall.vn\/en\/wp-json\/wp\/v2\/product_brand?post=36308"},{"taxonomy":"product_cat","embeddable":true,"href":"https:\/\/havamall.vn\/en\/wp-json\/wp\/v2\/product_cat?post=36308"},{"taxonomy":"product_tag","embeddable":true,"href":"https:\/\/havamall.vn\/en\/wp-json\/wp\/v2\/product_tag?post=36308"}],"curies":[{"name":"wp","href":"https:\/\/api.w.org\/{rel}","templated":true}]}}