{"id":36302,"date":"2025-02-24T21:11:42","date_gmt":"2025-02-24T14:11:42","guid":{"rendered":"https:\/\/havamall.vn\/?post_type=product&#038;p=36302"},"modified":"2025-04-21T16:28:54","modified_gmt":"2025-04-21T09:28:54","slug":"kem-hop-cao-cap-nhap-khau-new-zealand-much-moore-vi-sua-chua-dau-strawberry-yohgurt-2l","status":"publish","type":"product","link":"https:\/\/havamall.vn\/en\/shop\/kem-hop-cao-cap-nhap-khau-new-zealand-much-moore-vi-sua-chua-dau-strawberry-yohgurt-2l\/","title":{"rendered":"Kem H\u1ed9p Cao C\u1ea5p Nh\u1eadp Kh\u1ea9u New Zealand Much Moore V\u1ecb S\u1eefa Chua D\u00e2u \u2013 Strawberry Yohgurt 2L"},"content":{"rendered":"<h2 class=\"product-detail__specs-title\"><strong>TH\u00d4NG TIN CHUNG<\/strong><\/h2>\n<div id=\"js-product-detail__specs\" class=\"product-detail__specs\">\n<div class=\"row\">\n<div class=\"col-sm-12\">\n<div class=\"product-specs__table\">\n<table>\n<tbody>\n<tr>\n<td class=\"specs-table__property\"><span style=\"font-size: 14pt\">Th\u01b0\u01a1ng hi\u1ec7u<\/span><\/td>\n<td class=\"specs-table__value\"><span style=\"font-size: 14pt\">Much Moore<\/span><\/td>\n<\/tr>\n<tr>\n<td class=\"specs-table__property\"><span style=\"font-size: 14pt\">Xu\u1ea5t x\u1ee9<\/span><\/td>\n<td class=\"specs-table__value\"><span style=\"font-size: 14pt\">New Zealand<\/span><\/td>\n<\/tr>\n<tr>\n<td class=\"specs-table__property\"><span style=\"font-size: 14pt\">H\u1ea1n s\u1eed d\u1ee5ng<\/span><\/td>\n<td class=\"specs-table__value\"><span style=\"font-size: 14pt\">Xem tr\u00ean bao b\u00ec<\/span><\/td>\n<\/tr>\n<tr>\n<td class=\"specs-table__property\"><span style=\"font-size: 14pt\">H\u01b0\u1edbng d\u1eabn s\u1eed d\u1ee5ng<\/span><\/td>\n<td class=\"specs-table__value\"><span style=\"font-size: 14pt\">D\u00f9ng tr\u1ef1c ti\u1ebfp ho\u1eb7c d\u00f9ng l\u00e0m nguy\u00ean li\u1ec7u ch\u1ebf bi\u1ebfn<\/span><\/td>\n<\/tr>\n<tr>\n<td class=\"specs-table__property\"><span style=\"font-size: 14pt\">H\u01b0\u1edbng d\u1eabn b\u1ea3o qu\u1ea3n<\/span><\/td>\n<td class=\"specs-table__value\"><span style=\"font-size: 14pt\">B\u1ea3o qu\u1ea3n t\u1ee7 \u0111\u00f4ng -18 \u0111\u1ed9 C<\/span><\/td>\n<\/tr>\n<tr>\n<td class=\"specs-table__property\"><span style=\"font-size: 14pt\">Th\u00e0nh ph\u1ea7n nguy\u00ean li\u1ec7u<\/span><\/td>\n<td class=\"specs-table__value\"><span style=\"font-size: 14pt\">Xem tr\u00ean bao b\u00ec<\/span><\/td>\n<\/tr>\n<tr>\n<td class=\"specs-table__property\"><span style=\"font-size: 14pt\">Th\u1ec3 t\u00edch<\/span><\/td>\n<td class=\"specs-table__value\"><span style=\"font-size: 14pt\">2L<\/span><\/td>\n<\/tr>\n<\/tbody>\n<\/table>\n<p><span style=\"font-size: 14pt\">Much Moore l\u00e0 th\u01b0\u01a1ng hi\u1ec7u kem cao c\u1ea5p n\u1ed5i ti\u1ebfng \u0111\u1ebfn t\u1eeb New Zealand, v\u1edbi h\u01a1n 30 n\u0103m kinh nghi\u1ec7m trong ng\u00e0nh c\u00f4ng nghi\u1ec7p kem, Much Moore t\u1ef1 h\u00e0o mang \u0111\u1ebfn nh\u1eefng s\u1ea3n ph\u1ea9m ch\u1ea5t l\u01b0\u1ee3ng cao t\u1eeb c\u00e1c nguy\u00ean li\u1ec7u t\u1ef1 nhi\u00ean v\u00e0 tinh khi\u1ebft. S\u1ef1 k\u1ebft h\u1ee3p ho\u00e0n h\u1ea3o gi\u1eefa c\u00f4ng ngh\u1ec7 s\u1ea3n xu\u1ea5t hi\u1ec7n \u0111\u1ea1i v\u00e0 truy\u1ec1n th\u1ed1ng l\u00e0m kem th\u1ee7 c\u00f4ng \u0111\u00e3 t\u1ea1o n\u00ean h\u01b0\u01a1ng v\u1ecb \u0111\u1ed9c \u0111\u00e1o v\u00e0 \u0111\u1eadm \u0111\u00e0 trong t\u1eebng h\u1ed9p kem.<\/span><\/p>\n<p><span style=\"font-size: 14pt\">Kem Much Moore \u0111\u01b0\u1ee3c s\u1ea3n xu\u1ea5t t\u1eeb s\u1eefa b\u00f2 t\u01b0\u01a1i 100% t\u1eeb c\u00e1c n\u00f4ng tr\u1ea1i \u0111\u1ea1t chu\u1ea9n \u1edf New Zealand, n\u1ed5i ti\u1ebfng v\u1edbi ngu\u1ed3n s\u1eefa s\u1ea1ch v\u00e0 gi\u00e0u dinh d\u01b0\u1ee1ng. T\u1eeb nh\u1eefng v\u00f9ng \u0111\u1ed3ng c\u1ecf b\u1ea1t ng\u00e0n, c\u00e1c nguy\u00ean li\u1ec7u t\u1ef1 nhi\u00ean \u0111\u01b0\u1ee3c l\u1ef1a ch\u1ecdn k\u1ef9 l\u01b0\u1ee1ng \u0111\u1ec3 mang \u0111\u1ebfn m\u1ed9t s\u1ea3n ph\u1ea9m kem c\u00f3 ch\u1ea5t l\u01b0\u1ee3ng th\u01b0\u1ee3ng h\u1ea1ng.<\/span><\/p>\n<p><span style=\"font-size: 14pt\"><img fetchpriority=\"high\" decoding=\"async\" class=\"aligncenter\" src=\"https:\/\/scontent.fhan3-4.fna.fbcdn.net\/v\/t39.30808-6\/301790435_390101879943357_4465256236773252129_n.jpg?_nc_cat=104&amp;ccb=1-7&amp;_nc_sid=6ee11a&amp;_nc_ohc=kZrY-kT-hLsQ7kNvgEx9f3i&amp;_nc_oc=Adh9Kf7q0Tz4rL9QZDvg8289ljnOLgIF2TjW23WRBe0WBuXkrktk8xA45ODU9brR89c&amp;_nc_zt=23&amp;_nc_ht=scontent.fhan3-4.fna&amp;_nc_gid=AHRhBeTtM9pR4zurxf0XsGu&amp;oh=00_AYBnXUwxRhGIgJEHZmSNPk8n8cjWplgcESKwCUFQtPnYIw&amp;oe=67C20244\" alt=\"Kh\u00f4ng c\u00f3 m\u00f4 t\u1ea3 \u1ea3nh.\" width=\"705\" height=\"648\" \/><\/span><\/p>\n<p data-start=\"0\" data-end=\"75\"><span style=\"font-size: 14pt\"><strong data-start=\"0\" data-end=\"73\">KEM H\u1ed8P CAO C\u1ea4P MUCH MOORE \u2013 STRAWBERRY YOGURT (S\u1eeeA CHUA D\u00c2U)<\/strong><\/span><\/p>\n<p data-start=\"77\" data-end=\"197\"><span style=\"font-size: 14pt\">S\u1ef1 l\u1ef1a ch\u1ecdn l\u00fd t\u01b0\u1edfng cho nh\u1eefng ai y\u00eau th\u00edch h\u01b0\u01a1ng v\u1ecb thanh m\u00e1t v\u00e0 ng\u1ecdt d\u1ecbu c\u1ee7a tr\u00e1i c\u00e2y k\u1ebft h\u1ee3p v\u1edbi s\u1eefa chua b\u00e9o ng\u1eady:<\/span><\/p>\n<ul data-start=\"198\" data-end=\"439\">\n<li data-start=\"198\" data-end=\"310\"><span style=\"font-size: 14pt\"><strong data-start=\"200\" data-end=\"216\">D\u00e2u t\u01b0\u01a1i:<\/strong>\u00a0V\u1ecb ng\u1ecdt thanh v\u00e0 h\u01b0\u01a1ng th\u01a1m t\u1ef1 nhi\u00ean c\u1ee7a d\u00e2u t\u01b0\u01a1i mang l\u1ea1i c\u1ea3m gi\u00e1c t\u01b0\u01a1i m\u00e1t v\u00e0 s\u1ea3ng kho\u00e1i.<\/span><\/li>\n<li data-start=\"311\" data-end=\"439\"><span style=\"font-size: 14pt\"><strong data-start=\"313\" data-end=\"337\">S\u1eefa chua b\u00e9o m\u1ecbn:<\/strong>\u00a0V\u1ecb chua nh\u1eb9 \u0111\u1eb7c tr\u01b0ng c\u1ee7a s\u1eefa chua gi\u00fap c\u00e2n b\u1eb1ng v\u1ecb ng\u1ecdt, t\u1ea1o n\u00ean h\u1eadu v\u1ecb thanh khi\u1ebft v\u00e0 kh\u00f4ng ng\u1ea5y.<\/span><\/li>\n<\/ul>\n<p data-start=\"441\" data-end=\"1069\"><span style=\"font-size: 14pt\"><strong>\u0110\u1eb6C \u0110I\u1ec2M N\u1ed4I B\u1eacT<\/strong><\/span><\/p>\n<ul>\n<li data-start=\"441\" data-end=\"1069\"><span style=\"font-size: 14pt\"><strong data-start=\"470\" data-end=\"493\">H\u01b0\u01a1ng v\u1ecb thanh m\u00e1t:<\/strong>\u00a0S\u1ef1 k\u1ebft h\u1ee3p gi\u1eefa v\u1ecb ng\u1ecdt d\u1ecbu c\u1ee7a d\u00e2u v\u00e0 v\u1ecb chua nh\u1eb9 c\u1ee7a s\u1eefa chua mang l\u1ea1i c\u1ea3m gi\u00e1c d\u1ec5 ch\u1ecbu, th\u00edch h\u1ee3p cho m\u1ecdi l\u1ee9a tu\u1ed5i.<\/span><\/li>\n<li data-start=\"441\" data-end=\"1069\"><span style=\"font-size: 14pt\"><strong data-start=\"617\" data-end=\"638\">K\u1ebft c\u1ea5u m\u1ecbn m\u00e0ng:<\/strong>\u00a0Kem c\u00f3 \u0111\u1ed9 m\u1ec1m m\u1ecbn v\u00e0 tan ch\u1ea3y nh\u1eb9 nh\u00e0ng trong mi\u1ec7ng, gi\u00fap th\u01b0\u1edfng th\u1ee9c tr\u1ecdn v\u1eb9n h\u01b0\u01a1ng v\u1ecb t\u1ef1 nhi\u00ean.<\/span><\/li>\n<li data-start=\"441\" data-end=\"1069\"><span style=\"font-size: 14pt\"><strong data-start=\"741\" data-end=\"768\">Nguy\u00ean li\u1ec7u ch\u1ea5t l\u01b0\u1ee3ng:<\/strong>\u00a0\u0110\u01b0\u1ee3c l\u00e0m t\u1eeb s\u1eefa chua v\u00e0 d\u00e2u t\u01b0\u01a1i t\u1ef1 nhi\u00ean, kh\u00f4ng ch\u1ee9a ch\u1ea5t b\u1ea3o qu\u1ea3n, \u0111\u1ea3m b\u1ea3o \u0111\u1ed9 an to\u00e0n v\u00e0 b\u1ed5 d\u01b0\u1ee1ng.<\/span><\/li>\n<li data-start=\"441\" data-end=\"1069\"><span style=\"font-size: 14pt\"><strong data-start=\"874\" data-end=\"898\">Dung t\u00edch l\u1edbn 2 l\u00edt:<\/strong>\u00a0L\u1ef1a ch\u1ecdn ho\u00e0n h\u1ea3o cho c\u1ea3 gia \u0111\u00ecnh ho\u1eb7c c\u00e1c bu\u1ed5i ti\u1ec7c c\u00f9ng b\u1ea1n b\u00e8.<\/span><\/li>\n<li data-start=\"441\" data-end=\"1069\"><span style=\"font-size: 14pt\"><strong data-start=\"969\" data-end=\"991\">\u0110\u00f3ng g\u00f3i ti\u1ec7n l\u1ee3i:<\/strong>\u00a0H\u1ed9p nh\u1ef1a ch\u1eafc ch\u1eafn, d\u1ec5 b\u1ea3o qu\u1ea3n v\u00e0 gi\u1eef nguy\u00ean h\u01b0\u01a1ng v\u1ecb sau m\u1ed7i l\u1ea7n s\u1eed d\u1ee5ng.<\/span><\/li>\n<\/ul>\n<p data-start=\"441\" data-end=\"1069\"><img decoding=\"async\" class=\"aligncenter\" src=\"https:\/\/havamall.vn\/wp-content\/uploads\/2025\/02\/strawberry_frozen_50789_16x9.jpg\" width=\"702\" height=\"395\" \/><\/p>\n<h3><strong>Havamall \u2013 ph\u00e2n ph\u1ed1i c\u00e1c s\u1ea3n ph\u1ea9m ch\u00ednh h\u00e3ng, ch\u1ea5t l\u01b0\u1ee3ng<\/strong><\/h3>\n<p><span style=\"font-size: 14pt\">T\u1ef1 h\u00e0o l\u00e0 nh\u00e0 cung c\u1ea5p h\u00e0ng \u0111\u1ea7u c\u00e1c s\u1ea3n ph\u1ea9m th\u1ef1c ph\u1ea9m, \u0111\u1ed3 u\u1ed1ng v\u00e0 nguy\u00ean li\u1ec7u th\u1ef1c ph\u1ea9m nh\u1eadp kh\u1ea9u ch\u00ednh h\u00e3ng t\u1eeb ch\u00e2u \u00c2u v\u00e0 ch\u00e2u \u00dac. T\u1ea5t c\u1ea3 c\u00e1c s\u1ea3n ph\u1ea9m c\u1ee7a Havamall \u0111\u1ec1u tr\u1ea3i qua quy tr\u00ecnh ki\u1ec3m tra nghi\u00eam ng\u1eb7t, \u0111\u1ea1t c\u00e1c ti\u00eau chu\u1ea9n v\u1ec7 sinh an to\u00e0n th\u1ef1c ph\u1ea9m qu\u1ed1c t\u1ebf nh\u01b0 HACCP, ISO. Ch\u00fang t\u00f4i cam k\u1ebft mang \u0111\u1ebfn cho b\u1ea1n nh\u1eefng s\u1ea3n ph\u1ea9m ch\u1ea5t l\u01b0\u1ee3ng cao nh\u1ea5t, \u0111\u1ea3m b\u1ea3o an to\u00e0n cho s\u1ee9c kh\u1ecfe ng\u01b0\u1eddi ti\u00eau d\u00f9ng. \u0110\u1ec3 bi\u1ebft th\u00eam th\u00f4ng tin chi ti\u1ebft v\u1ec1 c\u00e1c s\u1ea3n ph\u1ea9m v\u00e0 d\u1ecbch v\u1ee5 c\u1ee7a Havamall, qu\u00fd kh\u00e1ch vui l\u00f2ng li\u00ean h\u1ec7 hotline: 0946 229 642. Ch\u00fang t\u00f4i r\u1ea5t h\u00e2n h\u1ea1nh \u0111\u01b0\u1ee3c ph\u1ee5c v\u1ee5 qu\u00fd kh\u00e1ch!<\/span><\/p>\n<\/div>\n<\/div>\n<\/div>\n<\/div>","protected":false},"excerpt":{"rendered":"<p>TH\u00d4NG TIN CHUNG Th\u01b0\u01a1ng hi\u1ec7u Much Moore Xu\u1ea5t x\u1ee9 New Zealand H\u1ea1n s\u1eed d\u1ee5ng Xem tr\u00ean bao b\u00ec H\u01b0\u1edbng d\u1eabn<\/p>","protected":false},"featured_media":36303,"comment_status":"open","ping_status":"closed","template":"","meta":[],"product_brand":[],"product_cat":[684,275,36],"product_tag":[],"class_list":{"0":"post-36302","1":"product","2":"type-product","3":"status-publish","4":"has-post-thumbnail","6":"product_cat-kem-lanh","7":"product_cat-thuc-pham-dong-lanh","8":"product_cat-thuc-pham-tieu-dung","9":"pa_brand-much-moore","11":"first","12":"instock","13":"sale","14":"shipping-taxable","15":"purchasable","16":"product-type-simple"},"_links":{"self":[{"href":"https:\/\/havamall.vn\/en\/wp-json\/wp\/v2\/product\/36302"}],"collection":[{"href":"https:\/\/havamall.vn\/en\/wp-json\/wp\/v2\/product"}],"about":[{"href":"https:\/\/havamall.vn\/en\/wp-json\/wp\/v2\/types\/product"}],"replies":[{"embeddable":true,"href":"https:\/\/havamall.vn\/en\/wp-json\/wp\/v2\/comments?post=36302"}],"version-history":[{"count":0,"href":"https:\/\/havamall.vn\/en\/wp-json\/wp\/v2\/product\/36302\/revisions"}],"wp:featuredmedia":[{"embeddable":true,"href":"https:\/\/havamall.vn\/en\/wp-json\/wp\/v2\/media\/36303"}],"wp:attachment":[{"href":"https:\/\/havamall.vn\/en\/wp-json\/wp\/v2\/media?parent=36302"}],"wp:term":[{"taxonomy":"product_brand","embeddable":true,"href":"https:\/\/havamall.vn\/en\/wp-json\/wp\/v2\/product_brand?post=36302"},{"taxonomy":"product_cat","embeddable":true,"href":"https:\/\/havamall.vn\/en\/wp-json\/wp\/v2\/product_cat?post=36302"},{"taxonomy":"product_tag","embeddable":true,"href":"https:\/\/havamall.vn\/en\/wp-json\/wp\/v2\/product_tag?post=36302"}],"curies":[{"name":"wp","href":"https:\/\/api.w.org\/{rel}","templated":true}]}}