{"id":36285,"date":"2025-02-24T20:34:08","date_gmt":"2025-02-24T13:34:08","guid":{"rendered":"https:\/\/havamall.vn\/?post_type=product&#038;p=36285"},"modified":"2025-09-28T16:53:01","modified_gmt":"2025-09-28T09:53:01","slug":"kem-hop-cao-cap-nhap-khau-new-zealand-much-moore-4-vi-premium-awesome-foursome-cravings-2l","status":"publish","type":"product","link":"https:\/\/havamall.vn\/en\/shop\/kem-hop-cao-cap-nhap-khau-new-zealand-much-moore-4-vi-premium-awesome-foursome-cravings-2l\/","title":{"rendered":"Kem H\u1ed9p Cao C\u1ea5p Nh\u1eadp Kh\u1ea9u New Zealand Much Moore 4 V\u1ecb \u2013 Premium Awesome FourSome Cravings 2L"},"content":{"rendered":"<h2 class=\"product-detail__specs-title\"><strong>TH\u00d4NG TIN CHUNG<\/strong><\/h2>\n<div id=\"js-product-detail__specs\" class=\"product-detail__specs\">\n<div class=\"row\">\n<div class=\"col-sm-12\">\n<div class=\"product-specs__table\">\n<table>\n<tbody>\n<tr>\n<td class=\"specs-table__property\"><span style=\"font-size: 14pt\">Th\u01b0\u01a1ng hi\u1ec7u<\/span><\/td>\n<td class=\"specs-table__value\"><span style=\"font-size: 14pt\">Much Moore<\/span><\/td>\n<\/tr>\n<tr>\n<td class=\"specs-table__property\"><span style=\"font-size: 14pt\">Xu\u1ea5t x\u1ee9<\/span><\/td>\n<td class=\"specs-table__value\"><span style=\"font-size: 14pt\">New Zealand<\/span><\/td>\n<\/tr>\n<tr>\n<td class=\"specs-table__property\"><span style=\"font-size: 14pt\">H\u1ea1n s\u1eed d\u1ee5ng<\/span><\/td>\n<td class=\"specs-table__value\"><span style=\"font-size: 14pt\">Xem tr\u00ean bao b\u00ec<\/span><\/td>\n<\/tr>\n<tr>\n<td class=\"specs-table__property\"><span style=\"font-size: 14pt\">H\u01b0\u1edbng d\u1eabn s\u1eed d\u1ee5ng<\/span><\/td>\n<td class=\"specs-table__value\"><span style=\"font-size: 14pt\">D\u00f9ng tr\u1ef1c ti\u1ebfp ho\u1eb7c d\u00f9ng l\u00e0m nguy\u00ean li\u1ec7u ch\u1ebf bi\u1ebfn<\/span><\/td>\n<\/tr>\n<tr>\n<td class=\"specs-table__property\"><span style=\"font-size: 14pt\">H\u01b0\u1edbng d\u1eabn b\u1ea3o qu\u1ea3n<\/span><\/td>\n<td class=\"specs-table__value\"><span style=\"font-size: 14pt\">B\u1ea3o qu\u1ea3n t\u1ee7 \u0111\u00f4ng -18 \u0111\u1ed9 C<\/span><\/td>\n<\/tr>\n<tr>\n<td class=\"specs-table__property\"><span style=\"font-size: 14pt\">Th\u00e0nh ph\u1ea7n nguy\u00ean li\u1ec7u<\/span><\/td>\n<td class=\"specs-table__value\"><span style=\"font-size: 14pt\">Xem tr\u00ean bao b\u00ec<\/span><\/td>\n<\/tr>\n<tr>\n<td class=\"specs-table__property\"><span style=\"font-size: 14pt\">Th\u1ec3 t\u00edch<\/span><\/td>\n<td class=\"specs-table__value\"><span style=\"font-size: 14pt\">2L<\/span><\/td>\n<\/tr>\n<\/tbody>\n<\/table>\n<p><span style=\"font-size: 14pt\">Much Moore l\u00e0 th\u01b0\u01a1ng hi\u1ec7u kem cao c\u1ea5p n\u1ed5i ti\u1ebfng \u0111\u1ebfn t\u1eeb New Zealand, v\u1edbi h\u01a1n 30 n\u0103m kinh nghi\u1ec7m trong ng\u00e0nh c\u00f4ng nghi\u1ec7p kem, Much Moore t\u1ef1 h\u00e0o mang \u0111\u1ebfn nh\u1eefng s\u1ea3n ph\u1ea9m ch\u1ea5t l\u01b0\u1ee3ng cao t\u1eeb c\u00e1c nguy\u00ean li\u1ec7u t\u1ef1 nhi\u00ean v\u00e0 tinh khi\u1ebft. S\u1ef1 k\u1ebft h\u1ee3p ho\u00e0n h\u1ea3o gi\u1eefa c\u00f4ng ngh\u1ec7 s\u1ea3n xu\u1ea5t hi\u1ec7n \u0111\u1ea1i v\u00e0 truy\u1ec1n th\u1ed1ng l\u00e0m kem th\u1ee7 c\u00f4ng \u0111\u00e3 t\u1ea1o n\u00ean h\u01b0\u01a1ng v\u1ecb \u0111\u1ed9c \u0111\u00e1o v\u00e0 \u0111\u1eadm \u0111\u00e0 trong t\u1eebng h\u1ed9p kem.<\/span><\/p>\n<p><span style=\"font-size: 14pt\">Kem Much Moore \u0111\u01b0\u1ee3c s\u1ea3n xu\u1ea5t t\u1eeb s\u1eefa b\u00f2 t\u01b0\u01a1i 100% t\u1eeb c\u00e1c n\u00f4ng tr\u1ea1i \u0111\u1ea1t chu\u1ea9n \u1edf New Zealand, n\u1ed5i ti\u1ebfng v\u1edbi ngu\u1ed3n s\u1eefa s\u1ea1ch v\u00e0 gi\u00e0u dinh d\u01b0\u1ee1ng. T\u1eeb nh\u1eefng v\u00f9ng \u0111\u1ed3ng c\u1ecf b\u1ea1t ng\u00e0n, c\u00e1c nguy\u00ean li\u1ec7u t\u1ef1 nhi\u00ean \u0111\u01b0\u1ee3c l\u1ef1a ch\u1ecdn k\u1ef9 l\u01b0\u1ee1ng \u0111\u1ec3 mang \u0111\u1ebfn m\u1ed9t s\u1ea3n ph\u1ea9m kem c\u00f3 ch\u1ea5t l\u01b0\u1ee3ng th\u01b0\u1ee3ng h\u1ea1ng.<\/span><\/p>\n<p><img fetchpriority=\"high\" decoding=\"async\" class=\"aligncenter\" src=\"https:\/\/scontent.fhan3-4.fna.fbcdn.net\/v\/t39.30808-6\/301790435_390101879943357_4465256236773252129_n.jpg?_nc_cat=104&amp;ccb=1-7&amp;_nc_sid=6ee11a&amp;_nc_ohc=kZrY-kT-hLsQ7kNvgEx9f3i&amp;_nc_oc=Adh9Kf7q0Tz4rL9QZDvg8289ljnOLgIF2TjW23WRBe0WBuXkrktk8xA45ODU9brR89c&amp;_nc_zt=23&amp;_nc_ht=scontent.fhan3-4.fna&amp;_nc_gid=AHRhBeTtM9pR4zurxf0XsGu&amp;oh=00_AYBnXUwxRhGIgJEHZmSNPk8n8cjWplgcESKwCUFQtPnYIw&amp;oe=67C20244\" alt=\"Kh\u00f4ng c\u00f3 m\u00f4 t\u1ea3 \u1ea3nh.\" width=\"674\" height=\"674\" \/><\/p>\n<p><span style=\"font-size: 14pt\">Kem H\u1ed9p Cao C\u1ea5p Much Moore 4 v\u1ecb Cravings l\u00e0 s\u1ef1 l\u1ef1a ch\u1ecdn ho\u00e0n h\u1ea3o cho nh\u1eefng ai y\u00eau th\u00edch s\u1ef1 k\u1ebft h\u1ee3p gi\u1eefa Vani \u2013 Chocolate Cookies \u2013 Chocochip Cookies Dough \u2013 Caramel. V\u1edbi dung t\u00edch 2 l\u00edt, s\u1ea3n ph\u1ea9m ph\u00f9 h\u1ee3p cho c\u1ea3 gia \u0111\u00ecnh ho\u1eb7c nh\u1eefng bu\u1ed5i ti\u1ec7c vui v\u1ebb c\u00f9ng b\u1ea1n b\u00e8.<\/span><\/p>\n<article class=\"w-full text-token-text-primary focus-visible:outline-2 focus-visible:outline-offset-[-4px]\" dir=\"auto\" data-testid=\"conversation-turn-5\" data-scroll-anchor=\"false\">\n<div class=\"m-auto text-base py-[18px] px-6\">\n<div class=\"mx-auto flex flex-1 text-base gap-4 md:gap-5 lg:gap-6 md:max-w-3xl lg:max-w-[40rem] xl:max-w-[48rem]\">\n<div class=\"group\/conversation-turn relative flex w-full min-w-0 flex-col agent-turn @xs\/thread:px-0 @sm\/thread:px-1.5 @md\/thread:px-4\">\n<div class=\"flex-col gap-1 md:gap-3\">\n<div class=\"flex max-w-full flex-col flex-grow\">\n<div class=\"min-h-8 text-message flex w-full flex-col items-end gap-2 whitespace-normal break-words text-start [.text-message+&amp;]:mt-5\" dir=\"auto\" data-message-author-role=\"assistant\" data-message-id=\"1ff71801-597f-4073-8f52-b0f70eaf1ff3\" data-message-model-slug=\"gpt-4o\">\n<div class=\"flex w-full flex-col gap-1 empty:hidden first:pt-[3px]\">\n<div class=\"markdown prose w-full break-words dark:prose-invert light\">\n<h3 data-start=\"1195\" data-end=\"1270\"><strong data-start=\"1199\" data-end=\"1268\">KEM H\u1ed8P CAO C\u1ea4P MUCH MOORE \u2013 PHI\u00caN B\u1ea2N 4SOME CRAVINGS<\/strong><\/h3>\n<p data-start=\"1272\" data-end=\"1359\"><span style=\"font-size: 14pt\">S\u1ef1 l\u1ef1a ch\u1ecdn tuy\u1ec7t v\u1eddi cho nh\u1eefng ai y\u00eau th\u00edch h\u01b0\u01a1ng v\u1ecb ng\u1ecdt ng\u00e0o v\u00e0 k\u1ebft c\u1ea5u phong ph\u00fa:<\/span><\/p>\n<ul data-start=\"1360\" data-end=\"1730\">\n<li data-start=\"1360\" data-end=\"1419\"><span style=\"font-size: 14pt\"><strong data-start=\"1362\" data-end=\"1374\">Vani:<\/strong>\u00a0M\u1ecbn m\u01b0\u1ee3t, b\u00e9o ng\u1eady v\u1edbi h\u01b0\u01a1ng th\u01a1m tinh t\u1ebf.<\/span><\/li>\n<li data-start=\"1420\" data-end=\"1530\"><span style=\"font-size: 14pt\"><strong data-start=\"1422\" data-end=\"1447\">Chocolate Cookies:<\/strong>\u00a0Socola \u0111\u1eadm \u0111\u00e0 k\u1ebft h\u1ee3p b\u00e1nh quy gi\u00f2n tan, t\u1ea1o c\u1ea3m gi\u00e1c gi\u00f2n r\u1ee5m trong t\u1eebng mu\u1ed7ng.<\/span><\/li>\n<li data-start=\"1531\" data-end=\"1634\"><span style=\"font-size: 14pt\"><strong data-start=\"1533\" data-end=\"1563\">Chocochip Cookie Dough:<\/strong>\u00a0B\u00e9o ng\u1eady v\u1edbi nh\u1eefng vi\u00ean b\u1ed9t b\u00e1nh quy m\u1ec1m m\u1ecbn v\u00e0 chocochip gi\u00f2n gi\u00f2n.<\/span><\/li>\n<li data-start=\"1635\" data-end=\"1730\"><span style=\"font-size: 14pt\"><strong data-start=\"1637\" data-end=\"1652\">Caramel:<\/strong>\u00a0Ng\u1ecdt ng\u00e0o v\u1edbi ch\u00fat \u0111\u1eafng nh\u1eb9 \u0111\u1eb7c tr\u01b0ng, mang \u0111\u1ebfn h\u1eadu v\u1ecb c\u00e2n b\u1eb1ng v\u00e0 h\u1ea5p d\u1eabn.<\/span><\/li>\n<\/ul>\n<h3><strong>\u0110\u1eb7c \u0111i\u1ec3m n\u1ed5i b\u1eadt<\/strong><\/h3>\n<ul>\n<li data-start=\"1732\" data-end=\"2251\"><span style=\"font-size: 14pt\"><strong data-start=\"1761\" data-end=\"1783\">Ph\u1ed1i tr\u1ed9n \u0111a t\u1ea7ng:<\/strong>\u00a0S\u1ef1 k\u1ebft h\u1ee3p gi\u1eefa \u0111\u1ed9 b\u00e9o m\u1ecbn, v\u1ecb \u0111\u1eafng nh\u1eb9 v\u00e0 \u0111\u1ed9 gi\u00f2n tan c\u1ee7a b\u00e1nh quy mang \u0111\u1ebfn tr\u1ea3i nghi\u1ec7m phong ph\u00fa.<\/span><\/li>\n<li data-start=\"1732\" data-end=\"2251\"><span style=\"font-size: 14pt\"><strong data-start=\"1888\" data-end=\"1912\">Nguy\u00ean li\u1ec7u cao c\u1ea5p:<\/strong>\u00a0\u0110\u01b0\u1ee3c l\u00e0m t\u1eeb nguy\u00ean li\u1ec7u t\u1ef1 nhi\u00ean, kh\u00f4ng ch\u1ea5t b\u1ea3o qu\u1ea3n, \u0111\u1ea3m b\u1ea3o h\u01b0\u01a1ng v\u1ecb nguy\u00ean b\u1ea3n v\u00e0 an to\u00e0n cho s\u1ee9c kh\u1ecfe.<\/span><\/li>\n<li data-start=\"1732\" data-end=\"2251\"><span style=\"font-size: 14pt\"><strong data-start=\"2025\" data-end=\"2049\">Dung t\u00edch l\u1edbn 2 l\u00edt:<\/strong>\u00a0\u0110\u00e1p \u1ee9ng nhu c\u1ea7u c\u1ee7a c\u1ea3 gia \u0111\u00ecnh ho\u1eb7c c\u00e1c bu\u1ed5i ti\u1ec7c c\u00f9ng b\u1ea1n b\u00e8.<\/span><\/li>\n<li data-start=\"1732\" data-end=\"2251\"><span style=\"font-size: 14pt\"><strong data-start=\"2118\" data-end=\"2140\">\u0110\u00f3ng g\u00f3i ti\u1ec7n l\u1ee3i:<\/strong>\u00a0H\u1ed9p nh\u1ef1a thi\u1ebft k\u1ebf ch\u1eafc ch\u1eafn, d\u1ec5 d\u00e0ng b\u1ea3o qu\u1ea3n v\u00e0 s\u1eed d\u1ee5ng nhi\u1ec1u l\u1ea7n m\u00e0 kh\u00f4ng l\u00e0m m\u1ea5t \u0111i \u0111\u1ed9 t\u01b0\u01a1i ngon c\u1ee7a kem.<\/span><\/li>\n<\/ul>\n<\/div>\n<\/div>\n<\/div>\n<\/div>\n<\/div>\n<\/div>\n<\/div>\n<\/div>\n<\/article>\n<p><img decoding=\"async\" class=\"aligncenter\" src=\"https:\/\/scontent.fhan3-2.fna.fbcdn.net\/v\/t39.30808-6\/438161507_738517601768448_7296155585902730722_n.jpg?_nc_cat=107&amp;ccb=1-7&amp;_nc_sid=127cfc&amp;_nc_ohc=-AHC8-O87PIQ7kNvgG2vixq&amp;_nc_oc=AdisXD7BdHabdP0JsKxbt74HIGFwuvjo23x70rJGgevIdAhnVbri7ApdnrXKiWcCJCc&amp;_nc_zt=23&amp;_nc_ht=scontent.fhan3-2.fna&amp;_nc_gid=Ah89RrbAb61ncw-vROjw9YY&amp;oh=00_AYBFXFUfy7X2opwMyXf0QkJFHHd-lDMy3BLETatVTVhhVw&amp;oe=67C1F6D7\" alt=\"Kh\u00f4ng c\u00f3 m\u00f4 t\u1ea3 \u1ea3nh.\" width=\"665\" height=\"758\" \/><\/p>\n<h3><strong>Havamall \u2013 ph\u00e2n ph\u1ed1i c\u00e1c s\u1ea3n ph\u1ea9m ch\u00ednh h\u00e3ng, ch\u1ea5t l\u01b0\u1ee3ng<\/strong><\/h3>\n<p><span style=\"font-size: 14pt\">T\u1ea5t c\u1ea3 c\u00e1c s\u1ea3n ph\u1ea9m c\u1ee7a Havamall \u0111\u1ec1u tr\u1ea3i qua quy tr\u00ecnh ki\u1ec3m tra nghi\u00eam ng\u1eb7t, \u0111\u1ea1t c\u00e1c ti\u00eau chu\u1ea9n v\u1ec7 sinh an to\u00e0n th\u1ef1c ph\u1ea9m qu\u1ed1c t\u1ebf nh\u01b0 HACCP, ISO. Ch\u00fang t\u00f4i cam k\u1ebft mang \u0111\u1ebfn cho b\u1ea1n nh\u1eefng s\u1ea3n ph\u1ea9m ch\u1ea5t l\u01b0\u1ee3ng cao nh\u1ea5t, \u0111\u1ea3m b\u1ea3o an to\u00e0n cho s\u1ee9c kh\u1ecfe ng\u01b0\u1eddi ti\u00eau d\u00f9ng. Qu\u00fd kh\u00e1ch vui l\u00f2ng li\u00ean h\u1ec7 hotline: 0946 229 642. Ch\u00fang t\u00f4i r\u1ea5t h\u00e2n h\u1ea1nh \u0111\u01b0\u1ee3c ph\u1ee5c v\u1ee5 qu\u00fd kh\u00e1ch!<\/span><\/p>\n<\/div>\n<\/div>\n<\/div>\n<\/div>\n","protected":false},"excerpt":{"rendered":"<p>TH\u00d4NG TIN CHUNG Th\u01b0\u01a1ng hi\u1ec7u Much Moore Xu\u1ea5t x\u1ee9 New Zealand H\u1ea1n s\u1eed d\u1ee5ng Xem tr\u00ean bao b\u00ec H\u01b0\u1edbng d\u1eabn<\/p>","protected":false},"featured_media":36286,"comment_status":"open","ping_status":"closed","template":"","meta":[],"product_brand":[],"product_cat":[684,275,36],"product_tag":[],"class_list":{"0":"post-36285","1":"product","2":"type-product","3":"status-publish","4":"has-post-thumbnail","6":"product_cat-kem-lanh","7":"product_cat-thuc-pham-dong-lanh","8":"product_cat-thuc-pham-tieu-dung","9":"pa_brand-much-moore","11":"first","12":"outofstock","13":"sale","14":"shipping-taxable","15":"purchasable","16":"product-type-simple"},"_links":{"self":[{"href":"https:\/\/havamall.vn\/en\/wp-json\/wp\/v2\/product\/36285"}],"collection":[{"href":"https:\/\/havamall.vn\/en\/wp-json\/wp\/v2\/product"}],"about":[{"href":"https:\/\/havamall.vn\/en\/wp-json\/wp\/v2\/types\/product"}],"replies":[{"embeddable":true,"href":"https:\/\/havamall.vn\/en\/wp-json\/wp\/v2\/comments?post=36285"}],"version-history":[{"count":0,"href":"https:\/\/havamall.vn\/en\/wp-json\/wp\/v2\/product\/36285\/revisions"}],"wp:featuredmedia":[{"embeddable":true,"href":"https:\/\/havamall.vn\/en\/wp-json\/wp\/v2\/media\/36286"}],"wp:attachment":[{"href":"https:\/\/havamall.vn\/en\/wp-json\/wp\/v2\/media?parent=36285"}],"wp:term":[{"taxonomy":"product_brand","embeddable":true,"href":"https:\/\/havamall.vn\/en\/wp-json\/wp\/v2\/product_brand?post=36285"},{"taxonomy":"product_cat","embeddable":true,"href":"https:\/\/havamall.vn\/en\/wp-json\/wp\/v2\/product_cat?post=36285"},{"taxonomy":"product_tag","embeddable":true,"href":"https:\/\/havamall.vn\/en\/wp-json\/wp\/v2\/product_tag?post=36285"}],"curies":[{"name":"wp","href":"https:\/\/api.w.org\/{rel}","templated":true}]}}