{"id":36237,"date":"2024-10-14T10:09:04","date_gmt":"2024-10-14T03:09:04","guid":{"rendered":"https:\/\/havamall.vn\/?post_type=product&#038;p=36237"},"modified":"2025-03-20T10:24:01","modified_gmt":"2025-03-20T03:24:01","slug":"khoai-tay-chien-gion-batata-mini-batata-mini-hash-brown-bembrasil","status":"publish","type":"product","link":"https:\/\/havamall.vn\/en\/shop\/khoai-tay-chien-gion-batata-mini-batata-mini-hash-brown-bembrasil\/","title":{"rendered":"Khoai T\u00e2y Chi\u00ean Gi\u00f2n Batata Mini &#8211; Batata Mini Hash Brown Bembrasil"},"content":{"rendered":"<h2 class=\"product-detail__specs-title\"><strong>TH\u00d4NG TIN CHUNG<\/strong><\/h2>\n<div id=\"js-product-detail__specs\" class=\"product-detail__specs\">\n<div class=\"row\">\n<div class=\"col-sm-12\">\n<div class=\"product-specs__table\">\n<table style=\"width: 100%;height: 174px\">\n<tbody>\n<tr style=\"height: 24px\">\n<td class=\"specs-table__property\" style=\"height: 24px;width: 19.346%\">Th\u01b0\u01a1ng hi\u1ec7u<\/td>\n<td style=\"width: 79.9273%;height: 24px\">Bem Brasil<\/td>\n<\/tr>\n<tr style=\"height: 24px\">\n<td class=\"specs-table__property\" style=\"height: 24px;width: 19.346%\">Xu\u1ea5t x\u1ee9<\/td>\n<td class=\"specs-table__value\" style=\"height: 24px;width: 79.9273%\">Brazil<\/td>\n<\/tr>\n<tr style=\"height: 24px\">\n<td class=\"specs-table__property\" style=\"height: 24px;width: 19.346%\">H\u1ea1n s\u1eed d\u1ee5ng<\/td>\n<td class=\"specs-table__value\" style=\"height: 24px;width: 79.9273%\">Xem tr\u00ean bao b\u00ec<\/td>\n<\/tr>\n<tr style=\"height: 24px\">\n<td class=\"specs-table__property\" style=\"height: 24px;width: 19.346%\">H\u01b0\u1edbng d\u1eabn s\u1eed d\u1ee5ng<\/td>\n<td class=\"specs-table__value\" style=\"height: 24px;width: 79.9273%\">D\u00f9ng tr\u1ef1c ti\u1ebfp ho\u1eb7c ch\u1ebf bi\u1ebfn m\u00f3n \u0103n<\/td>\n<\/tr>\n<tr style=\"height: 24px\">\n<td class=\"specs-table__property\" style=\"height: 24px;width: 19.346%\">H\u01b0\u1edbng d\u1eabn b\u1ea3o qu\u1ea3n<\/td>\n<td class=\"w-full border-2 border-DEFAULT px-4 py-2\" style=\"width: 79.9273%;height: 24px\">\n<div class=\"text-justify\">B\u1ea3o qu\u1ea3n n\u01a1i kh\u00f4 r\u00e1o, tho\u00e1ng m\u00e1t.<\/div>\n<\/td>\n<\/tr>\n<tr style=\"height: 30px\">\n<td class=\"specs-table__property\" style=\"height: 30px;width: 19.346%\">Th\u00e0nh ph\u1ea7n nguy\u00ean li\u1ec7u<\/td>\n<td class=\"w-full border-2 border-DEFAULT px-4 py-2\" style=\"width: 79.9273%;height: 30px\">\n<div class=\"text-justify\">Xem tr\u00ean bao b\u00ec s\u1ea3n ph\u1ea9m<\/div>\n<\/td>\n<\/tr>\n<tr style=\"height: 24px\">\n<td class=\"specs-table__property\" style=\"height: 24px;width: 19.346%\">Kh\u1ed1i l\u01b0\u1ee3ng<\/td>\n<td class=\"specs-table__value\" style=\"height: 24px;width: 79.9273%\">1.06kg<\/td>\n<\/tr>\n<\/tbody>\n<\/table>\n<div>\n<p><img fetchpriority=\"high\" decoding=\"async\" class=\"wp-image-36584 aligncenter\" src=\"https:\/\/havamall.vn\/wp-content\/uploads\/2024\/10\/BemBrasil-1024x576.jpg\" alt=\"\" width=\"901\" height=\"507\" \/><\/p>\n<\/div>\n<p>Bembrasil l\u00e0 m\u1ed9t th\u01b0\u01a1ng hi\u1ec7u n\u1ed5i ti\u1ebfng \u0111\u1ebfn t\u1eeb Brazil, chuy\u00ean s\u1ea3n xu\u1ea5t c\u00e1c s\u1ea3n ph\u1ea9m khoai t\u00e2y ch\u1ea5t l\u01b0\u1ee3ng cao. \u0110\u01b0\u1ee3c bi\u1ebft \u0111\u1ebfn v\u1edbi quy tr\u00ecnh ch\u1ecdn l\u1ecdc nguy\u00ean li\u1ec7u k\u1ef9 c\u00e0ng v\u00e0 c\u00f4ng ngh\u1ec7 ch\u1ebf bi\u1ebfn hi\u1ec7n \u0111\u1ea1i, Bembrasil mang \u0111\u1ebfn nh\u1eefng s\u1ea3n ph\u1ea9m khoai t\u00e2y gi\u00f2n r\u1ee5m, th\u01a1m ngon, ph\u1ee5c v\u1ee5 nhu c\u1ea7u \u1ea9m th\u1ef1c \u0111a d\u1ea1ng c\u1ee7a ng\u01b0\u1eddi ti\u00eau d\u00f9ng.<\/p>\n<p>Khoai t\u00e2y chi\u00ean gi\u00f2n Batata Mini Brown Bembrasil \u0111\u01b0\u1ee3c s\u1ea3n xu\u1ea5t t\u1eeb nh\u1eefng c\u1ee7 khoai t\u00e2y t\u01b0\u01a1i ngon, \u0111\u01b0\u1ee3c tr\u1ed3ng t\u1ea1i c\u00e1c trang tr\u1ea1i \u0111\u1ea1t chu\u1ea9n \u1edf Brazil. V\u1edbi c\u00f4ng ngh\u1ec7 ch\u1ebf bi\u1ebfn ti\u00ean ti\u1ebfn, s\u1ea3n ph\u1ea9m gi\u1eef \u0111\u01b0\u1ee3c h\u01b0\u01a1ng v\u1ecb t\u1ef1 nhi\u00ean v\u00e0 \u0111\u1ed9 gi\u00f2n tuy\u1ec7t h\u1ea3o, \u0111\u00e1p \u1ee9ng ti\u00eau chu\u1ea9n an to\u00e0n th\u1ef1c ph\u1ea9m qu\u1ed1c t\u1ebf.<\/p>\n<p><img decoding=\"async\" class=\"wp-image-36586 aligncenter\" src=\"https:\/\/havamall.vn\/wp-content\/uploads\/2024\/10\/Khoai-tay-Hash-Brown-1-1-1024x576.jpg\" alt=\"\" width=\"900\" height=\"506\" \/>Khoai T\u00e2y Chi\u00ean Gi\u00f2n Batata Mini Brown Bembrasil l\u00e0 l\u1ef1a ch\u1ecdn ho\u00e0n h\u1ea3o cho nh\u1eefng b\u1eefa \u0103n nh\u1eb9 ho\u1eb7c d\u00f9ng k\u00e8m v\u1edbi c\u00e1c m\u00f3n ch\u00ednh. S\u1ea3n ph\u1ea9m \u0111\u01b0\u1ee3c ch\u1ebf bi\u1ebfn s\u1eb5n, ch\u1ec9 c\u1ea7n chi\u00ean ho\u1eb7c n\u01b0\u1edbng l\u00e0 c\u00f3 th\u1ec3 th\u01b0\u1edfng th\u1ee9c. V\u1edbi k\u00edch th\u01b0\u1edbc mini, khoai t\u00e2y d\u1ec5 d\u00e0ng th\u01b0\u1edfng th\u1ee9c v\u00e0 t\u1ea1o c\u1ea3m gi\u00e1c vui nh\u1ed9n trong m\u1ed7i mi\u1ebfng \u0103n. \u0110\u1eb7c bi\u1ec7t, khoai t\u00e2y chi\u00ean c\u1ee7a Bembrasil c\u00f3 m\u00e0u n\u00e2u v\u00e0ng h\u1ea5p d\u1eabn, gi\u00f2n tan v\u00e0 h\u01b0\u01a1ng v\u1ecb th\u01a1m ngon kh\u00f3 c\u01b0\u1ee1ng.<\/p>\n<h3><strong>\u0110\u1eb7c \u0111i\u1ec3m n\u1ed5i b\u1eadt<\/strong><\/h3>\n<p>&#8211; Ch\u1ea5t l\u01b0\u1ee3ng khoai t\u00e2y tuy\u1ec7t h\u1ea3o: \u0110\u01b0\u1ee3c l\u00e0m t\u1eeb khoai t\u00e2y t\u01b0\u01a1i t\u1ef1 nhi\u00ean, kh\u00f4ng ch\u1ea5t b\u1ea3o qu\u1ea3n hay ph\u1ee5 gia \u0111\u1ed9c h\u1ea1i.<\/p>\n<p>&#8211; Gi\u00f2n r\u1ee5m, th\u01a1m ngon: Sau khi chi\u00ean, khoai t\u00e2y gi\u1eef \u0111\u01b0\u1ee3c \u0111\u1ed9 gi\u00f2n ho\u00e0n h\u1ea3o c\u00f9ng h\u01b0\u01a1ng v\u1ecb \u0111\u1eadm \u0111\u00e0, ph\u00f9 h\u1ee3p v\u1edbi kh\u1ea9u v\u1ecb c\u1ee7a nhi\u1ec1u ng\u01b0\u1eddi.<\/p>\n<p>&#8211; D\u1ec5 d\u00e0ng ch\u1ebf bi\u1ebfn: S\u1ea3n ph\u1ea9m \u0111\u00e3 \u0111\u01b0\u1ee3c l\u00e0m s\u1eb5n, ch\u1ec9 c\u1ea7n chi\u00ean ng\u1eadp d\u1ea7u ho\u1eb7c n\u01b0\u1edbng l\u00e0 c\u00f3 th\u1ec3 s\u1eed d\u1ee5ng ngay.<\/p>\n<p>&#8211; K\u00edch th\u01b0\u1edbc mini ti\u1ec7n l\u1ee3i: K\u00edch th\u01b0\u1edbc nh\u1ecf g\u1ecdn gi\u00fap b\u1eefa \u0103n th\u00eam ph\u1ea7n th\u00fa v\u1ecb v\u00e0 d\u1ec5 d\u00e0ng k\u1ebft h\u1ee3p v\u1edbi nhi\u1ec1u m\u00f3n \u0103n kh\u00e1c.<\/p>\n<p><img decoding=\"async\" class=\"wp-image-36587 aligncenter\" src=\"https:\/\/havamall.vn\/wp-content\/uploads\/2024\/10\/hash-brown.png\" alt=\"\" width=\"899\" height=\"599\" \/><\/p>\n<h3><strong>L\u1ee3i \u00edch cho s\u1ee9c kh\u1ecfe<\/strong><\/h3>\n<p>&#8211; Ngu\u1ed3n n\u0103ng l\u01b0\u1ee3ng d\u1ed3i d\u00e0o: Khoai t\u00e2y chi\u00ean l\u00e0 m\u00f3n \u0103n gi\u00e0u carbohydrate, cung c\u1ea5p n\u0103ng l\u01b0\u1ee3ng nhanh ch\u00f3ng cho c\u00e1c ho\u1ea1t \u0111\u1ed9ng h\u00e0ng ng\u00e0y.<\/p>\n<p>&#8211; Cung c\u1ea5p d\u01b0\u1ee1ng ch\u1ea5t: Ngo\u00e0i tinh b\u1ed9t, khoai t\u00e2y c\u00f2n ch\u1ee9a vitamin C, B6 v\u00e0 kali, h\u1ed7 tr\u1ee3 cho s\u1ee9c kh\u1ecfe tim m\u1ea1ch v\u00e0 h\u1ec7 th\u1ea7n kinh.<\/p>\n<p>&#8211; L\u1ef1a ch\u1ecdn thay th\u1ebf l\u00e0nh m\u1ea1nh: Khi ch\u1ebf bi\u1ebfn b\u1eb1ng n\u1ed3i chi\u00ean kh\u00f4ng d\u1ea7u, s\u1ea3n ph\u1ea9m v\u1eabn gi\u1eef \u0111\u01b0\u1ee3c \u0111\u1ed9 gi\u00f2n nh\u01b0ng gi\u1ea3m l\u01b0\u1ee3ng d\u1ea7u m\u1ee1, ph\u00f9 h\u1ee3p cho nh\u1eefng ng\u01b0\u1eddi \u0103n ki\u00eang ho\u1eb7c c\u1ea7n ki\u1ec3m so\u00e1t l\u01b0\u1ee3ng d\u1ea7u ti\u00eau th\u1ee5.<\/p>\n<p><img loading=\"lazy\" decoding=\"async\" class=\"wp-image-36588 aligncenter\" src=\"https:\/\/havamall.vn\/wp-content\/uploads\/2024\/10\/122145489_1217869045280501_7929291390464268829_n.jpg\" alt=\"\" width=\"899\" height=\"899\" \/><\/p>\n<h3><strong>Havamall \u2013 ph\u00e2n ph\u1ed1i c\u00e1c s\u1ea3n ph\u1ea9m ch\u00ednh h\u00e3ng, ch\u1ea5t l\u01b0\u1ee3ng<\/strong><\/h3>\n<p>V\u1edbi kinh nghi\u1ec7m trong ng\u00e0nh nh\u1eadp kh\u1ea9u v\u00e0 ph\u00e2n ph\u1ed1i th\u1ef1c ph\u1ea9m, \u0111\u1ed3 u\u1ed1ng v\u00e0 nguy\u00ean li\u1ec7u th\u1ef1c ph\u1ea9m, C\u00f4ng ty Havamall Vi\u1ec7t Nam l\u00e0 m\u1ed9t trong nh\u1eefng \u0111\u01a1n v\u1ecb cung \u1ee9ng s\u1ea3n ph\u1ea9m h\u00e0ng \u0111\u1ea7u cho c\u00e1c \u0111\u1ed1i t\u00e1c chuy\u00ean nghi\u1ec7p, danh ti\u1ebfng tr\u00ean kh\u1eafp c\u1ea3 n\u01b0\u1edbc.<\/p>\n<p>C\u00e1c s\u1ea3n ph\u1ea9m do C\u00f4ng ty Havamall Vi\u1ec7t Nam ph\u00e2n ph\u1ed1i \u0111\u1ec1u \u0111\u01b0\u1ee3c nh\u1eadp kh\u1ea9u t\u1eeb ch\u00e2u \u00c2u, ch\u00e2u \u00dac, \u0111\u1ea3m b\u1ea3o c\u00e1c ti\u00eau chu\u1ea9n v\u1ec1 v\u1ec7 sinh an to\u00e0n th\u1ef1c ph\u1ea9m kh\u1eaft khe nh\u01b0 HACCP, ISO. V\u1edbi h\u1ec7 th\u1ed1ng chi nh\u00e1nh, kho v\u1eadn tr\u1ea3i d\u00e0i kh\u1eafp Vi\u1ec7t Nam, C\u00f4ng ty Havamall Vi\u1ec7t Nam c\u00f3 th\u1ec3 \u0111\u00e1p \u1ee9ng \u0111\u01b0\u1ee3c nhu c\u1ea7u v\u1ec1 s\u1ed1 l\u01b0\u1ee3ng v\u00e0 ch\u1ea5t l\u01b0\u1ee3ng c\u1ee7a kh\u00e1ch h\u00e0ng.<\/p>\n<\/div>\n<\/div>\n<\/div>\n<\/div>","protected":false},"excerpt":{"rendered":"<p>TH\u00d4NG TIN CHUNG Th\u01b0\u01a1ng hi\u1ec7u Bem Brasil Xu\u1ea5t x\u1ee9 Brazil H\u1ea1n s\u1eed d\u1ee5ng Xem tr\u00ean bao b\u00ec H\u01b0\u1edbng d\u1eabn s\u1eed<\/p>","protected":false},"featured_media":36238,"comment_status":"open","ping_status":"closed","template":"","meta":[],"product_brand":[],"product_cat":[677,36,134],"product_tag":[],"class_list":{"0":"post-36237","1":"product","2":"type-product","3":"status-publish","4":"has-post-thumbnail","6":"product_cat-cac-nuoc-khac","7":"product_cat-thuc-pham-tieu-dung","8":"product_cat-thucpham-saykho","10":"first","11":"instock","12":"sale","13":"shipping-taxable","14":"purchasable","15":"product-type-simple"},"_links":{"self":[{"href":"https:\/\/havamall.vn\/en\/wp-json\/wp\/v2\/product\/36237"}],"collection":[{"href":"https:\/\/havamall.vn\/en\/wp-json\/wp\/v2\/product"}],"about":[{"href":"https:\/\/havamall.vn\/en\/wp-json\/wp\/v2\/types\/product"}],"replies":[{"embeddable":true,"href":"https:\/\/havamall.vn\/en\/wp-json\/wp\/v2\/comments?post=36237"}],"version-history":[{"count":0,"href":"https:\/\/havamall.vn\/en\/wp-json\/wp\/v2\/product\/36237\/revisions"}],"wp:featuredmedia":[{"embeddable":true,"href":"https:\/\/havamall.vn\/en\/wp-json\/wp\/v2\/media\/36238"}],"wp:attachment":[{"href":"https:\/\/havamall.vn\/en\/wp-json\/wp\/v2\/media?parent=36237"}],"wp:term":[{"taxonomy":"product_brand","embeddable":true,"href":"https:\/\/havamall.vn\/en\/wp-json\/wp\/v2\/product_brand?post=36237"},{"taxonomy":"product_cat","embeddable":true,"href":"https:\/\/havamall.vn\/en\/wp-json\/wp\/v2\/product_cat?post=36237"},{"taxonomy":"product_tag","embeddable":true,"href":"https:\/\/havamall.vn\/en\/wp-json\/wp\/v2\/product_tag?post=36237"}],"curies":[{"name":"wp","href":"https:\/\/api.w.org\/{rel}","templated":true}]}}