{"id":36234,"date":"2024-10-14T09:42:09","date_gmt":"2024-10-14T02:42:09","guid":{"rendered":"https:\/\/havamall.vn\/?post_type=product&#038;p=36234"},"modified":"2024-10-14T09:42:09","modified_gmt":"2024-10-14T02:42:09","slug":"mang-boc-thuc-pham-co-luoi-truot-m-wrap-food-wrap-30-cm-x-60-cm","status":"publish","type":"product","link":"https:\/\/havamall.vn\/en\/shop\/mang-boc-thuc-pham-co-luoi-truot-m-wrap-food-wrap-30-cm-x-60-cm\/","title":{"rendered":"M\u00e0ng B\u1ecdc Th\u1ef1c Ph\u1ea9m C\u00f3 L\u01b0\u1ee1i Tr\u01b0\u1ee3t M Wrap &#8211; Food Wrap 30 cm x 60 cm"},"content":{"rendered":"<h2 class=\"product-detail__specs-title\"><strong>TH\u00d4NG TIN CHUNG<\/strong><\/h2>\n<div id=\"js-product-detail__specs\" class=\"product-detail__specs\">\n<div class=\"row\">\n<div class=\"col-sm-12\">\n<div class=\"product-specs__table\">\n<table style=\"width: 100%; height: 174px;\">\n<tbody>\n<tr style=\"height: 24px;\">\n<td class=\"specs-table__property\" style=\"height: 24px; width: 19.346%;\">Th\u01b0\u01a1ng hi\u1ec7u<\/td>\n<td style=\"width: 79.9273%; height: 24px;\">M wrap<\/td>\n<\/tr>\n<tr style=\"height: 24px;\">\n<td class=\"specs-table__property\" style=\"height: 24px; width: 19.346%;\">Xu\u1ea5t x\u1ee9<\/td>\n<td class=\"specs-table__value\" style=\"height: 24px; width: 79.9273%;\">Th\u00e1i<\/td>\n<\/tr>\n<tr style=\"height: 24px;\">\n<td class=\"specs-table__property\" style=\"height: 24px; width: 19.346%;\">H\u1ea1n s\u1eed d\u1ee5ng<\/td>\n<td class=\"specs-table__value\" style=\"height: 24px; width: 79.9273%;\">Xem tr\u00ean bao b\u00ec<\/td>\n<\/tr>\n<tr style=\"height: 24px;\">\n<td class=\"specs-table__property\" style=\"height: 24px; width: 19.346%;\">H\u01b0\u1edbng d\u1eabn s\u1eed d\u1ee5ng<\/td>\n<td class=\"specs-table__value\" style=\"height: 24px; width: 79.9273%;\">D\u00f9ng b\u1ea3o qu\u1ea3n th\u1ee9c \u0103n<\/td>\n<\/tr>\n<tr style=\"height: 24px;\">\n<td class=\"specs-table__property\" style=\"height: 24px; width: 19.346%;\">H\u01b0\u1edbng d\u1eabn b\u1ea3o qu\u1ea3n<\/td>\n<td class=\"w-full border-2 border-DEFAULT px-4 py-2\" style=\"width: 79.9273%; height: 24px;\">\n<div class=\"text-justify\">B\u1ea3o qu\u1ea3n n\u01a1i kh\u00f4 r\u00e1o, tho\u00e1ng m\u00e1t.<\/div>\n<\/td>\n<\/tr>\n<tr style=\"height: 30px;\">\n<td class=\"specs-table__property\" style=\"height: 30px; width: 19.346%;\">Th\u00e0nh ph\u1ea7n nguy\u00ean li\u1ec7u<\/td>\n<td class=\"w-full border-2 border-DEFAULT px-4 py-2\" style=\"width: 79.9273%; height: 30px;\">\n<div class=\"text-justify\">Xem tr\u00ean bao b\u00ec s\u1ea3n ph\u1ea9m<\/div>\n<\/td>\n<\/tr>\n<tr style=\"height: 24px;\">\n<td class=\"specs-table__property\" style=\"height: 24px; width: 19.346%;\">Quy c\u00e1ch \u0111\u00f3ng g\u00f3i<\/td>\n<td class=\"specs-table__value\" style=\"height: 24px; width: 79.9273%;\">30 X 60<\/td>\n<\/tr>\n<\/tbody>\n<\/table>\n<div>\n<p><img fetchpriority=\"high\" decoding=\"async\" class=\"wp-image-36576 aligncenter\" src=\"https:\/\/havamall.vn\/wp-content\/uploads\/2024\/10\/6faa7f_5e8a09ccbf43448fb011ee0ac2206b66mv2-1024x420.jpg\" alt=\"\" width=\"899\" height=\"369\" \/><\/p>\n<\/div>\n<p>M Wrap l\u00e0 m\u1ed9t th\u01b0\u01a1ng hi\u1ec7u uy t\u00edn chuy\u00ean cung c\u1ea5p c\u00e1c s\u1ea3n ph\u1ea9m m\u00e0ng b\u1ecdc th\u1ef1c ph\u1ea9m ch\u1ea5t l\u01b0\u1ee3ng cao. V\u1edbi c\u00f4ng ngh\u1ec7 s\u1ea3n xu\u1ea5t hi\u1ec7n \u0111\u1ea1i, M Wrap cam k\u1ebft mang \u0111\u1ebfn gi\u1ea3i ph\u00e1p b\u1ea3o qu\u1ea3n th\u1ef1c ph\u1ea9m ti\u1ec7n l\u1ee3i, an to\u00e0n v\u00e0 b\u1ec1n b\u1ec9 cho ng\u01b0\u1eddi ti\u00eau d\u00f9ng.<\/p>\n<p>M\u00e0ng b\u1ecdc th\u1ef1c ph\u1ea9m M Wrap \u0111\u01b0\u1ee3c s\u1ea3n xu\u1ea5t t\u1eeb ch\u1ea5t li\u1ec7u nh\u1ef1a PE (Polyethylene) ch\u1ea5t l\u01b0\u1ee3ng cao, kh\u00f4ng ch\u1ee9a c\u00e1c ch\u1ea5t \u0111\u1ed9c h\u1ea1i, \u0111\u1ea3m b\u1ea3o an to\u00e0n tuy\u1ec7t \u0111\u1ed1i khi ti\u1ebfp x\u00fac v\u1edbi th\u1ef1c ph\u1ea9m. S\u1ea3n ph\u1ea9m \u0111\u01b0\u1ee3c s\u1ea3n xu\u1ea5t theo ti\u00eau chu\u1ea9n qu\u1ed1c t\u1ebf, tu\u00e2n th\u1ee7 c\u00e1c quy \u0111\u1ecbnh nghi\u00eam ng\u1eb7t v\u1ec1 an to\u00e0n v\u1ec7 sinh th\u1ef1c ph\u1ea9m.<\/p>\n<p>&nbsp;<\/p>\n<p><img decoding=\"async\" class=\"wp-image-36577 aligncenter\" src=\"https:\/\/havamall.vn\/wp-content\/uploads\/2024\/10\/th-11134207-7qul6-lfe66auf8r2f6d.jpg\" alt=\"\" width=\"900\" height=\"900\" \/>M\u00e0ng b\u1ecdc th\u1ef1c ph\u1ea9m M Wrap \u0111\u01b0\u1ee3c thi\u1ebft k\u1ebf v\u1edbi \u0111\u1ed9 dai, \u0111\u00e0n h\u1ed3i t\u1ed1t, gi\u00fap b\u1ea3o qu\u1ea3n th\u1ef1c ph\u1ea9m m\u1ed9t c\u00e1ch hi\u1ec7u qu\u1ea3. S\u1ea3n ph\u1ea9m th\u00edch h\u1ee3p cho vi\u1ec7c b\u1ecdc k\u00edn, gi\u1eef \u0111\u1ed9 t\u01b0\u01a1i ngon v\u00e0 ng\u0103n ng\u1eeba m\u00f9i h\u00f4i lan t\u1ecfa gi\u1eefa c\u00e1c lo\u1ea1i th\u1ef1c ph\u1ea9m kh\u00e1c nhau trong t\u1ee7 l\u1ea1nh. V\u1edbi kh\u1ea3 n\u0103ng co gi\u00e3n linh ho\u1ea1t, M Wrap d\u1ec5 d\u00e0ng \u00f4m s\u00e1t v\u00e0o b\u1ec1 m\u1eb7t th\u1ef1c ph\u1ea9m ho\u1eb7c c\u00e1c lo\u1ea1i h\u1ed9p \u0111\u1ef1ng, gi\u1eef cho th\u1ef1c ph\u1ea9m lu\u00f4n t\u01b0\u01a1i ngon l\u00e2u h\u01a1n.<\/p>\n<h3><strong>\u0110\u1eb7c \u0111i\u1ec3m n\u1ed5i b\u1eadt<\/strong><\/h3>\n<p>&#8211; Ch\u1ea5t li\u1ec7u an to\u00e0n: M\u00e0ng b\u1ecdc M Wrap \u0111\u01b0\u1ee3c l\u00e0m t\u1eeb nh\u1ef1a PE kh\u00f4ng ch\u1ee9a BPA, ho\u00e0n to\u00e0n an to\u00e0n cho s\u1ee9c kh\u1ecfe.<\/p>\n<p>&#8211; Dai, b\u1ec1n, co gi\u00e3n t\u1ed1t: S\u1ea3n ph\u1ea9m c\u00f3 \u0111\u1ed9 b\u00e1m d\u00ednh cao, gi\u00fap gi\u1eef th\u1ef1c ph\u1ea9m lu\u00f4n t\u01b0\u01a1i ngon v\u00e0 kh\u00f4ng b\u1ecb kh\u00f4.<\/p>\n<p>&#8211; \u0110a n\u0103ng: C\u00f3 th\u1ec3 s\u1eed d\u1ee5ng \u0111\u1ec3 b\u1ecdc th\u1ef1c ph\u1ea9m, rau c\u1ee7, tr\u00e1i c\u00e2y, b\u00e1nh k\u1eb9o v\u00e0 nhi\u1ec1u lo\u1ea1i th\u1ef1c ph\u1ea9m kh\u00e1c, gi\u00fap b\u1ea3o qu\u1ea3n d\u1ec5 d\u00e0ng v\u00e0 ti\u1ec7n l\u1ee3i.<\/p>\n<p>&#8211; Gi\u1eef nguy\u00ean h\u01b0\u01a1ng v\u1ecb: M\u00e0ng b\u1ecdc gi\u00fap ng\u0103n kh\u00f4ng kh\u00ed v\u00e0o, gi\u1eef nguy\u00ean \u0111\u1ed9 t\u01b0\u01a1i v\u00e0 h\u01b0\u01a1ng v\u1ecb c\u1ee7a th\u1ef1c ph\u1ea9m.<\/p>\n<p><img decoding=\"async\" class=\"wp-image-36578 aligncenter\" src=\"https:\/\/havamall.vn\/wp-content\/uploads\/2024\/10\/vn-11134207-7r98o-lmh006yub7q7dc.jpg\" alt=\"\" width=\"901\" height=\"901\" \/><\/p>\n<h3><strong>L\u1ee3i \u00edch cho s\u1ee9c kh\u1ecfe<\/strong><\/h3>\n<p>&#8211; Gi\u1eef v\u1ec7 sinh th\u1ef1c ph\u1ea9m: Gi\u00fap b\u1ea3o v\u1ec7 th\u1ef1c ph\u1ea9m kh\u1ecfi vi khu\u1ea9n v\u00e0 b\u1ee5i b\u1ea9n, ng\u0103n ch\u1eb7n \u00f4 nhi\u1ec5m ch\u00e9o.<\/p>\n<p>&#8211; Gi\u1eef th\u1ef1c ph\u1ea9m t\u01b0\u01a1i l\u00e2u h\u01a1n: Gi\u1ea3m thi\u1ec3u l\u00e3ng ph\u00ed th\u1ef1c ph\u1ea9m, b\u1ea3o v\u1ec7 dinh d\u01b0\u1ee1ng v\u00e0 ch\u1ea5t l\u01b0\u1ee3ng th\u1ef1c ph\u1ea9m t\u1ed1t h\u01a1n, g\u00f3p ph\u1ea7n duy tr\u00ec m\u1ed9t ch\u1ebf \u0111\u1ed9 \u0103n u\u1ed1ng l\u00e0nh m\u1ea1nh.<\/p>\n<p><img loading=\"lazy\" decoding=\"async\" class=\"wp-image-36579 aligncenter\" src=\"https:\/\/havamall.vn\/wp-content\/uploads\/2024\/10\/6faa7f_1e33dfd7a40140248f5b776f654f454bmv2_d_1336_1472_s_2.png\" alt=\"\" width=\"901\" height=\"992\" \/><\/p>\n<h3><strong>Havamall \u2013 ph\u00e2n ph\u1ed1i c\u00e1c s\u1ea3n ph\u1ea9m ch\u00ednh h\u00e3ng, ch\u1ea5t l\u01b0\u1ee3ng<\/strong><\/h3>\n<p>V\u1edbi kinh nghi\u1ec7m trong ng\u00e0nh nh\u1eadp kh\u1ea9u v\u00e0 ph\u00e2n ph\u1ed1i th\u1ef1c ph\u1ea9m, \u0111\u1ed3 u\u1ed1ng v\u00e0 nguy\u00ean li\u1ec7u th\u1ef1c ph\u1ea9m, C\u00f4ng ty Havamall Vi\u1ec7t Nam l\u00e0 m\u1ed9t trong nh\u1eefng \u0111\u01a1n v\u1ecb cung \u1ee9ng s\u1ea3n ph\u1ea9m h\u00e0ng \u0111\u1ea7u cho c\u00e1c \u0111\u1ed1i t\u00e1c chuy\u00ean nghi\u1ec7p, danh ti\u1ebfng tr\u00ean kh\u1eafp c\u1ea3 n\u01b0\u1edbc.<\/p>\n<p>C\u00e1c s\u1ea3n ph\u1ea9m do C\u00f4ng ty Havamall Vi\u1ec7t Nam ph\u00e2n ph\u1ed1i \u0111\u1ec1u \u0111\u01b0\u1ee3c nh\u1eadp kh\u1ea9u t\u1eeb ch\u00e2u \u00c2u, ch\u00e2u \u00dac, \u0111\u1ea3m b\u1ea3o c\u00e1c ti\u00eau chu\u1ea9n v\u1ec1 v\u1ec7 sinh an to\u00e0n th\u1ef1c ph\u1ea9m kh\u1eaft khe nh\u01b0 HACCP, ISO. V\u1edbi h\u1ec7 th\u1ed1ng chi nh\u00e1nh, kho v\u1eadn tr\u1ea3i d\u00e0i kh\u1eafp Vi\u1ec7t Nam, C\u00f4ng ty Havamall Vi\u1ec7t Nam c\u00f3 th\u1ec3 \u0111\u00e1p \u1ee9ng \u0111\u01b0\u1ee3c nhu c\u1ea7u v\u1ec1 s\u1ed1 l\u01b0\u1ee3ng v\u00e0 ch\u1ea5t l\u01b0\u1ee3ng c\u1ee7a kh\u00e1ch h\u00e0ng.<\/p>\n<\/div>\n<\/div>\n<\/div>\n<\/div>","protected":false},"excerpt":{"rendered":"<p>TH\u00d4NG TIN CHUNG Th\u01b0\u01a1ng hi\u1ec7u M wrap Xu\u1ea5t x\u1ee9 Th\u00e1i H\u1ea1n s\u1eed d\u1ee5ng Xem tr\u00ean bao b\u00ec H\u01b0\u1edbng d\u1eabn s\u1eed<\/p>","protected":false},"featured_media":36235,"comment_status":"open","ping_status":"closed","template":"","meta":[],"product_brand":[],"product_cat":[393,35],"product_tag":[],"class_list":{"0":"post-36234","1":"product","2":"type-product","3":"status-publish","4":"has-post-thumbnail","6":"product_cat-bep-phong-an","7":"product_cat-nha-cua-doi-song","9":"first","10":"instock","11":"sale","12":"shipping-taxable","13":"purchasable","14":"product-type-simple"},"_links":{"self":[{"href":"https:\/\/havamall.vn\/en\/wp-json\/wp\/v2\/product\/36234"}],"collection":[{"href":"https:\/\/havamall.vn\/en\/wp-json\/wp\/v2\/product"}],"about":[{"href":"https:\/\/havamall.vn\/en\/wp-json\/wp\/v2\/types\/product"}],"replies":[{"embeddable":true,"href":"https:\/\/havamall.vn\/en\/wp-json\/wp\/v2\/comments?post=36234"}],"version-history":[{"count":0,"href":"https:\/\/havamall.vn\/en\/wp-json\/wp\/v2\/product\/36234\/revisions"}],"wp:featuredmedia":[{"embeddable":true,"href":"https:\/\/havamall.vn\/en\/wp-json\/wp\/v2\/media\/36235"}],"wp:attachment":[{"href":"https:\/\/havamall.vn\/en\/wp-json\/wp\/v2\/media?parent=36234"}],"wp:term":[{"taxonomy":"product_brand","embeddable":true,"href":"https:\/\/havamall.vn\/en\/wp-json\/wp\/v2\/product_brand?post=36234"},{"taxonomy":"product_cat","embeddable":true,"href":"https:\/\/havamall.vn\/en\/wp-json\/wp\/v2\/product_cat?post=36234"},{"taxonomy":"product_tag","embeddable":true,"href":"https:\/\/havamall.vn\/en\/wp-json\/wp\/v2\/product_tag?post=36234"}],"curies":[{"name":"wp","href":"https:\/\/api.w.org\/{rel}","templated":true}]}}