{"id":36231,"date":"2024-10-14T08:14:00","date_gmt":"2024-10-14T01:14:00","guid":{"rendered":"https:\/\/havamall.vn\/?post_type=product&#038;p=36231"},"modified":"2024-10-14T08:14:00","modified_gmt":"2024-10-14T01:14:00","slug":"salami-lat-cherkizovo-premium-85g-salami-cherkizovo-premium","status":"publish","type":"product","link":"https:\/\/havamall.vn\/en\/shop\/salami-lat-cherkizovo-premium-85g-salami-cherkizovo-premium\/","title":{"rendered":"Salami L\u00e1t Cherkizovo Premium 85g &#8211; Salami Cherkizovo Premium"},"content":{"rendered":"<h2 class=\"product-detail__specs-title\"><strong>TH\u00d4NG TIN CHUNG<\/strong><\/h2>\n<div id=\"js-product-detail__specs\" class=\"product-detail__specs\">\n<div class=\"row\">\n<div class=\"col-sm-12\">\n<div class=\"product-specs__table\">\n<table style=\"width: 100%; height: 174px;\">\n<tbody>\n<tr style=\"height: 24px;\">\n<td class=\"specs-table__property\" style=\"height: 24px; width: 19.346%;\">Th\u01b0\u01a1ng hi\u1ec7u<\/td>\n<td style=\"width: 79.9273%; height: 24px;\">Cherkizovo<\/td>\n<\/tr>\n<tr style=\"height: 24px;\">\n<td class=\"specs-table__property\" style=\"height: 24px; width: 19.346%;\">Xu\u1ea5t x\u1ee9<\/td>\n<td class=\"specs-table__value\" style=\"height: 24px; width: 79.9273%;\">Nga<\/td>\n<\/tr>\n<tr style=\"height: 24px;\">\n<td class=\"specs-table__property\" style=\"height: 24px; width: 19.346%;\">H\u1ea1n s\u1eed d\u1ee5ng<\/td>\n<td class=\"specs-table__value\" style=\"height: 24px; width: 79.9273%;\">6 th\u00e1ng k\u1ec3 t\u1eeb ng\u00e0y s\u1ea3n xu\u1ea5t<\/td>\n<\/tr>\n<tr style=\"height: 24px;\">\n<td class=\"specs-table__property\" style=\"height: 24px; width: 19.346%;\">H\u01b0\u1edbng d\u1eabn s\u1eed d\u1ee5ng<\/td>\n<td class=\"specs-table__value\" style=\"height: 24px; width: 79.9273%;\">D\u00f9ng tr\u1ef1c ti\u1ebfp ho\u1eb7c ch\u1ebf bi\u1ebfn c\u00e1c m\u00f3n \u0103n<\/td>\n<\/tr>\n<tr style=\"height: 24px;\">\n<td class=\"specs-table__property\" style=\"height: 24px; width: 19.346%;\">H\u01b0\u1edbng d\u1eabn b\u1ea3o qu\u1ea3n<\/td>\n<td class=\"w-full border-2 border-DEFAULT px-4 py-2\" style=\"width: 79.9273%; height: 24px;\">\n<div class=\"text-justify\">B\u1ea3o qu\u1ea3n n\u01a1i kh\u00f4 r\u00e1o, tho\u00e1ng m\u00e1t.<\/div>\n<\/td>\n<\/tr>\n<tr style=\"height: 30px;\">\n<td class=\"specs-table__property\" style=\"height: 30px; width: 19.346%;\">Th\u00e0nh ph\u1ea7n nguy\u00ean li\u1ec7u<\/td>\n<td class=\"w-full border-2 border-DEFAULT px-4 py-2\" style=\"width: 79.9273%; height: 30px;\">\n<div class=\"text-justify\">Xem tr\u00ean bao b\u00ec s\u1ea3n ph\u1ea9m<\/div>\n<\/td>\n<\/tr>\n<tr style=\"height: 24px;\">\n<td class=\"specs-table__property\" style=\"height: 24px; width: 19.346%;\">Kh\u1ed1i l\u01b0\u1ee3ng<\/td>\n<td class=\"specs-table__value\" style=\"height: 24px; width: 79.9273%;\">85g<\/td>\n<\/tr>\n<\/tbody>\n<\/table>\n<div>\n<p><img fetchpriority=\"high\" decoding=\"async\" class=\"wp-image-36568 aligncenter\" src=\"https:\/\/havamall.vn\/wp-content\/uploads\/2024\/10\/vn-11134207-7r98o-lzeljv9vwe5df7.jpg\" alt=\"\" width=\"799\" height=\"799\" \/><\/p>\n<\/div>\n<p>Cherkizovo l\u00e0 m\u1ed9t th\u01b0\u01a1ng hi\u1ec7u h\u00e0ng \u0111\u1ea7u \u0111\u1ebfn t\u1eeb Nga, n\u1ed5i ti\u1ebfng v\u1edbi c\u00e1c s\u1ea3n ph\u1ea9m th\u1ecbt ch\u1ebf bi\u1ebfn ch\u1ea5t l\u01b0\u1ee3ng cao. V\u1edbi h\u01a1n 40 n\u0103m kinh nghi\u1ec7m, Cherkizovo cam k\u1ebft mang \u0111\u1ebfn nh\u1eefng s\u1ea3n ph\u1ea9m t\u01b0\u01a1i ngon v\u00e0 \u0111\u1ea3m b\u1ea3o an to\u00e0n v\u1ec7 sinh th\u1ef1c ph\u1ea9m cho ng\u01b0\u1eddi ti\u00eau d\u00f9ng tr\u00ean to\u00e0n th\u1ebf gi\u1edbi.<\/p>\n<p>Salami L\u00e1t Cherkizovo \u0111\u01b0\u1ee3c s\u1ea3n xu\u1ea5t t\u1eeb ngu\u1ed3n th\u1ecbt heo v\u00e0 th\u1ecbt b\u00f2 tuy\u1ec3n ch\u1ecdn k\u1ef9 l\u01b0\u1ee1ng. S\u1ea3n ph\u1ea9m n\u00e0y s\u1eed d\u1ee5ng nguy\u00ean li\u1ec7u t\u1eeb nh\u1eefng n\u00f4ng tr\u1ea1i s\u1ea1ch, \u0111\u1ea3m b\u1ea3o ch\u1ea5t l\u01b0\u1ee3ng t\u1eeb kh\u00e2u ch\u0103n nu\u00f4i \u0111\u1ebfn qu\u00e1 tr\u00ecnh ch\u1ebf bi\u1ebfn theo ti\u00eau chu\u1ea9n ch\u00e2u \u00c2u.<\/p>\n<p><img decoding=\"async\" class=\"size-full wp-image-36569 aligncenter\" src=\"https:\/\/havamall.vn\/wp-content\/uploads\/2024\/10\/3a432e3fbe50e887b36ea8d0863d17e0.webp\" alt=\"\" width=\"800\" height=\"800\" \/><\/p>\n<p>Salami L\u00e1t Cherkizovo l\u00e0 l\u1ef1a ch\u1ecdn ho\u00e0n h\u1ea3o cho nh\u1eefng ai y\u00eau th\u00edch h\u01b0\u01a1ng v\u1ecb \u0111\u1eadm \u0111\u00e0 c\u1ee7a th\u1ecbt ngu\u1ed9i. V\u1edbi nh\u1eefng l\u00e1t th\u1ecbt \u0111\u01b0\u1ee3c th\u00e1i m\u1ecfng v\u00e0 ti\u1ec7n l\u1ee3i, s\u1ea3n ph\u1ea9m n\u00e0y r\u1ea5t d\u1ec5 d\u00e0ng k\u1ebft h\u1ee3p trong nhi\u1ec1u m\u00f3n \u0103n kh\u00e1c nhau, t\u1eeb b\u00e1nh m\u00ec k\u1eb9p, salad, cho \u0111\u1ebfn c\u00e1c m\u00f3n khai v\u1ecb. S\u1ea3n ph\u1ea9m mang \u0111\u1ebfn tr\u1ea3i nghi\u1ec7m \u1ea9m th\u1ef1c tuy\u1ec7t v\u1eddi, v\u1edbi s\u1ef1 h\u00f2a quy\u1ec7n gi\u1eefa v\u1ecb m\u1eb7n m\u00e0 v\u00e0 h\u01b0\u01a1ng th\u01a1m t\u1ef1 nhi\u00ean c\u1ee7a c\u00e1c gia v\u1ecb truy\u1ec1n th\u1ed1ng.<\/p>\n<h3><strong>\u0110\u1eb7c \u0111i\u1ec3m n\u1ed5i b\u1eadt<\/strong><\/h3>\n<p>&#8211; H\u01b0\u01a1ng v\u1ecb \u0111\u1eadm \u0111\u00e0: Salami L\u00e1t Cherkizovo c\u00f3 v\u1ecb th\u01a1m ngon \u0111\u1eb7c tr\u01b0ng t\u1eeb qu\u00e1 tr\u00ecnh \u1ee7 v\u00e0 l\u00ean men t\u1ef1 nhi\u00ean, k\u1ebft h\u1ee3p h\u00e0i h\u00f2a gi\u1eefa th\u1ecbt heo, b\u00f2 v\u00e0 gia v\u1ecb.<\/p>\n<p>&#8211; \u0110\u1ed9 m\u1ec1m m\u1ecbn: S\u1ea3n ph\u1ea9m c\u00f3 \u0111\u1ed9 m\u1ec1m m\u1ecbn v\u00e0 d\u1ebbo dai v\u1eeba ph\u1ea3i, \u0111em \u0111\u1ebfn c\u1ea3m gi\u00e1c th\u00fa v\u1ecb khi th\u01b0\u1edfng th\u1ee9c.<\/p>\n<p>&#8211; Ti\u1ec7n l\u1ee3i v\u00e0 d\u1ec5 s\u1eed d\u1ee5ng: Nh\u1eefng l\u00e1t salami \u0111\u01b0\u1ee3c c\u1eaft m\u1ecfng, ti\u1ec7n l\u1ee3i cho vi\u1ec7c chu\u1ea9n b\u1ecb c\u00e1c m\u00f3n \u0103n nhanh m\u00e0 v\u1eabn \u0111\u1ea3m b\u1ea3o ch\u1ea5t l\u01b0\u1ee3ng.<\/p>\n<p>&#8211; B\u1ea3o qu\u1ea3n l\u00e2u d\u00e0i: S\u1ea3n ph\u1ea9m \u0111\u01b0\u1ee3c \u0111\u00f3ng g\u00f3i h\u00fat ch\u00e2n kh\u00f4ng, gi\u00fap b\u1ea3o qu\u1ea3n l\u00e2u d\u00e0i m\u00e0 kh\u00f4ng l\u00e0m m\u1ea5t \u0111i h\u01b0\u01a1ng v\u1ecb nguy\u00ean b\u1ea3n.<\/p>\n<p><img decoding=\"async\" class=\"wp-image-36570 aligncenter\" src=\"https:\/\/havamall.vn\/wp-content\/uploads\/2024\/10\/9ae707a8a63ec9c476276ddcd079ef14.webp\" alt=\"\" width=\"803\" height=\"747\" \/><\/p>\n<h3><strong>L\u1ee3i \u00edch cho s\u1ee9c kh\u1ecfe<\/strong><\/h3>\n<p>&#8211; Ngu\u1ed3n protein ch\u1ea5t l\u01b0\u1ee3ng: Salami ch\u1ee9a l\u01b0\u1ee3ng protein cao, h\u1ed7 tr\u1ee3 x\u00e2y d\u1ef1ng v\u00e0 ph\u1ee5c h\u1ed3i c\u01a1 b\u1eafp, \u0111\u1eb7c bi\u1ec7t c\u1ea7n thi\u1ebft cho nh\u1eefng ng\u01b0\u1eddi th\u01b0\u1eddng xuy\u00ean v\u1eadn \u0111\u1ed9ng v\u00e0 t\u1eadp th\u1ec3 d\u1ee5c.<\/p>\n<p>&#8211; Cung c\u1ea5p n\u0103ng l\u01b0\u1ee3ng: Salami l\u00e0 ngu\u1ed3n cung c\u1ea5p ch\u1ea5t b\u00e9o v\u00e0 calo gi\u00fap duy tr\u00ec m\u1ee9c n\u0103ng l\u01b0\u1ee3ng cho c\u01a1 th\u1ec3 trong th\u1eddi gian d\u00e0i, l\u00fd t\u01b0\u1edfng cho nh\u1eefng b\u1eefa \u0103n nh\u1eb9 ho\u1eb7c khi b\u1ea1n c\u1ea7n b\u1ed5 sung n\u0103ng l\u01b0\u1ee3ng nhanh ch\u00f3ng.<\/p>\n<p>&#8211; Kho\u00e1ng ch\u1ea5t quan tr\u1ecdng: Salami ch\u1ee9a c\u00e1c kho\u00e1ng ch\u1ea5t nh\u01b0 s\u1eaft v\u00e0 k\u1ebdm, quan tr\u1ecdng trong vi\u1ec7c h\u1ed7 tr\u1ee3 h\u1ec7 mi\u1ec5n d\u1ecbch v\u00e0 s\u1ea3n xu\u1ea5t t\u1ebf b\u00e0o m\u00e1u, gi\u00fap gi\u1ea3m nguy c\u01a1 thi\u1ebfu m\u00e1u.<\/p>\n<p>&#8211; Vitamin B: V\u1edbi h\u00e0m l\u01b0\u1ee3ng vitamin B (B6 v\u00e0 B12) cao, salami h\u1ed7 tr\u1ee3 ch\u1ee9c n\u0103ng n\u00e3o v\u00e0 th\u1ea7n kinh, gi\u00fap duy tr\u00ec s\u1ee9c kh\u1ecfe tinh th\u1ea7n v\u00e0 c\u1ea3i thi\u1ec7n ch\u1ee9c n\u0103ng chuy\u1ec3n h\u00f3a n\u0103ng l\u01b0\u1ee3ng trong c\u01a1 th\u1ec3.<\/p>\n<p><img loading=\"lazy\" decoding=\"async\" class=\"wp-image-36571 aligncenter\" src=\"https:\/\/havamall.vn\/wp-content\/uploads\/2024\/10\/32d5a9332287478cba67fbd3758f4a8a.webp\" alt=\"\" width=\"800\" height=\"800\" \/><\/p>\n<h3><strong>Havamall \u2013 ph\u00e2n ph\u1ed1i c\u00e1c s\u1ea3n ph\u1ea9m ch\u00ednh h\u00e3ng, ch\u1ea5t l\u01b0\u1ee3ng<\/strong><\/h3>\n<p>V\u1edbi kinh nghi\u1ec7m trong ng\u00e0nh nh\u1eadp kh\u1ea9u v\u00e0 ph\u00e2n ph\u1ed1i th\u1ef1c ph\u1ea9m, \u0111\u1ed3 u\u1ed1ng v\u00e0 nguy\u00ean li\u1ec7u th\u1ef1c ph\u1ea9m, C\u00f4ng ty Havamall Vi\u1ec7t Nam l\u00e0 m\u1ed9t trong nh\u1eefng \u0111\u01a1n v\u1ecb cung \u1ee9ng s\u1ea3n ph\u1ea9m h\u00e0ng \u0111\u1ea7u cho c\u00e1c \u0111\u1ed1i t\u00e1c chuy\u00ean nghi\u1ec7p, danh ti\u1ebfng tr\u00ean kh\u1eafp c\u1ea3 n\u01b0\u1edbc.<\/p>\n<p>C\u00e1c s\u1ea3n ph\u1ea9m do C\u00f4ng ty Havamall Vi\u1ec7t Nam ph\u00e2n ph\u1ed1i \u0111\u1ec1u \u0111\u01b0\u1ee3c nh\u1eadp kh\u1ea9u t\u1eeb ch\u00e2u \u00c2u, ch\u00e2u \u00dac, \u0111\u1ea3m b\u1ea3o c\u00e1c ti\u00eau chu\u1ea9n v\u1ec1 v\u1ec7 sinh an to\u00e0n th\u1ef1c ph\u1ea9m kh\u1eaft khe nh\u01b0 HACCP, ISO. V\u1edbi h\u1ec7 th\u1ed1ng chi nh\u00e1nh, kho v\u1eadn tr\u1ea3i d\u00e0i kh\u1eafp Vi\u1ec7t Nam, C\u00f4ng ty Havamall Vi\u1ec7t Nam c\u00f3 th\u1ec3 \u0111\u00e1p \u1ee9ng \u0111\u01b0\u1ee3c nhu c\u1ea7u v\u1ec1 s\u1ed1 l\u01b0\u1ee3ng v\u00e0 ch\u1ea5t l\u01b0\u1ee3ng c\u1ee7a kh\u00e1ch h\u00e0ng.<\/p>\n<\/div>\n<\/div>\n<\/div>\n<\/div>","protected":false},"excerpt":{"rendered":"<p>TH\u00d4NG TIN CHUNG Th\u01b0\u01a1ng hi\u1ec7u Cherkizovo Xu\u1ea5t x\u1ee9 Nga H\u1ea1n s\u1eed d\u1ee5ng 6 th\u00e1ng k\u1ec3 t\u1eeb ng\u00e0y s\u1ea3n xu\u1ea5t H\u01b0\u1edbng<\/p>","protected":false},"featured_media":36232,"comment_status":"open","ping_status":"closed","template":"","meta":[],"product_brand":[],"product_cat":[36],"product_tag":[],"class_list":{"0":"post-36231","1":"product","2":"type-product","3":"status-publish","4":"has-post-thumbnail","6":"product_cat-thuc-pham-tieu-dung","8":"first","9":"instock","10":"sale","11":"shipping-taxable","12":"purchasable","13":"product-type-simple"},"_links":{"self":[{"href":"https:\/\/havamall.vn\/en\/wp-json\/wp\/v2\/product\/36231"}],"collection":[{"href":"https:\/\/havamall.vn\/en\/wp-json\/wp\/v2\/product"}],"about":[{"href":"https:\/\/havamall.vn\/en\/wp-json\/wp\/v2\/types\/product"}],"replies":[{"embeddable":true,"href":"https:\/\/havamall.vn\/en\/wp-json\/wp\/v2\/comments?post=36231"}],"version-history":[{"count":0,"href":"https:\/\/havamall.vn\/en\/wp-json\/wp\/v2\/product\/36231\/revisions"}],"wp:featuredmedia":[{"embeddable":true,"href":"https:\/\/havamall.vn\/en\/wp-json\/wp\/v2\/media\/36232"}],"wp:attachment":[{"href":"https:\/\/havamall.vn\/en\/wp-json\/wp\/v2\/media?parent=36231"}],"wp:term":[{"taxonomy":"product_brand","embeddable":true,"href":"https:\/\/havamall.vn\/en\/wp-json\/wp\/v2\/product_brand?post=36231"},{"taxonomy":"product_cat","embeddable":true,"href":"https:\/\/havamall.vn\/en\/wp-json\/wp\/v2\/product_cat?post=36231"},{"taxonomy":"product_tag","embeddable":true,"href":"https:\/\/havamall.vn\/en\/wp-json\/wp\/v2\/product_tag?post=36231"}],"curies":[{"name":"wp","href":"https:\/\/api.w.org\/{rel}","templated":true}]}}