{"id":36228,"date":"2024-10-14T07:39:05","date_gmt":"2024-10-14T00:39:05","guid":{"rendered":"https:\/\/havamall.vn\/?post_type=product&#038;p=36228"},"modified":"2024-10-14T07:39:06","modified_gmt":"2024-10-14T00:39:06","slug":"duong-thot-not-da%cc%a3ng-vien-moun7ains-goi-500g-palm-sugar-moun7ains","status":"publish","type":"product","link":"https:\/\/havamall.vn\/en\/shop\/duong-thot-not-da%cc%a3ng-vien-moun7ains-goi-500g-palm-sugar-moun7ains\/","title":{"rendered":"\u0110\u01b0\u01a1\u0300ng th\u00f4\u0301t n\u00f4\u0301t da\u0323ng vi\u00ean Moun7ains g\u00f3i 500g &#8211; Palm sugar Moun7ains"},"content":{"rendered":"<h2 class=\"product-detail__specs-title\"><strong>TH\u00d4NG TIN CHUNG<\/strong><\/h2>\n<div id=\"js-product-detail__specs\" class=\"product-detail__specs\">\n<div class=\"row\">\n<div class=\"col-sm-12\">\n<div class=\"product-specs__table\">\n<table style=\"width: 100%; height: 174px;\">\n<tbody>\n<tr style=\"height: 24px;\">\n<td class=\"specs-table__property\" style=\"height: 24px; width: 19.346%;\">Th\u01b0\u01a1ng hi\u1ec7u<\/td>\n<td style=\"width: 79.9273%; height: 24px;\">Moun7ains<\/td>\n<\/tr>\n<tr style=\"height: 24px;\">\n<td class=\"specs-table__property\" style=\"height: 24px; width: 19.346%;\">Xu\u1ea5t x\u1ee9<\/td>\n<td class=\"specs-table__value\" style=\"height: 24px; width: 79.9273%;\">Vi\u1ec7t nam<\/td>\n<\/tr>\n<tr style=\"height: 24px;\">\n<td class=\"specs-table__property\" style=\"height: 24px; width: 19.346%;\">H\u1ea1n s\u1eed d\u1ee5ng<\/td>\n<td class=\"specs-table__value\" style=\"height: 24px; width: 79.9273%;\">12 th\u00e1ng k\u1ec3 t\u1eeb ng\u00e0y s\u1ea3n xu\u1ea5t<\/td>\n<\/tr>\n<tr style=\"height: 24px;\">\n<td class=\"specs-table__property\" style=\"height: 24px; width: 19.346%;\">H\u01b0\u1edbng d\u1eabn s\u1eed d\u1ee5ng<\/td>\n<td class=\"specs-table__value\" style=\"height: 24px; width: 79.9273%;\">D\u00f9ng tr\u1ef1c ti\u1ebfp ho\u1eb7c ch\u1ebf bi\u1ebfn c\u00e1c m\u00f3n \u0103n<\/td>\n<\/tr>\n<tr style=\"height: 24px;\">\n<td class=\"specs-table__property\" style=\"height: 24px; width: 19.346%;\">H\u01b0\u1edbng d\u1eabn b\u1ea3o qu\u1ea3n<\/td>\n<td class=\"w-full border-2 border-DEFAULT px-4 py-2\" style=\"width: 79.9273%;\">\n<div class=\"text-justify\">B\u1ea3o qu\u1ea3n n\u01a1i kh\u00f4 m\u00e1t 8 ~ 10 \u0111\u1ed9 C<\/div>\n<\/td>\n<\/tr>\n<tr style=\"height: 30px;\">\n<td class=\"specs-table__property\" style=\"height: 30px; width: 19.346%;\">Th\u00e0nh ph\u1ea7n nguy\u00ean li\u1ec7u<\/td>\n<td class=\"w-full border-2 border-DEFAULT px-4 py-2\" style=\"width: 79.9273%;\">\n<div class=\"text-justify\">C\u00f4 \u0111\u1eb7c t\u1eeb nh\u1ee5y hoa c\u00e2y th\u1ed1t n\u1ed1t (99.9%), \u0111\u01b0\u1eddng c\u00e1t.<\/div>\n<\/td>\n<\/tr>\n<tr style=\"height: 24px;\">\n<td class=\"specs-table__property\" style=\"height: 24px; width: 19.346%;\">Kh\u1ed1i l\u01b0\u1ee3ng<\/td>\n<td class=\"specs-table__value\" style=\"height: 24px; width: 79.9273%;\">500g<\/td>\n<\/tr>\n<\/tbody>\n<\/table>\n<div>\n<p><img fetchpriority=\"high\" decoding=\"async\" class=\"wp-image-36559 aligncenter\" src=\"https:\/\/havamall.vn\/wp-content\/uploads\/2024\/10\/duong-1657.jpg\" alt=\"\" width=\"911\" height=\"607\" \/><\/p>\n<\/div>\n<p>Moun7ains l\u00e0 th\u01b0\u01a1ng hi\u1ec7u n\u1ed5i ti\u1ebfng trong vi\u1ec7c cung c\u1ea5p c\u00e1c s\u1ea3n ph\u1ea9m \u0111\u01b0\u1eddng th\u1ed1t n\u1ed1t nguy\u00ean ch\u1ea5t, \u0111\u01b0\u1ee3c l\u00e0m t\u1eeb ngu\u1ed3n nguy\u00ean li\u1ec7u t\u1ef1 nhi\u00ean. S\u1ea3n ph\u1ea9m c\u1ee7a Moun7ains lu\u00f4n \u0111\u1ea3m b\u1ea3o ch\u1ea5t l\u01b0\u1ee3ng, gi\u1eef nguy\u00ean h\u01b0\u01a1ng v\u1ecb thu\u1ea7n khi\u1ebft v\u00e0 gi\u00e0u dinh d\u01b0\u1ee1ng t\u1eeb c\u00e2y th\u1ed1t n\u1ed1t.<\/p>\n<p>\u0110\u01b0\u1eddng th\u1ed1t n\u1ed1t Moun7ains \u0111\u01b0\u1ee3c chi\u1ebft xu\u1ea5t t\u1eeb nh\u1eefng c\u00e2y th\u1ed1t n\u1ed1t \u0111\u01b0\u1ee3c tr\u1ed3ng trong \u0111i\u1ec1u ki\u1ec7n kh\u00ed h\u1eadu v\u00e0 th\u1ed5 nh\u01b0\u1ee1ng \u0111\u1eb7c bi\u1ec7t c\u1ee7a v\u00f9ng \u0110\u00f4ng Nam \u00c1. Qu\u00e1 tr\u00ecnh thu ho\u1ea1ch v\u00e0 ch\u1ebf bi\u1ebfn tu\u00e2n theo quy tr\u00ecnh nghi\u00eam ng\u1eb7t nh\u1eb1m gi\u1eef l\u1ea1i h\u00e0m l\u01b0\u1ee3ng dinh d\u01b0\u1ee1ng v\u00e0 h\u01b0\u01a1ng v\u1ecb \u0111\u1eb7c tr\u01b0ng c\u1ee7a th\u1ed1t n\u1ed1t.<\/p>\n<p><img decoding=\"async\" class=\"wp-image-36560 aligncenter\" src=\"https:\/\/havamall.vn\/wp-content\/uploads\/2024\/10\/z3491024088903_abdeb2d27e2c63ace27484061c2d3650_317a06e42c8f428dbda40804bc0651a0_1024x1024.webp\" alt=\"\" width=\"900\" height=\"652\" \/><\/p>\n<p>&nbsp;<\/p>\n<p>\u0110\u01b0\u1eddng th\u1ed1t n\u1ed1t d\u1ea1ng vi\u00ean Moun7ains l\u00e0 l\u1ef1a ch\u1ecdn ho\u00e0n h\u1ea3o cho nh\u1eefng ai y\u00eau th\u00edch h\u01b0\u01a1ng v\u1ecb ng\u1ecdt ng\u00e0o t\u1ef1 nhi\u00ean, kh\u00f4ng qua x\u1eed l\u00fd h\u00f3a h\u1ecdc. S\u1ea3n ph\u1ea9m mang \u0111\u1eadm m\u00e0u v\u00e0ng n\u00e2u \u0111\u1eb7c tr\u01b0ng, v\u1edbi h\u01b0\u01a1ng v\u1ecb d\u1ecbu nh\u1eb9 v\u00e0 thanh m\u00e1t. \u0110\u01b0\u1eddng th\u1ed1t n\u1ed1t d\u1ea1ng vi\u00ean c\u00f3 th\u1ec3 s\u1eed d\u1ee5ng trong nhi\u1ec1u m\u00f3n \u0103n v\u00e0 \u0111\u1ed3 u\u1ed1ng, t\u1eeb c\u00e1c m\u00f3n tr\u00e1ng mi\u1ec7ng truy\u1ec1n th\u1ed1ng \u0111\u1ebfn nh\u1eefng th\u1ee9c u\u1ed1ng gi\u1ea3i kh\u00e1t.<\/p>\n<h3><strong>\u0110\u1eb7c \u0111i\u1ec3m n\u1ed5i b\u1eadt<\/strong><\/h3>\n<p>&#8211; \u0110\u01b0\u1ee3c l\u00e0m ho\u00e0n to\u00e0n t\u1eeb nh\u1ef1a c\u00e2y th\u1ed1t n\u1ed1t t\u1ef1 nhi\u00ean.<\/p>\n<p>&#8211; Kh\u00f4ng ch\u1ee9a ch\u1ea5t b\u1ea3o qu\u1ea3n v\u00e0 h\u00f3a ch\u1ea5t t\u1ea1o ng\u1ecdt nh\u00e2n t\u1ea1o.<\/p>\n<p>&#8211; H\u01b0\u01a1ng v\u1ecb ng\u1ecdt d\u1ecbu, gi\u00e0u kho\u00e1ng ch\u1ea5t v\u00e0 vitamin nh\u01b0 B1, B2, B6, v\u00e0 C.<\/p>\n<p>&#8211; D\u1ea1ng vi\u00ean ti\u1ec7n l\u1ee3i, d\u1ec5 d\u00e0ng s\u1eed d\u1ee5ng trong pha ch\u1ebf \u0111\u1ed3 u\u1ed1ng v\u00e0 n\u1ea5u \u0103n.<\/p>\n<p>&#8211; \u0110\u00f3ng g\u00f3i ti\u1ec7n l\u1ee3i, d\u1ec5 b\u1ea3o qu\u1ea3n v\u00e0 s\u1eed d\u1ee5ng l\u00e2u d\u00e0i.<\/p>\n<p><img decoding=\"async\" class=\"wp-image-36561 aligncenter\" src=\"https:\/\/havamall.vn\/wp-content\/uploads\/2024\/10\/thanh-pham-che-thot-not.jpg\" alt=\"\" width=\"900\" height=\"675\" \/><\/p>\n<h3><strong>L\u1ee3i \u00edch cho s\u1ee9c kh\u1ecfe<\/strong><\/h3>\n<p><strong>&#8211; Gi\u00e0u kho\u00e1ng ch\u1ea5t v\u00e0 vitamin<\/strong>: \u0110\u01b0\u1eddng th\u1ed1t n\u1ed1t Moun7ains ch\u1ee9a nhi\u1ec1u vitamin nh\u00f3m B nh\u01b0 B1, B2, B6 v\u00e0 vitamin C, gi\u00fap t\u0103ng c\u01b0\u1eddng h\u1ec7 mi\u1ec5n d\u1ecbch v\u00e0 h\u1ed7 tr\u1ee3 qu\u00e1 tr\u00ecnh trao \u0111\u1ed5i ch\u1ea5t.<\/p>\n<p><strong>&#8211; Th\u00fac \u0111\u1ea9y ti\u00eau h\u00f3a<\/strong>: \u0110\u01b0\u1eddng th\u1ed1t n\u1ed1t c\u00f3 ch\u1ee9a c\u00e1c enzym t\u1ef1 nhi\u00ean, gi\u00fap c\u1ea3i thi\u1ec7n h\u1ec7 ti\u00eau h\u00f3a v\u00e0 l\u00e0m gi\u1ea3m c\u00e1c v\u1ea5n \u0111\u1ec1 nh\u01b0 \u0111\u1ea7y h\u01a1i, kh\u00f3 ti\u00eau.<\/p>\n<p><strong>&#8211; Gi\u00e0u ch\u1ea5t ch\u1ed1ng oxy h\u00f3a<\/strong>: S\u1ea3n ph\u1ea9m n\u00e0y ch\u1ee9a polyphenol, m\u1ed9t ch\u1ea5t ch\u1ed1ng oxy h\u00f3a t\u1ef1 nhi\u00ean, gi\u00fap ng\u0103n ch\u1eb7n t\u1ed5n th\u01b0\u01a1ng do g\u1ed1c t\u1ef1 do, b\u1ea3o v\u1ec7 c\u01a1 th\u1ec3 kh\u1ecfi c\u00e1c b\u1ec7nh t\u1eadt v\u00e0 l\u00e3o h\u00f3a s\u1edbm.<\/p>\n<p><strong>&#8211; T\u1ed1t cho h\u1ec7 th\u1ea7n kinh<\/strong>: H\u00e0m l\u01b0\u1ee3ng vitamin B c\u00f3 trong \u0111\u01b0\u1eddng th\u1ed1t n\u1ed1t gi\u00fap gi\u1ea3m c\u0103ng th\u1eb3ng, m\u1ec7t m\u1ecfi v\u00e0 c\u1ea3i thi\u1ec7n ch\u1ee9c n\u0103ng h\u1ec7 th\u1ea7n kinh.<\/p>\n<p><strong>&#8211; \u0110i\u1ec1u h\u00f2a l\u01b0\u1ee3ng \u0111\u01b0\u1eddng trong m\u00e1u<\/strong>: \u0110\u01b0\u1eddng th\u1ed1t n\u1ed1t c\u00f3 ch\u1ec9 s\u1ed1 \u0111\u01b0\u1eddng huy\u1ebft th\u1ea5p h\u01a1n so v\u1edbi \u0111\u01b0\u1eddng tinh luy\u1ec7n, gi\u00fap ki\u1ec3m so\u00e1t l\u01b0\u1ee3ng \u0111\u01b0\u1eddng trong m\u00e1u v\u00e0 l\u00e0 l\u1ef1a ch\u1ecdn ph\u00f9 h\u1ee3p cho ng\u01b0\u1eddi c\u1ea7n h\u1ea1n ch\u1ebf l\u01b0\u1ee3ng \u0111\u01b0\u1eddng.<\/p>\n<p><strong>&#8211; Gi\u1ea3i \u0111\u1ed9c c\u01a1 th\u1ec3<\/strong>: \u0110\u01b0\u1eddng th\u1ed1t n\u1ed1t c\u00f3 kh\u1ea3 n\u0103ng h\u1ed7 tr\u1ee3 c\u01a1 th\u1ec3 lo\u1ea1i b\u1ecf c\u00e1c ch\u1ea5t \u0111\u1ed9c h\u1ea1i t\u00edch t\u1ee5 l\u00e2u ng\u00e0y trong gan v\u00e0 th\u1eadn, gi\u00fap thanh l\u1ecdc c\u01a1 th\u1ec3 v\u00e0 gi\u1eef cho c\u01a1 th\u1ec3 lu\u00f4n kh\u1ecfe m\u1ea1nh.<\/p>\n<p><img loading=\"lazy\" decoding=\"async\" class=\"wp-image-36562 aligncenter\" src=\"https:\/\/havamall.vn\/wp-content\/uploads\/2024\/10\/cach-nau-che-buoi-duong-thot-not.jpg\" alt=\"\" width=\"901\" height=\"548\" \/><\/p>\n<h3><strong>Havamall \u2013 ph\u00e2n ph\u1ed1i c\u00e1c s\u1ea3n ph\u1ea9m ch\u00ednh h\u00e3ng, ch\u1ea5t l\u01b0\u1ee3ng<\/strong><\/h3>\n<p>V\u1edbi kinh nghi\u1ec7m trong ng\u00e0nh nh\u1eadp kh\u1ea9u v\u00e0 ph\u00e2n ph\u1ed1i th\u1ef1c ph\u1ea9m, \u0111\u1ed3 u\u1ed1ng v\u00e0 nguy\u00ean li\u1ec7u th\u1ef1c ph\u1ea9m, C\u00f4ng ty Havamall Vi\u1ec7t Nam l\u00e0 m\u1ed9t trong nh\u1eefng \u0111\u01a1n v\u1ecb cung \u1ee9ng s\u1ea3n ph\u1ea9m h\u00e0ng \u0111\u1ea7u cho c\u00e1c \u0111\u1ed1i t\u00e1c chuy\u00ean nghi\u1ec7p, danh ti\u1ebfng tr\u00ean kh\u1eafp c\u1ea3 n\u01b0\u1edbc.<\/p>\n<p>C\u00e1c s\u1ea3n ph\u1ea9m do C\u00f4ng ty Havamall Vi\u1ec7t Nam ph\u00e2n ph\u1ed1i \u0111\u1ec1u \u0111\u01b0\u1ee3c nh\u1eadp kh\u1ea9u t\u1eeb ch\u00e2u \u00c2u, ch\u00e2u \u00dac, \u0111\u1ea3m b\u1ea3o c\u00e1c ti\u00eau chu\u1ea9n v\u1ec1 v\u1ec7 sinh an to\u00e0n th\u1ef1c ph\u1ea9m kh\u1eaft khe nh\u01b0 HACCP, ISO. V\u1edbi h\u1ec7 th\u1ed1ng chi nh\u00e1nh, kho v\u1eadn tr\u1ea3i d\u00e0i kh\u1eafp Vi\u1ec7t Nam, C\u00f4ng ty Havamall Vi\u1ec7t Nam c\u00f3 th\u1ec3 \u0111\u00e1p \u1ee9ng \u0111\u01b0\u1ee3c nhu c\u1ea7u v\u1ec1 s\u1ed1 l\u01b0\u1ee3ng v\u00e0 ch\u1ea5t l\u01b0\u1ee3ng c\u1ee7a kh\u00e1ch h\u00e0ng.<\/p>\n<\/div>\n<\/div>\n<\/div>\n<\/div>","protected":false},"excerpt":{"rendered":"<p>TH\u00d4NG TIN CHUNG Th\u01b0\u01a1ng hi\u1ec7u Moun7ains Xu\u1ea5t x\u1ee9 Vi\u1ec7t nam H\u1ea1n s\u1eed d\u1ee5ng 12 th\u00e1ng k\u1ec3 t\u1eeb ng\u00e0y s\u1ea3n xu\u1ea5t<\/p>","protected":false},"featured_media":36229,"comment_status":"open","ping_status":"closed","template":"","meta":[],"product_brand":[],"product_cat":[595,255,131,134],"product_tag":[],"class_list":{"0":"post-36228","1":"product","2":"type-product","3":"status-publish","4":"has-post-thumbnail","6":"product_cat-gia-vi-va-che-bien","7":"product_cat-nguyen-lieu-lam-banh","8":"product_cat-nguyen-lieu-lam-bep","9":"product_cat-thucpham-saykho","11":"first","12":"instock","13":"sale","14":"shipping-taxable","15":"purchasable","16":"product-type-simple"},"_links":{"self":[{"href":"https:\/\/havamall.vn\/en\/wp-json\/wp\/v2\/product\/36228"}],"collection":[{"href":"https:\/\/havamall.vn\/en\/wp-json\/wp\/v2\/product"}],"about":[{"href":"https:\/\/havamall.vn\/en\/wp-json\/wp\/v2\/types\/product"}],"replies":[{"embeddable":true,"href":"https:\/\/havamall.vn\/en\/wp-json\/wp\/v2\/comments?post=36228"}],"version-history":[{"count":0,"href":"https:\/\/havamall.vn\/en\/wp-json\/wp\/v2\/product\/36228\/revisions"}],"wp:featuredmedia":[{"embeddable":true,"href":"https:\/\/havamall.vn\/en\/wp-json\/wp\/v2\/media\/36229"}],"wp:attachment":[{"href":"https:\/\/havamall.vn\/en\/wp-json\/wp\/v2\/media?parent=36228"}],"wp:term":[{"taxonomy":"product_brand","embeddable":true,"href":"https:\/\/havamall.vn\/en\/wp-json\/wp\/v2\/product_brand?post=36228"},{"taxonomy":"product_cat","embeddable":true,"href":"https:\/\/havamall.vn\/en\/wp-json\/wp\/v2\/product_cat?post=36228"},{"taxonomy":"product_tag","embeddable":true,"href":"https:\/\/havamall.vn\/en\/wp-json\/wp\/v2\/product_tag?post=36228"}],"curies":[{"name":"wp","href":"https:\/\/api.w.org\/{rel}","templated":true}]}}