{"id":36210,"date":"2024-10-03T18:11:07","date_gmt":"2024-10-03T11:11:07","guid":{"rendered":"https:\/\/havamall.vn\/?post_type=product&#038;p=36210"},"modified":"2025-08-26T10:44:19","modified_gmt":"2025-08-26T03:44:19","slug":"pho-mai-ricotta-granarolo-ricotta-granarolo-cheese-250g","status":"publish","type":"product","link":"https:\/\/havamall.vn\/en\/shop\/pho-mai-ricotta-granarolo-ricotta-granarolo-cheese-250g\/","title":{"rendered":"Ph\u00f4 Mai Ricotta Granarolo &#8211; Ricotta Granarolo Cheese 250g"},"content":{"rendered":"<h2 class=\"product-detail__specs-title\"><strong>TH\u00d4NG TIN CHUNG<\/strong><\/h2>\n<div id=\"js-product-detail__specs\" class=\"product-detail__specs\">\n<div class=\"row\">\n<div class=\"col-sm-12\">\n<div class=\"product-specs__table\">\n<table style=\"width: 100%;height: 174px\">\n<tbody>\n<tr style=\"height: 24px\">\n<td class=\"specs-table__property\" style=\"height: 24px;width: 19.346%\">Th\u01b0\u01a1ng hi\u1ec7u<\/td>\n<td style=\"width: 79.9273%\">Granarolo<\/td>\n<\/tr>\n<tr style=\"height: 24px\">\n<td class=\"specs-table__property\" style=\"height: 24px;width: 19.346%\">Xu\u1ea5t x\u1ee9<\/td>\n<td class=\"specs-table__value\" style=\"height: 24px;width: 79.9273%\">Nh\u1eadp kh\u1ea9u \u00dd<\/td>\n<\/tr>\n<tr style=\"height: 24px\">\n<td class=\"specs-table__property\" style=\"height: 24px;width: 19.346%\">H\u1ea1n s\u1eed d\u1ee5ng<\/td>\n<td class=\"specs-table__value\" style=\"height: 24px;width: 79.9273%\">Xem tr\u00ean bao b\u00ec s\u1ea3n ph\u1ea9m<\/td>\n<\/tr>\n<tr style=\"height: 24px\">\n<td class=\"specs-table__property\" style=\"height: 24px;width: 19.346%\">H\u01b0\u1edbng d\u1eabn s\u1eed d\u1ee5ng<\/td>\n<td class=\"specs-table__value\" style=\"height: 24px;width: 79.9273%\">D\u00f9ng tr\u1ef1c ti\u1ebfp ho\u1eb7c ch\u1ebf bi\u1ebfn m\u00f3n \u0103n<\/td>\n<\/tr>\n<tr style=\"height: 24px\">\n<td class=\"specs-table__property\" style=\"height: 24px;width: 19.346%\">H\u01b0\u1edbng d\u1eabn b\u1ea3o qu\u1ea3n<\/td>\n<td class=\"w-full border-2 border-DEFAULT px-4 py-2\" style=\"height: 24px;width: 79.9273%\">\n<div class=\"text-justify\">B\u1ea3o qu\u1ea3n \u0111\u00f4ng l\u1ea1nh trong t\u1ee7 l\u1ea1nh, nhi\u1ec7t \u0111\u1ed9 &lt; 5 \u0111\u1ed9 C<\/div>\n<\/td>\n<\/tr>\n<tr style=\"height: 30px\">\n<td class=\"specs-table__property\" style=\"height: 30px;width: 19.346%\">Th\u00e0nh ph\u1ea7n nguy\u00ean li\u1ec7u<\/td>\n<td class=\"specs-table__value\" style=\"height: 30px;width: 79.9273%\">Xem tr\u00ean bao b\u00ec s\u1ea3n ph\u1ea9m<\/td>\n<\/tr>\n<tr style=\"height: 24px\">\n<td class=\"specs-table__property\" style=\"height: 24px;width: 19.346%\">Kh\u1ed1i l\u01b0\u1ee3ng<\/td>\n<td class=\"specs-table__value\" style=\"height: 24px;width: 79.9273%\">250g<\/td>\n<\/tr>\n<\/tbody>\n<\/table>\n<div><img fetchpriority=\"high\" decoding=\"async\" class=\"wp-image-36425 aligncenter\" src=\"https:\/\/havamall.vn\/wp-content\/uploads\/2024\/10\/ricotta-cheese20.jpg\" alt=\"\" width=\"851\" height=\"567\" \/><\/div>\n<p>Granarolo l\u00e0 th\u01b0\u01a1ng hi\u1ec7u n\u1ed5i ti\u1ebfng \u0111\u1ebfn t\u1eeb \u00dd v\u1edbi h\u00e0ng ch\u1ee5c n\u0103m kinh nghi\u1ec7m trong vi\u1ec7c s\u1ea3n xu\u1ea5t c\u00e1c s\u1ea3n ph\u1ea9m t\u1eeb s\u1eefa, \u0111\u1eb7c bi\u1ec7t l\u00e0 c\u00e1c lo\u1ea1i ph\u00f4 mai ch\u1ea5t l\u01b0\u1ee3ng cao. V\u1edbi cam k\u1ebft cung c\u1ea5p nh\u1eefng s\u1ea3n ph\u1ea9m t\u1eeb ngu\u1ed3n s\u1eefa t\u01b0\u01a1i v\u00e0 quy tr\u00ecnh ch\u1ebf bi\u1ebfn truy\u1ec1n th\u1ed1ng, Granarolo lu\u00f4n \u0111\u1ea3m b\u1ea3o h\u01b0\u01a1ng v\u1ecb t\u01b0\u01a1i ngon v\u00e0 s\u1ef1 tinh t\u1ebf \u0111\u1eb7c tr\u01b0ng c\u1ee7a ph\u00f4 mai \u00dd.<\/p>\n<p>Ph\u00f4 mai Ricotta Granarolo c\u00f3 ngu\u1ed3n g\u1ed1c t\u1eeb v\u00f9ng Emilia-Romagna, n\u01a1i n\u1ed5i ti\u1ebfng v\u1edbi c\u00e1c s\u1ea3n ph\u1ea9m s\u1eefa ch\u1ea5t l\u01b0\u1ee3ng h\u00e0ng \u0111\u1ea7u. \u0110\u01b0\u1ee3c s\u1ea3n xu\u1ea5t t\u1eeb s\u1eefa b\u00f2 t\u01b0\u01a1i nguy\u00ean ch\u1ea5t theo ph\u01b0\u01a1ng ph\u00e1p truy\u1ec1n th\u1ed1ng c\u1ee7a \u00dd, ph\u00f4 mai Ricotta Granarolo gi\u1eef tr\u1ecdn v\u1eb9n h\u01b0\u01a1ng v\u1ecb tinh khi\u1ebft v\u00e0 gi\u00e1 tr\u1ecb dinh d\u01b0\u1ee1ng cao.<\/p>\n<p>Ph\u00f4 mai Ricotta Granarolo l\u00e0 lo\u1ea1i ph\u00f4 mai m\u1ec1m, c\u00f3 m\u00e0u tr\u1eafng tinh kh\u00f4i v\u00e0 v\u1ecb nh\u1eb9 nh\u00e0ng, thanh tho\u00e1t. \u0110\u01b0\u1ee3c ch\u1ebf bi\u1ebfn t\u1eeb ph\u1ea7n whey c\u1ee7a s\u1eefa b\u00f2, Ricotta l\u00e0 lo\u1ea1i ph\u00f4 mai c\u00f3 k\u1ebft c\u1ea5u m\u1ec1m m\u1ecbn, th\u01a1m b\u00e9o nh\u1eb9, l\u00e0 th\u00e0nh ph\u1ea7n kh\u00f4ng th\u1ec3 thi\u1ebfu trong nhi\u1ec1u m\u00f3n \u0103n \u00dd, t\u1eeb m\u00f3n tr\u00e1ng mi\u1ec7ng \u0111\u1ebfn c\u00e1c m\u00f3n ch\u00ednh nh\u01b0 lasagna, ravioli, v\u00e0 salad.<\/p>\n<p><img decoding=\"async\" class=\"wp-image-36426 aligncenter\" src=\"https:\/\/havamall.vn\/wp-content\/uploads\/2024\/10\/T3_Ricottacheesesalad_pizzamaruusa.jpg\" alt=\"\" width=\"852\" height=\"793\" \/><\/p>\n<h3><strong>\u0110\u1eb7c \u0111i\u1ec3m n\u1ed5i b\u1eadt<\/strong><\/h3>\n<p>&#8211; K\u1ebft c\u1ea5u m\u1ec1m m\u1ecbn: Ph\u00f4 mai Ricotta c\u00f3 k\u1ebft c\u1ea5u m\u1ec1m m\u1ea1i, d\u1ec5 d\u00e0ng h\u00f2a quy\u1ec7n v\u00e0o c\u00e1c m\u00f3n \u0103n.<\/p>\n<p>&#8211; H\u01b0\u01a1ng v\u1ecb thanh nh\u00e3: V\u1ecb nh\u1eb9, ng\u1ecdt t\u1ef1 nhi\u00ean v\u00e0 b\u00e9o d\u1ecbu, ph\u00f9 h\u1ee3p v\u1edbi m\u1ecdi kh\u1ea9u v\u1ecb.<\/p>\n<p>&#8211; Ngu\u1ed3n dinh d\u01b0\u1ee1ng d\u1ed3i d\u00e0o: Ph\u00f4 mai Ricotta gi\u00e0u protein, canxi v\u00e0 c\u00e1c lo\u1ea1i vitamin t\u1eeb s\u1eefa, l\u00e0 l\u1ef1a ch\u1ecdn ho\u00e0n h\u1ea3o cho ch\u1ebf \u0111\u1ed9 \u0103n u\u1ed1ng l\u00e0nh m\u1ea1nh.<\/p>\n<p>&#8211; \u0110a d\u1ee5ng: C\u00f3 th\u1ec3 d\u00f9ng trong nhi\u1ec1u m\u00f3n \u0103n kh\u00e1c nhau, t\u1eeb m\u00f3n ch\u00ednh, m\u00f3n tr\u00e1ng mi\u1ec7ng, \u0111\u1ebfn m\u00f3n khai v\u1ecb.<\/p>\n<p><img decoding=\"async\" class=\"wp-image-36427 aligncenter\" src=\"https:\/\/havamall.vn\/wp-content\/uploads\/2024\/10\/1575603530_ricota-9aug197867-f_w1920_h1280-1024x683.jpg\" alt=\"\" width=\"852\" height=\"568\" \/><\/p>\n<h3><strong>L\u1ee3i \u00edch cho s\u1ee9c kh\u1ecfe<\/strong><\/h3>\n<p>&#8211; Gi\u00e0u protein: Ricotta ch\u1ee9a h\u00e0m l\u01b0\u1ee3ng protein cao, gi\u00fap cung c\u1ea5p n\u0103ng l\u01b0\u1ee3ng v\u00e0 h\u1ed7 tr\u1ee3 c\u01a1 b\u1eafp.<\/p>\n<p>&#8211; B\u1ed5 sung canxi: H\u00e0m l\u01b0\u1ee3ng canxi trong ph\u00f4 mai Ricotta gi\u00fap x\u01b0\u01a1ng v\u00e0 r\u0103ng ch\u1eafc kh\u1ecfe.<\/p>\n<p>&#8211; D\u1ec5 ti\u00eau h\u00f3a: Ricotta c\u00f3 \u00edt ch\u1ea5t b\u00e9o v\u00e0 d\u1ec5 ti\u00eau h\u00f3a h\u01a1n so v\u1edbi c\u00e1c lo\u1ea1i ph\u00f4 mai c\u1ee9ng, ph\u00f9 h\u1ee3p cho c\u1ea3 tr\u1ebb em v\u00e0 ng\u01b0\u1eddi l\u1edbn tu\u1ed5i.<\/p>\n<p>&#8211; T\u1ed1t cho tim m\u1ea1ch: H\u00e0m l\u01b0\u1ee3ng ch\u1ea5t b\u00e9o v\u00e0 cholesterol th\u1ea5p h\u01a1n so v\u1edbi c\u00e1c lo\u1ea1i ph\u00f4 mai kh\u00e1c, gi\u00fap b\u1ea3o v\u1ec7 s\u1ee9c kh\u1ecfe tim m\u1ea1ch.<\/p>\n<p><img loading=\"lazy\" decoding=\"async\" class=\"wp-image-36428 aligncenter\" src=\"https:\/\/havamall.vn\/wp-content\/uploads\/2024\/10\/201410-xl-ricotta-crostini-with-three-toppings-1370388560dc4e969306bb8f805722c0.jpg\" alt=\"\" width=\"850\" height=\"850\" \/><\/p>\n<h3><strong>Havamall \u2013 ph\u00e2n ph\u1ed1i c\u00e1c s\u1ea3n ph\u1ea9m ch\u00ednh h\u00e3ng, ch\u1ea5t l\u01b0\u1ee3ng<\/strong><\/h3>\n<p>V\u1edbi kinh nghi\u1ec7m trong ng\u00e0nh nh\u1eadp kh\u1ea9u v\u00e0 ph\u00e2n ph\u1ed1i th\u1ef1c ph\u1ea9m, \u0111\u1ed3 u\u1ed1ng v\u00e0 nguy\u00ean li\u1ec7u th\u1ef1c ph\u1ea9m, C\u00f4ng ty Havamall Vi\u1ec7t Nam l\u00e0 m\u1ed9t trong nh\u1eefng \u0111\u01a1n v\u1ecb cung \u1ee9ng s\u1ea3n ph\u1ea9m h\u00e0ng \u0111\u1ea7u cho c\u00e1c \u0111\u1ed1i t\u00e1c chuy\u00ean nghi\u1ec7p, danh ti\u1ebfng tr\u00ean kh\u1eafp c\u1ea3 n\u01b0\u1edbc.<\/p>\n<p>C\u00e1c s\u1ea3n ph\u1ea9m do C\u00f4ng ty Havamall Vi\u1ec7t Nam ph\u00e2n ph\u1ed1i \u0111\u1ec1u \u0111\u01b0\u1ee3c nh\u1eadp kh\u1ea9u t\u1eeb ch\u00e2u \u00c2u, ch\u00e2u \u00dac, \u0111\u1ea3m b\u1ea3o c\u00e1c ti\u00eau chu\u1ea9n v\u1ec1 v\u1ec7 sinh an to\u00e0n th\u1ef1c ph\u1ea9m kh\u1eaft khe nh\u01b0 HACCP, ISO. V\u1edbi h\u1ec7 th\u1ed1ng chi nh\u00e1nh, kho v\u1eadn tr\u1ea3i d\u00e0i kh\u1eafp Vi\u1ec7t Nam, C\u00f4ng ty Havamall Vi\u1ec7t Nam c\u00f3 th\u1ec3 \u0111\u00e1p \u1ee9ng \u0111\u01b0\u1ee3c nhu c\u1ea7u v\u1ec1 s\u1ed1 l\u01b0\u1ee3ng v\u00e0 ch\u1ea5t l\u01b0\u1ee3ng c\u1ee7a kh\u00e1ch h\u00e0ng.<\/p>\n<\/div>\n<\/div>\n<\/div>\n<\/div>","protected":false},"excerpt":{"rendered":"<p>TH\u00d4NG TIN CHUNG Th\u01b0\u01a1ng hi\u1ec7u Granarolo Xu\u1ea5t x\u1ee9 Nh\u1eadp kh\u1ea9u \u00dd H\u1ea1n s\u1eed d\u1ee5ng Xem tr\u00ean bao b\u00ec s\u1ea3n ph\u1ea9m<\/p>","protected":false},"featured_media":36211,"comment_status":"open","ping_status":"closed","template":"","meta":[],"product_brand":[],"product_cat":[672,36,143],"product_tag":[],"class_list":{"0":"post-36210","1":"product","2":"type-product","3":"status-publish","4":"has-post-thumbnail","6":"product_cat-nhap-khau-y","7":"product_cat-thuc-pham-tieu-dung","8":"product_cat-thuc-pham-dong-hop","10":"first","11":"outofstock","12":"sale","13":"shipping-taxable","14":"purchasable","15":"product-type-simple"},"_links":{"self":[{"href":"https:\/\/havamall.vn\/en\/wp-json\/wp\/v2\/product\/36210"}],"collection":[{"href":"https:\/\/havamall.vn\/en\/wp-json\/wp\/v2\/product"}],"about":[{"href":"https:\/\/havamall.vn\/en\/wp-json\/wp\/v2\/types\/product"}],"replies":[{"embeddable":true,"href":"https:\/\/havamall.vn\/en\/wp-json\/wp\/v2\/comments?post=36210"}],"version-history":[{"count":0,"href":"https:\/\/havamall.vn\/en\/wp-json\/wp\/v2\/product\/36210\/revisions"}],"wp:featuredmedia":[{"embeddable":true,"href":"https:\/\/havamall.vn\/en\/wp-json\/wp\/v2\/media\/36211"}],"wp:attachment":[{"href":"https:\/\/havamall.vn\/en\/wp-json\/wp\/v2\/media?parent=36210"}],"wp:term":[{"taxonomy":"product_brand","embeddable":true,"href":"https:\/\/havamall.vn\/en\/wp-json\/wp\/v2\/product_brand?post=36210"},{"taxonomy":"product_cat","embeddable":true,"href":"https:\/\/havamall.vn\/en\/wp-json\/wp\/v2\/product_cat?post=36210"},{"taxonomy":"product_tag","embeddable":true,"href":"https:\/\/havamall.vn\/en\/wp-json\/wp\/v2\/product_tag?post=36210"}],"curies":[{"name":"wp","href":"https:\/\/api.w.org\/{rel}","templated":true}]}}