{"id":36206,"date":"2024-10-03T17:45:56","date_gmt":"2024-10-03T10:45:56","guid":{"rendered":"https:\/\/havamall.vn\/?post_type=product&#038;p=36206"},"modified":"2024-10-03T17:45:56","modified_gmt":"2024-10-03T10:45:56","slug":"dau-tam-dong-lanh-metro-chef-broad-beans-metro-chef-25kg","status":"publish","type":"product","link":"https:\/\/havamall.vn\/en\/shop\/dau-tam-dong-lanh-metro-chef-broad-beans-metro-chef-25kg\/","title":{"rendered":"\u0110\u1eadu T\u1ea7m \u0110\u00f4ng L\u1ea1nh Metro Chef &#8211; Broad Beans Metro Chef 2,5Kg"},"content":{"rendered":"<h2 class=\"product-detail__specs-title\"><strong>TH\u00d4NG TIN CHUNG<\/strong><\/h2>\n<div id=\"js-product-detail__specs\" class=\"product-detail__specs\">\n<div class=\"row\">\n<div class=\"col-sm-12\">\n<div class=\"product-specs__table\">\n<table style=\"width: 100%; height: 174px;\">\n<tbody>\n<tr style=\"height: 24px;\">\n<td class=\"specs-table__property\" style=\"height: 24px; width: 19.346%;\">Th\u01b0\u01a1ng hi\u1ec7u<\/td>\n<td style=\"width: 79.9273%;\">Havafoodies<\/td>\n<\/tr>\n<tr style=\"height: 24px;\">\n<td class=\"specs-table__property\" style=\"height: 24px; width: 19.346%;\">Xu\u1ea5t x\u1ee9<\/td>\n<td class=\"specs-table__value\" style=\"height: 24px; width: 79.9273%;\">H\u00e0 Lan<\/td>\n<\/tr>\n<tr style=\"height: 24px;\">\n<td class=\"specs-table__property\" style=\"height: 24px; width: 19.346%;\">H\u1ea1n s\u1eed d\u1ee5ng<\/td>\n<td class=\"specs-table__value\" style=\"height: 24px; width: 79.9273%;\">Xem tr\u00ean bao b\u00ec s\u1ea3n ph\u1ea9m<\/td>\n<\/tr>\n<tr style=\"height: 24px;\">\n<td class=\"specs-table__property\" style=\"height: 24px; width: 19.346%;\">H\u01b0\u1edbng d\u1eabn s\u1eed d\u1ee5ng<\/td>\n<td class=\"specs-table__value\" style=\"height: 24px; width: 79.9273%;\">D\u00f9ng tr\u1ef1c ti\u1ebfp ho\u1eb7c ch\u1ebf bi\u1ebfn m\u00f3n \u0103n<\/td>\n<\/tr>\n<tr style=\"height: 24px;\">\n<td class=\"specs-table__property\" style=\"height: 24px; width: 19.346%;\">H\u01b0\u1edbng d\u1eabn b\u1ea3o qu\u1ea3n<\/td>\n<td class=\"w-full border-2 border-DEFAULT px-4 py-2\" style=\"height: 24px; width: 79.9273%;\">\n<div class=\"text-justify\">B\u1ea3o qu\u1ea3n \u0111\u00f4ng l\u1ea1nh trong t\u1ee7 l\u1ea1nh<\/div>\n<\/td>\n<\/tr>\n<tr style=\"height: 30px;\">\n<td class=\"specs-table__property\" style=\"height: 30px; width: 19.346%;\">Th\u00e0nh ph\u1ea7n nguy\u00ean li\u1ec7u<\/td>\n<td class=\"specs-table__value\" style=\"height: 30px; width: 79.9273%;\">100% \u0110\u1eadu t\u1ea7m<\/td>\n<\/tr>\n<tr style=\"height: 24px;\">\n<td class=\"specs-table__property\" style=\"height: 24px; width: 19.346%;\">Kh\u1ed1i l\u01b0\u1ee3ng<\/td>\n<td class=\"specs-table__value\" style=\"height: 24px; width: 79.9273%;\">2,5Kg<\/td>\n<\/tr>\n<\/tbody>\n<\/table>\n<div><img fetchpriority=\"high\" decoding=\"async\" class=\"size-large wp-image-36416 aligncenter\" src=\"https:\/\/havamall.vn\/wp-content\/uploads\/2024\/10\/img27857.whqc_1426x713q80-1024x512.jpg\" alt=\"\" width=\"1024\" height=\"512\" \/><\/div>\n<p>&nbsp;<\/p>\n<p>\u0110\u1eadu t\u1ea7m l\u00e0 m\u1ed9t lo\u1ea1i \u0111\u1eadu ph\u1ed5 bi\u1ebfn trong c\u00e1c n\u1ec1n \u1ea9m th\u1ef1c ch\u00e2u \u00c1 v\u00e0 \u0111\u01b0\u1ee3c tr\u1ed3ng \u1edf nh\u1eefng v\u00f9ng c\u00f3 kh\u00ed h\u1eadu \u00f4n \u0111\u1edbi. Sau khi thu ho\u1ea1ch, \u0111\u1eadu \u0111\u01b0\u1ee3c ch\u1ecdn l\u1ecdc k\u1ef9 c\u00e0ng v\u00e0 ti\u1ebfn h\u00e0nh quy tr\u00ecnh \u0111\u00f4ng l\u1ea1nh nhanh, gi\u1eef nguy\u00ean \u0111\u1ed9 t\u01b0\u01a1i ngon v\u00e0 h\u00e0m l\u01b0\u1ee3ng dinh d\u01b0\u1ee1ng.<\/p>\n<p>\u0110\u1eadu t\u1ea7m \u0111\u00f4ng l\u1ea1nh l\u00e0 s\u1ea3n ph\u1ea9m \u0111\u01b0\u1ee3c l\u00e0m t\u1eeb nh\u1eefng h\u1ea1t \u0111\u1eadu t\u1ea7m t\u01b0\u01a1i, sau khi \u0111\u01b0\u1ee3c thu ho\u1ea1ch s\u1ebd \u0111\u01b0\u1ee3c b\u1ea3o qu\u1ea3n \u1edf nhi\u1ec7t \u0111\u1ed9 th\u1ea5p \u0111\u1ec3 gi\u1eef nguy\u00ean \u0111\u1ed9 ng\u1ecdt, \u0111\u1ed9 gi\u00f2n v\u00e0 m\u00e0u s\u1eafc t\u1ef1 nhi\u00ean. S\u1ea3n ph\u1ea9m l\u00e0 s\u1ef1 l\u1ef1a ch\u1ecdn ho\u00e0n h\u1ea3o cho nh\u1eefng b\u1eefa \u0103n gia \u0111\u00ecnh, \u0111\u1eb7c bi\u1ec7t l\u00e0 c\u00e1c m\u00f3n x\u00e0o, s\u00fap, ho\u1eb7c salad. \u0110\u1eadu t\u1ea7m \u0111\u00f4ng l\u1ea1nh ti\u1ec7n l\u1ee3i, d\u1ec5 s\u1eed d\u1ee5ng v\u00e0 ph\u00f9 h\u1ee3p cho m\u1ecdi c\u00f4ng th\u1ee9c n\u1ea5u \u0103n.<\/p>\n<p><img decoding=\"async\" class=\"size-large wp-image-36417 aligncenter\" src=\"https:\/\/havamall.vn\/wp-content\/uploads\/2024\/10\/stir-fried-broad-beans-with-szechuan-pepper-10845-1-1024x683.jpg\" alt=\"\" width=\"1024\" height=\"683\" \/><\/p>\n<h3><strong>\u0110\u1eb7c \u0111i\u1ec3m n\u1ed5i b\u1eadt<\/strong><\/h3>\n<p>&#8211; T\u01b0\u01a1i ngon nh\u01b0 m\u1edbi thu ho\u1ea1ch: Quy tr\u00ecnh \u0111\u00f4ng l\u1ea1nh nhanh gi\u00fap \u0111\u1eadu gi\u1eef nguy\u00ean \u0111\u1ed9 t\u01b0\u01a1i m\u1edbi v\u00e0 h\u01b0\u01a1ng v\u1ecb \u0111\u1eb7c tr\u01b0ng.<\/p>\n<p>&#8211; Gi\u00e0u dinh d\u01b0\u1ee1ng: \u0110\u1eadu t\u1ea7m l\u00e0 ngu\u1ed3n cung c\u1ea5p d\u1ed3i d\u00e0o protein, ch\u1ea5t x\u01a1, vitamin v\u00e0 kho\u00e1ng ch\u1ea5t.<\/p>\n<p>&#8211; Ti\u1ec7n l\u1ee3i: S\u1ea3n ph\u1ea9m \u0111\u00e3 \u0111\u01b0\u1ee3c s\u01a1 ch\u1ebf, ng\u01b0\u1eddi d\u00f9ng ch\u1ec9 c\u1ea7n l\u1ea5y ra t\u1eeb t\u1ee7 \u0111\u00f4ng v\u00e0 ch\u1ebf bi\u1ebfn ngay l\u1eadp t\u1ee9c m\u00e0 kh\u00f4ng c\u1ea7n m\u1ea5t nhi\u1ec1u th\u1eddi gian s\u01a1 ch\u1ebf.<\/p>\n<p>&#8211; Kh\u00f4ng ch\u1ea5t b\u1ea3o qu\u1ea3n: \u0110\u01b0\u1ee3c b\u1ea3o qu\u1ea3n \u0111\u00f4ng l\u1ea1nh t\u1ef1 nhi\u00ean, kh\u00f4ng s\u1eed d\u1ee5ng ch\u1ea5t b\u1ea3o qu\u1ea3n, \u0111\u1ea3m b\u1ea3o an to\u00e0n cho s\u1ee9c kh\u1ecfe.<\/p>\n<p><img decoding=\"async\" class=\"size-large wp-image-36418 aligncenter\" src=\"https:\/\/havamall.vn\/wp-content\/uploads\/2024\/10\/sauteed-garlic-broad-beans-bacon-with-coriander-30696-1-1024x683.jpeg\" alt=\"\" width=\"1024\" height=\"683\" \/><\/p>\n<h3><strong>L\u1ee3i \u00edch cho s\u1ee9c kh\u1ecfe<\/strong><\/h3>\n<p>&#8211; Cung c\u1ea5p protein th\u1ef1c v\u1eadt: \u0110\u1eadu t\u1ea7m l\u00e0 ngu\u1ed3n cung c\u1ea5p protein th\u1ef1c v\u1eadt phong ph\u00fa, gi\u00fap h\u1ed7 tr\u1ee3 qu\u00e1 tr\u00ecnh ph\u00e1t tri\u1ec3n c\u01a1 b\u1eafp v\u00e0 ph\u1ee5c h\u1ed3i sau t\u1eadp luy\u1ec7n.<\/p>\n<p>&#8211; T\u1ed1t cho h\u1ec7 ti\u00eau h\u00f3a: H\u00e0m l\u01b0\u1ee3ng ch\u1ea5t x\u01a1 cao gi\u00fap c\u1ea3i thi\u1ec7n h\u1ec7 ti\u00eau h\u00f3a, gi\u1ea3m nguy c\u01a1 t\u00e1o b\u00f3n v\u00e0 h\u1ed7 tr\u1ee3 h\u1ec7 vi khu\u1ea9n \u0111\u01b0\u1eddng ru\u1ed9t.<\/p>\n<p>&#8211; B\u1ed5 sung vitamin v\u00e0 kho\u00e1ng ch\u1ea5t: \u0110\u1eadu t\u1ea7m ch\u1ee9a nhi\u1ec1u vitamin nh\u01b0 A, C, c\u00f9ng v\u1edbi c\u00e1c kho\u00e1ng ch\u1ea5t nh\u01b0 s\u1eaft v\u00e0 kali, h\u1ed7 tr\u1ee3 h\u1ec7 mi\u1ec5n d\u1ecbch v\u00e0 s\u1ee9c kh\u1ecfe tim m\u1ea1ch.<\/p>\n<p>&#8211; H\u1ed7 tr\u1ee3 gi\u1ea3m c\u00e2n: V\u1edbi h\u00e0m l\u01b0\u1ee3ng calo th\u1ea5p nh\u01b0ng gi\u00e0u dinh d\u01b0\u1ee1ng, \u0111\u1eadu t\u1ea7m l\u00e0 th\u1ef1c ph\u1ea9m l\u00fd t\u01b0\u1edfng trong ch\u1ebf \u0111\u1ed9 \u0103n ki\u00eang ho\u1eb7c gi\u1ea3m c\u00e2n.<\/p>\n<p><img loading=\"lazy\" decoding=\"async\" class=\"size-large wp-image-36419 aligncenter\" src=\"https:\/\/havamall.vn\/wp-content\/uploads\/2024\/10\/peri-peri-roasted-broad-bean-snack-1024x1024.png\" alt=\"\" width=\"1024\" height=\"1024\" \/><\/p>\n<h3><strong>Havamall \u2013 ph\u00e2n ph\u1ed1i c\u00e1c s\u1ea3n ph\u1ea9m ch\u00ednh h\u00e3ng, ch\u1ea5t l\u01b0\u1ee3ng<\/strong><\/h3>\n<p>V\u1edbi kinh nghi\u1ec7m trong ng\u00e0nh nh\u1eadp kh\u1ea9u v\u00e0 ph\u00e2n ph\u1ed1i th\u1ef1c ph\u1ea9m, \u0111\u1ed3 u\u1ed1ng v\u00e0 nguy\u00ean li\u1ec7u th\u1ef1c ph\u1ea9m, C\u00f4ng ty Havamall Vi\u1ec7t Nam l\u00e0 m\u1ed9t trong nh\u1eefng \u0111\u01a1n v\u1ecb cung \u1ee9ng s\u1ea3n ph\u1ea9m h\u00e0ng \u0111\u1ea7u cho c\u00e1c \u0111\u1ed1i t\u00e1c chuy\u00ean nghi\u1ec7p, danh ti\u1ebfng tr\u00ean kh\u1eafp c\u1ea3 n\u01b0\u1edbc.<\/p>\n<p>C\u00e1c s\u1ea3n ph\u1ea9m do C\u00f4ng ty Havamall Vi\u1ec7t Nam ph\u00e2n ph\u1ed1i \u0111\u1ec1u \u0111\u01b0\u1ee3c nh\u1eadp kh\u1ea9u t\u1eeb ch\u00e2u \u00c2u, ch\u00e2u \u00dac, \u0111\u1ea3m b\u1ea3o c\u00e1c ti\u00eau chu\u1ea9n v\u1ec1 v\u1ec7 sinh an to\u00e0n th\u1ef1c ph\u1ea9m kh\u1eaft khe nh\u01b0 HACCP, ISO. V\u1edbi h\u1ec7 th\u1ed1ng chi nh\u00e1nh, kho v\u1eadn tr\u1ea3i d\u00e0i kh\u1eafp Vi\u1ec7t Nam, C\u00f4ng ty Havamall Vi\u1ec7t Nam c\u00f3 th\u1ec3 \u0111\u00e1p \u1ee9ng \u0111\u01b0\u1ee3c nhu c\u1ea7u v\u1ec1 s\u1ed1 l\u01b0\u1ee3ng v\u00e0 ch\u1ea5t l\u01b0\u1ee3ng c\u1ee7a kh\u00e1ch h\u00e0ng.<\/p>\n<\/div>\n<\/div>\n<\/div>\n<\/div>","protected":false},"excerpt":{"rendered":"<p>TH\u00d4NG TIN CHUNG Th\u01b0\u01a1ng hi\u1ec7u Havafoodies Xu\u1ea5t x\u1ee9 H\u00e0 Lan H\u1ea1n s\u1eed d\u1ee5ng Xem tr\u00ean bao b\u00ec s\u1ea3n ph\u1ea9m H\u01b0\u1edbng<\/p>","protected":false},"featured_media":36207,"comment_status":"open","ping_status":"closed","template":"","meta":[],"product_brand":[],"product_cat":[594,275,36,134],"product_tag":[],"class_list":{"0":"post-36206","1":"product","2":"type-product","3":"status-publish","4":"has-post-thumbnail","6":"product_cat-dau-cu-qua-kho","7":"product_cat-thuc-pham-dong-lanh","8":"product_cat-thuc-pham-tieu-dung","9":"product_cat-thucpham-saykho","11":"first","12":"instock","13":"sale","14":"shipping-taxable","15":"purchasable","16":"product-type-simple"},"_links":{"self":[{"href":"https:\/\/havamall.vn\/en\/wp-json\/wp\/v2\/product\/36206"}],"collection":[{"href":"https:\/\/havamall.vn\/en\/wp-json\/wp\/v2\/product"}],"about":[{"href":"https:\/\/havamall.vn\/en\/wp-json\/wp\/v2\/types\/product"}],"replies":[{"embeddable":true,"href":"https:\/\/havamall.vn\/en\/wp-json\/wp\/v2\/comments?post=36206"}],"version-history":[{"count":0,"href":"https:\/\/havamall.vn\/en\/wp-json\/wp\/v2\/product\/36206\/revisions"}],"wp:featuredmedia":[{"embeddable":true,"href":"https:\/\/havamall.vn\/en\/wp-json\/wp\/v2\/media\/36207"}],"wp:attachment":[{"href":"https:\/\/havamall.vn\/en\/wp-json\/wp\/v2\/media?parent=36206"}],"wp:term":[{"taxonomy":"product_brand","embeddable":true,"href":"https:\/\/havamall.vn\/en\/wp-json\/wp\/v2\/product_brand?post=36206"},{"taxonomy":"product_cat","embeddable":true,"href":"https:\/\/havamall.vn\/en\/wp-json\/wp\/v2\/product_cat?post=36206"},{"taxonomy":"product_tag","embeddable":true,"href":"https:\/\/havamall.vn\/en\/wp-json\/wp\/v2\/product_tag?post=36206"}],"curies":[{"name":"wp","href":"https:\/\/api.w.org\/{rel}","templated":true}]}}