{"id":36197,"date":"2024-10-03T08:33:39","date_gmt":"2024-10-03T01:33:39","guid":{"rendered":"https:\/\/havamall.vn\/?post_type=product&#038;p=36197"},"modified":"2025-06-02T09:52:43","modified_gmt":"2025-06-02T02:52:43","slug":"muoi-den-an-do-kala-namak-black-salt-100g","status":"publish","type":"product","link":"https:\/\/havamall.vn\/en\/shop\/muoi-den-an-do-kala-namak-black-salt-100g\/","title":{"rendered":"Mu\u1ed1i \u0110en \u1ea4n \u0110\u1ed9 Kala Namak- Black Salt 100g"},"content":{"rendered":"<h2 class=\"product-detail__specs-title\"><strong>TH\u00d4NG TIN CHUNG<\/strong><\/h2>\n<div id=\"js-product-detail__specs\" class=\"product-detail__specs\">\n<div class=\"row\">\n<div class=\"col-sm-12\">\n<div class=\"product-specs__table\">\n<table>\n<tbody>\n<tr>\n<td class=\"specs-table__property\">Th\u01b0\u01a1ng hi\u1ec7u<\/td>\n<td class=\"specs-table__value\">No Brand<\/td>\n<\/tr>\n<tr>\n<td class=\"specs-table__property\">Xu\u1ea5t x\u1ee9<\/td>\n<td class=\"specs-table__value\">\u1ea4n \u0111\u1ed9<\/td>\n<\/tr>\n<tr>\n<td class=\"specs-table__property\">H\u1ea1n s\u1eed d\u1ee5ng<\/td>\n<td class=\"specs-table__value\">Xem tr\u00ean bao b\u00ec s\u1ea3n ph\u1ea9m<\/td>\n<\/tr>\n<tr>\n<td class=\"specs-table__property\">H\u01b0\u1edbng d\u1eabn s\u1eed d\u1ee5ng<\/td>\n<td class=\"specs-table__value\">D\u00f9ng tr\u1ef1c ti\u1ebfp ho\u1eb7c d\u00f9ng ch\u1ebf bi\u1ebfn m\u00f3n \u0103n<\/td>\n<\/tr>\n<tr>\n<td class=\"specs-table__property\">H\u01b0\u1edbng d\u1eabn b\u1ea3o qu\u1ea3n<\/td>\n<td class=\"w-full border-2 border-DEFAULT px-4 py-2\">\n<div class=\"text-justify\">N\u01a1i kh\u00f4 r\u00e1o, tho\u00e1ng m\u00e1t, \u0111\u1ea3m b\u1ea3o v\u1ec7 sinh an to\u00e0n th\u1ef1c ph\u1ea9m, tr\u00e1nh \u00e1nh s\u00e1ng m\u1eb7t tr\u1eddi chi\u1ebfu tr\u1ef1c ti\u1ebfp<\/div>\n<\/td>\n<\/tr>\n<tr>\n<td class=\"specs-table__property\">Th\u00e0nh ph\u1ea7n nguy\u00ean li\u1ec7u<\/td>\n<td class=\"specs-table__value\">Xem tr\u00ean bao b\u00ec<\/td>\n<\/tr>\n<tr>\n<td class=\"specs-table__property\">Kh\u1ed1i l\u01b0\u1ee3ng<\/td>\n<td class=\"specs-table__value\">100g<\/td>\n<\/tr>\n<\/tbody>\n<\/table>\n<p><img fetchpriority=\"high\" decoding=\"async\" class=\"wp-image-36397 aligncenter\" src=\"https:\/\/havamall.com\/wp-content\/uploads\/2024\/10\/2154952-1562175150640561355327.jpg\" alt=\"\" width=\"800\" height=\"498\" \/><\/p>\n<p>Mu\u1ed1i \u0110en \u1ea4n \u0110\u1ed9 Kala Namak, c\u00f2n \u0111\u01b0\u1ee3c g\u1ecdi l\u00e0 \u201cmu\u1ed1i \u0111en\u201d, l\u00e0 m\u1ed9t trong nh\u1eefng lo\u1ea1i gia v\u1ecb truy\u1ec1n th\u1ed1ng c\u1ee7a \u1ea4n \u0110\u1ed9. N\u00f3 \u0111\u01b0\u1ee3c s\u1eed d\u1ee5ng r\u1ed9ng r\u00e3i trong \u1ea9m th\u1ef1c Nam \u00c1, \u0111\u1eb7c bi\u1ec7t l\u00e0 trong c\u00e1c m\u00f3n \u0103n chay, m\u00f3n salad. \u0110\u01b0\u1ee3c khai th\u00e1c t\u1eeb c\u00e1c m\u1ecf kho\u00e1ng s\u1ea3n gi\u00e0u dinh d\u01b0\u1ee1ng, Kala Namak \u0111\u00e3 tr\u1edf th\u00e0nh m\u1ed9t ph\u1ea7n kh\u00f4ng th\u1ec3 thi\u1ebfu trong nhi\u1ec1u m\u00f3n \u0103n v\u00ec h\u01b0\u01a1ng v\u1ecb \u0111\u1ed9c \u0111\u00e1o v\u00e0 gi\u00e1 tr\u1ecb dinh d\u01b0\u1ee1ng cao.<\/p>\n<p>Mu\u1ed1i \u0110en Kala Namak c\u00f3 ngu\u1ed3n g\u1ed1c t\u1eeb c\u00e1c m\u1ecf mu\u1ed1i c\u1ed5 \u0111\u1ea1i n\u1eb1m s\u00e2u d\u01b0\u1edbi l\u00f2ng \u0111\u1ea5t \u1edf khu v\u1ef1c mi\u1ec1n B\u1eafc \u1ea4n \u0110\u1ed9 v\u00e0 Pakistan. \u0110i\u1ec3m \u0111\u1eb7c bi\u1ec7t c\u1ee7a mu\u1ed1i Kala Namak l\u00e0 \u0111\u01b0\u1ee3c ch\u1ebf bi\u1ebfn qua qu\u00e1 tr\u00ecnh nung n\u00f3ng c\u00f9ng v\u1edbi c\u00e1c lo\u1ea1i th\u1ea3o m\u1ed9c v\u00e0 than c\u1ee7i, t\u1ea1o ra m\u00e0u s\u1eafc \u0111\u1eb7c tr\u01b0ng c\u00f9ng h\u01b0\u01a1ng v\u1ecb \u0111\u1eb7c bi\u1ec7t. Th\u00e0nh ph\u1ea7n kho\u00e1ng ch\u1ea5t t\u1ef1 nhi\u00ean trong mu\u1ed1i \u0111en gi\u00fap mang l\u1ea1i nhi\u1ec1u l\u1ee3i \u00edch s\u1ee9c kh\u1ecfe.<\/p>\n<p><img decoding=\"async\" class=\"wp-image-36398 aligncenter\" src=\"https:\/\/havamall.com\/wp-content\/uploads\/2024\/10\/muoi_den_4_932bbc0225.jpg\" alt=\"\" width=\"800\" height=\"511\" \/><\/p>\n<p>Kala Namak l\u00e0 lo\u1ea1i mu\u1ed1i c\u00f3 m\u00e0u h\u1ed3ng \u0111en ho\u1eb7c x\u00e1m \u0111\u1eadm. Lo\u1ea1i mu\u1ed1i n\u00e0y kh\u00f4ng ch\u1ec9 \u0111\u01b0\u1ee3c \u01b0a chu\u1ed9ng trong c\u00e1c m\u00f3n \u0103n chay v\u00e0 truy\u1ec1n th\u1ed1ng \u1ea4n \u0110\u1ed9 nh\u01b0 chat, raita, m\u00e0 c\u00f2n \u0111\u01b0\u1ee3c s\u1eed d\u1ee5ng trong y h\u1ecdc Ayurveda \u0111\u1ec3 h\u1ed7 tr\u1ee3 ti\u00eau h\u00f3a. Kala Namak c\u0169ng \u0111\u01b0\u1ee3c s\u1eed d\u1ee5ng r\u1ed9ng r\u00e3i \u0111\u1ec3 t\u0103ng c\u01b0\u1eddng h\u01b0\u01a1ng v\u1ecb cho c\u00e1c m\u00f3n \u0103n v\u00e0 cung c\u1ea5p c\u00e1c kho\u00e1ng ch\u1ea5t thi\u1ebft y\u1ebfu cho c\u01a1 th\u1ec3.<\/p>\n<h3><strong>\u0110\u1eb7c \u0111i\u1ec3m n\u1ed5i b\u1eadt<\/strong><\/h3>\n<p>\u2013 Gi\u00e0u kho\u00e1ng ch\u1ea5t: Kala Namak ch\u1ee9a nhi\u1ec1u kho\u00e1ng ch\u1ea5t nh\u01b0 s\u1eaft, magie v\u00e0 kali, gi\u00fap c\u1ea3i thi\u1ec7n s\u1ee9c kh\u1ecfe t\u1ed5ng th\u1ec3 v\u00e0 b\u1ed5 sung d\u01b0\u1ee1ng ch\u1ea5t c\u1ea7n thi\u1ebft cho c\u01a1 th\u1ec3.<\/p>\n<p>\u2013 H\u1ed7 tr\u1ee3 ti\u00eau h\u00f3a: V\u1edbi t\u00ednh ch\u1ea5t gi\u00fap k\u00edch th\u00edch ti\u00eau h\u00f3a, mu\u1ed1i \u0111en Kala Namak th\u01b0\u1eddng \u0111\u01b0\u1ee3c s\u1eed d\u1ee5ng trong c\u00e1c b\u00e0i thu\u1ed1c Ayurveda \u0111\u1ec3 ch\u1eefa c\u00e1c v\u1ea5n \u0111\u1ec1 ti\u00eau h\u00f3a nh\u01b0 \u0111\u1ea7y h\u01a1i, kh\u00f3 ti\u00eau v\u00e0 l\u00e0m d\u1ecbu d\u1ea1 d\u00e0y.<\/p>\n<p>\u2013 H\u01b0\u01a1ng v\u1ecb \u0111\u1ed9c \u0111\u00e1o: V\u1ecb l\u01b0u hu\u1ef3nh nh\u1eb9 t\u1ea1o n\u00ean h\u01b0\u01a1ng v\u1ecb \u0111\u1eb7c tr\u01b0ng, kh\u00e1c bi\u1ec7t so v\u1edbi mu\u1ed1i th\u00f4ng th\u01b0\u1eddng, \u0111\u1eb7c bi\u1ec7t ph\u00f9 h\u1ee3p v\u1edbi c\u00e1c m\u00f3n salad, tr\u00e1i c\u00e2y v\u00e0 \u0111\u1ed3 chay.<\/p>\n<p>\u2013 \u1ee8ng d\u1ee5ng \u0111a d\u1ea1ng: Kala Namak kh\u00f4ng ch\u1ec9 d\u00f9ng trong \u1ea9m th\u1ef1c m\u00e0 c\u00f2n \u0111\u01b0\u1ee3c s\u1eed d\u1ee5ng trong c\u00e1c c\u00f4ng th\u1ee9c l\u00e0m \u0111\u1eb9p, ch\u0103m s\u00f3c s\u1ee9c kh\u1ecfe v\u00e0 \u0111i\u1ec1u tr\u1ecb t\u1ef1 nhi\u00ean trong y h\u1ecdc c\u1ed5 truy\u1ec1n.<\/p>\n<p><img decoding=\"async\" class=\"wp-image-36399 aligncenter\" src=\"https:\/\/havamall.com\/wp-content\/uploads\/2024\/10\/muoi-den-co-tot-khong-loi-ich-cua-muoi-den-doi-voi-suc-khoe-202211230709419455.jpg\" alt=\"\" width=\"804\" height=\"452\" \/><\/p>\n<h3><strong>Havamall \u2013 ph\u00e2n ph\u1ed1i c\u00e1c s\u1ea3n ph\u1ea9m ch\u00ednh h\u00e3ng, ch\u1ea5t l\u01b0\u1ee3ng<\/strong><\/h3>\n<p>V\u1edbi kinh nghi\u1ec7m trong ng\u00e0nh nh\u1eadp kh\u1ea9u v\u00e0 ph\u00e2n ph\u1ed1i th\u1ef1c ph\u1ea9m, \u0111\u1ed3 u\u1ed1ng v\u00e0 nguy\u00ean li\u1ec7u th\u1ef1c ph\u1ea9m, C\u00f4ng ty Havamall Vi\u1ec7t Nam l\u00e0 m\u1ed9t trong nh\u1eefng \u0111\u01a1n v\u1ecb cung \u1ee9ng s\u1ea3n ph\u1ea9m h\u00e0ng \u0111\u1ea7u cho c\u00e1c \u0111\u1ed1i t\u00e1c chuy\u00ean nghi\u1ec7p, danh ti\u1ebfng tr\u00ean kh\u1eafp c\u1ea3 n\u01b0\u1edbc.<\/p>\n<p>C\u00e1c s\u1ea3n ph\u1ea9m do C\u00f4ng ty Havamall Vi\u1ec7t Nam ph\u00e2n ph\u1ed1i \u0111\u1ec1u \u0111\u01b0\u1ee3c nh\u1eadp kh\u1ea9u t\u1eeb ch\u00e2u \u00c2u, ch\u00e2u \u00dac, \u0111\u1ea3m b\u1ea3o c\u00e1c ti\u00eau chu\u1ea9n v\u1ec1 v\u1ec7 sinh an to\u00e0n th\u1ef1c ph\u1ea9m kh\u1eaft khe nh\u01b0 HACCP, ISO. V\u1edbi h\u1ec7 th\u1ed1ng chi nh\u00e1nh, kho v\u1eadn tr\u1ea3i d\u00e0i kh\u1eafp Vi\u1ec7t Nam, C\u00f4ng ty Havamall Vi\u1ec7t Nam c\u00f3 th\u1ec3 \u0111\u00e1p \u1ee9ng \u0111\u01b0\u1ee3c nhu c\u1ea7u v\u1ec1 s\u1ed1 l\u01b0\u1ee3ng v\u00e0 ch\u1ea5t l\u01b0\u1ee3ng c\u1ee7a kh\u00e1ch h\u00e0ng.<\/p>\n<\/div>\n<\/div>\n<\/div>\n<\/div>","protected":false},"excerpt":{"rendered":"<p>TH\u00d4NG TIN CHUNG Th\u01b0\u01a1ng hi\u1ec7u No Brand Xu\u1ea5t x\u1ee9 \u1ea4n \u0111\u1ed9 H\u1ea1n s\u1eed d\u1ee5ng Xem tr\u00ean bao b\u00ec s\u1ea3n ph\u1ea9m<\/p>","protected":false},"featured_media":38953,"comment_status":"open","ping_status":"closed","template":"","meta":[],"product_brand":[],"product_cat":[595,681,154,36],"product_tag":[],"class_list":{"0":"post-36197","1":"product","2":"type-product","3":"status-publish","4":"has-post-thumbnail","6":"product_cat-gia-vi-va-che-bien","7":"product_cat-nhap-khau-an-do","8":"product_cat-gia-vi","9":"product_cat-thuc-pham-tieu-dung","11":"first","12":"instock","13":"sale","14":"shipping-taxable","15":"purchasable","16":"product-type-simple"},"_links":{"self":[{"href":"https:\/\/havamall.vn\/en\/wp-json\/wp\/v2\/product\/36197"}],"collection":[{"href":"https:\/\/havamall.vn\/en\/wp-json\/wp\/v2\/product"}],"about":[{"href":"https:\/\/havamall.vn\/en\/wp-json\/wp\/v2\/types\/product"}],"replies":[{"embeddable":true,"href":"https:\/\/havamall.vn\/en\/wp-json\/wp\/v2\/comments?post=36197"}],"version-history":[{"count":0,"href":"https:\/\/havamall.vn\/en\/wp-json\/wp\/v2\/product\/36197\/revisions"}],"wp:featuredmedia":[{"embeddable":true,"href":"https:\/\/havamall.vn\/en\/wp-json\/wp\/v2\/media\/38953"}],"wp:attachment":[{"href":"https:\/\/havamall.vn\/en\/wp-json\/wp\/v2\/media?parent=36197"}],"wp:term":[{"taxonomy":"product_brand","embeddable":true,"href":"https:\/\/havamall.vn\/en\/wp-json\/wp\/v2\/product_brand?post=36197"},{"taxonomy":"product_cat","embeddable":true,"href":"https:\/\/havamall.vn\/en\/wp-json\/wp\/v2\/product_cat?post=36197"},{"taxonomy":"product_tag","embeddable":true,"href":"https:\/\/havamall.vn\/en\/wp-json\/wp\/v2\/product_tag?post=36197"}],"curies":[{"name":"wp","href":"https:\/\/api.w.org\/{rel}","templated":true}]}}