{"id":36075,"date":"2024-10-02T16:56:23","date_gmt":"2024-10-02T09:56:23","guid":{"rendered":"https:\/\/havamall.vn\/?post_type=product&#038;p=36075"},"modified":"2025-03-20T15:49:55","modified_gmt":"2025-03-20T08:49:55","slug":"nuoc-hoa-hong-key-brand-rose-water-key-brand-rose-water-200ml","status":"publish","type":"product","link":"https:\/\/havamall.vn\/en\/shop\/nuoc-hoa-hong-key-brand-rose-water-key-brand-rose-water-200ml\/","title":{"rendered":"N\u01b0\u1edbc Hoa H\u1ed3ng Key Brand Rose Water &#8211; Key Brand Rose Water 200ml"},"content":{"rendered":"<h2 class=\"product-detail__specs-title\"><strong>TH\u00d4NG TIN CHUNG<\/strong><\/h2>\n<div id=\"js-product-detail__specs\" class=\"product-detail__specs\">\n<div class=\"row\">\n<div class=\"col-sm-12\">\n<div class=\"product-specs__table\">\n<table style=\"width: 100%;height: 174px\">\n<tbody>\n<tr style=\"height: 24px\">\n<td class=\"specs-table__property\" style=\"height: 24px;width: 19.346%\">Th\u01b0\u01a1ng hi\u1ec7u<\/td>\n<td class=\"specs-table__value\" style=\"height: 24px;width: 79.9273%\">Key Brand<\/td>\n<\/tr>\n<tr style=\"height: 24px\">\n<td class=\"specs-table__property\" style=\"height: 24px;width: 19.346%\">Xu\u1ea5t x\u1ee9<\/td>\n<td class=\"specs-table__value\" style=\"height: 24px;width: 79.9273%\">\u1ea4n \u0111\u1ed9<\/td>\n<\/tr>\n<tr style=\"height: 24px\">\n<td class=\"specs-table__property\" style=\"height: 24px;width: 19.346%\">H\u1ea1n s\u1eed d\u1ee5ng<\/td>\n<td class=\"specs-table__value\" style=\"height: 24px;width: 79.9273%\">Xem tr\u00ean bao b\u00ec s\u1ea3n ph\u1ea9m<\/td>\n<\/tr>\n<tr style=\"height: 24px\">\n<td class=\"specs-table__property\" style=\"height: 24px;width: 19.346%\">H\u01b0\u1edbng d\u1eabn s\u1eed d\u1ee5ng<\/td>\n<td class=\"specs-table__value\" style=\"height: 24px;width: 79.9273%\">D\u00f9ng ngay sau khi m\u1edf bao b\u00ec<\/td>\n<\/tr>\n<tr style=\"height: 24px\">\n<td class=\"specs-table__property\" style=\"height: 24px;width: 19.346%\">H\u01b0\u1edbng d\u1eabn b\u1ea3o qu\u1ea3n<\/td>\n<td class=\"w-full border-2 border-DEFAULT px-4 py-2\" style=\"height: 24px;width: 79.9273%\">\n<div class=\"text-justify\">N\u01a1i kh\u00f4 r\u00e1o, tho\u00e1ng m\u00e1t, \u0111\u1ea3m b\u1ea3o v\u1ec7 sinh an to\u00e0n th\u1ef1c ph\u1ea9m, tr\u00e1nh \u00e1nh s\u00e1ng m\u1eb7t tr\u1eddi chi\u1ebfu tr\u1ef1c ti\u1ebfp<\/div>\n<\/td>\n<\/tr>\n<tr style=\"height: 30px\">\n<td class=\"specs-table__property\" style=\"height: 30px;width: 19.346%\">Th\u00e0nh ph\u1ea7n nguy\u00ean li\u1ec7u<\/td>\n<td class=\"specs-table__value\" style=\"height: 30px;width: 79.9273%\">Xem tr\u00ean bao b\u00ec<\/td>\n<\/tr>\n<tr style=\"height: 24px\">\n<td class=\"specs-table__property\" style=\"height: 24px;width: 19.346%\">Th\u1ec3 t\u00edch<\/td>\n<td class=\"specs-table__value\" style=\"height: 24px;width: 79.9273%\">200ml<\/td>\n<\/tr>\n<\/tbody>\n<\/table>\n<p><img fetchpriority=\"high\" decoding=\"async\" class=\"wp-image-36381 aligncenter\" src=\"https:\/\/havamall.vn\/wp-content\/uploads\/2024\/10\/rose-water-in-small-glass-bottle-next-to-rose-flower-1024x683.webp\" alt=\"\" width=\"901\" height=\"601\" \/><\/p>\n<p>N\u01b0\u1edbc Hoa H\u1ed3ng Key Brand Rose Water \u0111\u01b0\u1ee3c chi\u1ebft xu\u1ea5t t\u1eeb nh\u1eefng c\u00e1nh hoa h\u1ed3ng t\u01b0\u01a1i, \u0111\u01b0\u1ee3c ch\u1ecdn l\u1ecdc k\u1ef9 l\u01b0\u1ee1ng t\u1eeb c\u00e1c v\u00f9ng tr\u1ed3ng hoa n\u1ed5i ti\u1ebfng. S\u1ea3n ph\u1ea9m s\u1eed d\u1ee5ng ph\u01b0\u01a1ng ph\u00e1p ch\u01b0ng c\u1ea5t t\u1ef1 nhi\u00ean, gi\u1eef l\u1ea1i h\u01b0\u01a1ng th\u01a1m ng\u1ecdt ng\u00e0o, d\u1ecbu nh\u1eb9 c\u1ee7a hoa h\u1ed3ng v\u00e0 c\u00e1c d\u01b0\u1ee1ng ch\u1ea5t qu\u00fd gi\u00e1 t\u1eeb thi\u00ean nhi\u00ean.<\/p>\n<p>N\u01b0\u1edbc Hoa H\u1ed3ng Key Brand Rose Water l\u00e0 s\u1ea3n ph\u1ea9m ch\u0103m s\u00f3c da v\u00e0 \u1ea9m th\u1ef1c \u0111a n\u0103ng, k\u1ebft h\u1ee3p gi\u1eefa t\u00ednh n\u0103ng l\u00e0m \u0111\u1eb9p v\u00e0 kh\u1ea3 n\u0103ng t\u0103ng h\u01b0\u01a1ng v\u1ecb cho c\u00e1c m\u00f3n \u0103n. N\u01b0\u1edbc hoa h\u1ed3ng n\u00e0y gi\u00fap c\u00e2n b\u1eb1ng \u0111\u1ed9 \u1ea9m cho da, l\u00e0m d\u1ecbu v\u00e0 t\u01b0\u01a1i m\u1edbi l\u00e0n da, \u0111\u1ed3ng th\u1eddi c\u0169ng c\u00f3 th\u1ec3 \u0111\u01b0\u1ee3c s\u1eed d\u1ee5ng trong \u1ea9m th\u1ef1c nh\u01b0 m\u1ed9t lo\u1ea1i h\u01b0\u01a1ng li\u1ec7u t\u1ef1 nhi\u00ean, \u0111\u1eb7c bi\u1ec7t trong c\u00e1c m\u00f3n tr\u00e1ng mi\u1ec7ng v\u00e0 \u0111\u1ed3 u\u1ed1ng. V\u1edbi h\u01b0\u01a1ng th\u01a1m t\u1ef1 nhi\u00ean v\u00e0 d\u1ecbu d\u00e0ng, Rose Water l\u00e0 l\u1ef1a ch\u1ecdn l\u00fd t\u01b0\u1edfng \u0111\u1ec3 nu\u00f4i d\u01b0\u1ee1ng l\u00e0n da m\u1ecbn m\u00e0ng v\u00e0 mang l\u1ea1i c\u1ea3m gi\u00e1c th\u01b0 gi\u00e3n.<\/p>\n<p><img decoding=\"async\" class=\"wp-image-36385 aligncenter\" src=\"https:\/\/havamall.vn\/wp-content\/uploads\/2024\/10\/rose_water_benefits_for_eyes.jpg\" alt=\"\" width=\"901\" height=\"600\" \/><\/p>\n<h3><strong>\u0110\u1eb7c \u0111i\u1ec3m n\u1ed5i b\u1eadt<\/strong><\/h3>\n<p>&#8211; Tinh khi\u1ebft t\u1ef1 nhi\u00ean: \u0110\u01b0\u1ee3c chi\u1ebft xu\u1ea5t ho\u00e0n to\u00e0n t\u1eeb hoa h\u1ed3ng, kh\u00f4ng ch\u1ee9a c\u1ed3n hay h\u00f3a ch\u1ea5t \u0111\u1ed9c h\u1ea1i, \u0111\u1ea3m b\u1ea3o an to\u00e0n cho da nh\u1ea1y c\u1ea3m.<\/p>\n<p>&#8211; Ch\u0103m s\u00f3c da to\u00e0n di\u1ec7n: N\u01b0\u1edbc hoa h\u1ed3ng gi\u00fap se kh\u00edt l\u1ed7 ch\u00e2n l\u00f4ng, c\u00e2n b\u1eb1ng \u0111\u1ed9 \u1ea9m, v\u00e0 l\u00e0m d\u1ecbu da sau khi r\u1eeda m\u1eb7t ho\u1eb7c t\u1ea9y trang, mang l\u1ea1i l\u00e0n da m\u1ec1m m\u1ea1i, t\u01b0\u01a1i s\u00e1ng.<\/p>\n<p>&#8211; H\u01b0\u01a1ng th\u01a1m th\u01b0 gi\u00e3n: H\u01b0\u01a1ng th\u01a1m nh\u1eb9 nh\u00e0ng, ng\u1ecdt ng\u00e0o c\u1ee7a hoa h\u1ed3ng t\u1ea1o c\u1ea3m gi\u00e1c th\u01b0 th\u00e1i, gi\u00fap gi\u1ea3m c\u0103ng th\u1eb3ng sau ng\u00e0y d\u00e0i.<\/p>\n<p>&#8211; \u0110a d\u1ee5ng: Ngo\u00e0i c\u00f4ng d\u1ee5ng l\u00e0m \u0111\u1eb9p, n\u01b0\u1edbc hoa h\u1ed3ng c\u00f2n c\u00f3 th\u1ec3 d\u00f9ng \u0111\u1ec3 pha ch\u1ebf c\u00e1c m\u00f3n tr\u00e1ng mi\u1ec7ng, \u0111\u1ed3 u\u1ed1ng ho\u1eb7c l\u00e0m nguy\u00ean li\u1ec7u cho c\u00e1c m\u00f3n \u0103n \u0111\u1ed9c \u0111\u00e1o.<\/p>\n<h3><strong>H\u01b0\u1edbng d\u1eabn s\u1eed d\u1ee5ng\u00a0<\/strong><\/h3>\n<p>&#8211; Trong ch\u0103m s\u00f3c da: D\u00f9ng nh\u01b0 toner sau khi r\u1eeda m\u1eb7t, th\u1ea5m n\u01b0\u1edbc hoa h\u1ed3ng v\u00e0o b\u00f4ng t\u1ea9y trang v\u00e0 nh\u1eb9 nh\u00e0ng lau l\u00ean m\u1eb7t. S\u1eed d\u1ee5ng h\u00e0ng ng\u00e0y \u0111\u1ec3 duy tr\u00ec l\u00e0n da m\u1ec1m m\u1ea1i v\u00e0 s\u0103n ch\u1eafc.<\/p>\n<p>&#8211; Trong \u1ea9m th\u1ef1c: Th\u00eam v\u00e0i gi\u1ecdt n\u01b0\u1edbc hoa h\u1ed3ng v\u00e0o ch\u00e8, b\u00e1nh ng\u1ecdt, ho\u1eb7c c\u00e1c lo\u1ea1i n\u01b0\u1edbc u\u1ed1ng \u0111\u1ec3 t\u1ea1o h\u01b0\u01a1ng th\u01a1m \u0111\u1eb7c bi\u1ec7t v\u00e0 t\u0103ng c\u01b0\u1eddng h\u01b0\u01a1ng v\u1ecb.<\/p>\n<p><img decoding=\"async\" class=\"wp-image-36386 aligncenter\" src=\"https:\/\/havamall.vn\/wp-content\/uploads\/2024\/10\/rose-1.jpg\" alt=\"\" width=\"872\" height=\"654\" \/><\/p>\n<h3><strong>Havamall \u2013 ph\u00e2n ph\u1ed1i c\u00e1c s\u1ea3n ph\u1ea9m ch\u00ednh h\u00e3ng, ch\u1ea5t l\u01b0\u1ee3ng<\/strong><\/h3>\n<p>V\u1edbi kinh nghi\u1ec7m trong ng\u00e0nh nh\u1eadp kh\u1ea9u v\u00e0 ph\u00e2n ph\u1ed1i th\u1ef1c ph\u1ea9m, \u0111\u1ed3 u\u1ed1ng v\u00e0 nguy\u00ean li\u1ec7u th\u1ef1c ph\u1ea9m, C\u00f4ng ty Havamall Vi\u1ec7t Nam l\u00e0 m\u1ed9t trong nh\u1eefng \u0111\u01a1n v\u1ecb cung \u1ee9ng s\u1ea3n ph\u1ea9m h\u00e0ng \u0111\u1ea7u cho c\u00e1c \u0111\u1ed1i t\u00e1c chuy\u00ean nghi\u1ec7p, danh ti\u1ebfng tr\u00ean kh\u1eafp c\u1ea3 n\u01b0\u1edbc.<\/p>\n<p>C\u00e1c s\u1ea3n ph\u1ea9m do C\u00f4ng ty Havamall Vi\u1ec7t Nam ph\u00e2n ph\u1ed1i \u0111\u1ec1u \u0111\u01b0\u1ee3c nh\u1eadp kh\u1ea9u t\u1eeb ch\u00e2u \u00c2u, ch\u00e2u \u00dac, \u0111\u1ea3m b\u1ea3o c\u00e1c ti\u00eau chu\u1ea9n v\u1ec1 v\u1ec7 sinh an to\u00e0n th\u1ef1c ph\u1ea9m kh\u1eaft khe nh\u01b0 HACCP, ISO. V\u1edbi h\u1ec7 th\u1ed1ng chi nh\u00e1nh, kho v\u1eadn tr\u1ea3i d\u00e0i kh\u1eafp Vi\u1ec7t Nam, C\u00f4ng ty Havamall Vi\u1ec7t Nam c\u00f3 th\u1ec3 \u0111\u00e1p \u1ee9ng \u0111\u01b0\u1ee3c nhu c\u1ea7u v\u1ec1 s\u1ed1 l\u01b0\u1ee3ng v\u00e0 ch\u1ea5t l\u01b0\u1ee3ng c\u1ee7a kh\u00e1ch h\u00e0ng.<\/p>\n<\/div>\n<\/div>\n<\/div>\n<\/div>","protected":false},"excerpt":{"rendered":"<p>TH\u00d4NG TIN CHUNG Th\u01b0\u01a1ng hi\u1ec7u Key Brand Xu\u1ea5t x\u1ee9 \u1ea4n \u0111\u1ed9 H\u1ea1n s\u1eed d\u1ee5ng Xem tr\u00ean bao b\u00ec s\u1ea3n ph\u1ea9m<\/p>","protected":false},"featured_media":36193,"comment_status":"open","ping_status":"closed","template":"","meta":[],"product_brand":[],"product_cat":[255,681,131],"product_tag":[],"class_list":{"0":"post-36075","1":"product","2":"type-product","3":"status-publish","4":"has-post-thumbnail","6":"product_cat-nguyen-lieu-lam-banh","7":"product_cat-nhap-khau-an-do","8":"product_cat-nguyen-lieu-lam-bep","10":"first","11":"instock","12":"sale","13":"shipping-taxable","14":"purchasable","15":"product-type-simple"},"_links":{"self":[{"href":"https:\/\/havamall.vn\/en\/wp-json\/wp\/v2\/product\/36075"}],"collection":[{"href":"https:\/\/havamall.vn\/en\/wp-json\/wp\/v2\/product"}],"about":[{"href":"https:\/\/havamall.vn\/en\/wp-json\/wp\/v2\/types\/product"}],"replies":[{"embeddable":true,"href":"https:\/\/havamall.vn\/en\/wp-json\/wp\/v2\/comments?post=36075"}],"version-history":[{"count":0,"href":"https:\/\/havamall.vn\/en\/wp-json\/wp\/v2\/product\/36075\/revisions"}],"wp:featuredmedia":[{"embeddable":true,"href":"https:\/\/havamall.vn\/en\/wp-json\/wp\/v2\/media\/36193"}],"wp:attachment":[{"href":"https:\/\/havamall.vn\/en\/wp-json\/wp\/v2\/media?parent=36075"}],"wp:term":[{"taxonomy":"product_brand","embeddable":true,"href":"https:\/\/havamall.vn\/en\/wp-json\/wp\/v2\/product_brand?post=36075"},{"taxonomy":"product_cat","embeddable":true,"href":"https:\/\/havamall.vn\/en\/wp-json\/wp\/v2\/product_cat?post=36075"},{"taxonomy":"product_tag","embeddable":true,"href":"https:\/\/havamall.vn\/en\/wp-json\/wp\/v2\/product_tag?post=36075"}],"curies":[{"name":"wp","href":"https:\/\/api.w.org\/{rel}","templated":true}]}}