{"id":36070,"date":"2024-10-02T15:31:41","date_gmt":"2024-10-02T08:31:41","guid":{"rendered":"https:\/\/havamall.vn\/?post_type=product&#038;p=36070"},"modified":"2025-08-28T10:16:24","modified_gmt":"2025-08-28T03:16:24","slug":"nuoc-thom-key-brand-kewra-water-key-brand-kewra-water-200ml","status":"publish","type":"product","link":"https:\/\/havamall.vn\/en\/shop\/nuoc-thom-key-brand-kewra-water-key-brand-kewra-water-200ml\/","title":{"rendered":"N\u01b0\u1edbc Th\u01a1m Key Brand Kewra Water &#8211; Key Brand Kewra Water 200ml"},"content":{"rendered":"<h2 class=\"product-detail__specs-title\"><strong>TH\u00d4NG TIN CHUNG<\/strong><\/h2>\n<div id=\"js-product-detail__specs\" class=\"product-detail__specs\">\n<div class=\"row\">\n<div class=\"col-sm-12\">\n<div class=\"product-specs__table\">\n<table style=\"width: 100%;height: 174px\">\n<tbody>\n<tr style=\"height: 24px\">\n<td class=\"specs-table__property\" style=\"height: 24px;width: 19.346%\">Th\u01b0\u01a1ng hi\u1ec7u<\/td>\n<td class=\"specs-table__value\" style=\"height: 24px;width: 79.9273%\">Key Brand<\/td>\n<\/tr>\n<tr style=\"height: 24px\">\n<td class=\"specs-table__property\" style=\"height: 24px;width: 19.346%\">Xu\u1ea5t x\u1ee9<\/td>\n<td class=\"specs-table__value\" style=\"height: 24px;width: 79.9273%\">\u1ea4n \u0111\u1ed9<\/td>\n<\/tr>\n<tr style=\"height: 24px\">\n<td class=\"specs-table__property\" style=\"height: 24px;width: 19.346%\">H\u1ea1n s\u1eed d\u1ee5ng<\/td>\n<td class=\"specs-table__value\" style=\"height: 24px;width: 79.9273%\">Xem tr\u00ean bao b\u00ec s\u1ea3n ph\u1ea9m<\/td>\n<\/tr>\n<tr style=\"height: 24px\">\n<td class=\"specs-table__property\" style=\"height: 24px;width: 19.346%\">H\u01b0\u1edbng d\u1eabn s\u1eed d\u1ee5ng<\/td>\n<td class=\"specs-table__value\" style=\"height: 24px;width: 79.9273%\">D\u00f9ng ngay sau khi m\u1edf bao b\u00ec<\/td>\n<\/tr>\n<tr style=\"height: 24px\">\n<td class=\"specs-table__property\" style=\"height: 24px;width: 19.346%\">H\u01b0\u1edbng d\u1eabn b\u1ea3o qu\u1ea3n<\/td>\n<td class=\"w-full border-2 border-DEFAULT px-4 py-2\" style=\"height: 24px;width: 79.9273%\">\n<div class=\"text-justify\">N\u01a1i kh\u00f4 r\u00e1o, tho\u00e1ng m\u00e1t, \u0111\u1ea3m b\u1ea3o v\u1ec7 sinh an to\u00e0n th\u1ef1c ph\u1ea9m, tr\u00e1nh \u00e1nh s\u00e1ng m\u1eb7t tr\u1eddi chi\u1ebfu tr\u1ef1c ti\u1ebfp<\/div>\n<\/td>\n<\/tr>\n<tr style=\"height: 30px\">\n<td class=\"specs-table__property\" style=\"height: 30px;width: 19.346%\">Th\u00e0nh ph\u1ea7n nguy\u00ean li\u1ec7u<\/td>\n<td class=\"specs-table__value\" style=\"height: 30px;width: 79.9273%\">Xem tr\u00ean bao b\u00ec<\/td>\n<\/tr>\n<tr style=\"height: 24px\">\n<td class=\"specs-table__property\" style=\"height: 24px;width: 19.346%\">Th\u1ec3 t\u00edch<\/td>\n<td class=\"specs-table__value\" style=\"height: 24px;width: 79.9273%\">200ml<\/td>\n<\/tr>\n<\/tbody>\n<\/table>\n<p><img fetchpriority=\"high\" decoding=\"async\" class=\"wp-image-36374 aligncenter\" src=\"https:\/\/havamall.vn\/wp-content\/uploads\/2024\/10\/pure-keora-water-buy-online-flavouring-agent.jpg\" alt=\"\" width=\"601\" height=\"601\" \/><\/p>\n<p>N\u01b0\u1edbc Th\u01a1m Kewra Water c\u1ee7a Key Brand \u0111\u01b0\u1ee3c chi\u1ebft xu\u1ea5t t\u1eeb hoa kewra, m\u1ed9t lo\u00e0i hoa nhi\u1ec7t \u0111\u1edbi ph\u1ed5 bi\u1ebfn \u1edf Nam \u00c1, \u0111\u1eb7c bi\u1ec7t l\u00e0 t\u1ea1i \u1ea4n \u0110\u1ed9. \u0110\u00e2y l\u00e0 m\u1ed9t s\u1ea3n ph\u1ea9m thi\u00ean nhi\u00ean ho\u00e0n to\u00e0n, \u0111\u01b0\u1ee3c ch\u01b0ng c\u1ea5t c\u1ea9n th\u1eadn \u0111\u1ec3 gi\u1eef l\u1ea1i h\u01b0\u01a1ng th\u01a1m \u0111\u1eb7c tr\u01b0ng c\u1ee7a hoa kewra, mang l\u1ea1i s\u1ef1 tinh khi\u1ebft v\u00e0 t\u01b0\u01a1i m\u00e1t.<\/p>\n<p>N\u01b0\u1edbc Th\u01a1m Key Brand Kewra Water l\u00e0 m\u1ed9t lo\u1ea1i n\u01b0\u1edbc c\u1ea5t t\u1eeb hoa kewra v\u1edbi h\u01b0\u01a1ng th\u01a1m nh\u1eb9 nh\u00e0ng, ng\u1ecdt ng\u00e0o, gi\u00fap t\u1ea1o n\u00ean h\u01b0\u01a1ng v\u1ecb \u0111\u1eb7c bi\u1ec7t cho c\u00e1c m\u00f3n \u0103n v\u00e0 \u0111\u1ed3 u\u1ed1ng. N\u01b0\u1edbc kewra th\u01b0\u1eddng \u0111\u01b0\u1ee3c s\u1eed d\u1ee5ng trong \u1ea9m th\u1ef1c \u1ea4n \u0110\u1ed9, Pakistan v\u00e0 Trung \u0110\u00f4ng, gi\u00fap t\u0103ng c\u01b0\u1eddng h\u01b0\u01a1ng v\u1ecb cho m\u00f3n tr\u00e1ng mi\u1ec7ng, ch\u00e8, v\u00e0 c\u00e1c lo\u1ea1i th\u1ee9c u\u1ed1ng kh\u00e1c. S\u1ea3n ph\u1ea9m c\u0169ng c\u00f3 th\u1ec3 d\u00f9ng trong vi\u1ec7c ch\u0103m s\u00f3c s\u1eafc \u0111\u1eb9p nh\u1edd v\u00e0o t\u00ednh ch\u1ea5t l\u00e0m d\u1ecbu v\u00e0 l\u00e0m t\u01b0\u01a1i m\u00e1t l\u00e0n da.<\/p>\n<p><img decoding=\"async\" class=\"wp-image-36375 aligncenter\" src=\"https:\/\/havamall.vn\/wp-content\/uploads\/2024\/10\/kewra-water-1559735394-4938278.jpeg\" alt=\"\" width=\"601\" height=\"451\" \/><\/p>\n<h3><strong>\u0110\u1eb7c \u0111i\u1ec3m n\u1ed5i b\u1eadt<\/strong><\/h3>\n<p>&#8211; Tinh khi\u1ebft t\u1ef1 nhi\u00ean: \u0110\u01b0\u1ee3c chi\u1ebft xu\u1ea5t t\u1eeb nh\u1eefng b\u00f4ng hoa kewra t\u01b0\u01a1i, s\u1ea3n ph\u1ea9m gi\u1eef l\u1ea1i h\u01b0\u01a1ng th\u01a1m nh\u1eb9 nh\u00e0ng v\u00e0 tinh t\u1ebf, kh\u00f4ng ch\u1ee9a h\u00f3a ch\u1ea5t hay h\u01b0\u01a1ng li\u1ec7u nh\u00e2n t\u1ea1o.<\/p>\n<p>&#8211; \u0110a d\u1ee5ng: C\u00f3 th\u1ec3 s\u1eed d\u1ee5ng trong nhi\u1ec1u m\u00f3n \u0103n nh\u01b0 ch\u00e8, b\u00e1nh, v\u00e0 c\u00e1c lo\u1ea1i tr\u00e1ng mi\u1ec7ng, ho\u1eb7c th\u00eam v\u00e0o n\u01b0\u1edbc u\u1ed1ng \u0111\u1ec3 t\u1ea1o h\u01b0\u01a1ng v\u1ecb \u0111\u1eb7c bi\u1ec7t.<\/p>\n<p>&#8211; C\u00f4ng d\u1ee5ng l\u00e0m \u0111\u1eb9p: N\u01b0\u1edbc kewra c\u00f2n c\u00f3 t\u00e1c d\u1ee5ng d\u01b0\u1ee1ng da, gi\u00fap l\u00e0m d\u1ecbu v\u00e0 c\u00e2n b\u1eb1ng \u0111\u1ed9 \u1ea9m cho da khi s\u1eed d\u1ee5ng nh\u01b0 m\u1ed9t lo\u1ea1i toner t\u1ef1 nhi\u00ean.<\/p>\n<p>&#8211; An to\u00e0n v\u00e0 ch\u1ea5t l\u01b0\u1ee3ng: \u0110\u01b0\u1ee3c s\u1ea3n xu\u1ea5t v\u00e0 \u0111\u00f3ng g\u00f3i theo quy tr\u00ecnh nghi\u00eam ng\u1eb7t, \u0111\u1ea3m b\u1ea3o v\u1ec7 sinh v\u00e0 an to\u00e0n cho ng\u01b0\u1eddi s\u1eed d\u1ee5ng.<\/p>\n<h3><strong>H\u01b0\u1edbng d\u1eabn s\u1eed d\u1ee5ng\u00a0<\/strong><\/h3>\n<p>&#8211; Trong \u1ea9m th\u1ef1c: Th\u00eam m\u1ed9t l\u01b0\u1ee3ng nh\u1ecf n\u01b0\u1edbc kewra v\u00e0o ch\u00e8, b\u00e1nh, ho\u1eb7c c\u00e1c m\u00f3n tr\u00e1ng mi\u1ec7ng \u0111\u1ec3 t\u0103ng c\u01b0\u1eddng h\u01b0\u01a1ng v\u1ecb th\u01a1m m\u00e1t. C\u0169ng c\u00f3 th\u1ec3 pha v\u00e0o n\u01b0\u1edbc u\u1ed1ng ho\u1eb7c cocktail \u0111\u1ec3 t\u1ea1o m\u00f9i h\u01b0\u01a1ng thanh khi\u1ebft.<\/p>\n<p>&#8211; Trong l\u00e0m \u0111\u1eb9p: S\u1eed d\u1ee5ng nh\u01b0 toner t\u1ef1 nhi\u00ean b\u1eb1ng c\u00e1ch th\u1ea5m n\u01b0\u1edbc kewra v\u00e0o b\u00f4ng t\u1ea9y trang v\u00e0 nh\u1eb9 nh\u00e0ng lau l\u00ean da sau khi r\u1eeda m\u1eb7t, gi\u00fap l\u00e0m d\u1ecbu v\u00e0 t\u01b0\u01a1i m\u1edbi l\u00e0n da.<\/p>\n<p><img decoding=\"async\" class=\"wp-image-36376 aligncenter\" src=\"https:\/\/havamall.vn\/wp-content\/uploads\/2024\/10\/Kewra-Water-benefits-2.jpg\" alt=\"\" width=\"600\" height=\"416\" \/><\/p>\n<h3><strong>Havamall \u2013 ph\u00e2n ph\u1ed1i c\u00e1c s\u1ea3n ph\u1ea9m ch\u00ednh h\u00e3ng, ch\u1ea5t l\u01b0\u1ee3ng<\/strong><\/h3>\n<p>V\u1edbi kinh nghi\u1ec7m trong ng\u00e0nh nh\u1eadp kh\u1ea9u v\u00e0 ph\u00e2n ph\u1ed1i th\u1ef1c ph\u1ea9m, \u0111\u1ed3 u\u1ed1ng v\u00e0 nguy\u00ean li\u1ec7u th\u1ef1c ph\u1ea9m, C\u00f4ng ty Havamall Vi\u1ec7t Nam l\u00e0 m\u1ed9t trong nh\u1eefng \u0111\u01a1n v\u1ecb cung \u1ee9ng s\u1ea3n ph\u1ea9m h\u00e0ng \u0111\u1ea7u cho c\u00e1c \u0111\u1ed1i t\u00e1c chuy\u00ean nghi\u1ec7p, danh ti\u1ebfng tr\u00ean kh\u1eafp c\u1ea3 n\u01b0\u1edbc.<\/p>\n<p>C\u00e1c s\u1ea3n ph\u1ea9m do C\u00f4ng ty Havamall Vi\u1ec7t Nam ph\u00e2n ph\u1ed1i \u0111\u1ec1u \u0111\u01b0\u1ee3c nh\u1eadp kh\u1ea9u t\u1eeb ch\u00e2u \u00c2u, ch\u00e2u \u00dac, \u0111\u1ea3m b\u1ea3o c\u00e1c ti\u00eau chu\u1ea9n v\u1ec1 v\u1ec7 sinh an to\u00e0n th\u1ef1c ph\u1ea9m kh\u1eaft khe nh\u01b0 HACCP, ISO. V\u1edbi h\u1ec7 th\u1ed1ng chi nh\u00e1nh, kho v\u1eadn tr\u1ea3i d\u00e0i kh\u1eafp Vi\u1ec7t Nam, C\u00f4ng ty Havamall Vi\u1ec7t Nam c\u00f3 th\u1ec3 \u0111\u00e1p \u1ee9ng \u0111\u01b0\u1ee3c nhu c\u1ea7u v\u1ec1 s\u1ed1 l\u01b0\u1ee3ng v\u00e0 ch\u1ea5t l\u01b0\u1ee3ng c\u1ee7a kh\u00e1ch h\u00e0ng.<\/p>\n<\/div>\n<\/div>\n<\/div>\n<\/div>","protected":false},"excerpt":{"rendered":"<p>TH\u00d4NG TIN CHUNG Th\u01b0\u01a1ng hi\u1ec7u Key Brand Xu\u1ea5t x\u1ee9 \u1ea4n \u0111\u1ed9 H\u1ea1n s\u1eed d\u1ee5ng Xem tr\u00ean bao b\u00ec s\u1ea3n ph\u1ea9m<\/p>","protected":false},"featured_media":36071,"comment_status":"open","ping_status":"closed","template":"","meta":[],"product_brand":[],"product_cat":[255,681,131,36],"product_tag":[],"class_list":{"0":"post-36070","1":"product","2":"type-product","3":"status-publish","4":"has-post-thumbnail","6":"product_cat-nguyen-lieu-lam-banh","7":"product_cat-nhap-khau-an-do","8":"product_cat-nguyen-lieu-lam-bep","9":"product_cat-thuc-pham-tieu-dung","11":"first","12":"instock","13":"sale","14":"shipping-taxable","15":"purchasable","16":"product-type-simple"},"_links":{"self":[{"href":"https:\/\/havamall.vn\/en\/wp-json\/wp\/v2\/product\/36070"}],"collection":[{"href":"https:\/\/havamall.vn\/en\/wp-json\/wp\/v2\/product"}],"about":[{"href":"https:\/\/havamall.vn\/en\/wp-json\/wp\/v2\/types\/product"}],"replies":[{"embeddable":true,"href":"https:\/\/havamall.vn\/en\/wp-json\/wp\/v2\/comments?post=36070"}],"version-history":[{"count":0,"href":"https:\/\/havamall.vn\/en\/wp-json\/wp\/v2\/product\/36070\/revisions"}],"wp:featuredmedia":[{"embeddable":true,"href":"https:\/\/havamall.vn\/en\/wp-json\/wp\/v2\/media\/36071"}],"wp:attachment":[{"href":"https:\/\/havamall.vn\/en\/wp-json\/wp\/v2\/media?parent=36070"}],"wp:term":[{"taxonomy":"product_brand","embeddable":true,"href":"https:\/\/havamall.vn\/en\/wp-json\/wp\/v2\/product_brand?post=36070"},{"taxonomy":"product_cat","embeddable":true,"href":"https:\/\/havamall.vn\/en\/wp-json\/wp\/v2\/product_cat?post=36070"},{"taxonomy":"product_tag","embeddable":true,"href":"https:\/\/havamall.vn\/en\/wp-json\/wp\/v2\/product_tag?post=36070"}],"curies":[{"name":"wp","href":"https:\/\/api.w.org\/{rel}","templated":true}]}}