{"id":35952,"date":"2024-09-28T03:22:49","date_gmt":"2024-09-27T20:22:49","guid":{"rendered":"https:\/\/havamall.vn\/?post_type=product&#038;p=35952"},"modified":"2024-09-28T03:22:49","modified_gmt":"2024-09-27T20:22:49","slug":"banh-trang-phoi-suong-sot-tac-fnv-80g","status":"publish","type":"product","link":"https:\/\/havamall.vn\/en\/shop\/banh-trang-phoi-suong-sot-tac-fnv-80g\/","title":{"rendered":"B\u00e1nh Tr\u00e1ng Ph\u01a1i S\u01b0\u01a1ng S\u1ed1t T\u1eafc FnV 80g"},"content":{"rendered":"<h2 class=\"product-detail__specs-title\"><strong>TH\u00d4NG TIN CHUNG<\/strong><\/h2>\n<div id=\"js-product-detail__specs\" class=\"product-detail__specs\">\n<div class=\"row\">\n<div class=\"col-sm-12\">\n<div class=\"product-specs__table\">\n<table>\n<tbody>\n<tr>\n<td class=\"specs-table__property\">Th\u01b0\u01a1ng hi\u1ec7u<\/td>\n<td class=\"specs-table__value\">FnV<\/td>\n<\/tr>\n<tr>\n<td class=\"specs-table__property\">Xu\u1ea5t x\u1ee9<\/td>\n<td class=\"specs-table__value\">Vi\u1ec7t nam<\/td>\n<\/tr>\n<tr>\n<td class=\"specs-table__property\">H\u1ea1n s\u1eed d\u1ee5ng<\/td>\n<td class=\"specs-table__value\">Xem tr\u00ean bao b\u00ec s\u1ea3n ph\u1ea9m<\/td>\n<\/tr>\n<tr>\n<td class=\"specs-table__property\">H\u01b0\u1edbng d\u1eabn s\u1eed d\u1ee5ng<\/td>\n<td class=\"specs-table__value\">D\u00f9ng ngay sau khi m\u1edf bao b\u00ec<\/td>\n<\/tr>\n<tr>\n<td class=\"specs-table__property\">H\u01b0\u1edbng d\u1eabn b\u1ea3o qu\u1ea3n<\/td>\n<td class=\"w-full border-2 border-DEFAULT px-4 py-2\">\n<div class=\"text-justify\">N\u01a1i kh\u00f4 r\u00e1o, tho\u00e1ng m\u00e1t, \u0111\u1ea3m b\u1ea3o v\u1ec7 sinh an to\u00e0n th\u1ef1c ph\u1ea9m, tr\u00e1nh \u00e1nh s\u00e1ng m\u1eb7t tr\u1eddi chi\u1ebfu tr\u1ef1c ti\u1ebfp<\/div>\n<\/td>\n<\/tr>\n<tr>\n<td class=\"specs-table__property\">Th\u00e0nh ph\u1ea7n nguy\u00ean li\u1ec7u<\/td>\n<td class=\"specs-table__value\">B\u00e1nh tr\u00e1ng ph\u01a1i s\u01b0\u01a1ng 50% (b\u00e1nh tr\u00e1i si\u00eau m\u1ecfng, tinh b\u1ed9t khoai m\u00ec, mu\u1ed1i \u0103n, n\u01b0\u1edbc), s\u1ed1t me ( \u0111\u01b0\u1eddng, n\u01b0\u1edbc c\u1ed1t me, \u1edbt, h\u00e0nh phi, mu\u1ed1i, ch\u1ea5t \u0111i\u1ec1u v\u1ecb),\u2026<\/td>\n<\/tr>\n<tr>\n<td class=\"specs-table__property\">Kh\u1ed1i l\u01b0\u1ee3ng<\/td>\n<td class=\"specs-table__value\">80g<\/td>\n<\/tr>\n<\/tbody>\n<\/table>\n<p>FnV l\u00e0 th\u01b0\u01a1ng hi\u1ec7u h\u00e0ng \u0111\u1ea7u trong l\u0129nh v\u1ef1c cung c\u1ea5p th\u1ef1c ph\u1ea9m Vi\u1ec7t Nam, \u0111\u1eb7c bi\u1ec7t v\u1edbi c\u00e1c s\u1ea3n ph\u1ea9m truy\u1ec1n th\u1ed1ng k\u1ebft h\u1ee3p h\u01b0\u01a1ng v\u1ecb \u0111\u1ed9c \u0111\u00e1o. FnV n\u1ed5i b\u1eadt v\u1edbi cam k\u1ebft ch\u1ea5t l\u01b0\u1ee3ng cao v\u00e0 s\u1ef1 s\u00e1ng t\u1ea1o trong vi\u1ec7c mang \u0111\u1ebfn nh\u1eefng tr\u1ea3i nghi\u1ec7m \u1ea9m th\u1ef1c m\u1edbi m\u1ebb, k\u1ebft h\u1ee3p gi\u1eefa c\u00e1c nguy\u00ean li\u1ec7u truy\u1ec1n th\u1ed1ng v\u00e0 hi\u1ec7n \u0111\u1ea1i, t\u1ea1o n\u00ean nh\u1eefng s\u1ea3n ph\u1ea9m ph\u00f9 h\u1ee3p v\u1edbi th\u1ecb hi\u1ebfu ng\u01b0\u1eddi ti\u00eau d\u00f9ng.<\/p>\n<p><img fetchpriority=\"high\" decoding=\"async\" class=\"wp-image-36361 aligncenter\" src=\"https:\/\/havamall.vn\/wp-content\/uploads\/2024\/09\/vn-11134207-7r98o-lyxgpkrts1u543.png\" alt=\"\" width=\"850\" height=\"850\" \/><\/p>\n<p>B\u00e1nh Tr\u00e1ng Ph\u01a1i S\u01b0\u01a1ng S\u1ed1t T\u1eafc FnV \u0111\u01b0\u1ee3c s\u1ea3n xu\u1ea5t t\u1ea1i l\u00e0ng ngh\u1ec1 Tr\u1ea3ng B\u00e0ng, T\u00e2y Ninh, n\u01a1i n\u1ed5i ti\u1ebfng v\u1edbi b\u00e1nh tr\u00e1ng ph\u01a1i s\u01b0\u01a1ng m\u1ec1m d\u1ebbo, th\u01a1m ngon. B\u00e1nh tr\u00e1ng \u0111\u01b0\u1ee3c l\u00e0m t\u1eeb g\u1ea1o nguy\u00ean ch\u1ea5t, ph\u01a1i s\u01b0\u01a1ng t\u1ef1 nhi\u00ean, t\u1ea1o n\u00ean \u0111\u1ed9 m\u1ec1m \u0111\u1eb7c tr\u01b0ng, kh\u00f4ng c\u1ea7n nh\u00fang n\u01b0\u1edbc khi \u0103n. K\u1ebft h\u1ee3p c\u00f9ng n\u01b0\u1edbc s\u1ed1t t\u1eafc, s\u1ea3n ph\u1ea9m tr\u1edf th\u00e0nh m\u00f3n \u0103n \u0111\u1eb7c bi\u1ec7t, mang \u0111\u1ebfn tr\u1ea3i nghi\u1ec7m m\u1edbi l\u1ea1 nh\u01b0ng v\u1eabn gi\u1eef \u0111\u01b0\u1ee3c h\u01b0\u01a1ng v\u1ecb truy\u1ec1n th\u1ed1ng c\u1ee7a v\u00f9ng \u0111\u1ea5t T\u00e2y Ninh.<\/p>\n<h3><strong>\u0110\u1eb7c \u0111i\u1ec3m n\u1ed5i b\u1eadt<\/strong><\/h3>\n<p>&#8211; B\u00e1nh tr\u00e1ng m\u1ec1m d\u1ebbo: S\u1ea3n xu\u1ea5t t\u1eeb g\u1ea1o nguy\u00ean ch\u1ea5t, ph\u01a1i s\u01b0\u01a1ng t\u1ef1 nhi\u00ean gi\u00fap b\u00e1nh gi\u1eef \u0111\u01b0\u1ee3c \u0111\u1ed9 m\u1ec1m, d\u1ebbo m\u00e0 kh\u00f4ng c\u1ea7n qua n\u01b0\u1edbc, ti\u1ec7n l\u1ee3i khi s\u1eed d\u1ee5ng.<\/p>\n<p>&#8211; S\u1ed1t t\u1eafc t\u01b0\u01a1i m\u00e1t: N\u01b0\u1edbc s\u1ed1t t\u1eafc \u0111\u01b0\u1ee3c pha ch\u1ebf t\u1eeb t\u1eafc t\u01b0\u01a1i, mang \u0111\u1ebfn v\u1ecb chua nh\u1eb9 v\u00e0 h\u01b0\u01a1ng th\u01a1m \u0111\u1eb7c tr\u01b0ng c\u1ee7a t\u1eafc, c\u00e2n b\u1eb1ng ho\u00e0n h\u1ea3o v\u1edbi b\u00e1nh tr\u00e1ng.<\/p>\n<p>&#8211; \u0110\u00f3ng g\u00f3i ti\u1ec7n l\u1ee3i: S\u1ea3n ph\u1ea9m \u0111\u01b0\u1ee3c \u0111\u00f3ng g\u00f3i s\u1eb5n v\u1edbi s\u1ed1t t\u1eafc \u0111i k\u00e8m, d\u1ec5 d\u00e0ng mang theo v\u00e0 s\u1eed d\u1ee5ng b\u1ea5t c\u1ee9 l\u00fac n\u00e0o.<\/p>\n<p>&#8211; H\u01b0\u01a1ng v\u1ecb \u0111\u1ed9c \u0111\u00e1o: S\u1ef1 k\u1ebft h\u1ee3p gi\u1eefa b\u00e1nh tr\u00e1ng ph\u01a1i s\u01b0\u01a1ng v\u00e0 s\u1ed1t t\u1eafc chua ng\u1ecdt t\u1ea1o ra m\u1ed9t h\u01b0\u01a1ng v\u1ecb t\u01b0\u01a1i m\u1edbi, \u0111\u1ed9c \u0111\u00e1o, th\u00edch h\u1ee3p cho nh\u1eefng b\u1eefa \u0103n nh\u1eb9 ho\u1eb7c l\u00e0m m\u00f3n khai v\u1ecb trong c\u00e1c b\u1eefa ti\u1ec7c nh\u1ecf.<\/p>\n<p><img decoding=\"async\" class=\"wp-image-36362 aligncenter\" src=\"https:\/\/havamall.vn\/wp-content\/uploads\/2024\/09\/62a2e32159de9a5fd2cd0c2e285e8146-1024x851.jpg\" alt=\"\" width=\"850\" height=\"706\" \/><\/p>\n<h3><strong>H\u01b0\u1edbng d\u1eabn s\u1eed d\u1ee5ng<\/strong><\/h3>\n<p>C\u00e1ch d\u00f9ng: B\u00e1nh tr\u00e1ng c\u00f3 th\u1ec3 \u0103n tr\u1ef1c ti\u1ebfp v\u1edbi n\u01b0\u1edbc s\u1ed1t t\u1eafc k\u00e8m theo, ho\u1eb7c c\u00f3 th\u1ec3 th\u00eam c\u00e1c nguy\u00ean li\u1ec7u nh\u01b0 rau s\u1ed1ng, kh\u00f4 b\u00f2, kh\u00f4 m\u1ef1c \u0111\u1ec3 l\u00e0m phong ph\u00fa m\u00f3n \u0103n. Th\u00edch h\u1ee3p \u0111\u1ec3 l\u00e0m m\u00f3n \u0103n v\u1eb7t ho\u1eb7c khai v\u1ecb trong c\u00e1c d\u1ecbp \u0111\u1eb7c bi\u1ec7t.<\/p>\n<h3><strong>Havamall \u2013 ph\u00e2n ph\u1ed1i c\u00e1c s\u1ea3n ph\u1ea9m ch\u00ednh h\u00e3ng, ch\u1ea5t l\u01b0\u1ee3ng<\/strong><\/h3>\n<p>V\u1edbi kinh nghi\u1ec7m trong ng\u00e0nh nh\u1eadp kh\u1ea9u v\u00e0 ph\u00e2n ph\u1ed1i th\u1ef1c ph\u1ea9m, \u0111\u1ed3 u\u1ed1ng v\u00e0 nguy\u00ean li\u1ec7u th\u1ef1c ph\u1ea9m, C\u00f4ng ty Havamall Vi\u1ec7t Nam l\u00e0 m\u1ed9t trong nh\u1eefng \u0111\u01a1n v\u1ecb cung \u1ee9ng s\u1ea3n ph\u1ea9m h\u00e0ng \u0111\u1ea7u cho c\u00e1c \u0111\u1ed1i t\u00e1c chuy\u00ean nghi\u1ec7p, danh ti\u1ebfng tr\u00ean kh\u1eafp c\u1ea3 n\u01b0\u1edbc.<\/p>\n<p>C\u00e1c s\u1ea3n ph\u1ea9m do C\u00f4ng ty Havamall Vi\u1ec7t Nam ph\u00e2n ph\u1ed1i \u0111\u1ec1u \u0111\u01b0\u1ee3c nh\u1eadp kh\u1ea9u t\u1eeb ch\u00e2u \u00c2u, ch\u00e2u \u00dac, \u0111\u1ea3m b\u1ea3o c\u00e1c ti\u00eau chu\u1ea9n v\u1ec1 v\u1ec7 sinh an to\u00e0n th\u1ef1c ph\u1ea9m kh\u1eaft khe nh\u01b0 HACCP, ISO. V\u1edbi h\u1ec7 th\u1ed1ng chi nh\u00e1nh, kho v\u1eadn tr\u1ea3i d\u00e0i kh\u1eafp Vi\u1ec7t Nam, C\u00f4ng ty Havamall Vi\u1ec7t Nam c\u00f3 th\u1ec3 \u0111\u00e1p \u1ee9ng \u0111\u01b0\u1ee3c nhu c\u1ea7u v\u1ec1 s\u1ed1 l\u01b0\u1ee3ng v\u00e0 ch\u1ea5t l\u01b0\u1ee3ng c\u1ee7a kh\u00e1ch h\u00e0ng.<\/p>\n<p><img decoding=\"async\" class=\"wp-image-36363 aligncenter\" src=\"https:\/\/havamall.vn\/wp-content\/uploads\/2024\/09\/5bfa40baa4fb7e939bae0eb824c1f54e.jpg\" alt=\"\" width=\"846\" height=\"1128\" \/><\/p>\n<\/div>\n<\/div>\n<\/div>\n<\/div>","protected":false},"excerpt":{"rendered":"<p>TH\u00d4NG TIN CHUNG Th\u01b0\u01a1ng hi\u1ec7u FnV Xu\u1ea5t x\u1ee9 Vi\u1ec7t nam H\u1ea1n s\u1eed d\u1ee5ng Xem tr\u00ean bao b\u00ec s\u1ea3n ph\u1ea9m H\u01b0\u1edbng<\/p>","protected":false},"featured_media":35953,"comment_status":"open","ping_status":"closed","template":"","meta":[],"product_brand":[],"product_cat":[36],"product_tag":[],"class_list":{"0":"post-35952","1":"product","2":"type-product","3":"status-publish","4":"has-post-thumbnail","6":"product_cat-thuc-pham-tieu-dung","8":"first","9":"instock","10":"sale","11":"shipping-taxable","12":"purchasable","13":"product-type-simple"},"_links":{"self":[{"href":"https:\/\/havamall.vn\/en\/wp-json\/wp\/v2\/product\/35952"}],"collection":[{"href":"https:\/\/havamall.vn\/en\/wp-json\/wp\/v2\/product"}],"about":[{"href":"https:\/\/havamall.vn\/en\/wp-json\/wp\/v2\/types\/product"}],"replies":[{"embeddable":true,"href":"https:\/\/havamall.vn\/en\/wp-json\/wp\/v2\/comments?post=35952"}],"version-history":[{"count":0,"href":"https:\/\/havamall.vn\/en\/wp-json\/wp\/v2\/product\/35952\/revisions"}],"wp:featuredmedia":[{"embeddable":true,"href":"https:\/\/havamall.vn\/en\/wp-json\/wp\/v2\/media\/35953"}],"wp:attachment":[{"href":"https:\/\/havamall.vn\/en\/wp-json\/wp\/v2\/media?parent=35952"}],"wp:term":[{"taxonomy":"product_brand","embeddable":true,"href":"https:\/\/havamall.vn\/en\/wp-json\/wp\/v2\/product_brand?post=35952"},{"taxonomy":"product_cat","embeddable":true,"href":"https:\/\/havamall.vn\/en\/wp-json\/wp\/v2\/product_cat?post=35952"},{"taxonomy":"product_tag","embeddable":true,"href":"https:\/\/havamall.vn\/en\/wp-json\/wp\/v2\/product_tag?post=35952"}],"curies":[{"name":"wp","href":"https:\/\/api.w.org\/{rel}","templated":true}]}}