{"id":35946,"date":"2024-09-28T03:08:45","date_gmt":"2024-09-27T20:08:45","guid":{"rendered":"https:\/\/havamall.vn\/?post_type=product&#038;p=35946"},"modified":"2024-09-28T03:21:15","modified_gmt":"2024-09-27T20:21:15","slug":"thong-tin-chung-thuong-hieufnv-xuat-xuviet-nam-han-su-dungxem-tren-bao-bi-san-pham-huong-dan-su-dungdung-ngay-sau-khi-mo-bao-bi-huong-dan-bao-quan-noi-kho-rao-thoang-mat-dam-bao-ve-sinh-an-toan","status":"publish","type":"product","link":"https:\/\/havamall.vn\/en\/shop\/thong-tin-chung-thuong-hieufnv-xuat-xuviet-nam-han-su-dungxem-tren-bao-bi-san-pham-huong-dan-su-dungdung-ngay-sau-khi-mo-bao-bi-huong-dan-bao-quan-noi-kho-rao-thoang-mat-dam-bao-ve-sinh-an-toan\/","title":{"rendered":"B\u00e1nh Tr\u00e1ng Ph\u01a1i S\u01b0\u01a1ng S\u1ed1t Me FnV 80g"},"content":{"rendered":"<h2 class=\"product-detail__specs-title\"><strong>TH\u00d4NG TIN CHUNG<\/strong><\/h2>\n<div id=\"js-product-detail__specs\" class=\"product-detail__specs\">\n<div class=\"row\">\n<div class=\"col-sm-12\">\n<div class=\"product-specs__table\">\n<table style=\"width: 66.5858%; height: 153px;\">\n<tbody>\n<tr style=\"height: 24px;\">\n<td class=\"specs-table__property\" style=\"height: 24px; width: 24.7368%;\">Th\u01b0\u01a1ng hi\u1ec7u<\/td>\n<td class=\"specs-table__value\" style=\"height: 24px; width: 105.294%;\">FnV<\/td>\n<\/tr>\n<tr style=\"height: 24px;\">\n<td class=\"specs-table__property\" style=\"height: 24px; width: 24.7368%;\">Xu\u1ea5t x\u1ee9<\/td>\n<td class=\"specs-table__value\" style=\"height: 24px; width: 105.294%;\">Vi\u1ec7t nam<\/td>\n<\/tr>\n<tr style=\"height: 24px;\">\n<td class=\"specs-table__property\" style=\"height: 23px; width: 24.7368%;\">H\u1ea1n s\u1eed d\u1ee5ng<\/td>\n<td class=\"specs-table__value\" style=\"height: 23px; width: 105.294%;\">Xem tr\u00ean bao b\u00ec s\u1ea3n ph\u1ea9m<\/td>\n<\/tr>\n<tr style=\"height: 24px;\">\n<td class=\"specs-table__property\" style=\"height: 24px; width: 24.7368%;\">H\u01b0\u1edbng d\u1eabn s\u1eed d\u1ee5ng<\/td>\n<td class=\"specs-table__value\" style=\"height: 24px; width: 105.294%;\">D\u00f9ng ngay sau khi m\u1edf bao b\u00ec<\/td>\n<\/tr>\n<tr style=\"height: 24px;\">\n<td class=\"specs-table__property\" style=\"height: 24px; width: 24.7368%;\">H\u01b0\u1edbng d\u1eabn b\u1ea3o qu\u1ea3n<\/td>\n<td class=\"w-full border-2 border-DEFAULT px-4 py-2\" style=\"width: 105.294%; height: 24px;\">\n<div class=\"text-justify\">N\u01a1i kh\u00f4 r\u00e1o, tho\u00e1ng m\u00e1t, \u0111\u1ea3m b\u1ea3o v\u1ec7 sinh an to\u00e0n th\u1ef1c ph\u1ea9m, tr\u00e1nh \u00e1nh s\u00e1ng m\u1eb7t tr\u1eddi chi\u1ebfu tr\u1ef1c ti\u1ebfp<\/div>\n<\/td>\n<\/tr>\n<tr style=\"height: 24px;\">\n<td class=\"specs-table__property\" style=\"height: 10px; width: 24.7368%;\">Th\u00e0nh ph\u1ea7n nguy\u00ean li\u1ec7u<\/td>\n<td class=\"specs-table__value\" style=\"height: 10px; width: 105.294%;\">B\u00e1nh tr\u00e1ng ph\u01a1i s\u01b0\u01a1ng 50% (b\u00e1nh tr\u00e1i si\u00eau m\u1ecfng, tinh b\u1ed9t khoai m\u00ec, mu\u1ed1i \u0103n, n\u01b0\u1edbc), s\u1ed1t me ( \u0111\u01b0\u1eddng, n\u01b0\u1edbc c\u1ed1t me, \u1edbt, h\u00e0nh phi, mu\u1ed1i, ch\u1ea5t \u0111i\u1ec1u v\u1ecb),&#8230;<\/td>\n<\/tr>\n<tr style=\"height: 24px;\">\n<td class=\"specs-table__property\" style=\"height: 24px; width: 24.7368%;\">Kh\u1ed1i l\u01b0\u1ee3ng<\/td>\n<td class=\"specs-table__value\" style=\"height: 24px; width: 105.294%;\">80g<\/td>\n<\/tr>\n<\/tbody>\n<\/table>\n<p>FnV l\u00e0 m\u1ed9t th\u01b0\u01a1ng hi\u1ec7u n\u1ed5i ti\u1ebfng trong l\u0129nh v\u1ef1c cung c\u1ea5p th\u1ef1c ph\u1ea9m truy\u1ec1n th\u1ed1ng Vi\u1ec7t Nam, lu\u00f4n mang \u0111\u1ebfn nh\u1eefng s\u1ea3n ph\u1ea9m ch\u1ea5t l\u01b0\u1ee3ng cao v\u1edbi h\u01b0\u01a1ng v\u1ecb \u0111\u1eadm \u0111\u00e0 b\u1ea3n s\u1eafc d\u00e2n t\u1ed9c. Th\u01b0\u01a1ng hi\u1ec7u \u0111\u1eb7c bi\u1ec7t n\u1ed5i b\u1eadt v\u1edbi c\u00e1c d\u00f2ng s\u1ea3n ph\u1ea9m b\u00e1nh tr\u00e1ng v\u00e0 n\u01b0\u1edbc s\u1ed1t \u0111\u1eb7c tr\u01b0ng, k\u1ebft h\u1ee3p gi\u1eefa truy\u1ec1n th\u1ed1ng v\u00e0 s\u1ef1 s\u00e1ng t\u1ea1o, \u0111\u00e1p \u1ee9ng nhu c\u1ea7u th\u01b0\u1edfng th\u1ee9c c\u1ee7a ng\u01b0\u1eddi ti\u00eau d\u00f9ng trong n\u01b0\u1edbc l\u1eabn qu\u1ed1c t\u1ebf.<\/p>\n<p><img fetchpriority=\"high\" decoding=\"async\" class=\"wp-image-35947 aligncenter\" src=\"https:\/\/havamall.vn\/wp-content\/uploads\/2024\/09\/vn-11134207-7r98o-lyxgpkrts23l5a.png\" alt=\"\" width=\"851\" height=\"851\" srcset=\"https:\/\/havamall.vn\/wp-content\/uploads\/2024\/09\/vn-11134207-7r98o-lyxgpkrts23l5a.png 1024w, https:\/\/havamall.vn\/wp-content\/uploads\/2024\/09\/vn-11134207-7r98o-lyxgpkrts23l5a-300x300.png 300w, https:\/\/havamall.vn\/wp-content\/uploads\/2024\/09\/vn-11134207-7r98o-lyxgpkrts23l5a-800x800.png 800w, https:\/\/havamall.vn\/wp-content\/uploads\/2024\/09\/vn-11134207-7r98o-lyxgpkrts23l5a-150x150.png 150w, https:\/\/havamall.vn\/wp-content\/uploads\/2024\/09\/vn-11134207-7r98o-lyxgpkrts23l5a-768x768.png 768w, https:\/\/havamall.vn\/wp-content\/uploads\/2024\/09\/vn-11134207-7r98o-lyxgpkrts23l5a-12x12.png 12w, https:\/\/havamall.vn\/wp-content\/uploads\/2024\/09\/vn-11134207-7r98o-lyxgpkrts23l5a-430x430.png 430w, https:\/\/havamall.vn\/wp-content\/uploads\/2024\/09\/vn-11134207-7r98o-lyxgpkrts23l5a-700x700.png 700w\" sizes=\"(max-width: 851px) 100vw, 851px\" \/><\/p>\n<p>B\u00e1nh tr\u00e1ng ph\u01a1i s\u01b0\u01a1ng FnV \u0111\u01b0\u1ee3c s\u1ea3n xu\u1ea5t theo ph\u01b0\u01a1ng ph\u00e1p truy\u1ec1n th\u1ed1ng t\u1ea1i l\u00e0ng ngh\u1ec1 n\u1ed5i ti\u1ebfng \u1edf Tr\u1ea3ng B\u00e0ng, T\u00e2y Ninh \u2013 n\u01a1i c\u00f3 th\u1ed5 nh\u01b0\u1ee1ng v\u00e0 kh\u00ed h\u1eadu \u0111\u1eb7c tr\u01b0ng gi\u00fap t\u1ea1o ra lo\u1ea1i b\u00e1nh tr\u00e1ng d\u1ebbo, m\u1ec1m v\u00e0 th\u01a1m ngon. K\u1ebft h\u1ee3p c\u00f9ng n\u01b0\u1edbc s\u1ed1t me \u0111\u1eb7c bi\u1ec7t, s\u1ea3n ph\u1ea9m mang \u0111\u1eadm h\u01b0\u01a1ng v\u1ecb d\u00e2n d\u00e3 nh\u01b0ng kh\u00f4ng k\u00e9m ph\u1ea7n h\u1ea5p d\u1eabn.<\/p>\n<h3><strong>\u0110\u1eb7c \u0111i\u1ec3m n\u1ed5i b\u1eadt<\/strong><\/h3>\n<p>&#8211; B\u00e1nh tr\u00e1ng ph\u01a1i s\u01b0\u01a1ng truy\u1ec1n th\u1ed1ng: \u0110\u01b0\u1ee3c l\u00e0m t\u1eeb g\u1ea1o nguy\u00ean ch\u1ea5t, ph\u01a1i s\u01b0\u01a1ng theo ph\u01b0\u01a1ng ph\u00e1p t\u1ef1 nhi\u00ean gi\u00fap b\u00e1nh c\u00f3 \u0111\u1ed9 m\u1ec1m, d\u1ebbo m\u00e0 kh\u00f4ng c\u1ea7n nh\u00fang n\u01b0\u1edbc khi \u0103n.<\/p>\n<p>&#8211; N\u01b0\u1edbc s\u1ed1t me \u0111\u1eb7c bi\u1ec7t: S\u1ed1t me \u0111\u01b0\u1ee3c ch\u1ebf bi\u1ebfn t\u1eeb me ch\u00edn, mang \u0111\u1ebfn v\u1ecb chua ng\u1ecdt c\u00e2n b\u1eb1ng, ho\u00e0n h\u1ea3o cho b\u00e1nh tr\u00e1ng.<\/p>\n<p>&#8211; D\u1ec5 d\u00e0ng s\u1eed d\u1ee5ng: S\u1ea3n ph\u1ea9m \u0111\u01b0\u1ee3c \u0111\u00f3ng g\u00f3i s\u1eb5n, ch\u1ec9 c\u1ea7n m\u1edf ra l\u00e0 c\u00f3 th\u1ec3 th\u01b0\u1edfng th\u1ee9c ngay, kh\u00f4ng c\u1ea7n ph\u1ea3i qua b\u1ea5t k\u1ef3 b\u01b0\u1edbc ch\u1ebf bi\u1ebfn n\u00e0o kh\u00e1c.<\/p>\n<p>&#8211; H\u01b0\u01a1ng v\u1ecb \u0111\u1eadm \u0111\u00e0: S\u1ef1 k\u1ebft h\u1ee3p gi\u1eefa b\u00e1nh tr\u00e1ng m\u1ec1m v\u00e0 n\u01b0\u1edbc s\u1ed1t chua ng\u1ecdt t\u1ea1o n\u00ean m\u1ed9t m\u00f3n \u0103n v\u1edbi h\u01b0\u01a1ng v\u1ecb \u0111\u1ed9c \u0111\u00e1o, kh\u00f3 c\u01b0\u1ee1ng.<\/p>\n<p><img decoding=\"async\" class=\"wp-image-36352 aligncenter\" src=\"https:\/\/havamall.vn\/wp-content\/uploads\/2024\/09\/26beeb6d58c58bc15a8b9d58c5140518.jpg\" alt=\"\" width=\"849\" height=\"849\" \/><\/p>\n<h3><strong>H\u01b0\u1edbng d\u1eabn s\u1eed d\u1ee5ng<\/strong><\/h3>\n<p>C\u00e1ch d\u00f9ng: B\u00e1nh tr\u00e1ng ph\u01a1i s\u01b0\u01a1ng c\u00f3 th\u1ec3 \u0103n tr\u1ef1c ti\u1ebfp v\u1edbi n\u01b0\u1edbc s\u1ed1t me k\u00e8m theo, ho\u1eb7c b\u1ea1n c\u00f3 th\u1ec3 th\u00eam c\u00e1c nguy\u00ean li\u1ec7u kh\u00e1c nh\u01b0 rau s\u1ed1ng, th\u1ecbt n\u01b0\u1edbng, ch\u1ea3 l\u1ee5a \u0111\u1ec3 t\u1ea1o n\u00ean nh\u1eefng m\u00f3n cu\u1ed1n phong ph\u00fa v\u00e0 ngon mi\u1ec7ng h\u01a1n.<\/p>\n<h3><strong>Havamall \u2013 ph\u00e2n ph\u1ed1i c\u00e1c s\u1ea3n ph\u1ea9m ch\u00ednh h\u00e3ng, ch\u1ea5t l\u01b0\u1ee3ng<\/strong><\/h3>\n<p>V\u1edbi kinh nghi\u1ec7m trong ng\u00e0nh nh\u1eadp kh\u1ea9u v\u00e0 ph\u00e2n ph\u1ed1i th\u1ef1c ph\u1ea9m, \u0111\u1ed3 u\u1ed1ng v\u00e0 nguy\u00ean li\u1ec7u th\u1ef1c ph\u1ea9m, C\u00f4ng ty Havamall Vi\u1ec7t Nam l\u00e0 m\u1ed9t trong nh\u1eefng \u0111\u01a1n v\u1ecb cung \u1ee9ng s\u1ea3n ph\u1ea9m h\u00e0ng \u0111\u1ea7u cho c\u00e1c \u0111\u1ed1i t\u00e1c chuy\u00ean nghi\u1ec7p, danh ti\u1ebfng tr\u00ean kh\u1eafp c\u1ea3 n\u01b0\u1edbc.<\/p>\n<p>C\u00e1c s\u1ea3n ph\u1ea9m do C\u00f4ng ty Havamall Vi\u1ec7t Nam ph\u00e2n ph\u1ed1i \u0111\u1ec1u \u0111\u01b0\u1ee3c nh\u1eadp kh\u1ea9u t\u1eeb ch\u00e2u \u00c2u, ch\u00e2u \u00dac, \u0111\u1ea3m b\u1ea3o c\u00e1c ti\u00eau chu\u1ea9n v\u1ec1 v\u1ec7 sinh an to\u00e0n th\u1ef1c ph\u1ea9m kh\u1eaft khe nh\u01b0 HACCP, ISO. V\u1edbi h\u1ec7 th\u1ed1ng chi nh\u00e1nh, kho v\u1eadn tr\u1ea3i d\u00e0i kh\u1eafp Vi\u1ec7t Nam, C\u00f4ng ty Havamall Vi\u1ec7t Nam c\u00f3 th\u1ec3 \u0111\u00e1p \u1ee9ng \u0111\u01b0\u1ee3c nhu c\u1ea7u v\u1ec1 s\u1ed1 l\u01b0\u1ee3ng v\u00e0 ch\u1ea5t l\u01b0\u1ee3ng c\u1ee7a kh\u00e1ch h\u00e0ng.<img decoding=\"async\" class=\"wp-image-36354 aligncenter\" src=\"https:\/\/havamall.vn\/wp-content\/uploads\/2024\/09\/5e729f5d98590d0adc7a2c436e5799b1.jpg\" alt=\"\" width=\"849\" height=\"849\" \/><\/p>\n<\/div>\n<\/div>\n<\/div>\n<\/div>","protected":false},"excerpt":{"rendered":"<p>TH\u00d4NG TIN CHUNG Th\u01b0\u01a1ng hi\u1ec7u FnV Xu\u1ea5t x\u1ee9 Vi\u1ec7t nam H\u1ea1n s\u1eed d\u1ee5ng Xem tr\u00ean bao b\u00ec s\u1ea3n ph\u1ea9m H\u01b0\u1edbng<\/p>","protected":false},"featured_media":35950,"comment_status":"open","ping_status":"closed","template":"","meta":[],"product_brand":[],"product_cat":[626],"product_tag":[],"class_list":{"0":"post-35946","1":"product","2":"type-product","3":"status-publish","4":"has-post-thumbnail","6":"product_cat-het-hang","8":"first","9":"instock","10":"sale","11":"shipping-taxable","12":"purchasable","13":"product-type-simple"},"_links":{"self":[{"href":"https:\/\/havamall.vn\/en\/wp-json\/wp\/v2\/product\/35946"}],"collection":[{"href":"https:\/\/havamall.vn\/en\/wp-json\/wp\/v2\/product"}],"about":[{"href":"https:\/\/havamall.vn\/en\/wp-json\/wp\/v2\/types\/product"}],"replies":[{"embeddable":true,"href":"https:\/\/havamall.vn\/en\/wp-json\/wp\/v2\/comments?post=35946"}],"version-history":[{"count":0,"href":"https:\/\/havamall.vn\/en\/wp-json\/wp\/v2\/product\/35946\/revisions"}],"wp:featuredmedia":[{"embeddable":true,"href":"https:\/\/havamall.vn\/en\/wp-json\/wp\/v2\/media\/35950"}],"wp:attachment":[{"href":"https:\/\/havamall.vn\/en\/wp-json\/wp\/v2\/media?parent=35946"}],"wp:term":[{"taxonomy":"product_brand","embeddable":true,"href":"https:\/\/havamall.vn\/en\/wp-json\/wp\/v2\/product_brand?post=35946"},{"taxonomy":"product_cat","embeddable":true,"href":"https:\/\/havamall.vn\/en\/wp-json\/wp\/v2\/product_cat?post=35946"},{"taxonomy":"product_tag","embeddable":true,"href":"https:\/\/havamall.vn\/en\/wp-json\/wp\/v2\/product_tag?post=35946"}],"curies":[{"name":"wp","href":"https:\/\/api.w.org\/{rel}","templated":true}]}}