{"id":35937,"date":"2024-09-26T16:48:37","date_gmt":"2024-09-26T09:48:37","guid":{"rendered":"https:\/\/havamall.vn\/?post_type=product&#038;p=35937"},"modified":"2026-02-25T11:53:08","modified_gmt":"2026-02-25T04:53:08","slug":"set-2-cai-banh-chocolate-lava-delifrance-dong-lanh-chocolate-lava-cake-90g","status":"publish","type":"product","link":"https:\/\/havamall.vn\/en\/shop\/set-2-cai-banh-chocolate-lava-delifrance-dong-lanh-chocolate-lava-cake-90g\/","title":{"rendered":"Set 2 C\u00e1i B\u00e1nh Chocolate Lava Delifrance \u0110\u00f4ng L\u1ea1nh &#8211;  Chocolate Lava Cake 90g"},"content":{"rendered":"<h2 class=\"product-detail__specs-title\"><strong>TH\u00d4NG TIN CHUNG<\/strong><\/h2>\n<div id=\"js-product-detail__specs\" class=\"product-detail__specs\">\n<div class=\"row\">\n<div class=\"col-sm-12\">\n<div class=\"product-specs__table\">\n<table style=\"width: 66.5858%; height: 168px;\">\n<tbody>\n<tr style=\"height: 24px;\">\n<td class=\"specs-table__property\" style=\"height: 24px; width: 24.7368%;\">Th\u01b0\u01a1ng hi\u1ec7u<\/td>\n<td class=\"specs-table__value\" style=\"height: 24px; width: 105.294%;\">Delifrance<\/td>\n<\/tr>\n<tr style=\"height: 24px;\">\n<td class=\"specs-table__property\" style=\"height: 24px; width: 24.7368%;\">Xu\u1ea5t x\u1ee9<\/td>\n<td class=\"specs-table__value\" style=\"height: 24px; width: 105.294%;\">Ph\u00e1p<\/td>\n<\/tr>\n<tr style=\"height: 24px;\">\n<td class=\"specs-table__property\" style=\"height: 24px; width: 24.7368%;\">H\u1ea1n s\u1eed d\u1ee5ng<\/td>\n<td class=\"specs-table__value\" style=\"height: 24px; width: 105.294%;\">18 th\u00e1ng<\/td>\n<\/tr>\n<tr style=\"height: 24px;\">\n<td class=\"specs-table__property\" style=\"height: 24px; width: 24.7368%;\">H\u01b0\u1edbng d\u1eabn s\u1eed d\u1ee5ng<\/td>\n<td class=\"specs-table__value\" style=\"height: 24px; width: 105.294%;\">Th\u00e1o b\u00e1nh ra kh\u1ecfi bao b\u00ec v\u00e0 quay l\u00f2 vi s\u00f3ng 40 gi\u00e2y v\u00e0 d\u00f9ng tr\u1ef1c ti\u1ebfp<\/td>\n<\/tr>\n<tr style=\"height: 24px;\">\n<td class=\"specs-table__property\" style=\"height: 24px; width: 24.7368%;\">H\u01b0\u1edbng d\u1eabn b\u1ea3o qu\u1ea3n<\/td>\n<td class=\"specs-table__value\" style=\"height: 24px; width: 105.294%;\">B\u1ea3o qu\u1ea3n t\u1ee7 \u0111\u00f4ng -18 \u0111\u1ed9 C<\/td>\n<\/tr>\n<tr style=\"height: 24px;\">\n<td class=\"specs-table__property\" style=\"height: 24px; width: 24.7368%;\">Th\u00e0nh ph\u1ea7n nguy\u00ean li\u1ec7u<\/td>\n<td class=\"specs-table__value\" style=\"height: 24px; width: 105.294%;\">Xem tr\u00ean bao b\u00ec<\/td>\n<\/tr>\n<tr style=\"height: 24px;\">\n<td class=\"specs-table__property\" style=\"height: 24px; width: 24.7368%;\">Kh\u1ed1i l\u01b0\u1ee3ng<\/td>\n<td class=\"specs-table__value\" style=\"height: 24px; width: 105.294%;\">90g<\/td>\n<\/tr>\n<\/tbody>\n<\/table>\n<p>Delifrance l\u00e0 m\u1ed9t th\u01b0\u01a1ng hi\u1ec7u b\u00e1nh n\u1ed5i ti\u1ebfng v\u1edbi ch\u1ea5t l\u01b0\u1ee3ng \u0111\u1eb3ng c\u1ea5p \u0111\u1ebfn t\u1eeb Ph\u00e1p, v\u1edbi truy\u1ec1n th\u1ed1ng l\u00e0m b\u00e1nh h\u01a1n 100 n\u0103m. V\u1edbi s\u1ef1 k\u1ebft h\u1ee3p ho\u00e0n h\u1ea3o gi\u1eefa tay ngh\u1ec1 truy\u1ec1n th\u1ed1ng v\u00e0 c\u00f4ng ngh\u1ec7 hi\u1ec7n \u0111\u1ea1i, Delifrance \u0111\u00e3 mang \u0111\u1ebfn cho ng\u01b0\u1eddi ti\u00eau d\u00f9ng tr\u00ean to\u00e0n th\u1ebf gi\u1edbi nh\u1eefng s\u1ea3n ph\u1ea9m b\u00e1nh ng\u1ecdt \u0111\u1eadm ch\u1ea5t Ph\u00e1p, t\u1eeb b\u00e1nh m\u00ec, b\u00e1nh ng\u1ecdt cho \u0111\u1ebfn c\u00e1c lo\u1ea1i b\u00e1nh tr\u00e1ng mi\u1ec7ng cao c\u1ea5p.<\/p>\n<p><img fetchpriority=\"high\" decoding=\"async\" class=\"wp-image-36329 aligncenter\" src=\"https:\/\/havamall.vn\/wp-content\/uploads\/2024\/09\/ivoire-pastry-boutique-1278984.jpg\" alt=\"\" width=\"800\" height=\"534\" \/><\/p>\n<p>B\u00e1nh Chocolate Lava Delifrance \u0111\u01b0\u1ee3c s\u1ea3n xu\u1ea5t v\u00e0 nh\u1eadp kh\u1ea9u tr\u1ef1c ti\u1ebfp t\u1eeb Ph\u00e1p, n\u01a1i n\u1ed5i ti\u1ebfng v\u1edbi ngh\u1ec7 thu\u1eadt l\u00e0m b\u00e1nh th\u01b0\u1ee3ng h\u1ea1ng. S\u1ea3n ph\u1ea9m \u0111\u01b0\u1ee3c l\u00e0m t\u1eeb c\u00e1c nguy\u00ean li\u1ec7u cao c\u1ea5p v\u00e0 \u0111\u01b0\u1ee3c ch\u1ebf bi\u1ebfn theo quy tr\u00ecnh kh\u00e9p k\u00edn, \u0111\u1ea3m b\u1ea3o mang \u0111\u1ebfn h\u01b0\u01a1ng v\u1ecb th\u01a1m ngon v\u00e0 ch\u1ea5t l\u01b0\u1ee3ng \u0111\u1ea1t chu\u1ea9n qu\u1ed1c t\u1ebf.<\/p>\n<p>B\u00e1nh Chocolate Lava Delifrance l\u00e0 s\u1ef1 l\u1ef1a ch\u1ecdn ho\u00e0n h\u1ea3o cho nh\u1eefng ng\u01b0\u1eddi y\u00eau th\u00edch h\u01b0\u01a1ng v\u1ecb s\u00f4 c\u00f4 la \u0111\u1eadm \u0111\u00e0. V\u1edbi ph\u1ea7n v\u1ecf b\u00e1nh m\u1ec1m m\u1ecbn, khi n\u01b0\u1edbng l\u00ean, ph\u1ea7n nh\u00e2n s\u00f4 c\u00f4 la tan ch\u1ea3y m\u1ecbn m\u00e0ng s\u1ebd tr\u00e0n ra, t\u1ea1o n\u00ean c\u1ea3m gi\u00e1c th\u00fa v\u1ecb v\u00e0 \u0111\u1ea7y l\u00f4i cu\u1ed1n khi th\u01b0\u1edfng th\u1ee9c.<\/p>\n<p><img decoding=\"async\" class=\"wp-image-36330 aligncenter\" src=\"https:\/\/havamall.vn\/wp-content\/uploads\/2024\/09\/image-top-13-dia-chi-ban-banh-socola-lava-cake-khong-the-bo-qua-tai-tp-ho-chi-minh-165862489658803.jpg\" alt=\"\" width=\"801\" height=\"602\" \/><\/p>\n<h3>\u0110\u1eb7c \u0111i\u1ec3m n\u1ed5i b\u1eadt<\/h3>\n<p>&#8211; H\u01b0\u01a1ng v\u1ecb s\u00f4 c\u00f4 la \u0111\u1eadm \u0111\u00e0: B\u00e1nh \u0111\u01b0\u1ee3c l\u00e0m t\u1eeb s\u00f4 c\u00f4 la ch\u1ea5t l\u01b0\u1ee3ng cao, mang \u0111\u1ebfn v\u1ecb ng\u1ecdt ng\u00e0o nh\u01b0ng kh\u00f4ng g\u1eaft, k\u1ebft h\u1ee3p v\u1edbi v\u1ecb \u0111\u1eafng nh\u1eb9, t\u1ea1o n\u00ean s\u1ef1 c\u00e2n b\u1eb1ng ho\u00e0n h\u1ea3o.<\/p>\n<p>&#8211; Nh\u00e2n s\u00f4 c\u00f4 la tan ch\u1ea3y: Ph\u1ea7n nh\u00e2n s\u00f4 c\u00f4 la b\u00ean trong b\u00e1nh s\u1ebd tan ch\u1ea3y khi n\u01b0\u1edbng, mang \u0111\u1ebfn tr\u1ea3i nghi\u1ec7m \u0111\u1eb7c bi\u1ec7t cho ng\u01b0\u1eddi th\u01b0\u1edfng th\u1ee9c.<\/p>\n<p>&#8211; Ch\u1ebf bi\u1ebfn ti\u1ec7n l\u1ee3i: B\u00e1nh \u0111\u01b0\u1ee3c \u0111\u00f4ng l\u1ea1nh s\u1eb5n v\u00e0 ch\u1ec9 c\u1ea7n n\u01b0\u1edbng trong v\u00e0i ph\u00fat l\u00e0 c\u00f3 th\u1ec3 th\u01b0\u1edfng th\u1ee9c ngay.<\/p>\n<p>&#8211; D\u00f9ng cho nhi\u1ec1u d\u1ecbp: Ph\u00f9 h\u1ee3p cho c\u00e1c b\u1eefa ti\u1ec7c, ho\u1eb7c d\u00f9ng l\u00e0m m\u00f3n tr\u00e1ng mi\u1ec7ng sau b\u1eefa \u0103n ch\u00ednh. S\u1ea3n ph\u1ea9m c\u00f2n l\u00e0 m\u1ed9t l\u1ef1a ch\u1ecdn l\u00fd t\u01b0\u1edfng cho nh\u1eefng bu\u1ed5i tr\u00e0 chi\u1ec1u hay nh\u1eefng d\u1ecbp \u0111\u1eb7c bi\u1ec7t.<\/p>\n<p><img decoding=\"async\" class=\"wp-image-36331 aligncenter\" src=\"https:\/\/havamall.vn\/wp-content\/uploads\/2024\/09\/MCIM02016858_47-molten-lava-chocolate-cakes.jpg\" alt=\"\" width=\"801\" height=\"534\" \/><\/p>\n<h3><strong>Havamall \u2013 ph\u00e2n ph\u1ed1i c\u00e1c s\u1ea3n ph\u1ea9m ch\u00ednh h\u00e3ng, ch\u1ea5t l\u01b0\u1ee3ng<\/strong><\/h3>\n<p>V\u1edbi kinh nghi\u1ec7m trong ng\u00e0nh nh\u1eadp kh\u1ea9u v\u00e0 ph\u00e2n ph\u1ed1i th\u1ef1c ph\u1ea9m, \u0111\u1ed3 u\u1ed1ng v\u00e0 nguy\u00ean li\u1ec7u th\u1ef1c ph\u1ea9m, C\u00f4ng ty Havamall Vi\u1ec7t Nam l\u00e0 m\u1ed9t trong nh\u1eefng \u0111\u01a1n v\u1ecb cung \u1ee9ng s\u1ea3n ph\u1ea9m h\u00e0ng \u0111\u1ea7u cho c\u00e1c \u0111\u1ed1i t\u00e1c chuy\u00ean nghi\u1ec7p, danh ti\u1ebfng tr\u00ean kh\u1eafp c\u1ea3 n\u01b0\u1edbc.<\/p>\n<p>C\u00e1c s\u1ea3n ph\u1ea9m do C\u00f4ng ty Havamall Vi\u1ec7t Nam ph\u00e2n ph\u1ed1i \u0111\u1ec1u \u0111\u01b0\u1ee3c nh\u1eadp kh\u1ea9u t\u1eeb ch\u00e2u \u00c2u, ch\u00e2u \u00dac, \u0111\u1ea3m b\u1ea3o c\u00e1c ti\u00eau chu\u1ea9n v\u1ec1 v\u1ec7 sinh an to\u00e0n th\u1ef1c ph\u1ea9m kh\u1eaft khe nh\u01b0 HACCP, ISO. V\u1edbi h\u1ec7 th\u1ed1ng chi nh\u00e1nh, kho v\u1eadn tr\u1ea3i d\u00e0i kh\u1eafp Vi\u1ec7t Nam, C\u00f4ng ty Havamall Vi\u1ec7t Nam c\u00f3 th\u1ec3 \u0111\u00e1p \u1ee9ng \u0111\u01b0\u1ee3c nhu c\u1ea7u v\u1ec1 s\u1ed1 l\u01b0\u1ee3ng v\u00e0 ch\u1ea5t l\u01b0\u1ee3ng c\u1ee7a kh\u00e1ch h\u00e0ng.<\/p>\n<\/div>\n<\/div>\n<\/div>\n<\/div>","protected":false},"excerpt":{"rendered":"<p>TH\u00d4NG TIN CHUNG Th\u01b0\u01a1ng hi\u1ec7u Delifrance Xu\u1ea5t x\u1ee9 Ph\u00e1p H\u1ea1n s\u1eed d\u1ee5ng 18 th\u00e1ng H\u01b0\u1edbng d\u1eabn s\u1eed d\u1ee5ng Th\u00e1o b\u00e1nh<\/p>","protected":false},"featured_media":35938,"comment_status":"open","ping_status":"closed","template":"","meta":[],"product_brand":[],"product_cat":[679,671,275,36,133],"product_tag":[],"class_list":{"0":"post-35937","1":"product","2":"type-product","3":"status-publish","4":"has-post-thumbnail","6":"product_cat-banh-dong-lanh","7":"product_cat-nhap-khau-phap","8":"product_cat-thuc-pham-dong-lanh","9":"product_cat-thuc-pham-tieu-dung","10":"product_cat-banh-keo-chocolate","12":"first","13":"instock","14":"sale","15":"shipping-taxable","16":"purchasable","17":"product-type-simple"},"_links":{"self":[{"href":"https:\/\/havamall.vn\/en\/wp-json\/wp\/v2\/product\/35937"}],"collection":[{"href":"https:\/\/havamall.vn\/en\/wp-json\/wp\/v2\/product"}],"about":[{"href":"https:\/\/havamall.vn\/en\/wp-json\/wp\/v2\/types\/product"}],"replies":[{"embeddable":true,"href":"https:\/\/havamall.vn\/en\/wp-json\/wp\/v2\/comments?post=35937"}],"version-history":[{"count":0,"href":"https:\/\/havamall.vn\/en\/wp-json\/wp\/v2\/product\/35937\/revisions"}],"wp:featuredmedia":[{"embeddable":true,"href":"https:\/\/havamall.vn\/en\/wp-json\/wp\/v2\/media\/35938"}],"wp:attachment":[{"href":"https:\/\/havamall.vn\/en\/wp-json\/wp\/v2\/media?parent=35937"}],"wp:term":[{"taxonomy":"product_brand","embeddable":true,"href":"https:\/\/havamall.vn\/en\/wp-json\/wp\/v2\/product_brand?post=35937"},{"taxonomy":"product_cat","embeddable":true,"href":"https:\/\/havamall.vn\/en\/wp-json\/wp\/v2\/product_cat?post=35937"},{"taxonomy":"product_tag","embeddable":true,"href":"https:\/\/havamall.vn\/en\/wp-json\/wp\/v2\/product_tag?post=35937"}],"curies":[{"name":"wp","href":"https:\/\/api.w.org\/{rel}","templated":true}]}}