{"id":35561,"date":"2024-09-25T17:09:14","date_gmt":"2024-09-25T10:09:14","guid":{"rendered":"https:\/\/havamall.vn\/?post_type=product&#038;p=35561"},"modified":"2025-09-29T10:56:22","modified_gmt":"2025-09-29T03:56:22","slug":"kem-hop-cao-cap-vi-bac-ha-golden-north-golden-north-spearmint-sundae-2-litres","status":"publish","type":"product","link":"https:\/\/havamall.vn\/en\/shop\/kem-hop-cao-cap-vi-bac-ha-golden-north-golden-north-spearmint-sundae-2-litres\/","title":{"rendered":"Kem H\u1ed9p Cao C\u1ea5p V\u1ecb B\u1ea1c H\u00e0 Golden North &#8211; Golden North Spearmint Sundae 2 Litres"},"content":{"rendered":"<h2 class=\"product-detail__specs-title\"><strong>TH\u00d4NG TIN CHUNG<\/strong><\/h2>\n<div id=\"js-product-detail__specs\" class=\"product-detail__specs\">\n<div class=\"row\">\n<div class=\"col-sm-12\">\n<div class=\"product-specs__table\">\n<table style=\"width: 50.2349%;height: 168px\">\n<tbody>\n<tr style=\"height: 24px\">\n<td class=\"specs-table__property\" style=\"height: 24px\">Th\u01b0\u01a1ng hi\u1ec7u<\/td>\n<td class=\"specs-table__value\" style=\"height: 24px\">Golden North<\/td>\n<\/tr>\n<tr style=\"height: 24px\">\n<td class=\"specs-table__property\" style=\"height: 24px\">Xu\u1ea5t x\u1ee9<\/td>\n<td class=\"specs-table__value\" style=\"height: 24px\">Australian (\u00dac)<\/td>\n<\/tr>\n<tr style=\"height: 24px\">\n<td class=\"specs-table__property\" style=\"height: 24px\">H\u1ea1n s\u1eed d\u1ee5ng<\/td>\n<td class=\"specs-table__value\" style=\"height: 24px\">Xem tr\u00ean bao b\u00ec<\/td>\n<\/tr>\n<tr style=\"height: 24px\">\n<td class=\"specs-table__property\" style=\"height: 24px\">H\u01b0\u1edbng d\u1eabn s\u1eed d\u1ee5ng<\/td>\n<td class=\"specs-table__value\" style=\"height: 24px\">D\u00f9ng tr\u1ef1c ti\u1ebfp ho\u1eb7c d\u00f9ng l\u00e0m nguy\u00ean li\u1ec7u ch\u1ebf bi\u1ebfn<\/td>\n<\/tr>\n<tr style=\"height: 24px\">\n<td class=\"specs-table__property\" style=\"height: 24px\">H\u01b0\u1edbng d\u1eabn b\u1ea3o qu\u1ea3n<\/td>\n<td class=\"specs-table__value\" style=\"height: 24px\">B\u1ea3o qu\u1ea3n t\u1ee7 \u0111\u00f4ng -18 \u0111\u1ed9 C<\/td>\n<\/tr>\n<tr style=\"height: 24px\">\n<td class=\"specs-table__property\" style=\"height: 24px\">Th\u00e0nh ph\u1ea7n nguy\u00ean li\u1ec7u<\/td>\n<td class=\"specs-table__value\" style=\"height: 24px\">Xem tr\u00ean bao b\u00ec<\/td>\n<\/tr>\n<tr style=\"height: 24px\">\n<td class=\"specs-table__property\" style=\"height: 24px\">Th\u1ec3 t\u00edch<\/td>\n<td class=\"specs-table__value\" style=\"height: 24px\">2l<\/td>\n<\/tr>\n<\/tbody>\n<\/table>\n<p>Golden North l\u00e0 th\u01b0\u01a1ng hi\u1ec7u kem cao c\u1ea5p n\u1ed5i ti\u1ebfng \u0111\u1ebfn t\u1eeb \u00dac, \u0111\u01b0\u1ee3c th\u00e0nh l\u1eadp t\u1eeb n\u0103m 1923. V\u1edbi h\u01a1n 100 n\u0103m kinh nghi\u1ec7m trong ng\u00e0nh c\u00f4ng nghi\u1ec7p kem, Golden North t\u1ef1 h\u00e0o mang \u0111\u1ebfn nh\u1eefng s\u1ea3n ph\u1ea9m ch\u1ea5t l\u01b0\u1ee3ng cao t\u1eeb c\u00e1c nguy\u00ean li\u1ec7u t\u1ef1 nhi\u00ean v\u00e0 tinh khi\u1ebft. S\u1ef1 k\u1ebft h\u1ee3p ho\u00e0n h\u1ea3o gi\u1eefa c\u00f4ng ngh\u1ec7 s\u1ea3n xu\u1ea5t hi\u1ec7n \u0111\u1ea1i v\u00e0 truy\u1ec1n th\u1ed1ng l\u00e0m kem th\u1ee7 c\u00f4ng \u0111\u00e3 t\u1ea1o n\u00ean h\u01b0\u01a1ng v\u1ecb \u0111\u1ed9c \u0111\u00e1o v\u00e0 \u0111\u1eadm \u0111\u00e0 trong t\u1eebng h\u1ed9p kem.<\/p>\n<p><img fetchpriority=\"high\" decoding=\"async\" class=\"wp-image-36310 aligncenter\" src=\"https:\/\/havamall.vn\/wp-content\/uploads\/2024\/09\/SaveClip.App_273243975_977670746496885_982257797529042737_n-1024x683.jpg\" alt=\"\" width=\"849\" height=\"566\" \/><\/p>\n<p>Kem Golden North \u0111\u01b0\u1ee3c s\u1ea3n xu\u1ea5t t\u1eeb s\u1eefa b\u00f2 t\u01b0\u01a1i 100% t\u1eeb c\u00e1c n\u00f4ng tr\u1ea1i \u0111\u1ea1t chu\u1ea9n \u1edf \u00dac, n\u1ed5i ti\u1ebfng v\u1edbi ngu\u1ed3n s\u1eefa s\u1ea1ch v\u00e0 gi\u00e0u dinh d\u01b0\u1ee1ng. T\u1eeb nh\u1eefng v\u00f9ng \u0111\u1ed3ng c\u1ecf b\u1ea1t ng\u00e0n, c\u00e1c nguy\u00ean li\u1ec7u t\u1ef1 nhi\u00ean \u0111\u01b0\u1ee3c l\u1ef1a ch\u1ecdn k\u1ef9 l\u01b0\u1ee1ng \u0111\u1ec3 mang \u0111\u1ebfn m\u1ed9t s\u1ea3n ph\u1ea9m kem c\u00f3 ch\u1ea5t l\u01b0\u1ee3ng th\u01b0\u1ee3ng h\u1ea1ng.<\/p>\n<p>Kem H\u1ed9p Cao C\u1ea5p V\u1ecb B\u1ea1c H\u00e0 Golden North l\u00e0 s\u1ef1 l\u1ef1a ch\u1ecdn ho\u00e0n h\u1ea3o cho nh\u1eefng ai y\u00eau th\u00edch h\u01b0\u01a1ng v\u1ecb thanh m\u00e1t, s\u1ea3ng kho\u00e1i c\u1ee7a b\u1ea1c h\u00e0. H\u01b0\u01a1ng b\u1ea1c h\u00e0 t\u1ef1 nhi\u00ean k\u1ebft h\u1ee3p v\u1edbi l\u1edbp kem m\u1ecbn m\u00e0ng v\u00e0 th\u01a1m ng\u1eady t\u1ea1o n\u00ean s\u1ef1 c\u00e2n b\u1eb1ng h\u00e0i h\u00f2a gi\u1eefa v\u1ecb ng\u1ecdt nh\u1eb9 v\u00e0 t\u01b0\u01a1i m\u00e1t. V\u1edbi dung t\u00edch 2 l\u00edt, s\u1ea3n ph\u1ea9m ph\u00f9 h\u1ee3p cho c\u1ea3 gia \u0111\u00ecnh ho\u1eb7c nh\u1eefng bu\u1ed5i ti\u1ec7c vui v\u1ebb c\u00f9ng b\u1ea1n b\u00e8.<\/p>\n<p><img decoding=\"async\" class=\"wp-image-36311 aligncenter\" src=\"https:\/\/havamall.vn\/wp-content\/uploads\/2024\/09\/SaveClip.App_247104593_579566983089832_504580301318115349_n-1024x683.jpg\" alt=\"\" width=\"849\" height=\"566\" \/><\/p>\n<h3><strong>\u0110\u1eb7c \u0111i\u1ec3m n\u1ed5i b\u1eadt<\/strong><\/h3>\n<p>&#8211; H\u01b0\u01a1ng b\u1ea1c h\u00e0 t\u1ef1 nhi\u00ean: T\u1eadn h\u01b0\u1edfng c\u1ea3m gi\u00e1c t\u01b0\u01a1i m\u1edbi v\u00e0 m\u00e1t l\u1ea1nh v\u1edbi h\u01b0\u01a1ng v\u1ecb b\u1ea1c h\u00e0 thu\u1ea7n khi\u1ebft, kh\u00f4ng s\u1eed d\u1ee5ng h\u01b0\u01a1ng li\u1ec7u nh\u00e2n t\u1ea1o.<\/p>\n<p>&#8211; Kem m\u1ecbn m\u00e0ng: Kem c\u00f3 k\u1ebft c\u1ea5u m\u1ec1m m\u1ecbn, tan ngay trong mi\u1ec7ng, mang \u0111\u1ebfn tr\u1ea3i nghi\u1ec7m kem \u0111\u1eb3ng c\u1ea5p.<\/p>\n<p>&#8211; Kh\u00f4ng ch\u1ee9a gluten: An to\u00e0n cho ng\u01b0\u1eddi nh\u1ea1y c\u1ea3m v\u1edbi gluten ho\u1eb7c d\u1ecb \u1ee9ng v\u1edbi c\u00e1c s\u1ea3n ph\u1ea9m ch\u1ee9a gluten.<\/p>\n<p>&#8211; Dung t\u00edch l\u1edbn: H\u1ed9p 2 l\u00edt ti\u1ec7n l\u1ee3i, th\u00edch h\u1ee3p cho nh\u1eefng b\u1eefa ti\u1ec7c gia \u0111\u00ecnh ho\u1eb7c d\u00f9ng d\u1ea7n cho c\u1ea3 tu\u1ea7n.<\/p>\n<p>&#8211; Cam k\u1ebft ch\u1ea5t l\u01b0\u1ee3ng: S\u1ea3n xu\u1ea5t t\u1eeb c\u00e1c nguy\u00ean li\u1ec7u t\u1ef1 nhi\u00ean, kh\u00f4ng ch\u1ea5t b\u1ea3o qu\u1ea3n v\u00e0 h\u01b0\u01a1ng li\u1ec7u nh\u00e2n t\u1ea1o, \u0111\u1ea3m b\u1ea3o an to\u00e0n s\u1ee9c kh\u1ecfe cho ng\u01b0\u1eddi ti\u00eau d\u00f9ng.<\/p>\n<p><img decoding=\"async\" class=\"wp-image-36312 aligncenter\" src=\"https:\/\/havamall.vn\/wp-content\/uploads\/2024\/09\/SaveClip.App_103287463_584833242205741_4495903067109490137_n-1024x1024.jpg\" alt=\"\" width=\"850\" height=\"850\" \/><\/p>\n<h3><strong>Havamall \u2013 ph\u00e2n ph\u1ed1i c\u00e1c s\u1ea3n ph\u1ea9m ch\u00ednh h\u00e3ng, ch\u1ea5t l\u01b0\u1ee3ng<\/strong><\/h3>\n<p>V\u1edbi kinh nghi\u1ec7m trong ng\u00e0nh nh\u1eadp kh\u1ea9u v\u00e0 ph\u00e2n ph\u1ed1i th\u1ef1c ph\u1ea9m, \u0111\u1ed3 u\u1ed1ng v\u00e0 nguy\u00ean li\u1ec7u th\u1ef1c ph\u1ea9m, C\u00f4ng ty Havamall Vi\u1ec7t Nam l\u00e0 m\u1ed9t trong nh\u1eefng \u0111\u01a1n v\u1ecb cung \u1ee9ng s\u1ea3n ph\u1ea9m h\u00e0ng \u0111\u1ea7u cho c\u00e1c \u0111\u1ed1i t\u00e1c chuy\u00ean nghi\u1ec7p, danh ti\u1ebfng tr\u00ean kh\u1eafp c\u1ea3 n\u01b0\u1edbc.<\/p>\n<p>C\u00e1c s\u1ea3n ph\u1ea9m do C\u00f4ng ty Havamall Vi\u1ec7t Nam ph\u00e2n ph\u1ed1i \u0111\u1ec1u \u0111\u01b0\u1ee3c nh\u1eadp kh\u1ea9u t\u1eeb ch\u00e2u \u00c2u, ch\u00e2u \u00dac, \u0111\u1ea3m b\u1ea3o c\u00e1c ti\u00eau chu\u1ea9n v\u1ec1 v\u1ec7 sinh an to\u00e0n th\u1ef1c ph\u1ea9m kh\u1eaft khe nh\u01b0 HACCP, ISO. V\u1edbi h\u1ec7 th\u1ed1ng chi nh\u00e1nh, kho v\u1eadn tr\u1ea3i d\u00e0i kh\u1eafp Vi\u1ec7t Nam, C\u00f4ng ty Havamall Vi\u1ec7t Nam c\u00f3 th\u1ec3 \u0111\u00e1p \u1ee9ng \u0111\u01b0\u1ee3c nhu c\u1ea7u v\u1ec1 s\u1ed1 l\u01b0\u1ee3ng v\u00e0 ch\u1ea5t l\u01b0\u1ee3ng c\u1ee7a kh\u00e1ch h\u00e0ng.<\/p>\n<\/div>\n<\/div>\n<\/div>\n<\/div>","protected":false},"excerpt":{"rendered":"<p>TH\u00d4NG TIN CHUNG Th\u01b0\u01a1ng hi\u1ec7u Golden North Xu\u1ea5t x\u1ee9 Australian (\u00dac) H\u1ea1n s\u1eed d\u1ee5ng Xem tr\u00ean bao b\u00ec H\u01b0\u1edbng d\u1eabn<\/p>","protected":false},"featured_media":35564,"comment_status":"open","ping_status":"closed","template":"","meta":[],"product_brand":[],"product_cat":[684,275,36],"product_tag":[],"class_list":{"0":"post-35561","1":"product","2":"type-product","3":"status-publish","4":"has-post-thumbnail","6":"product_cat-kem-lanh","7":"product_cat-thuc-pham-dong-lanh","8":"product_cat-thuc-pham-tieu-dung","10":"first","11":"outofstock","12":"sale","13":"shipping-taxable","14":"purchasable","15":"product-type-simple"},"_links":{"self":[{"href":"https:\/\/havamall.vn\/en\/wp-json\/wp\/v2\/product\/35561"}],"collection":[{"href":"https:\/\/havamall.vn\/en\/wp-json\/wp\/v2\/product"}],"about":[{"href":"https:\/\/havamall.vn\/en\/wp-json\/wp\/v2\/types\/product"}],"replies":[{"embeddable":true,"href":"https:\/\/havamall.vn\/en\/wp-json\/wp\/v2\/comments?post=35561"}],"version-history":[{"count":0,"href":"https:\/\/havamall.vn\/en\/wp-json\/wp\/v2\/product\/35561\/revisions"}],"wp:featuredmedia":[{"embeddable":true,"href":"https:\/\/havamall.vn\/en\/wp-json\/wp\/v2\/media\/35564"}],"wp:attachment":[{"href":"https:\/\/havamall.vn\/en\/wp-json\/wp\/v2\/media?parent=35561"}],"wp:term":[{"taxonomy":"product_brand","embeddable":true,"href":"https:\/\/havamall.vn\/en\/wp-json\/wp\/v2\/product_brand?post=35561"},{"taxonomy":"product_cat","embeddable":true,"href":"https:\/\/havamall.vn\/en\/wp-json\/wp\/v2\/product_cat?post=35561"},{"taxonomy":"product_tag","embeddable":true,"href":"https:\/\/havamall.vn\/en\/wp-json\/wp\/v2\/product_tag?post=35561"}],"curies":[{"name":"wp","href":"https:\/\/api.w.org\/{rel}","templated":true}]}}