{"id":35558,"date":"2024-09-25T16:31:08","date_gmt":"2024-09-25T09:31:08","guid":{"rendered":"https:\/\/havamall.vn\/?post_type=product&#038;p=35558"},"modified":"2024-09-25T16:31:08","modified_gmt":"2024-09-25T09:31:08","slug":"thit-cang-ghe-dong-lanh-nhap-khau-tu-nhat-ban-100g-wild-caught-crab-meat","status":"publish","type":"product","link":"https:\/\/havamall.vn\/en\/shop\/thit-cang-ghe-dong-lanh-nhap-khau-tu-nhat-ban-100g-wild-caught-crab-meat\/","title":{"rendered":"Th\u1ecbt C\u00e0ng Gh\u1eb9 \u0110\u00f4ng L\u1ea1nh Nh\u1eadp Kh\u1ea9u T\u1eeb Nh\u1eadt B\u1ea3n 100g &#8211; Wild Caught Crab Meat"},"content":{"rendered":"<h2><strong>TH\u00d4NG TIN CHUNG<\/strong><\/h2>\n<table style=\"width: 56.0057%; height: 144px;\">\n<tbody>\n<tr style=\"height: 24px;\">\n<td style=\"height: 24px;\">Th\u01b0\u01a1ng hi\u1ec7u<\/td>\n<td style=\"height: 24px;\">Havafoodies<\/td>\n<\/tr>\n<tr style=\"height: 24px;\">\n<td style=\"height: 24px;\">Xu\u1ea5t x\u1ee9<\/td>\n<td style=\"height: 24px;\">Nh\u1eadt B\u1ea3n<\/td>\n<\/tr>\n<tr style=\"height: 24px;\">\n<td style=\"height: 24px;\">Th\u00e0nh ph\u1ea7n<\/td>\n<td style=\"height: 24px;\"><b>Th\u1ecbt Gh\u1eb9 100%<\/b><\/td>\n<\/tr>\n<tr style=\"height: 24px;\">\n<td style=\"height: 24px;\">H\u1ea1n s\u1eed d\u1ee5ng<\/td>\n<td style=\"height: 24px;\">Xem tr\u1ef1c ti\u1ebfp tr\u00ean bao b\u00ec<\/td>\n<\/tr>\n<tr style=\"height: 24px;\">\n<td style=\"height: 24px;\">B\u1ea3o qu\u1ea3n<\/td>\n<td style=\"height: 24px;\">B\u1ea3o qu\u1ea3n \u0111\u1ed9ng l\u1ea1nh (-18 \u0111\u1ed9 C), r\u00e3 \u0111\u1ed9ng t\u1ef1 nhi\u00ean b\u1eb1ng ng\u0103n m\u00e1t t\u1ee7 l\u1ea1nh<\/td>\n<\/tr>\n<tr style=\"height: 24px;\">\n<td style=\"height: 24px;\">Kh\u1ed1i l\u01b0\u1ee3ng<\/td>\n<td style=\"height: 24px;\">100g<\/td>\n<\/tr>\n<\/tbody>\n<\/table>\n<p><strong>Th\u1ecbt C\u00e0ng Gh\u1eb9 \u0110\u00f4ng L\u1ea1nh<\/strong> \u0111\u01b0\u1ee3c nh\u1eadp kh\u1ea9u t\u1eeb Nh\u1eadt B\u1ea3n, n\u01a1i n\u1ed5i ti\u1ebfng v\u1edbi c\u00e1c ti\u00eau chu\u1ea9n cao v\u1ec1 ch\u1ea5t l\u01b0\u1ee3ng h\u1ea3i s\u1ea3n. \u0110\u01b0\u1ee3c \u0111\u00e1nh b\u1eaft t\u1eeb nh\u1eefng v\u00f9ng bi\u1ec3n s\u1ea1ch v\u00e0 gi\u00e0u t\u00e0i nguy\u00ean c\u1ee7a Nh\u1eadt B\u1ea3n, th\u01b0\u01a1ng hi\u1ec7u cam k\u1ebft cung c\u1ea5p s\u1ea3n ph\u1ea9m h\u1ea3i s\u1ea3n t\u1ef1 nhi\u00ean, an to\u00e0n v\u00e0 gi\u00e0u dinh d\u01b0\u1ee1ng. T\u1eeb qu\u00e1 tr\u00ecnh \u0111\u00e1nh b\u1eaft cho \u0111\u1ebfn ch\u1ebf bi\u1ebfn, t\u1ea5t c\u1ea3 \u0111\u1ec1u \u0111\u01b0\u1ee3c ki\u1ec3m so\u00e1t ch\u1eb7t ch\u1ebd \u0111\u1ec3 \u0111\u1ea3m b\u1ea3o th\u1ecbt gh\u1eb9 lu\u00f4n \u0111\u1ea1t \u0111\u01b0\u1ee3c \u0111\u1ed9 t\u01b0\u01a1i ngon t\u1ed1i \u01b0u.<\/p>\n<p><img fetchpriority=\"high\" decoding=\"async\" class=\"wp-image-36301 aligncenter\" src=\"https:\/\/havamall.vn\/wp-content\/uploads\/2024\/09\/IMG_7100-scaled-1-1024x683.jpg\" alt=\"\" width=\"801\" height=\"534\" \/><\/p>\n<p>Th\u1ecbt C\u00e0ng Gh\u1eb9 \u0110\u00f4ng L\u1ea1nh Nh\u1eadp Kh\u1ea9u t\u1eeb Nh\u1eadt B\u1ea3n l\u00e0 l\u1ef1a ch\u1ecdn ho\u00e0n h\u1ea3o cho nh\u1eefng ai y\u00eau th\u00edch h\u1ea3i s\u1ea3n ch\u1ea5t l\u01b0\u1ee3ng cao. Th\u1ecbt gh\u1eb9 \u0111\u00e3 \u0111\u01b0\u1ee3c l\u00e0m s\u1ea1ch v\u00e0 t\u00e1ch v\u1ecf, mang l\u1ea1i s\u1ef1 ti\u1ec7n l\u1ee3i t\u1ed1i \u0111a cho ng\u01b0\u1eddi s\u1eed d\u1ee5ng. H\u01b0\u01a1ng v\u1ecb ng\u1ecdt thanh, t\u01b0\u01a1i ngon c\u00f9ng k\u1ebft c\u1ea5u s\u0103n ch\u1eafc c\u1ee7a th\u1ecbt gh\u1eb9 Nh\u1eadt B\u1ea3n s\u1ebd l\u00e0 th\u00e0nh ph\u1ea7n l\u00fd t\u01b0\u1edfng cho nhi\u1ec1u m\u00f3n \u0103n kh\u00e1c nhau, t\u1eeb s\u00fap, salad \u0111\u1ebfn c\u00e1c m\u00f3n chi\u00ean, h\u1ea5p hay n\u01b0\u1edbng.<\/p>\n<h3><strong>\u0110\u1eb7c \u0111i\u1ec3m n\u1ed5i b\u1eadt<\/strong><\/h3>\n<p>&#8211; Gh\u1eb9 hoang d\u00e3 t\u1ef1 nhi\u00ean: \u0110\u01b0\u1ee3c \u0111\u00e1nh b\u1eaft t\u1eeb c\u00e1c v\u00f9ng bi\u1ec3n s\u1ea1ch c\u1ee7a Nh\u1eadt B\u1ea3n, \u0111\u1ea3m b\u1ea3o h\u01b0\u01a1ng v\u1ecb t\u01b0\u01a1i ngon v\u00e0 t\u1ef1 nhi\u00ean nh\u1ea5t.<\/p>\n<p>&#8211; T\u01b0\u01a1i ngon nh\u1edd c\u00f4ng ngh\u1ec7 c\u1ea5p \u0111\u00f4ng nhanh: Gi\u00fap gi\u1eef nguy\u00ean d\u01b0\u1ee1ng ch\u1ea5t v\u00e0 h\u01b0\u01a1ng v\u1ecb ban \u0111\u1ea7u c\u1ee7a th\u1ecbt gh\u1eb9.<\/p>\n<p>&#8211; Ti\u1ec7n l\u1ee3i: \u0110\u00e3 t\u00e1ch v\u1ecf s\u1eb5n, gi\u00fap ti\u1ebft ki\u1ec7m th\u1eddi gian ch\u1ebf bi\u1ebfn, ph\u00f9 h\u1ee3p cho c\u1ea3 nh\u1eefng b\u1eefa \u0103n nhanh l\u1eabn nh\u1eefng b\u1eefa ti\u1ec7c sang tr\u1ecdng.<\/p>\n<p>&#8211; Gi\u00e0u dinh d\u01b0\u1ee1ng: Th\u1ecbt gh\u1eb9 cung c\u1ea5p protein, kho\u00e1ng ch\u1ea5t, v\u00e0 c\u00e1c axit b\u00e9o omega-3 t\u1ed1t cho s\u1ee9c kh\u1ecfe tim m\u1ea1ch v\u00e0 h\u1ec7 mi\u1ec5n d\u1ecbch.<\/p>\n<p><img decoding=\"async\" class=\"wp-image-36302 aligncenter\" src=\"https:\/\/havamall.vn\/wp-content\/uploads\/2024\/09\/IMG_7270-1-scaled-1-1024x683.jpg\" alt=\"\" width=\"801\" height=\"534\" \/><\/p>\n<h3><strong>L\u1ee3i \u00cdch cho s\u1ee9c kh\u1ecfe<\/strong><\/h3>\n<p>&#8211; T\u1ed1t cho tim m\u1ea1ch: Th\u1ecbt gh\u1eb9 ch\u1ee9a h\u00e0m l\u01b0\u1ee3ng cao c\u00e1c axit b\u00e9o omega-3, gi\u00fap gi\u1ea3m cholesterol x\u1ea5u, t\u0103ng c\u01b0\u1eddng s\u1ee9c kh\u1ecfe tim m\u1ea1ch v\u00e0 gi\u1ea3m nguy c\u01a1 m\u1eafc c\u00e1c b\u1ec7nh v\u1ec1 tim.<\/p>\n<p>&#8211; T\u0103ng c\u01b0\u1eddng mi\u1ec5n d\u1ecbch: V\u1edbi h\u00e0m l\u01b0\u1ee3ng k\u1ebdm v\u00e0 selen d\u1ed3i d\u00e0o, th\u1ecbt gh\u1eb9 gi\u00fap h\u1ed7 tr\u1ee3 h\u1ec7 mi\u1ec5n d\u1ecbch, ch\u1ed1ng l\u1ea1i c\u00e1c g\u1ed1c t\u1ef1 do g\u00e2y h\u1ea1i v\u00e0 b\u1ea3o v\u1ec7 c\u01a1 th\u1ec3 kh\u1ecfi b\u1ec7nh t\u1eadt.<\/p>\n<p>&#8211; Cung c\u1ea5p protein ch\u1ea5t l\u01b0\u1ee3ng cao: Th\u1ecbt gh\u1eb9 l\u00e0 ngu\u1ed3n protein gi\u00e0u d\u01b0\u1ee1ng ch\u1ea5t, gi\u00fap x\u00e2y d\u1ef1ng v\u00e0 ph\u1ee5c h\u1ed3i c\u01a1 b\u1eafp, cung c\u1ea5p n\u0103ng l\u01b0\u1ee3ng d\u1ed3i d\u00e0o cho c\u01a1 th\u1ec3.<\/p>\n<p>&#8211; T\u1ed1t cho s\u1ee9c kh\u1ecfe x\u01b0\u01a1ng: Nh\u1edd c\u00f3 h\u00e0m l\u01b0\u1ee3ng canxi, magi\u00ea v\u00e0 phospho cao, th\u1ecbt gh\u1eb9 g\u00f3p ph\u1ea7n t\u0103ng c\u01b0\u1eddng s\u1ee9c kh\u1ecfe x\u01b0\u01a1ng, gi\u1ea3m nguy c\u01a1 lo\u00e3ng x\u01b0\u01a1ng v\u00e0 c\u00e1c b\u1ec7nh v\u1ec1 x\u01b0\u01a1ng kh\u1edbp.<\/p>\n<p>&#8211; Ch\u1ed1ng oxy h\u00f3a: V\u1edbi l\u01b0\u1ee3ng l\u1edbn vitamin v\u00e0 kho\u00e1ng ch\u1ea5t, \u0111\u1eb7c bi\u1ec7t l\u00e0 selen, th\u1ecbt gh\u1eb9 c\u00f3 t\u00e1c d\u1ee5ng ch\u1ed1ng l\u1ea1i qu\u00e1 tr\u00ecnh oxy h\u00f3a, gi\u00fap l\u00e0m ch\u1eadm qu\u00e1 tr\u00ecnh l\u00e3o h\u00f3a v\u00e0 b\u1ea3o v\u1ec7 t\u1ebf b\u00e0o.<\/p>\n<p><img decoding=\"async\" class=\"wp-image-36303 aligncenter\" src=\"https:\/\/havamall.vn\/wp-content\/uploads\/2024\/09\/IMG_7240-scaled-1-1024x683.jpg\" alt=\"\" width=\"798\" height=\"532\" \/><\/p>\n<p>&#8211; R\u00e3 \u0111\u00f4ng: \u0110\u1ec3 r\u00e3 \u0111\u00f4ng t\u1ef1 nhi\u00ean trong ng\u0103n m\u00e1t t\u1ee7 l\u1ea1nh kho\u1ea3ng 4-6 ti\u1ebfng tr\u01b0\u1edbc khi s\u1eed d\u1ee5ng.<\/p>\n<p>&#8211; Ch\u1ebf bi\u1ebfn: Th\u1ecbt gh\u1eb9 c\u00f3 th\u1ec3 s\u1eed d\u1ee5ng ngay \u0111\u1ec3 l\u00e0m c\u00e1c m\u00f3n salad, s\u00fap, hay x\u00e0o. B\u1ea1n c\u0169ng c\u00f3 th\u1ec3 h\u1ea5p l\u1ea1i ho\u1eb7c n\u1ea5u ch\u00edn trong c\u00e1c m\u00f3n nh\u01b0 c\u01a1m chi\u00ean, b\u00e1nh gh\u1eb9 hay c\u00e1c m\u00f3n n\u01b0\u1edbng.<\/p>\n<h3><strong>Havamall \u2013 ph\u00e2n ph\u1ed1i c\u00e1c s\u1ea3n ph\u1ea9m ch\u00ednh h\u00e3ng, ch\u1ea5t l\u01b0\u1ee3ng<\/strong><\/h3>\n<p>V\u1edbi kinh nghi\u1ec7m trong ng\u00e0nh nh\u1eadp kh\u1ea9u v\u00e0 ph\u00e2n ph\u1ed1i th\u1ef1c ph\u1ea9m, \u0111\u1ed3 u\u1ed1ng v\u00e0 nguy\u00ean li\u1ec7u th\u1ef1c ph\u1ea9m, C\u00f4ng ty Havamall Vi\u1ec7t Nam l\u00e0 m\u1ed9t trong nh\u1eefng \u0111\u01a1n v\u1ecb cung \u1ee9ng s\u1ea3n ph\u1ea9m h\u00e0ng \u0111\u1ea7u cho c\u00e1c \u0111\u1ed1i t\u00e1c chuy\u00ean nghi\u1ec7p, danh ti\u1ebfng tr\u00ean kh\u1eafp c\u1ea3 n\u01b0\u1edbc.<\/p>\n<p>C\u00e1c s\u1ea3n ph\u1ea9m do C\u00f4ng ty Havamall Vi\u1ec7t Nam ph\u00e2n ph\u1ed1i \u0111\u1ec1u \u0111\u01b0\u1ee3c nh\u1eadp kh\u1ea9u t\u1eeb ch\u00e2u \u00c2u, ch\u00e2u \u00dac, \u0111\u1ea3m b\u1ea3o c\u00e1c ti\u00eau chu\u1ea9n v\u1ec1 v\u1ec7 sinh an to\u00e0n th\u1ef1c ph\u1ea9m kh\u1eaft khe nh\u01b0 HACCP, ISO. V\u1edbi h\u1ec7 th\u1ed1ng chi nh\u00e1nh, kho v\u1eadn tr\u1ea3i d\u00e0i kh\u1eafp Vi\u1ec7t Nam, C\u00f4ng ty Havamall Vi\u1ec7t Nam c\u00f3 th\u1ec3 \u0111\u00e1p \u1ee9ng \u0111\u01b0\u1ee3c nhu c\u1ea7u v\u1ec1 s\u1ed1 l\u01b0\u1ee3ng v\u00e0 ch\u1ea5t l\u01b0\u1ee3ng c\u1ee7a kh\u00e1ch h\u00e0ng.<\/p>","protected":false},"excerpt":{"rendered":"<p>TH\u00d4NG TIN CHUNG Th\u01b0\u01a1ng hi\u1ec7u Havafoodies Xu\u1ea5t x\u1ee9 Nh\u1eadt B\u1ea3n Th\u00e0nh ph\u1ea7n Th\u1ecbt Gh\u1eb9 100% H\u1ea1n s\u1eed d\u1ee5ng Xem tr\u1ef1c<\/p>","protected":false},"featured_media":35559,"comment_status":"open","ping_status":"closed","template":"","meta":[],"product_brand":[],"product_cat":[275,36],"product_tag":[],"class_list":{"0":"post-35558","1":"product","2":"type-product","3":"status-publish","4":"has-post-thumbnail","6":"product_cat-thuc-pham-dong-lanh","7":"product_cat-thuc-pham-tieu-dung","9":"first","10":"instock","11":"sale","12":"shipping-taxable","13":"purchasable","14":"product-type-simple"},"_links":{"self":[{"href":"https:\/\/havamall.vn\/en\/wp-json\/wp\/v2\/product\/35558"}],"collection":[{"href":"https:\/\/havamall.vn\/en\/wp-json\/wp\/v2\/product"}],"about":[{"href":"https:\/\/havamall.vn\/en\/wp-json\/wp\/v2\/types\/product"}],"replies":[{"embeddable":true,"href":"https:\/\/havamall.vn\/en\/wp-json\/wp\/v2\/comments?post=35558"}],"version-history":[{"count":0,"href":"https:\/\/havamall.vn\/en\/wp-json\/wp\/v2\/product\/35558\/revisions"}],"wp:featuredmedia":[{"embeddable":true,"href":"https:\/\/havamall.vn\/en\/wp-json\/wp\/v2\/media\/35559"}],"wp:attachment":[{"href":"https:\/\/havamall.vn\/en\/wp-json\/wp\/v2\/media?parent=35558"}],"wp:term":[{"taxonomy":"product_brand","embeddable":true,"href":"https:\/\/havamall.vn\/en\/wp-json\/wp\/v2\/product_brand?post=35558"},{"taxonomy":"product_cat","embeddable":true,"href":"https:\/\/havamall.vn\/en\/wp-json\/wp\/v2\/product_cat?post=35558"},{"taxonomy":"product_tag","embeddable":true,"href":"https:\/\/havamall.vn\/en\/wp-json\/wp\/v2\/product_tag?post=35558"}],"curies":[{"name":"wp","href":"https:\/\/api.w.org\/{rel}","templated":true}]}}