{"id":35555,"date":"2024-09-25T16:03:35","date_gmt":"2024-09-25T09:03:35","guid":{"rendered":"https:\/\/havamall.vn\/?post_type=product&#038;p=35555"},"modified":"2025-03-20T10:32:24","modified_gmt":"2025-03-20T03:32:24","slug":"salad-rong-bien-tron-me-dong-lanh-chuka-wakame-1kg","status":"publish","type":"product","link":"https:\/\/havamall.vn\/en\/shop\/salad-rong-bien-tron-me-dong-lanh-chuka-wakame-1kg\/","title":{"rendered":"Salad Rong Bi\u1ec3n Tr\u1ed9n M\u00e8 \u0110\u00f4ng L\u1ea1nh &#8211; Chuka Wakame 1kg"},"content":{"rendered":"<h2 class=\"product-detail__specs-title\"><strong>TH\u00d4NG TIN CHUNG<\/strong><\/h2>\n<div id=\"js-product-detail__specs\" class=\"product-detail__specs\">\n<div class=\"row\">\n<div class=\"col-sm-12\">\n<div class=\"product-specs__table\">\n<table>\n<tbody>\n<tr>\n<td class=\"specs-table__property\">Th\u01b0\u01a1ng hi\u1ec7u<\/td>\n<td class=\"specs-table__value\">Azuma Foods<\/td>\n<\/tr>\n<tr>\n<td class=\"specs-table__property\">Xu\u1ea5t x\u1ee9<\/td>\n<td class=\"specs-table__value\">Trung Qu\u1ed1c<\/td>\n<\/tr>\n<tr>\n<td class=\"specs-table__property\">H\u1ea1n s\u1eed d\u1ee5ng<\/td>\n<td class=\"specs-table__value\">18 th\u00e1ng<\/td>\n<\/tr>\n<tr>\n<td class=\"specs-table__property\">H\u01b0\u1edbng d\u1eabn s\u1eed d\u1ee5ng<\/td>\n<td class=\"specs-table__value\">S\u1eed d\u1ee5ng tr\u1ef1c ti\u1ebfp ho\u1eb7c ch\u1ebf bi\u1ebfn m\u00f3n \u0103n<\/td>\n<\/tr>\n<tr>\n<td class=\"specs-table__property\">H\u01b0\u1edbng d\u1eabn b\u1ea3o qu\u1ea3n<\/td>\n<td class=\"specs-table__value\">B\u1ea3o qu\u1ea3n \u1edf nhi\u1ec7t \u0111\u1ed9 (-18\u00b0C). R\u00e3 \u0111\u00f4ng trong ng\u0103n m\u00e1t t\u1ee7 l\u1ea1nh tr\u01b0\u1edbc khi s\u1eed d\u1ee5ng<\/td>\n<\/tr>\n<tr>\n<td class=\"specs-table__property\">Th\u00e0nh ph\u1ea7n nguy\u00ean li\u1ec7u<\/td>\n<td class=\"specs-table__value\">Xem tr\u00ean bao b\u00ec s\u1ea3n ph\u1ea9m<\/td>\n<\/tr>\n<tr>\n<td class=\"specs-table__property\">Kh\u1ed1i l\u01b0\u1ee3ng<\/td>\n<td class=\"specs-table__value\">1kg<\/td>\n<\/tr>\n<\/tbody>\n<\/table>\n<p>Salad Rong Bi\u1ec3n Tr\u1ed9n M\u00e8 Chuka Wakame c\u1ee7a Azuma \u0111\u01b0\u1ee3c s\u1ea3n xu\u1ea5t t\u1eeb lo\u1ea1i rong bi\u1ec3n wakame h\u1ea3o h\u1ea1ng, V\u00f9ng bi\u1ec3n n\u01a1i rong bi\u1ec3n \u0111\u01b0\u1ee3c thu ho\u1ea1ch c\u00f3 m\u00f4i tr\u01b0\u1eddng trong l\u00e0nh, gi\u00e0u kho\u00e1ng ch\u1ea5t t\u1ef1 nhi\u00ean, l\u00e0 \u0111i\u1ec1u ki\u1ec7n l\u00fd t\u01b0\u1edfng \u0111\u1ec3 wakame ph\u00e1t tri\u1ec3n v\u1edbi ch\u1ea5t l\u01b0\u1ee3ng cao nh\u1ea5t. Ngay sau khi thu ho\u1ea1ch, rong bi\u1ec3n \u0111\u01b0\u1ee3c ch\u1ebf bi\u1ebfn b\u1eb1ng quy tr\u00ecnh ti\u00ean ti\u1ebfn, \u0111\u1ea3m b\u1ea3o gi\u1eef nguy\u00ean \u0111\u1ed9 t\u01b0\u01a1i, dinh d\u01b0\u1ee1ng v\u00e0 h\u01b0\u01a1ng v\u1ecb. \u0110\u1eb7c bi\u1ec7t, s\u1ea3n ph\u1ea9m \u0111\u01b0\u1ee3c c\u1ea5p \u0111\u00f4ng nhanh \u0111\u1ec3 b\u1ea3o qu\u1ea3n s\u1ef1 t\u01b0\u01a1i ngon su\u1ed1t qu\u00e1 tr\u00ecnh v\u1eadn chuy\u1ec3n v\u00e0 b\u1ea3o qu\u1ea3n.<\/p>\n<p><img fetchpriority=\"high\" decoding=\"async\" class=\"size-full wp-image-36293 aligncenter\" src=\"https:\/\/havamall.vn\/wp-content\/uploads\/2024\/09\/zeewiersalade-chuka-wakame-115732130.png\" alt=\"\" width=\"800\" height=\"661\" \/><\/p>\n<p>Chuka Wakame \u2013 Salad Rong Bi\u1ec3n Tr\u1ed9n M\u00e8 c\u1ee7a Azuma l\u00e0 s\u1ef1 k\u1ebft h\u1ee3p tinh t\u1ebf gi\u1eefa rong bi\u1ec3n wakame v\u00e0 m\u00e8 rang, t\u1ea1o n\u00ean m\u1ed9t m\u00f3n \u0103n truy\u1ec1n th\u1ed1ng Nh\u1eadt B\u1ea3n \u0111\u01b0\u1ee3c y\u00eau th\u00edch tr\u00ean to\u00e0n th\u1ebf gi\u1edbi. V\u1edbi h\u01b0\u01a1ng v\u1ecb thanh m\u00e1t, s\u1ea3ng kho\u00e1i c\u1ee7a rong bi\u1ec3n v\u00e0 ch\u00fat b\u00e9o ng\u1eady t\u1eeb m\u00e8, m\u00f3n salad n\u00e0y kh\u00f4ng ch\u1ec9 l\u00e0 m\u00f3n \u0103n khai v\u1ecb tuy\u1ec7t v\u1eddi m\u00e0 c\u00f2n l\u00e0 ngu\u1ed3n dinh d\u01b0\u1ee1ng phong ph\u00fa cho c\u01a1 th\u1ec3. Rong bi\u1ec3n wakame kh\u00f4ng ch\u1ec9 n\u1ed5i b\u1eadt b\u1edfi v\u1ecb ngon gi\u00f2n m\u00e0 c\u00f2n ch\u1ee9a \u0111\u1ef1ng v\u00f4 v\u00e0n kho\u00e1ng ch\u1ea5t v\u00e0 vitamin, r\u1ea5t t\u1ed1t cho s\u1ee9c kh\u1ecfe. S\u1ea3n ph\u1ea9m \u0111\u00e3 \u0111\u01b0\u1ee3c ch\u1ebf bi\u1ebfn s\u1eb5n, ti\u1ec7n l\u1ee3i cho nh\u1eefng ai y\u00eau th\u00edch s\u1ef1 nhanh g\u1ecdn m\u00e0 v\u1eabn mu\u1ed1n th\u01b0\u1edfng th\u1ee9c m\u00f3n \u0103n ch\u1ea5t l\u01b0\u1ee3ng.<\/p>\n<p><img decoding=\"async\" class=\"wp-image-36292 aligncenter\" src=\"https:\/\/havamall.vn\/wp-content\/uploads\/2024\/09\/shutterstock_279344777_0.jpg\" alt=\"\" width=\"801\" height=\"507\" \/><\/p>\n<h3><strong>\u0110\u1eb7c \u0111i\u1ec3m s\u1ea3n ph\u1ea9m<\/strong><\/h3>\n<p>&#8211; H\u01b0\u01a1ng v\u1ecb thanh m\u00e1t: S\u1ef1 k\u1ebft h\u1ee3p h\u00e0i h\u00f2a gi\u1eefa v\u1ecb thanh m\u00e1t c\u1ee7a rong bi\u1ec3n v\u00e0 h\u01b0\u01a1ng th\u01a1m b\u00e9o ng\u1eady c\u1ee7a m\u00e8 rang.<\/p>\n<p>&#8211; Gi\u00e0u dinh d\u01b0\u1ee1ng: Rong bi\u1ec3n wakame n\u1ed5i ti\u1ebfng v\u1edbi l\u01b0\u1ee3ng kho\u00e1ng ch\u1ea5t v\u00e0 vitamin d\u1ed3i d\u00e0o, \u0111\u1eb7c bi\u1ec7t l\u00e0 canxi, s\u1eaft, v\u00e0 i-\u1ed1t, gi\u00fap b\u1ed5 sung n\u0103ng l\u01b0\u1ee3ng v\u00e0 t\u0103ng c\u01b0\u1eddng s\u1ee9c kh\u1ecfe.<\/p>\n<p>&#8211; D\u1ec5 s\u1eed d\u1ee5ng: S\u1ea3n ph\u1ea9m \u0111\u00e3 \u0111\u01b0\u1ee3c ch\u1ebf bi\u1ebfn s\u1eb5n v\u00e0 \u0111\u00f4ng l\u1ea1nh, ch\u1ec9 c\u1ea7n r\u00e3 \u0111\u00f4ng l\u00e0 c\u00f3 th\u1ec3 s\u1eed d\u1ee5ng ngay, ti\u1ebft ki\u1ec7m th\u1eddi gian chu\u1ea9n b\u1ecb.<\/p>\n<p>&#8211; \u0110a d\u1ea1ng m\u00f3n \u0103n: Salad Rong Bi\u1ec3n Chuka Wakame c\u00f3 th\u1ec3 d\u00f9ng l\u00e0m m\u00f3n khai v\u1ecb, tr\u1ed9n c\u00f9ng c\u01a1m ho\u1eb7c sushi, ho\u1eb7c \u0103n k\u00e8m v\u1edbi c\u00e1c m\u00f3n ch\u00ednh \u0111\u1ec3 t\u0103ng h\u01b0\u01a1ng v\u1ecb.<\/p>\n<p><img decoding=\"async\" class=\"wp-image-36294 aligncenter\" src=\"https:\/\/havamall.vn\/wp-content\/uploads\/2024\/09\/ISEA01_4344x-1024x768.webp\" alt=\"\" width=\"801\" height=\"601\" \/><\/p>\n<h3><strong>H\u01b0\u1edbng d\u1eabn s\u1eed d\u1ee5ng<\/strong><\/h3>\n<p>&#8211; R\u00e3 \u0111\u00f4ng t\u1ef1 nhi\u00ean: \u0110\u1ec3 s\u1ea3n ph\u1ea9m trong ng\u0103n m\u00e1t t\u1ee7 l\u1ea1nh cho \u0111\u1ebfn khi r\u00e3 \u0111\u00f4ng ho\u00e0n to\u00e0n.<\/p>\n<p>&#8211; S\u1eed d\u1ee5ng tr\u1ef1c ti\u1ebfp: Sau khi r\u00e3 \u0111\u00f4ng, Chuka Wakame c\u00f3 th\u1ec3 \u0111\u01b0\u1ee3c s\u1eed d\u1ee5ng ngay nh\u01b0 m\u1ed9t m\u00f3n \u0103n k\u00e8m ho\u1eb7c tr\u1ed9n v\u1edbi c\u00e1c m\u00f3n salad kh\u00e1c.<\/p>\n<p>&#8211; K\u1ebft h\u1ee3p s\u00e1ng t\u1ea1o: B\u1ea1n c\u0169ng c\u00f3 th\u1ec3 s\u1eed d\u1ee5ng s\u1ea3n ph\u1ea9m n\u00e0y trong c\u00e1c m\u00f3n sushi, ho\u1eb7c l\u00e0m topping cho m\u00f3n c\u01a1m tr\u1ed9n Nh\u1eadt B\u1ea3n.<\/p>\n<p><img loading=\"lazy\" decoding=\"async\" class=\"wp-image-36295 aligncenter\" src=\"https:\/\/havamall.vn\/wp-content\/uploads\/2024\/09\/GKCW02_600x.webp\" alt=\"\" width=\"798\" height=\"599\" \/><\/p>\n<h3><strong>Havamall \u2013 ph\u00e2n ph\u1ed1i c\u00e1c s\u1ea3n ph\u1ea9m ch\u00ednh h\u00e3ng, ch\u1ea5t l\u01b0\u1ee3ng<\/strong><\/h3>\n<p>V\u1edbi kinh nghi\u1ec7m trong ng\u00e0nh nh\u1eadp kh\u1ea9u v\u00e0 ph\u00e2n ph\u1ed1i th\u1ef1c ph\u1ea9m, \u0111\u1ed3 u\u1ed1ng v\u00e0 nguy\u00ean li\u1ec7u th\u1ef1c ph\u1ea9m, C\u00f4ng ty Havamall Vi\u1ec7t Nam l\u00e0 m\u1ed9t trong nh\u1eefng \u0111\u01a1n v\u1ecb cung \u1ee9ng s\u1ea3n ph\u1ea9m h\u00e0ng \u0111\u1ea7u cho c\u00e1c \u0111\u1ed1i t\u00e1c chuy\u00ean nghi\u1ec7p, danh ti\u1ebfng tr\u00ean kh\u1eafp c\u1ea3 n\u01b0\u1edbc.<\/p>\n<p>C\u00e1c s\u1ea3n ph\u1ea9m do C\u00f4ng ty Havamall Vi\u1ec7t Nam ph\u00e2n ph\u1ed1i \u0111\u1ec1u \u0111\u01b0\u1ee3c nh\u1eadp kh\u1ea9u t\u1eeb ch\u00e2u \u00c2u, ch\u00e2u \u00dac, \u0111\u1ea3m b\u1ea3o c\u00e1c ti\u00eau chu\u1ea9n v\u1ec1 v\u1ec7 sinh an to\u00e0n th\u1ef1c ph\u1ea9m kh\u1eaft khe nh\u01b0 HACCP, ISO. V\u1edbi h\u1ec7 th\u1ed1ng chi nh\u00e1nh, kho v\u1eadn tr\u1ea3i d\u00e0i kh\u1eafp Vi\u1ec7t Nam, C\u00f4ng ty Havamall Vi\u1ec7t Nam c\u00f3 th\u1ec3 \u0111\u00e1p \u1ee9ng \u0111\u01b0\u1ee3c nhu c\u1ea7u v\u1ec1 s\u1ed1 l\u01b0\u1ee3ng v\u00e0 ch\u1ea5t l\u01b0\u1ee3ng c\u1ee7a kh\u00e1ch h\u00e0ng.<\/p>\n<\/div>\n<\/div>\n<\/div>\n<\/div>","protected":false},"excerpt":{"rendered":"<p>TH\u00d4NG TIN CHUNG Th\u01b0\u01a1ng hi\u1ec7u Azuma Foods Xu\u1ea5t x\u1ee9 Trung Qu\u1ed1c H\u1ea1n s\u1eed d\u1ee5ng 18 th\u00e1ng H\u01b0\u1edbng d\u1eabn s\u1eed d\u1ee5ng<\/p>","protected":false},"featured_media":35556,"comment_status":"open","ping_status":"closed","template":"","meta":[],"product_brand":[],"product_cat":[674,275,496,36],"product_tag":[],"class_list":{"0":"post-35555","1":"product","2":"type-product","3":"status-publish","4":"has-post-thumbnail","6":"product_cat-nhap-khau-trung-quoc","7":"product_cat-thuc-pham-dong-lanh","8":"product_cat-thuc-pham-thuan-chay","9":"product_cat-thuc-pham-tieu-dung","11":"first","12":"instock","13":"sale","14":"shipping-taxable","15":"purchasable","16":"product-type-simple"},"_links":{"self":[{"href":"https:\/\/havamall.vn\/en\/wp-json\/wp\/v2\/product\/35555"}],"collection":[{"href":"https:\/\/havamall.vn\/en\/wp-json\/wp\/v2\/product"}],"about":[{"href":"https:\/\/havamall.vn\/en\/wp-json\/wp\/v2\/types\/product"}],"replies":[{"embeddable":true,"href":"https:\/\/havamall.vn\/en\/wp-json\/wp\/v2\/comments?post=35555"}],"version-history":[{"count":0,"href":"https:\/\/havamall.vn\/en\/wp-json\/wp\/v2\/product\/35555\/revisions"}],"wp:featuredmedia":[{"embeddable":true,"href":"https:\/\/havamall.vn\/en\/wp-json\/wp\/v2\/media\/35556"}],"wp:attachment":[{"href":"https:\/\/havamall.vn\/en\/wp-json\/wp\/v2\/media?parent=35555"}],"wp:term":[{"taxonomy":"product_brand","embeddable":true,"href":"https:\/\/havamall.vn\/en\/wp-json\/wp\/v2\/product_brand?post=35555"},{"taxonomy":"product_cat","embeddable":true,"href":"https:\/\/havamall.vn\/en\/wp-json\/wp\/v2\/product_cat?post=35555"},{"taxonomy":"product_tag","embeddable":true,"href":"https:\/\/havamall.vn\/en\/wp-json\/wp\/v2\/product_tag?post=35555"}],"curies":[{"name":"wp","href":"https:\/\/api.w.org\/{rel}","templated":true}]}}