{"id":35552,"date":"2024-09-25T12:24:45","date_gmt":"2024-09-25T05:24:45","guid":{"rendered":"https:\/\/havamall.vn\/?post_type=product&#038;p=35552"},"modified":"2024-09-25T12:24:45","modified_gmt":"2024-09-25T05:24:45","slug":"nho-kho-nguyen-canh-thompson-cluster-uc-150gr-australian-thompson-cluster","status":"publish","type":"product","link":"https:\/\/havamall.vn\/en\/shop\/nho-kho-nguyen-canh-thompson-cluster-uc-150gr-australian-thompson-cluster\/","title":{"rendered":"Nho Kh\u00f4 Nguy\u00ean C\u00e0nh Thompson Cluster \u00dac 150gr &#8211; Australian Thompson Cluster"},"content":{"rendered":"<h2 class=\"product-detail__specs-title\"><strong>TH\u00d4NG TIN CHUNG<\/strong><\/h2>\n<div id=\"js-product-detail__specs\" class=\"product-detail__specs\">\n<div class=\"row\">\n<div class=\"col-sm-12\">\n<div class=\"product-specs__table\">\n<table>\n<tbody>\n<tr>\n<td class=\"specs-table__property\">Th\u01b0\u01a1ng hi\u1ec7u<\/td>\n<td class=\"specs-table__value\">No Brand<\/td>\n<\/tr>\n<tr>\n<td class=\"specs-table__property\">Xu\u1ea5t x\u1ee9<\/td>\n<td class=\"specs-table__value\">Australian (\u00dac)<\/td>\n<\/tr>\n<tr>\n<td class=\"specs-table__property\">H\u1ea1n s\u1eed d\u1ee5ng<\/td>\n<td class=\"specs-table__value\">Xem tr\u00ean bao b\u00ec<\/td>\n<\/tr>\n<tr>\n<td class=\"specs-table__property\">H\u01b0\u1edbng d\u1eabn s\u1eed d\u1ee5ng<\/td>\n<td class=\"specs-table__value\">S\u1eed d\u1ee5ng tr\u1ef1c ti\u1ebfp ho\u1eb7c ch\u1ebf bi\u1ebfn m\u00f3n \u0103n<\/td>\n<\/tr>\n<tr>\n<td class=\"specs-table__property\">H\u01b0\u1edbng d\u1eabn b\u1ea3o qu\u1ea3n<\/td>\n<td class=\"specs-table__value\">N\u01a1i kh\u00f4 r\u00e1o, tho\u00e1ng m\u00e1t, tr\u00e1nh \u00e1nh n\u1eafng tr\u1ef1c ti\u1ebfp<\/td>\n<\/tr>\n<tr>\n<td class=\"specs-table__property\">Th\u00e0nh ph\u1ea7n nguy\u00ean li\u1ec7u<\/td>\n<td class=\"specs-table__value\">Xem tr\u00ean bao b\u00ec<\/td>\n<\/tr>\n<tr>\n<td class=\"specs-table__property\">Kh\u1ed1i l\u01b0\u1ee3ng<\/td>\n<td class=\"specs-table__value\">150gr<\/td>\n<\/tr>\n<\/tbody>\n<\/table>\n<p>Nho kh\u00f4 nguy\u00ean c\u00e0nh Thompson Clusters \u0111\u01b0\u1ee3c nh\u1eadp kh\u1ea9u tr\u1ef1c ti\u1ebfp t\u1eeb \u00dac, \u0111\u01b0\u1ee3c s\u1ea3n xu\u1ea5t t\u1eeb nh\u1eefng ch\u00f9m nho t\u01b0\u01a1i ngon, ch\u00edn m\u1ecdng, \u0111\u01b0\u1ee3c l\u1ef1a ch\u1ecdn c\u1ea9n th\u1eadn t\u1eeb nh\u1eefng v\u01b0\u1eddn nho ch\u1ea5t l\u01b0\u1ee3ng cao, \u00dac c\u0169ng l\u00e0 n\u01a1i n\u1ed5i ti\u1ebfng v\u1edbi nh\u1eefng v\u01b0\u1eddn nho tr\u00f9 ph\u00fa v\u00e0 kh\u00ed h\u1eadu ho\u00e0n h\u1ea3o cho vi\u1ec7c tr\u1ed3ng tr\u1ecdt nho ch\u1ea5t l\u01b0\u1ee3ng cao. Nh\u1eefng ch\u00f9m nho ch\u00edn m\u1ecdng \u0111\u01b0\u1ee3c ph\u01a1i kh\u00f4 t\u1ef1 nhi\u00ean ngay tr\u00ean c\u00e0nh, gi\u1eef tr\u1ecdn h\u01b0\u01a1ng v\u1ecb t\u01b0\u01a1i ngon v\u00e0 gi\u00e1 tr\u1ecb dinh d\u01b0\u1ee1ng.<img fetchpriority=\"high\" decoding=\"async\" class=\"wp-image-36277 aligncenter\" src=\"https:\/\/havamall.vn\/wp-content\/uploads\/2024\/09\/news_s59-1024x1024.jpg\" alt=\"\" width=\"801\" height=\"801\" \/><\/p>\n<p>Nho kh\u00f4 Thompson n\u1ed5i b\u1eadt v\u1edbi v\u1ecb ng\u1ecdt thanh. S\u1ef1 h\u00f2a quy\u1ec7n gi\u1eefa v\u1ecb ng\u1ecdt t\u1ef1 nhi\u00ean v\u00e0 m\u1ed9t ch\u00fat chua nh\u1eb9 t\u1ea1o n\u00ean m\u1ed9t h\u01b0\u01a1ng v\u1ecb kh\u00f3 qu\u00ean. \u0110\u00e2y l\u00e0 l\u1ef1a ch\u1ecdn ho\u00e0n h\u1ea3o cho nh\u1eefng ai y\u00eau th\u00edch v\u1ecb ng\u1ecdt s\u00e2u, phong ph\u00fa t\u1eeb tr\u00e1i c\u00e2y kh\u00f4. Nho c\u00f3 m\u00e0u v\u00e0ng s\u00e1ng ho\u1eb7c t\u00edm \u0111en, k\u1ebft c\u1ea5u d\u1ebbo, m\u1ec1m m\u1ea1i v\u00e0 d\u1ec5 \u0103n, mang l\u1ea1i c\u1ea3m gi\u00e1c d\u1ec5 ch\u1ecbu khi th\u01b0\u1edfng th\u1ee9c. H\u00ecnh th\u1ee9c nguy\u00ean c\u00e0nh \u0111\u1ed9c \u0111\u00e1o gi\u00fap gi\u1eef tr\u1ecdn v\u1eb9n c\u1ea3 ph\u1ea7n th\u1ecbt qu\u1ea3 v\u00e0 h\u01b0\u01a1ng v\u1ecb, mang \u0111\u1ebfn m\u1ed9t s\u1ea3n ph\u1ea9m ho\u00e0n h\u1ea3o t\u1eeb v\u1ebb ngo\u00e0i \u0111\u1ebfn ch\u1ea5t l\u01b0\u1ee3ng b\u00ean trong.<\/p>\n<p>Nho kh\u00f4 nguy\u00ean c\u00e0nh Thompson l\u00e0 m\u00f3n \u0103n nh\u1eb9 l\u00fd t\u01b0\u1edfng, cung c\u1ea5p n\u0103ng l\u01b0\u1ee3ng d\u1ed3i d\u00e0o. B\u1ea1n c\u00f3 th\u1ec3 d\u00f9ng tr\u1ef1c ti\u1ebfp ho\u1eb7c k\u1ebft h\u1ee3p trong c\u00e1c m\u00f3n \u0103n nh\u01b0 salad, b\u00e1nh n\u01b0\u1edbng, ho\u1eb7c d\u00f9ng l\u00e0m topping cho ng\u0169 c\u1ed1c, s\u1eefa chua. S\u1ef1 d\u1ebbo ng\u1ecdt t\u1ef1 nhi\u00ean c\u1ee7a nho kh\u00f4 c\u0169ng r\u1ea5t ph\u00f9 h\u1ee3p \u0111\u1ec3 \u0103n k\u00e8m v\u1edbi ph\u00f4 mai v\u00e0 c\u00e1c lo\u1ea1i h\u1ea1t.<\/p>\n<p><img decoding=\"async\" class=\"wp-image-36278 aligncenter\" src=\"https:\/\/havamall.vn\/wp-content\/uploads\/2024\/09\/unnamed-5.jpg\" alt=\"\" width=\"800\" height=\"450\" \/><\/p>\n<h3><strong>Gi\u00e1 tr\u1ecb dinh d\u01b0\u1ee1ng<\/strong><\/h3>\n<p>&#8211; Gi\u1ea3m t\u00ecnh tr\u1ea1ng thi\u1ebfu m\u00e1u: Nho kh\u00f4 kh\u00f4ng h\u1ea1t ch\u1ee9a s\u1eaft, vitamin B v\u00e0 nhi\u1ec1u kho\u00e1ng ch\u1ea5t quan tr\u1ecdng, h\u1ed7 tr\u1ee3 c\u01a1 th\u1ec3 s\u1ea3n sinh h\u1ed3ng c\u1ea7u. \u0110i\u1ec1u n\u00e0y gi\u00fap gi\u1ea3m nguy c\u01a1 thi\u1ebfu m\u00e1u v\u00e0 t\u0103ng c\u01b0\u1eddng s\u1ee9c kh\u1ecfe t\u1ed5ng th\u1ec3.<\/p>\n<p>&#8211; Gi\u1ea3i \u0111\u1ed9c c\u01a1 th\u1ec3: S\u1eed d\u1ee5ng nho kh\u00f4 th\u01b0\u1eddng xuy\u00ean gi\u00fap gan v\u00e0 th\u1eadn lo\u1ea1i b\u1ecf \u0111\u1ed9c t\u1ed1 t\u00edch t\u1ee5, mang l\u1ea1i hi\u1ec7u qu\u1ea3 gi\u1ea3i \u0111\u1ed9c t\u1ef1 nhi\u00ean, gi\u00fap c\u01a1 th\u1ec3 kh\u1ecfe m\u1ea1nh v\u00e0 tr\u00e0n \u0111\u1ea7y s\u1ee9c s\u1ed1ng.<\/p>\n<p>&#8211; T\u1ed1t cho r\u0103ng, tr\u1ecb h\u00f4i mi\u1ec7ng: \u00cdt ai bi\u1ebft r\u1eb1ng nho kh\u00f4 kh\u00f4ng h\u1ea1t gi\u00fap b\u1ea3o v\u1ec7 r\u0103ng mi\u1ec7ng, ng\u0103n ng\u1eeba s\u00e2u r\u0103ng v\u00e0 ch\u1ed1ng l\u1ea1i c\u00e1c vi khu\u1ea9n g\u00e2y h\u1ea1i. \u0110\u1eb7c bi\u1ec7t, n\u00f3 c\u00f2n gi\u00fap gi\u1ea3m t\u00ecnh tr\u1ea1ng h\u00f4i mi\u1ec7ng, mang l\u1ea1i h\u01a1i th\u1edf th\u01a1m tho.<\/p>\n<p>&#8211; C\u1ea3i thi\u1ec7n h\u1ec7 ti\u00eau h\u00f3a: Nho kh\u00f4 gi\u00e0u ch\u1ea5t x\u01a1, gi\u00fap th\u00fac \u0111\u1ea9y ho\u1ea1t \u0111\u1ed9ng c\u1ee7a h\u1ec7 ti\u00eau h\u00f3a, ng\u0103n ng\u1eeba t\u00e1o b\u00f3n v\u00e0 t\u0103ng c\u01b0\u1eddng s\u1ef1 h\u1ea5p th\u1ee5 dinh d\u01b0\u1ee1ng t\u1eeb th\u1ef1c ph\u1ea9m.<\/p>\n<p>&#8211; Cung c\u1ea5p n\u0103ng l\u01b0\u1ee3ng: Nho kh\u00f4 kh\u00f4ng h\u1ea1t ch\u1ee9a \u0111\u01b0\u1eddng t\u1ef1 nhi\u00ean nh\u01b0 Fructose v\u00e0 Glucose, gi\u00fap gi\u1ea3m m\u1ec7t m\u1ecfi, cung c\u1ea5p n\u0103ng l\u01b0\u1ee3ng d\u1ed3i d\u00e0o v\u00e0 c\u1ea3i thi\u1ec7n tinh th\u1ea7n s\u1ea3ng kho\u00e1i.<\/p>\n<p>&#8211; T\u1ed1t cho s\u1ee9c kh\u1ecfe m\u1eaft: Ch\u1ea5t ch\u1ed1ng oxy h\u00f3a c\u00f3 trong nho kh\u00f4 gi\u00fap b\u1ea3o v\u1ec7 m\u1eaft kh\u1ecfi c\u00e1c g\u1ed1c t\u1ef1 do g\u00e2y h\u1ea1i, l\u00e0m gi\u1ea3m nguy c\u01a1 m\u1eafc c\u00e1c b\u1ec7nh nh\u01b0 tho\u00e1i h\u00f3a \u0111i\u1ec3m v\u00e0ng v\u00e0 \u0111\u1ee5c th\u1ee7y tinh th\u1ec3.<img decoding=\"async\" class=\"wp-image-36279 aligncenter\" src=\"https:\/\/havamall.vn\/wp-content\/uploads\/2024\/09\/banh-trung-nho-kho-recipe-main-photo.jpg\" alt=\"\" width=\"801\" height=\"568\" \/><\/p>\n<h3><strong>\u0110\u1eb7c \u0111i\u1ec3m n\u1ed5i b\u1eadt<\/strong><\/h3>\n<p>&#8211; Xu\u1ea5t x\u1ee9 t\u1eeb \u00dac: Nho \u0111\u01b0\u1ee3c tr\u1ed3ng v\u00e0 ph\u01a1i kh\u00f4 t\u1ef1 nhi\u00ean t\u1ea1i c\u00e1c trang tr\u1ea1i \u1edf \u00dac, \u0111\u1ea3m b\u1ea3o ch\u1ea5t l\u01b0\u1ee3ng v\u00e0 \u0111\u1ed9 ngon v\u01b0\u1ee3t tr\u1ed9i.<\/p>\n<p>&#8211; Ng\u1ecdt \u0111\u1eadm, d\u1ebbo th\u01a1m: V\u1ecb ng\u1ecdt \u0111\u1eadm \u0111\u1eb7c tr\u01b0ng k\u1ebft h\u1ee3p v\u1edbi k\u1ebft c\u1ea5u d\u1ebbo dai mang \u0111\u1ebfn tr\u1ea3i nghi\u1ec7m th\u01b0\u1edfng th\u1ee9c tuy\u1ec7t v\u1eddi.<\/p>\n<p>&#8211; Kh\u00f4ng ch\u1ea5t b\u1ea3o qu\u1ea3n: S\u1ea3n ph\u1ea9m ho\u00e0n to\u00e0n t\u1ef1 nhi\u00ean, kh\u00f4ng ch\u1ee9a \u0111\u01b0\u1eddng hay ph\u1ee5 gia, \u0111\u1ea3m b\u1ea3o an to\u00e0n v\u00e0 gi\u00e0u dinh d\u01b0\u1ee1ng.<\/p>\n<p>&#8211; Gi\u00e0u d\u01b0\u1ee1ng ch\u1ea5t: Nho cung c\u1ea5p nhi\u1ec1u ch\u1ea5t x\u01a1, vitamin v\u00e0 kho\u00e1ng ch\u1ea5t thi\u1ebft y\u1ebfu, h\u1ed7 tr\u1ee3 ti\u00eau h\u00f3a v\u00e0 b\u1ed5 sung n\u0103ng l\u01b0\u1ee3ng.<\/p>\n<p><img loading=\"lazy\" decoding=\"async\" class=\"wp-image-36280 aligncenter\" src=\"https:\/\/havamall.vn\/wp-content\/uploads\/2024\/09\/cooky-recipe-cover-r47428.jpeg\" alt=\"\" width=\"800\" height=\"417\" \/><\/p>\n<h3><strong>Havamall \u2013 ph\u00e2n ph\u1ed1i c\u00e1c s\u1ea3n ph\u1ea9m ch\u00ednh h\u00e3ng, ch\u1ea5t l\u01b0\u1ee3ng<\/strong><\/h3>\n<p>V\u1edbi kinh nghi\u1ec7m trong ng\u00e0nh nh\u1eadp kh\u1ea9u v\u00e0 ph\u00e2n ph\u1ed1i th\u1ef1c ph\u1ea9m, \u0111\u1ed3 u\u1ed1ng v\u00e0 nguy\u00ean li\u1ec7u th\u1ef1c ph\u1ea9m, C\u00f4ng ty Havamall Vi\u1ec7t Nam l\u00e0 m\u1ed9t trong nh\u1eefng \u0111\u01a1n v\u1ecb cung \u1ee9ng s\u1ea3n ph\u1ea9m h\u00e0ng \u0111\u1ea7u cho c\u00e1c \u0111\u1ed1i t\u00e1c chuy\u00ean nghi\u1ec7p, danh ti\u1ebfng tr\u00ean kh\u1eafp c\u1ea3 n\u01b0\u1edbc.<\/p>\n<p>C\u00e1c s\u1ea3n ph\u1ea9m do C\u00f4ng ty Havamall Vi\u1ec7t Nam ph\u00e2n ph\u1ed1i \u0111\u1ec1u \u0111\u01b0\u1ee3c nh\u1eadp kh\u1ea9u t\u1eeb ch\u00e2u \u00c2u, ch\u00e2u \u00dac, \u0111\u1ea3m b\u1ea3o c\u00e1c ti\u00eau chu\u1ea9n v\u1ec1 v\u1ec7 sinh an to\u00e0n th\u1ef1c ph\u1ea9m kh\u1eaft khe nh\u01b0 HACCP, ISO. V\u1edbi h\u1ec7 th\u1ed1ng chi nh\u00e1nh, kho v\u1eadn tr\u1ea3i d\u00e0i kh\u1eafp Vi\u1ec7t Nam, C\u00f4ng ty Havamall Vi\u1ec7t Nam c\u00f3 th\u1ec3 \u0111\u00e1p \u1ee9ng \u0111\u01b0\u1ee3c nhu c\u1ea7u v\u1ec1 s\u1ed1 l\u01b0\u1ee3ng v\u00e0 ch\u1ea5t l\u01b0\u1ee3ng c\u1ee7a kh\u00e1ch h\u00e0ng.<\/p>\n<\/div>\n<\/div>\n<\/div>\n<\/div>","protected":false},"excerpt":{"rendered":"<p>TH\u00d4NG TIN CHUNG Th\u01b0\u01a1ng hi\u1ec7u No Brand Xu\u1ea5t x\u1ee9 Australian (\u00dac) H\u1ea1n s\u1eed d\u1ee5ng Xem tr\u00ean bao b\u00ec H\u01b0\u1edbng d\u1eabn<\/p>","protected":false},"featured_media":35553,"comment_status":"open","ping_status":"closed","template":"","meta":[],"product_brand":[],"product_cat":[36,134],"product_tag":[],"class_list":{"0":"post-35552","1":"product","2":"type-product","3":"status-publish","4":"has-post-thumbnail","6":"product_cat-thuc-pham-tieu-dung","7":"product_cat-thucpham-saykho","9":"first","10":"instock","11":"sale","12":"shipping-taxable","13":"purchasable","14":"product-type-simple"},"_links":{"self":[{"href":"https:\/\/havamall.vn\/en\/wp-json\/wp\/v2\/product\/35552"}],"collection":[{"href":"https:\/\/havamall.vn\/en\/wp-json\/wp\/v2\/product"}],"about":[{"href":"https:\/\/havamall.vn\/en\/wp-json\/wp\/v2\/types\/product"}],"replies":[{"embeddable":true,"href":"https:\/\/havamall.vn\/en\/wp-json\/wp\/v2\/comments?post=35552"}],"version-history":[{"count":0,"href":"https:\/\/havamall.vn\/en\/wp-json\/wp\/v2\/product\/35552\/revisions"}],"wp:featuredmedia":[{"embeddable":true,"href":"https:\/\/havamall.vn\/en\/wp-json\/wp\/v2\/media\/35553"}],"wp:attachment":[{"href":"https:\/\/havamall.vn\/en\/wp-json\/wp\/v2\/media?parent=35552"}],"wp:term":[{"taxonomy":"product_brand","embeddable":true,"href":"https:\/\/havamall.vn\/en\/wp-json\/wp\/v2\/product_brand?post=35552"},{"taxonomy":"product_cat","embeddable":true,"href":"https:\/\/havamall.vn\/en\/wp-json\/wp\/v2\/product_cat?post=35552"},{"taxonomy":"product_tag","embeddable":true,"href":"https:\/\/havamall.vn\/en\/wp-json\/wp\/v2\/product_tag?post=35552"}],"curies":[{"name":"wp","href":"https:\/\/api.w.org\/{rel}","templated":true}]}}