{"id":35547,"date":"2024-09-21T13:19:55","date_gmt":"2024-09-21T06:19:55","guid":{"rendered":"https:\/\/havamall.vn\/?post_type=product&#038;p=35547"},"modified":"2025-12-06T14:51:26","modified_gmt":"2025-12-06T07:51:26","slug":"tra-gung-mat-ong-vi-a-vien-ginger-honey-tea-300g","status":"publish","type":"product","link":"https:\/\/havamall.vn\/en\/shop\/tra-gung-mat-ong-vi-a-vien-ginger-honey-tea-300g\/","title":{"rendered":"Tr\u00e0 G\u1eebng M\u1eadt Ong V\u1ecb \u00c1 ( Vi\u00ean) &#8211; Ginger Honey Tea 300g"},"content":{"rendered":"<h2 class=\"product-detail__specs-title\"><strong>TH\u00d4NG TIN CHUNG<\/strong><\/h2>\n<div id=\"js-product-detail__specs\" class=\"product-detail__specs\">\n<div class=\"row\">\n<div class=\"col-sm-12\">\n<div class=\"product-specs__table\">\n<table>\n<tbody>\n<tr>\n<td class=\"specs-table__property\">Th\u01b0\u01a1ng hi\u1ec7u<\/td>\n<td class=\"specs-table__value\">V\u1ecb \u00c1<\/td>\n<\/tr>\n<tr>\n<td class=\"specs-table__property\">Xu\u1ea5t x\u1ee9<\/td>\n<td class=\"specs-table__value\">Vi\u1ec7t Nam<\/td>\n<\/tr>\n<tr>\n<td class=\"specs-table__property\">H\u1ea1n s\u1eed d\u1ee5ng<\/td>\n<td class=\"specs-table__value\">12 th\u00e1ng<\/td>\n<\/tr>\n<tr>\n<td class=\"specs-table__property\">H\u01b0\u1edbng d\u1eabn s\u1eed d\u1ee5ng<\/td>\n<td class=\"specs-table__value\">S\u1eed d\u1ee5ng 01 vi\u00ean Tr\u00e0 g\u1eebng M\u1eadt ong V\u1ecb \u00c1 v\u00e0 150ml n\u01b0\u1edbc s\u00f4i, khu\u1ea5y \u0111\u1ec1u \u0111\u1ec3 \u0111\u01b0\u1ee3c 01 ly Tr\u00e0 G\u1eebng M\u1eadt Ong<\/td>\n<\/tr>\n<tr>\n<td class=\"specs-table__property\">H\u01b0\u1edbng d\u1eabn b\u1ea3o qu\u1ea3n<\/td>\n<td class=\"specs-table__value\">N\u01a1i kh\u00f4 r\u00e1o, tho\u00e1ng m\u00e1t, tr\u00e1nh \u00e1nh n\u1eafng tr\u1ef1c ti\u1ebfp<\/td>\n<\/tr>\n<tr>\n<td class=\"specs-table__property\">Th\u00e0nh ph\u1ea7n nguy\u00ean li\u1ec7u<\/td>\n<td class=\"specs-table__value\">Xem tr\u00ean bao b\u00ec<\/td>\n<\/tr>\n<tr>\n<td class=\"specs-table__property\">Kh\u1ed1i l\u01b0\u1ee3ng<\/td>\n<td class=\"specs-table__value\">300gr<\/td>\n<\/tr>\n<\/tbody>\n<\/table>\n<p>V\u1ecb \u00c1 l\u00e0 th\u01b0\u01a1ng hi\u1ec7u h\u00e0ng \u0111\u1ea7u chuy\u00ean v\u1ec1 c\u00e1c s\u1ea3n ph\u1ea9m th\u1ea3o d\u01b0\u1ee3c v\u00e0 th\u1ef1c ph\u1ea9m ch\u1ee9c n\u0103ng, n\u1ed5i ti\u1ebfng v\u1edbi s\u1ef1 k\u1ebft h\u1ee3p ho\u00e0n h\u1ea3o gi\u1eefa truy\u1ec1n th\u1ed1ng \u0110\u00f4ng y v\u00e0 c\u00f4ng ngh\u1ec7 hi\u1ec7n \u0111\u1ea1i. V\u1edbi ph\u01b0\u01a1ng ch\u00e2m &#8220;Mang thi\u00ean nhi\u00ean \u0111\u1ebfn g\u1ea7n b\u1ea1n h\u01a1n&#8221;, V\u1ecb \u00c1 kh\u00f4ng ch\u1ec9 \u0111em l\u1ea1i nh\u1eefng s\u1ea3n ph\u1ea9m ch\u1ea5t l\u01b0\u1ee3ng, m\u00e0 c\u00f2n mang theo t\u00e2m huy\u1ebft trong vi\u1ec7c b\u1ea3o v\u1ec7 s\u1ee9c kh\u1ecfe c\u1ed9ng \u0111\u1ed3ng b\u1eb1ng c\u00e1c th\u00e0nh ph\u1ea7n t\u1ef1 nhi\u00ean v\u00e0 an to\u00e0n.<\/p>\n<p><img fetchpriority=\"high\" decoding=\"async\" class=\"wp-image-36228 aligncenter\" src=\"https:\/\/havamall.vn\/wp-content\/uploads\/2024\/09\/z5846689218935_34ab02c255679b1ef684be09574d97cc-1024x1024.jpg\" alt=\"\" width=\"1000\" height=\"1000\" \/><\/p>\n<p>Tr\u00e0 G\u1eebng M\u1eadt Ong V\u1ecb \u00c1 \u0111\u01b0\u1ee3c l\u00e0m t\u1eeb g\u1eebng t\u01b0\u01a1i h\u00e1i t\u1eeb nh\u1eefng v\u00f9ng cao nguy\u00ean trong l\u00e0nh, k\u1ebft h\u1ee3p c\u00f9ng m\u1eadt ong nguy\u00ean ch\u1ea5t thu ho\u1ea1ch t\u1eeb nh\u1eefng trang tr\u1ea1i ong h\u1eefu c\u01a1. S\u1ea3n ph\u1ea9m l\u00e0 k\u1ebft qu\u1ea3 c\u1ee7a quy tr\u00ecnh s\u1ea3n xu\u1ea5t ti\u00ean ti\u1ebfn, gi\u1eef nguy\u00ean c\u00e1c d\u01b0\u1ee1ng ch\u1ea5t qu\u00fd gi\u00e1 t\u1eeb thi\u00ean nhi\u00ean, t\u1ea1o n\u00ean m\u1ed9t lo\u1ea1i tr\u00e0 v\u1eeba th\u01a1m ngon, v\u1eeba c\u00f3 gi\u00e1 tr\u1ecb d\u01b0\u1ee3c li\u1ec7u, gi\u00fap b\u1ea1n ch\u0103m s\u00f3c s\u1ee9c kh\u1ecfe m\u1ed7i ng\u00e0y.<\/p>\n<p><img decoding=\"async\" class=\"wp-image-36229 aligncenter\" src=\"https:\/\/havamall.vn\/wp-content\/uploads\/2024\/09\/z5846689195578_4fe086f5bf182a335262de25dfc1c0a7-1024x1024.jpg\" alt=\"\" width=\"1000\" height=\"1000\" \/><\/p>\n<p>Tr\u00e0 G\u1eebng M\u1eadt Ong V\u1ecb \u00c1 kh\u00f4ng ch\u1ec9 \u0111\u01a1n thu\u1ea7n l\u00e0 m\u1ed9t th\u1ee9c u\u1ed1ng, m\u00e0 c\u00f2n l\u00e0 &#8220;v\u1ecb thu\u1ed1c&#8221; t\u1ef1 nhi\u00ean gi\u00fap b\u1ea1n c\u00e2n b\u1eb1ng cu\u1ed9c s\u1ed1ng. S\u1ef1 k\u1ebft h\u1ee3p gi\u1eefa g\u1eebng cay n\u1ed3ng v\u00e0 m\u1eadt ong ng\u1ecdt ng\u00e0o mang \u0111\u1ebfn tr\u1ea3i nghi\u1ec7m v\u1eeba th\u00fa v\u1ecb v\u1eeba b\u1ed5 d\u01b0\u1ee1ng. M\u1ed7i ly tr\u00e0 \u1ea5m \u00e1p nh\u01b0 chi\u1ebfc ch\u0103n qu\u1ea5n quanh c\u01a1 th\u1ec3 trong nh\u1eefng ng\u00e0y se l\u1ea1nh, gi\u00fap gi\u1ea3m c\u0103ng th\u1eb3ng, l\u00e0m d\u1ecbu c\u1ed5 h\u1ecdng v\u00e0 t\u0103ng c\u01b0\u1eddng s\u1ee9c \u0111\u1ec1 kh\u00e1ng. \u0110\u00e2y kh\u00f4ng ch\u1ec9 l\u00e0 m\u00f3n qu\u00e0 tuy\u1ec7t v\u1eddi cho b\u1ea3n th\u00e2n m\u00e0 c\u00f2n l\u00e0 s\u1ef1 l\u1ef1a ch\u1ecdn l\u00fd t\u01b0\u1edfng \u0111\u1ec3 t\u1eb7ng ng\u01b0\u1eddi th\u00e2n v\u00e0o nh\u1eefng d\u1ecbp \u0111\u1eb7c bi\u1ec7t.<\/p>\n<p><img decoding=\"async\" class=\"wp-image-36231 aligncenter\" src=\"https:\/\/havamall.vn\/wp-content\/uploads\/2024\/09\/z5846689218931_66ca1d355a413f299d985e2ff0df60ce-1024x1024.jpg\" alt=\"\" width=\"1000\" height=\"1000\" \/><\/p>\n<h3><strong>\u0110\u1eb7c \u0111i\u1ec3m n\u1ed5i b\u1eadt\u00a0<\/strong><\/h3>\n<p>&#8211; Ngu\u1ed3n nguy\u00ean li\u1ec7u cao c\u1ea5p: G\u1eebng t\u01b0\u01a1i gi\u00e0u tinh d\u1ea7u \u0111\u01b0\u1ee3c k\u1ebft h\u1ee3p v\u1edbi m\u1eadt ong nguy\u00ean ch\u1ea5t, kh\u00f4ng pha l\u1eabn b\u1ea5t k\u1ef3 h\u00f3a ch\u1ea5t hay ch\u1ea5t b\u1ea3o qu\u1ea3n n\u00e0o, mang l\u1ea1i h\u01b0\u01a1ng v\u1ecb t\u1ef1 nhi\u00ean v\u00e0 an to\u00e0n tuy\u1ec7t \u0111\u1ed1i.<\/p>\n<p>&#8211; C\u00f4ng d\u1ee5ng s\u1ee9c kh\u1ecfe \u0111a d\u1ea1ng: Tr\u00e0 G\u1eebng M\u1eadt Ong kh\u00f4ng ch\u1ec9 l\u00e0m \u1ea5m c\u01a1 th\u1ec3, m\u00e0 c\u00f2n h\u1ed7 tr\u1ee3 h\u1ec7 mi\u1ec5n d\u1ecbch, c\u1ea3i thi\u1ec7n h\u1ec7 ti\u00eau h\u00f3a v\u00e0 gi\u00fap gi\u1ea3m c\u00e1c tri\u1ec7u ch\u1ee9ng ho, c\u1ea3m l\u1ea1nh. G\u1eebng c\u00f3 t\u00ednh ch\u1ed1ng vi\u00eam v\u00e0 kh\u00e1ng khu\u1ea9n m\u1ea1nh m\u1ebd, trong khi m\u1eadt ong gi\u00fap l\u00e0m d\u1ecbu v\u00e0 b\u1ea3o v\u1ec7 c\u1ed5 h\u1ecdng.<\/p>\n<p>&#8211; H\u01b0\u01a1ng v\u1ecb tinh t\u1ebf: V\u1ecb cay nh\u1eb9 c\u1ee7a g\u1eebng h\u00f2a quy\u1ec7n v\u1edbi \u0111\u1ed9 ng\u1ecdt m\u01b0\u1ee3t c\u1ee7a m\u1eadt ong t\u1ea1o ra m\u1ed9t th\u1ee9c u\u1ed1ng v\u1eeba thanh, v\u1eeba \u0111\u1eadm, khi\u1ebfn b\u1ea5t c\u1ee9 ai th\u01b0\u1edfng th\u1ee9c \u0111\u1ec1u kh\u00f3 c\u00f3 th\u1ec3 qu\u00ean.<\/p>\n<p>&#8211; Thi\u1ebft k\u1ebf ti\u1ec7n d\u1ee5ng: \u0110\u00f3ng g\u00f3i ti\u1ec7n l\u1ee3i v\u00e0 \u0111\u1eb9p m\u1eaft, d\u1ec5 d\u00e0ng s\u1eed d\u1ee5ng v\u00e0 mang theo. \u0110\u00e2y l\u00e0 l\u1ef1a ch\u1ecdn ho\u00e0n h\u1ea3o cho nh\u1eefng ng\u01b0\u1eddi y\u00eau th\u00edch s\u1ef1 ti\u1ec7n l\u1ee3i nh\u01b0ng v\u1eabn mu\u1ed1n gi\u1eef cho s\u1ee9c kh\u1ecfe lu\u00f4n \u1ed5n \u0111\u1ecbnh.<\/p>\n<p><img loading=\"lazy\" decoding=\"async\" class=\"wp-image-36230 aligncenter\" src=\"https:\/\/havamall.vn\/wp-content\/uploads\/2024\/09\/z5846689218936_f557cc8a226f8910d4b310840510b9b9-1024x1024.jpg\" alt=\"\" width=\"1001\" height=\"1001\" \/><\/p>\n<h3><strong>H\u01b0\u1edbng d\u1eabn s\u1eed d\u1ee5ng<\/strong><\/h3>\n<p>&#8211; Pha 2-3 mu\u1ed7ng tr\u00e0 v\u00e0o c\u1ed1c n\u01b0\u1edbc n\u00f3ng 180ml, khu\u1ea5y \u0111\u1ec1u v\u00e0 th\u01b0\u1edfng th\u1ee9c khi c\u00f2n \u1ea5m. \u0110\u1ec3 t\u0103ng h\u01b0\u01a1ng v\u1ecb, b\u1ea1n c\u00f3 th\u1ec3 th\u00eam m\u1ed9t ch\u00fat chanh t\u01b0\u01a1i ho\u1eb7c qu\u1ebf.<\/p>\n<p>&#8211; Tr\u00e0 c\u00f3 th\u1ec3 \u0111\u01b0\u1ee3c u\u1ed1ng v\u00e0o b\u1ea5t k\u1ef3 th\u1eddi \u0111i\u1ec3m n\u00e0o trong ng\u00e0y: u\u1ed1ng bu\u1ed5i s\u00e1ng \u0111\u1ec3 kh\u1edfi \u0111\u1ea7u ng\u00e0y m\u1edbi tr\u00e0n \u0111\u1ea7y n\u0103ng l\u01b0\u1ee3ng, hay bu\u1ed5i t\u1ed1i \u0111\u1ec3 th\u01b0 gi\u00e3n v\u00e0 l\u00e0m d\u1ecbu c\u1ed5 h\u1ecdng.<\/p>\n<p>&#8211; B\u1ea3o qu\u1ea3n s\u1ea3n ph\u1ea9m \u1edf n\u01a1i kh\u00f4 r\u00e1o, tho\u00e1ng m\u00e1t, tr\u00e1nh \u00e1nh n\u1eafng tr\u1ef1c ti\u1ebfp v\u00e0 nhi\u1ec7t \u0111\u1ed9 cao \u0111\u1ec3 \u0111\u1ea3m b\u1ea3o ch\u1ea5t l\u01b0\u1ee3ng tuy\u1ec7t \u0111\u1ed1i.<\/p>\n<h3><strong>Havamall \u2013 ph\u00e2n ph\u1ed1i c\u00e1c s\u1ea3n ph\u1ea9m ch\u00ednh h\u00e3ng, ch\u1ea5t l\u01b0\u1ee3ng<\/strong><\/h3>\n<p>V\u1edbi kinh nghi\u1ec7m trong ng\u00e0nh nh\u1eadp kh\u1ea9u v\u00e0 ph\u00e2n ph\u1ed1i th\u1ef1c ph\u1ea9m, \u0111\u1ed3 u\u1ed1ng v\u00e0 nguy\u00ean li\u1ec7u th\u1ef1c ph\u1ea9m, C\u00f4ng ty Havamall Vi\u1ec7t Nam l\u00e0 m\u1ed9t trong nh\u1eefng \u0111\u01a1n v\u1ecb cung \u1ee9ng s\u1ea3n ph\u1ea9m h\u00e0ng \u0111\u1ea7u cho c\u00e1c \u0111\u1ed1i t\u00e1c chuy\u00ean nghi\u1ec7p, danh ti\u1ebfng tr\u00ean kh\u1eafp c\u1ea3 n\u01b0\u1edbc.<\/p>\n<p>C\u00e1c s\u1ea3n ph\u1ea9m do C\u00f4ng ty Havamall Vi\u1ec7t Nam ph\u00e2n ph\u1ed1i \u0111\u1ec1u \u0111\u01b0\u1ee3c nh\u1eadp kh\u1ea9u t\u1eeb ch\u00e2u \u00c2u, ch\u00e2u \u00dac, \u0111\u1ea3m b\u1ea3o c\u00e1c ti\u00eau chu\u1ea9n v\u1ec1 v\u1ec7 sinh an to\u00e0n th\u1ef1c ph\u1ea9m kh\u1eaft khe nh\u01b0 HACCP, ISO. V\u1edbi h\u1ec7 th\u1ed1ng chi nh\u00e1nh, kho v\u1eadn tr\u1ea3i d\u00e0i kh\u1eafp Vi\u1ec7t Nam, C\u00f4ng ty Havamall Vi\u1ec7t Nam c\u00f3 th\u1ec3 \u0111\u00e1p \u1ee9ng \u0111\u01b0\u1ee3c nhu c\u1ea7u v\u1ec1 s\u1ed1 l\u01b0\u1ee3ng v\u00e0 ch\u1ea5t l\u01b0\u1ee3ng c\u1ee7a kh\u00e1ch h\u00e0ng.<\/p>\n<\/div>\n<\/div>\n<\/div>\n<\/div>","protected":false},"excerpt":{"rendered":"<p>TH\u00d4NG TIN CHUNG Th\u01b0\u01a1ng hi\u1ec7u V\u1ecb \u00c1 Xu\u1ea5t x\u1ee9 Vi\u1ec7t Nam H\u1ea1n s\u1eed d\u1ee5ng 12 th\u00e1ng H\u01b0\u1edbng d\u1eabn s\u1eed d\u1ee5ng<\/p>","protected":false},"featured_media":35548,"comment_status":"open","ping_status":"closed","template":"","meta":[],"product_brand":[],"product_cat":[36,135],"product_tag":[],"class_list":{"0":"post-35547","1":"product","2":"type-product","3":"status-publish","4":"has-post-thumbnail","6":"product_cat-thuc-pham-tieu-dung","7":"product_cat-sua-do-uong","9":"first","10":"instock","11":"sale","12":"shipping-taxable","13":"purchasable","14":"product-type-variable"},"_links":{"self":[{"href":"https:\/\/havamall.vn\/en\/wp-json\/wp\/v2\/product\/35547"}],"collection":[{"href":"https:\/\/havamall.vn\/en\/wp-json\/wp\/v2\/product"}],"about":[{"href":"https:\/\/havamall.vn\/en\/wp-json\/wp\/v2\/types\/product"}],"replies":[{"embeddable":true,"href":"https:\/\/havamall.vn\/en\/wp-json\/wp\/v2\/comments?post=35547"}],"version-history":[{"count":0,"href":"https:\/\/havamall.vn\/en\/wp-json\/wp\/v2\/product\/35547\/revisions"}],"wp:featuredmedia":[{"embeddable":true,"href":"https:\/\/havamall.vn\/en\/wp-json\/wp\/v2\/media\/35548"}],"wp:attachment":[{"href":"https:\/\/havamall.vn\/en\/wp-json\/wp\/v2\/media?parent=35547"}],"wp:term":[{"taxonomy":"product_brand","embeddable":true,"href":"https:\/\/havamall.vn\/en\/wp-json\/wp\/v2\/product_brand?post=35547"},{"taxonomy":"product_cat","embeddable":true,"href":"https:\/\/havamall.vn\/en\/wp-json\/wp\/v2\/product_cat?post=35547"},{"taxonomy":"product_tag","embeddable":true,"href":"https:\/\/havamall.vn\/en\/wp-json\/wp\/v2\/product_tag?post=35547"}],"curies":[{"name":"wp","href":"https:\/\/api.w.org\/{rel}","templated":true}]}}