{"id":35545,"date":"2024-09-21T12:47:33","date_gmt":"2024-09-21T05:47:33","guid":{"rendered":"https:\/\/havamall.vn\/?post_type=product&#038;p=35545"},"modified":"2025-04-22T10:21:11","modified_gmt":"2025-04-22T03:21:11","slug":"kem-vi-ca-phe-haagen-dazs-hop-100ml-coffee-minicup","status":"publish","type":"product","link":"https:\/\/havamall.vn\/en\/shop\/kem-vi-ca-phe-haagen-dazs-hop-100ml-coffee-minicup\/","title":{"rendered":"Kem V\u1ecb C\u00e0 Ph\u00ea Haagen Dazs H\u1ed9p 100ml &#8211; Coffee Minicup"},"content":{"rendered":"<h2 class=\"product-detail__specs-title\"><strong>TH\u00d4NG TIN CHUNG<\/strong><\/h2>\n<div id=\"js-product-detail__specs\" class=\"product-detail__specs\">\n<div class=\"row\">\n<div class=\"col-sm-12\">\n<div class=\"product-specs__table\">\n<table>\n<tbody>\n<tr>\n<td class=\"specs-table__property\">Th\u01b0\u01a1ng hi\u1ec7u<\/td>\n<td class=\"specs-table__value\">Haagen Dazs<\/td>\n<\/tr>\n<tr>\n<td class=\"specs-table__property\">Xu\u1ea5t x\u1ee9<\/td>\n<td class=\"specs-table__value\">Ph\u00e1p<\/td>\n<\/tr>\n<tr>\n<td class=\"specs-table__property\">H\u1ea1n s\u1eed d\u1ee5ng<\/td>\n<td class=\"specs-table__value\">12 th\u00e1ng<\/td>\n<\/tr>\n<tr>\n<td class=\"specs-table__property\">H\u01b0\u1edbng d\u1eabn s\u1eed d\u1ee5ng<\/td>\n<td class=\"specs-table__value\">D\u00f9ng tr\u1ef1c ti\u1ebfp ho\u1eb7c d\u00f9ng l\u00e0m nguy\u00ean li\u1ec7u ch\u1ebf bi\u1ebfn<\/td>\n<\/tr>\n<tr>\n<td class=\"specs-table__property\">H\u01b0\u1edbng d\u1eabn b\u1ea3o qu\u1ea3n<\/td>\n<td class=\"specs-table__value\">B\u1ea3o qu\u1ea3n t\u1ee7 \u0111\u00f4ng -18 \u0111\u1ed9 C<\/td>\n<\/tr>\n<tr>\n<td class=\"specs-table__property\">Th\u00e0nh ph\u1ea7n nguy\u00ean li\u1ec7u<\/td>\n<td class=\"specs-table__value\">Xem tr\u00ean bao b\u00ec<\/td>\n<\/tr>\n<tr>\n<td class=\"specs-table__property\">Th\u1ec3 t\u00edch<\/td>\n<td class=\"specs-table__value\">100ml<\/td>\n<\/tr>\n<\/tbody>\n<\/table>\n<p>Haagen Dazs l\u00e0 m\u1ed9t th\u01b0\u01a1ng hi\u1ec7u kem cao c\u1ea5p n\u1ed5i ti\u1ebfng to\u00e0n c\u1ea7u, v\u1edbi b\u1ec1 d\u00e0y l\u1ecbch s\u1eed t\u1eeb n\u0103m 1961. S\u1ea3n ph\u1ea9m c\u1ee7a Haagen Dazs lu\u00f4n \u0111\u01b0\u1ee3c bi\u1ebft \u0111\u1ebfn v\u1edbi ch\u1ea5t l\u01b0\u1ee3ng v\u01b0\u1ee3t tr\u1ed9i, h\u01b0\u01a1ng v\u1ecb \u0111\u1eadm \u0111\u00e0, v\u00e0 cam k\u1ebft ch\u1ec9 s\u1eed d\u1ee5ng nh\u1eefng nguy\u00ean li\u1ec7u t\u1ed1t nh\u1ea5t. M\u1ed7i mu\u1ed7ng kem c\u1ee7a Haagen Dazs l\u00e0 m\u1ed9t tr\u1ea3i nghi\u1ec7m tuy\u1ec7t v\u1eddi, mang l\u1ea1i s\u1ef1 th\u1ecfa m\u00e3n cho nh\u1eefng ai y\u00eau th\u00edch m\u00f3n kem tinh t\u1ebf.<\/p>\n<p><img fetchpriority=\"high\" decoding=\"async\" class=\"wp-image-36222 aligncenter\" src=\"https:\/\/havamall.vn\/wp-content\/uploads\/2024\/09\/unnamed-68.webp\" alt=\"\" width=\"700\" height=\"700\" \/><\/p>\n<p>Kem V\u1ecb C\u00e0 Ph\u00ea Haagen Dazs s\u1eed d\u1ee5ng 100% h\u1ea1t c\u00e0 ph\u00ea nguy\u00ean ch\u1ea5t t\u1eeb nh\u1eefng v\u00f9ng tr\u1ed3ng c\u00e0 ph\u00ea danh ti\u1ebfng nh\u1ea5t, \u0111\u01b0\u1ee3c tuy\u1ec3n ch\u1ecdn k\u1ef9 l\u01b0\u1ee1ng \u0111\u1ec3 mang \u0111\u1ebfn h\u01b0\u01a1ng v\u1ecb c\u00e0 ph\u00ea \u0111\u1eadm \u0111\u00e0, th\u01a1m ngon. S\u1ea3n ph\u1ea9m n\u00e0y k\u1ebft h\u1ee3p ho\u00e0n h\u1ea3o gi\u1eefa kem t\u01b0\u01a1i v\u00e0 c\u00e0 ph\u00ea, t\u1ea1o ra m\u1ed9t m\u00f3n kem v\u1eeba b\u00e9o ng\u1eady, v\u1eeba mang \u0111\u1eadm h\u01b0\u01a1ng v\u1ecb c\u00e0 ph\u00ea \u0111\u00edch th\u1ef1c.<\/p>\n<p>Kem V\u1ecb C\u00e0 Ph\u00ea Haagen Dazs l\u00e0 s\u1ef1 h\u00f2a quy\u1ec7n tuy\u1ec7t v\u1eddi gi\u1eefa v\u1ecb b\u00e9o c\u1ee7a kem v\u00e0 h\u01b0\u01a1ng v\u1ecb \u0111\u1eadm \u0111\u00e0 c\u1ee7a c\u00e0 ph\u00ea. \u0110\u00e2y l\u00e0 l\u1ef1a ch\u1ecdn l\u00fd t\u01b0\u1edfng cho nh\u1eefng ng\u01b0\u1eddi y\u00eau th\u00edch h\u01b0\u01a1ng v\u1ecb c\u00e0 ph\u00ea n\u1ed3ng n\u00e0n v\u00e0 kem m\u1ecbn m\u01b0\u1ee3t. S\u1ea3n ph\u1ea9m mang \u0111\u1ebfn tr\u1ea3i nghi\u1ec7m th\u01b0\u1edfng th\u1ee9c kem m\u1edbi l\u1ea1 v\u00e0 s\u1ea3ng kho\u00e1i, ph\u00f9 h\u1ee3p cho nh\u1eefng ai t\u00ecm ki\u1ebfm h\u01b0\u01a1ng v\u1ecb c\u00e0 ph\u00ea ch\u00e2n th\u1eadt trong t\u1eebng th\u00eca kem.<\/p>\n<p><img decoding=\"async\" class=\"wp-image-36223 aligncenter\" src=\"https:\/\/havamall.vn\/wp-content\/uploads\/2024\/09\/kem-gelato-ca-phe_4414737d665f4e3b82098b0fcbbcecf4.webp\" alt=\"\" width=\"701\" height=\"565\" \/><\/p>\n<p>&nbsp;<\/p>\n<h3>\u0110\u1eb7c \u0111i\u1ec3m n\u1ed5i b\u1eadt<\/h3>\n<p>&#8211; H\u01b0\u01a1ng v\u1ecb c\u00e0 ph\u00ea \u0111\u1eadm \u0111\u00e0: S\u1eed d\u1ee5ng h\u1ea1t c\u00e0 ph\u00ea ch\u1ea5t l\u01b0\u1ee3ng cao, mang l\u1ea1i h\u01b0\u01a1ng v\u1ecb c\u00e0 ph\u00ea \u0111\u1eadm \u0111\u1eb7c v\u00e0 th\u01a1m ngon, h\u00f2a quy\u1ec7n c\u00f9ng kem b\u00e9o ng\u1eady.<\/p>\n<p>&#8211; Kem m\u1ecbn v\u00e0 ng\u1ecdt nh\u1eb9: Kem c\u00f3 k\u1ebft c\u1ea5u m\u1ecbn m\u00e0ng, ng\u1ecdt nh\u1eb9, k\u1ebft h\u1ee3p ho\u00e0n h\u1ea3o v\u1edbi v\u1ecb \u0111\u1eafng d\u1ecbu c\u1ee7a c\u00e0 ph\u00ea, t\u1ea1o n\u00ean s\u1ef1 c\u00e2n b\u1eb1ng ho\u00e0n h\u1ea3o.<\/p>\n<p>&#8211; Kh\u00f4ng ch\u1ee9a ch\u1ea5t b\u1ea3o qu\u1ea3n: Cam k\u1ebft kh\u00f4ng s\u1eed d\u1ee5ng ch\u1ea5t b\u1ea3o qu\u1ea3n v\u00e0 ph\u1ee5 gia nh\u00e2n t\u1ea1o, \u0111\u1ea3m b\u1ea3o an to\u00e0n v\u00e0 t\u1ed1t cho s\u1ee9c kh\u1ecfe ng\u01b0\u1eddi ti\u00eau d\u00f9ng.<\/p>\n<p>&#8211; Thi\u1ebft k\u1ebf ti\u1ec7n l\u1ee3i: H\u1ed9p kem 100ml nh\u1ecf g\u1ecdn, ti\u1ec7n l\u1ee3i \u0111\u1ec3 mang theo ho\u1eb7c d\u00f9ng ngay t\u1ea1i nh\u00e0, ph\u00f9 h\u1ee3p cho nh\u1eefng bu\u1ed5i chi\u1ec1u th\u01b0 gi\u00e3n.<\/p>\n<h3><strong>H\u01b0\u1edbng d\u1eabn s\u1eed d\u1ee5ng<\/strong><\/h3>\n<p>&#8211; C\u00e1ch th\u01b0\u1edfng th\u1ee9c: M\u1edf n\u1eafp h\u1ed9p v\u00e0 th\u01b0\u1edfng th\u1ee9c tr\u1ef1c ti\u1ebfp t\u1eeb mu\u1ed7ng. Kem Haagen Dazs c\u00f3 th\u1ec3 k\u1ebft h\u1ee3p v\u1edbi tr\u00e1i c\u00e2y t\u01b0\u01a1i, b\u00e1nh ng\u1ecdt ho\u1eb7c s\u00f4 c\u00f4 la \u0111\u1ec3 t\u1ea1o ra c\u00e1c m\u00f3n tr\u00e1ng mi\u1ec7ng s\u00e1ng t\u1ea1o h\u01a1n.<\/p>\n<p>&#8211; B\u1ea3o qu\u1ea3n: B\u1ea3o qu\u1ea3n kem trong ng\u0103n \u0111\u00e1 t\u1ee7 l\u1ea1nh \u1edf nhi\u1ec7t \u0111\u1ed9 -18\u00b0C ho\u1eb7c th\u1ea5p h\u01a1n. Tr\u00e1nh r\u00e3 \u0111\u00f4ng v\u00e0 \u0111\u00f4ng l\u1ea1i nhi\u1ec1u l\u1ea7n \u0111\u1ec3 gi\u1eef tr\u1ecdn v\u1eb9n h\u01b0\u01a1ng v\u1ecb v\u00e0 ch\u1ea5t l\u01b0\u1ee3ng kem<\/p>\n<p><img decoding=\"async\" class=\"wp-image-36224 aligncenter\" src=\"https:\/\/havamall.vn\/wp-content\/uploads\/2024\/09\/kem-ca-phe.webp\" alt=\"\" width=\"701\" height=\"467\" \/><\/p>\n<h3><strong>Havamall \u2013 ph\u00e2n ph\u1ed1i c\u00e1c s\u1ea3n ph\u1ea9m ch\u00ednh h\u00e3ng, ch\u1ea5t l\u01b0\u1ee3ng<\/strong><\/h3>\n<p>V\u1edbi kinh nghi\u1ec7m trong ng\u00e0nh nh\u1eadp kh\u1ea9u v\u00e0 ph\u00e2n ph\u1ed1i th\u1ef1c ph\u1ea9m, \u0111\u1ed3 u\u1ed1ng v\u00e0 nguy\u00ean li\u1ec7u th\u1ef1c ph\u1ea9m, C\u00f4ng ty Havamall Vi\u1ec7t Nam l\u00e0 m\u1ed9t trong nh\u1eefng \u0111\u01a1n v\u1ecb cung \u1ee9ng s\u1ea3n ph\u1ea9m h\u00e0ng \u0111\u1ea7u cho c\u00e1c \u0111\u1ed1i t\u00e1c chuy\u00ean nghi\u1ec7p, danh ti\u1ebfng tr\u00ean kh\u1eafp c\u1ea3 n\u01b0\u1edbc.<\/p>\n<p>C\u00e1c s\u1ea3n ph\u1ea9m do C\u00f4ng ty Havamall Vi\u1ec7t Nam ph\u00e2n ph\u1ed1i \u0111\u1ec1u \u0111\u01b0\u1ee3c nh\u1eadp kh\u1ea9u t\u1eeb ch\u00e2u \u00c2u, ch\u00e2u \u00dac, \u0111\u1ea3m b\u1ea3o c\u00e1c ti\u00eau chu\u1ea9n v\u1ec1 v\u1ec7 sinh an to\u00e0n th\u1ef1c ph\u1ea9m kh\u1eaft khe nh\u01b0 HACCP, ISO. V\u1edbi h\u1ec7 th\u1ed1ng chi nh\u00e1nh, kho v\u1eadn tr\u1ea3i d\u00e0i kh\u1eafp Vi\u1ec7t Nam, C\u00f4ng ty Havamall Vi\u1ec7t Nam c\u00f3 th\u1ec3 \u0111\u00e1p \u1ee9ng \u0111\u01b0\u1ee3c nhu c\u1ea7u v\u1ec1 s\u1ed1 l\u01b0\u1ee3ng v\u00e0 ch\u1ea5t l\u01b0\u1ee3ng c\u1ee7a kh\u00e1ch h\u00e0ng.<\/p>\n<\/div>\n<\/div>\n<\/div>\n<\/div>","protected":false},"excerpt":{"rendered":"<p>TH\u00d4NG TIN CHUNG Th\u01b0\u01a1ng hi\u1ec7u Haagen Dazs Xu\u1ea5t x\u1ee9 Ph\u00e1p H\u1ea1n s\u1eed d\u1ee5ng 12 th\u00e1ng H\u01b0\u1edbng d\u1eabn s\u1eed d\u1ee5ng D\u00f9ng<\/p>","protected":false},"featured_media":35546,"comment_status":"open","ping_status":"closed","template":"","meta":[],"product_brand":[],"product_cat":[684,671,275,36],"product_tag":[],"class_list":{"0":"post-35545","1":"product","2":"type-product","3":"status-publish","4":"has-post-thumbnail","6":"product_cat-kem-lanh","7":"product_cat-nhap-khau-phap","8":"product_cat-thuc-pham-dong-lanh","9":"product_cat-thuc-pham-tieu-dung","10":"pa_brand-haagen-dazs","12":"first","13":"instock","14":"sale","15":"shipping-taxable","16":"purchasable","17":"product-type-simple"},"_links":{"self":[{"href":"https:\/\/havamall.vn\/en\/wp-json\/wp\/v2\/product\/35545"}],"collection":[{"href":"https:\/\/havamall.vn\/en\/wp-json\/wp\/v2\/product"}],"about":[{"href":"https:\/\/havamall.vn\/en\/wp-json\/wp\/v2\/types\/product"}],"replies":[{"embeddable":true,"href":"https:\/\/havamall.vn\/en\/wp-json\/wp\/v2\/comments?post=35545"}],"version-history":[{"count":0,"href":"https:\/\/havamall.vn\/en\/wp-json\/wp\/v2\/product\/35545\/revisions"}],"wp:featuredmedia":[{"embeddable":true,"href":"https:\/\/havamall.vn\/en\/wp-json\/wp\/v2\/media\/35546"}],"wp:attachment":[{"href":"https:\/\/havamall.vn\/en\/wp-json\/wp\/v2\/media?parent=35545"}],"wp:term":[{"taxonomy":"product_brand","embeddable":true,"href":"https:\/\/havamall.vn\/en\/wp-json\/wp\/v2\/product_brand?post=35545"},{"taxonomy":"product_cat","embeddable":true,"href":"https:\/\/havamall.vn\/en\/wp-json\/wp\/v2\/product_cat?post=35545"},{"taxonomy":"product_tag","embeddable":true,"href":"https:\/\/havamall.vn\/en\/wp-json\/wp\/v2\/product_tag?post=35545"}],"curies":[{"name":"wp","href":"https:\/\/api.w.org\/{rel}","templated":true}]}}