{"id":35531,"date":"2024-09-21T11:22:54","date_gmt":"2024-09-21T04:22:54","guid":{"rendered":"https:\/\/havamall.vn\/?post_type=product&#038;p=35531"},"modified":"2025-04-21T16:47:47","modified_gmt":"2025-04-21T09:47:47","slug":"kem-vi-vani-haagen-dazs-hop-100ml-vanilla-ice-cream","status":"publish","type":"product","link":"https:\/\/havamall.vn\/en\/shop\/kem-vi-vani-haagen-dazs-hop-100ml-vanilla-ice-cream\/","title":{"rendered":"Kem V\u1ecb Vani Haagen Dazs H\u1ed9p 100ml &#8211; Vanilla Ice Cream"},"content":{"rendered":"<h2 class=\"product-detail__specs-title\"><strong>TH\u00d4NG TIN CHUNG<\/strong><\/h2>\n<div id=\"js-product-detail__specs\" class=\"product-detail__specs\">\n<div class=\"row\">\n<div class=\"col-sm-12\">\n<div class=\"product-specs__table\">\n<table>\n<tbody>\n<tr>\n<td class=\"specs-table__property\">Th\u01b0\u01a1ng hi\u1ec7u<\/td>\n<td class=\"specs-table__value\">Haagen Dazs<\/td>\n<\/tr>\n<tr>\n<td class=\"specs-table__property\">Xu\u1ea5t x\u1ee9<\/td>\n<td class=\"specs-table__value\">Ph\u00e1p<\/td>\n<\/tr>\n<tr>\n<td class=\"specs-table__property\">H\u1ea1n s\u1eed d\u1ee5ng<\/td>\n<td class=\"specs-table__value\">12 th\u00e1ng<\/td>\n<\/tr>\n<tr>\n<td class=\"specs-table__property\">H\u01b0\u1edbng d\u1eabn s\u1eed d\u1ee5ng<\/td>\n<td class=\"specs-table__value\">D\u00f9ng tr\u1ef1c ti\u1ebfp ho\u1eb7c d\u00f9ng l\u00e0m nguy\u00ean li\u1ec7u ch\u1ebf bi\u1ebfn<\/td>\n<\/tr>\n<tr>\n<td class=\"specs-table__property\">H\u01b0\u1edbng d\u1eabn b\u1ea3o qu\u1ea3n<\/td>\n<td class=\"specs-table__value\">B\u1ea3o qu\u1ea3n t\u1ee7 \u0111\u00f4ng -18 \u0111\u1ed9 C<\/td>\n<\/tr>\n<tr>\n<td class=\"specs-table__property\">Th\u00e0nh ph\u1ea7n nguy\u00ean li\u1ec7u<\/td>\n<td class=\"specs-table__value\">Xem tr\u00ean bao b\u00ec<\/td>\n<\/tr>\n<tr>\n<td class=\"specs-table__property\">Th\u1ec3 t\u00edch<\/td>\n<td class=\"specs-table__value\">100ml<\/td>\n<\/tr>\n<\/tbody>\n<\/table>\n<p>Haagen Dazs l\u00e0 m\u1ed9t th\u01b0\u01a1ng hi\u1ec7u kem cao c\u1ea5p n\u1ed5i ti\u1ebfng to\u00e0n c\u1ea7u, v\u1edbi b\u1ec1 d\u00e0y l\u1ecbch s\u1eed t\u1eeb n\u0103m 1961. S\u1ea3n ph\u1ea9m c\u1ee7a Haagen Dazs lu\u00f4n \u0111\u01b0\u1ee3c bi\u1ebft \u0111\u1ebfn v\u1edbi ch\u1ea5t l\u01b0\u1ee3ng v\u01b0\u1ee3t tr\u1ed9i, h\u01b0\u01a1ng v\u1ecb \u0111\u1eadm \u0111\u00e0, v\u00e0 cam k\u1ebft ch\u1ec9 s\u1eed d\u1ee5ng nh\u1eefng nguy\u00ean li\u1ec7u t\u1ed1t nh\u1ea5t. M\u1ed7i mu\u1ed7ng kem c\u1ee7a Haagen Dazs l\u00e0 m\u1ed9t tr\u1ea3i nghi\u1ec7m tuy\u1ec7t v\u1eddi, mang l\u1ea1i s\u1ef1 th\u1ecfa m\u00e3n cho nh\u1eefng ai y\u00eau th\u00edch m\u00f3n kem tinh t\u1ebf.<\/p>\n<p><img fetchpriority=\"high\" decoding=\"async\" class=\"wp-image-36172 aligncenter\" src=\"https:\/\/havamall.com\/wp-content\/uploads\/2024\/09\/C19.png\" alt=\"\" width=\"751\" height=\"501\" \/><\/p>\n<p>Kem Vani Haagen Dazs \u0111\u01b0\u1ee3c l\u00e0m t\u1eeb nh\u1eefng nguy\u00ean li\u1ec7u t\u1ef1 nhi\u00ean v\u00e0 cao c\u1ea5p, trong \u0111\u00f3 s\u1eefa t\u01b0\u01a1i, kem t\u01b0\u01a1i, \u0111\u01b0\u1eddng v\u00e0 vani nguy\u00ean ch\u1ea5t l\u00e0 c\u00e1c th\u00e0nh ph\u1ea7n ch\u00ednh. Haagen Dazs cam k\u1ebft kh\u00f4ng s\u1eed d\u1ee5ng ch\u1ea5t b\u1ea3o qu\u1ea3n hay ph\u1ee5 gia nh\u00e2n t\u1ea1o, \u0111\u1ea3m b\u1ea3o h\u01b0\u01a1ng v\u1ecb kem t\u1ef1 nhi\u00ean, thu\u1ea7n khi\u1ebft v\u00e0 th\u01a1m ngon.<\/p>\n<p>Kem Vani Haagen Dazs l\u00e0 s\u1ef1 l\u1ef1a ch\u1ecdn ho\u00e0n h\u1ea3o cho nh\u1eefng ai y\u00eau th\u00edch h\u01b0\u01a1ng v\u1ecb vani c\u1ed5 \u0111i\u1ec3n. V\u1edbi h\u01b0\u01a1ng v\u1ecb tinh t\u1ebf, kem m\u1ec1m m\u1ecbn v\u00e0 b\u00e9o ng\u1eady, s\u1ea3n ph\u1ea9m mang \u0111\u1ebfn m\u1ed9t tr\u1ea3i nghi\u1ec7m kem cao c\u1ea5p trong t\u1eebng mu\u1ed7ng nh\u1ecf. K\u00edch th\u01b0\u1edbc 100ml ti\u1ec7n l\u1ee3i cho m\u1ed9t l\u1ea7n th\u01b0\u1edfng th\u1ee9c, ph\u00f9 h\u1ee3p \u0111\u1ec3 mang theo b\u1ea5t c\u1ee9 \u0111\u00e2u.<\/p>\n<p><img decoding=\"async\" class=\"wp-image-36173 aligncenter\" src=\"https:\/\/havamall.com\/wp-content\/uploads\/2024\/09\/capture6778.png\" alt=\"\" width=\"750\" height=\"499\" \/><\/p>\n<h3>\u0110\u1eb7c \u0111i\u1ec3m n\u1ed5i b\u1eadt<\/h3>\n<p>&#8211; H\u01b0\u01a1ng v\u1ecb vani t\u1ef1 nhi\u00ean: S\u1eed d\u1ee5ng vani nguy\u00ean ch\u1ea5t t\u1eeb c\u00e1c n\u00f4ng tr\u1ea1i h\u00e0ng \u0111\u1ea7u, mang l\u1ea1i h\u01b0\u01a1ng v\u1ecb \u0111\u1eadm \u0111\u00e0, th\u01a1m ng\u1ecdt.<\/p>\n<p>&#8211; K\u1ebft c\u1ea5u kem m\u1ecbn m\u01b0\u1ee3t: C\u00f4ng th\u1ee9c \u0111\u1eb7c bi\u1ec7t c\u1ee7a Haagen Dazs gi\u00fap kem c\u00f3 k\u1ebft c\u1ea5u d\u00e0y, m\u1ec1m m\u1ecbn, mang l\u1ea1i c\u1ea3m gi\u00e1c b\u00e9o ng\u1eady d\u1ec5 ch\u1ecbu khi th\u01b0\u1edfng th\u1ee9c.<\/p>\n<p>&#8211; Kh\u00f4ng ch\u1ea5t b\u1ea3o qu\u1ea3n: Kem \u0111\u01b0\u1ee3c l\u00e0m ho\u00e0n to\u00e0n t\u1eeb nguy\u00ean li\u1ec7u t\u1ef1 nhi\u00ean, kh\u00f4ng s\u1eed d\u1ee5ng ch\u1ea5t b\u1ea3o qu\u1ea3n hay h\u01b0\u01a1ng li\u1ec7u nh\u00e2n t\u1ea1o.<\/p>\n<p>&#8211; K\u00edch th\u01b0\u1edbc ti\u1ec7n l\u1ee3i: H\u1ed9p kem 100ml nh\u1ecf g\u1ecdn, ti\u1ec7n l\u1ee3i cho m\u1ed9t l\u1ea7n s\u1eed d\u1ee5ng ho\u1eb7c \u0111\u1ec3 mang theo khi di chuy\u1ec3n.<\/p>\n<h3><strong>H\u01b0\u1edbng d\u1eabn s\u1eed d\u1ee5ng<\/strong><\/h3>\n<p>&#8211; C\u00e1ch th\u01b0\u1edfng th\u1ee9c: M\u1edf n\u1eafp h\u1ed9p v\u00e0 th\u01b0\u1edfng th\u1ee9c tr\u1ef1c ti\u1ebfp t\u1eeb mu\u1ed7ng. Kem Vani Haagen Dazs c\u00f3 th\u1ec3 k\u1ebft h\u1ee3p v\u1edbi tr\u00e1i c\u00e2y t\u01b0\u01a1i, b\u00e1nh ng\u1ecdt ho\u1eb7c s\u00f4 c\u00f4 la \u0111\u1ec3 t\u1ea1o ra c\u00e1c m\u00f3n tr\u00e1ng mi\u1ec7ng s\u00e1ng t\u1ea1o h\u01a1n.<\/p>\n<p>&#8211; B\u1ea3o qu\u1ea3n: B\u1ea3o qu\u1ea3n kem trong ng\u0103n \u0111\u00e1 t\u1ee7 l\u1ea1nh \u1edf nhi\u1ec7t \u0111\u1ed9 -18\u00b0C ho\u1eb7c th\u1ea5p h\u01a1n. Tr\u00e1nh r\u00e3 \u0111\u00f4ng v\u00e0 \u0111\u00f4ng l\u1ea1i nhi\u1ec1u l\u1ea7n \u0111\u1ec3 gi\u1eef tr\u1ecdn v\u1eb9n h\u01b0\u01a1ng v\u1ecb v\u00e0 ch\u1ea5t l\u01b0\u1ee3ng kem<\/p>\n<p><img decoding=\"async\" class=\"wp-image-36181 aligncenter\" src=\"https:\/\/havamall.com\/wp-content\/uploads\/2024\/09\/kem-haagen-dazs-vi-vani-hop-nho-100ml-2.png\" alt=\"\" width=\"750\" height=\"500\" \/><\/p>\n<h3><strong>Havamall \u2013 ph\u00e2n ph\u1ed1i c\u00e1c s\u1ea3n ph\u1ea9m ch\u00ednh h\u00e3ng, ch\u1ea5t l\u01b0\u1ee3ng<\/strong><\/h3>\n<p>V\u1edbi kinh nghi\u1ec7m trong ng\u00e0nh nh\u1eadp kh\u1ea9u v\u00e0 ph\u00e2n ph\u1ed1i th\u1ef1c ph\u1ea9m, \u0111\u1ed3 u\u1ed1ng v\u00e0 nguy\u00ean li\u1ec7u th\u1ef1c ph\u1ea9m, C\u00f4ng ty Havamall Vi\u1ec7t Nam l\u00e0 m\u1ed9t trong nh\u1eefng \u0111\u01a1n v\u1ecb cung \u1ee9ng s\u1ea3n ph\u1ea9m h\u00e0ng \u0111\u1ea7u cho c\u00e1c \u0111\u1ed1i t\u00e1c chuy\u00ean nghi\u1ec7p, danh ti\u1ebfng tr\u00ean kh\u1eafp c\u1ea3 n\u01b0\u1edbc.<\/p>\n<p>C\u00e1c s\u1ea3n ph\u1ea9m do C\u00f4ng ty Havamall Vi\u1ec7t Nam ph\u00e2n ph\u1ed1i \u0111\u1ec1u \u0111\u01b0\u1ee3c nh\u1eadp kh\u1ea9u t\u1eeb ch\u00e2u \u00c2u, ch\u00e2u \u00dac, \u0111\u1ea3m b\u1ea3o c\u00e1c ti\u00eau chu\u1ea9n v\u1ec1 v\u1ec7 sinh an to\u00e0n th\u1ef1c ph\u1ea9m kh\u1eaft khe nh\u01b0 HACCP, ISO. V\u1edbi h\u1ec7 th\u1ed1ng chi nh\u00e1nh, kho v\u1eadn tr\u1ea3i d\u00e0i kh\u1eafp Vi\u1ec7t Nam, C\u00f4ng ty Havamall Vi\u1ec7t Nam c\u00f3 th\u1ec3 \u0111\u00e1p \u1ee9ng \u0111\u01b0\u1ee3c nhu c\u1ea7u v\u1ec1 s\u1ed1 l\u01b0\u1ee3ng v\u00e0 ch\u1ea5t l\u01b0\u1ee3ng c\u1ee7a kh\u00e1ch h\u00e0ng.<\/p>\n<\/div>\n<\/div>\n<\/div>\n<\/div>","protected":false},"excerpt":{"rendered":"<p>TH\u00d4NG TIN CHUNG Th\u01b0\u01a1ng hi\u1ec7u Haagen Dazs Xu\u1ea5t x\u1ee9 Ph\u00e1p H\u1ea1n s\u1eed d\u1ee5ng 12 th\u00e1ng H\u01b0\u1edbng d\u1eabn s\u1eed d\u1ee5ng D\u00f9ng<\/p>","protected":false},"featured_media":35532,"comment_status":"open","ping_status":"closed","template":"","meta":[],"product_brand":[],"product_cat":[684,275,36],"product_tag":[],"class_list":{"0":"post-35531","1":"product","2":"type-product","3":"status-publish","4":"has-post-thumbnail","6":"product_cat-kem-lanh","7":"product_cat-thuc-pham-dong-lanh","8":"product_cat-thuc-pham-tieu-dung","9":"pa_brand-haagen-dazs","11":"first","12":"instock","13":"sale","14":"shipping-taxable","15":"purchasable","16":"product-type-simple"},"_links":{"self":[{"href":"https:\/\/havamall.vn\/en\/wp-json\/wp\/v2\/product\/35531"}],"collection":[{"href":"https:\/\/havamall.vn\/en\/wp-json\/wp\/v2\/product"}],"about":[{"href":"https:\/\/havamall.vn\/en\/wp-json\/wp\/v2\/types\/product"}],"replies":[{"embeddable":true,"href":"https:\/\/havamall.vn\/en\/wp-json\/wp\/v2\/comments?post=35531"}],"version-history":[{"count":0,"href":"https:\/\/havamall.vn\/en\/wp-json\/wp\/v2\/product\/35531\/revisions"}],"wp:featuredmedia":[{"embeddable":true,"href":"https:\/\/havamall.vn\/en\/wp-json\/wp\/v2\/media\/35532"}],"wp:attachment":[{"href":"https:\/\/havamall.vn\/en\/wp-json\/wp\/v2\/media?parent=35531"}],"wp:term":[{"taxonomy":"product_brand","embeddable":true,"href":"https:\/\/havamall.vn\/en\/wp-json\/wp\/v2\/product_brand?post=35531"},{"taxonomy":"product_cat","embeddable":true,"href":"https:\/\/havamall.vn\/en\/wp-json\/wp\/v2\/product_cat?post=35531"},{"taxonomy":"product_tag","embeddable":true,"href":"https:\/\/havamall.vn\/en\/wp-json\/wp\/v2\/product_tag?post=35531"}],"curies":[{"name":"wp","href":"https:\/\/api.w.org\/{rel}","templated":true}]}}