{"id":35505,"date":"2024-09-20T15:31:32","date_gmt":"2024-09-20T08:31:32","guid":{"rendered":"https:\/\/havamall.vn\/?post_type=product&#038;p=35505"},"modified":"2025-03-18T14:02:14","modified_gmt":"2025-03-18T07:02:14","slug":"thung-24-goi-mi-y-so-91-divella-500g-box-24-packs-of-tagliatelle-no-91","status":"publish","type":"product","link":"https:\/\/havamall.vn\/en\/shop\/thung-24-goi-mi-y-so-91-divella-500g-box-24-packs-of-tagliatelle-no-91\/","title":{"rendered":"Th\u00f9ng 24 G\u00f3i M\u00ec \u00dd S\u1ed1 91 DIVELLA 500g &#8211; Box 24 Packs Of Tagliatelle No.91"},"content":{"rendered":"<h2 id=\"tw-target-text\" class=\"tw-data-text tw-text-large XcVN5d tw-ta\"><strong>TH\u00d4NG TIN CHUNG<\/strong><\/h2>\n<table>\n<tbody>\n<tr>\n<td>Th\u01b0\u01a1ng hi\u1ec7u<\/td>\n<td>Divella<\/td>\n<\/tr>\n<tr>\n<td>Xu\u1ea5t x\u1ee9<\/td>\n<td>\u00dd<\/td>\n<\/tr>\n<tr>\n<td>Th\u00e0nh ph\u1ea7n<\/td>\n<td>100% b\u1ed9t l\u00faa m\u00ec nguy\u00ean ch\u1ea5t<\/td>\n<\/tr>\n<tr>\n<td>H\u1ea1n s\u1eed d\u1ee5ng<\/td>\n<td>12 th\u00e1ng k\u1ec3 t\u1eeb ng\u00e0y s\u1ea3n xu\u1ea5t.<\/td>\n<\/tr>\n<tr>\n<td>B\u1ea3o qu\u1ea3n<\/td>\n<td>B\u1ea3o qu\u1ea3n n\u01a1i kh\u00f4 r\u00e1o, tho\u00e1ng m\u00e1t, tr\u00e1nh \u00e1nh n\u1eafng tr\u1ef1c ti\u1ebfp<\/td>\n<\/tr>\n<tr>\n<td>Kh\u1ed1i l\u01b0\u1ee3ng<\/td>\n<td>500gr<\/td>\n<\/tr>\n<\/tbody>\n<\/table>\n<p>Divella\u00a0l\u00e0 c\u00f4ng ty c\u00f3 l\u1ecbch s\u1eed h\u01a1n 130 n\u0103m trong ng\u00e0nh ch\u1ebf bi\u1ebfn m\u1ef3 pastase molina t\u1eeb b\u1ed9t m\u00ec durum. N\u0103m 1890, \u00f4ng Francesco Divella \u0111\u00e3 x\u00e2y d\u1ef1ng nh\u00e0 m\u00e1y b\u1ed9t m\u00ec \u0111\u1ea7u ti\u00ean t\u1ea1i Rutigliano \u1edf mi\u1ec1n \u0110\u00f4ng Nam n\u01b0\u1edbc \u00dd, tr\u00e1i tim c\u1ee7a v\u00f9ng \u0111\u1ed3ng b\u1eb1ng Apulian, n\u1ed5i ti\u1ebfng l\u00e0 n\u01a1i c\u00f3 ch\u1ea5t l\u01b0\u1ee3ng b\u1ed9t m\u00ec t\u1ed1t c\u1ea3 n\u01b0\u1edbc.<\/p>\n<p>Hi\u1ec7n Divella \u0111ang \u0111\u01b0\u1ee3c xu\u1ea5t kh\u1ea9u \u0111i h\u01a1n 100 n\u01b0\u1edbc v\u00e0 \u0111\u00e3 \u0111ang chi\u1ebfm v\u1ecb tr\u00ed s\u1ed1 1 t\u1ea1i th\u1ecb tr\u01b0\u1eddng nhi\u1ec1u n\u01b0\u1edbc tr\u00ean th\u1ebf gi\u1edbi.<\/p>\n<div><\/div>\n<p><strong><img fetchpriority=\"high\" decoding=\"async\" class=\"size-full wp-image-35513 aligncenter\" src=\"https:\/\/havamall.vn\/wp-content\/uploads\/2024\/09\/1f588392af686882ae0f97a7d210ea8e.jpg\" alt=\"\" width=\"750\" height=\"394\" srcset=\"https:\/\/havamall.vn\/wp-content\/uploads\/2024\/09\/1f588392af686882ae0f97a7d210ea8e.jpg 750w, https:\/\/havamall.vn\/wp-content\/uploads\/2024\/09\/1f588392af686882ae0f97a7d210ea8e-600x315.jpg 600w, https:\/\/havamall.vn\/wp-content\/uploads\/2024\/09\/1f588392af686882ae0f97a7d210ea8e-300x158.jpg 300w\" sizes=\"(max-width: 750px) 100vw, 750px\" \/>M\u00ec \u00dd Divella Tagliatelle<\/strong>\u00a0\u0111\u01b0\u1ee3c bi\u1ebft \u0111\u1ebfn l\u00e0 m\u00f3n m\u00ec c\u1ed5 \u0111i\u1ec3n nh\u1ea5t trong ch\u1ebf \u0111\u1ed9 \u0103n u\u1ed1ng truy\u1ec1n th\u1ed1ng c\u1ee7a \u0110\u1ecba Trung H\u1ea3i v\u1edbi s\u1ee3i d\u1eb9t, v\u00e0ng, d\u00e0i m\u1ec1m m\u1ea1i nh\u01b0 m\u1ed9t d\u1ea3i t\u00f3c \u00f3ng \u1ea3. B\u1ea1n c\u00f3 th\u1ec3 \u0103n v\u1edbi s\u1ed1t Bolognese ch\u1ee9 danh, ho\u1eb7c s\u1ed1t Carbonara c\u1ed5 \u0111i\u1ec3n, s\u1ed1t ph\u00f4 mai b\u00e9o ng\u1eady,\u2026 Lo\u1ea1i m\u1ef3 n\u00e0y kh\u00f4ng k\u00e9n s\u1ed1t m\u1ed9t ch\u00fat n\u00e0o.<\/p>\n<p><img decoding=\"async\" class=\"wp-image-35515 aligncenter\" src=\"https:\/\/havamall.vn\/wp-content\/uploads\/2024\/09\/Screen-Shot-2024-03-05-at-10.29.58-AM-768x767.png\" alt=\"\" width=\"750\" height=\"749\" srcset=\"https:\/\/havamall.vn\/wp-content\/uploads\/2024\/09\/Screen-Shot-2024-03-05-at-10.29.58-AM-768x767.png 768w, https:\/\/havamall.vn\/wp-content\/uploads\/2024\/09\/Screen-Shot-2024-03-05-at-10.29.58-AM-768x767-600x599.png 600w, https:\/\/havamall.vn\/wp-content\/uploads\/2024\/09\/Screen-Shot-2024-03-05-at-10.29.58-AM-768x767-300x300.png 300w, https:\/\/havamall.vn\/wp-content\/uploads\/2024\/09\/Screen-Shot-2024-03-05-at-10.29.58-AM-768x767-150x150.png 150w\" sizes=\"(max-width: 750px) 100vw, 750px\" \/>\u201cV\u00e0o n\u0103m 1487, Ch\u00faa t\u1ec3 c\u1ee7a Bologna, Giovanni II di Bentivoglio, chu\u1ea9n b\u1ecb ti\u1ebfp \u0111\u00f3n n\u1eef qu\u00fd t\u1ed9c Lucrezia Borgia \u0111ang d\u1eebng ch\u00e2n \u1edf Bologna trong chuy\u1ebfn h\u00e0nh tr\u00ecnh t\u1edbi Ferrara \u0111\u1ec3 k\u1ebft h\u00f4n v\u1edbi C\u00f4ng t\u01b0\u1edbc Alfonso I D\u2019este, \u0111\u00e3 giao cho \u0111\u1ea7u b\u1ebfp Mastro Zefirano \u0111\u00e1ng tin c\u1eady c\u1ee7a m\u00ecnh t\u1ea1o ra m\u1ed9t m\u00f3n \u0103n, b\u00e0y t\u1ecf l\u00f2ng k\u00ednh tr\u1ecdng \u0111\u1ed1i v\u1edbi n\u1eef qu\u00fd t\u1ed9c, \u00f4ng \u0111\u00e3 ph\u00e1t minh ra s\u1ee3i m\u1ef3 l\u1ea5y c\u1ea3m h\u1ee9ng t\u1eeb m\u00e1i t\u00f3c v\u00e0ng d\u00e0i c\u1ee7a Lucrezia Borgia \u201d. Ng\u00e0y nay lo\u1ea1i pasta n\u00e0y \u0111\u00e3 n\u1ed5i ti\u1ebfng kh\u1eafp th\u1ebf gi\u1edbi v\u00e0 \u0111\u01b0\u1ee3c r\u1ea5t nhi\u1ec1u ng\u01b0\u1eddi \u01b0a chu\u1ed9ng.<\/p>\n<p>&nbsp;<\/p>\n<h2><strong><img decoding=\"async\" class=\"wp-image-35521 aligncenter\" src=\"https:\/\/havamall.vn\/wp-content\/uploads\/2024\/09\/Screen-Shot-2024-03-05-at-10.32.22-AM-600x599.png\" alt=\"\" width=\"750\" height=\"749\" srcset=\"https:\/\/havamall.vn\/wp-content\/uploads\/2024\/09\/Screen-Shot-2024-03-05-at-10.32.22-AM-600x599.png 600w, https:\/\/havamall.vn\/wp-content\/uploads\/2024\/09\/Screen-Shot-2024-03-05-at-10.32.22-AM-600x599-300x300.png 300w, https:\/\/havamall.vn\/wp-content\/uploads\/2024\/09\/Screen-Shot-2024-03-05-at-10.32.22-AM-600x599-150x150.png 150w, https:\/\/havamall.vn\/wp-content\/uploads\/2024\/09\/Screen-Shot-2024-03-05-at-10.32.22-AM-600x599-100x100.png 100w\" sizes=\"(max-width: 750px) 100vw, 750px\" \/><\/strong><\/h2>\n<h2><strong>\u01afU \u0110I\u1ec2M C\u1ee6A S\u1ea2N PH\u1ea8M<\/strong><\/h2>\n<p>\u2013 \u0110\u00e2y l\u00e0 s\u1ea3n ph\u1ea9m c\u1ee7a c\u00f4ng ty c\u00f3 l\u1ecbch s\u1eed h\u01a1n 130 n\u0103m trong ng\u00e0nh ch\u1ebf bi\u1ebfn m\u1ef3 pasta.<\/p>\n<p>\u2013 S\u1ea3n ph\u1ea9m \u0111\u01b0\u1ee3c s\u1ea3n xu\u1ea5t tr\u00ean quy tr\u00ecnh c\u00f4ng ngh\u1ec7 hi\u1ec7n \u0111\u1ea1i, kh\u00e9p k\u00edn, \u0111\u1ea3m b\u1ea3o an to\u00e0n v\u1ec7 sinh th\u1ef1c ph\u1ea9m cho ng\u01b0\u1eddi d\u00f9ng. T\u1ea1i th\u1ecb tr\u01b0\u1eddng Vi\u1ec7t Nam, m\u1ef3 n\u00e0y ng\u00e0y c\u00e0ng \u0111\u01b0\u1ee3c bi\u1ebft \u0111\u1ebfn nhi\u1ec1u v\u00e0 nhanh ch\u00f3ng chi\u1ebfm \u0111\u01b0\u1ee3c s\u1ef1 y\u00eau th\u00edch c\u1ee7a ng\u01b0\u1eddi ti\u00eau d\u00f9ng. B\u1ea1n c\u00f3 th\u1ec3 t\u00ecm mua s\u1ea3n ph\u1ea9m n\u00e0y t\u1ea1i c\u00e1c si\u00eau th\u1ecb, c\u1eeda h\u00e0ng th\u1ef1c ph\u1ea9m.<\/p>\n<p>\u2013 M\u1ef3 \u0111\u01b0\u1ee3c l\u00e0m theo d\u1ea1ng t\u1eebng v\u1eaft m\u1ef3 nh\u1ecf, r\u1ea5t ti\u1ec7n l\u1ee3i khi s\u1eed d\u1ee5ng. S\u1ee3i m\u1ef3 to d\u1eb9t, v\u00e0ng \u00f3ng.<\/p>\n<section class=\"valoriNutrizionaliContainer\"><\/section>\n<h2><\/h2>\n<h2><strong><img loading=\"lazy\" decoding=\"async\" class=\"wp-image-35524 aligncenter\" src=\"https:\/\/havamall.vn\/wp-content\/uploads\/2024\/09\/Screen-Shot-2024-03-05-at-10.40.49-AM-1.png\" alt=\"\" width=\"750\" height=\"898\" srcset=\"https:\/\/havamall.vn\/wp-content\/uploads\/2024\/09\/Screen-Shot-2024-03-05-at-10.40.49-AM-1.png 663w, https:\/\/havamall.vn\/wp-content\/uploads\/2024\/09\/Screen-Shot-2024-03-05-at-10.40.49-AM-1-600x719.png 600w, https:\/\/havamall.vn\/wp-content\/uploads\/2024\/09\/Screen-Shot-2024-03-05-at-10.40.49-AM-1-251x300.png 251w\" sizes=\"(max-width: 750px) 100vw, 750px\" \/>C\u00c1CH CH\u1ebe BI\u1ebeN<\/strong><\/h2>\n<ul>\n<li>Cho v\u1eaft m\u1ef3 v\u00e0o n\u1ed3i n\u01b0\u1edbc, tr\u1ee5ng th\u1eadt s\u00f4i t\u1eeb 1-2 ph\u00fat \u0111\u1ec3 lu\u1ed9c m\u1ef3 cho m\u1ec1m. Sau \u0111\u00f3, v\u1edbt m\u1ef3 ra \u0111\u1ec3 r\u00e1o. M\u1ef3 c\u00f3 th\u1ec3 \u0103n v\u1edbi m\u1ecdi lo\u1ea1i s\u1ed1t t\u00f9y th\u00edch.<\/li>\n<li>B\u1ea1n c\u00f3 th\u1ec3 ch\u1ebf bi\u1ebfn th\u00e0nh nhi\u1ec1u m\u00f3n \u0103n ngon h\u1ea5p d\u1eabn cho c\u1ea3 gia \u0111\u00ecnh nh\u01b0 m\u1ef3 s\u1ed1t b\u00f2 b\u1eb1m, kem n\u1ea5m, s\u1ed1t d\u1ea7u t\u1ecfi,\u2026<\/li>\n<li>Pasta made in Italy s\u1ebd\u00a0l\u00e0 l\u1ef1a ch\u1ecdn ho\u00e0n h\u1ea3o cung c\u1ea5p n\u0103ng l\u01b0\u1ee3ng cho c\u1ea3 ng\u00e0y d\u00e0i \u0111\u1ec3 b\u1ea1n th\u1ecfa s\u1ee9c l\u00e0m \u0111i\u1ec1u m\u00ecnh th\u00edch v\u00e0 ch\u1ebf bi\u1ebfn theo phong c\u00e1ch c\u1ee7a ri\u00eang b\u1ea1n.<\/li>\n<li>B\u1ea3o qu\u1ea3n k\u00edn \u0111\u00e1o \u1edf n\u01a1i kh\u00f4 r\u00e1o, tho\u00e1ng m\u00e1t.<\/li>\n<\/ul>\n<div class=\"table-responsive\"><\/div>\n<div><img loading=\"lazy\" decoding=\"async\" class=\"wp-image-35526 aligncenter\" src=\"https:\/\/havamall.vn\/wp-content\/uploads\/2024\/09\/Screen-Shot-2024-03-05-at-10.28.39-AM-768x769.png\" alt=\"\" width=\"751\" height=\"752\" srcset=\"https:\/\/havamall.vn\/wp-content\/uploads\/2024\/09\/Screen-Shot-2024-03-05-at-10.28.39-AM-768x769.png 768w, https:\/\/havamall.vn\/wp-content\/uploads\/2024\/09\/Screen-Shot-2024-03-05-at-10.28.39-AM-768x769-600x601.png 600w, https:\/\/havamall.vn\/wp-content\/uploads\/2024\/09\/Screen-Shot-2024-03-05-at-10.28.39-AM-768x769-300x300.png 300w, https:\/\/havamall.vn\/wp-content\/uploads\/2024\/09\/Screen-Shot-2024-03-05-at-10.28.39-AM-768x769-150x150.png 150w\" sizes=\"(max-width: 751px) 100vw, 751px\" \/><\/div>","protected":false},"excerpt":{"rendered":"<p>TH\u00d4NG TIN CHUNG Th\u01b0\u01a1ng hi\u1ec7u Divella Xu\u1ea5t x\u1ee9 \u00dd Th\u00e0nh ph\u1ea7n 100% b\u1ed9t l\u00faa m\u00ec nguy\u00ean ch\u1ea5t H\u1ea1n s\u1eed d\u1ee5ng<\/p>","protected":false},"featured_media":35506,"comment_status":"open","ping_status":"closed","template":"","meta":[],"product_brand":[],"product_cat":[672,40],"product_tag":[],"class_list":{"0":"post-35505","1":"product","2":"type-product","3":"status-publish","4":"has-post-thumbnail","6":"product_cat-nhap-khau-y","7":"product_cat-sieuthi-giasi","8":"pa_brand-divella","10":"first","11":"instock","12":"sale","13":"shipping-taxable","14":"purchasable","15":"product-type-simple"},"_links":{"self":[{"href":"https:\/\/havamall.vn\/en\/wp-json\/wp\/v2\/product\/35505"}],"collection":[{"href":"https:\/\/havamall.vn\/en\/wp-json\/wp\/v2\/product"}],"about":[{"href":"https:\/\/havamall.vn\/en\/wp-json\/wp\/v2\/types\/product"}],"replies":[{"embeddable":true,"href":"https:\/\/havamall.vn\/en\/wp-json\/wp\/v2\/comments?post=35505"}],"version-history":[{"count":0,"href":"https:\/\/havamall.vn\/en\/wp-json\/wp\/v2\/product\/35505\/revisions"}],"wp:featuredmedia":[{"embeddable":true,"href":"https:\/\/havamall.vn\/en\/wp-json\/wp\/v2\/media\/35506"}],"wp:attachment":[{"href":"https:\/\/havamall.vn\/en\/wp-json\/wp\/v2\/media?parent=35505"}],"wp:term":[{"taxonomy":"product_brand","embeddable":true,"href":"https:\/\/havamall.vn\/en\/wp-json\/wp\/v2\/product_brand?post=35505"},{"taxonomy":"product_cat","embeddable":true,"href":"https:\/\/havamall.vn\/en\/wp-json\/wp\/v2\/product_cat?post=35505"},{"taxonomy":"product_tag","embeddable":true,"href":"https:\/\/havamall.vn\/en\/wp-json\/wp\/v2\/product_tag?post=35505"}],"curies":[{"name":"wp","href":"https:\/\/api.w.org\/{rel}","templated":true}]}}