{"id":35399,"date":"2024-09-20T11:53:46","date_gmt":"2024-09-20T04:53:46","guid":{"rendered":"https:\/\/havamall.vn\/?post_type=product&#038;p=35399"},"modified":"2025-03-18T14:03:19","modified_gmt":"2025-03-18T07:03:19","slug":"thung-10-goi-gao-y-risotto-arborio-divella-hop-giay-1kg-box-10-packs-of-riso-arborio-rice","status":"publish","type":"product","link":"https:\/\/havamall.vn\/en\/shop\/thung-10-goi-gao-y-risotto-arborio-divella-hop-giay-1kg-box-10-packs-of-riso-arborio-rice\/","title":{"rendered":"Th\u00f9ng 10 G\u00f3i G\u1ea1o \u00dd Risotto Arborio Divella H\u1ed9p Gi\u1ea5y 1kg \u2013 Box 10 Packs Of Riso Arborio Rice"},"content":{"rendered":"<div class=\"x11i5rnm xat24cr x1mh8g0r x1vvkbs xtlvy1s x126k92a\">\n<h2><strong>TH\u00d4NG TIN CHUNG<\/strong><\/h2>\n<table>\n<tbody>\n<tr>\n<td>Th\u01b0\u01a1ng hi\u1ec7u<\/td>\n<td>Divella<\/td>\n<\/tr>\n<tr>\n<td>Xu\u1ea5t x\u1ee9<\/td>\n<td>\u00dd<\/td>\n<\/tr>\n<tr>\n<td>Th\u00e0nh ph\u1ea7n<\/td>\n<td>\u00a0100% l\u00faa g\u1ea1o<\/td>\n<\/tr>\n<tr>\n<td>H\u1ea1n s\u1eed d\u1ee5ng<\/td>\n<td>36 th\u00e1ng k\u1ec3 t\u1eeb ng\u00e0y s\u1ea3n xu\u1ea5t.<\/td>\n<\/tr>\n<tr>\n<td>B\u1ea3o qu\u1ea3n<\/td>\n<td>\u0110\u1ec3 n\u01a1i kh\u00f4 r\u00e1o, tho\u00e1ng m\u00e1t, tr\u00e1nh \u00e1nh n\u1eafng tr\u1ef1c ti\u1ebfp<\/td>\n<\/tr>\n<tr>\n<td>Kh\u1ed1i l\u01b0\u1ee3ng<\/td>\n<td>1kg<\/td>\n<\/tr>\n<\/tbody>\n<\/table>\n<p><strong>TH\u00d4NG TIN TH\u01af\u01a0NG HI\u1ec6U<\/strong><\/p>\n<\/div>\n<div class=\"x11i5rnm xat24cr x1mh8g0r x1vvkbs xtlvy1s x126k92a\">\n<div dir=\"auto\">\n<p>Divella l\u00e0 c\u00f4ng ty c\u00f3 l\u1ecbch s\u1eed h\u01a1n 130 n\u0103m trong ng\u00e0nh ch\u1ebf bi\u1ebfn m\u1ef3 pastase molina t\u1eeb b\u1ed9t m\u00ec durum. N\u0103m 1890, \u00f4ng Francesco Divella \u0111\u00e3 x\u00e2y d\u1ef1ng nh\u00e0 m\u00e1y b\u1ed9t m\u00ec \u0111\u1ea7u ti\u00ean t\u1ea1i Rutigliano \u1edf mi\u1ec1n \u0110\u00f4ng Nam n\u01b0\u1edbc \u00dd, tr\u00e1i tim c\u1ee7a v\u00f9ng \u0111\u1ed3ng b\u1eb1ng Apulian, n\u1ed5i ti\u1ebfng l\u00e0 n\u01a1i c\u00f3 ch\u1ea5t l\u01b0\u1ee3ng b\u1ed9t m\u00ec t\u1ed1t nh\u1ea5t n\u01b0\u1edbc.<\/p>\n<p>Hi\u1ec7n Divella \u0111ang \u0111\u01b0\u1ee3c xu\u1ea5t kh\u1ea9u \u0111i h\u01a1n 100 n\u01b0\u1edbc v\u00e0 \u0111\u00e3 \u0111ang chi\u1ebfm v\u1ecb tr\u00ed s\u1ed1 1 t\u1ea1i th\u1ecb tr\u01b0\u1eddng nhi\u1ec1u n\u01b0\u1edbc tr\u00ean th\u1ebf gi\u1edbi.<\/p>\n<\/div>\n<div dir=\"auto\"><img fetchpriority=\"high\" decoding=\"async\" class=\"wp-image-35433 aligncenter\" src=\"https:\/\/havamall.vn\/wp-content\/uploads\/2024\/09\/1_sg-11134201-23010-dp5cq3qmoemvaa-1-768x353.jpg\" alt=\"\" width=\"801\" height=\"368\" srcset=\"https:\/\/havamall.vn\/wp-content\/uploads\/2024\/09\/1_sg-11134201-23010-dp5cq3qmoemvaa-1-768x353.jpg 768w, https:\/\/havamall.vn\/wp-content\/uploads\/2024\/09\/1_sg-11134201-23010-dp5cq3qmoemvaa-1-768x353-600x276.jpg 600w, https:\/\/havamall.vn\/wp-content\/uploads\/2024\/09\/1_sg-11134201-23010-dp5cq3qmoemvaa-1-768x353-300x138.jpg 300w\" sizes=\"(max-width: 801px) 100vw, 801px\" \/>G\u1ea1o \u00dd Riso Divella c\u00f3 h\u1ea1t ng\u1eafn, h\u00ecnh b\u1ea7u d\u1ee5c, m\u00e0u tr\u1eafng ng\u1ecdc trai. Khi n\u1ea5u ch\u00edn, h\u1ea1t g\u1ea1o n\u1edf tr\u00f2n, h\u1ea1t c\u01a1m c\u00f3 m\u00e0u kem b\u00f3ng, d\u1ebbo v\u00e0 c\u00f3 m\u00f9i th\u01a1m nh\u1eb9. S\u1ea3n ph\u1ea9m r\u1ea5t ngon v\u00e0 l\u00fd t\u01b0\u1edfng cho th\u1ef1c \u0111\u01a1n \u00dd, \u0111\u1eb7c bi\u1ec7t l\u00e0 m\u00f3n c\u01a1m \u00dd c\u1ed5 \u0111i\u1ec3n Risotto, do h\u00e0m l\u01b0\u1ee3ng tinh b\u1ed9t cao c\u1ee7a lo\u1ea1i g\u1ea1o n\u00e0y c\u00f3 kh\u1ea3 n\u0103ng h\u00fat n\u01b0\u1edbc cao, mang l\u1ea1i cho m\u00f3n c\u01a1m \u00dd Risotto \u0111\u1ed9 s\u1ec7t \u0111\u1eb7c tr\u01b0ng.<\/div>\n<div dir=\"auto\"><img decoding=\"async\" class=\"wp-image-35436 aligncenter\" src=\"https:\/\/havamall.vn\/wp-content\/uploads\/2024\/09\/1_cea7eefacbb67eef1b9915be4dbd77e2-600x600.jpg\" alt=\"\" width=\"800\" height=\"800\" srcset=\"https:\/\/havamall.vn\/wp-content\/uploads\/2024\/09\/1_cea7eefacbb67eef1b9915be4dbd77e2-600x600.jpg 600w, https:\/\/havamall.vn\/wp-content\/uploads\/2024\/09\/1_cea7eefacbb67eef1b9915be4dbd77e2-600x600-300x300.jpg 300w, https:\/\/havamall.vn\/wp-content\/uploads\/2024\/09\/1_cea7eefacbb67eef1b9915be4dbd77e2-600x600-150x150.jpg 150w, https:\/\/havamall.vn\/wp-content\/uploads\/2024\/09\/1_cea7eefacbb67eef1b9915be4dbd77e2-600x600-100x100.jpg 100w\" sizes=\"(max-width: 800px) 100vw, 800px\" \/><\/div>\n<p dir=\"auto\">T\u00ean c\u1ee7a g\u1ea1o \u0111\u01b0\u1ee3c \u0111\u1eb7t t\u00ean theo th\u1ecb tr\u1ea5n Arborio, thu\u1ed9c thung l\u0169ng Po Valley, v\u00f9ng Piedmont c\u1ee7a \u00dd \u2013 l\u00e0 n\u01a1i \u0111\u00e3 ph\u00e1t tri\u1ec3n n\u00ean lo\u1ea1i g\u1ea1o n\u00e0y. G\u1ea1o \u00dd Risotto Arborio l\u00e0 m\u1ed9t lo\u1ea1i g\u1ea1o h\u1eefu c\u01a1 c\u1ed5 \u0111i\u1ec3n chuy\u00ean d\u1ee5ng d\u00f9ng cho m\u00f3n c\u01a1m truy\u1ec1n th\u1ed1ng c\u1ee7a \u00dd v\u00ec c\u00f3 \u0111\u1ed9 m\u1ec1m d\u1ebbo th\u01a1m ngon.<\/p>\n<p>Khi n\u1ea5u, ph\u1ea7n tinh b\u1ed9t b\u00ean ngo\u00e0i c\u1ee7a lo\u1ea1i g\u1ea1o n\u00e0y h\u00f2a tan v\u00e0 t\u1ea1o n\u00ean \u0111\u1ed9 kem t\u1ef1 nhi\u00ean cho m\u00f3n \u0103n. Ch\u1ea5t l\u01b0\u1ee3ng c\u1ee7a s\u1ea3n ph\u1ea9m m\u1ed9t ph\u1ea7n n\u1eb1m \u1edf vi\u1ec7c l\u1ef1a ch\u1ecdn h\u1ea1t v\u00e0 xay x\u00e1t \u0111\u00e1 truy\u1ec1n th\u1ed1ng, quy tr\u00ecnh n\u00e0y di\u1ec5n ra nh\u1eb9 nh\u00e0ng v\u00e0 c\u1ea9n th\u1eadn nh\u1eb1m b\u1ea3o to\u00e0n \u0111\u01b0\u1ee3c ch\u1ea5t dinh d\u01b0\u1ee1ng v\u00e0 h\u01b0\u01a1ng v\u1ecb t\u1ed1i \u01b0u. Sau \u0111\u00f3, g\u1ea1o \u0111\u01b0\u1ee3c \u0111\u00f3ng g\u00f3i ch\u00e2n kh\u00f4ng \u0111\u1ec3 \u0111\u1ea3m b\u1ea3o ch\u1ea5t l\u01b0\u1ee3ng.<\/p>\n<p dir=\"auto\"><img decoding=\"async\" class=\"wp-image-35438 aligncenter\" src=\"https:\/\/havamall.vn\/wp-content\/uploads\/2024\/09\/1_275608361_4435396319894523_7916982541562654505_n-768x562.png\" alt=\"\" width=\"801\" height=\"586\" srcset=\"https:\/\/havamall.vn\/wp-content\/uploads\/2024\/09\/1_275608361_4435396319894523_7916982541562654505_n-768x562.png 768w, https:\/\/havamall.vn\/wp-content\/uploads\/2024\/09\/1_275608361_4435396319894523_7916982541562654505_n-768x562-600x439.png 600w, https:\/\/havamall.vn\/wp-content\/uploads\/2024\/09\/1_275608361_4435396319894523_7916982541562654505_n-768x562-300x220.png 300w\" sizes=\"(max-width: 801px) 100vw, 801px\" \/>G\u1ea1o \u00dd Risotto Arborio Divella c\u0169ng ho\u00e0n h\u1ea3o cho t\u1ea5t c\u1ea3 c\u00e1c m\u00f3n c\u01a1m truy\u1ec1n th\u1ed1ng Vi\u1ec7t Nam. Ngo\u00e0i ra b\u1ea1n c\u00f3 th\u1ec3 tho\u1ea3 s\u1ee9c s\u00e1ng t\u1ea1o v\u00e0 ph\u00e1t tri\u1ec3n nhi\u1ec1u c\u00f4ng th\u1ee9c n\u1ea5u \u0103n kh\u00e1c nhau v\u1edbi g\u1ea1o \u00dd Divella nh\u01b0 m\u00f3n c\u01a1m \u00dd v\u1edbi ngh\u1ec7 t\u00e2y, rau x\u00e0o v\u00e0 n\u1ea5m\u2026<\/p>\n<\/div>\n<div class=\"x11i5rnm xat24cr x1mh8g0r x1vvkbs xtlvy1s x126k92a\">\n<div dir=\"auto\">S\u1ea3n ph\u1ea9m g\u1ea1o \u00dd Riso Divella \u0111\u01b0\u1ee3c ch\u1ebf bi\u1ebfn theo m\u1ed9t quy tr\u00ecnh s\u1ea3n xu\u1ea5t nghi\u00eam ng\u1eb7t v\u00e0 \u0111\u01b0\u1ee3c \u0111\u00f3ng h\u1ed9p k\u00edn, \u0111\u1ea3m b\u1ea3o kh\u00f4ng \u0111\u1ec3 c\u00e1c t\u00e1c \u0111\u1ed9ng ngo\u1ea1i c\u1ea3nh l\u00e0m \u1ea3nh h\u01b0\u1edfng ch\u1ea5t l\u01b0\u1ee3ng c\u1ee7a g\u1ea1o.<\/div>\n<div dir=\"auto\">\n<header><\/header>\n<section class=\"valoriNutrizionaliContainer\">\n<div class=\"table-responsive\"><img loading=\"lazy\" decoding=\"async\" class=\"wp-image-35442 aligncenter\" src=\"https:\/\/havamall.vn\/wp-content\/uploads\/2024\/09\/1_117535634_2780733255360846_6141186599404940224_n-768x610.png\" alt=\"\" width=\"798\" height=\"634\" srcset=\"https:\/\/havamall.vn\/wp-content\/uploads\/2024\/09\/1_117535634_2780733255360846_6141186599404940224_n-768x610.png 768w, https:\/\/havamall.vn\/wp-content\/uploads\/2024\/09\/1_117535634_2780733255360846_6141186599404940224_n-768x610-600x477.png 600w, https:\/\/havamall.vn\/wp-content\/uploads\/2024\/09\/1_117535634_2780733255360846_6141186599404940224_n-768x610-300x238.png 300w\" sizes=\"(max-width: 798px) 100vw, 798px\" \/><\/div>\n<\/section>\n<\/div>\n<h2><strong>H\u01af\u1edaNG D\u1eaaN S\u1eec D\u1ee4NG<\/strong><\/h2>\n<p>\u2013 B\u1ea1n c\u00f3 th\u1ec3 ch\u1ebf bi\u1ebfn nhi\u1ec1u m\u00f3n \u0103n nh\u01b0ng ph\u1ed5 bi\u1ebfn nh\u1ea5t v\u1eabn l\u00e0 m\u00f3n c\u01a1m \u00dd c\u1ed5 \u0111i\u1ec3n ho\u1eb7c c\u00e1c m\u00f3n \u0103n k\u1ebft h\u1ee3p nh\u01b0 c\u01a1m \u00dd ngh\u1ec7 t\u00e2y, rau x\u00e0o, s\u1ed1t n\u1ea5m\u2026<\/p>\n<p>\u2013 Cho 2 ly n\u01b0\u1edbc l\u1ea1nh cho m\u1ed7i ly g\u1ea1o v\u00e0o n\u1ed3i<\/p>\n<p>\u2013 Cho l\u00ean b\u1ebfp \u0111un s\u00f4i, \u0111un l\u1eeda nh\u1ecf trong 12 ph\u00fat ho\u1eb7c cho \u0111\u1ebfn khi g\u1ea1o ch\u00edn. \u0110\u1ec3 ki\u1ec3m tra, b\u1ea1n c\u0169ng c\u00f3 th\u1ec3 khu\u1ea5y trong khi \u0111un s\u00f4i.<\/p>\n<p>\u2013 Ngon h\u01a1n khi cho th\u00eam b\u01a1 ho\u1eb7c d\u1ea7u oliu, phomai Parmesan.<\/p>\n<p>\u2013 G\u1ea1o Itally s\u1ebd ngon h\u01a1n khi k\u1ebft h\u1ee3p c\u00f9ng c\u00e1c lo\u1ea1i s\u1ed1t kh\u00e1c nhau nh\u01b0 s\u1ed1t h\u1ea3i s\u1ea3n, s\u1ed1t n\u1ea5m, s\u1ed1t c\u00e0 chua,\u2026 v\u00e0 \u0111em \u0111\u1ebfn cho gia \u0111\u00ecnh b\u1ea1n nh\u1eefng b\u1eefa \u0103n ngon mi\u1ec7ng.<\/p>\n<p><img loading=\"lazy\" decoding=\"async\" class=\"wp-image-35446 aligncenter\" src=\"https:\/\/havamall.vn\/wp-content\/uploads\/2024\/09\/1_ricetta-riso-patate-zucca-p-768x941.png\" alt=\"\" width=\"799\" height=\"979\" srcset=\"https:\/\/havamall.vn\/wp-content\/uploads\/2024\/09\/1_ricetta-riso-patate-zucca-p-768x941.png 768w, https:\/\/havamall.vn\/wp-content\/uploads\/2024\/09\/1_ricetta-riso-patate-zucca-p-768x941-600x735.png 600w, https:\/\/havamall.vn\/wp-content\/uploads\/2024\/09\/1_ricetta-riso-patate-zucca-p-768x941-245x300.png 245w\" sizes=\"(max-width: 799px) 100vw, 799px\" \/><\/p>\n<\/div>","protected":false},"excerpt":{"rendered":"<p>TH\u00d4NG TIN CHUNG Th\u01b0\u01a1ng hi\u1ec7u Divella Xu\u1ea5t x\u1ee9 \u00dd Th\u00e0nh ph\u1ea7n \u00a0100% l\u00faa g\u1ea1o H\u1ea1n s\u1eed d\u1ee5ng 36 th\u00e1ng k\u1ec3<\/p>","protected":false},"featured_media":35401,"comment_status":"open","ping_status":"closed","template":"","meta":[],"product_brand":[],"product_cat":[672,40],"product_tag":[],"class_list":{"0":"post-35399","1":"product","2":"type-product","3":"status-publish","4":"has-post-thumbnail","6":"product_cat-nhap-khau-y","7":"product_cat-sieuthi-giasi","8":"pa_brand-divella","10":"first","11":"instock","12":"sale","13":"shipping-taxable","14":"purchasable","15":"product-type-simple"},"_links":{"self":[{"href":"https:\/\/havamall.vn\/en\/wp-json\/wp\/v2\/product\/35399"}],"collection":[{"href":"https:\/\/havamall.vn\/en\/wp-json\/wp\/v2\/product"}],"about":[{"href":"https:\/\/havamall.vn\/en\/wp-json\/wp\/v2\/types\/product"}],"replies":[{"embeddable":true,"href":"https:\/\/havamall.vn\/en\/wp-json\/wp\/v2\/comments?post=35399"}],"version-history":[{"count":0,"href":"https:\/\/havamall.vn\/en\/wp-json\/wp\/v2\/product\/35399\/revisions"}],"wp:featuredmedia":[{"embeddable":true,"href":"https:\/\/havamall.vn\/en\/wp-json\/wp\/v2\/media\/35401"}],"wp:attachment":[{"href":"https:\/\/havamall.vn\/en\/wp-json\/wp\/v2\/media?parent=35399"}],"wp:term":[{"taxonomy":"product_brand","embeddable":true,"href":"https:\/\/havamall.vn\/en\/wp-json\/wp\/v2\/product_brand?post=35399"},{"taxonomy":"product_cat","embeddable":true,"href":"https:\/\/havamall.vn\/en\/wp-json\/wp\/v2\/product_cat?post=35399"},{"taxonomy":"product_tag","embeddable":true,"href":"https:\/\/havamall.vn\/en\/wp-json\/wp\/v2\/product_tag?post=35399"}],"curies":[{"name":"wp","href":"https:\/\/api.w.org\/{rel}","templated":true}]}}