{"id":35390,"date":"2024-09-20T11:36:25","date_gmt":"2024-09-20T04:36:25","guid":{"rendered":"https:\/\/havamall.vn\/?post_type=product&#038;p=35390"},"modified":"2025-03-18T14:01:10","modified_gmt":"2025-03-18T07:01:10","slug":"thung-24-goi-mi-y-soi-manh-so-11-divella-500g-box-24-packs-of-capellini-spaghetti-no-11","status":"publish","type":"product","link":"https:\/\/havamall.vn\/en\/shop\/thung-24-goi-mi-y-soi-manh-so-11-divella-500g-box-24-packs-of-capellini-spaghetti-no-11\/","title":{"rendered":"Th\u00f9ng 24 G\u00f3i M\u00ec \u00dd s\u1ee3i m\u1ea3nh s\u1ed1 11 Divella 500g &#8211; Box 24 Packs Of Capellini Spaghetti No.11"},"content":{"rendered":"<p>Divella l\u00e0 th\u01b0\u01a1ng hi\u1ec7u n\u1ed5i ti\u1ebfng \u0111\u1ebfn t\u1eeb \u00dd, v\u1edbi h\u01a1n 130 n\u0103m kinh nghi\u1ec7m trong s\u1ea3n xu\u1ea5t c\u00e1c s\u1ea3n ph\u1ea9m m\u00ec \u1ed1ng v\u00e0 th\u1ef1c ph\u1ea9m ch\u1ea5t l\u01b0\u1ee3ng cao. Divella lu\u00f4n t\u1ef1 h\u00e0o v\u1ec1 vi\u1ec7c s\u1eed d\u1ee5ng nh\u1eefng nguy\u00ean li\u1ec7u t\u1ed1t nh\u1ea5t t\u1eeb thi\u00ean nhi\u00ean v\u00e0 cam k\u1ebft mang \u0111\u1ebfn h\u01b0\u01a1ng v\u1ecb truy\u1ec1n th\u1ed1ng \u00dd cho t\u1eebng b\u1eefa \u0103n. V\u1edbi uy t\u00edn v\u1eefng ch\u1eafc tr\u00ean to\u00e0n c\u1ea7u, Divella \u0111\u00e3 tr\u1edf th\u00e0nh l\u1ef1a ch\u1ecdn h\u00e0ng \u0111\u1ea7u c\u1ee7a c\u00e1c gia \u0111\u00ecnh v\u00e0 \u0111\u1ea7u b\u1ebfp chuy\u00ean nghi\u1ec7p.<\/p>\n<p><img fetchpriority=\"high\" decoding=\"async\" class=\"wp-image-35395 aligncenter\" src=\"https:\/\/havamall.vn\/wp-content\/uploads\/2024\/09\/anh122-d96da1ff82.jpg\" alt=\"\" width=\"800\" height=\"533\" srcset=\"https:\/\/havamall.vn\/wp-content\/uploads\/2024\/09\/anh122-d96da1ff82.jpg 500w, https:\/\/havamall.vn\/wp-content\/uploads\/2024\/09\/anh122-d96da1ff82-300x200.jpg 300w\" sizes=\"(max-width: 800px) 100vw, 800px\" \/><br \/>\nCapellini Spaghetti No.11 c\u1ee7a Divella \u0111\u01b0\u1ee3c s\u1ea3n xu\u1ea5t t\u1ea1i \u00dd, n\u01a1i n\u1ed5i ti\u1ebfng v\u1edbi c\u00e1c m\u00f3n m\u00ec ngon v\u00e0 truy\u1ec1n th\u1ed1ng l\u00e2u \u0111\u1eddi. \u0110\u01b0\u1ee3c l\u00e0m t\u1eeb lo\u1ea1i l\u00faa m\u00ec c\u1ee9ng ch\u1ea5t l\u01b0\u1ee3ng cao, s\u1ea3n ph\u1ea9m m\u00ec n\u00e0y \u0111\u1ea3m b\u1ea3o mang \u0111\u1ebfn h\u01b0\u01a1ng v\u1ecb v\u00e0 k\u1ebft c\u1ea5u ho\u00e0n h\u1ea3o cho b\u1ea5t k\u1ef3 m\u00f3n \u0103n n\u00e0o, \u0111\u1eb7c bi\u1ec7t l\u00e0 nh\u1eefng m\u00f3n y\u00eau c\u1ea7u s\u1ee3i m\u00ec m\u1ea3nh v\u00e0 nh\u1eb9.<\/p>\n<h3><strong><img decoding=\"async\" class=\"wp-image-35396 aligncenter\" src=\"https:\/\/havamall.vn\/wp-content\/uploads\/2024\/09\/Simple-5-Ingredient-Capellini-Caprese-9-of-8-9-of-1.jpg\" alt=\"\" width=\"799\" height=\"533\" srcset=\"https:\/\/havamall.vn\/wp-content\/uploads\/2024\/09\/Simple-5-Ingredient-Capellini-Caprese-9-of-8-9-of-1.jpg 1000w, https:\/\/havamall.vn\/wp-content\/uploads\/2024\/09\/Simple-5-Ingredient-Capellini-Caprese-9-of-8-9-of-1-600x400.jpg 600w, https:\/\/havamall.vn\/wp-content\/uploads\/2024\/09\/Simple-5-Ingredient-Capellini-Caprese-9-of-8-9-of-1-300x200.jpg 300w, https:\/\/havamall.vn\/wp-content\/uploads\/2024\/09\/Simple-5-Ingredient-Capellini-Caprese-9-of-8-9-of-1-768x512.jpg 768w\" sizes=\"(max-width: 799px) 100vw, 799px\" \/>\u0110\u1eb7c \u0111i\u1ec3m n\u1ed5i b\u1eadt<\/strong><\/h3>\n<p>&#8211; S\u1ee3i m\u00ec si\u00eau m\u1ea3nh: Capellini No.11 c\u00f3 \u0111\u1ed9 m\u1ea3nh \u0111\u1eb7c tr\u01b0ng, mang \u0111\u1ebfn c\u1ea3m gi\u00e1c m\u1ec1m m\u1ea1i v\u00e0 thanh l\u1ecbch trong t\u1eebng m\u00f3n \u0103n, l\u00fd t\u01b0\u1edfng \u0111\u1ec3 k\u1ebft h\u1ee3p v\u1edbi c\u00e1c lo\u1ea1i s\u1ed1t nh\u1eb9.<\/p>\n<p>&#8211; Ch\u1ea5t l\u01b0\u1ee3ng cao c\u1ea5p: \u0110\u01b0\u1ee3c l\u00e0m t\u1eeb 100% l\u00faa m\u00ec c\u1ee9ng ch\u1ecdn l\u1ecdc, m\u00ec c\u00f3 \u0111\u1ed9 dai ho\u00e0n h\u1ea3o v\u00e0 gi\u1eef \u0111\u01b0\u1ee3c h\u01b0\u01a1ng v\u1ecb truy\u1ec1n th\u1ed1ng c\u1ee7a \u00dd.<\/p>\n<p>&#8211; D\u1ec5 d\u00e0ng n\u1ea5u ch\u00edn: V\u1edbi th\u1eddi gian n\u1ea5u nhanh ch\u1ec9 t\u1eeb 3-5 ph\u00fat, Capellini l\u00e0 l\u1ef1a ch\u1ecdn ho\u00e0n h\u1ea3o cho nh\u1eefng b\u1eefa \u0103n nhanh nh\u01b0ng v\u1eabn \u0111\u1ea3m b\u1ea3o ch\u1ea5t l\u01b0\u1ee3ng.<\/p>\n<p>&#8211; Ti\u1ec7n l\u1ee3i cho d\u1ef1 tr\u1eef: Th\u00f9ng 24 g\u00f3i, m\u1ed7i g\u00f3i 500g gi\u00fap b\u1ea1n lu\u00f4n c\u00f3 s\u1eb5n nguy\u00ean li\u1ec7u ch\u1ea5t l\u01b0\u1ee3ng cao cho m\u1ecdi b\u1eefa \u0103n, ph\u00f9 h\u1ee3p cho c\u1ea3 nh\u00e0 h\u00e0ng v\u00e0 gia \u0111\u00ecnh.<\/p>\n<h3><strong><img decoding=\"async\" class=\"wp-image-35397 aligncenter\" src=\"https:\/\/havamall.vn\/wp-content\/uploads\/2024\/09\/294356f7-2cd0-4164-90b6-7ebcefb12f42.7704d98543c98e6588944c2e57b634ea.webp\" alt=\"\" width=\"801\" height=\"801\" srcset=\"https:\/\/havamall.vn\/wp-content\/uploads\/2024\/09\/294356f7-2cd0-4164-90b6-7ebcefb12f42.7704d98543c98e6588944c2e57b634ea.webp 768w, https:\/\/havamall.vn\/wp-content\/uploads\/2024\/09\/294356f7-2cd0-4164-90b6-7ebcefb12f42.7704d98543c98e6588944c2e57b634ea-600x600.webp 600w, https:\/\/havamall.vn\/wp-content\/uploads\/2024\/09\/294356f7-2cd0-4164-90b6-7ebcefb12f42.7704d98543c98e6588944c2e57b634ea-300x300.webp 300w, https:\/\/havamall.vn\/wp-content\/uploads\/2024\/09\/294356f7-2cd0-4164-90b6-7ebcefb12f42.7704d98543c98e6588944c2e57b634ea-150x150.webp 150w\" sizes=\"(max-width: 801px) 100vw, 801px\" \/>H\u01b0\u1edbng d\u1eabn s\u1eed d\u1ee5ng<\/strong><\/h3>\n<p>&#8211; C\u00e1ch n\u1ea5u: \u0110un s\u00f4i n\u01b0\u1edbc, th\u00eam ch\u00fat mu\u1ed1i, cho m\u00ec v\u00e0o lu\u1ed9c trong 3-5 ph\u00fat \u0111\u1ebfn khi m\u00ec \u0111\u1ea1t \u0111\u1ed9 m\u1ec1m v\u1eeba ph\u1ea3i (al dente). Sau \u0111\u00f3, v\u1edbt ra v\u00e0 tr\u1ed9n c\u00f9ng s\u1ed1t ho\u1eb7c c\u00e1c nguy\u00ean li\u1ec7u y\u00eau th\u00edch.<\/p>\n<p>&#8211; M\u00f3n \u0103n \u0111\u1ec1 xu\u1ea5t: Capellini th\u01b0\u1eddng \u0111\u01b0\u1ee3c k\u1ebft h\u1ee3p v\u1edbi c\u00e1c lo\u1ea1i s\u1ed1t d\u1ea7u \u00f4 liu, s\u1ed1t kem, ho\u1eb7c s\u1ed1t c\u00e0 chua nh\u1eb9. M\u00ec c\u0169ng r\u1ea5t h\u1ee3p v\u1edbi h\u1ea3i s\u1ea3n v\u00e0 rau c\u1ee7 t\u01b0\u01a1i.<\/p>\n<p>&#8211; B\u1ea3o qu\u1ea3n: B\u1ea3o qu\u1ea3n n\u01a1i kh\u00f4 r\u00e1o, tho\u00e1ng m\u00e1t, tr\u00e1nh \u00e1nh n\u1eafng tr\u1ef1c ti\u1ebfp.<\/p>\n<p>&nbsp;<\/p>","protected":false},"excerpt":{"rendered":"<p>Divella l\u00e0 th\u01b0\u01a1ng hi\u1ec7u n\u1ed5i ti\u1ebfng \u0111\u1ebfn t\u1eeb \u00dd, v\u1edbi h\u01a1n 130 n\u0103m kinh nghi\u1ec7m trong s\u1ea3n xu\u1ea5t c\u00e1c s\u1ea3n<\/p>","protected":false},"featured_media":35394,"comment_status":"open","ping_status":"closed","template":"","meta":[],"product_brand":[],"product_cat":[672,40],"product_tag":[],"class_list":{"0":"post-35390","1":"product","2":"type-product","3":"status-publish","4":"has-post-thumbnail","6":"product_cat-nhap-khau-y","7":"product_cat-sieuthi-giasi","8":"pa_brand-divella","10":"first","11":"instock","12":"sale","13":"shipping-taxable","14":"purchasable","15":"product-type-simple"},"_links":{"self":[{"href":"https:\/\/havamall.vn\/en\/wp-json\/wp\/v2\/product\/35390"}],"collection":[{"href":"https:\/\/havamall.vn\/en\/wp-json\/wp\/v2\/product"}],"about":[{"href":"https:\/\/havamall.vn\/en\/wp-json\/wp\/v2\/types\/product"}],"replies":[{"embeddable":true,"href":"https:\/\/havamall.vn\/en\/wp-json\/wp\/v2\/comments?post=35390"}],"version-history":[{"count":0,"href":"https:\/\/havamall.vn\/en\/wp-json\/wp\/v2\/product\/35390\/revisions"}],"wp:featuredmedia":[{"embeddable":true,"href":"https:\/\/havamall.vn\/en\/wp-json\/wp\/v2\/media\/35394"}],"wp:attachment":[{"href":"https:\/\/havamall.vn\/en\/wp-json\/wp\/v2\/media?parent=35390"}],"wp:term":[{"taxonomy":"product_brand","embeddable":true,"href":"https:\/\/havamall.vn\/en\/wp-json\/wp\/v2\/product_brand?post=35390"},{"taxonomy":"product_cat","embeddable":true,"href":"https:\/\/havamall.vn\/en\/wp-json\/wp\/v2\/product_cat?post=35390"},{"taxonomy":"product_tag","embeddable":true,"href":"https:\/\/havamall.vn\/en\/wp-json\/wp\/v2\/product_tag?post=35390"}],"curies":[{"name":"wp","href":"https:\/\/api.w.org\/{rel}","templated":true}]}}