{"id":35373,"date":"2024-09-19T19:19:56","date_gmt":"2024-09-19T12:19:56","guid":{"rendered":"https:\/\/havamall.vn\/?post_type=product&#038;p=35373"},"modified":"2025-03-21T11:04:46","modified_gmt":"2025-03-21T04:04:46","slug":"trai-cay-hon-hop-tuoi-dong-lanh-snowcrest-fresh-frozen-berry-blend-600g","status":"publish","type":"product","link":"https:\/\/havamall.vn\/en\/shop\/trai-cay-hon-hop-tuoi-dong-lanh-snowcrest-fresh-frozen-berry-blend-600g\/","title":{"rendered":"Tr\u00e1i C\u00e2y H\u1ed7n H\u1ee3p T\u01b0\u01a1i \u0110\u00f4ng L\u1ea1nh Snowcrest &#8211; Fresh Frozen Berry Blend 600g"},"content":{"rendered":"<h2 class=\"product-detail__specs-title\"><strong>TH\u00d4NG TIN CHUNG<\/strong><\/h2>\n<div id=\"js-product-detail__specs\" class=\"product-detail__specs\">\n<div class=\"row\">\n<div class=\"col-sm-12\">\n<div class=\"product-specs__table\">\n<table style=\"width: 82.3426%;height: 221px\">\n<tbody>\n<tr>\n<td class=\"specs-table__property\" style=\"width: 22.8089%\">Th\u01b0\u01a1ng hi\u1ec7u<\/td>\n<td class=\"specs-table__value\" style=\"width: 162.196%\">Snowcrest<\/td>\n<\/tr>\n<tr>\n<td class=\"specs-table__property\" style=\"width: 22.8089%\">Xu\u1ea5t x\u1ee9<\/td>\n<td class=\"specs-table__value\" style=\"width: 162.196%\">Canada<\/td>\n<\/tr>\n<tr>\n<td class=\"specs-table__property\" style=\"width: 22.8089%\">H\u1ea1n s\u1eed d\u1ee5ng<\/td>\n<td class=\"specs-table__value\" style=\"width: 162.196%\">24 th\u00e1ng<\/td>\n<\/tr>\n<tr>\n<td class=\"specs-table__property\" style=\"width: 22.8089%\">H\u01b0\u1edbng d\u1eabn s\u1eed d\u1ee5ng<\/td>\n<td class=\"specs-table__value\" style=\"width: 162.196%\">D\u00f9ng tr\u1ef1c ti\u1ebfp ho\u1eb7c d\u00f9ng l\u00e0m nguy\u00ean li\u1ec7u ch\u1ebf bi\u1ebfn<\/td>\n<\/tr>\n<tr>\n<td class=\"specs-table__property\" style=\"width: 22.8089%\">H\u01b0\u1edbng d\u1eabn b\u1ea3o qu\u1ea3n<\/td>\n<td class=\"specs-table__value\" style=\"width: 162.196%\">B\u1ea3o qu\u1ea3n t\u1ee7 \u0111\u00f4ng -18 \u0111\u1ed9 C, sau khi r\u00e3 \u0111\u00f4ng c\u1ea7n b\u1ea3o qu\u1ea3n ng\u0103n m\u00e1t trong th\u1eddi gian ng\u1eafn<\/td>\n<\/tr>\n<tr>\n<td class=\"specs-table__property\" style=\"width: 22.8089%\">Th\u00e0nh ph\u1ea7n nguy\u00ean li\u1ec7u<\/td>\n<td class=\"specs-table__value\" style=\"width: 162.196%\">Xem tr\u00ean bao b\u00ec<\/td>\n<\/tr>\n<tr>\n<td class=\"specs-table__property\" style=\"width: 22.8089%\">Kh\u1ed1i l\u01b0\u1ee3ng<\/td>\n<td class=\"specs-table__value\" style=\"width: 162.196%\">600g<\/td>\n<\/tr>\n<\/tbody>\n<\/table>\n<p>Snowcrest l\u00e0 th\u01b0\u01a1ng hi\u1ec7u n\u1ed5i ti\u1ebfng \u0111\u1ebfn t\u1eeb Canada, \u0111\u01b0\u1ee3c bi\u1ebft \u0111\u1ebfn v\u1edbi c\u00e1c s\u1ea3n ph\u1ea9m tr\u00e1i c\u00e2y \u0111\u00f4ng l\u1ea1nh ch\u1ea5t l\u01b0\u1ee3ng cao. V\u1edbi h\u01a1n 60 n\u0103m kinh nghi\u1ec7m trong ng\u00e0nh, Snowcrest kh\u00f4ng ch\u1ec9 mang \u0111\u1ebfn cho ng\u01b0\u1eddi ti\u00eau d\u00f9ng nh\u1eefng lo\u1ea1i tr\u00e1i c\u00e2y t\u01b0\u01a1i ngon m\u00e0 c\u00f2n cam k\u1ebft v\u1ec1 quy tr\u00ecnh s\u1ea3n xu\u1ea5t b\u1ec1n v\u1eefng, \u0111\u00e1p \u1ee9ng c\u00e1c ti\u00eau chu\u1ea9n qu\u1ed1c t\u1ebf kh\u1eaft khe v\u1ec1 an to\u00e0n th\u1ef1c ph\u1ea9m. Th\u01b0\u01a1ng hi\u1ec7u n\u00e0y lu\u00f4n \u0111\u1eb7t ch\u1ea5t l\u01b0\u1ee3ng v\u00e0 s\u1ef1 h\u00e0i l\u00f2ng c\u1ee7a kh\u00e1ch h\u00e0ng l\u00ean h\u00e0ng \u0111\u1ea7u.<\/p>\n<p><img fetchpriority=\"high\" decoding=\"async\" class=\"wp-image-36153 aligncenter\" src=\"https:\/\/havamall.vn\/wp-content\/uploads\/2024\/09\/SummerBerries2.jpg\" alt=\"\" width=\"901\" height=\"600\" \/><\/p>\n<p>Tr\u00e1i c\u00e2y h\u1ed7n h\u1ee3p Snowcrest \u0111\u01b0\u1ee3c thu ho\u1ea1ch t\u1eeb nh\u1eefng v\u00f9ng tr\u1ed3ng tr\u00e1i c\u00e2y t\u1ed1t nh\u1ea5t t\u1ea1i B\u1eafc M\u1ef9. M\u1ed7i lo\u1ea1i qu\u1ea3 \u0111\u1ec1u \u0111\u01b0\u1ee3c ch\u1ecdn l\u1ecdc k\u1ef9 l\u01b0\u1ee1ng, \u0111\u1ea3m b\u1ea3o ch\u1ea5t l\u01b0\u1ee3ng tr\u01b0\u1edbc khi tr\u1ea3i qua quy tr\u00ecnh \u0111\u00f4ng l\u1ea1nh IQF (Individual Quick Freezing). Quy tr\u00ecnh n\u00e0y gi\u00fap gi\u1eef nguy\u00ean d\u01b0\u1ee1ng ch\u1ea5t, h\u01b0\u01a1ng v\u1ecb v\u00e0 \u0111\u1ed9 t\u01b0\u01a1i c\u1ee7a t\u1eebng lo\u1ea1i tr\u00e1i c\u00e2y<\/p>\n<p>Tr\u00e1i C\u00e2y H\u1ed7n H\u1ee3p T\u01b0\u01a1i \u0110\u00f4ng L\u1ea1nh Snowcrest l\u00e0 s\u1ef1 k\u1ebft h\u1ee3p ho\u00e0n h\u1ea3o gi\u1eefa c\u00e1c lo\u1ea1i qu\u1ea3 m\u1ecdng nh\u01b0 d\u00e2u t\u00e2y, vi\u1ec7t qu\u1ea5t, ph\u00fac b\u1ed3n t\u1eed, v\u00e0 m\u00e2m x\u00f4i \u0111en. S\u1ea3n ph\u1ea9m mang \u0111\u1ebfn h\u01b0\u01a1ng v\u1ecb phong ph\u00fa, c\u00e2n b\u1eb1ng gi\u1eefa v\u1ecb ng\u1ecdt v\u00e0 chua nh\u1eb9, t\u1ea1o ra tr\u1ea3i nghi\u1ec7m th\u00fa v\u1ecb cho v\u1ecb gi\u00e1c. V\u1edbi tr\u1ecdng l\u01b0\u1ee3ng 600g, t\u00fai tr\u00e1i c\u00e2y h\u1ed7n h\u1ee3p n\u00e0y th\u00edch h\u1ee3p cho vi\u1ec7c s\u1eed d\u1ee5ng linh ho\u1ea1t trong nhi\u1ec1u m\u00f3n \u0103n v\u00e0 \u0111\u1ed3 u\u1ed1ng.<\/p>\n<p><img decoding=\"async\" class=\"wp-image-36154 aligncenter\" src=\"https:\/\/havamall.vn\/wp-content\/uploads\/2024\/09\/Angel-Food-Cake-with-Three-Berry-Compote-FT-RECIPE0323-541a780b871441e0ab14383ee38acc44-1024x683.jpg\" alt=\"\" width=\"900\" height=\"600\" \/><\/p>\n<h3><strong>\u0110\u1eb7c \u0111i\u1ec3m n\u1ed5i b\u1eadt<\/strong><\/h3>\n<p>&#8211; C\u00f4ng ngh\u1ec7 \u0111\u00f4ng l\u1ea1nh IQF hi\u1ec7n \u0111\u1ea1i: M\u1ed7i lo\u1ea1i qu\u1ea3 \u0111\u01b0\u1ee3c \u0111\u00f4ng l\u1ea1nh ri\u00eang l\u1ebb, gi\u00fap gi\u1eef nguy\u00ean c\u1ea5u tr\u00fac, h\u01b0\u01a1ng v\u1ecb v\u00e0 d\u01b0\u1ee1ng ch\u1ea5t. Qu\u1ea3 kh\u00f4ng b\u1ecb d\u00ednh v\u00e0o nhau, d\u1ec5 d\u00e0ng s\u1eed d\u1ee5ng khi c\u1ea7n.<\/p>\n<p>&#8211; H\u01b0\u01a1ng v\u1ecb v\u00e0 dinh d\u01b0\u1ee1ng: r\u00e1i c\u00e2y h\u1ed7n h\u1ee3p cung c\u1ea5p l\u01b0\u1ee3ng l\u1edbn vitamin C, ch\u1ea5t x\u01a1 v\u00e0 c\u00e1c ch\u1ea5t ch\u1ed1ng oxy h\u00f3a m\u1ea1nh m\u1ebd, t\u1ed1t cho s\u1ee9c kh\u1ecfe tim m\u1ea1ch, h\u1ec7 ti\u00eau h\u00f3a, v\u00e0 gi\u00fap l\u00e0n da s\u00e1ng kh\u1ecfe.<\/p>\n<p>&#8211; Kh\u00f4ng ch\u1ea5t b\u1ea3o qu\u1ea3n, kh\u00f4ng \u0111\u01b0\u1eddng: S\u1ea3n ph\u1ea9m ho\u00e0n to\u00e0n t\u1ef1 nhi\u00ean, kh\u00f4ng th\u00eam \u0111\u01b0\u1eddng hay b\u1ea5t k\u1ef3 ph\u1ee5 gia n\u00e0o, \u0111\u1ea3m b\u1ea3o h\u01b0\u01a1ng v\u1ecb t\u01b0\u01a1i ngon v\u00e0 an to\u00e0n cho s\u1ee9c kh\u1ecfe.<\/p>\n<p>&#8211; Ti\u1ec7n l\u1ee3i v\u00e0 \u0111a d\u1ee5ng: Ph\u00f9 h\u1ee3p cho nhi\u1ec1u m\u00f3n nh\u01b0 sinh t\u1ed1, s\u1eefa chua, salad, b\u00e1nh ng\u1ecdt, hay ch\u1ec9 \u0111\u01a1n gi\u1ea3n l\u00e0 \u0103n tr\u1ef1c ti\u1ebfp khi r\u00e3 \u0111\u00f4ng. Tr\u00e1i c\u00e2y h\u1ed7n h\u1ee3p \u0111\u00f4ng l\u1ea1nh l\u00e0 l\u1ef1a ch\u1ecdn tuy\u1ec7t v\u1eddi cho nh\u1eefng ai y\u00eau th\u00edch ch\u1ebf \u0111\u1ed9 \u0103n l\u00e0nh m\u1ea1nh v\u00e0 ti\u1ec7n l\u1ee3i.<\/p>\n<p><img decoding=\"async\" class=\"wp-image-36155 aligncenter\" src=\"https:\/\/havamall.vn\/wp-content\/uploads\/2024\/09\/Mixed-berry-smoothie-1-1024x1024.jpeg\" alt=\"\" width=\"900\" height=\"900\" \/><\/p>\n<h3><strong>H\u01b0\u1edbng d\u1eabn s\u1eed d\u1ee5ng\u00a0<\/strong><\/h3>\n<p>&#8211; C\u00e1ch s\u1eed d\u1ee5ng: C\u00f3 th\u1ec3 r\u00e3 \u0111\u00f4ng tr\u00e1i c\u00e2y h\u1ed7n h\u1ee3p Snowcrest \u0111\u1ec3 \u0103n tr\u1ef1c ti\u1ebfp, l\u00e0m sinh t\u1ed1, n\u01b0\u1edbc \u00e9p, ho\u1eb7c trang tr\u00ed c\u00e1c m\u00f3n b\u00e1nh, s\u1eefa chua. S\u1ea3n ph\u1ea9m c\u0169ng th\u00edch h\u1ee3p \u0111\u1ec3 ch\u1ebf bi\u1ebfn c\u00e1c m\u00f3n \u0103n nh\u01b0 m\u1ee9t ho\u1eb7c topping cho ng\u0169 c\u1ed1c, b\u00e1nh pancakes.<\/p>\n<p>&#8211; B\u1ea3o qu\u1ea3n: B\u1ea3o qu\u1ea3n trong ng\u0103n \u0111\u00f4ng \u1edf nhi\u1ec7t \u0111\u1ed9 -18\u00b0C. Sau khi s\u1eed d\u1ee5ng, n\u00ean c\u1ea5t l\u1ea1i v\u00e0o ng\u0103n \u0111\u00f4ng \u0111\u1ec3 tr\u00e1nh tr\u00e1i c\u00e2y tan ch\u1ea3y. Kh\u00f4ng \u0111\u00f4ng l\u1ea1i s\u1ea3n ph\u1ea9m sau khi \u0111\u00e3 r\u00e3 \u0111\u00f4ng ho\u00e0n to\u00e0n.<\/p>\n<h3><strong>Havamall \u2013 ph\u00e2n ph\u1ed1i c\u00e1c s\u1ea3n ph\u1ea9m ch\u00ednh h\u00e3ng, ch\u1ea5t l\u01b0\u1ee3ng<\/strong><\/h3>\n<p>V\u1edbi kinh nghi\u1ec7m trong ng\u00e0nh nh\u1eadp kh\u1ea9u v\u00e0 ph\u00e2n ph\u1ed1i th\u1ef1c ph\u1ea9m, \u0111\u1ed3 u\u1ed1ng v\u00e0 nguy\u00ean li\u1ec7u th\u1ef1c ph\u1ea9m, C\u00f4ng ty Havamall Vi\u1ec7t Nam l\u00e0 m\u1ed9t trong nh\u1eefng \u0111\u01a1n v\u1ecb cung \u1ee9ng s\u1ea3n ph\u1ea9m h\u00e0ng \u0111\u1ea7u cho c\u00e1c \u0111\u1ed1i t\u00e1c chuy\u00ean nghi\u1ec7p, danh ti\u1ebfng tr\u00ean kh\u1eafp c\u1ea3 n\u01b0\u1edbc.<\/p>\n<p>C\u00e1c s\u1ea3n ph\u1ea9m do C\u00f4ng ty Havamall Vi\u1ec7t Nam ph\u00e2n ph\u1ed1i \u0111\u1ec1u \u0111\u01b0\u1ee3c nh\u1eadp kh\u1ea9u t\u1eeb ch\u00e2u \u00c2u, ch\u00e2u \u00dac, \u0111\u1ea3m b\u1ea3o c\u00e1c ti\u00eau chu\u1ea9n v\u1ec1 v\u1ec7 sinh an to\u00e0n th\u1ef1c ph\u1ea9m kh\u1eaft khe nh\u01b0 HACCP, ISO. V\u1edbi h\u1ec7 th\u1ed1ng chi nh\u00e1nh, kho v\u1eadn tr\u1ea3i d\u00e0i kh\u1eafp Vi\u1ec7t Nam, C\u00f4ng ty Havamall Vi\u1ec7t Nam c\u00f3 th\u1ec3 \u0111\u00e1p \u1ee9ng \u0111\u01b0\u1ee3c nhu c\u1ea7u v\u1ec1 s\u1ed1 l\u01b0\u1ee3ng v\u00e0 ch\u1ea5t l\u01b0\u1ee3ng c\u1ee7a kh\u00e1ch h\u00e0ng.<\/p>\n<\/div>\n<\/div>\n<\/div>\n<\/div>","protected":false},"excerpt":{"rendered":"<p>TH\u00d4NG TIN CHUNG Th\u01b0\u01a1ng hi\u1ec7u Snowcrest Xu\u1ea5t x\u1ee9 Canada H\u1ea1n s\u1eed d\u1ee5ng 24 th\u00e1ng H\u01b0\u1edbng d\u1eabn s\u1eed d\u1ee5ng D\u00f9ng tr\u1ef1c<\/p>","protected":false},"featured_media":35375,"comment_status":"open","ping_status":"closed","template":"","meta":[],"product_brand":[],"product_cat":[670,678,36],"product_tag":[],"class_list":{"0":"post-35373","1":"product","2":"type-product","3":"status-publish","4":"has-post-thumbnail","6":"product_cat-nhap-khau-canada","7":"product_cat-trai-cay-dong-lanh","8":"product_cat-thuc-pham-tieu-dung","10":"first","11":"instock","12":"sale","13":"shipping-taxable","14":"purchasable","15":"product-type-simple"},"_links":{"self":[{"href":"https:\/\/havamall.vn\/en\/wp-json\/wp\/v2\/product\/35373"}],"collection":[{"href":"https:\/\/havamall.vn\/en\/wp-json\/wp\/v2\/product"}],"about":[{"href":"https:\/\/havamall.vn\/en\/wp-json\/wp\/v2\/types\/product"}],"replies":[{"embeddable":true,"href":"https:\/\/havamall.vn\/en\/wp-json\/wp\/v2\/comments?post=35373"}],"version-history":[{"count":0,"href":"https:\/\/havamall.vn\/en\/wp-json\/wp\/v2\/product\/35373\/revisions"}],"wp:featuredmedia":[{"embeddable":true,"href":"https:\/\/havamall.vn\/en\/wp-json\/wp\/v2\/media\/35375"}],"wp:attachment":[{"href":"https:\/\/havamall.vn\/en\/wp-json\/wp\/v2\/media?parent=35373"}],"wp:term":[{"taxonomy":"product_brand","embeddable":true,"href":"https:\/\/havamall.vn\/en\/wp-json\/wp\/v2\/product_brand?post=35373"},{"taxonomy":"product_cat","embeddable":true,"href":"https:\/\/havamall.vn\/en\/wp-json\/wp\/v2\/product_cat?post=35373"},{"taxonomy":"product_tag","embeddable":true,"href":"https:\/\/havamall.vn\/en\/wp-json\/wp\/v2\/product_tag?post=35373"}],"curies":[{"name":"wp","href":"https:\/\/api.w.org\/{rel}","templated":true}]}}