{"id":35367,"date":"2024-09-19T18:44:35","date_gmt":"2024-09-19T11:44:35","guid":{"rendered":"https:\/\/havamall.vn\/?post_type=product&#038;p=35367"},"modified":"2025-03-21T10:34:33","modified_gmt":"2025-03-21T03:34:33","slug":"dau-tay-tuoi-dong-lanh-snowcrest-fresh-frozen-strawberry-600g","status":"publish","type":"product","link":"https:\/\/havamall.vn\/en\/shop\/dau-tay-tuoi-dong-lanh-snowcrest-fresh-frozen-strawberry-600g\/","title":{"rendered":"D\u00e2u T\u00e2y T\u01b0\u01a1i \u0110\u00f4ng L\u1ea1nh Snowcrest &#8211; Fresh Frozen Strawberries 600g"},"content":{"rendered":"<h2 class=\"product-detail__specs-title\"><strong>TH\u00d4NG TIN CHUNG<\/strong><\/h2>\n<div id=\"js-product-detail__specs\" class=\"product-detail__specs\">\n<div class=\"row\">\n<div class=\"col-sm-12\">\n<div class=\"product-specs__table\">\n<table style=\"width: 82.3426%;height: 221px\">\n<tbody>\n<tr>\n<td class=\"specs-table__property\" style=\"width: 22.8089%\">Th\u01b0\u01a1ng hi\u1ec7u<\/td>\n<td class=\"specs-table__value\" style=\"width: 162.196%\">Snowcrest<\/td>\n<\/tr>\n<tr>\n<td class=\"specs-table__property\" style=\"width: 22.8089%\">Xu\u1ea5t x\u1ee9<\/td>\n<td class=\"specs-table__value\" style=\"width: 162.196%\">Canada<\/td>\n<\/tr>\n<tr>\n<td class=\"specs-table__property\" style=\"width: 22.8089%\">H\u1ea1n s\u1eed d\u1ee5ng<\/td>\n<td class=\"specs-table__value\" style=\"width: 162.196%\">24 th\u00e1ng<\/td>\n<\/tr>\n<tr>\n<td class=\"specs-table__property\" style=\"width: 22.8089%\">H\u01b0\u1edbng d\u1eabn s\u1eed d\u1ee5ng<\/td>\n<td class=\"specs-table__value\" style=\"width: 162.196%\">D\u00f9ng tr\u1ef1c ti\u1ebfp ho\u1eb7c d\u00f9ng l\u00e0m nguy\u00ean li\u1ec7u ch\u1ebf bi\u1ebfn<\/td>\n<\/tr>\n<tr>\n<td class=\"specs-table__property\" style=\"width: 22.8089%\">H\u01b0\u1edbng d\u1eabn b\u1ea3o qu\u1ea3n<\/td>\n<td class=\"specs-table__value\" style=\"width: 162.196%\">B\u1ea3o qu\u1ea3n t\u1ee7 \u0111\u00f4ng -18 \u0111\u1ed9 C, sau khi r\u00e3 \u0111\u00f4ng c\u1ea7n b\u1ea3o qu\u1ea3n ng\u0103n m\u00e1t trong th\u1eddi gian ng\u1eafn<\/td>\n<\/tr>\n<tr>\n<td class=\"specs-table__property\" style=\"width: 22.8089%\">Th\u00e0nh ph\u1ea7n nguy\u00ean li\u1ec7u<\/td>\n<td class=\"specs-table__value\" style=\"width: 162.196%\">Xem tr\u00ean bao b\u00ec<\/td>\n<\/tr>\n<tr>\n<td class=\"specs-table__property\" style=\"width: 22.8089%\">Kh\u1ed1i l\u01b0\u1ee3ng<\/td>\n<td class=\"specs-table__value\" style=\"width: 162.196%\">600g<\/td>\n<\/tr>\n<\/tbody>\n<\/table>\n<p>Snowcrest l\u00e0 th\u01b0\u01a1ng hi\u1ec7u n\u1ed5i ti\u1ebfng \u0111\u1ebfn t\u1eeb Canada, \u0111\u01b0\u1ee3c bi\u1ebft \u0111\u1ebfn v\u1edbi c\u00e1c s\u1ea3n ph\u1ea9m tr\u00e1i c\u00e2y \u0111\u00f4ng l\u1ea1nh ch\u1ea5t l\u01b0\u1ee3ng cao. V\u1edbi h\u01a1n 60 n\u0103m kinh nghi\u1ec7m trong ng\u00e0nh, Snowcrest kh\u00f4ng ch\u1ec9 mang \u0111\u1ebfn cho ng\u01b0\u1eddi ti\u00eau d\u00f9ng nh\u1eefng lo\u1ea1i tr\u00e1i c\u00e2y t\u01b0\u01a1i ngon m\u00e0 c\u00f2n cam k\u1ebft v\u1ec1 quy tr\u00ecnh s\u1ea3n xu\u1ea5t b\u1ec1n v\u1eefng, \u0111\u00e1p \u1ee9ng c\u00e1c ti\u00eau chu\u1ea9n qu\u1ed1c t\u1ebf kh\u1eaft khe v\u1ec1 an to\u00e0n th\u1ef1c ph\u1ea9m. Th\u01b0\u01a1ng hi\u1ec7u n\u00e0y lu\u00f4n \u0111\u1eb7t ch\u1ea5t l\u01b0\u1ee3ng v\u00e0 s\u1ef1 h\u00e0i l\u00f2ng c\u1ee7a kh\u00e1ch h\u00e0ng l\u00ean h\u00e0ng \u0111\u1ea7u.<\/p>\n<p><img fetchpriority=\"high\" decoding=\"async\" class=\"wp-image-36136 aligncenter\" src=\"https:\/\/havamall.vn\/wp-content\/uploads\/2024\/09\/a82d564f-dau-maehyang-la-gi-kingfoodmart-1024x576.png\" alt=\"\" width=\"1001\" height=\"563\" \/><\/p>\n<p>D\u00e2u T\u00e2y T\u01b0\u01a1i \u0110\u00f4ng L\u1ea1nh Snowcrest \u0111\u01b0\u1ee3c thu ho\u1ea1ch t\u1eeb nh\u1eefng n\u00f4ng tr\u1ea1i uy t\u00edn t\u1ea1i B\u1eafc M\u1ef9, n\u01a1i c\u00e1c tr\u00e1i d\u00e2u t\u00e2y \u0111\u01b0\u1ee3c ch\u0103m s\u00f3c theo quy tr\u00ecnh ti\u00eau chu\u1ea9n cao. Ngay sau khi thu ho\u1ea1ch, d\u00e2u t\u00e2y \u0111\u01b0\u1ee3c \u0111\u00f4ng l\u1ea1nh nhanh ch\u00f3ng b\u1eb1ng c\u00f4ng ngh\u1ec7 IQF (Individual Quick Freezing), gi\u00fap gi\u1eef nguy\u00ean h\u01b0\u01a1ng v\u1ecb, m\u00e0u s\u1eafc v\u00e0 ch\u1ea5t l\u01b0\u1ee3ng dinh d\u01b0\u1ee1ng c\u1ee7a t\u1eebng qu\u1ea3.<\/p>\n<p>S\u1ea3n ph\u1ea9m Vi\u1ec7t Qu\u1ea5t T\u01b0\u01a1i \u0110\u00f4ng L\u1ea1nh Snowcrest l\u00e0 l\u1ef1a ch\u1ecdn l\u00fd t\u01b0\u1edfng cho nh\u1eefng ai y\u00eau th\u00edch h\u01b0\u01a1ng v\u1ecb thanh m\u00e1t v\u00e0 gi\u00e0u dinh d\u01b0\u1ee1ng c\u1ee7a vi\u1ec7t qu\u1ea5t. V\u1edbi t\u00fai 600g, b\u1ea1n c\u00f3 th\u1ec3 d\u1ec5 d\u00e0ng s\u1eed d\u1ee5ng cho nhi\u1ec1u m\u1ee5c \u0111\u00edch kh\u00e1c nhau, t\u1eeb l\u00e0m sinh t\u1ed1, b\u00e1nh ng\u1ecdt, \u0111\u1ebfn c\u00e1c m\u00f3n tr\u00e1ng mi\u1ec7ng ho\u1eb7c m\u00f3n \u0103n v\u1eb7t b\u1ed5 d\u01b0\u1ee1ng. Nh\u1edd quy tr\u00ecnh \u0111\u00f4ng l\u1ea1nh ti\u00ean ti\u1ebfn, vi\u1ec7t qu\u1ea5t gi\u1eef \u0111\u01b0\u1ee3c m\u00e0u s\u1eafc \u0111\u1eb9p m\u1eaft, h\u01b0\u01a1ng v\u1ecb t\u01b0\u01a1i ngon v\u00e0 k\u1ebft c\u1ea5u ch\u1eafc m\u1ecbn, mang l\u1ea1i tr\u1ea3i nghi\u1ec7m \u1ea9m th\u1ef1c tuy\u1ec7t v\u1eddi.<\/p>\n<p><img decoding=\"async\" class=\"wp-image-36137 aligncenter\" src=\"https:\/\/havamall.vn\/wp-content\/uploads\/2024\/09\/1554d5ca-15-1024x576-1.jpg\" alt=\"\" width=\"999\" height=\"562\" \/><\/p>\n<h3><strong>\u0110\u1eb7c \u0111i\u1ec3m n\u1ed5i b\u1eadt<\/strong><\/h3>\n<p>&#8211; C\u00f4ng ngh\u1ec7 \u0111\u00f4ng l\u1ea1nh IQF hi\u1ec7n \u0111\u1ea1i: Vi\u1ec7t qu\u1ea5t \u0111\u01b0\u1ee3c \u0111\u00f4ng l\u1ea1nh ngay sau khi h\u00e1i, gi\u1eef l\u1ea1i t\u1ed1i \u0111a d\u01b0\u1ee1ng ch\u1ea5t v\u00e0 h\u01b0\u01a1ng v\u1ecb t\u01b0\u01a1i ngon. C\u00f4ng ngh\u1ec7 IQF gi\u00fap t\u1eebng qu\u1ea3 vi\u1ec7t qu\u1ea5t kh\u00f4ng b\u1ecb d\u00ednh v\u00e0o nhau, d\u1ec5 d\u00e0ng l\u1ea5y ra s\u1eed d\u1ee5ng m\u00e0 kh\u00f4ng c\u1ea7n r\u00e3 \u0111\u00f4ng to\u00e0n b\u1ed9 t\u00fai.<\/p>\n<p>&#8211; H\u01b0\u01a1ng v\u1ecb v\u00e0 dinh d\u01b0\u1ee1ng: S\u1ea3n ph\u1ea9m gi\u1eef tr\u1ecdn v\u1eb9n v\u1ecb ng\u1ecdt thanh t\u1ef1 nhi\u00ean v\u00e0 m\u00f9i th\u01a1m d\u1ecbu \u0111\u1eb7c tr\u01b0ng c\u1ee7a d\u00e2u t\u00e2y t\u01b0\u01a1i. \u0110\u1ed3ng th\u1eddi, d\u00e2u t\u00e2y cung c\u1ea5p nhi\u1ec1u vitamin C, ch\u1ea5t ch\u1ed1ng oxy h\u00f3a v\u00e0 ch\u1ea5t x\u01a1, t\u1ed1t cho s\u1ee9c kh\u1ecfe tim m\u1ea1ch, l\u00e0n da v\u00e0 h\u1ec7 ti\u00eau h\u00f3a.<\/p>\n<p>&#8211; Kh\u00f4ng ch\u1ea5t b\u1ea3o qu\u1ea3n, kh\u00f4ng \u0111\u01b0\u1eddng: S\u1ea3n ph\u1ea9m ho\u00e0n to\u00e0n t\u1ef1 nhi\u00ean, kh\u00f4ng th\u00eam \u0111\u01b0\u1eddng hay ch\u1ea5t b\u1ea3o qu\u1ea3n, l\u00e0 l\u1ef1a ch\u1ecdn an to\u00e0n cho s\u1ee9c kh\u1ecfe c\u1ea3 gia \u0111\u00ecnh, k\u1ec3 c\u1ea3 ng\u01b0\u1eddi l\u1edbn tu\u1ed5i v\u00e0 tr\u1ebb em.<\/p>\n<p>&#8211; Ti\u1ec7n l\u1ee3i v\u00e0 \u0111a d\u1ee5ng: D\u00e2u t\u00e2y \u0111\u00f4ng l\u1ea1nh c\u00f3 th\u1ec3 \u0111\u01b0\u1ee3c s\u1eed d\u1ee5ng tr\u1ef1c ti\u1ebfp ho\u1eb7c ch\u1ebf bi\u1ebfn trong nhi\u1ec1u c\u00f4ng th\u1ee9c m\u00f3n \u0103n kh\u00e1c nhau. B\u1ea1n c\u00f3 th\u1ec3 s\u1eed d\u1ee5ng ch\u00fang trong sinh t\u1ed1, l\u00e0m topping cho s\u1eefa chua, ho\u1eb7c l\u00e0m nguy\u00ean li\u1ec7u cho c\u00e1c m\u00f3n b\u00e1nh v\u00e0 tr\u00e1ng mi\u1ec7ng.<\/p>\n<p><img decoding=\"async\" class=\"wp-image-36138 aligncenter\" src=\"https:\/\/havamall.vn\/wp-content\/uploads\/2024\/09\/banh-mousse-dau-tay.webp\" alt=\"\" width=\"1000\" height=\"666\" \/><\/p>\n<h3><strong>H\u01b0\u1edbng d\u1eabn s\u1eed d\u1ee5ng\u00a0<\/strong><\/h3>\n<p>&#8211; C\u00e1ch s\u1eed d\u1ee5ng: C\u00f3 th\u1ec3 d\u00f9ng tr\u1ef1c ti\u1ebfp sau khi r\u00e3 \u0111\u00f4ng ho\u1eb7c th\u00eam v\u00e0o c\u00e1c m\u00f3n sinh t\u1ed1, b\u00e1nh n\u01b0\u1edbng, ho\u1eb7c c\u00e1c m\u00f3n tr\u00e1ng mi\u1ec7ng y\u00eau th\u00edch. Vi\u1ec7t qu\u1ea5t c\u0169ng c\u00f3 th\u1ec3 \u0111\u01b0\u1ee3c d\u00f9ng \u0111\u1ec3 trang tr\u00ed cho c\u00e1c m\u00f3n \u0103n ho\u1eb7c pha ch\u1ebf n\u01b0\u1edbc u\u1ed1ng b\u1ed5 d\u01b0\u1ee1ng. \u0110\u1ec3 gi\u1eef \u0111\u01b0\u1ee3c \u0111\u1ed9 t\u01b0\u01a1i ngon, n\u00ean l\u1ea5y l\u01b0\u1ee3ng v\u1eeba \u0111\u1ee7 v\u00e0 c\u1ea5t ph\u1ea7n c\u00f2n l\u1ea1i trong t\u1ee7 \u0111\u00f4ng ngay sau khi s\u1eed d\u1ee5ng.<\/p>\n<p>&#8211; B\u1ea3o qu\u1ea3n: B\u1ea3o qu\u1ea3n d\u00e2u t\u00e2y \u0111\u00f4ng l\u1ea1nh \u1edf nhi\u1ec7t \u0111\u1ed9 -18\u00b0C ho\u1eb7c trong ng\u0103n \u0111\u00f4ng c\u1ee7a t\u1ee7 l\u1ea1nh. Khi s\u1eed d\u1ee5ng, ch\u1ec9 c\u1ea7n l\u1ea5y l\u01b0\u1ee3ng c\u1ea7n thi\u1ebft v\u00e0 \u0111\u1ec3 r\u00e3 \u0111\u00f4ng \u1edf nhi\u1ec7t \u0111\u1ed9 ph\u00f2ng ho\u1eb7c r\u00e3 \u0111\u00f4ng nhanh trong l\u00f2 vi s\u00f3ng.<\/p>\n<h3><strong>Havamall \u2013 ph\u00e2n ph\u1ed1i c\u00e1c s\u1ea3n ph\u1ea9m ch\u00ednh h\u00e3ng, ch\u1ea5t l\u01b0\u1ee3ng<\/strong><\/h3>\n<p>V\u1edbi kinh nghi\u1ec7m trong ng\u00e0nh nh\u1eadp kh\u1ea9u v\u00e0 ph\u00e2n ph\u1ed1i th\u1ef1c ph\u1ea9m, \u0111\u1ed3 u\u1ed1ng v\u00e0 nguy\u00ean li\u1ec7u th\u1ef1c ph\u1ea9m, C\u00f4ng ty Havamall Vi\u1ec7t Nam l\u00e0 m\u1ed9t trong nh\u1eefng \u0111\u01a1n v\u1ecb cung \u1ee9ng s\u1ea3n ph\u1ea9m h\u00e0ng \u0111\u1ea7u cho c\u00e1c \u0111\u1ed1i t\u00e1c chuy\u00ean nghi\u1ec7p, danh ti\u1ebfng tr\u00ean kh\u1eafp c\u1ea3 n\u01b0\u1edbc.<\/p>\n<p>C\u00e1c s\u1ea3n ph\u1ea9m do C\u00f4ng ty Havamall Vi\u1ec7t Nam ph\u00e2n ph\u1ed1i \u0111\u1ec1u \u0111\u01b0\u1ee3c nh\u1eadp kh\u1ea9u t\u1eeb ch\u00e2u \u00c2u, ch\u00e2u \u00dac, \u0111\u1ea3m b\u1ea3o c\u00e1c ti\u00eau chu\u1ea9n v\u1ec1 v\u1ec7 sinh an to\u00e0n th\u1ef1c ph\u1ea9m kh\u1eaft khe nh\u01b0 HACCP, ISO. V\u1edbi h\u1ec7 th\u1ed1ng chi nh\u00e1nh, kho v\u1eadn tr\u1ea3i d\u00e0i kh\u1eafp Vi\u1ec7t Nam, C\u00f4ng ty Havamall Vi\u1ec7t Nam c\u00f3 th\u1ec3 \u0111\u00e1p \u1ee9ng \u0111\u01b0\u1ee3c nhu c\u1ea7u v\u1ec1 s\u1ed1 l\u01b0\u1ee3ng v\u00e0 ch\u1ea5t l\u01b0\u1ee3ng c\u1ee7a kh\u00e1ch h\u00e0ng.<\/p>\n<\/div>\n<\/div>\n<\/div>\n<\/div>","protected":false},"excerpt":{"rendered":"<p>TH\u00d4NG TIN CHUNG Th\u01b0\u01a1ng hi\u1ec7u Snowcrest Xu\u1ea5t x\u1ee9 Canada H\u1ea1n s\u1eed d\u1ee5ng 24 th\u00e1ng H\u01b0\u1edbng d\u1eabn s\u1eed d\u1ee5ng D\u00f9ng tr\u1ef1c<\/p>","protected":false},"featured_media":35368,"comment_status":"open","ping_status":"closed","template":"","meta":[],"product_brand":[],"product_cat":[670,678,36],"product_tag":[],"class_list":{"0":"post-35367","1":"product","2":"type-product","3":"status-publish","4":"has-post-thumbnail","6":"product_cat-nhap-khau-canada","7":"product_cat-trai-cay-dong-lanh","8":"product_cat-thuc-pham-tieu-dung","10":"first","11":"instock","12":"sale","13":"shipping-taxable","14":"purchasable","15":"product-type-simple"},"_links":{"self":[{"href":"https:\/\/havamall.vn\/en\/wp-json\/wp\/v2\/product\/35367"}],"collection":[{"href":"https:\/\/havamall.vn\/en\/wp-json\/wp\/v2\/product"}],"about":[{"href":"https:\/\/havamall.vn\/en\/wp-json\/wp\/v2\/types\/product"}],"replies":[{"embeddable":true,"href":"https:\/\/havamall.vn\/en\/wp-json\/wp\/v2\/comments?post=35367"}],"version-history":[{"count":0,"href":"https:\/\/havamall.vn\/en\/wp-json\/wp\/v2\/product\/35367\/revisions"}],"wp:featuredmedia":[{"embeddable":true,"href":"https:\/\/havamall.vn\/en\/wp-json\/wp\/v2\/media\/35368"}],"wp:attachment":[{"href":"https:\/\/havamall.vn\/en\/wp-json\/wp\/v2\/media?parent=35367"}],"wp:term":[{"taxonomy":"product_brand","embeddable":true,"href":"https:\/\/havamall.vn\/en\/wp-json\/wp\/v2\/product_brand?post=35367"},{"taxonomy":"product_cat","embeddable":true,"href":"https:\/\/havamall.vn\/en\/wp-json\/wp\/v2\/product_cat?post=35367"},{"taxonomy":"product_tag","embeddable":true,"href":"https:\/\/havamall.vn\/en\/wp-json\/wp\/v2\/product_tag?post=35367"}],"curies":[{"name":"wp","href":"https:\/\/api.w.org\/{rel}","templated":true}]}}