{"id":35358,"date":"2024-09-19T00:18:02","date_gmt":"2024-09-18T17:18:02","guid":{"rendered":"https:\/\/havamall.vn\/?post_type=product&#038;p=35358"},"modified":"2024-09-19T00:18:02","modified_gmt":"2024-09-18T17:18:02","slug":"oc-bulot-dong-lanh-ocean-gems-frozen-whole-cooked-whelk-1kg","status":"publish","type":"product","link":"https:\/\/havamall.vn\/en\/shop\/oc-bulot-dong-lanh-ocean-gems-frozen-whole-cooked-whelk-1kg\/","title":{"rendered":"\u1ed0c Bulot \u0110\u00f4ng L\u1ea1nh Ocean Gems &#8211; Frozen Whole Cooked Whelk 1Kg"},"content":{"rendered":"<h2 class=\"product-detail__specs-title\"><strong>TH\u00d4NG TIN CHUNG<\/strong><\/h2>\n<div id=\"js-product-detail__specs\" class=\"product-detail__specs\">\n<div class=\"row\">\n<div class=\"col-sm-12\">\n<div class=\"product-specs__table\">\n<table style=\"width: 75.3142%; height: 168px;\">\n<tbody>\n<tr style=\"height: 24px;\">\n<td class=\"specs-table__property\" style=\"height: 24px; width: 23.6364%;\">Th\u01b0\u01a1ng hi\u1ec7u<\/td>\n<td class=\"specs-table__value\" style=\"height: 24px; width: 98.5759%;\">Ocean gems<\/td>\n<\/tr>\n<tr style=\"height: 24px;\">\n<td class=\"specs-table__property\" style=\"height: 24px; width: 23.6364%;\">Xu\u1ea5t x\u1ee9<\/td>\n<td class=\"specs-table__value\" style=\"height: 24px; width: 98.5759%;\">Ireland<\/td>\n<\/tr>\n<tr style=\"height: 24px;\">\n<td class=\"specs-table__property\" style=\"height: 24px; width: 23.6364%;\">H\u1ea1n s\u1eed d\u1ee5ng<\/td>\n<td class=\"specs-table__value\" style=\"height: 24px; width: 98.5759%;\">Xem tr\u00ean bao b\u00ec<\/td>\n<\/tr>\n<tr style=\"height: 24px;\">\n<td class=\"specs-table__property\" style=\"height: 24px; width: 23.6364%;\">H\u01b0\u1edbng d\u1eabn s\u1eed d\u1ee5ng<\/td>\n<td class=\"specs-table__value\" style=\"height: 24px; width: 98.5759%;\">D\u00f9ng ch\u1ebf bi\u1ebfn m\u00f3n \u0103n<\/td>\n<\/tr>\n<tr style=\"height: 24px;\">\n<td class=\"specs-table__property\" style=\"height: 24px; width: 23.6364%;\">H\u01b0\u1edbng d\u1eabn b\u1ea3o qu\u1ea3n<\/td>\n<td class=\"specs-table__value\" style=\"height: 24px; width: 98.5759%;\">B\u1ea3o qu\u1ea3n \u0111\u00f4ng l\u1ea1nh.<\/td>\n<\/tr>\n<tr style=\"height: 24px;\">\n<td class=\"specs-table__property\" style=\"height: 24px; width: 23.6364%;\">Th\u00e0nh ph\u1ea7n nguy\u00ean li\u1ec7u<\/td>\n<td class=\"specs-table__value\" style=\"height: 24px; width: 98.5759%;\">Xem tr\u00ean bao b\u00ec<\/td>\n<\/tr>\n<tr style=\"height: 24px;\">\n<td class=\"specs-table__property\" style=\"height: 24px; width: 23.6364%;\">Kh\u1ed1i l\u01b0\u1ee3ng<\/td>\n<td class=\"specs-table__value\" style=\"height: 24px; width: 98.5759%;\">1 kg<\/td>\n<\/tr>\n<\/tbody>\n<\/table>\n<p>Ocean Gems l\u00e0 th\u01b0\u01a1ng hi\u1ec7u n\u1ed5i ti\u1ebfng chuy\u00ean cung c\u1ea5p c\u00e1c s\u1ea3n ph\u1ea9m h\u1ea3i s\u1ea3n \u0111\u00f4ng l\u1ea1nh cao c\u1ea5p, v\u1edbi quy tr\u00ecnh ch\u1ebf bi\u1ebfn hi\u1ec7n \u0111\u1ea1i v\u00e0 ki\u1ec3m so\u00e1t ch\u1ea5t l\u01b0\u1ee3ng nghi\u00eam ng\u1eb7t. S\u1ea3n ph\u1ea9m c\u1ee7a Ocean Gems lu\u00f4n \u0111\u01b0\u1ee3c \u0111\u1ea3m b\u1ea3o v\u1ec1 \u0111\u1ed9 t\u01b0\u01a1i ngon, dinh d\u01b0\u1ee1ng v\u00e0 an to\u00e0n cho s\u1ee9c kh\u1ecfe ng\u01b0\u1eddi ti\u00eau d\u00f9ng.<\/p>\n<p>\u1ed0c bi\u1ec3n n\u1ea5u ch\u00edn hi\u1ec7u Ocean Gems c\u00f3 ngu\u1ed3n g\u1ed1c t\u1eeb \u0110\u1ea1i T\u00e2y D\u01b0\u01a1ng hoang d\u00e3 d\u1ecdc theo b\u1edd bi\u1ec3n ph\u00eda t\u00e2y b\u1eafc Ireland. C\u1ed9ng \u0111\u1ed3ng Gaelic huy\u1ec1n tho\u1ea1i ti\u1ebfp n\u1ed1i truy\u1ec1n th\u1ed1ng c\u1ee7a h\u1ecd v\u00e0 s\u1ea3n xu\u1ea5t \u1ed0c bi\u1ec3n n\u1ea5u ch\u00edn nguy\u00ean con ch\u1ea5t l\u01b0\u1ee3ng cao. T\u1eeb khi \u0111\u00e1nh b\u1eaft \u0111\u1ebfn khi whelk \u0111\u01b0\u1ee3c n\u1ea5u ch\u00edn, v\u00e0 \u0111\u01b0\u1ee3c \u0111\u00f4ng l\u1ea1nh nhanh; m\u1ed7i b\u01b0\u1edbc \u0111\u01b0\u1ee3c l\u00ean k\u1ebf ho\u1ea1ch t\u1ec9 m\u1ec9 \u0111\u1ec3 \u0111\u1ea3m b\u1ea3o r\u1eb1ng nh\u1eefng k\u1ef3 v\u1ecdng cao c\u1ee7a kh\u00e1ch h\u00e0ng c\u1ee7a ch\u00fang t\u00f4i \u0111\u01b0\u1ee3c th\u1ecfa m\u00e3n.<\/p>\n<p><img fetchpriority=\"high\" decoding=\"async\" class=\"wp-image-36106 aligncenter\" src=\"https:\/\/havamall.vn\/wp-content\/uploads\/2024\/09\/cookedwhelks2-1024x538.jpg\" alt=\"\" width=\"1001\" height=\"526\" \/><\/p>\n<p>\u1ed0c Bulot \u0111\u00f4ng l\u1ea1nh nguy\u00ean con l\u00e0 l\u1ef1a ch\u1ecdn tuy\u1ec7t v\u1eddi cho nh\u1eefng ai y\u00eau th\u00edch h\u1ea3i s\u1ea3n. \u0110\u01b0\u1ee3c n\u1ea5u ch\u00edn s\u1eb5n v\u00e0 \u0111\u00f4ng l\u1ea1nh ngay sau khi thu ho\u1ea1ch, s\u1ea3n ph\u1ea9m mang \u0111\u1ebfn s\u1ef1 ti\u1ec7n l\u1ee3i t\u1ed1i \u0111a cho ng\u01b0\u1eddi ti\u00eau d\u00f9ng m\u00e0 kh\u00f4ng l\u00e0m m\u1ea5t \u0111i h\u01b0\u01a1ng v\u1ecb \u0111\u1eadm \u0111\u00e0 c\u1ee7a \u1ed1c bulot.<\/p>\n<h3><strong>\u0110\u1eb7c \u0111i\u1ec3m n\u1ed5i b\u1eadt<\/strong><\/h3>\n<p>&#8211; T\u01b0\u01a1i ngon t\u1ef1 nhi\u00ean: \u1ed0c \u0111\u01b0\u1ee3c n\u1ea5u ch\u00edn v\u00e0 \u0111\u00f4ng l\u1ea1nh ngay t\u1ea1i ngu\u1ed3n \u0111\u1ec3 gi\u1eef nguy\u00ean h\u01b0\u01a1ng v\u1ecb t\u1ef1 nhi\u00ean v\u00e0 ch\u1ea5t dinh d\u01b0\u1ee1ng.<\/p>\n<p>&#8211; Ti\u1ec7n l\u1ee3i: S\u1ea3n ph\u1ea9m \u0111\u00e3 \u0111\u01b0\u1ee3c n\u1ea5u ch\u00edn, s\u1eb5n s\u00e0ng s\u1eed d\u1ee5ng ngay, ch\u1ec9 c\u1ea7n r\u00e3 \u0111\u00f4ng v\u00e0 ch\u1ebf bi\u1ebfn theo \u00fd th\u00edch.<\/p>\n<p>&#8211; Gi\u00e0u dinh d\u01b0\u1ee1ng: \u1ed0c bulot ch\u1ee9a nhi\u1ec1u protein, vitamin v\u00e0 kho\u00e1ng ch\u1ea5t c\u1ea7n thi\u1ebft cho c\u01a1 th\u1ec3.<\/p>\n<p>&#8211; An to\u00e0n v\u00e0 s\u1ea1ch: \u0110\u01b0\u1ee3c ki\u1ec3m \u0111\u1ecbnh nghi\u00eam ng\u1eb7t v\u1ec1 an to\u00e0n th\u1ef1c ph\u1ea9m, kh\u00f4ng ch\u1ee9a ch\u1ea5t b\u1ea3o qu\u1ea3n hay h\u00f3a ch\u1ea5t \u0111\u1ed9c h\u1ea1i.<\/p>\n<p><img decoding=\"async\" class=\"wp-image-36107 aligncenter\" src=\"https:\/\/havamall.vn\/wp-content\/uploads\/2024\/09\/bulots-cuits-sachet-de-500g.png\" alt=\"\" width=\"1000\" height=\"1000\" \/><\/p>\n<h3><strong>H\u01b0\u1edbng d\u1eabn s\u1eed d\u1ee5ng\u00a0<\/strong><\/h3>\n<p>&#8211; C\u00e1ch s\u1eed d\u1ee5ng: R\u00e3 \u0111\u00f4ng trong ng\u0103n m\u00e1t t\u1ee7 l\u1ea1nh tr\u01b0\u1edbc khi s\u1eed d\u1ee5ng. D\u00f9ng ch\u1ebf bi\u1ebfn th\u00e0nh c\u00e1c m\u00f3n h\u1ea3i s\u1ea3n h\u1ea5p d\u1eabn nh\u01b0 x\u00e0o, n\u01b0\u1edbng, tr\u1ed9n salad.<\/p>\n<p>&#8211; B\u1ea3o qu\u1ea3n: \u0110\u1ec3 trong ng\u0103n \u0111\u00f4ng t\u1ee7 l\u1ea1nh \u1edf nhi\u1ec7t \u0111\u1ed9 -18\u00b0C ho\u1eb7c th\u1ea5p h\u01a1n. Sau khi r\u00e3 \u0111\u00f4ng, n\u00ean s\u1eed d\u1ee5ng trong v\u00f2ng 24 gi\u1edd.<\/p>\n<h3><strong>Havamall \u2013 ph\u00e2n ph\u1ed1i c\u00e1c s\u1ea3n ph\u1ea9m ch\u00ednh h\u00e3ng, ch\u1ea5t l\u01b0\u1ee3ng<\/strong><\/h3>\n<p>V\u1edbi kinh nghi\u1ec7m trong ng\u00e0nh nh\u1eadp kh\u1ea9u v\u00e0 ph\u00e2n ph\u1ed1i th\u1ef1c ph\u1ea9m, \u0111\u1ed3 u\u1ed1ng v\u00e0 nguy\u00ean li\u1ec7u th\u1ef1c ph\u1ea9m, C\u00f4ng ty Havamall Vi\u1ec7t Nam l\u00e0 m\u1ed9t trong nh\u1eefng \u0111\u01a1n v\u1ecb cung \u1ee9ng s\u1ea3n ph\u1ea9m h\u00e0ng \u0111\u1ea7u cho c\u00e1c \u0111\u1ed1i t\u00e1c chuy\u00ean nghi\u1ec7p, danh ti\u1ebfng tr\u00ean kh\u1eafp c\u1ea3 n\u01b0\u1edbc.<\/p>\n<p>C\u00e1c s\u1ea3n ph\u1ea9m do C\u00f4ng ty Havamall Vi\u1ec7t Nam ph\u00e2n ph\u1ed1i \u0111\u1ec1u \u0111\u01b0\u1ee3c nh\u1eadp kh\u1ea9u t\u1eeb ch\u00e2u \u00c2u, ch\u00e2u \u00dac, \u0111\u1ea3m b\u1ea3o c\u00e1c ti\u00eau chu\u1ea9n v\u1ec1 v\u1ec7 sinh an to\u00e0n th\u1ef1c ph\u1ea9m kh\u1eaft khe nh\u01b0 HACCP, ISO. V\u1edbi h\u1ec7 th\u1ed1ng chi nh\u00e1nh, kho v\u1eadn tr\u1ea3i d\u00e0i kh\u1eafp Vi\u1ec7t Nam, C\u00f4ng ty Havamall Vi\u1ec7t Nam c\u00f3 th\u1ec3 \u0111\u00e1p \u1ee9ng \u0111\u01b0\u1ee3c nhu c\u1ea7u v\u1ec1 s\u1ed1 l\u01b0\u1ee3ng v\u00e0 ch\u1ea5t l\u01b0\u1ee3ng c\u1ee7a kh\u00e1ch h\u00e0ng.<\/p>\n<p><img decoding=\"async\" class=\"wp-image-36108 aligncenter\" src=\"https:\/\/havamall.vn\/wp-content\/uploads\/2024\/09\/OwzdAgBKzD20240223111429.jpg\" alt=\"\" width=\"1000\" height=\"1000\" \/><\/p>","protected":false},"excerpt":{"rendered":"<p>TH\u00d4NG TIN CHUNG Th\u01b0\u01a1ng hi\u1ec7u Ocean gems Xu\u1ea5t x\u1ee9 Ireland H\u1ea1n s\u1eed d\u1ee5ng Xem tr\u00ean bao b\u00ec H\u01b0\u1edbng d\u1eabn s\u1eed<\/p>","protected":false},"featured_media":35359,"comment_status":"open","ping_status":"closed","template":"","meta":[],"product_brand":[],"product_cat":[275,36],"product_tag":[],"class_list":{"0":"post-35358","1":"product","2":"type-product","3":"status-publish","4":"has-post-thumbnail","6":"product_cat-thuc-pham-dong-lanh","7":"product_cat-thuc-pham-tieu-dung","9":"first","10":"instock","11":"sale","12":"shipping-taxable","13":"purchasable","14":"product-type-simple"},"_links":{"self":[{"href":"https:\/\/havamall.vn\/en\/wp-json\/wp\/v2\/product\/35358"}],"collection":[{"href":"https:\/\/havamall.vn\/en\/wp-json\/wp\/v2\/product"}],"about":[{"href":"https:\/\/havamall.vn\/en\/wp-json\/wp\/v2\/types\/product"}],"replies":[{"embeddable":true,"href":"https:\/\/havamall.vn\/en\/wp-json\/wp\/v2\/comments?post=35358"}],"version-history":[{"count":0,"href":"https:\/\/havamall.vn\/en\/wp-json\/wp\/v2\/product\/35358\/revisions"}],"wp:featuredmedia":[{"embeddable":true,"href":"https:\/\/havamall.vn\/en\/wp-json\/wp\/v2\/media\/35359"}],"wp:attachment":[{"href":"https:\/\/havamall.vn\/en\/wp-json\/wp\/v2\/media?parent=35358"}],"wp:term":[{"taxonomy":"product_brand","embeddable":true,"href":"https:\/\/havamall.vn\/en\/wp-json\/wp\/v2\/product_brand?post=35358"},{"taxonomy":"product_cat","embeddable":true,"href":"https:\/\/havamall.vn\/en\/wp-json\/wp\/v2\/product_cat?post=35358"},{"taxonomy":"product_tag","embeddable":true,"href":"https:\/\/havamall.vn\/en\/wp-json\/wp\/v2\/product_tag?post=35358"}],"curies":[{"name":"wp","href":"https:\/\/api.w.org\/{rel}","templated":true}]}}