{"id":35318,"date":"2024-09-16T14:48:13","date_gmt":"2024-09-16T07:48:13","guid":{"rendered":"https:\/\/havamall.vn\/?post_type=product&#038;p=35318"},"modified":"2025-07-01T15:36:28","modified_gmt":"2025-07-01T08:36:28","slug":"dau-hat-oc-cho-la-tourangelle-roasted-walnut-oil-250ml","status":"publish","type":"product","link":"https:\/\/havamall.vn\/en\/shop\/dau-hat-oc-cho-la-tourangelle-roasted-walnut-oil-250ml\/","title":{"rendered":"D\u1ea7u H\u1ea1t \u00d3c Ch\u00f3 La Tourangelle &#8211; Roasted Walnut Oil 250ml"},"content":{"rendered":"<h2 class=\"product-detail__specs-title\"><strong>TH\u00d4NG TIN CHUNG<\/strong><\/h2>\n<div id=\"js-product-detail__specs\" class=\"product-detail__specs\">\n<div class=\"row\">\n<div class=\"col-sm-12\">\n<div class=\"product-specs__table\">\n<table style=\"width: 53.0019%; height: 168px;\">\n<tbody>\n<tr style=\"height: 24px;\">\n<td class=\"specs-table__property\" style=\"height: 24px;\">Th\u01b0\u01a1ng hi\u1ec7u<\/td>\n<td class=\"specs-table__value\" style=\"height: 24px;\">La Tourangelle<\/td>\n<\/tr>\n<tr style=\"height: 24px;\">\n<td class=\"specs-table__property\" style=\"height: 24px;\">Xu\u1ea5t x\u1ee9<\/td>\n<td class=\"specs-table__value\" style=\"height: 24px;\">Ph\u00e1p<\/td>\n<\/tr>\n<tr style=\"height: 24px;\">\n<td class=\"specs-table__property\" style=\"height: 24px;\">H\u1ea1n s\u1eed d\u1ee5ng<\/td>\n<td class=\"specs-table__value\" style=\"height: 24px;\">12 th\u00e1ng<\/td>\n<\/tr>\n<tr style=\"height: 24px;\">\n<td class=\"specs-table__property\" style=\"height: 24px;\">H\u01b0\u1edbng d\u1eabn s\u1eed d\u1ee5ng<\/td>\n<td class=\"specs-table__value\" style=\"height: 24px;\">D\u00f9ng tr\u1ef1c ti\u1ebfp ho\u1eb7c d\u00f9ng ch\u1ebf bi\u1ebfn c\u00e1c m\u00f3n \u0103n tu\u1ef3 th\u00edch<\/td>\n<\/tr>\n<tr style=\"height: 24px;\">\n<td class=\"specs-table__property\" style=\"height: 24px;\">H\u01b0\u1edbng d\u1eabn b\u1ea3o qu\u1ea3n<\/td>\n<td class=\"specs-table__value\" style=\"height: 24px;\">B\u1ea3o qu\u1ea3n n\u01a1i kh\u00f4 r\u00e1o, tho\u00e1ng m\u00e1t<\/td>\n<\/tr>\n<tr style=\"height: 24px;\">\n<td class=\"specs-table__property\" style=\"height: 24px;\">Th\u00e0nh ph\u1ea7n nguy\u00ean li\u1ec7u<\/td>\n<td class=\"specs-table__value\" style=\"height: 24px;\">Nh\u01b0 tr\u00ean bao b\u00ec<\/td>\n<\/tr>\n<tr style=\"height: 24px;\">\n<td class=\"specs-table__property\" style=\"height: 24px;\">Th\u1ec3 t\u00edch<\/td>\n<td class=\"specs-table__value\" style=\"height: 24px;\">250ml<\/td>\n<\/tr>\n<\/tbody>\n<\/table>\n<p>La Tourangelle l\u00e0 th\u01b0\u01a1ng hi\u1ec7u n\u1ed5i ti\u1ebfng to\u00e0n c\u1ea7u, chuy\u00ean s\u1ea3n xu\u1ea5t c\u00e1c lo\u1ea1i d\u1ea7u \u00e9p t\u1eeb h\u1ea1t v\u00e0 qu\u1ea3, mang \u0111\u1eadm t\u00ednh ngh\u1ec7 thu\u1eadt v\u00e0 th\u1ee7 c\u00f4ng c\u1ee7a n\u01b0\u1edbc Ph\u00e1p. V\u1edbi b\u1ec1 d\u00e0y l\u1ecbch s\u1eed v\u00e0 cam k\u1ebft v\u1ec1 ch\u1ea5t l\u01b0\u1ee3ng, c\u00e1c s\u1ea3n ph\u1ea9m c\u1ee7a La Tourangelle lu\u00f4n \u0111\u01b0\u1ee3c \u01b0a chu\u1ed9ng b\u1edfi ng\u01b0\u1eddi ti\u00eau d\u00f9ng v\u00e0 \u0111\u1ea7u b\u1ebfp chuy\u00ean nghi\u1ec7p tr\u00ean to\u00e0n th\u1ebf gi\u1edbi.<\/p>\n<p>D\u1ea7u H\u1ea1t \u00d3c Ch\u00f3 La Tourangelle \u0111\u01b0\u1ee3c s\u1ea3n xu\u1ea5t theo ph\u01b0\u01a1ng ph\u00e1p th\u1ee7 c\u00f4ng truy\u1ec1n th\u1ed1ng t\u1eeb nh\u1eefng h\u1ea1t \u00f3c ch\u00f3 ch\u1ea5t l\u01b0\u1ee3ng cao. Quy tr\u00ecnh rang v\u00e0 \u00e9p l\u1ea1nh t\u1ea1o ra lo\u1ea1i d\u1ea7u th\u01a1m ngon, \u0111\u1eadm \u0111\u00e0, gi\u1eef l\u1ea1i tr\u1ecdn v\u1eb9n dinh d\u01b0\u1ee1ng v\u00e0 h\u01b0\u01a1ng v\u1ecb t\u1ef1 nhi\u00ean c\u1ee7a h\u1ea1t \u00f3c ch\u00f3. S\u1ea3n ph\u1ea9m kh\u00f4ng ch\u1ec9 mang \u0111\u1ebfn s\u1ef1 th\u01a1m ngon cho m\u00f3n \u0103n m\u00e0 c\u00f2n cung c\u1ea5p nhi\u1ec1u l\u1ee3i \u00edch cho s\u1ee9c kh\u1ecfe.<\/p>\n<p><img fetchpriority=\"high\" decoding=\"async\" class=\"wp-image-35996 aligncenter\" src=\"https:\/\/havamall.vn\/wp-content\/uploads\/2024\/09\/pngtree-walnut-oil-still-life-glass-bottle-nut-oil-on-rustic-wooden-image_15871408.jpg\" alt=\"\" width=\"960\" height=\"538\" \/><\/p>\n<p>D\u1ea7u H\u1ea1t \u00d3c Ch\u00f3 La Tourangelle 250ml l\u00e0 l\u1ef1a ch\u1ecdn tuy\u1ec7t v\u1eddi cho nh\u1eefng ai y\u00eau th\u00edch \u1ea9m th\u1ef1c v\u00e0 t\u00ecm ki\u1ebfm c\u00e1c nguy\u00ean li\u1ec7u cao c\u1ea5p \u0111\u1ec3 n\u00e2ng t\u1ea7m m\u00f3n \u0103n. V\u1edbi h\u01b0\u01a1ng v\u1ecb \u0111\u1eadm \u0111\u00e0, b\u00e9o ng\u1eady v\u00e0 h\u01b0\u01a1ng th\u01a1m tinh t\u1ebf, s\u1ea3n ph\u1ea9m kh\u00f4ng ch\u1ec9 ph\u00f9 h\u1ee3p \u0111\u1ec3 n\u1ea5u \u0103n m\u00e0 c\u00f2n d\u00f9ng tr\u1ef1c ti\u1ebfp nh\u01b0 m\u1ed9t lo\u1ea1i gia v\u1ecb ho\u00e0n h\u1ea3o.<\/p>\n<h3><strong>\u0110\u1eb7c \u0111i\u1ec3m n\u1ed5i b\u1eadt<\/strong><\/h3>\n<p><strong>&#8211; H\u01b0\u01a1ng v\u1ecb \u0111\u1ed9c \u0111\u00e1o<\/strong>: D\u1ea7u \u00f3c ch\u00f3 \u0111\u01b0\u1ee3c rang th\u1ee7 c\u00f4ng, mang \u0111\u1ebfn h\u01b0\u01a1ng v\u1ecb b\u00e9o ng\u1eady v\u00e0 h\u01b0\u01a1ng th\u01a1m t\u1ef1 nhi\u00ean, th\u00edch h\u1ee3p cho nhi\u1ec1u lo\u1ea1i m\u00f3n \u0103n t\u1eeb salad \u0111\u1ebfn m\u00f3n n\u01b0\u1edbng.<\/p>\n<p><strong>&#8211; Gi\u00e0u dinh d\u01b0\u1ee1ng<\/strong>: S\u1ea3n ph\u1ea9m ch\u1ee9a nhi\u1ec1u axit b\u00e9o omega-3 v\u00e0 ch\u1ea5t ch\u1ed1ng oxy h\u00f3a, t\u1ed1t cho tim m\u1ea1ch, n\u00e3o b\u1ed9 v\u00e0 s\u1ee9c kh\u1ecfe t\u1ed5ng th\u1ec3.<\/p>\n<p><strong>&#8211; S\u1ea3n xu\u1ea5t th\u1ee7 c\u00f4ng<\/strong>: Ph\u01b0\u01a1ng ph\u00e1p \u00e9p l\u1ea1nh truy\u1ec1n th\u1ed1ng gi\u00fap gi\u1eef nguy\u00ean gi\u00e1 tr\u1ecb dinh d\u01b0\u1ee1ng v\u00e0 h\u01b0\u01a1ng v\u1ecb tinh t\u00fay c\u1ee7a h\u1ea1t \u00f3c ch\u00f3.<\/p>\n<p><strong>&#8211; Dung t\u00edch ti\u1ec7n d\u1ee5ng<\/strong>: Chai 250ml nh\u1ecf g\u1ecdn, ti\u1ec7n l\u1ee3i cho vi\u1ec7c s\u1eed d\u1ee5ng h\u00e0ng ng\u00e0y ho\u1eb7c mang theo trong c\u00e1c b\u1eefa \u0103n ngo\u00e0i tr\u1eddi.<\/p>\n<p><img decoding=\"async\" class=\"wp-image-35998 aligncenter\" src=\"https:\/\/havamall.vn\/wp-content\/uploads\/2024\/09\/1e1b1e903fd4ecc0fc683328fbd504ae_tn.png\" alt=\"\" width=\"960\" height=\"960\" \/><\/p>\n<h3><strong>H\u01b0\u1edbng d\u1eabn s\u1eed d\u1ee5ng<\/strong><\/h3>\n<p><strong>&#8211; D\u00f9ng tr\u1ef1c ti\u1ebfp<\/strong>: Th\u00eam v\u00e0i gi\u1ecdt d\u1ea7u v\u00e0o c\u00e1c m\u00f3n salad, s\u00fap ho\u1eb7c n\u01b0\u1edbc s\u1ed1t \u0111\u1ec3 t\u0103ng h\u01b0\u01a1ng v\u1ecb \u0111\u1eadm \u0111\u00e0 v\u00e0 gi\u00e0u dinh d\u01b0\u1ee1ng.<\/p>\n<p><strong>&#8211; Ch\u1ebf bi\u1ebfn m\u00f3n \u0103n<\/strong>: D\u1ea7u h\u1ea1t \u00f3c ch\u00f3 c\u0169ng th\u00edch h\u1ee3p \u0111\u1ec3 r\u01b0\u1edbi l\u00ean m\u00f3n n\u01b0\u1edbng ho\u1eb7c x\u00e0o nh\u1eb9, gi\u00fap t\u0103ng th\u00eam \u0111\u1ed9 b\u00e9o v\u00e0 h\u01b0\u01a1ng th\u01a1m cho c\u00e1c m\u00f3n \u0103n.<\/p>\n<p><img decoding=\"async\" class=\"wp-image-35999 aligncenter\" src=\"https:\/\/havamall.vn\/wp-content\/uploads\/2024\/09\/unnamed-4-1024x1024.jpg\" alt=\"\" width=\"960\" height=\"960\" \/><\/p>\n<h3><strong>Havamall \u2013 ph\u00e2n ph\u1ed1i c\u00e1c s\u1ea3n ph\u1ea9m ch\u00ednh h\u00e3ng, ch\u1ea5t l\u01b0\u1ee3ng<\/strong><\/h3>\n<p>V\u1edbi kinh nghi\u1ec7m trong ng\u00e0nh nh\u1eadp kh\u1ea9u v\u00e0 ph\u00e2n ph\u1ed1i th\u1ef1c ph\u1ea9m, \u0111\u1ed3 u\u1ed1ng v\u00e0 nguy\u00ean li\u1ec7u th\u1ef1c ph\u1ea9m, C\u00f4ng ty Havamall Vi\u1ec7t Nam l\u00e0 m\u1ed9t trong nh\u1eefng \u0111\u01a1n v\u1ecb cung \u1ee9ng s\u1ea3n ph\u1ea9m h\u00e0ng \u0111\u1ea7u cho c\u00e1c \u0111\u1ed1i t\u00e1c chuy\u00ean nghi\u1ec7p, danh ti\u1ebfng tr\u00ean kh\u1eafp c\u1ea3 n\u01b0\u1edbc.<\/p>\n<p>C\u00e1c s\u1ea3n ph\u1ea9m do C\u00f4ng ty Havamall Vi\u1ec7t Nam ph\u00e2n ph\u1ed1i \u0111\u1ec1u \u0111\u01b0\u1ee3c nh\u1eadp kh\u1ea9u t\u1eeb ch\u00e2u \u00c2u, ch\u00e2u \u00dac, \u0111\u1ea3m b\u1ea3o c\u00e1c ti\u00eau chu\u1ea9n v\u1ec1 v\u1ec7 sinh an to\u00e0n th\u1ef1c ph\u1ea9m kh\u1eaft khe nh\u01b0 HACCP, ISO. V\u1edbi h\u1ec7 th\u1ed1ng chi nh\u00e1nh, kho v\u1eadn tr\u1ea3i d\u00e0i kh\u1eafp Vi\u1ec7t Nam, C\u00f4ng ty Havamall Vi\u1ec7t Nam c\u00f3 th\u1ec3 \u0111\u00e1p \u1ee9ng \u0111\u01b0\u1ee3c nhu c\u1ea7u v\u1ec1 s\u1ed1 l\u01b0\u1ee3ng v\u00e0 ch\u1ea5t l\u01b0\u1ee3ng c\u1ee7a kh\u00e1ch h\u00e0ng.<\/p>\n<\/div>\n<\/div>\n<\/div>\n<\/div>","protected":false},"excerpt":{"rendered":"<p>TH\u00d4NG TIN CHUNG Th\u01b0\u01a1ng hi\u1ec7u La Tourangelle Xu\u1ea5t x\u1ee9 Ph\u00e1p H\u1ea1n s\u1eed d\u1ee5ng 12 th\u00e1ng H\u01b0\u1edbng d\u1eabn s\u1eed d\u1ee5ng D\u00f9ng<\/p>","protected":false},"featured_media":35336,"comment_status":"open","ping_status":"closed","template":"","meta":[],"product_brand":[],"product_cat":[595,671,36],"product_tag":[],"class_list":{"0":"post-35318","1":"product","2":"type-product","3":"status-publish","4":"has-post-thumbnail","6":"product_cat-gia-vi-va-che-bien","7":"product_cat-nhap-khau-phap","8":"product_cat-thuc-pham-tieu-dung","10":"first","11":"instock","12":"sale","13":"shipping-taxable","14":"purchasable","15":"product-type-simple"},"_links":{"self":[{"href":"https:\/\/havamall.vn\/en\/wp-json\/wp\/v2\/product\/35318"}],"collection":[{"href":"https:\/\/havamall.vn\/en\/wp-json\/wp\/v2\/product"}],"about":[{"href":"https:\/\/havamall.vn\/en\/wp-json\/wp\/v2\/types\/product"}],"replies":[{"embeddable":true,"href":"https:\/\/havamall.vn\/en\/wp-json\/wp\/v2\/comments?post=35318"}],"version-history":[{"count":0,"href":"https:\/\/havamall.vn\/en\/wp-json\/wp\/v2\/product\/35318\/revisions"}],"wp:featuredmedia":[{"embeddable":true,"href":"https:\/\/havamall.vn\/en\/wp-json\/wp\/v2\/media\/35336"}],"wp:attachment":[{"href":"https:\/\/havamall.vn\/en\/wp-json\/wp\/v2\/media?parent=35318"}],"wp:term":[{"taxonomy":"product_brand","embeddable":true,"href":"https:\/\/havamall.vn\/en\/wp-json\/wp\/v2\/product_brand?post=35318"},{"taxonomy":"product_cat","embeddable":true,"href":"https:\/\/havamall.vn\/en\/wp-json\/wp\/v2\/product_cat?post=35318"},{"taxonomy":"product_tag","embeddable":true,"href":"https:\/\/havamall.vn\/en\/wp-json\/wp\/v2\/product_tag?post=35318"}],"curies":[{"name":"wp","href":"https:\/\/api.w.org\/{rel}","templated":true}]}}