{"id":35315,"date":"2024-09-16T14:08:10","date_gmt":"2024-09-16T07:08:10","guid":{"rendered":"https:\/\/havamall.vn\/?post_type=product&#038;p=35315"},"modified":"2024-09-16T14:09:34","modified_gmt":"2024-09-16T07:09:34","slug":"so-co-la-sua-chua-thuong-hang-premium-yogurt-chocolate-cacao-talk-1kg","status":"publish","type":"product","link":"https:\/\/havamall.vn\/en\/shop\/so-co-la-sua-chua-thuong-hang-premium-yogurt-chocolate-cacao-talk-1kg\/","title":{"rendered":"S\u00f4 C\u00f4 La S\u1eefa Chua Th\u01b0\u01a1ng H\u1ea1ng \u2013 Premium Yogurt Chocolate Cacao Talk 1kg"},"content":{"rendered":"<h2 class=\"product-detail__specs-title\"><strong>TH\u00d4NG TIN CHUNG<\/strong><\/h2>\n<div id=\"js-product-detail__specs\" class=\"product-detail__specs\">\n<div class=\"row\">\n<div class=\"col-sm-12\">\n<div class=\"product-specs__table\">\n<table>\n<tbody>\n<tr>\n<td class=\"specs-table__property\">Th\u01b0\u01a1ng hi\u1ec7u<\/td>\n<td class=\"specs-table__value\">Fancy foods<\/td>\n<\/tr>\n<tr>\n<td class=\"specs-table__property\">Xu\u1ea5t x\u1ee9<\/td>\n<td class=\"specs-table__value\">Vi\u1ec7t Nam<\/td>\n<\/tr>\n<tr>\n<td class=\"specs-table__property\">H\u1ea1n s\u1eed d\u1ee5ng<\/td>\n<td class=\"specs-table__value\">12 th\u00e1ng<\/td>\n<\/tr>\n<tr>\n<td class=\"specs-table__property\">H\u01b0\u1edbng d\u1eabn s\u1eed d\u1ee5ng<\/td>\n<td class=\"specs-table__value\">D\u00f9ng tr\u1ef1c ti\u1ebfp ho\u1eb7c d\u00f9ng ch\u1ebf bi\u1ebfn c\u00e1c m\u00f3n \u0103n tu\u1ef3 th\u00edch<\/td>\n<\/tr>\n<tr>\n<td class=\"specs-table__property\">H\u01b0\u1edbng d\u1eabn b\u1ea3o qu\u1ea3n<\/td>\n<td class=\"specs-table__value\">B\u1ea3o qu\u1ea3n n\u01a1i kh\u00f4 r\u00e1o, tho\u00e1ng m\u00e1t<\/td>\n<\/tr>\n<tr>\n<td class=\"specs-table__property\">Th\u00e0nh ph\u1ea7n nguy\u00ean li\u1ec7u<\/td>\n<td class=\"specs-table__value\">Nh\u01b0 tr\u00ean bao b\u00ec<\/td>\n<\/tr>\n<tr>\n<td class=\"specs-table__property\">Kh\u1ed1i l\u01b0\u1ee3ng<\/td>\n<td class=\"specs-table__value\">1kg<\/td>\n<\/tr>\n<\/tbody>\n<\/table>\n<p>Fancy Food l\u00e0 th\u01b0\u01a1ng hi\u1ec7u n\u1ed5i ti\u1ebfng trong vi\u1ec7c s\u00e1ng t\u1ea1o v\u00e0 s\u1ea3n xu\u1ea5t c\u00e1c s\u1ea3n ph\u1ea9m cao c\u1ea5p t\u1eeb s\u00f4 c\u00f4 la, mang \u0111\u1ebfn cho kh\u00e1ch h\u00e0ng tr\u1ea3i nghi\u1ec7m h\u01b0\u01a1ng v\u1ecb \u0111\u1ed9c \u0111\u00e1o v\u00e0 phong ph\u00fa. V\u1edbi s\u1ef1 k\u1ebft h\u1ee3p gi\u1eefa nguy\u00ean li\u1ec7u ch\u1ea5t l\u01b0\u1ee3ng cao v\u00e0 quy tr\u00ecnh s\u1ea3n xu\u1ea5t ti\u00ean ti\u1ebfn, Fancy Food lu\u00f4n cam k\u1ebft mang l\u1ea1i nh\u1eefng s\u1ea3n ph\u1ea9m ngon mi\u1ec7ng, gi\u00e0u dinh d\u01b0\u1ee1ng v\u00e0 \u0111\u1ea7y tinh t\u1ebf.<\/p>\n<p>Yogurt Chocolate Cacao Talk\u00a0 l\u00e0 s\u1ea3n ph\u1ea9m \u0111\u01b0\u1ee3c l\u00e0m t\u1eeb s\u00f4 c\u00f4 la cao c\u1ea5p k\u1ebft h\u1ee3p v\u1edbi v\u1ecb s\u1eefa chua th\u01a1m m\u00e1t, t\u1ea1o n\u00ean s\u1ef1 h\u00f2a quy\u1ec7n \u0111\u1ed9c \u0111\u00e1o gi\u1eefa v\u1ecb ng\u1ecdt ng\u00e0o c\u1ee7a s\u00f4 c\u00f4 la v\u00e0 v\u1ecb chua nh\u1eb9, thanh tao c\u1ee7a s\u1eefa chua. S\u1ea3n ph\u1ea9m \u0111\u01b0\u1ee3c s\u1ea3n xu\u1ea5t theo quy tr\u00ecnh kh\u00e9p k\u00edn, \u0111\u1ea3m b\u1ea3o ch\u1ea5t l\u01b0\u1ee3ng v\u00e0 an to\u00e0n th\u1ef1c ph\u1ea9m.<\/p>\n<p><img fetchpriority=\"high\" decoding=\"async\" class=\"size-full wp-image-35985 aligncenter\" src=\"https:\/\/havamall.vn\/wp-content\/uploads\/2024\/09\/shutterstock_292263347-1024x678-1.jpg\" alt=\"\" width=\"1024\" height=\"678\" \/><\/p>\n<p>S\u00f4 C\u00f4 La S\u1eefa Chua Cacao Talk l\u00e0 s\u1ef1 l\u1ef1a ch\u1ecdn ho\u00e0n h\u1ea3o cho nh\u1eefng ai y\u00eau th\u00edch s\u00f4 c\u00f4 la nh\u01b0ng mu\u1ed1n tr\u1ea3i nghi\u1ec7m m\u1ed9t h\u01b0\u01a1ng v\u1ecb m\u1edbi l\u1ea1. V\u1edbi s\u1ef1 k\u1ebft h\u1ee3p \u0111\u1eb7c bi\u1ec7t gi\u1eefa s\u00f4 c\u00f4 la m\u1ecbn m\u00e0ng v\u00e0 l\u1edbp s\u1eefa chua d\u1ecbu nh\u1eb9, s\u1ea3n ph\u1ea9m mang \u0111\u1ebfn c\u1ea3m gi\u00e1c tan ch\u1ea3y \u0111\u1ed9c \u0111\u00e1o trong mi\u1ec7ng, gi\u00fap b\u00f9ng n\u1ed5 h\u01b0\u01a1ng v\u1ecb th\u01a1m ngon v\u00e0 t\u01b0\u01a1i m\u1edbi.<\/p>\n<h3><strong>\u0110\u1eb7c \u0111i\u1ec3m n\u1ed5i b\u1eadt<\/strong><\/h3>\n<p><strong>&#8211; H\u01b0\u01a1ng v\u1ecb \u0111\u1ed9c \u0111\u00e1o<\/strong>: S\u1ef1 k\u1ebft h\u1ee3p h\u00e0i h\u00f2a gi\u1eefa v\u1ecb ng\u1ecdt c\u1ee7a s\u00f4 c\u00f4 la v\u00e0 v\u1ecb chua thanh m\u00e1t c\u1ee7a s\u1eefa chua, mang \u0111\u1ebfn tr\u1ea3i nghi\u1ec7m v\u1ecb gi\u00e1c \u0111\u1ed9c \u0111\u00e1o v\u00e0 m\u1edbi l\u1ea1.<\/p>\n<p><strong>&#8211; Nguy\u00ean li\u1ec7u cao c\u1ea5p<\/strong>: S\u1ea3n ph\u1ea9m \u0111\u01b0\u1ee3c l\u00e0m t\u1eeb s\u00f4 c\u00f4 la nguy\u00ean ch\u1ea5t v\u00e0 s\u1eefa chua t\u01b0\u01a1i, \u0111\u1ea3m b\u1ea3o ch\u1ea5t l\u01b0\u1ee3ng v\u00e0 \u0111\u1ed9 th\u01a1m ngon v\u01b0\u1ee3t tr\u1ed9i.<\/p>\n<p><strong>&#8211; Dung t\u00edch l\u1edbn 1kg<\/strong>: V\u1edbi kh\u1ed1i l\u01b0\u1ee3ng 1kg, \u0111\u00e2y l\u00e0 l\u1ef1a ch\u1ecdn tuy\u1ec7t v\u1eddi cho nh\u1eefng b\u1eefa ti\u1ec7c, s\u1ef1 ki\u1ec7n, ho\u1eb7c \u0111\u01a1n gi\u1ea3n l\u00e0 \u0111\u1ec3 th\u01b0\u1edfng th\u1ee9c h\u00e0ng ng\u00e0y c\u00f9ng gia \u0111\u00ecnh.<\/p>\n<p><strong>&#8211; Ph\u00f9 h\u1ee3p v\u1edbi m\u1ecdi l\u1ee9a tu\u1ed5i<\/strong>: V\u1ecb s\u1eefa chua d\u1ecbu nh\u1eb9 v\u00e0 s\u00f4 c\u00f4 la ng\u1ecdt ng\u00e0o h\u1ea5p d\u1eabn c\u1ea3 ng\u01b0\u1eddi l\u1edbn l\u1eabn tr\u1ebb nh\u1ecf.<\/p>\n<p><img decoding=\"async\" class=\"size-large wp-image-35986 aligncenter\" src=\"https:\/\/havamall.vn\/wp-content\/uploads\/2024\/09\/shutterstock_633455036-1-scaled-1-1024x678.jpg\" alt=\"\" width=\"1024\" height=\"678\" \/><\/p>\n<h3><strong>H\u01b0\u1edbng d\u1eabn s\u1eed d\u1ee5ng<\/strong><\/h3>\n<p><strong>&#8211; D\u00f9ng tr\u1ef1c ti\u1ebfp<\/strong>: Th\u01b0\u1edfng th\u1ee9c ngay nh\u1eefng vi\u00ean s\u00f4 c\u00f4 la s\u1eefa chua m\u1ec1m m\u1ecbn, tan ch\u1ea3y ngay trong mi\u1ec7ng.<\/p>\n<p><strong>&#8211; K\u1ebft h\u1ee3p v\u1edbi c\u00e1c m\u00f3n tr\u00e1ng mi\u1ec7ng<\/strong>: C\u00f3 th\u1ec3 d\u00f9ng s\u00f4 c\u00f4 la n\u00e0y \u0111\u1ec3 trang tr\u00ed ho\u1eb7c k\u1ebft h\u1ee3p v\u1edbi b\u00e1nh ng\u1ecdt, kem, hay c\u00e1c m\u00f3n tr\u00e1ng mi\u1ec7ng kh\u00e1c \u0111\u1ec3 t\u1ea1o th\u00eam h\u01b0\u01a1ng v\u1ecb \u0111\u1ed9c \u0111\u00e1o.<\/p>\n<p><img decoding=\"async\" class=\"wp-image-35987 aligncenter\" src=\"https:\/\/havamall.vn\/wp-content\/uploads\/2024\/09\/post9.jpg\" alt=\"\" width=\"1000\" height=\"1000\" \/><\/p>\n<h3><strong>Havamall \u2013 ph\u00e2n ph\u1ed1i c\u00e1c s\u1ea3n ph\u1ea9m ch\u00ednh h\u00e3ng, ch\u1ea5t l\u01b0\u1ee3ng<\/strong><\/h3>\n<p>V\u1edbi kinh nghi\u1ec7m trong ng\u00e0nh nh\u1eadp kh\u1ea9u v\u00e0 ph\u00e2n ph\u1ed1i th\u1ef1c ph\u1ea9m, \u0111\u1ed3 u\u1ed1ng v\u00e0 nguy\u00ean li\u1ec7u th\u1ef1c ph\u1ea9m, C\u00f4ng ty Havamall Vi\u1ec7t Nam l\u00e0 m\u1ed9t trong nh\u1eefng \u0111\u01a1n v\u1ecb cung \u1ee9ng s\u1ea3n ph\u1ea9m h\u00e0ng \u0111\u1ea7u cho c\u00e1c \u0111\u1ed1i t\u00e1c chuy\u00ean nghi\u1ec7p, danh ti\u1ebfng tr\u00ean kh\u1eafp c\u1ea3 n\u01b0\u1edbc.<\/p>\n<p>C\u00e1c s\u1ea3n ph\u1ea9m do C\u00f4ng ty Havamall Vi\u1ec7t Nam ph\u00e2n ph\u1ed1i \u0111\u1ec1u \u0111\u01b0\u1ee3c nh\u1eadp kh\u1ea9u t\u1eeb ch\u00e2u \u00c2u, ch\u00e2u \u00dac, \u0111\u1ea3m b\u1ea3o c\u00e1c ti\u00eau chu\u1ea9n v\u1ec1 v\u1ec7 sinh an to\u00e0n th\u1ef1c ph\u1ea9m kh\u1eaft khe nh\u01b0 HACCP, ISO. V\u1edbi h\u1ec7 th\u1ed1ng chi nh\u00e1nh, kho v\u1eadn tr\u1ea3i d\u00e0i kh\u1eafp Vi\u1ec7t Nam, C\u00f4ng ty Havamall Vi\u1ec7t Nam c\u00f3 th\u1ec3 \u0111\u00e1p \u1ee9ng \u0111\u01b0\u1ee3c nhu c\u1ea7u v\u1ec1 s\u1ed1 l\u01b0\u1ee3ng v\u00e0 ch\u1ea5t l\u01b0\u1ee3ng c\u1ee7a kh\u00e1ch h\u00e0ng.<\/p>\n<\/div>\n<\/div>\n<\/div>\n<\/div>","protected":false},"excerpt":{"rendered":"<p>TH\u00d4NG TIN CHUNG Th\u01b0\u01a1ng hi\u1ec7u Fancy foods Xu\u1ea5t x\u1ee9 Vi\u1ec7t Nam H\u1ea1n s\u1eed d\u1ee5ng 12 th\u00e1ng H\u01b0\u1edbng d\u1eabn s\u1eed d\u1ee5ng<\/p>","protected":false},"featured_media":35316,"comment_status":"open","ping_status":"closed","template":"","meta":[],"product_brand":[],"product_cat":[154,36,133],"product_tag":[],"class_list":{"0":"post-35315","1":"product","2":"type-product","3":"status-publish","4":"has-post-thumbnail","6":"product_cat-gia-vi","7":"product_cat-thuc-pham-tieu-dung","8":"product_cat-banh-keo-chocolate","10":"first","11":"instock","12":"sale","13":"shipping-taxable","14":"purchasable","15":"product-type-simple"},"_links":{"self":[{"href":"https:\/\/havamall.vn\/en\/wp-json\/wp\/v2\/product\/35315"}],"collection":[{"href":"https:\/\/havamall.vn\/en\/wp-json\/wp\/v2\/product"}],"about":[{"href":"https:\/\/havamall.vn\/en\/wp-json\/wp\/v2\/types\/product"}],"replies":[{"embeddable":true,"href":"https:\/\/havamall.vn\/en\/wp-json\/wp\/v2\/comments?post=35315"}],"version-history":[{"count":0,"href":"https:\/\/havamall.vn\/en\/wp-json\/wp\/v2\/product\/35315\/revisions"}],"wp:featuredmedia":[{"embeddable":true,"href":"https:\/\/havamall.vn\/en\/wp-json\/wp\/v2\/media\/35316"}],"wp:attachment":[{"href":"https:\/\/havamall.vn\/en\/wp-json\/wp\/v2\/media?parent=35315"}],"wp:term":[{"taxonomy":"product_brand","embeddable":true,"href":"https:\/\/havamall.vn\/en\/wp-json\/wp\/v2\/product_brand?post=35315"},{"taxonomy":"product_cat","embeddable":true,"href":"https:\/\/havamall.vn\/en\/wp-json\/wp\/v2\/product_cat?post=35315"},{"taxonomy":"product_tag","embeddable":true,"href":"https:\/\/havamall.vn\/en\/wp-json\/wp\/v2\/product_tag?post=35315"}],"curies":[{"name":"wp","href":"https:\/\/api.w.org\/{rel}","templated":true}]}}