{"id":35312,"date":"2024-09-16T13:39:17","date_gmt":"2024-09-16T06:39:17","guid":{"rendered":"https:\/\/havamall.vn\/?post_type=product&#038;p=35312"},"modified":"2024-09-16T13:39:17","modified_gmt":"2024-09-16T06:39:17","slug":"vien-gia-vi-canh-chua-ong-cha-va-sour-soup-seasoning-126g","status":"publish","type":"product","link":"https:\/\/havamall.vn\/en\/shop\/vien-gia-vi-canh-chua-ong-cha-va-sour-soup-seasoning-126g\/","title":{"rendered":"Vi\u00ean Gia V\u1ecb Canh Chua \u00d4ng Ch\u00e0 V\u00e0 &#8211; Sour Soup Seasoning 126g"},"content":{"rendered":"<h2 class=\"product-detail__specs-title\"><strong>TH\u00d4NG TIN CHUNG<\/strong><\/h2>\n<div id=\"js-product-detail__specs\" class=\"product-detail__specs\">\n<div class=\"row\">\n<div class=\"col-sm-12\">\n<div class=\"product-specs__table\">\n<table>\n<tbody>\n<tr>\n<td class=\"specs-table__property\">Th\u01b0\u01a1ng hi\u1ec7u<\/td>\n<td class=\"specs-table__value\">\u00d4ngCh\u00e0V\u00e0<\/td>\n<\/tr>\n<tr>\n<td class=\"specs-table__property\">Xu\u1ea5t x\u1ee9<\/td>\n<td class=\"specs-table__value\">Vi\u1ec7t Nam<\/td>\n<\/tr>\n<tr>\n<td class=\"specs-table__property\">H\u1ea1n s\u1eed d\u1ee5ng<\/td>\n<td class=\"specs-table__value\">12 th\u00e1ng<\/td>\n<\/tr>\n<tr>\n<td class=\"specs-table__property\">H\u01b0\u1edbng d\u1eabn s\u1eed d\u1ee5ng<\/td>\n<td class=\"specs-table__value\">D\u00f9ng ch\u1ebf bi\u1ebfn c\u00e1c m\u00f3n \u0103n tu\u1ef3 th\u00edch<\/td>\n<\/tr>\n<tr>\n<td class=\"specs-table__property\">H\u01b0\u1edbng d\u1eabn b\u1ea3o qu\u1ea3n<\/td>\n<td class=\"specs-table__value\">B\u1ea3o qu\u1ea3n n\u01a1i kh\u00f4 r\u00e1o, tho\u00e1ng m\u00e1t<\/td>\n<\/tr>\n<tr>\n<td class=\"specs-table__property\">Th\u00e0nh ph\u1ea7n nguy\u00ean li\u1ec7u<\/td>\n<td class=\"specs-table__value\">Nh\u01b0 tr\u00ean bao b\u00ec<\/td>\n<\/tr>\n<tr>\n<td class=\"specs-table__property\">Kh\u1ed1i l\u01b0\u1ee3ng<\/td>\n<td class=\"specs-table__value\">126g<\/td>\n<\/tr>\n<\/tbody>\n<\/table>\n<p>\u00d4ngCh\u00e0V\u00e0 l\u00e0 th\u01b0\u01a1ng hi\u1ec7u n\u1ed5i ti\u1ebfng chuy\u00ean cung c\u1ea5p c\u00e1c lo\u1ea1i gia v\u1ecb truy\u1ec1n th\u1ed1ng c\u1ee7a Vi\u1ec7t Nam. V\u1edbi cam k\u1ebft mang l\u1ea1i h\u01b0\u01a1ng v\u1ecb nguy\u00ean b\u1ea3n v\u00e0 d\u1ec5 d\u00e0ng s\u1eed d\u1ee5ng, s\u1ea3n ph\u1ea9m c\u1ee7a \u00d4ngCh\u00e0V\u00e0 lu\u00f4n \u0111\u01b0\u1ee3c ch\u1ebf bi\u1ebfn t\u1eeb nguy\u00ean li\u1ec7u ch\u1ea5t l\u01b0\u1ee3ng cao, \u0111\u1ea3m b\u1ea3o an to\u00e0n s\u1ee9c kh\u1ecfe v\u00e0 ti\u1ec7n l\u1ee3i cho ng\u01b0\u1eddi ti\u00eau d\u00f9ng.<\/p>\n<p>Vi\u00ean Gia V\u1ecb Canh Chua Gold \u00d4ngCh\u00e0V\u00e0 l\u00e0 b\u00ed quy\u1ebft ho\u00e0n h\u1ea3o \u0111\u1ec3 n\u1ea5u m\u00f3n canh chua nhanh ch\u00f3ng m\u00e0 v\u1eabn chu\u1ea9n v\u1ecb truy\u1ec1n th\u1ed1ng. M\u1ed7i vi\u00ean gia v\u1ecb ch\u1ee9a \u0111\u1ea7y \u0111\u1ee7 c\u00e1c th\u00e0nh ph\u1ea7n c\u1ea7n thi\u1ebft nh\u01b0 me, d\u1ee9a, c\u00e0 chua, c\u00f9ng c\u00e1c gia v\u1ecb \u0111\u1eb7c tr\u01b0ng kh\u00e1c, t\u1ea1o n\u00ean v\u1ecb chua thanh nh\u1eb9, h\u00f2a quy\u1ec7n v\u1edbi ch\u00fat ng\u1ecdt v\u00e0 cay nh\u1eb9. \u0110\u00e2y l\u00e0 l\u1ef1a ch\u1ecdn tuy\u1ec7t v\u1eddi cho nh\u1eefng ai mu\u1ed1n ch\u1ebf bi\u1ebfn m\u00f3n canh chua m\u1ed9t c\u00e1ch nhanh ch\u00f3ng v\u00e0 d\u1ec5 d\u00e0ng.<\/p>\n<p><img fetchpriority=\"high\" decoding=\"async\" class=\"size-full wp-image-35976 aligncenter\" src=\"https:\/\/havamall.vn\/wp-content\/uploads\/2024\/09\/canh-chua-ca-tln1-e1633942511539.jpg\" alt=\"\" width=\"912\" height=\"620\" \/><\/p>\n<h3><strong>\u0110\u1eb7c \u0111i\u1ec3m n\u1ed5i b\u1eadt<\/strong><\/h3>\n<p><strong>&#8211; H\u01b0\u01a1ng v\u1ecb truy\u1ec1n th\u1ed1ng<\/strong>: S\u1ea3n ph\u1ea9m mang \u0111\u1ebfn h\u01b0\u01a1ng v\u1ecb chua thanh, \u0111\u1eadm \u0111\u00e0, k\u1ebft h\u1ee3p ho\u00e0n h\u1ea3o gi\u1eefa c\u00e1c nguy\u00ean li\u1ec7u t\u1ef1 nhi\u00ean v\u00e0 gia v\u1ecb \u0111\u1eb7c tr\u01b0ng c\u1ee7a canh chua Vi\u1ec7t Nam.<\/p>\n<p><strong>&#8211; Ti\u1ec7n l\u1ee3i v\u00e0 d\u1ec5 s\u1eed d\u1ee5ng<\/strong>: D\u1ea1ng vi\u00ean n\u00e9n gi\u00fap b\u1ea1n n\u1ea5u n\u01b0\u1edbng nhanh ch\u00f3ng v\u00e0 d\u1ec5 d\u00e0ng h\u01a1n m\u00e0 v\u1eabn \u0111\u1ea3m b\u1ea3o chu\u1ea9n v\u1ecb.<\/p>\n<p><strong>&#8211; Nguy\u00ean li\u1ec7u t\u1ef1 nhi\u00ean, an to\u00e0n<\/strong>: Kh\u00f4ng ch\u1ee9a ch\u1ea5t b\u1ea3o qu\u1ea3n \u0111\u1ed9c h\u1ea1i, s\u1ea3n ph\u1ea9m \u0111\u01b0\u1ee3c l\u00e0m t\u1eeb c\u00e1c nguy\u00ean li\u1ec7u t\u1ef1 nhi\u00ean, \u0111\u1ea3m b\u1ea3o an to\u00e0n cho s\u1ee9c kh\u1ecfe ng\u01b0\u1eddi d\u00f9ng.<\/p>\n<p><strong>&#8211; \u0110a d\u1ea1ng trong ch\u1ebf bi\u1ebfn<\/strong>: Kh\u00f4ng ch\u1ec9 d\u00f9ng cho m\u00f3n canh chua, b\u1ea1n c\u00f3 th\u1ec3 s\u1eed d\u1ee5ng vi\u00ean gia v\u1ecb n\u00e0y \u0111\u1ec3 ch\u1ebf bi\u1ebfn c\u00e1c m\u00f3n l\u1ea9u, m\u00f3n h\u1ea7m, ho\u1eb7c kho.<\/p>\n<p><img decoding=\"async\" class=\"size-full wp-image-35978 aligncenter\" src=\"https:\/\/havamall.vn\/wp-content\/uploads\/2024\/09\/ef225a13a2fff6fd929312c073a8a0b6.png\" alt=\"\" width=\"901\" height=\"901\" \/><\/p>\n<h3><strong>H\u01b0\u1edbng d\u1eabn s\u1eed d\u1ee5ng<\/strong><\/h3>\n<p><strong>&#8211; N\u1ea5u canh chua<\/strong>: H\u00f2a tan vi\u00ean gia v\u1ecb v\u00e0o n\u01b0\u1edbc d\u00f9ng \u0111ang s\u00f4i, th\u00eam c\u00e1, t\u00f4m, ho\u1eb7c rau t\u00f9y s\u1edf th\u00edch. N\u1ea5u cho \u0111\u1ebfn khi nguy\u00ean li\u1ec7u ch\u00edn, \u0111i\u1ec1u ch\u1ec9nh gia v\u1ecb theo kh\u1ea9u v\u1ecb.<\/p>\n<p><strong>&#8211; Ch\u1ebf bi\u1ebfn l\u1ea9u<\/strong>: S\u1eed d\u1ee5ng vi\u00ean gia v\u1ecb nh\u01b0 gia v\u1ecb n\u1ec1n cho n\u01b0\u1edbc l\u1ea9u, mang l\u1ea1i v\u1ecb chua thanh nh\u1eb9 nh\u00e0ng v\u00e0 th\u01a1m ngon cho m\u00f3n l\u1ea9u c\u1ee7a b\u1ea1n.<\/p>\n<p><img decoding=\"async\" class=\"wp-image-35979 aligncenter\" src=\"https:\/\/havamall.vn\/wp-content\/uploads\/2024\/09\/Thanh-pham-1-1-7239-1682395675-1024x683.jpg\" alt=\"\" width=\"908\" height=\"605\" \/><\/p>\n<h3><strong>Havamall \u2013 ph\u00e2n ph\u1ed1i c\u00e1c s\u1ea3n ph\u1ea9m ch\u00ednh h\u00e3ng, ch\u1ea5t l\u01b0\u1ee3ng<\/strong><\/h3>\n<p>V\u1edbi kinh nghi\u1ec7m trong ng\u00e0nh nh\u1eadp kh\u1ea9u v\u00e0 ph\u00e2n ph\u1ed1i th\u1ef1c ph\u1ea9m, \u0111\u1ed3 u\u1ed1ng v\u00e0 nguy\u00ean li\u1ec7u th\u1ef1c ph\u1ea9m, C\u00f4ng ty Havamall Vi\u1ec7t Nam l\u00e0 m\u1ed9t trong nh\u1eefng \u0111\u01a1n v\u1ecb cung \u1ee9ng s\u1ea3n ph\u1ea9m h\u00e0ng \u0111\u1ea7u cho c\u00e1c \u0111\u1ed1i t\u00e1c chuy\u00ean nghi\u1ec7p, danh ti\u1ebfng tr\u00ean kh\u1eafp c\u1ea3 n\u01b0\u1edbc.<\/p>\n<p>C\u00e1c s\u1ea3n ph\u1ea9m do C\u00f4ng ty Havamall Vi\u1ec7t Nam ph\u00e2n ph\u1ed1i \u0111\u1ec1u \u0111\u01b0\u1ee3c nh\u1eadp kh\u1ea9u t\u1eeb ch\u00e2u \u00c2u, ch\u00e2u \u00dac, \u0111\u1ea3m b\u1ea3o c\u00e1c ti\u00eau chu\u1ea9n v\u1ec1 v\u1ec7 sinh an to\u00e0n th\u1ef1c ph\u1ea9m kh\u1eaft khe nh\u01b0 HACCP, ISO. V\u1edbi h\u1ec7 th\u1ed1ng chi nh\u00e1nh, kho v\u1eadn tr\u1ea3i d\u00e0i kh\u1eafp Vi\u1ec7t Nam, C\u00f4ng ty Havamall Vi\u1ec7t Nam c\u00f3 th\u1ec3 \u0111\u00e1p \u1ee9ng \u0111\u01b0\u1ee3c nhu c\u1ea7u v\u1ec1 s\u1ed1 l\u01b0\u1ee3ng v\u00e0 ch\u1ea5t l\u01b0\u1ee3ng c\u1ee7a kh\u00e1ch h\u00e0ng.<\/p>\n<\/div>\n<\/div>\n<\/div>\n<\/div>","protected":false},"excerpt":{"rendered":"<p>TH\u00d4NG TIN CHUNG Th\u01b0\u01a1ng hi\u1ec7u \u00d4ngCh\u00e0V\u00e0 Xu\u1ea5t x\u1ee9 Vi\u1ec7t Nam H\u1ea1n s\u1eed d\u1ee5ng 12 th\u00e1ng H\u01b0\u1edbng d\u1eabn s\u1eed d\u1ee5ng D\u00f9ng<\/p>","protected":false},"featured_media":35313,"comment_status":"open","ping_status":"closed","template":"","meta":[],"product_brand":[],"product_cat":[595,154,36],"product_tag":[],"class_list":{"0":"post-35312","1":"product","2":"type-product","3":"status-publish","4":"has-post-thumbnail","6":"product_cat-gia-vi-va-che-bien","7":"product_cat-gia-vi","8":"product_cat-thuc-pham-tieu-dung","9":"pa_brand-ong-cha-va","11":"first","12":"instock","13":"sale","14":"shipping-taxable","15":"purchasable","16":"product-type-simple"},"_links":{"self":[{"href":"https:\/\/havamall.vn\/en\/wp-json\/wp\/v2\/product\/35312"}],"collection":[{"href":"https:\/\/havamall.vn\/en\/wp-json\/wp\/v2\/product"}],"about":[{"href":"https:\/\/havamall.vn\/en\/wp-json\/wp\/v2\/types\/product"}],"replies":[{"embeddable":true,"href":"https:\/\/havamall.vn\/en\/wp-json\/wp\/v2\/comments?post=35312"}],"version-history":[{"count":0,"href":"https:\/\/havamall.vn\/en\/wp-json\/wp\/v2\/product\/35312\/revisions"}],"wp:featuredmedia":[{"embeddable":true,"href":"https:\/\/havamall.vn\/en\/wp-json\/wp\/v2\/media\/35313"}],"wp:attachment":[{"href":"https:\/\/havamall.vn\/en\/wp-json\/wp\/v2\/media?parent=35312"}],"wp:term":[{"taxonomy":"product_brand","embeddable":true,"href":"https:\/\/havamall.vn\/en\/wp-json\/wp\/v2\/product_brand?post=35312"},{"taxonomy":"product_cat","embeddable":true,"href":"https:\/\/havamall.vn\/en\/wp-json\/wp\/v2\/product_cat?post=35312"},{"taxonomy":"product_tag","embeddable":true,"href":"https:\/\/havamall.vn\/en\/wp-json\/wp\/v2\/product_tag?post=35312"}],"curies":[{"name":"wp","href":"https:\/\/api.w.org\/{rel}","templated":true}]}}