{"id":35309,"date":"2024-09-16T13:15:42","date_gmt":"2024-09-16T06:15:42","guid":{"rendered":"https:\/\/havamall.vn\/?post_type=product&#038;p=35309"},"modified":"2024-09-16T13:16:12","modified_gmt":"2024-09-16T06:16:12","slug":"bo-thuong-hang-golden-margarine-80g-golden-premium-margarine","status":"publish","type":"product","link":"https:\/\/havamall.vn\/en\/shop\/bo-thuong-hang-golden-margarine-80g-golden-premium-margarine\/","title":{"rendered":"B\u01a1 Th\u01b0\u1ee3ng H\u1ea1ng Golden Margarine 80g &#8211; Golden Premium Margarine"},"content":{"rendered":"<h2 class=\"product-detail__specs-title\"><strong>TH\u00d4NG TIN CHUNG<\/strong><\/h2>\n<div id=\"js-product-detail__specs\" class=\"product-detail__specs\">\n<div class=\"row\">\n<div class=\"col-sm-12\">\n<div class=\"product-specs__table\">\n<table>\n<tbody>\n<tr>\n<td class=\"specs-table__property\">Th\u01b0\u01a1ng hi\u1ec7u<\/td>\n<td class=\"specs-table__value\">Ranee<\/td>\n<\/tr>\n<tr>\n<td class=\"specs-table__property\">Xu\u1ea5t x\u1ee9<\/td>\n<td class=\"specs-table__value\">Vi\u1ec7t Nam<\/td>\n<\/tr>\n<tr>\n<td class=\"specs-table__property\">H\u1ea1n s\u1eed d\u1ee5ng<\/td>\n<td class=\"specs-table__value\">6 th\u00e1ng<\/td>\n<\/tr>\n<tr>\n<td class=\"specs-table__property\">H\u01b0\u1edbng d\u1eabn s\u1eed d\u1ee5ng<\/td>\n<td class=\"specs-table__value\">D\u00f9ng tr\u1ef1c ti\u1ebfp ho\u1eb7c ch\u1ebf bi\u1ebfn c\u00e1c m\u00f3n \u0103n tu\u1ef3 th\u00edch<\/td>\n<\/tr>\n<tr>\n<td class=\"specs-table__property\">H\u01b0\u1edbng d\u1eabn b\u1ea3o qu\u1ea3n<\/td>\n<td class=\"specs-table__value\">B\u1ea3o qu\u1ea3n n\u01a1i kh\u00f4 r\u00e1o, tho\u00e1ng m\u00e1t, b\u1ea3o qu\u1ea3n t\u1ee7 l\u1ea1nh khi \u0111\u00e3 m\u1edf n\u1eafp<\/td>\n<\/tr>\n<tr>\n<td class=\"specs-table__property\">Th\u00e0nh ph\u1ea7n nguy\u00ean li\u1ec7u<\/td>\n<td class=\"specs-table__value\">Nh\u01b0 tr\u00ean bao b\u00ec<\/td>\n<\/tr>\n<tr>\n<td class=\"specs-table__property\">Kh\u1ed1i l\u01b0\u1ee3ng<\/td>\n<td class=\"specs-table__value\">80g<\/td>\n<\/tr>\n<\/tbody>\n<\/table>\n<p>B\u01a1 Th\u01b0\u1ee3ng H\u1ea1ng Golden Margarine 80g l\u00e0 s\u1ea3n ph\u1ea9m b\u01a1 th\u1ef1c v\u1eadt cao c\u1ea5p, mang \u0111\u1ebfn h\u01b0\u01a1ng v\u1ecb b\u00e9o ng\u1eady v\u00e0 th\u01a1m ngon cho m\u1ecdi m\u00f3n \u0103n. \u0110\u01b0\u1ee3c l\u00e0m t\u1eeb c\u00e1c th\u00e0nh ph\u1ea7n th\u1ef1c v\u1eadt t\u1ef1 nhi\u00ean, s\u1ea3n ph\u1ea9m kh\u00f4ng ch\u1ec9 ph\u00f9 h\u1ee3p cho n\u1ea5u \u0103n, l\u00e0m b\u00e1nh m\u00e0 c\u00f2n l\u00e0 m\u1ed9t l\u1ef1a ch\u1ecdn l\u00e0nh m\u1ea1nh h\u01a1n so v\u1edbi b\u01a1 \u0111\u1ed9ng v\u1eadt, gi\u00fap gia \u0111\u00ecnh b\u1ea1n duy tr\u00ec l\u1ed1i s\u1ed1ng c\u00e2n b\u1eb1ng v\u00e0 t\u1ed1t cho s\u1ee9c kh\u1ecfe.<img fetchpriority=\"high\" decoding=\"async\" class=\"size-large wp-image-35965 aligncenter\" src=\"https:\/\/havamall.vn\/wp-content\/uploads\/2024\/09\/bo-thuong-hang-1-1024x640.png\" alt=\"\" width=\"1024\" height=\"640\" \/><\/p>\n<h3><strong>\u0110\u1eb7c \u0111i\u1ec3m n\u1ed5i b\u1eadt<\/strong><\/h3>\n<p><strong>&#8211; Ch\u1ea5t l\u01b0\u1ee3ng cao c\u1ea5p<\/strong>: \u0110\u01b0\u1ee3c s\u1ea3n xu\u1ea5t t\u1eeb nguy\u00ean li\u1ec7u th\u1ef1c v\u1eadt ch\u1ecdn l\u1ecdc, \u0111\u1ea3m b\u1ea3o h\u01b0\u01a1ng v\u1ecb th\u01a1m ngon v\u00e0 \u0111\u1ed9 m\u1ecbn m\u00e0ng, d\u1ec5 d\u00e0ng s\u1eed d\u1ee5ng trong nhi\u1ec1u m\u00f3n \u0103n.<\/p>\n<p><strong>&#8211; H\u01b0\u01a1ng v\u1ecb b\u00e9o ng\u1eady t\u1ef1 nhi\u00ean<\/strong>: Golden Margarine mang \u0111\u1ebfn h\u01b0\u01a1ng v\u1ecb \u0111\u1eadm \u0111\u00e0, gi\u00fap t\u0103ng c\u01b0\u1eddng \u0111\u1ed9 ngon cho c\u00e1c m\u00f3n chi\u00ean, x\u00e0o, v\u00e0 n\u01b0\u1edbng.<\/p>\n<p><strong>&#8211; \u0110a d\u1ee5ng v\u00e0 ti\u1ec7n l\u1ee3i<\/strong>: V\u1edbi dung t\u00edch nh\u1ecf g\u1ecdn 80g, s\u1ea3n ph\u1ea9m d\u1ec5 mang theo v\u00e0 s\u1eed d\u1ee5ng trong c\u00e1c b\u1eefa \u0103n h\u00e0ng ng\u00e0y, t\u1eeb ph\u1ebft l\u00ean b\u00e1nh m\u00ec \u0111\u1ebfn n\u1ea5u \u0103n v\u00e0 l\u00e0m b\u00e1nh.<\/p>\n<p><strong>&#8211; Ph\u00f9 h\u1ee3p cho m\u1ecdi nhu c\u1ea7u \u1ea9m th\u1ef1c<\/strong>: S\u1ea3n ph\u1ea9m kh\u00f4ng ch\u1ec9 ho\u00e0n h\u1ea3o cho vi\u1ec7c l\u00e0m b\u00e1nh, m\u00e0 c\u00f2n d\u00f9ng \u0111\u1ec3 ch\u1ebf bi\u1ebfn c\u00e1c m\u00f3n chi\u00ean, x\u00e0o, ho\u1eb7c t\u1ea1o ra nh\u1eefng m\u00f3n s\u1ed1t \u0111\u1eadm \u0111\u00e0.<\/p>\n<p><img decoding=\"async\" class=\"size-large wp-image-35966 aligncenter\" src=\"https:\/\/havamall.vn\/wp-content\/uploads\/2024\/09\/121582315_2870677199836056_1726023240798300923_n-1024x634.jpg\" alt=\"\" width=\"1024\" height=\"634\" \/><\/p>\n<h3><strong>H\u01b0\u1edbng d\u1eabn s\u1eed d\u1ee5ng<\/strong><\/h3>\n<p><strong>&#8211; D\u00f9ng tr\u1ef1c ti\u1ebfp<\/strong>: Ph\u1ebft l\u00ean b\u00e1nh m\u00ec, b\u00e1nh quy ho\u1eb7c croissant cho b\u1eefa s\u00e1ng nhanh g\u1ecdn.<\/p>\n<p><strong>&#8211; Ch\u1ebf bi\u1ebfn m\u00f3n \u0103n<\/strong>: S\u1eed d\u1ee5ng trong c\u00e1c m\u00f3n chi\u00ean, x\u00e0o ho\u1eb7c l\u00e0m n\u01b0\u1edbc s\u1ed1t, gi\u00fap t\u0103ng th\u00eam h\u01b0\u01a1ng v\u1ecb b\u00e9o ng\u1eady t\u1ef1 nhi\u00ean.<\/p>\n<p><strong>&#8211; L\u00e0m b\u00e1nh<\/strong>: D\u00f9ng l\u00e0m nguy\u00ean li\u1ec7u cho c\u00e1c m\u00f3n b\u00e1nh ng\u1ecdt, b\u00e1nh quy, ho\u1eb7c c\u00e1c m\u00f3n n\u01b0\u1edbng kh\u00e1c.<\/p>\n<p><img decoding=\"async\" class=\"wp-image-35970 aligncenter\" src=\"https:\/\/havamall.vn\/wp-content\/uploads\/2024\/09\/105b8c9fcc50328ca2000753d6d80fd4-1.png\" alt=\"\" width=\"1020\" height=\"777\" \/><\/p>\n<h3><strong>Havamall \u2013 ph\u00e2n ph\u1ed1i c\u00e1c s\u1ea3n ph\u1ea9m ch\u00ednh h\u00e3ng, ch\u1ea5t l\u01b0\u1ee3ng<\/strong><\/h3>\n<p>V\u1edbi kinh nghi\u1ec7m trong ng\u00e0nh nh\u1eadp kh\u1ea9u v\u00e0 ph\u00e2n ph\u1ed1i th\u1ef1c ph\u1ea9m, \u0111\u1ed3 u\u1ed1ng v\u00e0 nguy\u00ean li\u1ec7u th\u1ef1c ph\u1ea9m, C\u00f4ng ty Havamall Vi\u1ec7t Nam l\u00e0 m\u1ed9t trong nh\u1eefng \u0111\u01a1n v\u1ecb cung \u1ee9ng s\u1ea3n ph\u1ea9m h\u00e0ng \u0111\u1ea7u cho c\u00e1c \u0111\u1ed1i t\u00e1c chuy\u00ean nghi\u1ec7p, danh ti\u1ebfng tr\u00ean kh\u1eafp c\u1ea3 n\u01b0\u1edbc.<\/p>\n<p>C\u00e1c s\u1ea3n ph\u1ea9m do C\u00f4ng ty Havamall Vi\u1ec7t Nam ph\u00e2n ph\u1ed1i \u0111\u1ec1u \u0111\u01b0\u1ee3c nh\u1eadp kh\u1ea9u t\u1eeb ch\u00e2u \u00c2u, ch\u00e2u \u00dac, \u0111\u1ea3m b\u1ea3o c\u00e1c ti\u00eau chu\u1ea9n v\u1ec1 v\u1ec7 sinh an to\u00e0n th\u1ef1c ph\u1ea9m kh\u1eaft khe nh\u01b0 HACCP, ISO. V\u1edbi h\u1ec7 th\u1ed1ng chi nh\u00e1nh, kho v\u1eadn tr\u1ea3i d\u00e0i kh\u1eafp Vi\u1ec7t Nam, C\u00f4ng ty Havamall Vi\u1ec7t Nam c\u00f3 th\u1ec3 \u0111\u00e1p \u1ee9ng \u0111\u01b0\u1ee3c nhu c\u1ea7u v\u1ec1 s\u1ed1 l\u01b0\u1ee3ng v\u00e0 ch\u1ea5t l\u01b0\u1ee3ng c\u1ee7a kh\u00e1ch h\u00e0ng.<\/p>\n<\/div>\n<\/div>\n<\/div>\n<\/div>","protected":false},"excerpt":{"rendered":"<p>TH\u00d4NG TIN CHUNG Th\u01b0\u01a1ng hi\u1ec7u Ranee Xu\u1ea5t x\u1ee9 Vi\u1ec7t Nam H\u1ea1n s\u1eed d\u1ee5ng 6 th\u00e1ng H\u01b0\u1edbng d\u1eabn s\u1eed d\u1ee5ng D\u00f9ng<\/p>","protected":false},"featured_media":35310,"comment_status":"open","ping_status":"closed","template":"","meta":[],"product_brand":[],"product_cat":[595,36],"product_tag":[],"class_list":{"0":"post-35309","1":"product","2":"type-product","3":"status-publish","4":"has-post-thumbnail","6":"product_cat-gia-vi-va-che-bien","7":"product_cat-thuc-pham-tieu-dung","9":"first","10":"instock","11":"sale","12":"shipping-taxable","13":"purchasable","14":"product-type-simple"},"_links":{"self":[{"href":"https:\/\/havamall.vn\/en\/wp-json\/wp\/v2\/product\/35309"}],"collection":[{"href":"https:\/\/havamall.vn\/en\/wp-json\/wp\/v2\/product"}],"about":[{"href":"https:\/\/havamall.vn\/en\/wp-json\/wp\/v2\/types\/product"}],"replies":[{"embeddable":true,"href":"https:\/\/havamall.vn\/en\/wp-json\/wp\/v2\/comments?post=35309"}],"version-history":[{"count":0,"href":"https:\/\/havamall.vn\/en\/wp-json\/wp\/v2\/product\/35309\/revisions"}],"wp:featuredmedia":[{"embeddable":true,"href":"https:\/\/havamall.vn\/en\/wp-json\/wp\/v2\/media\/35310"}],"wp:attachment":[{"href":"https:\/\/havamall.vn\/en\/wp-json\/wp\/v2\/media?parent=35309"}],"wp:term":[{"taxonomy":"product_brand","embeddable":true,"href":"https:\/\/havamall.vn\/en\/wp-json\/wp\/v2\/product_brand?post=35309"},{"taxonomy":"product_cat","embeddable":true,"href":"https:\/\/havamall.vn\/en\/wp-json\/wp\/v2\/product_cat?post=35309"},{"taxonomy":"product_tag","embeddable":true,"href":"https:\/\/havamall.vn\/en\/wp-json\/wp\/v2\/product_tag?post=35309"}],"curies":[{"name":"wp","href":"https:\/\/api.w.org\/{rel}","templated":true}]}}