{"id":35292,"date":"2024-09-09T11:27:20","date_gmt":"2024-09-09T04:27:20","guid":{"rendered":"https:\/\/havamall.vn\/?post_type=product&#038;p=35292"},"modified":"2024-09-09T11:27:20","modified_gmt":"2024-09-09T04:27:20","slug":"snack-tom-hanami-lon-hanami-prawn-crackers-110g","status":"publish","type":"product","link":"https:\/\/havamall.vn\/en\/shop\/snack-tom-hanami-lon-hanami-prawn-crackers-110g\/","title":{"rendered":"Snack T\u00f4m Hanami Lon &#8211; Hanami Prawn Crackers 110g"},"content":{"rendered":"<h2 class=\"product-detail__specs-title\"><strong>TH\u00d4NG TIN CHUNG<\/strong><\/h2>\n<div id=\"js-product-detail__specs\" class=\"product-detail__specs\">\n<div class=\"row\">\n<div class=\"col-sm-12\">\n<div class=\"product-specs__table\">\n<table style=\"width: 48.643%;\">\n<tbody>\n<tr>\n<td class=\"specs-table__property\" style=\"width: 35.2727%;\">Th\u01b0\u01a1ng hi\u1ec7u<\/td>\n<td class=\"specs-table__value\" style=\"width: 63.4286%;\">Hanami<\/td>\n<\/tr>\n<tr>\n<td class=\"specs-table__property\" style=\"width: 35.2727%;\">Xu\u1ea5t x\u1ee9<\/td>\n<td class=\"specs-table__value\" style=\"width: 63.4286%;\">Th\u00e1i Lan<\/td>\n<\/tr>\n<tr>\n<td class=\"specs-table__property\" style=\"width: 35.2727%;\">H\u1ea1n s\u1eed d\u1ee5ng<\/td>\n<td class=\"specs-table__value\" style=\"width: 63.4286%;\">12 th\u00e1ng<\/td>\n<\/tr>\n<tr>\n<td class=\"specs-table__property\" style=\"width: 35.2727%;\">H\u01b0\u1edbng d\u1eabn s\u1eed d\u1ee5ng<\/td>\n<td class=\"specs-table__value\" style=\"width: 63.4286%;\">D\u00f9ng tr\u1ef1c ti\u1ebfp<\/td>\n<\/tr>\n<tr>\n<td class=\"specs-table__property\" style=\"width: 35.2727%;\">H\u01b0\u1edbng d\u1eabn b\u1ea3o qu\u1ea3n<\/td>\n<td class=\"specs-table__value\" style=\"width: 63.4286%;\">B\u1ea3o qu\u1ea3n n\u01a1i kh\u00f4 r\u00e1o, tho\u00e1ng m\u00e1t, tr\u00e1nh \u00e1nh n\u1eafng m\u1eb7t tr\u1eddi<\/td>\n<\/tr>\n<tr>\n<td class=\"specs-table__property\" style=\"width: 35.2727%;\">Th\u00e0nh ph\u1ea7n nguy\u00ean li\u1ec7u<\/td>\n<td class=\"specs-table__value\" style=\"width: 63.4286%;\">Nh\u01b0 tr\u00ean bao b\u00ec<\/td>\n<\/tr>\n<tr>\n<td class=\"specs-table__property\" style=\"width: 35.2727%;\">Kh\u1ed1i l\u01b0\u1ee3ng<\/td>\n<td class=\"specs-table__value\" style=\"width: 63.4286%;\">110g<\/td>\n<\/tr>\n<\/tbody>\n<\/table>\n<p>Snack T\u00f4m Hanami l\u00e0 m\u00f3n \u0103n v\u1eb7t quen thu\u1ed9c, mang h\u01b0\u01a1ng v\u1ecb gi\u00f2n tan \u0111\u1eb7c tr\u01b0ng v\u00e0 th\u01a1m ngon c\u1ee7a t\u00f4m. \u0110\u01b0\u1ee3c s\u1ea3n xu\u1ea5t theo c\u00f4ng ngh\u1ec7 ti\u00ean ti\u1ebfn, v\u1edbi nguy\u00ean li\u1ec7u t\u01b0\u01a1i ngon t\u1eeb bi\u1ec3n c\u1ea3, s\u1ea3n ph\u1ea9m mang l\u1ea1i tr\u1ea3i nghi\u1ec7m tuy\u1ec7t v\u1eddi cho nh\u1eefng ai y\u00eau th\u00edch m\u00f3n snack h\u1ea5p d\u1eabn. V\u1edbi h\u01b0\u01a1ng v\u1ecb \u0111\u1eb7c tr\u01b0ng v\u00e0 \u0111\u00f3ng g\u00f3i ti\u1ec7n l\u1ee3i, Snack T\u00f4m Hanami Lon 110g l\u00e0 s\u1ef1 l\u1ef1a ch\u1ecdn ho\u00e0n h\u1ea3o \u0111\u1ec3 b\u1ea1n th\u01b0\u1edfng th\u1ee9c c\u00f9ng gia \u0111\u00ecnh v\u00e0 b\u1ea1n b\u00e8.<\/p>\n<p><img fetchpriority=\"high\" decoding=\"async\" class=\"wp-image-35730 aligncenter\" src=\"https:\/\/havamall.vn\/wp-content\/uploads\/2024\/09\/banh-tom-1024x1024.png\" alt=\"\" width=\"758\" height=\"758\" \/><\/p>\n<p><strong>&#8211; Th\u00e0nh ph\u1ea7n t\u1eeb t\u00f4m t\u01b0\u01a1i t\u1ef1 nhi\u00ean<\/strong>: Snack T\u00f4m Hanami \u0111\u01b0\u1ee3c l\u00e0m t\u1eeb nh\u1eefng con t\u00f4m t\u01b0\u01a1i ngon, mang \u0111\u1ebfn h\u01b0\u01a1ng v\u1ecb \u0111\u1eadm \u0111\u00e0 v\u00e0 tinh t\u00fay c\u1ee7a bi\u1ec3n.<\/p>\n<p><strong>&#8211; C\u00f4ng ngh\u1ec7 ch\u1ebf bi\u1ebfn hi\u1ec7n \u0111\u1ea1i<\/strong>: \u0110\u01b0\u1ee3c s\u1ea3n xu\u1ea5t tr\u00ean d\u00e2y chuy\u1ec1n c\u00f4ng ngh\u1ec7 hi\u1ec7n \u0111\u1ea1i, \u0111\u1ea3m b\u1ea3o s\u1ea3n ph\u1ea9m lu\u00f4n gi\u1eef \u0111\u01b0\u1ee3c \u0111\u1ed9 gi\u00f2n r\u1ee5m v\u00e0 h\u01b0\u01a1ng v\u1ecb t\u01b0\u01a1i m\u1edbi.<\/p>\n<p><strong>&#8211; \u0110\u00f3ng g\u00f3i ti\u1ec7n l\u1ee3i<\/strong>: Lon 110g nh\u1ecf g\u1ecdn, d\u1ec5 mang theo m\u1ecdi l\u00fac m\u1ecdi n\u01a1i, ph\u00f9 h\u1ee3p cho c\u00e1c bu\u1ed5i d\u00e3 ngo\u1ea1i, ti\u1ec7c t\u00f9ng, ho\u1eb7c khi c\u1ea7n m\u1ed9t m\u00f3n \u0103n v\u1eb7t nhanh g\u1ecdn.<\/p>\n<p><strong>&#8211; H\u01b0\u01a1ng v\u1ecb h\u1ea5p d\u1eabn, kh\u00f3 c\u01b0\u1ee1ng<\/strong>: S\u1ef1 k\u1ebft h\u1ee3p ho\u00e0n h\u1ea3o gi\u1eefa v\u1ecb gi\u00f2n tan v\u00e0 v\u1ecb ng\u1ecdt m\u1eb7n t\u1ef1 nhi\u00ean c\u1ee7a t\u00f4m, khi\u1ebfn b\u1ea1n kh\u00f3 c\u00f3 th\u1ec3 d\u1eebng l\u1ea1i sau mi\u1ebfng \u0111\u1ea7u ti\u00ean.<\/p>\n<p><img decoding=\"async\" class=\"wp-image-35731 aligncenter\" src=\"https:\/\/havamall.vn\/wp-content\/uploads\/2024\/09\/250775622_3069233369988858_3517045708603645140_n_8e1d9372c15245f9b619e99739eba3b9.webp\" alt=\"\" width=\"765\" height=\"765\" \/><\/p>\n<h2><strong>Havamall \u2013 ph\u00e2n ph\u1ed1i c\u00e1c s\u1ea3n ph\u1ea9m ch\u00ednh h\u00e3ng, ch\u1ea5t l\u01b0\u1ee3ng<\/strong><\/h2>\n<p>V\u1edbi kinh nghi\u1ec7m trong ng\u00e0nh nh\u1eadp kh\u1ea9u v\u00e0 ph\u00e2n ph\u1ed1i th\u1ef1c ph\u1ea9m, \u0111\u1ed3 u\u1ed1ng v\u00e0 nguy\u00ean li\u1ec7u th\u1ef1c ph\u1ea9m, C\u00f4ng ty Havamall Vi\u1ec7t Nam l\u00e0 m\u1ed9t trong nh\u1eefng \u0111\u01a1n v\u1ecb cung \u1ee9ng s\u1ea3n ph\u1ea9m h\u00e0ng \u0111\u1ea7u cho c\u00e1c \u0111\u1ed1i t\u00e1c chuy\u00ean nghi\u1ec7p, danh ti\u1ebfng tr\u00ean kh\u1eafp c\u1ea3 n\u01b0\u1edbc.<\/p>\n<p>C\u00e1c s\u1ea3n ph\u1ea9m do C\u00f4ng ty Havamall Vi\u1ec7t Nam ph\u00e2n ph\u1ed1i \u0111\u1ec1u \u0111\u01b0\u1ee3c nh\u1eadp kh\u1ea9u t\u1eeb ch\u00e2u \u00c2u, ch\u00e2u \u00dac, \u0111\u1ea3m b\u1ea3o c\u00e1c ti\u00eau chu\u1ea9n v\u1ec1 v\u1ec7 sinh an to\u00e0n th\u1ef1c ph\u1ea9m kh\u1eaft khe nh\u01b0 HACCP, ISO. V\u1edbi h\u1ec7 th\u1ed1ng chi nh\u00e1nh, kho v\u1eadn tr\u1ea3i d\u00e0i kh\u1eafp Vi\u1ec7t Nam, C\u00f4ng ty Havamall Vi\u1ec7t Nam c\u00f3 th\u1ec3 \u0111\u00e1p \u1ee9ng \u0111\u01b0\u1ee3c nhu c\u1ea7u v\u1ec1 s\u1ed1 l\u01b0\u1ee3ng v\u00e0 ch\u1ea5t l\u01b0\u1ee3ng c\u1ee7a kh\u00e1ch h\u00e0ng.<\/p>\n<\/div>\n<\/div>\n<\/div>\n<\/div>","protected":false},"excerpt":{"rendered":"<p>TH\u00d4NG TIN CHUNG Th\u01b0\u01a1ng hi\u1ec7u Hanami Xu\u1ea5t x\u1ee9 Th\u00e1i Lan H\u1ea1n s\u1eed d\u1ee5ng 12 th\u00e1ng H\u01b0\u1edbng d\u1eabn s\u1eed d\u1ee5ng D\u00f9ng<\/p>","protected":false},"featured_media":35293,"comment_status":"open","ping_status":"closed","template":"","meta":[],"product_brand":[],"product_cat":[36,133],"product_tag":[],"class_list":{"0":"post-35292","1":"product","2":"type-product","3":"status-publish","4":"has-post-thumbnail","6":"product_cat-thuc-pham-tieu-dung","7":"product_cat-banh-keo-chocolate","9":"first","10":"instock","11":"sale","12":"shipping-taxable","13":"purchasable","14":"product-type-simple"},"_links":{"self":[{"href":"https:\/\/havamall.vn\/en\/wp-json\/wp\/v2\/product\/35292"}],"collection":[{"href":"https:\/\/havamall.vn\/en\/wp-json\/wp\/v2\/product"}],"about":[{"href":"https:\/\/havamall.vn\/en\/wp-json\/wp\/v2\/types\/product"}],"replies":[{"embeddable":true,"href":"https:\/\/havamall.vn\/en\/wp-json\/wp\/v2\/comments?post=35292"}],"version-history":[{"count":0,"href":"https:\/\/havamall.vn\/en\/wp-json\/wp\/v2\/product\/35292\/revisions"}],"wp:featuredmedia":[{"embeddable":true,"href":"https:\/\/havamall.vn\/en\/wp-json\/wp\/v2\/media\/35293"}],"wp:attachment":[{"href":"https:\/\/havamall.vn\/en\/wp-json\/wp\/v2\/media?parent=35292"}],"wp:term":[{"taxonomy":"product_brand","embeddable":true,"href":"https:\/\/havamall.vn\/en\/wp-json\/wp\/v2\/product_brand?post=35292"},{"taxonomy":"product_cat","embeddable":true,"href":"https:\/\/havamall.vn\/en\/wp-json\/wp\/v2\/product_cat?post=35292"},{"taxonomy":"product_tag","embeddable":true,"href":"https:\/\/havamall.vn\/en\/wp-json\/wp\/v2\/product_tag?post=35292"}],"curies":[{"name":"wp","href":"https:\/\/api.w.org\/{rel}","templated":true}]}}