{"id":35268,"date":"2024-09-08T13:54:48","date_gmt":"2024-09-08T06:54:48","guid":{"rendered":"https:\/\/havamall.vn\/?post_type=product&#038;p=35268"},"modified":"2025-08-26T16:53:21","modified_gmt":"2025-08-26T09:53:21","slug":"nuoc-cot-pho-chay-vegetarian-pho-paste-138g-dinh-gia","status":"publish","type":"product","link":"https:\/\/havamall.vn\/en\/shop\/nuoc-cot-pho-chay-vegetarian-pho-paste-138g-dinh-gia\/","title":{"rendered":"N\u01b0\u1edbc C\u1ed1t Ph\u1edf Chay &#8211; Vegetarian Pho Paste 138g \u0110\u1ec9nh Gia"},"content":{"rendered":"<h2 class=\"product-detail__specs-title\"><strong>TH\u00d4NG TIN CHUNG<\/strong><\/h2>\n<div id=\"js-product-detail__specs\" class=\"product-detail__specs\">\n<div class=\"row\">\n<div class=\"col-sm-12\">\n<div class=\"product-specs__table\">\n<table>\n<tbody>\n<tr>\n<td class=\"specs-table__property\">Th\u01b0\u01a1ng hi\u1ec7u<\/td>\n<td class=\"specs-table__value\">\u0110\u1ec9nh Gia<\/td>\n<\/tr>\n<tr>\n<td class=\"specs-table__property\">Xu\u1ea5t x\u1ee9<\/td>\n<td class=\"specs-table__value\">Vi\u1ec7t Nam<\/td>\n<\/tr>\n<tr>\n<td class=\"specs-table__property\">H\u1ea1n s\u1eed d\u1ee5ng<\/td>\n<td class=\"specs-table__value\">12 th\u00e1ng<\/td>\n<\/tr>\n<tr>\n<td class=\"specs-table__property\">H\u01b0\u1edbng d\u1eabn s\u1eed d\u1ee5ng<\/td>\n<td class=\"specs-table__value\">D\u00f9ng tr\u1ef1c ti\u1ebfp ho\u1eb7c ch\u1ebf bi\u1ebfn c\u00e1c m\u00f3n \u0103n tu\u1ef3 th\u00edch<\/td>\n<\/tr>\n<tr>\n<td class=\"specs-table__property\">H\u01b0\u1edbng d\u1eabn b\u1ea3o qu\u1ea3n<\/td>\n<td class=\"specs-table__value\">B\u1ea3o qu\u1ea3n \u1edf nhi\u1ec7t \u0111\u1ed9 th\u01b0\u1eddng, gi\u1eef l\u1ea1nh sau khi m\u1edf n\u1eafp v\u00e0 s\u1eed d\u1ee5ng t\u1ed1t nh\u1ea5t trong 2 tu\u1ea7n<\/td>\n<\/tr>\n<tr>\n<td class=\"specs-table__property\">Th\u00e0nh ph\u1ea7n nguy\u00ean li\u1ec7u<\/td>\n<td class=\"specs-table__value\">\u00a0Nh\u01b0 tr\u00ean bao b\u00ec<\/td>\n<\/tr>\n<tr>\n<td class=\"specs-table__property\">Kh\u1ed1i l\u01b0\u1ee3ng\/Th\u1ec3 t\u00edch<\/td>\n<td class=\"specs-table__value\">138g<\/td>\n<\/tr>\n<\/tbody>\n<\/table>\n<h2><strong>GI\u1edaI THI\u1ec6U S\u1ea2N PH\u1ea8M<\/strong><\/h2>\n<p>N\u01b0\u1edbc C\u1ed1t Ph\u1edf Chay \u0110\u1ec9nh Gia l\u00e0 s\u1ea3n ph\u1ea9m ho\u00e0n h\u1ea3o d\u00e0nh cho nh\u1eefng ng\u01b0\u1eddi y\u00eau th\u00edch m\u00f3n ph\u1edf truy\u1ec1n th\u1ed1ng nh\u01b0ng l\u1ea1i ch\u1ecdn l\u1ed1i s\u1ed1ng chay t\u1ecbnh. V\u1edbi c\u00f4ng th\u1ee9c \u0111\u1eb7c bi\u1ec7t, k\u1ebft h\u1ee3p t\u1eeb c\u00e1c lo\u1ea1i gia v\u1ecb t\u1ef1 nhi\u00ean, n\u01b0\u1edbc c\u1ed1t ph\u1edf chay n\u00e0y mang \u0111\u1ebfn h\u01b0\u01a1ng v\u1ecb \u0111\u1eadm \u0111\u00e0, tinh t\u1ebf v\u00e0 \u0111\u1ea7y \u0111\u1ee7 c\u1ee7a m\u00f3n ph\u1edf truy\u1ec1n th\u1ed1ng Vi\u1ec7t Nam, nh\u01b0ng ho\u00e0n to\u00e0n thu\u1ea7n chay. S\u1ea3n ph\u1ea9m \u0111\u01b0\u1ee3c s\u1ea3n xu\u1ea5t b\u1edfi \u0110\u1ec9nh Gia, m\u1ed9t th\u01b0\u01a1ng hi\u1ec7u uy t\u00edn trong l\u0129nh v\u1ef1c th\u1ef1c ph\u1ea9m chay, cam k\u1ebft mang \u0111\u1ebfn cho ng\u01b0\u1eddi d\u00f9ng tr\u1ea3i nghi\u1ec7m \u1ea9m th\u1ef1c tuy\u1ec7t v\u1eddi v\u00e0 an to\u00e0n.<\/p>\n<h2><strong><img fetchpriority=\"high\" decoding=\"async\" class=\"wp-image-35273 aligncenter\" src=\"https:\/\/havamall.com\/wp-content\/uploads\/2025\/08\/pho-chay-1-1.png\" alt=\"\" width=\"504\" height=\"630\" \/>\u0110\u1eb6C \u0110I\u1ec2M N\u1ed4I B\u1eacT<\/strong><\/h2>\n<p><strong>&#8211; H\u01b0\u01a1ng v\u1ecb ph\u1edf truy\u1ec1n th\u1ed1ng<\/strong>: Mang \u0111\u1eadm h\u01b0\u01a1ng v\u1ecb th\u01a1m ngon, thanh khi\u1ebft c\u1ee7a m\u00f3n ph\u1edf truy\u1ec1n th\u1ed1ng, \u0111\u01b0\u1ee3c ch\u1ebf bi\u1ebfn t\u1eeb c\u00e1c lo\u1ea1i gia v\u1ecb t\u1ef1 nhi\u00ean nh\u01b0 qu\u1ebf, h\u1ed3i, th\u1ea3o qu\u1ea3 v\u00e0 g\u1eebng.<\/p>\n<p><strong>&#8211; Thu\u1ea7n chay v\u00e0 an to\u00e0n cho s\u1ee9c kh\u1ecfe<\/strong>: S\u1ea3n ph\u1ea9m kh\u00f4ng ch\u1ee9a ch\u1ea5t b\u1ea3o qu\u1ea3n, ph\u1ea9m m\u00e0u hay h\u01b0\u01a1ng li\u1ec7u nh\u00e2n t\u1ea1o, ph\u00f9 h\u1ee3p v\u1edbi ng\u01b0\u1eddi \u0103n chay v\u00e0 nh\u1eefng ai mu\u1ed1n gi\u1ea3m ti\u00eau th\u1ee5 s\u1ea3n ph\u1ea9m \u0111\u1ed9ng v\u1eadt.<\/p>\n<p><strong>&#8211; D\u1ec5 d\u00e0ng v\u00e0 ti\u1ec7n l\u1ee3i<\/strong>: V\u1edbi m\u1ed9t g\u00f3i n\u01b0\u1edbc c\u1ed1t 138g, b\u1ea1n c\u00f3 th\u1ec3 nhanh ch\u00f3ng chu\u1ea9n b\u1ecb m\u1ed9t t\u00f4 ph\u1edf n\u00f3ng h\u1ed5i, \u0111\u1eadm \u0111\u00e0 h\u01b0\u01a1ng v\u1ecb ch\u1ec9 trong v\u00e0i b\u01b0\u1edbc \u0111\u01a1n gi\u1ea3n.<\/p>\n<p><strong>&#8211; \u0110a d\u1ea1ng s\u1eed d\u1ee5ng<\/strong>: Ph\u00f9 h\u1ee3p \u0111\u1ec3 n\u1ea5u nhi\u1ec1u m\u00f3n \u0103n chay kh\u00e1c nhau, kh\u00f4ng ch\u1ec9 ph\u1edf m\u00e0 c\u00f2n c\u00f3 th\u1ec3 l\u00e0m n\u01b0\u1edbc d\u00f9ng cho c\u00e1c m\u00f3n b\u00fan, mi\u1ebfn, ho\u1eb7c soup.<\/p>\n<p><img decoding=\"async\" class=\"wp-image-35677 aligncenter\" src=\"https:\/\/havamall.vn\/wp-content\/uploads\/2024\/09\/z4947177344673_2b63760877627e43e6ef91d830f0b08b_40ad128ee78c4a07be7d7aa71514ce78-768x1024.webp\" alt=\"\" width=\"501\" height=\"668\" \/><\/p>\n<h2><strong>H\u01af\u1edaNG D\u1eaaN S\u1eec D\u1ee4NG<\/strong><\/h2>\n<p><strong>B\u01af\u1edaC 1: Chu\u1ea9n b\u1ecb n\u01b0\u1edbc d\u00f9ng<\/strong><\/p>\n<p>&#8211; Pha 1 g\u00f3i N\u01b0\u1edbc C\u1ed1t B\u00fan B\u00f2 Hu\u1ebf Chay \u0110\u1ec9nh Gia v\u1edbi kho\u1ea3ng 1,3 &#8211; 1,5 l\u00edt n\u01b0\u1edbc, \u0111un s\u00f4i.<\/p>\n<p><strong>B\u01af\u1edaC 2: Th\u00eam nguy\u00ean li\u1ec7u y\u00eau th\u00edch<\/strong><\/p>\n<p>&#8211; C\u00f3 th\u1ec3 th\u00eam n\u1ea5m, \u0111\u1eadu h\u0169, rau mu\u1ed1ng, gi\u00e1 \u0111\u1ed7, h\u00e0nh l\u00e1, ng\u00f2 gai, ho\u1eb7c c\u00e1c lo\u1ea1i rau s\u1ed1ng theo s\u1edf th\u00edch.<\/p>\n<p><strong>B\u01af\u1edaC 3: Th\u01b0\u1edfng th\u1ee9c<\/strong><\/p>\n<p>&#8211; \u0110un nh\u1ecf l\u1eeda kho\u1ea3ng 5-10 ph\u00fat \u0111\u1ec3 c\u00e1c nguy\u00ean li\u1ec7u th\u1ea5m \u0111\u1ec1u gia v\u1ecb, sau \u0111\u00f3 d\u00f9ng n\u00f3ng v\u1edbi b\u00fan t\u01b0\u01a1i ho\u1eb7c b\u00fan kh\u00f4 \u0111\u00e3 tr\u1ee5ng ch\u00edn.<\/p>\n<h2><strong>Havamall \u2013 ph\u00e2n ph\u1ed1i c\u00e1c s\u1ea3n ph\u1ea9m ch\u00ednh h\u00e3ng, ch\u1ea5t l\u01b0\u1ee3ng<\/strong><\/h2>\n<p>V\u1edbi kinh nghi\u1ec7m trong ng\u00e0nh nh\u1eadp kh\u1ea9u v\u00e0 ph\u00e2n ph\u1ed1i th\u1ef1c ph\u1ea9m, \u0111\u1ed3 u\u1ed1ng v\u00e0 nguy\u00ean li\u1ec7u th\u1ef1c ph\u1ea9m, C\u00f4ng ty Havamall Vi\u1ec7t Nam l\u00e0 m\u1ed9t trong nh\u1eefng \u0111\u01a1n v\u1ecb cung \u1ee9ng s\u1ea3n ph\u1ea9m h\u00e0ng \u0111\u1ea7u cho c\u00e1c \u0111\u1ed1i t\u00e1c chuy\u00ean nghi\u1ec7p, danh ti\u1ebfng tr\u00ean kh\u1eafp c\u1ea3 n\u01b0\u1edbc.<\/p>\n<p>C\u00e1c s\u1ea3n ph\u1ea9m do C\u00f4ng ty Havamall Vi\u1ec7t Nam ph\u00e2n ph\u1ed1i \u0111\u1ec1u \u0111\u01b0\u1ee3c nh\u1eadp kh\u1ea9u t\u1eeb ch\u00e2u \u00c2u, ch\u00e2u \u00dac, \u0111\u1ea3m b\u1ea3o c\u00e1c ti\u00eau chu\u1ea9n v\u1ec1 v\u1ec7 sinh an to\u00e0n th\u1ef1c ph\u1ea9m kh\u1eaft khe nh\u01b0 HACCP, ISO. V\u1edbi h\u1ec7 th\u1ed1ng chi nh\u00e1nh, kho v\u1eadn tr\u1ea3i d\u00e0i kh\u1eafp Vi\u1ec7t Nam, C\u00f4ng ty Havamall Vi\u1ec7t Nam c\u00f3 th\u1ec3 \u0111\u00e1p \u1ee9ng \u0111\u01b0\u1ee3c nhu c\u1ea7u v\u1ec1 s\u1ed1 l\u01b0\u1ee3ng v\u00e0 ch\u1ea5t l\u01b0\u1ee3ng c\u1ee7a kh\u00e1ch h\u00e0ng.<\/p>\n<\/div>\n<\/div>\n<\/div>\n<\/div>","protected":false},"excerpt":{"rendered":"<p>TH\u00d4NG TIN CHUNG Th\u01b0\u01a1ng hi\u1ec7u \u0110\u1ec9nh Gia Xu\u1ea5t x\u1ee9 Vi\u1ec7t Nam H\u1ea1n s\u1eed d\u1ee5ng 12 th\u00e1ng H\u01b0\u1edbng d\u1eabn s\u1eed d\u1ee5ng<\/p>","protected":false},"featured_media":35271,"comment_status":"open","ping_status":"closed","template":"","meta":[],"product_brand":[],"product_cat":[595,36],"product_tag":[],"class_list":{"0":"post-35268","1":"product","2":"type-product","3":"status-publish","4":"has-post-thumbnail","6":"product_cat-gia-vi-va-che-bien","7":"product_cat-thuc-pham-tieu-dung","8":"pa_brand-dinh-gia","10":"first","11":"outofstock","12":"sale","13":"shipping-taxable","14":"purchasable","15":"product-type-simple"},"_links":{"self":[{"href":"https:\/\/havamall.vn\/en\/wp-json\/wp\/v2\/product\/35268"}],"collection":[{"href":"https:\/\/havamall.vn\/en\/wp-json\/wp\/v2\/product"}],"about":[{"href":"https:\/\/havamall.vn\/en\/wp-json\/wp\/v2\/types\/product"}],"replies":[{"embeddable":true,"href":"https:\/\/havamall.vn\/en\/wp-json\/wp\/v2\/comments?post=35268"}],"version-history":[{"count":0,"href":"https:\/\/havamall.vn\/en\/wp-json\/wp\/v2\/product\/35268\/revisions"}],"wp:featuredmedia":[{"embeddable":true,"href":"https:\/\/havamall.vn\/en\/wp-json\/wp\/v2\/media\/35271"}],"wp:attachment":[{"href":"https:\/\/havamall.vn\/en\/wp-json\/wp\/v2\/media?parent=35268"}],"wp:term":[{"taxonomy":"product_brand","embeddable":true,"href":"https:\/\/havamall.vn\/en\/wp-json\/wp\/v2\/product_brand?post=35268"},{"taxonomy":"product_cat","embeddable":true,"href":"https:\/\/havamall.vn\/en\/wp-json\/wp\/v2\/product_cat?post=35268"},{"taxonomy":"product_tag","embeddable":true,"href":"https:\/\/havamall.vn\/en\/wp-json\/wp\/v2\/product_tag?post=35268"}],"curies":[{"name":"wp","href":"https:\/\/api.w.org\/{rel}","templated":true}]}}