{"id":35227,"date":"2024-09-07T14:52:26","date_gmt":"2024-09-07T07:52:26","guid":{"rendered":"https:\/\/havamall.vn\/?post_type=product&#038;p=35227"},"modified":"2024-09-07T14:52:27","modified_gmt":"2024-09-07T07:52:27","slug":"tra-den-ba-tuoc-dilmah-earl-grey-black-tea-30g","status":"publish","type":"product","link":"https:\/\/havamall.vn\/en\/shop\/tra-den-ba-tuoc-dilmah-earl-grey-black-tea-30g\/","title":{"rendered":"Tr\u00e0 \u0110en B\u00e1 T\u01b0\u1edbc Dilmah &#8211; Earl Grey Black Tea 30g"},"content":{"rendered":"<h2 class=\"product-detail__specs-title\"><strong>TH\u00d4NG TIN CHUNG<\/strong><\/h2>\n<div id=\"js-product-detail__specs\" class=\"product-detail__specs\">\n<div class=\"row\">\n<div class=\"col-sm-12\">\n<div class=\"product-specs__table\">\n<table style=\"width: 51.0531%; height: 168px;\">\n<tbody>\n<tr style=\"height: 24px;\">\n<td class=\"specs-table__property\" style=\"height: 24px;\">Th\u01b0\u01a1ng hi\u1ec7u<\/td>\n<td class=\"specs-table__value\" style=\"height: 24px;\">Dilmah<\/td>\n<\/tr>\n<tr style=\"height: 24px;\">\n<td class=\"specs-table__property\" style=\"height: 24px;\">Xu\u1ea5t x\u1ee9<\/td>\n<td class=\"specs-table__value\" style=\"height: 24px;\">Sri Lanka<\/td>\n<\/tr>\n<tr style=\"height: 24px;\">\n<td class=\"specs-table__property\" style=\"height: 24px;\">H\u1ea1n s\u1eed d\u1ee5ng<\/td>\n<td class=\"specs-table__value\" style=\"height: 24px;\">3 n\u0103m<\/td>\n<\/tr>\n<tr style=\"height: 24px;\">\n<td class=\"specs-table__property\" style=\"height: 24px;\">H\u01b0\u1edbng d\u1eabn s\u1eed d\u1ee5ng<\/td>\n<td class=\"specs-table__value\" style=\"height: 24px;\">Ng\u00e2m tr\u00e0 v\u1edbi 220ml n\u01b0\u1edbc s\u00f4i cho 1 g\u00f3i<\/td>\n<\/tr>\n<tr style=\"height: 24px;\">\n<td class=\"specs-table__property\" style=\"height: 24px;\">H\u01b0\u1edbng d\u1eabn b\u1ea3o qu\u1ea3n<\/td>\n<td class=\"specs-table__value\" style=\"height: 24px;\">B\u1ea3o qu\u1ea3n \u1edf n\u01a1i kh\u00f4 r\u00e1o, tho\u00e1ng m\u00e1t d\u01b0\u1edbi 30 \u0111\u1ed9 C<\/td>\n<\/tr>\n<tr style=\"height: 24px;\">\n<td class=\"specs-table__property\" style=\"height: 24px;\">Th\u00e0nh ph\u1ea7n nguy\u00ean li\u1ec7u<\/td>\n<td class=\"specs-table__value\" style=\"height: 24px;\">Tr\u00e0 \u0111en<\/td>\n<\/tr>\n<tr style=\"height: 24px;\">\n<td class=\"specs-table__property\" style=\"height: 24px;\">Kh\u1ed1i l\u01b0\u1ee3ng\/Th\u1ec3 t\u00edch<\/td>\n<td class=\"specs-table__value\" style=\"height: 24px;\">30g<\/td>\n<\/tr>\n<\/tbody>\n<\/table>\n<h2><strong>GI\u1edaI THI\u1ec6U S\u1ea2N PH\u1ea8M<\/strong><\/h2>\n<p>Tr\u00e0 \u0110en B\u00e1 T\u01b0\u1edbc (Earl Grey Black Tea) c\u1ee7a Dilmah l\u00e0 s\u1ef1 k\u1ebft h\u1ee3p ho\u00e0n h\u1ea3o gi\u1eefa l\u00e1 tr\u00e0 \u0111en cao c\u1ea5p v\u00e0 h\u01b0\u01a1ng cam bergamot t\u1ef1 nhi\u00ean, mang \u0111\u1ebfn m\u1ed9t tr\u1ea3i nghi\u1ec7m tr\u00e0 tinh t\u1ebf v\u00e0 sang tr\u1ecdng. L\u00e0 th\u01b0\u01a1ng hi\u1ec7u tr\u00e0 n\u1ed5i ti\u1ebfng to\u00e0n c\u1ea7u, Dilmah cam k\u1ebft s\u1eed d\u1ee5ng nh\u1eefng l\u00e1 tr\u00e0 \u0111\u01b0\u1ee3c ch\u1ecdn l\u1ecdc k\u1ef9 l\u01b0\u1ee1ng t\u1eeb nh\u1eefng v\u00f9ng tr\u1ed3ng tr\u00e0 t\u1ed1t nh\u1ea5t th\u1ebf gi\u1edbi, \u0111\u1ea3m b\u1ea3o ch\u1ea5t l\u01b0\u1ee3ng v\u01b0\u1ee3t tr\u1ed9i trong t\u1eebng ng\u1ee5m tr\u00e0. V\u1edbi tr\u1ecdng l\u01b0\u1ee3ng 30g, s\u1ea3n ph\u1ea9m n\u00e0y r\u1ea5t ti\u1ec7n l\u1ee3i \u0111\u1ec3 th\u01b0\u1edfng th\u1ee9c h\u00e0ng ng\u00e0y ho\u1eb7c l\u00e0m qu\u00e0 t\u1eb7ng \u00fd ngh\u0129a cho nh\u1eefng ng\u01b0\u1eddi y\u00eau tr\u00e0.<\/p>\n<p><img fetchpriority=\"high\" decoding=\"async\" class=\"size-full wp-image-35557 aligncenter\" src=\"https:\/\/havamall.vn\/wp-content\/uploads\/2024\/09\/1-tra-den-shutterstock-9481.jpg\" alt=\"\" width=\"1024\" height=\"768\" \/><\/p>\n<h2><strong>\u0110\u1eb6C \u0110I\u1ec2M N\u1ed4I B\u1eacT<\/strong><\/h2>\n<p><strong>&#8211; <\/strong>H\u01b0\u01a1ng v\u1ecb \u0111\u1ed9c \u0111\u00e1o v\u00e0 tinh t\u1ebf: Tr\u00e0 \u0111en \u0111\u1eadm \u0111\u00e0 k\u1ebft h\u1ee3p v\u1edbi h\u01b0\u01a1ng cam bergamot th\u01a1m m\u00e1t, mang l\u1ea1i v\u1ecb tr\u00e0 thanh khi\u1ebft, v\u1eeba c\u00f3 ch\u00fat ch\u00e1t nh\u1eb9 v\u1eeba c\u00f3 h\u1eadu ng\u1ecdt, t\u1ea1o n\u00ean m\u1ed9t th\u1ee9c u\u1ed1ng ho\u00e0n h\u1ea3o cho m\u1ecdi th\u1eddi \u0111i\u1ec3m trong ng\u00e0y.<\/p>\n<p><strong>&#8211; <\/strong>Ch\u1ea5t l\u01b0\u1ee3ng nguy\u00ean li\u1ec7u cao c\u1ea5p: \u0110\u01b0\u1ee3c l\u00e0m t\u1eeb l\u00e1 tr\u00e0 \u0111en tuy\u1ec3n ch\u1ecdn, kh\u00f4ng ch\u1ee9a ch\u1ea5t b\u1ea3o qu\u1ea3n, ph\u1ea9m m\u00e0u hay h\u01b0\u01a1ng li\u1ec7u nh\u00e2n t\u1ea1o, \u0111\u1ea3m b\u1ea3o \u0111\u1ed9 t\u01b0\u01a1i ngon v\u00e0 t\u1ef1 nhi\u00ean c\u1ee7a tr\u00e0.<\/p>\n<p><strong>&#8211; <\/strong>\u0110a d\u1ee5ng v\u00e0 d\u1ec5 d\u00e0ng pha ch\u1ebf: D\u1ec5 d\u00e0ng pha m\u1ed9t ly tr\u00e0 th\u01a1m ngon ch\u1ec9 v\u1edbi n\u01b0\u1edbc n\u00f3ng v\u00e0 m\u1ed9t \u00edt th\u1eddi gian ch\u1edd \u0111\u1ee3i. Th\u00edch h\u1ee3p \u0111\u1ec3 u\u1ed1ng n\u00f3ng ho\u1eb7c l\u00e0m tr\u00e0 \u0111\u00e1 v\u00e0o m\u00f9a h\u00e8, c\u00f3 th\u1ec3 th\u00eam \u0111\u01b0\u1eddng, m\u1eadt ong, ho\u1eb7c s\u1eefa \u0111\u1ec3 t\u0103ng h\u01b0\u01a1ng v\u1ecb.<\/p>\n<p><strong>&#8211; <\/strong>Th\u01b0\u01a1ng hi\u1ec7u uy t\u00edn: Dilmah l\u00e0 th\u01b0\u01a1ng hi\u1ec7u tr\u00e0 n\u1ed5i ti\u1ebfng v\u1edbi tri\u1ebft l\u00fd \u201ct\u1eeb n\u00f4ng tr\u1ea1i \u0111\u1ebfn ly tr\u00e0,\u201d cam k\u1ebft mang \u0111\u1ebfn nh\u1eefng s\u1ea3n ph\u1ea9m ch\u1ea5t l\u01b0\u1ee3ng cao nh\u1ea5t t\u1eeb b\u00e0n tay c\u1ee7a nh\u1eefng ng\u01b0\u1eddi tr\u1ed3ng tr\u00e0 gi\u00e0u kinh nghi\u1ec7m.<\/p>\n<p><img decoding=\"async\" class=\"size-large wp-image-35558 aligncenter\" src=\"https:\/\/havamall.vn\/wp-content\/uploads\/2024\/09\/nuoc-tra-den_ea38437cdc264d9ebe68f6276b557acf-1024x683.webp\" alt=\"\" width=\"1024\" height=\"683\" \/><\/p>\n<h2><strong>Havamall \u2013 ph\u00e2n ph\u1ed1i c\u00e1c s\u1ea3n ph\u1ea9m ch\u00ednh h\u00e3ng, ch\u1ea5t l\u01b0\u1ee3ng<\/strong><\/h2>\n<p>V\u1edbi kinh nghi\u1ec7m trong ng\u00e0nh nh\u1eadp kh\u1ea9u v\u00e0 ph\u00e2n ph\u1ed1i th\u1ef1c ph\u1ea9m, \u0111\u1ed3 u\u1ed1ng v\u00e0 nguy\u00ean li\u1ec7u th\u1ef1c ph\u1ea9m, C\u00f4ng ty Havamall Vi\u1ec7t Nam l\u00e0 m\u1ed9t trong nh\u1eefng \u0111\u01a1n v\u1ecb cung \u1ee9ng s\u1ea3n ph\u1ea9m h\u00e0ng \u0111\u1ea7u cho c\u00e1c \u0111\u1ed1i t\u00e1c chuy\u00ean nghi\u1ec7p, danh ti\u1ebfng tr\u00ean kh\u1eafp c\u1ea3 n\u01b0\u1edbc.<\/p>\n<p>C\u00e1c s\u1ea3n ph\u1ea9m do C\u00f4ng ty Havamall Vi\u1ec7t Nam ph\u00e2n ph\u1ed1i \u0111\u1ec1u \u0111\u01b0\u1ee3c nh\u1eadp kh\u1ea9u t\u1eeb ch\u00e2u \u00c2u, ch\u00e2u \u00dac, \u0111\u1ea3m b\u1ea3o c\u00e1c ti\u00eau chu\u1ea9n v\u1ec1 v\u1ec7 sinh an to\u00e0n th\u1ef1c ph\u1ea9m kh\u1eaft khe nh\u01b0 HACCP, ISO. V\u1edbi h\u1ec7 th\u1ed1ng chi nh\u00e1nh, kho v\u1eadn tr\u1ea3i d\u00e0i kh\u1eafp Vi\u1ec7t Nam, C\u00f4ng ty Havamall Vi\u1ec7t Nam c\u00f3 th\u1ec3 \u0111\u00e1p \u1ee9ng \u0111\u01b0\u1ee3c nhu c\u1ea7u v\u1ec1 s\u1ed1 l\u01b0\u1ee3ng v\u00e0 ch\u1ea5t l\u01b0\u1ee3ng c\u1ee7a kh\u00e1ch h\u00e0ng.<\/p>\n<\/div>\n<\/div>\n<\/div>\n<\/div>","protected":false},"excerpt":{"rendered":"<p>TH\u00d4NG TIN CHUNG Th\u01b0\u01a1ng hi\u1ec7u Dilmah Xu\u1ea5t x\u1ee9 Sri Lanka H\u1ea1n s\u1eed d\u1ee5ng 3 n\u0103m H\u01b0\u1edbng d\u1eabn s\u1eed d\u1ee5ng Ng\u00e2m<\/p>","protected":false},"featured_media":35229,"comment_status":"open","ping_status":"closed","template":"","meta":[],"product_brand":[],"product_cat":[36,135],"product_tag":[],"class_list":{"0":"post-35227","1":"product","2":"type-product","3":"status-publish","4":"has-post-thumbnail","6":"product_cat-thuc-pham-tieu-dung","7":"product_cat-sua-do-uong","9":"first","10":"instock","11":"sale","12":"shipping-taxable","13":"purchasable","14":"product-type-simple"},"_links":{"self":[{"href":"https:\/\/havamall.vn\/en\/wp-json\/wp\/v2\/product\/35227"}],"collection":[{"href":"https:\/\/havamall.vn\/en\/wp-json\/wp\/v2\/product"}],"about":[{"href":"https:\/\/havamall.vn\/en\/wp-json\/wp\/v2\/types\/product"}],"replies":[{"embeddable":true,"href":"https:\/\/havamall.vn\/en\/wp-json\/wp\/v2\/comments?post=35227"}],"version-history":[{"count":0,"href":"https:\/\/havamall.vn\/en\/wp-json\/wp\/v2\/product\/35227\/revisions"}],"wp:featuredmedia":[{"embeddable":true,"href":"https:\/\/havamall.vn\/en\/wp-json\/wp\/v2\/media\/35229"}],"wp:attachment":[{"href":"https:\/\/havamall.vn\/en\/wp-json\/wp\/v2\/media?parent=35227"}],"wp:term":[{"taxonomy":"product_brand","embeddable":true,"href":"https:\/\/havamall.vn\/en\/wp-json\/wp\/v2\/product_brand?post=35227"},{"taxonomy":"product_cat","embeddable":true,"href":"https:\/\/havamall.vn\/en\/wp-json\/wp\/v2\/product_cat?post=35227"},{"taxonomy":"product_tag","embeddable":true,"href":"https:\/\/havamall.vn\/en\/wp-json\/wp\/v2\/product_tag?post=35227"}],"curies":[{"name":"wp","href":"https:\/\/api.w.org\/{rel}","templated":true}]}}