{"id":35224,"date":"2024-09-06T19:01:38","date_gmt":"2024-09-06T12:01:38","guid":{"rendered":"https:\/\/havamall.vn\/?post_type=product&#038;p=35224"},"modified":"2024-09-06T19:01:38","modified_gmt":"2024-09-06T12:01:38","slug":"nuoc-uong-lua-mach-qua-rung-kavass-forest-fruit-barley-drink-500ml-vyatsky","status":"publish","type":"product","link":"https:\/\/havamall.vn\/en\/shop\/nuoc-uong-lua-mach-qua-rung-kavass-forest-fruit-barley-drink-500ml-vyatsky\/","title":{"rendered":"N\u01b0\u1edbc U\u1ed1ng L\u00faa M\u1ea1ch Qu\u1ea3 R\u1eebng Kavass &#8211; Forest Fruit Barley Drink 500ml Vyatsky"},"content":{"rendered":"<h2 class=\"product-detail__specs-title\"><strong>TH\u00d4NG TIN CHUNG<\/strong><\/h2>\n<div id=\"js-product-detail__specs\" class=\"product-detail__specs\">\n<div class=\"row\">\n<div class=\"col-sm-12\">\n<div class=\"product-specs__table\">\n<table>\n<tbody>\n<tr>\n<td class=\"specs-table__property\">Th\u01b0\u01a1ng hi\u1ec7u<\/td>\n<td class=\"specs-table__value\">Vyatsky<\/td>\n<\/tr>\n<tr>\n<td class=\"specs-table__property\">Xu\u1ea5t x\u1ee9<\/td>\n<td class=\"specs-table__value\">Nga<\/td>\n<\/tr>\n<tr>\n<td class=\"specs-table__property\">H\u1ea1n s\u1eed d\u1ee5ng<\/td>\n<td class=\"specs-table__value\">12 th\u00e1ng<\/td>\n<\/tr>\n<tr>\n<td class=\"specs-table__property\">H\u01b0\u1edbng d\u1eabn s\u1eed d\u1ee5ng<\/td>\n<td class=\"specs-table__value\">D\u00f9ng tr\u1ef1c ti\u1ebfp<\/td>\n<\/tr>\n<tr>\n<td class=\"specs-table__property\">H\u01b0\u1edbng d\u1eabn b\u1ea3o qu\u1ea3n<\/td>\n<td class=\"specs-table__value\">B\u1ea3o qu\u1ea3n \u1edf n\u01a1i tho\u00e1ng m\u00e1t, tr\u00e1nh \u00e1nh n\u1eafng tr\u1ef1c ti\u1ebfp<\/td>\n<\/tr>\n<tr>\n<td class=\"specs-table__property\">Th\u00e0nh ph\u1ea7n nguy\u00ean li\u1ec7u<\/td>\n<td class=\"specs-table__value\">\u00a0L\u00faa m\u1ea1ch, \u0111\u01b0\u1eddng, m\u1ea1ch nha,&#8230;<\/td>\n<\/tr>\n<tr>\n<td class=\"specs-table__property\">Kh\u1ed1i l\u01b0\u1ee3ng\/Th\u1ec3 t\u00edch<\/td>\n<td class=\"specs-table__value\">500ml<\/td>\n<\/tr>\n<\/tbody>\n<\/table>\n<h2><strong>GI\u1edaI THI\u1ec6U S\u1ea2N PH\u1ea8M<\/strong><\/h2>\n<p>N\u01b0\u1edbc U\u1ed1ng L\u00faa M\u1ea1ch Qu\u1ea3 R\u1eebng Kavass c\u1ee7a Vyatsky l\u00e0 phi\u00ean b\u1ea3n s\u00e1ng t\u1ea1o m\u1edbi m\u1ebb c\u1ee7a th\u1ee9c u\u1ed1ng truy\u1ec1n th\u1ed1ng Kavass t\u1eeb Nga, mang \u0111\u1ebfn s\u1ef1 k\u1ebft h\u1ee3p h\u00e0i h\u00f2a gi\u1eefa l\u00faa m\u1ea1ch l\u00ean men v\u00e0 h\u01b0\u01a1ng v\u1ecb t\u01b0\u01a1i m\u1edbi t\u1eeb c\u00e1c lo\u1ea1i qu\u1ea3 r\u1eebng nh\u01b0 d\u00e2u, vi\u1ec7t qu\u1ea5t, v\u00e0 m\u00e2m x\u00f4i. \u0110\u00e2y kh\u00f4ng ch\u1ec9 l\u00e0 th\u1ee9c u\u1ed1ng gi\u1ea3i kh\u00e1t tuy\u1ec7t v\u1eddi m\u00e0 c\u00f2n ch\u1ee9a nhi\u1ec1u d\u01b0\u1ee1ng ch\u1ea5t t\u1eeb c\u00e1c th\u00e0nh ph\u1ea7n t\u1ef1 nhi\u00ean, mang l\u1ea1i l\u1ee3i \u00edch s\u1ee9c kh\u1ecfe \u0111a d\u1ea1ng. Kavass Qu\u1ea3 R\u1eebng Vyatsky mang \u0111\u1ebfn cho b\u1ea1n m\u1ed9t tr\u1ea3i nghi\u1ec7m \u1ea9m th\u1ef1c phong ph\u00fa, \u0111\u1eadm \u0111\u00e0, v\u00e0 \u0111\u1ea7y s\u1ea3ng kho\u00e1i.<\/p>\n<p><img fetchpriority=\"high\" decoding=\"async\" class=\"wp-image-35495 aligncenter\" src=\"https:\/\/havamall.vn\/wp-content\/uploads\/2024\/09\/cmr1oabifoubkc6pls10-768x1024.jpg\" alt=\"\" width=\"719\" height=\"959\" \/><\/p>\n<h2><strong>\u0110\u1eb6C \u0110I\u1ec2M N\u1ed4I B\u1eacT<\/strong><\/h2>\n<p><strong>&#8211; <\/strong>H\u01b0\u01a1ng v\u1ecb m\u1edbi l\u1ea1 v\u00e0 \u0111\u1ed9c \u0111\u00e1o: K\u1ebft h\u1ee3p v\u1ecb chua ng\u1ecdt t\u1ef1 nhi\u00ean t\u1eeb c\u00e1c lo\u1ea1i qu\u1ea3 r\u1eebng v\u1edbi s\u1ef1 \u0111\u1eadm \u0111\u00e0, l\u00ean men nh\u1eb9 c\u1ee7a l\u00faa m\u1ea1ch, t\u1ea1o n\u00ean m\u1ed9t th\u1ee9c u\u1ed1ng \u0111\u1ea7y kh\u00e1c bi\u1ec7t v\u00e0 th\u00fa v\u1ecb.<\/p>\n<p><strong>&#8211; <\/strong>T\u1ed1t cho s\u1ee9c kh\u1ecfe: Gi\u00e0u men vi sinh v\u00e0 c\u00e1c ch\u1ea5t ch\u1ed1ng oxy h\u00f3a t\u1eeb qu\u1ea3 r\u1eebng, gi\u00fap h\u1ed7 tr\u1ee3 ti\u00eau h\u00f3a, t\u0103ng c\u01b0\u1eddng h\u1ec7 mi\u1ec5n d\u1ecbch v\u00e0 b\u1ea3o v\u1ec7 c\u01a1 th\u1ec3 kh\u1ecfi c\u00e1c g\u1ed1c t\u1ef1 do.<\/p>\n<p><strong>&#8211; <\/strong>Th\u00e0nh ph\u1ea7n t\u1ef1 nhi\u00ean, kh\u00f4ng ch\u1ea5t b\u1ea3o qu\u1ea3n: \u0110\u01b0\u1ee3c l\u00e0m t\u1eeb l\u00faa m\u1ea1ch l\u00ean men, qu\u1ea3 r\u1eebng t\u1ef1 nhi\u00ean v\u00e0 c\u00e1c th\u00e0nh ph\u1ea7n thu\u1ea7n t\u00fay kh\u00e1c, s\u1ea3n ph\u1ea9m kh\u00f4ng ch\u1ee9a ch\u1ea5t b\u1ea3o qu\u1ea3n hay h\u01b0\u01a1ng li\u1ec7u nh\u00e2n t\u1ea1o, an to\u00e0n v\u00e0 t\u1ed1t cho s\u1ee9c kh\u1ecfe.<\/p>\n<p><strong>&#8211; <\/strong>Ph\u00f9 h\u1ee3p v\u1edbi m\u1ecdi l\u1ee9a tu\u1ed5i: V\u1edbi v\u1ecb ng\u1ecdt nh\u1eb9, thanh m\u00e1t v\u00e0 d\u1ec5 u\u1ed1ng, Kavass Qu\u1ea3 R\u1eebng l\u00e0 l\u1ef1a ch\u1ecdn ho\u00e0n h\u1ea3o cho c\u1ea3 gia \u0111\u00ecnh.<\/p>\n<h2><strong>H\u01af\u1edaNG D\u1eaaN S\u1eec D\u1ee4NG<\/strong><\/h2>\n<p>&#8211; D\u00f9ng l\u1ea1nh \u0111\u1ec3 c\u1ea3m nh\u1eadn h\u01b0\u01a1ng v\u1ecb ngon nh\u1ea5t.<\/p>\n<p>&#8211; L\u1eafc \u0111\u1ec1u tr\u01b0\u1edbc khi u\u1ed1ng \u0111\u1ec3 c\u00e1c th\u00e0nh ph\u1ea7n h\u00f2a quy\u1ec7n ho\u00e0n h\u1ea3o.<\/p>\n<p>&#8211; N\u01b0\u1edbc U\u1ed1ng L\u00faa M\u1ea1ch Qu\u1ea3 R\u1eebng Kavass c\u00f3 th\u1ec3 \u0111\u01b0\u1ee3c d\u00f9ng k\u00e8m v\u1edbi c\u00e1c b\u1eefa \u0103n nh\u1eb9, m\u00f3n tr\u00e1ng mi\u1ec7ng, ho\u1eb7c \u0111\u01a1n gi\u1ea3n l\u00e0 th\u1ee9c u\u1ed1ng gi\u1ea3i kh\u00e1t h\u00e0ng ng\u00e0y.<\/p>\n<h2><strong>Havamall \u2013 ph\u00e2n ph\u1ed1i c\u00e1c s\u1ea3n ph\u1ea9m ch\u00ednh h\u00e3ng, ch\u1ea5t l\u01b0\u1ee3ng<\/strong><\/h2>\n<p>V\u1edbi kinh nghi\u1ec7m trong ng\u00e0nh nh\u1eadp kh\u1ea9u v\u00e0 ph\u00e2n ph\u1ed1i th\u1ef1c ph\u1ea9m, \u0111\u1ed3 u\u1ed1ng v\u00e0 nguy\u00ean li\u1ec7u th\u1ef1c ph\u1ea9m, C\u00f4ng ty Havamall Vi\u1ec7t Nam l\u00e0 m\u1ed9t trong nh\u1eefng \u0111\u01a1n v\u1ecb cung \u1ee9ng s\u1ea3n ph\u1ea9m h\u00e0ng \u0111\u1ea7u cho c\u00e1c \u0111\u1ed1i t\u00e1c chuy\u00ean nghi\u1ec7p, danh ti\u1ebfng tr\u00ean kh\u1eafp c\u1ea3 n\u01b0\u1edbc.<\/p>\n<p>C\u00e1c s\u1ea3n ph\u1ea9m do C\u00f4ng ty Havamall Vi\u1ec7t Nam ph\u00e2n ph\u1ed1i \u0111\u1ec1u \u0111\u01b0\u1ee3c nh\u1eadp kh\u1ea9u t\u1eeb ch\u00e2u \u00c2u, ch\u00e2u \u00dac, \u0111\u1ea3m b\u1ea3o c\u00e1c ti\u00eau chu\u1ea9n v\u1ec1 v\u1ec7 sinh an to\u00e0n th\u1ef1c ph\u1ea9m kh\u1eaft khe nh\u01b0 HACCP, ISO. V\u1edbi h\u1ec7 th\u1ed1ng chi nh\u00e1nh, kho v\u1eadn tr\u1ea3i d\u00e0i kh\u1eafp Vi\u1ec7t Nam, C\u00f4ng ty Havamall Vi\u1ec7t Nam c\u00f3 th\u1ec3 \u0111\u00e1p \u1ee9ng \u0111\u01b0\u1ee3c nhu c\u1ea7u v\u1ec1 s\u1ed1 l\u01b0\u1ee3ng v\u00e0 ch\u1ea5t l\u01b0\u1ee3ng c\u1ee7a kh\u00e1ch h\u00e0ng.<\/p>\n<\/div>\n<\/div>\n<\/div>\n<\/div>","protected":false},"excerpt":{"rendered":"<p>TH\u00d4NG TIN CHUNG Th\u01b0\u01a1ng hi\u1ec7u Vyatsky Xu\u1ea5t x\u1ee9 Nga H\u1ea1n s\u1eed d\u1ee5ng 12 th\u00e1ng H\u01b0\u1edbng d\u1eabn s\u1eed d\u1ee5ng D\u00f9ng tr\u1ef1c<\/p>","protected":false},"featured_media":35225,"comment_status":"open","ping_status":"closed","template":"","meta":[],"product_brand":[],"product_cat":[36,135],"product_tag":[],"class_list":{"0":"post-35224","1":"product","2":"type-product","3":"status-publish","4":"has-post-thumbnail","6":"product_cat-thuc-pham-tieu-dung","7":"product_cat-sua-do-uong","9":"first","10":"instock","11":"sale","12":"shipping-taxable","13":"purchasable","14":"product-type-simple"},"_links":{"self":[{"href":"https:\/\/havamall.vn\/en\/wp-json\/wp\/v2\/product\/35224"}],"collection":[{"href":"https:\/\/havamall.vn\/en\/wp-json\/wp\/v2\/product"}],"about":[{"href":"https:\/\/havamall.vn\/en\/wp-json\/wp\/v2\/types\/product"}],"replies":[{"embeddable":true,"href":"https:\/\/havamall.vn\/en\/wp-json\/wp\/v2\/comments?post=35224"}],"version-history":[{"count":0,"href":"https:\/\/havamall.vn\/en\/wp-json\/wp\/v2\/product\/35224\/revisions"}],"wp:featuredmedia":[{"embeddable":true,"href":"https:\/\/havamall.vn\/en\/wp-json\/wp\/v2\/media\/35225"}],"wp:attachment":[{"href":"https:\/\/havamall.vn\/en\/wp-json\/wp\/v2\/media?parent=35224"}],"wp:term":[{"taxonomy":"product_brand","embeddable":true,"href":"https:\/\/havamall.vn\/en\/wp-json\/wp\/v2\/product_brand?post=35224"},{"taxonomy":"product_cat","embeddable":true,"href":"https:\/\/havamall.vn\/en\/wp-json\/wp\/v2\/product_cat?post=35224"},{"taxonomy":"product_tag","embeddable":true,"href":"https:\/\/havamall.vn\/en\/wp-json\/wp\/v2\/product_tag?post=35224"}],"curies":[{"name":"wp","href":"https:\/\/api.w.org\/{rel}","templated":true}]}}