{"id":35221,"date":"2024-09-06T18:39:47","date_gmt":"2024-09-06T11:39:47","guid":{"rendered":"https:\/\/havamall.vn\/?post_type=product&#038;p=35221"},"modified":"2025-09-29T11:31:14","modified_gmt":"2025-09-29T04:31:14","slug":"nuoc-uong-len-men-kavass-kavas-fermented-barley-drink-500ml-vyatsky","status":"publish","type":"product","link":"https:\/\/havamall.vn\/en\/shop\/nuoc-uong-len-men-kavass-kavas-fermented-barley-drink-500ml-vyatsky\/","title":{"rendered":"N\u01b0\u1edbc U\u1ed1ng L\u00ean Men Kavass &#8211; Kavas Fermented Barley Drink 500ml Vyatsky"},"content":{"rendered":"<h2 class=\"product-detail__specs-title\"><strong>TH\u00d4NG TIN CHUNG<\/strong><\/h2>\n<div id=\"js-product-detail__specs\" class=\"product-detail__specs\">\n<div class=\"row\">\n<div class=\"col-sm-12\">\n<div class=\"product-specs__table\">\n<table>\n<tbody>\n<tr>\n<td class=\"specs-table__property\">Th\u01b0\u01a1ng hi\u1ec7u<\/td>\n<td class=\"specs-table__value\">Vyatsky<\/td>\n<\/tr>\n<tr>\n<td class=\"specs-table__property\">Xu\u1ea5t x\u1ee9<\/td>\n<td class=\"specs-table__value\">Nga<\/td>\n<\/tr>\n<tr>\n<td class=\"specs-table__property\">H\u1ea1n s\u1eed d\u1ee5ng<\/td>\n<td class=\"specs-table__value\">12 th\u00e1ng<\/td>\n<\/tr>\n<tr>\n<td class=\"specs-table__property\">H\u01b0\u1edbng d\u1eabn s\u1eed d\u1ee5ng<\/td>\n<td class=\"specs-table__value\">D\u00f9ng tr\u1ef1c ti\u1ebfp<\/td>\n<\/tr>\n<tr>\n<td class=\"specs-table__property\">H\u01b0\u1edbng d\u1eabn b\u1ea3o qu\u1ea3n<\/td>\n<td class=\"specs-table__value\">B\u1ea3o qu\u1ea3n \u1edf n\u01a1i tho\u00e1ng m\u00e1t, tr\u00e1nh \u00e1nh n\u1eafng tr\u1ef1c ti\u1ebfp<\/td>\n<\/tr>\n<tr>\n<td class=\"specs-table__property\">Th\u00e0nh ph\u1ea7n nguy\u00ean li\u1ec7u<\/td>\n<td class=\"specs-table__value\">\u00a0L\u00faa m\u1ea1ch, \u0111\u01b0\u1eddng, m\u1ea1ch nha,&#8230;<\/td>\n<\/tr>\n<tr>\n<td class=\"specs-table__property\">Kh\u1ed1i l\u01b0\u1ee3ng\/Th\u1ec3 t\u00edch<\/td>\n<td class=\"specs-table__value\">500ml<\/td>\n<\/tr>\n<\/tbody>\n<\/table>\n<h2><strong>GI\u1edaI THI\u1ec6U S\u1ea2N PH\u1ea8M<\/strong><\/h2>\n<p>N\u01b0\u1edbc U\u1ed1ng L\u00ean Men Kavass c\u1ee7a th\u01b0\u01a1ng hi\u1ec7u Vyatsky l\u00e0 th\u1ee9c u\u1ed1ng truy\u1ec1n th\u1ed1ng c\u1ee7a Nga, \u0111\u01b0\u1ee3c ch\u1ebf bi\u1ebfn t\u1eeb l\u00faa m\u1ea1ch l\u00ean men, mang \u0111\u1ebfn h\u01b0\u01a1ng v\u1ecb \u0111\u1eb7c tr\u01b0ng v\u00e0 c\u1ea3m gi\u00e1c t\u01b0\u01a1i m\u00e1t. Kavass kh\u00f4ng ch\u1ec9 l\u00e0 m\u1ed9t lo\u1ea1i n\u01b0\u1edbc gi\u1ea3i kh\u00e1t m\u00e0 c\u00f2n l\u00e0 ngu\u1ed3n dinh d\u01b0\u1ee1ng t\u1ef1 nhi\u00ean, gi\u00e0u men vi sinh c\u00f3 l\u1ee3i cho s\u1ee9c kh\u1ecfe \u0111\u01b0\u1eddng ru\u1ed9t. V\u1edbi s\u1ef1 k\u1ebft h\u1ee3p ho\u00e0n h\u1ea3o gi\u1eefa l\u00faa m\u1ea1ch v\u00e0 c\u00e1c th\u00e0nh ph\u1ea7n t\u1ef1 nhi\u00ean kh\u00e1c, Kavass Vyatsky mang \u0111\u1ebfn tr\u1ea3i nghi\u1ec7m \u1ea9m th\u1ef1c m\u1edbi l\u1ea1 v\u00e0 \u0111\u1ea7y h\u1ea5p d\u1eabn.<\/p>\n<p><img fetchpriority=\"high\" decoding=\"async\" class=\"wp-image-35488 aligncenter\" src=\"https:\/\/havamall.vn\/wp-content\/uploads\/2024\/09\/S4faf853b06644ca89d85e34f862b49faC-1024x653.jpg\" alt=\"\" width=\"996\" height=\"635\" \/><\/p>\n<p>&nbsp;<\/p>\n<h2><strong>\u0110\u1eb6C \u0110I\u1ec2M N\u1ed4I B\u1eacT<\/strong><\/h2>\n<p><strong>&#8211; H\u01b0\u01a1ng v\u1ecb \u0111\u1ed9c \u0111\u00e1o<\/strong>: Kavass Vyatsky c\u00f3 h\u01b0\u01a1ng v\u1ecb chua ng\u1ecdt \u0111\u1eb7c tr\u01b0ng, k\u1ebft h\u1ee3p s\u1ef1 \u0111\u1eadm \u0111\u00e0 c\u1ee7a l\u00faa m\u1ea1ch v\u00e0 v\u1ecb ng\u1ecdt t\u1eeb c\u00e1c th\u00e0nh ph\u1ea7n t\u1ef1 nhi\u00ean, t\u1ea1o n\u00ean m\u1ed9t th\u1ee9c u\u1ed1ng h\u1ea5p d\u1eabn v\u00e0 kh\u00e1c bi\u1ec7t.<\/p>\n<p><strong>&#8211; Gi\u00e0u d\u01b0\u1ee1ng ch\u1ea5t v\u00e0 men vi sinh<\/strong>: S\u1ea3n ph\u1ea9m ch\u1ee9a c\u00e1c vi sinh v\u1eadt c\u00f3 l\u1ee3i, gi\u00fap h\u1ed7 tr\u1ee3 ti\u00eau h\u00f3a v\u00e0 t\u0103ng c\u01b0\u1eddng s\u1ee9c kh\u1ecfe \u0111\u01b0\u1eddng ru\u1ed9t, \u0111\u1ed3ng th\u1eddi cung c\u1ea5p c\u00e1c vitamin v\u00e0 kho\u00e1ng ch\u1ea5t t\u1ef1 nhi\u00ean t\u1eeb qu\u00e1 tr\u00ecnh l\u00ean men.<\/p>\n<p><strong>&#8211; Th\u00e0nh ph\u1ea7n t\u1ef1 nhi\u00ean, kh\u00f4ng ch\u1ee9a ch\u1ea5t b\u1ea3o qu\u1ea3n<\/strong>: \u0110\u01b0\u1ee3c l\u00e0m t\u1eeb c\u00e1c nguy\u00ean li\u1ec7u t\u1ef1 nhi\u00ean nh\u01b0 l\u00faa m\u1ea1ch v\u00e0 men t\u1ef1 nhi\u00ean, kh\u00f4ng ch\u1ee9a ch\u1ea5t b\u1ea3o qu\u1ea3n hay h\u01b0\u01a1ng li\u1ec7u nh\u00e2n t\u1ea1o, \u0111\u1ea3m b\u1ea3o an to\u00e0n cho s\u1ee9c kh\u1ecfe.<\/p>\n<p><strong>&#8211; Th\u00edch h\u1ee3p cho m\u1ecdi l\u1ee9a tu\u1ed5i<\/strong>: V\u1edbi h\u01b0\u01a1ng v\u1ecb d\u1ec5 u\u1ed1ng v\u00e0 l\u1ee3i \u00edch s\u1ee9c kh\u1ecfe, Kavass l\u00e0 l\u1ef1a ch\u1ecdn tuy\u1ec7t v\u1eddi cho m\u1ecdi ng\u01b0\u1eddi.<\/p>\n<p><img decoding=\"async\" class=\"wp-image-35490 aligncenter\" src=\"https:\/\/havamall.vn\/wp-content\/uploads\/2024\/09\/NUOC-KVAS.jpg\" alt=\"\" width=\"992\" height=\"620\" \/><\/p>\n<h2><strong>H\u01af\u1edaNG D\u1eaaN S\u1eec D\u1ee4NG<\/strong><\/h2>\n<p>&#8211; N\u01b0\u1edbc U\u1ed1ng L\u00ean Men Kavass Vyatsky 500ml ngon nh\u1ea5t khi \u0111\u01b0\u1ee3c d\u00f9ng l\u1ea1nh.<\/p>\n<p>&#8211; L\u1eafc \u0111\u1ec1u tr\u01b0\u1edbc khi s\u1eed d\u1ee5ng \u0111\u1ec3 t\u1eadn h\u01b0\u1edfng h\u01b0\u01a1ng v\u1ecb \u0111\u1ea7y \u0111\u1ee7 v\u00e0 s\u1ea3ng kho\u00e1i.<\/p>\n<p>&#8211; C\u00f3 th\u1ec3 k\u1ebft h\u1ee3p Kavass v\u1edbi c\u00e1c m\u00f3n \u0103n nh\u1eb9, b\u00e1nh m\u00ec ho\u1eb7c d\u00f9ng nh\u01b0 m\u1ed9t th\u1ee9c u\u1ed1ng gi\u1ea3i kh\u00e1t h\u00e0ng ng\u00e0y.<\/p>\n<h2><strong>Havamall \u2013 ph\u00e2n ph\u1ed1i c\u00e1c s\u1ea3n ph\u1ea9m ch\u00ednh h\u00e3ng, ch\u1ea5t l\u01b0\u1ee3ng<\/strong><\/h2>\n<p>V\u1edbi kinh nghi\u1ec7m trong ng\u00e0nh nh\u1eadp kh\u1ea9u v\u00e0 ph\u00e2n ph\u1ed1i th\u1ef1c ph\u1ea9m, \u0111\u1ed3 u\u1ed1ng v\u00e0 nguy\u00ean li\u1ec7u th\u1ef1c ph\u1ea9m, C\u00f4ng ty Havamall Vi\u1ec7t Nam l\u00e0 m\u1ed9t trong nh\u1eefng \u0111\u01a1n v\u1ecb cung \u1ee9ng s\u1ea3n ph\u1ea9m h\u00e0ng \u0111\u1ea7u cho c\u00e1c \u0111\u1ed1i t\u00e1c chuy\u00ean nghi\u1ec7p, danh ti\u1ebfng tr\u00ean kh\u1eafp c\u1ea3 n\u01b0\u1edbc.<\/p>\n<p>C\u00e1c s\u1ea3n ph\u1ea9m do C\u00f4ng ty Havamall Vi\u1ec7t Nam ph\u00e2n ph\u1ed1i \u0111\u1ec1u \u0111\u01b0\u1ee3c nh\u1eadp kh\u1ea9u t\u1eeb ch\u00e2u \u00c2u, ch\u00e2u \u00dac, \u0111\u1ea3m b\u1ea3o c\u00e1c ti\u00eau chu\u1ea9n v\u1ec1 v\u1ec7 sinh an to\u00e0n th\u1ef1c ph\u1ea9m kh\u1eaft khe nh\u01b0 HACCP, ISO. V\u1edbi h\u1ec7 th\u1ed1ng chi nh\u00e1nh, kho v\u1eadn tr\u1ea3i d\u00e0i kh\u1eafp Vi\u1ec7t Nam, C\u00f4ng ty Havamall Vi\u1ec7t Nam c\u00f3 th\u1ec3 \u0111\u00e1p \u1ee9ng \u0111\u01b0\u1ee3c nhu c\u1ea7u v\u1ec1 s\u1ed1 l\u01b0\u1ee3ng v\u00e0 ch\u1ea5t l\u01b0\u1ee3ng c\u1ee7a kh\u00e1ch h\u00e0ng.<\/p>\n<\/div>\n<\/div>\n<\/div>\n<\/div>","protected":false},"excerpt":{"rendered":"<p>TH\u00d4NG TIN CHUNG Th\u01b0\u01a1ng hi\u1ec7u Vyatsky Xu\u1ea5t x\u1ee9 Nga H\u1ea1n s\u1eed d\u1ee5ng 12 th\u00e1ng H\u01b0\u1edbng d\u1eabn s\u1eed d\u1ee5ng D\u00f9ng tr\u1ef1c<\/p>","protected":false},"featured_media":35223,"comment_status":"open","ping_status":"closed","template":"","meta":[],"product_brand":[],"product_cat":[36,135],"product_tag":[],"class_list":{"0":"post-35221","1":"product","2":"type-product","3":"status-publish","4":"has-post-thumbnail","6":"product_cat-thuc-pham-tieu-dung","7":"product_cat-sua-do-uong","9":"first","10":"outofstock","11":"sale","12":"shipping-taxable","13":"purchasable","14":"product-type-simple"},"_links":{"self":[{"href":"https:\/\/havamall.vn\/en\/wp-json\/wp\/v2\/product\/35221"}],"collection":[{"href":"https:\/\/havamall.vn\/en\/wp-json\/wp\/v2\/product"}],"about":[{"href":"https:\/\/havamall.vn\/en\/wp-json\/wp\/v2\/types\/product"}],"replies":[{"embeddable":true,"href":"https:\/\/havamall.vn\/en\/wp-json\/wp\/v2\/comments?post=35221"}],"version-history":[{"count":0,"href":"https:\/\/havamall.vn\/en\/wp-json\/wp\/v2\/product\/35221\/revisions"}],"wp:featuredmedia":[{"embeddable":true,"href":"https:\/\/havamall.vn\/en\/wp-json\/wp\/v2\/media\/35223"}],"wp:attachment":[{"href":"https:\/\/havamall.vn\/en\/wp-json\/wp\/v2\/media?parent=35221"}],"wp:term":[{"taxonomy":"product_brand","embeddable":true,"href":"https:\/\/havamall.vn\/en\/wp-json\/wp\/v2\/product_brand?post=35221"},{"taxonomy":"product_cat","embeddable":true,"href":"https:\/\/havamall.vn\/en\/wp-json\/wp\/v2\/product_cat?post=35221"},{"taxonomy":"product_tag","embeddable":true,"href":"https:\/\/havamall.vn\/en\/wp-json\/wp\/v2\/product_tag?post=35221"}],"curies":[{"name":"wp","href":"https:\/\/api.w.org\/{rel}","templated":true}]}}