{"id":35212,"date":"2024-09-06T10:59:08","date_gmt":"2024-09-06T03:59:08","guid":{"rendered":"https:\/\/havamall.vn\/?post_type=product&#038;p=35212"},"modified":"2025-08-26T15:47:30","modified_gmt":"2025-08-26T08:47:30","slug":"nuoc-cot-bun-bo-hue-chay-vegetarian-bun-bo-hue-paste-138g-dinh-gia","status":"publish","type":"product","link":"https:\/\/havamall.vn\/en\/shop\/nuoc-cot-bun-bo-hue-chay-vegetarian-bun-bo-hue-paste-138g-dinh-gia\/","title":{"rendered":"N\u01b0\u1edbc C\u1ed1t B\u00fan B\u00f2 Hu\u1ebf Chay &#8211; Vegetarian Bun Bo Hue Paste 138g \u0110\u1ec9nh Gia"},"content":{"rendered":"<h2 class=\"product-detail__specs-title\"><strong>TH\u00d4NG TIN CHUNG<\/strong><\/h2>\n<div id=\"js-product-detail__specs\" class=\"product-detail__specs\">\n<div class=\"row\">\n<div class=\"col-sm-12\">\n<div class=\"product-specs__table\">\n<table>\n<tbody>\n<tr>\n<td class=\"specs-table__property\">Th\u01b0\u01a1ng hi\u1ec7u<\/td>\n<td class=\"specs-table__value\">\u0110\u1ec9nh Gia<\/td>\n<\/tr>\n<tr>\n<td class=\"specs-table__property\">Xu\u1ea5t x\u1ee9<\/td>\n<td class=\"specs-table__value\">Vi\u1ec7t Nam<\/td>\n<\/tr>\n<tr>\n<td class=\"specs-table__property\">H\u1ea1n s\u1eed d\u1ee5ng<\/td>\n<td class=\"specs-table__value\">12 th\u00e1ng<\/td>\n<\/tr>\n<tr>\n<td class=\"specs-table__property\">H\u01b0\u1edbng d\u1eabn s\u1eed d\u1ee5ng<\/td>\n<td class=\"specs-table__value\">D\u00f9ng tr\u1ef1c ti\u1ebfp ho\u1eb7c ch\u1ebf bi\u1ebfn c\u00e1c m\u00f3n \u0103n tu\u1ef3 th\u00edch<\/td>\n<\/tr>\n<tr>\n<td class=\"specs-table__property\">H\u01b0\u1edbng d\u1eabn b\u1ea3o qu\u1ea3n<\/td>\n<td class=\"specs-table__value\">B\u1ea3o qu\u1ea3n \u1edf nhi\u1ec7t \u0111\u1ed9 th\u01b0\u1eddng, gi\u1eef l\u1ea1nh sau khi m\u1edf n\u1eafp v\u00e0 s\u1eed d\u1ee5ng t\u1ed1t nh\u1ea5t trong 2 tu\u1ea7n<\/td>\n<\/tr>\n<tr>\n<td class=\"specs-table__property\">Th\u00e0nh ph\u1ea7n nguy\u00ean li\u1ec7u<\/td>\n<td class=\"specs-table__value\">\u00a0Nh\u01b0 tr\u00ean bao b\u00ec<\/td>\n<\/tr>\n<tr>\n<td class=\"specs-table__property\">Kh\u1ed1i l\u01b0\u1ee3ng\/Th\u1ec3 t\u00edch<\/td>\n<td class=\"specs-table__value\">138g<\/td>\n<\/tr>\n<\/tbody>\n<\/table>\n<h2><strong>GI\u1edaI THI\u1ec6U S\u1ea2N PH\u1ea8M<\/strong><\/h2>\n<p>N\u01b0\u1edbc C\u1ed1t B\u00fan B\u00f2 Hu\u1ebf Chay \u0110\u1ec9nh Gia l\u00e0 s\u1ef1 l\u1ef1a ch\u1ecdn ho\u00e0n h\u1ea3o cho nh\u1eefng ai y\u00eau th\u00edch m\u00f3n \u0103n truy\u1ec1n th\u1ed1ng Vi\u1ec7t Nam nh\u01b0ng v\u1eabn mu\u1ed1n duy tr\u00ec ch\u1ebf \u0111\u1ed9 \u0103n chay. \u0110\u01b0\u1ee3c l\u00e0m t\u1eeb nh\u1eefng nguy\u00ean li\u1ec7u t\u1ef1 nhi\u00ean, tinh khi\u1ebft, s\u1ea3n ph\u1ea9m mang \u0111\u1ebfn h\u01b0\u01a1ng v\u1ecb \u0111\u1eadm \u0111\u00e0, th\u01a1m ngon, kh\u00f4ng thua k\u00e9m phi\u00ean b\u1ea3n B\u00fan B\u00f2 Hu\u1ebf th\u00f4ng th\u01b0\u1eddng. V\u1edbi c\u00f4ng th\u1ee9c \u0111\u1eb7c bi\u1ec7t t\u1eeb th\u01b0\u01a1ng hi\u1ec7u \u0110\u1ec9nh Gia, n\u01b0\u1edbc c\u1ed1t b\u00fan b\u00f2 Hu\u1ebf chay gi\u00fap b\u1ea1n d\u1ec5 d\u00e0ng th\u01b0\u1edfng th\u1ee9c h\u01b0\u01a1ng v\u1ecb \u1ea9m th\u1ef1c Hu\u1ebf ngay t\u1ea1i nh\u00e0.<\/p>\n<p><img fetchpriority=\"high\" decoding=\"async\" class=\"size-full wp-image-35472 aligncenter\" src=\"https:\/\/havamall.vn\/wp-content\/uploads\/2024\/09\/bun-bo-hue.png\" alt=\"\" width=\"800\" height=\"900\" \/><\/p>\n<h2><strong>\u0110\u1eb6C \u0110I\u1ec2M N\u1ed4I B\u1eacT<\/strong><\/h2>\n<p><strong>&#8211; H\u01b0\u01a1ng v\u1ecb \u0111\u1eadm \u0111\u00e0, thu\u1ea7n chay<\/strong>: S\u1ea3n ph\u1ea9m mang \u0111\u1eadm h\u01b0\u01a1ng v\u1ecb \u0111\u1eb7c tr\u01b0ng c\u1ee7a m\u00f3n b\u00fan b\u00f2 Hu\u1ebf truy\u1ec1n th\u1ed1ng, v\u1edbi s\u1ef1 k\u1ebft h\u1ee3p h\u00e0i h\u00f2a gi\u1eefa c\u00e1c lo\u1ea1i gia v\u1ecb t\u1ef1 nhi\u00ean nh\u01b0 s\u1ea3, \u1edbt, v\u00e0 d\u1ea7u \u0111i\u1ec1u, t\u1ea1o n\u00ean n\u01b0\u1edbc d\u00f9ng chay ngon kh\u00f3 c\u01b0\u1ee1ng.<\/p>\n<p><strong>&#8211; Nguy\u00ean li\u1ec7u t\u1ef1 nhi\u00ean, an to\u00e0n<\/strong>: \u0110\u01b0\u1ee3c ch\u1ebf bi\u1ebfn t\u1eeb c\u00e1c th\u00e0nh ph\u1ea7n t\u1ef1 nhi\u00ean, kh\u00f4ng ch\u1ee9a ch\u1ea5t b\u1ea3o qu\u1ea3n, ph\u1ea9m m\u00e0u hay h\u01b0\u01a1ng li\u1ec7u nh\u00e2n t\u1ea1o, \u0111\u1ea3m b\u1ea3o an to\u00e0n cho s\u1ee9c kh\u1ecfe ng\u01b0\u1eddi d\u00f9ng.<\/p>\n<p><strong>&#8211; Ti\u1ec7n l\u1ee3i v\u00e0 d\u1ec5 s\u1eed d\u1ee5ng<\/strong>: Ch\u1ec9 v\u1edbi m\u1ed9t g\u00f3i n\u01b0\u1edbc c\u1ed1t 138g, b\u1ea1n c\u00f3 th\u1ec3 d\u1ec5 d\u00e0ng chu\u1ea9n b\u1ecb m\u1ed9t b\u1eefa \u0103n th\u01a1m ngon cho gia \u0111\u00ecnh. S\u1ea3n ph\u1ea9m c\u00f3 h\u1ea1n s\u1eed d\u1ee5ng l\u00e2u d\u00e0i, ti\u1ec7n l\u1ee3i \u0111\u1ec3 tr\u1eef trong c\u0103n b\u1ebfp c\u1ee7a b\u1ea1n.<\/p>\n<p><strong>&#8211; Ph\u00f9 h\u1ee3p v\u1edbi m\u1ecdi \u0111\u1ed1i t\u01b0\u1ee3ng<\/strong>: D\u00f9 b\u1ea1n l\u00e0 ng\u01b0\u1eddi \u0103n chay hay kh\u00f4ng, n\u01b0\u1edbc c\u1ed1t B\u00fan B\u00f2 Hu\u1ebf chay \u0110\u1ec9nh Gia \u0111\u1ec1u mang \u0111\u1ebfn tr\u1ea3i nghi\u1ec7m \u1ea9m th\u1ef1c \u0111\u1eb7c s\u1eafc, \u0111\u1ea7y m\u1edbi m\u1ebb.<\/p>\n<p><img decoding=\"async\" class=\"wp-image-35473 aligncenter\" src=\"https:\/\/havamall.vn\/wp-content\/uploads\/2024\/09\/6eb4b1a8ed68214ae7a4c86692674e4d.jpg\" alt=\"\" width=\"800\" height=\"534\" \/><\/p>\n<h2><strong>H\u01af\u1edaNG D\u1eaaN S\u1eec D\u1ee4NG<\/strong><\/h2>\n<p><strong>B\u01af\u1edaC 1: Chu\u1ea9n b\u1ecb n\u01b0\u1edbc d\u00f9ng<\/strong><\/p>\n<p>&#8211; Pha 1 g\u00f3i N\u01b0\u1edbc C\u1ed1t B\u00fan B\u00f2 Hu\u1ebf Chay \u0110\u1ec9nh Gia v\u1edbi kho\u1ea3ng 1,3 &#8211; 1,5 l\u00edt n\u01b0\u1edbc, \u0111un s\u00f4i.<\/p>\n<p><strong>B\u01af\u1edaC 2: Th\u00eam nguy\u00ean li\u1ec7u y\u00eau th\u00edch<\/strong><\/p>\n<p>&#8211; C\u00f3 th\u1ec3 th\u00eam n\u1ea5m, \u0111\u1eadu h\u0169, rau mu\u1ed1ng, gi\u00e1 \u0111\u1ed7, h\u00e0nh l\u00e1, ng\u00f2 gai, ho\u1eb7c c\u00e1c lo\u1ea1i rau s\u1ed1ng theo s\u1edf th\u00edch.<\/p>\n<p><strong>B\u01af\u1edaC 3: Th\u01b0\u1edfng th\u1ee9c<\/strong><\/p>\n<p>&#8211; \u0110un nh\u1ecf l\u1eeda kho\u1ea3ng 5-10 ph\u00fat \u0111\u1ec3 c\u00e1c nguy\u00ean li\u1ec7u th\u1ea5m \u0111\u1ec1u gia v\u1ecb, sau \u0111\u00f3 d\u00f9ng n\u00f3ng v\u1edbi b\u00fan t\u01b0\u01a1i ho\u1eb7c b\u00fan kh\u00f4 \u0111\u00e3 tr\u1ee5ng ch\u00edn.<\/p>\n<h2><strong>Havamall \u2013 ph\u00e2n ph\u1ed1i c\u00e1c s\u1ea3n ph\u1ea9m ch\u00ednh h\u00e3ng, ch\u1ea5t l\u01b0\u1ee3ng<\/strong><\/h2>\n<p>V\u1edbi kinh nghi\u1ec7m trong ng\u00e0nh nh\u1eadp kh\u1ea9u v\u00e0 ph\u00e2n ph\u1ed1i th\u1ef1c ph\u1ea9m, \u0111\u1ed3 u\u1ed1ng v\u00e0 nguy\u00ean li\u1ec7u th\u1ef1c ph\u1ea9m, C\u00f4ng ty Havamall Vi\u1ec7t Nam l\u00e0 m\u1ed9t trong nh\u1eefng \u0111\u01a1n v\u1ecb cung \u1ee9ng s\u1ea3n ph\u1ea9m h\u00e0ng \u0111\u1ea7u cho c\u00e1c \u0111\u1ed1i t\u00e1c chuy\u00ean nghi\u1ec7p, danh ti\u1ebfng tr\u00ean kh\u1eafp c\u1ea3 n\u01b0\u1edbc.<\/p>\n<p>C\u00e1c s\u1ea3n ph\u1ea9m do C\u00f4ng ty Havamall Vi\u1ec7t Nam ph\u00e2n ph\u1ed1i \u0111\u1ec1u \u0111\u01b0\u1ee3c nh\u1eadp kh\u1ea9u t\u1eeb ch\u00e2u \u00c2u, ch\u00e2u \u00dac, \u0111\u1ea3m b\u1ea3o c\u00e1c ti\u00eau chu\u1ea9n v\u1ec1 v\u1ec7 sinh an to\u00e0n th\u1ef1c ph\u1ea9m kh\u1eaft khe nh\u01b0 HACCP, ISO. V\u1edbi h\u1ec7 th\u1ed1ng chi nh\u00e1nh, kho v\u1eadn tr\u1ea3i d\u00e0i kh\u1eafp Vi\u1ec7t Nam, C\u00f4ng ty Havamall Vi\u1ec7t Nam c\u00f3 th\u1ec3 \u0111\u00e1p \u1ee9ng \u0111\u01b0\u1ee3c nhu c\u1ea7u v\u1ec1 s\u1ed1 l\u01b0\u1ee3ng v\u00e0 ch\u1ea5t l\u01b0\u1ee3ng c\u1ee7a kh\u00e1ch h\u00e0ng.<\/p>\n<\/div>\n<\/div>\n<\/div>\n<\/div>","protected":false},"excerpt":{"rendered":"<p>TH\u00d4NG TIN CHUNG Th\u01b0\u01a1ng hi\u1ec7u \u0110\u1ec9nh Gia Xu\u1ea5t x\u1ee9 Vi\u1ec7t Nam H\u1ea1n s\u1eed d\u1ee5ng 12 th\u00e1ng H\u01b0\u1edbng d\u1eabn s\u1eed d\u1ee5ng<\/p>","protected":false},"featured_media":35216,"comment_status":"open","ping_status":"closed","template":"","meta":[],"product_brand":[],"product_cat":[595,154,36],"product_tag":[],"class_list":{"0":"post-35212","1":"product","2":"type-product","3":"status-publish","4":"has-post-thumbnail","6":"product_cat-gia-vi-va-che-bien","7":"product_cat-gia-vi","8":"product_cat-thuc-pham-tieu-dung","9":"pa_brand-dinh-gia","11":"first","12":"outofstock","13":"sale","14":"shipping-taxable","15":"purchasable","16":"product-type-simple"},"_links":{"self":[{"href":"https:\/\/havamall.vn\/en\/wp-json\/wp\/v2\/product\/35212"}],"collection":[{"href":"https:\/\/havamall.vn\/en\/wp-json\/wp\/v2\/product"}],"about":[{"href":"https:\/\/havamall.vn\/en\/wp-json\/wp\/v2\/types\/product"}],"replies":[{"embeddable":true,"href":"https:\/\/havamall.vn\/en\/wp-json\/wp\/v2\/comments?post=35212"}],"version-history":[{"count":0,"href":"https:\/\/havamall.vn\/en\/wp-json\/wp\/v2\/product\/35212\/revisions"}],"wp:featuredmedia":[{"embeddable":true,"href":"https:\/\/havamall.vn\/en\/wp-json\/wp\/v2\/media\/35216"}],"wp:attachment":[{"href":"https:\/\/havamall.vn\/en\/wp-json\/wp\/v2\/media?parent=35212"}],"wp:term":[{"taxonomy":"product_brand","embeddable":true,"href":"https:\/\/havamall.vn\/en\/wp-json\/wp\/v2\/product_brand?post=35212"},{"taxonomy":"product_cat","embeddable":true,"href":"https:\/\/havamall.vn\/en\/wp-json\/wp\/v2\/product_cat?post=35212"},{"taxonomy":"product_tag","embeddable":true,"href":"https:\/\/havamall.vn\/en\/wp-json\/wp\/v2\/product_tag?post=35212"}],"curies":[{"name":"wp","href":"https:\/\/api.w.org\/{rel}","templated":true}]}}