{"id":35207,"date":"2024-09-06T10:02:48","date_gmt":"2024-09-06T03:02:48","guid":{"rendered":"https:\/\/havamall.vn\/?post_type=product&#038;p=35207"},"modified":"2025-03-20T10:01:06","modified_gmt":"2025-03-20T03:01:06","slug":"dau-me-cay-la-yu-sb-33ml","status":"publish","type":"product","link":"https:\/\/havamall.vn\/en\/shop\/dau-me-cay-la-yu-sb-33ml\/","title":{"rendered":"D\u1ea7u M\u00e8 Cay LaYu S&amp;B &#8211; LaYu Chili Oil 33ml"},"content":{"rendered":"<h2><strong>TH\u00d4NG TIN CHUNG<\/strong><\/h2>\n<div>\n<table style=\"width: 72.1175%;height: 144px\" border=\"2\">\n<tbody>\n<tr style=\"height: 24px\">\n<td style=\"height: 24px;width: 42.4433%\"><strong>Th\u01b0\u01a1ng hi\u1ec7u<\/strong><\/td>\n<td style=\"height: 24px;width: 56.1713%\">S&amp;B<\/td>\n<\/tr>\n<tr style=\"height: 24px\">\n<td style=\"height: 24px;width: 42.4433%\"><strong>Xu\u1ea5t x\u1ee9<\/strong><\/td>\n<td style=\"height: 24px;width: 56.1713%\">Nh\u1eadt B\u1ea3n<\/td>\n<\/tr>\n<tr style=\"height: 24px\">\n<td style=\"height: 24px;width: 42.4433%\"><strong>Th\u00e0nh ph\u1ea7n<\/strong><\/td>\n<td style=\"height: 24px;width: 56.1713%\">D\u1ea7u m\u00e8, d\u1ea7u b\u1eafp, chi\u1ebft su\u1ea5t \u1edbt,&#8230;<\/td>\n<\/tr>\n<tr style=\"height: 24px\">\n<td style=\"height: 24px;width: 42.4433%\"><strong>H\u1ea1n s\u1eed d\u1ee5ng<\/strong><\/td>\n<td style=\"height: 24px;width: 56.1713%\">Xem tr\u1ef1c ti\u1ebfp tr\u00ean bao b\u00ec s\u1ea3n ph\u1ea9m.<\/td>\n<\/tr>\n<tr style=\"height: 24px\">\n<td style=\"height: 24px;width: 42.4433%\"><strong>B\u1ea3o qu\u1ea3n<\/strong><\/td>\n<td style=\"height: 24px;width: 56.1713%\">\u1ede nhi\u1ec7t \u0111\u1ed9 ph\u00f2ng, tr\u00e1nh \u00e1nh s\u00e1ng tr\u1ef1c ti\u1ebfp<\/td>\n<\/tr>\n<tr style=\"height: 24px\">\n<td style=\"height: 24px;width: 42.4433%\"><strong>\u00a0Kh\u1ed1i l\u01b0\u1ee3ng<\/strong><\/td>\n<td style=\"height: 24px;width: 56.1713%\">\n<div>33g<\/div>\n<\/td>\n<\/tr>\n<\/tbody>\n<\/table>\n<h2><strong>GI\u1edaI THI\u1ec6U S\u1ea2N PH\u1ea8M<\/strong><\/h2>\n<p>S&amp;B l\u00e0 m\u1ed9t th\u01b0\u01a1ng hi\u1ec7u gia v\u1ecb n\u1ed5i ti\u1ebfng t\u1eeb Nh\u1eadt B\u1ea3n, \u0111\u01b0\u1ee3c bi\u1ebft \u0111\u1ebfn v\u1edbi c\u00e1c s\u1ea3n ph\u1ea9m ch\u1ea5t l\u01b0\u1ee3ng cao, mang \u0111\u1eadm h\u01b0\u01a1ng v\u1ecb v\u00e0 phong c\u00e1ch \u1ea9m th\u1ef1c Nh\u1eadt. T\u1eeb nh\u1eefng n\u0103m 1920, S&amp;B \u0111\u00e3 s\u00e1ng t\u1ea1o ra nhi\u1ec1u lo\u1ea1i gia v\u1ecb v\u00e0 n\u01b0\u1edbc s\u1ed1t \u0111\u1ed9c \u0111\u00e1o, \u0111\u00e1p \u1ee9ng nhu c\u1ea7u c\u1ee7a ng\u01b0\u1eddi ti\u00eau d\u00f9ng tr\u00ean to\u00e0n th\u1ebf gi\u1edbi. D\u1ea7u M\u00e8 Cay La Yu l\u00e0 m\u1ed9t trong nh\u1eefng s\u1ea3n ph\u1ea9m n\u1ed5i b\u1eadt c\u1ee7a S&amp;B, \u0111\u01b0\u1ee3c y\u00eau th\u00edch nh\u1edd h\u01b0\u01a1ng v\u1ecb \u0111\u1eb7c tr\u01b0ng v\u00e0 s\u1ef1 \u0111a d\u1ee5ng trong n\u1ea5u n\u01b0\u1edbng.<\/p>\n<h2><strong><img fetchpriority=\"high\" decoding=\"async\" class=\"size-full wp-image-35209 aligncenter\" src=\"https:\/\/havamall.vn\/wp-content\/uploads\/2024\/09\/01729_l.png\" alt=\"\" width=\"640\" height=\"480\" srcset=\"https:\/\/havamall.vn\/wp-content\/uploads\/2024\/09\/01729_l.png 640w, https:\/\/havamall.vn\/wp-content\/uploads\/2024\/09\/01729_l-600x450.png 600w, https:\/\/havamall.vn\/wp-content\/uploads\/2024\/09\/01729_l-300x225.png 300w\" sizes=\"(max-width: 640px) 100vw, 640px\" \/>\u0110\u1eb6C \u0110I\u1ec2M N\u1ed4I B\u1eacT C\u1ee6A S\u1ea2N PH\u1ea8M<\/strong><\/h2>\n<p>&gt; H\u01b0\u01a1ng v\u1ecb cay n\u1ed3ng v\u00e0 th\u01a1m ph\u1ee9c: S\u1ef1 k\u1ebft h\u1ee3p ho\u00e0n h\u1ea3o gi\u1eefa d\u1ea7u m\u00e8 th\u01a1m l\u1eebng v\u00e0 \u1edbt \u0111\u1ecf cay n\u1ed3ng, t\u1ea1o n\u00ean m\u1ed9t h\u01b0\u01a1ng v\u1ecb \u0111\u1ed9c \u0111\u00e1o, v\u1eeba b\u00e9o ng\u1eady v\u1eeba cay nh\u1eb9.<\/p>\n<p>&gt; Ch\u1ea5t l\u01b0\u1ee3ng nguy\u00ean li\u1ec7u: S\u1ea3n ph\u1ea9m \u0111\u01b0\u1ee3c l\u00e0m t\u1eeb nh\u1eefng nguy\u00ean li\u1ec7u t\u1ef1 nhi\u00ean ch\u1ecdn l\u1ecdc, kh\u00f4ng ch\u1ee9a ch\u1ea5t b\u1ea3o qu\u1ea3n hay h\u01b0\u01a1ng li\u1ec7u nh\u00e2n t\u1ea1o, \u0111\u1ea3m b\u1ea3o an to\u00e0n v\u00e0 t\u1ed1t cho s\u1ee9c kh\u1ecfe.<\/p>\n<p>&gt; \u0110a d\u1ea1ng c\u00e1ch s\u1eed d\u1ee5ng: D\u1ea7u M\u00e8 Cay La Yu l\u00e0 gia v\u1ecb tuy\u1ec7t v\u1eddi \u0111\u1ec3 th\u00eam v\u00e0o c\u00e1c m\u00f3n \u0103n nh\u01b0 m\u00ec ramen, gyoza, s\u00fap, salad, ho\u1eb7c d\u00f9ng l\u00e0m n\u01b0\u1edbc ch\u1ea5m. Ch\u1ec9 c\u1ea7n m\u1ed9t v\u00e0i gi\u1ecdt, b\u1ea1n \u0111\u00e3 c\u00f3 th\u1ec3 n\u00e2ng t\u1ea7m h\u01b0\u01a1ng v\u1ecb c\u1ee7a m\u00f3n \u0103n.<\/p>\n<p>&gt; Thi\u1ebft k\u1ebf ti\u1ec7n l\u1ee3i: V\u1edbi chai nh\u1ecf g\u1ecdn, d\u1ec5 s\u1eed d\u1ee5ng v\u00e0 b\u1ea3o qu\u1ea3n, b\u1ea1n c\u00f3 th\u1ec3 mang theo khi \u0111i du l\u1ecbch ho\u1eb7c d\u00f9ng t\u1ea1i nh\u00e0.<\/p>\n<h2><strong><img decoding=\"async\" class=\"size-full wp-image-35210 aligncenter\" src=\"https:\/\/havamall.vn\/wp-content\/uploads\/2024\/09\/04773_l.png\" alt=\"\" width=\"640\" height=\"480\" srcset=\"https:\/\/havamall.vn\/wp-content\/uploads\/2024\/09\/04773_l.png 640w, https:\/\/havamall.vn\/wp-content\/uploads\/2024\/09\/04773_l-600x450.png 600w, https:\/\/havamall.vn\/wp-content\/uploads\/2024\/09\/04773_l-300x225.png 300w\" sizes=\"(max-width: 640px) 100vw, 640px\" \/>H\u01af\u1edaNG D\u1eaaN S\u1eec D\u1ee4NG<\/strong><\/h2>\n<p>D\u1ea7u M\u00e8 Cay La Yu c\u1ee7a S&amp;B c\u00f3 th\u1ec3 \u0111\u01b0\u1ee3c s\u1eed d\u1ee5ng \u0111\u1ec3 n\u00eam v\u00e0o c\u00e1c m\u00f3n \u0103n ch\u00e2u \u00c1 nh\u01b0 m\u00ec, s\u00fap, m\u00f3n x\u00e0o, ho\u1eb7c salad. B\u1ea1n ch\u1ec9 c\u1ea7n nh\u1ecf v\u00e0i gi\u1ecdt d\u1ea7u \u0111\u1ec3 t\u0103ng th\u00eam h\u01b0\u01a1ng v\u1ecb \u0111\u1eadm \u0111\u00e0 v\u00e0 cay n\u1ed3ng. Ngo\u00e0i ra, s\u1ea3n ph\u1ea9m c\u00f2n c\u00f3 th\u1ec3 \u0111\u01b0\u1ee3c d\u00f9ng \u0111\u1ec3 pha ch\u1ebf n\u01b0\u1edbc ch\u1ea5m ho\u1eb7c l\u00e0m gia v\u1ecb cho c\u00e1c m\u00f3n n\u01b0\u1edbng v\u00e0 h\u1ea5p.<\/p>\n<h2><strong>Havamall \u2013 ph\u00e2n ph\u1ed1i c\u00e1c s\u1ea3n ph\u1ea9m ch\u00ednh h\u00e3ng, ch\u1ea5t l\u01b0\u1ee3ng<\/strong><\/h2>\n<p>V\u1edbi kinh nghi\u1ec7m trong ng\u00e0nh nh\u1eadp kh\u1ea9u v\u00e0 ph\u00e2n ph\u1ed1i th\u1ef1c ph\u1ea9m, \u0111\u1ed3 u\u1ed1ng v\u00e0 nguy\u00ean li\u1ec7u th\u1ef1c ph\u1ea9m, C\u00f4ng ty Havamall Vi\u1ec7t Nam l\u00e0 m\u1ed9t trong nh\u1eefng \u0111\u01a1n v\u1ecb cung \u1ee9ng s\u1ea3n ph\u1ea9m h\u00e0ng \u0111\u1ea7u cho c\u00e1c \u0111\u1ed1i t\u00e1c chuy\u00ean nghi\u1ec7p, danh ti\u1ebfng tr\u00ean kh\u1eafp c\u1ea3 n\u01b0\u1edbc.<\/p>\n<p>C\u00e1c s\u1ea3n ph\u1ea9m do C\u00f4ng ty Havamall Vi\u1ec7t Nam ph\u00e2n ph\u1ed1i \u0111\u1ec1u \u0111\u01b0\u1ee3c nh\u1eadp kh\u1ea9u t\u1eeb ch\u00e2u \u00c2u, ch\u00e2u \u00dac, \u0111\u1ea3m b\u1ea3o c\u00e1c ti\u00eau chu\u1ea9n v\u1ec1 v\u1ec7 sinh an to\u00e0n th\u1ef1c ph\u1ea9m kh\u1eaft khe nh\u01b0 HACCP, ISO. V\u1edbi h\u1ec7 th\u1ed1ng chi nh\u00e1nh, kho v\u1eadn tr\u1ea3i d\u00e0i kh\u1eafp Vi\u1ec7t Nam, C\u00f4ng ty Havamall Vi\u1ec7t Nam c\u00f3 th\u1ec3 \u0111\u00e1p \u1ee9ng \u0111\u01b0\u1ee3c nhu c\u1ea7u v\u1ec1 s\u1ed1 l\u01b0\u1ee3ng v\u00e0 ch\u1ea5t l\u01b0\u1ee3ng c\u1ee7a kh\u00e1ch h\u00e0ng.<\/p>\n<\/div>","protected":false},"excerpt":{"rendered":"<p>TH\u00d4NG TIN CHUNG Th\u01b0\u01a1ng hi\u1ec7u S&amp;B Xu\u1ea5t x\u1ee9 Nh\u1eadt B\u1ea3n Th\u00e0nh ph\u1ea7n D\u1ea7u m\u00e8, d\u1ea7u b\u1eafp, chi\u1ebft su\u1ea5t \u1edbt,&#8230; H\u1ea1n<\/p>","protected":false},"featured_media":35208,"comment_status":"open","ping_status":"closed","template":"","meta":[],"product_brand":[],"product_cat":[595,675,36],"product_tag":[],"class_list":{"0":"post-35207","1":"product","2":"type-product","3":"status-publish","4":"has-post-thumbnail","6":"product_cat-gia-vi-va-che-bien","7":"product_cat-nhap-khau-nhat-ban","8":"product_cat-thuc-pham-tieu-dung","10":"first","11":"instock","12":"sale","13":"shipping-taxable","14":"purchasable","15":"product-type-simple"},"_links":{"self":[{"href":"https:\/\/havamall.vn\/en\/wp-json\/wp\/v2\/product\/35207"}],"collection":[{"href":"https:\/\/havamall.vn\/en\/wp-json\/wp\/v2\/product"}],"about":[{"href":"https:\/\/havamall.vn\/en\/wp-json\/wp\/v2\/types\/product"}],"replies":[{"embeddable":true,"href":"https:\/\/havamall.vn\/en\/wp-json\/wp\/v2\/comments?post=35207"}],"version-history":[{"count":0,"href":"https:\/\/havamall.vn\/en\/wp-json\/wp\/v2\/product\/35207\/revisions"}],"wp:featuredmedia":[{"embeddable":true,"href":"https:\/\/havamall.vn\/en\/wp-json\/wp\/v2\/media\/35208"}],"wp:attachment":[{"href":"https:\/\/havamall.vn\/en\/wp-json\/wp\/v2\/media?parent=35207"}],"wp:term":[{"taxonomy":"product_brand","embeddable":true,"href":"https:\/\/havamall.vn\/en\/wp-json\/wp\/v2\/product_brand?post=35207"},{"taxonomy":"product_cat","embeddable":true,"href":"https:\/\/havamall.vn\/en\/wp-json\/wp\/v2\/product_cat?post=35207"},{"taxonomy":"product_tag","embeddable":true,"href":"https:\/\/havamall.vn\/en\/wp-json\/wp\/v2\/product_tag?post=35207"}],"curies":[{"name":"wp","href":"https:\/\/api.w.org\/{rel}","templated":true}]}}